{"id":31108,"date":"2025-01-16T15:26:43","date_gmt":"2025-01-16T14:26:43","guid":{"rendered":"https:\/\/spawlab.pl\/produkt\/ideal-tecno-mig-366-pulse-synergic-lcd\/"},"modified":"2025-01-16T15:26:43","modified_gmt":"2025-01-16T14:26:43","slug":"ideal-tecno-mig-366-pulse-synergic-lcd","status":"publish","type":"product","link":"https:\/\/spawlab.pl\/en\/produkt\/ideal-tecno-mig-366-pulse-synergic-lcd\/","title":{"rendered":"Ideal TECNO MIG 366 PULSE SYNERGIC LCD"},"content":{"rendered":"<div id=\"product-info-section-description\" class=\"product-info-section\">\n<div class=\"product-description product-detail-description product-description-Schwei\u00dfkraft\" data-i18n-key=\"Article|description\" data-i18n-id=\"1081024\" data-i18n-translated=\"true\">\n<div id=\"product-detail-short-description\" data-i18n-key=\"Article|short.description\" data-i18n-id=\"1089017\" data-i18n-translated=\"true\">\n<div id=\"product-info-section-description\" class=\"product-info-section\">\n<div class=\"product-description product-detail-description product-description-Schwei\u00dfkraft\" data-i18n-key=\"Article|description\" data-i18n-id=\"1089026\" data-i18n-translated=\"true\">\n<div id=\"product-info-section-description\" class=\"product-info-section\">\n<div class=\"product-description product-detail-description product-description-Schwei\u00dfkraft\" data-i18n-key=\"Article|description\" data-i18n-id=\"1089026\" data-i18n-translated=\"true\">\n<div class=\"tresc\">\n<div class=\"as-parameters-list\">\n<div class=\"tresc\">\n<div class=\"as-parameters-list\">\n<div class=\"tresc\">\n<div class=\"as-parameters-list\">\n<div class=\"tresc\">\n<div class=\"as-parameters-list\">\n<div class=\"dane-tech\">\n<p><strong>TECNOMIG 366 PULSE SYNERGIC LCD<\/strong> &#8211; a semi-automatic welding machine that brings welding to a whole new level! ? This inverter combo is the equipment for true welding enthusiasts who need solid power and precision. It is designed for welding aluminum and its alloys, stainless steel, carbon and low-alloy steels, as well as brazing galvanized sheets. And all this with welding current from 10 to as much as 350 A!   <\/p>\n<p>The power supply? Three-phase, 400V &#8211; ideal for those who want reliable power. With <strong>a 4-roll wire feeder<\/strong> and support for 0.8-1.2 mm diameter wires, this equipment is up to any task. <\/p>\n<h3><strong>Welding modes that make a difference<\/strong><\/h3>\n<p><strong>The TECNOMIG 366 PULSE<\/strong> offers three MIG\/MAG modes:<\/p>\n<ul>\n<li><strong>Manual MIG<\/strong> &#8211; complete control in your hands.<\/li>\n<li><strong>MIG Puls<\/strong> &#8211; for perfect weld quality and minimal spatter.<\/li>\n<li><strong>MIG Double Pulse<\/strong> &#8211; absolute precision regardless of welding position.<\/li>\n<\/ul>\n<p><strong>Synergy?<\/strong>  It is! (but not in manual mode). With pulsed welding modes, you get more heat introduced into the material, resulting in solid welds with a great appearance.  <\/p>\n<h3><strong>Functionality to suit professionals<\/strong><\/h3>\n<p>Did you know that you can set the chuck function in SPOT (spot), 2-takt, 4-takt and S4-takt modes? The latter is designed specifically for aluminum welding. Add to that <strong>the easy-to-read LCD display<\/strong>, which allows you to precisely adjust such parameters as:  <\/p>\n<ul>\n<li>inductance,<\/li>\n<li>Time of gas discharge before and after welding,<\/li>\n<li>pulsation and voltage settings,<\/li>\n<li>SPOT welding mode.<\/li>\n<\/ul>\n<p>You don&#8217;t have to be an expert to achieve results worthy of a professional with this equipment!<\/p>\n<h3><strong>Durability and safety<\/strong><\/h3>\n<p>Designed for durability, the TECNOMIG 366 PULSE is equipped with a fan-cooling system that ensures performance even during long welding sessions. And with overload protection, you can focus on your work without worrying about downtime. <\/p>\n<h3><strong>Everything you need in one kit<\/strong><\/h3>\n<p>In the package you will find:<\/p>\n<ul>\n<li>Professional MIG 36 chuck (3 meters), ready to work with aluminum.<\/li>\n<li>Electrode cable (3 meters).<\/li>\n<li>Ground wire (3 meters).<\/li>\n<li>Rollers for wire: 1.0-1.2 mm (aluminum) and 0.8-1.0 mm (steel).<\/li>\n<\/ul>\n<h3><strong>Guarantee of peace of mind<\/strong><\/h3>\n<p>The equipment comes with <strong>a 12-month warranty<\/strong>, and <strong>door-to-door<\/strong> service provides convenience without additional transportation costs.<\/p>\n<\/div>\n<\/div>\n<\/div>\n<\/div>\n<\/div>\n<\/div>\n<\/div>\n<\/div>\n<\/div>\n<\/div>\n<\/div>\n<\/div>\n<\/div>\n<\/div>\n<\/div>\n<\/div>\n","protected":false},"excerpt":{"rendered":"<p><strong>The TECNOMIG 366 PULSE SYNERGIC LCD<\/strong> is an advanced 10-350A inverter semi-automatic welding machine designed for welding aluminum, stainless steel, carbon steel and brazing galvanized sheet metal. Equipped with MIG Pulse and Double Pulse modes, it provides excellent weld quality and intuitive operation thanks to its LCD display and synergistic settings. Ideal for professionals and industry.  <\/p>\n","protected":false},"featured_media":18688,"template":"","meta":{"inline_featured_image":false},"product_brand":[],"product_cat":[498,512,474],"product_tag":[3517,3514,3472,3515,3518,3471,3513,3512,3511,3522,3519,3509,3525,3506,3516,3473,3526,3520,3521,3524,3523],"class_list":{"0":"post-31108","1":"product","2":"type-product","3":"status-publish","4":"has-post-thumbnail","6":"product_cat-gas-cooled-en-7","7":"product_cat-mig-mag-en-2","8":"product_cat-new","9":"product_tag-4-roll-wire-feeder","10":"product_tag-400v-welder","11":"product_tag-aluminum-welder","12":"product_tag-brazing-of-galvanized-sheets","13":"product_tag-fan-cooling","14":"product_tag-inverter-welder","15":"product_tag-lcd-display","16":"product_tag-mig-dual-pulse","17":"product_tag-mig-puls-en","18":"product_tag-mig-mag-welder","19":"product_tag-overload-protection","20":"product_tag-pulse-welding-en","21":"product_tag-s4-takt-mode","22":"product_tag-semi-automatic-welder","23":"product_tag-spot-function","24":"product_tag-stainless-steel-welding","25":"product_tag-synergistic-settings","26":"product_tag-tecnomig-366-pulse-synergic-lcd-en","27":"product_tag-tecnomig-366-welding-machine","28":"product_tag-welding-current-10-350a","29":"product_tag-welding-of-carbon-steel","31":"first","32":"onbackorder","33":"taxable","34":"shipping-taxable","35":"purchasable","36":"product-type-simple"},"yoast_head":"<!-- This site is optimized with the Yoast SEO Premium plugin v27.5 (Yoast SEO v27.6) - https:\/\/yoast.com\/product\/yoast-seo-premium-wordpress\/ -->\n<title>Ideal TECNO MIG 366 PULSE SYNERGIC LCD - SpawLab - Welding equipment and plasma cutters - store and service<\/title>\n<meta name=\"description\" content=\"Lider sprzeda\u017cy, Oficjalny Dystrybutor Premium i Serwis na Polsk\u0119 Migatronic, Gys, Voestalpine Bohler Welding. Nowe i u\u017cywane Spawarki, Przecinarki Plazmowe, Kompresory. Mgr in\u017c. Jaros\u0142aw Ko\u0142aski, IWE\" \/>\n<meta name=\"robots\" content=\"index, follow, max-snippet:-1, max-image-preview:large, max-video-preview:-1\" \/>\n<link rel=\"canonical\" href=\"https:\/\/spawlab.pl\/en\/produkt\/ideal-tecno-mig-366-pulse-synergic-lcd\/\" \/>\n<meta property=\"og:locale\" content=\"en_US\" \/>\n<meta property=\"og:type\" content=\"article\" \/>\n<meta property=\"og:title\" content=\"Ideal TECNO MIG 366 PULSE SYNERGIC LCD\" \/>\n<meta property=\"og:description\" content=\"Lider sprzeda\u017cy, Oficjalny Dystrybutor Premium i Serwis na Polsk\u0119 Migatronic, Gys, Voestalpine Bohler Welding. Nowe i u\u017cywane Spawarki, Przecinarki Plazmowe, Kompresory. Mgr in\u017c. Jaros\u0142aw Ko\u0142aski, IWE\" \/>\n<meta property=\"og:url\" content=\"https:\/\/spawlab.pl\/en\/produkt\/ideal-tecno-mig-366-pulse-synergic-lcd\/\" \/>\n<meta property=\"og:site_name\" content=\"SpawLab - Welding equipment and plasma cutters - store and service\" \/>\n<meta property=\"article:publisher\" content=\"https:\/\/www.facebook.com\/Spawlab\/\" \/>\n<meta property=\"og:image\" content=\"https:\/\/spawlab.pl\/wp-content\/uploads\/2025\/06\/LOGO-SPOLECZN-scaled.png\" \/>\n\t<meta property=\"og:image:width\" content=\"2560\" \/>\n\t<meta property=\"og:image:height\" content=\"1440\" \/>\n\t<meta property=\"og:image:type\" content=\"image\/png\" \/>\n<meta name=\"twitter:label1\" content=\"Price\" \/>\n\t<meta name=\"twitter:data1\" content=\"4 599,00&nbsp;&#122;&#322; (3 739,02&nbsp;&#122;&#322; netto)\" \/>\n\t<meta name=\"twitter:label2\" content=\"Availability\" \/>\n\t<meta name=\"twitter:data2\" content=\"On backorder\" \/>\n<script type=\"application\/ld+json\" class=\"yoast-schema-graph\">{\"@context\":\"https:\\\/\\\/schema.org\",\"@graph\":[{\"@type\":[\"WebPage\",\"ItemPage\"],\"@id\":\"https:\\\/\\\/spawlab.pl\\\/en\\\/produkt\\\/ideal-tecno-mig-366-pulse-synergic-lcd\\\/\",\"url\":\"https:\\\/\\\/spawlab.pl\\\/en\\\/produkt\\\/ideal-tecno-mig-366-pulse-synergic-lcd\\\/\",\"name\":\"Ideal TECNO MIG 366 PULSE SYNERGIC LCD - SpawLab - Welding equipment and plasma cutters - store and service\",\"isPartOf\":{\"@id\":\"https:\\\/\\\/spawlab.pl\\\/en\\\/#website\"},\"primaryImageOfPage\":{\"@id\":\"https:\\\/\\\/spawlab.pl\\\/en\\\/produkt\\\/ideal-tecno-mig-366-pulse-synergic-lcd\\\/#primaryimage\"},\"image\":{\"@id\":\"https:\\\/\\\/spawlab.pl\\\/en\\\/produkt\\\/ideal-tecno-mig-366-pulse-synergic-lcd\\\/#primaryimage\"},\"thumbnailUrl\":\"https:\\\/\\\/spawlab.pl\\\/wp-content\\\/uploads\\\/2025\\\/01\\\/tecno-mig-366-pulse-synergic-lcd-9d94e143ea7a43699f6030c6e264d9d8-0b36708c.jpg\",\"datePublished\":\"2025-01-16T14:26:43+00:00\",\"description\":\"Lider sprzeda\u017cy, Oficjalny Dystrybutor Premium i Serwis na Polsk\u0119 Migatronic, Gys, Voestalpine Bohler Welding. Nowe i u\u017cywane Spawarki, Przecinarki Plazmowe, Kompresory. Mgr in\u017c. Jaros\u0142aw Ko\u0142aski, IWE\",\"breadcrumb\":{\"@id\":\"https:\\\/\\\/spawlab.pl\\\/en\\\/produkt\\\/ideal-tecno-mig-366-pulse-synergic-lcd\\\/#breadcrumb\"},\"inLanguage\":\"en-US\",\"potentialAction\":[{\"@type\":\"ReadAction\",\"target\":[\"https:\\\/\\\/spawlab.pl\\\/en\\\/produkt\\\/ideal-tecno-mig-366-pulse-synergic-lcd\\\/\"]}]},{\"@type\":\"ImageObject\",\"inLanguage\":\"en-US\",\"@id\":\"https:\\\/\\\/spawlab.pl\\\/en\\\/produkt\\\/ideal-tecno-mig-366-pulse-synergic-lcd\\\/#primaryimage\",\"url\":\"https:\\\/\\\/spawlab.pl\\\/wp-content\\\/uploads\\\/2025\\\/01\\\/tecno-mig-366-pulse-synergic-lcd-9d94e143ea7a43699f6030c6e264d9d8-0b36708c.jpg\",\"contentUrl\":\"https:\\\/\\\/spawlab.pl\\\/wp-content\\\/uploads\\\/2025\\\/01\\\/tecno-mig-366-pulse-synergic-lcd-9d94e143ea7a43699f6030c6e264d9d8-0b36708c.jpg\",\"width\":634,\"height\":700},{\"@type\":\"BreadcrumbList\",\"@id\":\"https:\\\/\\\/spawlab.pl\\\/en\\\/produkt\\\/ideal-tecno-mig-366-pulse-synergic-lcd\\\/#breadcrumb\",\"itemListElement\":[{\"@type\":\"ListItem\",\"position\":1,\"name\":\"Strona g\u0142\u00f3wna\",\"item\":\"https:\\\/\\\/spawlab.pl\\\/en\\\/\"},{\"@type\":\"ListItem\",\"position\":2,\"name\":\"Store\",\"item\":\"https:\\\/\\\/spawlab.pl\\\/en\\\/shop\\\/\"},{\"@type\":\"ListItem\",\"position\":3,\"name\":\"Ideal TECNO MIG 366 PULSE SYNERGIC LCD\"}]},{\"@type\":\"WebSite\",\"@id\":\"https:\\\/\\\/spawlab.pl\\\/en\\\/#website\",\"url\":\"https:\\\/\\\/spawlab.pl\\\/en\\\/\",\"name\":\"Spawlab.pl Lider - Spawarki, Przecinarki Plazmowe, Kompresory\",\"description\":\"Urz\u0105dzenia spawalnicze i Przecinarki plazmowe\\\/ nowe i u\u017cywane \\\/ Profesjonalny serwis\",\"publisher\":{\"@id\":\"https:\\\/\\\/spawlab.pl\\\/en\\\/#organization\"},\"alternateName\":\"Spawlab.pl - Dystrybutor Premium i Serwis na Polske Migatronic, Gys, Voestalpine Bohler Welding\",\"potentialAction\":[{\"@type\":\"SearchAction\",\"target\":{\"@type\":\"EntryPoint\",\"urlTemplate\":\"https:\\\/\\\/spawlab.pl\\\/en\\\/?s={search_term_string}\"},\"query-input\":{\"@type\":\"PropertyValueSpecification\",\"valueRequired\":true,\"valueName\":\"search_term_string\"}}],\"inLanguage\":\"en-US\"},{\"@type\":[\"Organization\",\"Place\"],\"@id\":\"https:\\\/\\\/spawlab.pl\\\/en\\\/#organization\",\"name\":\"Spawlab.pl\",\"url\":\"https:\\\/\\\/spawlab.pl\\\/en\\\/\",\"logo\":{\"@id\":\"https:\\\/\\\/spawlab.pl\\\/en\\\/produkt\\\/ideal-tecno-mig-366-pulse-synergic-lcd\\\/#local-main-organization-logo\"},\"image\":{\"@id\":\"https:\\\/\\\/spawlab.pl\\\/en\\\/produkt\\\/ideal-tecno-mig-366-pulse-synergic-lcd\\\/#local-main-organization-logo\"},\"sameAs\":[\"https:\\\/\\\/www.facebook.com\\\/Spawlab\\\/\",\"https:\\\/\\\/www.linkedin.com\\\/company\\\/spawlab\",\"https:\\\/\\\/www.instagram.com\\\/spawlab.pl\",\"https:\\\/\\\/www.tiktok.com\\\/@spawlab\"],\"description\":\"Lider sprzeda\u017cy, Oficjalny Dystrybutor Premium i Serwis na Polsk\u0119 Migatronic, Gys, Voestalpine Bohler Welding. Nowe i u\u017cywane Spawarki, Przecinarki Plazmowe, Kompresory. Mgr in\u017c. Jaros\u0142aw Ko\u0142aski, IWE\",\"hasMerchantReturnPolicy\":{\"@type\":\"MerchantReturnPolicy\",\"merchantReturnLink\":\"https:\\\/\\\/spawlab.pl\\\/polityka-prywatnosci-2\\\/\"},\"telephone\":[],\"openingHoursSpecification\":[{\"@type\":\"OpeningHoursSpecification\",\"dayOfWeek\":[\"Monday\",\"Tuesday\",\"Wednesday\",\"Thursday\",\"Friday\",\"Saturday\",\"Sunday\"],\"opens\":\"09:00\",\"closes\":\"17:00\"}]},{\"@type\":\"ImageObject\",\"inLanguage\":\"en-US\",\"@id\":\"https:\\\/\\\/spawlab.pl\\\/en\\\/produkt\\\/ideal-tecno-mig-366-pulse-synergic-lcd\\\/#local-main-organization-logo\",\"url\":\"https:\\\/\\\/spawlab.pl\\\/wp-content\\\/uploads\\\/2022\\\/01\\\/olx.jpg\",\"contentUrl\":\"https:\\\/\\\/spawlab.pl\\\/wp-content\\\/uploads\\\/2022\\\/01\\\/olx.jpg\",\"width\":200,\"height\":200,\"caption\":\"Spawlab.pl\"}]}<\/script>\n<meta property=\"product:brand\" content=\"Ideal\" \/>\n<meta property=\"product:price:amount\" content=\"4599.00\" \/>\n<meta property=\"product:price:currency\" content=\"PLN\" \/>\n<meta property=\"og:availability\" content=\"backorder\" \/>\n<meta property=\"product:availability\" content=\"available for order\" \/>\n<meta property=\"product:condition\" content=\"new\" \/>\n<!-- \/ Yoast SEO Premium plugin. -->","yoast_head_json":{"title":"Ideal TECNO MIG 366 PULSE SYNERGIC LCD - SpawLab - Welding equipment and plasma cutters - store and service","description":"Lider sprzeda\u017cy, Oficjalny Dystrybutor Premium i Serwis na Polsk\u0119 Migatronic, Gys, Voestalpine Bohler Welding. Nowe i u\u017cywane Spawarki, Przecinarki Plazmowe, Kompresory. Mgr in\u017c. Jaros\u0142aw Ko\u0142aski, IWE","robots":{"index":"index","follow":"follow","max-snippet":"max-snippet:-1","max-image-preview":"max-image-preview:large","max-video-preview":"max-video-preview:-1"},"canonical":"https:\/\/spawlab.pl\/en\/produkt\/ideal-tecno-mig-366-pulse-synergic-lcd\/","og_locale":"en_US","og_type":"article","og_title":"Ideal TECNO MIG 366 PULSE SYNERGIC LCD","og_description":"Lider sprzeda\u017cy, Oficjalny Dystrybutor Premium i Serwis na Polsk\u0119 Migatronic, Gys, Voestalpine Bohler Welding. Nowe i u\u017cywane Spawarki, Przecinarki Plazmowe, Kompresory. Mgr in\u017c. Jaros\u0142aw Ko\u0142aski, IWE","og_url":"https:\/\/spawlab.pl\/en\/produkt\/ideal-tecno-mig-366-pulse-synergic-lcd\/","og_site_name":"SpawLab - Welding equipment and plasma cutters - store and service","article_publisher":"https:\/\/www.facebook.com\/Spawlab\/","og_image":[{"width":2560,"height":1440,"url":"https:\/\/spawlab.pl\/wp-content\/uploads\/2025\/06\/LOGO-SPOLECZN-scaled.png","type":"image\/png"}],"twitter_misc":{"Price":"4 599,00&nbsp;&#122;&#322; (3 739,02&nbsp;&#122;&#322; netto)","Availability":"On backorder"},"schema":{"@context":"https:\/\/schema.org","@graph":[{"@type":["WebPage","ItemPage"],"@id":"https:\/\/spawlab.pl\/en\/produkt\/ideal-tecno-mig-366-pulse-synergic-lcd\/","url":"https:\/\/spawlab.pl\/en\/produkt\/ideal-tecno-mig-366-pulse-synergic-lcd\/","name":"Ideal TECNO MIG 366 PULSE SYNERGIC LCD - SpawLab - Welding equipment and plasma cutters - store and service","isPartOf":{"@id":"https:\/\/spawlab.pl\/en\/#website"},"primaryImageOfPage":{"@id":"https:\/\/spawlab.pl\/en\/produkt\/ideal-tecno-mig-366-pulse-synergic-lcd\/#primaryimage"},"image":{"@id":"https:\/\/spawlab.pl\/en\/produkt\/ideal-tecno-mig-366-pulse-synergic-lcd\/#primaryimage"},"thumbnailUrl":"https:\/\/spawlab.pl\/wp-content\/uploads\/2025\/01\/tecno-mig-366-pulse-synergic-lcd-9d94e143ea7a43699f6030c6e264d9d8-0b36708c.jpg","datePublished":"2025-01-16T14:26:43+00:00","description":"Lider sprzeda\u017cy, Oficjalny Dystrybutor Premium i Serwis na Polsk\u0119 Migatronic, Gys, Voestalpine Bohler Welding. Nowe i u\u017cywane Spawarki, Przecinarki Plazmowe, Kompresory. Mgr in\u017c. Jaros\u0142aw Ko\u0142aski, IWE","breadcrumb":{"@id":"https:\/\/spawlab.pl\/en\/produkt\/ideal-tecno-mig-366-pulse-synergic-lcd\/#breadcrumb"},"inLanguage":"en-US","potentialAction":[{"@type":"ReadAction","target":["https:\/\/spawlab.pl\/en\/produkt\/ideal-tecno-mig-366-pulse-synergic-lcd\/"]}]},{"@type":"ImageObject","inLanguage":"en-US","@id":"https:\/\/spawlab.pl\/en\/produkt\/ideal-tecno-mig-366-pulse-synergic-lcd\/#primaryimage","url":"https:\/\/spawlab.pl\/wp-content\/uploads\/2025\/01\/tecno-mig-366-pulse-synergic-lcd-9d94e143ea7a43699f6030c6e264d9d8-0b36708c.jpg","contentUrl":"https:\/\/spawlab.pl\/wp-content\/uploads\/2025\/01\/tecno-mig-366-pulse-synergic-lcd-9d94e143ea7a43699f6030c6e264d9d8-0b36708c.jpg","width":634,"height":700},{"@type":"BreadcrumbList","@id":"https:\/\/spawlab.pl\/en\/produkt\/ideal-tecno-mig-366-pulse-synergic-lcd\/#breadcrumb","itemListElement":[{"@type":"ListItem","position":1,"name":"Strona g\u0142\u00f3wna","item":"https:\/\/spawlab.pl\/en\/"},{"@type":"ListItem","position":2,"name":"Store","item":"https:\/\/spawlab.pl\/en\/shop\/"},{"@type":"ListItem","position":3,"name":"Ideal TECNO MIG 366 PULSE SYNERGIC LCD"}]},{"@type":"WebSite","@id":"https:\/\/spawlab.pl\/en\/#website","url":"https:\/\/spawlab.pl\/en\/","name":"Spawlab.pl Lider - Spawarki, Przecinarki Plazmowe, Kompresory","description":"Urz\u0105dzenia spawalnicze i Przecinarki plazmowe\/ nowe i u\u017cywane \/ Profesjonalny serwis","publisher":{"@id":"https:\/\/spawlab.pl\/en\/#organization"},"alternateName":"Spawlab.pl - Dystrybutor Premium i Serwis na Polske Migatronic, Gys, Voestalpine Bohler Welding","potentialAction":[{"@type":"SearchAction","target":{"@type":"EntryPoint","urlTemplate":"https:\/\/spawlab.pl\/en\/?s={search_term_string}"},"query-input":{"@type":"PropertyValueSpecification","valueRequired":true,"valueName":"search_term_string"}}],"inLanguage":"en-US"},{"@type":["Organization","Place"],"@id":"https:\/\/spawlab.pl\/en\/#organization","name":"Spawlab.pl","url":"https:\/\/spawlab.pl\/en\/","logo":{"@id":"https:\/\/spawlab.pl\/en\/produkt\/ideal-tecno-mig-366-pulse-synergic-lcd\/#local-main-organization-logo"},"image":{"@id":"https:\/\/spawlab.pl\/en\/produkt\/ideal-tecno-mig-366-pulse-synergic-lcd\/#local-main-organization-logo"},"sameAs":["https:\/\/www.facebook.com\/Spawlab\/","https:\/\/www.linkedin.com\/company\/spawlab","https:\/\/www.instagram.com\/spawlab.pl","https:\/\/www.tiktok.com\/@spawlab"],"description":"Lider sprzeda\u017cy, Oficjalny Dystrybutor Premium i Serwis na Polsk\u0119 Migatronic, Gys, Voestalpine Bohler Welding. Nowe i u\u017cywane Spawarki, Przecinarki Plazmowe, Kompresory. Mgr in\u017c. Jaros\u0142aw Ko\u0142aski, IWE","hasMerchantReturnPolicy":{"@type":"MerchantReturnPolicy","merchantReturnLink":"https:\/\/spawlab.pl\/polityka-prywatnosci-2\/"},"telephone":[],"openingHoursSpecification":[{"@type":"OpeningHoursSpecification","dayOfWeek":["Monday","Tuesday","Wednesday","Thursday","Friday","Saturday","Sunday"],"opens":"09:00","closes":"17:00"}]},{"@type":"ImageObject","inLanguage":"en-US","@id":"https:\/\/spawlab.pl\/en\/produkt\/ideal-tecno-mig-366-pulse-synergic-lcd\/#local-main-organization-logo","url":"https:\/\/spawlab.pl\/wp-content\/uploads\/2022\/01\/olx.jpg","contentUrl":"https:\/\/spawlab.pl\/wp-content\/uploads\/2022\/01\/olx.jpg","width":200,"height":200,"caption":"Spawlab.pl"}]},"product_brand":"Ideal","product_price_amount":"4599.00","product_price_currency":"PLN","og_availability":"backorder","product_availability":"available for order","product_condition":"new"},"_links":{"self":[{"href":"https:\/\/spawlab.pl\/en\/wp-json\/wp\/v2\/product\/31108","targetHints":{"allow":["GET"]}}],"collection":[{"href":"https:\/\/spawlab.pl\/en\/wp-json\/wp\/v2\/product"}],"about":[{"href":"https:\/\/spawlab.pl\/en\/wp-json\/wp\/v2\/types\/product"}],"wp:featuredmedia":[{"embeddable":true,"href":"https:\/\/spawlab.pl\/en\/wp-json\/wp\/v2\/media\/18688"}],"wp:attachment":[{"href":"https:\/\/spawlab.pl\/en\/wp-json\/wp\/v2\/media?parent=31108"}],"wp:term":[{"taxonomy":"product_brand","embeddable":true,"href":"https:\/\/spawlab.pl\/en\/wp-json\/wp\/v2\/product_brand?post=31108"},{"taxonomy":"product_cat","embeddable":true,"href":"https:\/\/spawlab.pl\/en\/wp-json\/wp\/v2\/product_cat?post=31108"},{"taxonomy":"product_tag","embeddable":true,"href":"https:\/\/spawlab.pl\/en\/wp-json\/wp\/v2\/product_tag?post=31108"}],"curies":[{"name":"wp","href":"https:\/\/api.w.org\/{rel}","templated":true}]}}