{"id":31111,"date":"2025-01-16T15:51:31","date_gmt":"2025-01-16T14:51:31","guid":{"rendered":"https:\/\/spawlab.pl\/produkt\/ideal-expert-tig-322-ac-dc-pulse-pro7-lcd-w\/"},"modified":"2025-08-27T16:50:48","modified_gmt":"2025-08-27T14:50:48","slug":"ideal-expert-tig-322-ac-dc-pulse-pro7-lcd-w","status":"publish","type":"product","link":"https:\/\/spawlab.pl\/en\/produkt\/ideal-expert-tig-322-ac-dc-pulse-pro7-lcd-w\/","title":{"rendered":"Ideal EXPERT TIG 322 AC\/DC PULSE Pro7 LCD W."},"content":{"rendered":"<p><strong>EXPERT TIG 322 AC\/DC PULSE Pro7 LCD W<\/strong> &#8211; the ideal choice for welding professionals looking for maximum precision and versatility! ? This advanced device with <strong>IGBT<\/strong> technology allows you to weld all metals, including aluminum and stainless steel, using <strong>TIG DC, TIG AC, TIG PULSE,<\/strong> as well as <strong>MMA<\/strong> methods. Thanks to its compact size and low weight, it is perfect for both the workshop and the construction site.  <\/p>\n<h3><strong>Versatile modes of operation<\/strong><\/h3>\n<p>It offers a wide range of welding modes, such as:<\/p>\n<ul>\n<li><strong>TIG DC and TIG DC PULS<\/strong> &#8211; ideal for stainless steel, carbon steel, low alloy steel, copper and titanium.<\/li>\n<li><strong>TIG AC and TIG AC PULS<\/strong> &#8211; created for welding aluminum and brass.<\/li>\n<li><strong>POINT TIG<\/strong> &#8211; for precision tacking of thin materials.<\/li>\n<li><strong>MULTITACK<\/strong> &#8211; allows so-called &#8220;cold welding&#8221; with adjustable weld frequency. <\/li>\n<li><strong>TIG MIX<\/strong> &#8211; a combination of direct and alternating current for optimal fusion and cleaning of aluminum.<\/li>\n<li><strong>DC MMA and AC MMA<\/strong> &#8211; with HOT START, ARC FORCE and ANTI STICK functions for perfect electrode welds.<\/li>\n<\/ul>\n<p>In addition, the device offers innovative features such as <strong>DYNAMIC ARC<\/strong> (fixed weld width) and <strong>MultiWAVE<\/strong>, which allows hybrid voltage waveform settings (rectangular, triangular, sinusoidal).<\/p>\n<h3><strong>Full control and ease of use<\/strong><\/h3>\n<p><strong>The touchscreen 7-inch LCD screen<\/strong> provides easy adjustment of parameters such as: <\/p>\n<ul>\n<li>Initial and final currents.<\/li>\n<li>AC balance and frequency.<\/li>\n<li>Outflow of shielding gas.<\/li>\n<li>Pulse width and frequency.<\/li>\n<\/ul>\n<p>Thanks to the <strong>SMART TIG<\/strong> function, the device automatically adjusts parameters to the selected material, and the 2T, 4T and RPT modes offer convenience for long welds.<\/p>\n<h3><strong>Reliability and convenience<\/strong><\/h3>\n<p>The unit is equipped with <strong>a cooler<\/strong> and a quick-connect gas supply, which simplifies operation and minimizes setup time. The overload protection system and semi-passive mode of SMART fans guarantee durability and safety. <\/p>\n<h3><strong>Kit equipment<\/strong><\/h3>\n<p>Included are:<\/p>\n<ul>\n<li><strong>TIG 18 handle<\/strong> with remote adjustment (8 m).<\/li>\n<li>MMA electrode cable (3 m).<\/li>\n<li>Ground wire (3 m).<\/li>\n<li>Carriage, radiator and gas hose with quick coupler.<\/li>\n<\/ul>\n<h3><strong>Warranty terms and conditions<\/strong><\/h3>\n<p>12-month warranty with door-to-door service &#8211; no shipping costs on your side.<\/p>\n<p>&nbsp;<\/p>\n<div class=\"row-wrapper\">\n<div class=\"attribute-name\">Mains protection<\/div>\n<div class=\"attribute-values\">\n<div class=\"attribute-wrapper\">\n<div class=\"attribute-value\">C20 A<\/div>\n<\/div>\n<\/div>\n<\/div>\n<div class=\"row-wrapper\">\n<div class=\"attribute-name\">Rated supply voltage<\/div>\n<div class=\"attribute-values\">\n<div class=\"attribute-wrapper\">\n<div class=\"attribute-value\">3&#215;400 V; 50Hz (3ph)<\/div>\n<\/div>\n<\/div>\n<\/div>\n<div class=\"row-wrapper\">\n<div class=\"attribute-name\">AC balance<\/div>\n<div class=\"attribute-values\">\n<div class=\"attribute-wrapper\">\n<div class=\"attribute-value\">(-5) &#8211; 5<\/div>\n<\/div>\n<\/div>\n<\/div>\n<div class=\"row-wrapper\">\n<div class=\"attribute-name\">Current rise time<\/div>\n<div class=\"attribute-values\">\n<div class=\"attribute-wrapper\">\n<div class=\"attribute-value\">0 &#8211; 20 s<\/div>\n<\/div>\n<\/div>\n<\/div>\n<div class=\"row-wrapper\">\n<div class=\"attribute-name\">Current drop time<\/div>\n<div class=\"attribute-values\">\n<div class=\"attribute-wrapper\">\n<div class=\"attribute-value\">0 &#8211; 20 s<\/div>\n<\/div>\n<\/div>\n<\/div>\n<div class=\"row-wrapper\">\n<div class=\"attribute-name\">AC frequency<\/div>\n<div class=\"attribute-values\">\n<div class=\"attribute-wrapper\">\n<div class=\"attribute-value\">50 &#8211; 250 Hz<\/div>\n<\/div>\n<\/div>\n<\/div>\n<div class=\"row-wrapper\">\n<div class=\"attribute-name\">Pulse rate<\/div>\n<div class=\"attribute-values\">\n<div class=\"attribute-wrapper\">\n<div class=\"attribute-value\">0.5 &#8211; 999 Hz<\/div>\n<\/div>\n<\/div>\n<\/div>\n<div class=\"row-wrapper\">\n<div class=\"attribute-name\">Pulse length<\/div>\n<div class=\"attribute-values\">\n<div class=\"attribute-wrapper\">\n<div class=\"attribute-value\">5 &#8211; 95%<\/div>\n<\/div>\n<\/div>\n<\/div>\n<div class=\"row-wrapper\">\n<div class=\"attribute-name\">Gas after<\/div>\n<div class=\"attribute-values\">\n<div class=\"attribute-wrapper\">\n<div class=\"attribute-value\">0 &#8211; 20 s<\/div>\n<\/div>\n<\/div>\n<\/div>\n<div class=\"row-wrapper\">\n<div class=\"attribute-name\">Gas before<\/div>\n<div class=\"attribute-values\">\n<div class=\"attribute-wrapper\">\n<div class=\"attribute-value\">0 &#8211; 20 s<\/div>\n<\/div>\n<\/div>\n<\/div>\n<div class=\"row-wrapper\">\n<div class=\"attribute-name\">Power<\/div>\n<div class=\"attribute-values\">\n<div class=\"attribute-wrapper\">\n<div class=\"attribute-value\">11 kW<\/div>\n<\/div>\n<\/div>\n<\/div>\n<div class=\"row-wrapper\">\n<div class=\"attribute-name\">Idle state voltage<\/div>\n<div class=\"attribute-values\">\n<div class=\"attribute-wrapper\">\n<div class=\"attribute-value\">75 V<\/div>\n<\/div>\n<\/div>\n<\/div>\n<div class=\"row-wrapper\">\n<div class=\"attribute-name\">Base current in the pulse<\/div>\n<div class=\"attribute-values\">\n<div class=\"attribute-wrapper\">\n<div class=\"attribute-value\">10 &#8211; 320 A<\/div>\n<\/div>\n<\/div>\n<\/div>\n<div class=\"row-wrapper\">\n<div class=\"attribute-name\">Final current<\/div>\n<div class=\"attribute-values\">\n<div class=\"attribute-wrapper\">\n<div class=\"attribute-value\">10 &#8211; 320 A<\/div>\n<\/div>\n<\/div>\n<\/div>\n<div class=\"row-wrapper\">\n<div class=\"attribute-name\">Maximum current<\/div>\n<div class=\"attribute-values\">\n<div class=\"attribute-wrapper\">\n<div class=\"attribute-value\">320 A &#8211; 60%<\/div>\n<\/div>\n<\/div>\n<\/div>\n<div class=\"row-wrapper\">\n<div class=\"attribute-name\">Current at 100% operation<\/div>\n<div class=\"attribute-values\">\n<div class=\"attribute-wrapper\">\n<div class=\"attribute-value\">248 A<\/div>\n<\/div>\n<\/div>\n<\/div>\n<div class=\"row-wrapper\">\n<div class=\"attribute-name\">Current at 60% operation<\/div>\n<div class=\"attribute-values\">\n<div class=\"attribute-wrapper\">\n<div class=\"attribute-value\">320 A<\/div>\n<\/div>\n<\/div>\n<\/div>\n<div class=\"row-wrapper\">\n<div class=\"attribute-name\">Starting current<\/div>\n<div class=\"attribute-values\">\n<div class=\"attribute-wrapper\">\n<div class=\"attribute-value\">10 &#8211; 320 A<\/div>\n<\/div>\n<\/div>\n<\/div>\n<div class=\"row-wrapper\">\n<div class=\"attribute-name\">Welding electrode diameter<\/div>\n<div class=\"attribute-values\">\n<div class=\"attribute-wrapper\">\n<div class=\"attribute-value\">1.6 &#8211; 5.0 mm<\/div>\n<\/div>\n<\/div>\n<\/div>\n<div class=\"row-wrapper\">\n<div class=\"attribute-name\">Welding current adjustment range<\/div>\n<div class=\"attribute-values\">\n<div class=\"attribute-wrapper\">\n<div class=\"attribute-value\">10 &#8211; 320 A<\/div>\n<\/div>\n<\/div>\n<\/div>\n<div class=\"row-wrapper\">\n<div class=\"attribute-name\">Degree of protection<\/div>\n<div class=\"attribute-values\">\n<div class=\"attribute-wrapper\">\n<div class=\"attribute-value\">IP23S<\/div>\n<\/div>\n<\/div>\n<\/div>\n<div class=\"row-wrapper\">\n<div class=\"attribute-name\">Weight of the device \/ set<\/div>\n<div class=\"attribute-values\">\n<div class=\"attribute-wrapper\">\n<div class=\"attribute-value\">33 \/ 87 kg<\/div>\n<\/div>\n<\/div>\n<\/div>\n<div class=\"row-wrapper\">\n<div class=\"attribute-name\">Overall dimensions L x W x H<\/div>\n<div class=\"attribute-values\">\n<div class=\"attribute-wrapper\">\n<div class=\"attribute-value\">1260x640x1040 mm<\/div>\n<\/div>\n<\/div>\n<\/div>\n<div class=\"row-wrapper\">\n<div class=\"attribute-name\">Dimensions of the cooler package L x W x H<\/div>\n<div class=\"attribute-values\">\n<div class=\"attribute-wrapper\">\n<div class=\"attribute-value\">760x275x270 mm<\/div>\n<\/div>\n<\/div>\n<\/div>\n<div class=\"row-wrapper\">\n<div class=\"attribute-name\">Dimensions of the device packaging L x W x H<\/div>\n<div class=\"attribute-values\">\n<div class=\"attribute-wrapper\">\n<div class=\"attribute-value\">875x325x565 mm<\/div>\n<\/div>\n<\/div>\n<\/div>\n<div class=\"row-wrapper\">\n<div class=\"attribute-name\">Dimensions of the cart package L x W x H<\/div>\n<div class=\"attribute-values\">\n<div class=\"attribute-wrapper\">\n<div class=\"attribute-value\">1200x645x265 mm<\/div>\n<\/div>\n<\/div>\n<\/div>\n","protected":false},"excerpt":{"rendered":"<p><strong>EXPERT TIG 322 AC\/DC PULSE Pro7 LCD W<\/strong> is a professional welding machine with 320A current and 3x400V power supply, designed for TIG AC\/DC and MMA welding. Equipped with advanced functions such as TIG PULSE, MULTITACK, TIG MIX and MultiWAVE, it provides excellent control and superior weld quality. Ideal for welding aluminum, stainless steel and other metals.  <\/p>\n","protected":false},"featured_media":18745,"template":"","meta":{"inline_featured_image":false},"product_brand":[],"product_cat":[506,503,474,507],"product_tag":[3507,3483,3484,3472,3490,3476,3479,3532,3471,3493,3444,3478,3482,3527,3491,3481,3473,3475,3480,3477,3474,3534],"class_list":{"0":"post-31111","1":"product","2":"type-product","3":"status-publish","4":"has-post-thumbnail","6":"product_cat-ac-dc-en","7":"product_cat-liquid-cooled-en-5","8":"product_cat-new","9":"product_cat-tig-en-2","10":"product_tag-320a-welding-current","11":"product_tag-ac-balance","12":"product_tag-ac-frequency","13":"product_tag-aluminum-welder","14":"product_tag-aluminum-welding","15":"product_tag-dc-tig-welding","16":"product_tag-dynamic-arc-function","17":"product_tag-expert-tig-322-ac-dc-pulse-pro7-lcd-w-en","18":"product_tag-inverter-welder","19":"product_tag-lcd-touch-screen","20":"product_tag-mma-welding","21":"product_tag-multitack-function","22":"product_tag-multiwave-en","23":"product_tag-power-supply-3x400v","24":"product_tag-radiator","25":"product_tag-smart-tig-en","26":"product_tag-stainless-steel-welding","27":"product_tag-tig-ac-welding","28":"product_tag-tig-mix-en","29":"product_tag-tig-pulse-welding","30":"product_tag-tig-welder","31":"product_tag-welder-with-cooler","33":"first","34":"onbackorder","35":"taxable","36":"shipping-taxable","37":"purchasable","38":"product-type-simple"},"yoast_head":"<!-- This site is optimized with the Yoast SEO Premium plugin v27.0 (Yoast SEO v27.3) - https:\/\/yoast.com\/product\/yoast-seo-premium-wordpress\/ -->\n<title>Ideal EXPERT TIG 322 AC\/DC PULSE Pro7 LCD W. - SpawLab - Welding equipment and plasma cutters - store and service<\/title>\n<meta name=\"description\" content=\"Lider sprzeda\u017cy, Oficjalny Dystrybutor Premium i Serwis na Polsk\u0119 Migatronic, Gys, Voestalpine Bohler Welding. Nowe i u\u017cywane Spawarki, Przecinarki Plazmowe, Kompresory. Mgr in\u017c. Jaros\u0142aw Ko\u0142aski, IWE\" \/>\n<meta name=\"robots\" content=\"index, follow, max-snippet:-1, max-image-preview:large, max-video-preview:-1\" \/>\n<link rel=\"canonical\" href=\"https:\/\/spawlab.pl\/en\/produkt\/ideal-expert-tig-322-ac-dc-pulse-pro7-lcd-w\/\" \/>\n<meta property=\"og:locale\" content=\"en_US\" \/>\n<meta property=\"og:type\" content=\"article\" \/>\n<meta property=\"og:title\" content=\"Ideal EXPERT TIG 322 AC\/DC PULSE Pro7 LCD W.\" \/>\n<meta property=\"og:description\" content=\"Lider sprzeda\u017cy, Oficjalny Dystrybutor Premium i Serwis na Polsk\u0119 Migatronic, Gys, Voestalpine Bohler Welding. Nowe i u\u017cywane Spawarki, Przecinarki Plazmowe, Kompresory. Mgr in\u017c. Jaros\u0142aw Ko\u0142aski, IWE\" \/>\n<meta property=\"og:url\" content=\"https:\/\/spawlab.pl\/en\/produkt\/ideal-expert-tig-322-ac-dc-pulse-pro7-lcd-w\/\" \/>\n<meta property=\"og:site_name\" content=\"SpawLab - Welding equipment and plasma cutters - store and service\" \/>\n<meta property=\"article:publisher\" content=\"https:\/\/www.facebook.com\/Spawlab\/\" \/>\n<meta property=\"article:modified_time\" content=\"2025-08-27T14:50:48+00:00\" \/>\n<meta property=\"og:image\" content=\"https:\/\/spawlab.pl\/wp-content\/uploads\/2025\/01\/expert-tig-322-ac-dc-pulse-lcd-pro7-8533b82557544661af641422901aa8f6-8df30862.jpg\" \/>\n\t<meta property=\"og:image:width\" content=\"580\" \/>\n\t<meta property=\"og:image:height\" content=\"700\" \/>\n\t<meta property=\"og:image:type\" content=\"image\/jpeg\" \/>\n<meta name=\"twitter:label1\" content=\"Price\" \/>\n\t<meta name=\"twitter:data1\" content=\"13 199,00&nbsp;&#122;&#322; (10 730,89&nbsp;&#122;&#322; netto)\" \/>\n\t<meta name=\"twitter:label2\" content=\"Availability\" \/>\n\t<meta name=\"twitter:data2\" content=\"On backorder\" \/>\n<script type=\"application\/ld+json\" class=\"yoast-schema-graph\">{\"@context\":\"https:\\\/\\\/schema.org\",\"@graph\":[{\"@type\":[\"WebPage\",\"ItemPage\"],\"@id\":\"https:\\\/\\\/spawlab.pl\\\/en\\\/produkt\\\/ideal-expert-tig-322-ac-dc-pulse-pro7-lcd-w\\\/\",\"url\":\"https:\\\/\\\/spawlab.pl\\\/en\\\/produkt\\\/ideal-expert-tig-322-ac-dc-pulse-pro7-lcd-w\\\/\",\"name\":\"Ideal EXPERT TIG 322 AC\\\/DC PULSE Pro7 LCD W. - SpawLab - Welding equipment and plasma cutters - store and service\",\"isPartOf\":{\"@id\":\"https:\\\/\\\/spawlab.pl\\\/en\\\/#website\"},\"primaryImageOfPage\":{\"@id\":\"https:\\\/\\\/spawlab.pl\\\/en\\\/produkt\\\/ideal-expert-tig-322-ac-dc-pulse-pro7-lcd-w\\\/#primaryimage\"},\"image\":{\"@id\":\"https:\\\/\\\/spawlab.pl\\\/en\\\/produkt\\\/ideal-expert-tig-322-ac-dc-pulse-pro7-lcd-w\\\/#primaryimage\"},\"thumbnailUrl\":\"https:\\\/\\\/spawlab.pl\\\/wp-content\\\/uploads\\\/2025\\\/01\\\/expert-tig-322-ac-dc-pulse-lcd-pro7-8533b82557544661af641422901aa8f6-8df30862.jpg\",\"datePublished\":\"2025-01-16T14:51:31+00:00\",\"dateModified\":\"2025-08-27T14:50:48+00:00\",\"description\":\"Lider sprzeda\u017cy, Oficjalny Dystrybutor Premium i Serwis na Polsk\u0119 Migatronic, Gys, Voestalpine Bohler Welding. Nowe i u\u017cywane Spawarki, Przecinarki Plazmowe, Kompresory. Mgr in\u017c. Jaros\u0142aw Ko\u0142aski, IWE\",\"breadcrumb\":{\"@id\":\"https:\\\/\\\/spawlab.pl\\\/en\\\/produkt\\\/ideal-expert-tig-322-ac-dc-pulse-pro7-lcd-w\\\/#breadcrumb\"},\"inLanguage\":\"en-US\",\"potentialAction\":[{\"@type\":\"ReadAction\",\"target\":[\"https:\\\/\\\/spawlab.pl\\\/en\\\/produkt\\\/ideal-expert-tig-322-ac-dc-pulse-pro7-lcd-w\\\/\"]}]},{\"@type\":\"ImageObject\",\"inLanguage\":\"en-US\",\"@id\":\"https:\\\/\\\/spawlab.pl\\\/en\\\/produkt\\\/ideal-expert-tig-322-ac-dc-pulse-pro7-lcd-w\\\/#primaryimage\",\"url\":\"https:\\\/\\\/spawlab.pl\\\/wp-content\\\/uploads\\\/2025\\\/01\\\/expert-tig-322-ac-dc-pulse-lcd-pro7-8533b82557544661af641422901aa8f6-8df30862.jpg\",\"contentUrl\":\"https:\\\/\\\/spawlab.pl\\\/wp-content\\\/uploads\\\/2025\\\/01\\\/expert-tig-322-ac-dc-pulse-lcd-pro7-8533b82557544661af641422901aa8f6-8df30862.jpg\",\"width\":580,\"height\":700},{\"@type\":\"BreadcrumbList\",\"@id\":\"https:\\\/\\\/spawlab.pl\\\/en\\\/produkt\\\/ideal-expert-tig-322-ac-dc-pulse-pro7-lcd-w\\\/#breadcrumb\",\"itemListElement\":[{\"@type\":\"ListItem\",\"position\":1,\"name\":\"Strona g\u0142\u00f3wna\",\"item\":\"https:\\\/\\\/spawlab.pl\\\/en\\\/\"},{\"@type\":\"ListItem\",\"position\":2,\"name\":\"Store\",\"item\":\"https:\\\/\\\/spawlab.pl\\\/en\\\/shop\\\/\"},{\"@type\":\"ListItem\",\"position\":3,\"name\":\"Ideal EXPERT TIG 322 AC\\\/DC PULSE Pro7 LCD W.\"}]},{\"@type\":\"WebSite\",\"@id\":\"https:\\\/\\\/spawlab.pl\\\/en\\\/#website\",\"url\":\"https:\\\/\\\/spawlab.pl\\\/en\\\/\",\"name\":\"Spawlab.pl Lider - Spawarki, Przecinarki Plazmowe, Kompresory\",\"description\":\"Urz\u0105dzenia spawalnicze i Przecinarki plazmowe\\\/ nowe i u\u017cywane \\\/ Profesjonalny serwis\",\"publisher\":{\"@id\":\"https:\\\/\\\/spawlab.pl\\\/en\\\/#organization\"},\"alternateName\":\"Spawlab.pl - Dystrybutor Premium i Serwis na Polske Migatronic, Gys, Voestalpine Bohler Welding\",\"potentialAction\":[{\"@type\":\"SearchAction\",\"target\":{\"@type\":\"EntryPoint\",\"urlTemplate\":\"https:\\\/\\\/spawlab.pl\\\/en\\\/?s={search_term_string}\"},\"query-input\":{\"@type\":\"PropertyValueSpecification\",\"valueRequired\":true,\"valueName\":\"search_term_string\"}}],\"inLanguage\":\"en-US\"},{\"@type\":[\"Organization\",\"Place\"],\"@id\":\"https:\\\/\\\/spawlab.pl\\\/en\\\/#organization\",\"name\":\"Spawlab.pl\",\"url\":\"https:\\\/\\\/spawlab.pl\\\/en\\\/\",\"logo\":{\"@id\":\"https:\\\/\\\/spawlab.pl\\\/en\\\/produkt\\\/ideal-expert-tig-322-ac-dc-pulse-pro7-lcd-w\\\/#local-main-organization-logo\"},\"image\":{\"@id\":\"https:\\\/\\\/spawlab.pl\\\/en\\\/produkt\\\/ideal-expert-tig-322-ac-dc-pulse-pro7-lcd-w\\\/#local-main-organization-logo\"},\"sameAs\":[\"https:\\\/\\\/www.facebook.com\\\/Spawlab\\\/\",\"https:\\\/\\\/www.linkedin.com\\\/company\\\/spawlab\",\"https:\\\/\\\/www.instagram.com\\\/spawlab.pl\",\"https:\\\/\\\/www.tiktok.com\\\/@spawlab\"],\"description\":\"Lider sprzeda\u017cy, Oficjalny Dystrybutor Premium i Serwis na Polsk\u0119 Migatronic, Gys, Voestalpine Bohler Welding. Nowe i u\u017cywane Spawarki, Przecinarki Plazmowe, Kompresory. Mgr in\u017c. Jaros\u0142aw Ko\u0142aski, IWE\",\"hasMerchantReturnPolicy\":{\"@type\":\"MerchantReturnPolicy\",\"merchantReturnLink\":\"https:\\\/\\\/spawlab.pl\\\/polityka-prywatnosci-2\\\/\"},\"telephone\":[],\"openingHoursSpecification\":[{\"@type\":\"OpeningHoursSpecification\",\"dayOfWeek\":[\"Monday\",\"Tuesday\",\"Wednesday\",\"Thursday\",\"Friday\",\"Saturday\",\"Sunday\"],\"opens\":\"09:00\",\"closes\":\"17:00\"}]},{\"@type\":\"ImageObject\",\"inLanguage\":\"en-US\",\"@id\":\"https:\\\/\\\/spawlab.pl\\\/en\\\/produkt\\\/ideal-expert-tig-322-ac-dc-pulse-pro7-lcd-w\\\/#local-main-organization-logo\",\"url\":\"https:\\\/\\\/spawlab.pl\\\/wp-content\\\/uploads\\\/2022\\\/01\\\/olx.jpg\",\"contentUrl\":\"https:\\\/\\\/spawlab.pl\\\/wp-content\\\/uploads\\\/2022\\\/01\\\/olx.jpg\",\"width\":200,\"height\":200,\"caption\":\"Spawlab.pl\"}]}<\/script>\n<meta property=\"product:brand\" content=\"Ideal\" \/>\n<meta property=\"product:price:amount\" content=\"13199.00\" \/>\n<meta property=\"product:price:currency\" content=\"PLN\" \/>\n<meta property=\"og:availability\" content=\"backorder\" \/>\n<meta property=\"product:availability\" content=\"available for order\" \/>\n<meta property=\"product:condition\" content=\"new\" \/>\n<!-- \/ Yoast SEO Premium plugin. -->","yoast_head_json":{"title":"Ideal EXPERT TIG 322 AC\/DC PULSE Pro7 LCD W. - SpawLab - Welding equipment and plasma cutters - store and service","description":"Lider sprzeda\u017cy, Oficjalny Dystrybutor Premium i Serwis na Polsk\u0119 Migatronic, Gys, Voestalpine Bohler Welding. Nowe i u\u017cywane Spawarki, Przecinarki Plazmowe, Kompresory. Mgr in\u017c. Jaros\u0142aw Ko\u0142aski, IWE","robots":{"index":"index","follow":"follow","max-snippet":"max-snippet:-1","max-image-preview":"max-image-preview:large","max-video-preview":"max-video-preview:-1"},"canonical":"https:\/\/spawlab.pl\/en\/produkt\/ideal-expert-tig-322-ac-dc-pulse-pro7-lcd-w\/","og_locale":"en_US","og_type":"article","og_title":"Ideal EXPERT TIG 322 AC\/DC PULSE Pro7 LCD W.","og_description":"Lider sprzeda\u017cy, Oficjalny Dystrybutor Premium i Serwis na Polsk\u0119 Migatronic, Gys, Voestalpine Bohler Welding. Nowe i u\u017cywane Spawarki, Przecinarki Plazmowe, Kompresory. Mgr in\u017c. Jaros\u0142aw Ko\u0142aski, IWE","og_url":"https:\/\/spawlab.pl\/en\/produkt\/ideal-expert-tig-322-ac-dc-pulse-pro7-lcd-w\/","og_site_name":"SpawLab - Welding equipment and plasma cutters - store and service","article_publisher":"https:\/\/www.facebook.com\/Spawlab\/","article_modified_time":"2025-08-27T14:50:48+00:00","og_image":[{"width":580,"height":700,"url":"https:\/\/spawlab.pl\/wp-content\/uploads\/2025\/01\/expert-tig-322-ac-dc-pulse-lcd-pro7-8533b82557544661af641422901aa8f6-8df30862.jpg","type":"image\/jpeg"}],"twitter_misc":{"Price":"13 199,00&nbsp;&#122;&#322; (10 730,89&nbsp;&#122;&#322; netto)","Availability":"On backorder"},"schema":{"@context":"https:\/\/schema.org","@graph":[{"@type":["WebPage","ItemPage"],"@id":"https:\/\/spawlab.pl\/en\/produkt\/ideal-expert-tig-322-ac-dc-pulse-pro7-lcd-w\/","url":"https:\/\/spawlab.pl\/en\/produkt\/ideal-expert-tig-322-ac-dc-pulse-pro7-lcd-w\/","name":"Ideal EXPERT TIG 322 AC\/DC PULSE Pro7 LCD W. - SpawLab - Welding equipment and plasma cutters - store and service","isPartOf":{"@id":"https:\/\/spawlab.pl\/en\/#website"},"primaryImageOfPage":{"@id":"https:\/\/spawlab.pl\/en\/produkt\/ideal-expert-tig-322-ac-dc-pulse-pro7-lcd-w\/#primaryimage"},"image":{"@id":"https:\/\/spawlab.pl\/en\/produkt\/ideal-expert-tig-322-ac-dc-pulse-pro7-lcd-w\/#primaryimage"},"thumbnailUrl":"https:\/\/spawlab.pl\/wp-content\/uploads\/2025\/01\/expert-tig-322-ac-dc-pulse-lcd-pro7-8533b82557544661af641422901aa8f6-8df30862.jpg","datePublished":"2025-01-16T14:51:31+00:00","dateModified":"2025-08-27T14:50:48+00:00","description":"Lider sprzeda\u017cy, Oficjalny Dystrybutor Premium i Serwis na Polsk\u0119 Migatronic, Gys, Voestalpine Bohler Welding. Nowe i u\u017cywane Spawarki, Przecinarki Plazmowe, Kompresory. Mgr in\u017c. Jaros\u0142aw Ko\u0142aski, IWE","breadcrumb":{"@id":"https:\/\/spawlab.pl\/en\/produkt\/ideal-expert-tig-322-ac-dc-pulse-pro7-lcd-w\/#breadcrumb"},"inLanguage":"en-US","potentialAction":[{"@type":"ReadAction","target":["https:\/\/spawlab.pl\/en\/produkt\/ideal-expert-tig-322-ac-dc-pulse-pro7-lcd-w\/"]}]},{"@type":"ImageObject","inLanguage":"en-US","@id":"https:\/\/spawlab.pl\/en\/produkt\/ideal-expert-tig-322-ac-dc-pulse-pro7-lcd-w\/#primaryimage","url":"https:\/\/spawlab.pl\/wp-content\/uploads\/2025\/01\/expert-tig-322-ac-dc-pulse-lcd-pro7-8533b82557544661af641422901aa8f6-8df30862.jpg","contentUrl":"https:\/\/spawlab.pl\/wp-content\/uploads\/2025\/01\/expert-tig-322-ac-dc-pulse-lcd-pro7-8533b82557544661af641422901aa8f6-8df30862.jpg","width":580,"height":700},{"@type":"BreadcrumbList","@id":"https:\/\/spawlab.pl\/en\/produkt\/ideal-expert-tig-322-ac-dc-pulse-pro7-lcd-w\/#breadcrumb","itemListElement":[{"@type":"ListItem","position":1,"name":"Strona g\u0142\u00f3wna","item":"https:\/\/spawlab.pl\/en\/"},{"@type":"ListItem","position":2,"name":"Store","item":"https:\/\/spawlab.pl\/en\/shop\/"},{"@type":"ListItem","position":3,"name":"Ideal EXPERT TIG 322 AC\/DC PULSE Pro7 LCD W."}]},{"@type":"WebSite","@id":"https:\/\/spawlab.pl\/en\/#website","url":"https:\/\/spawlab.pl\/en\/","name":"Spawlab.pl Lider - Spawarki, Przecinarki Plazmowe, Kompresory","description":"Urz\u0105dzenia spawalnicze i Przecinarki plazmowe\/ nowe i u\u017cywane \/ Profesjonalny serwis","publisher":{"@id":"https:\/\/spawlab.pl\/en\/#organization"},"alternateName":"Spawlab.pl - Dystrybutor Premium i Serwis na Polske Migatronic, Gys, Voestalpine Bohler Welding","potentialAction":[{"@type":"SearchAction","target":{"@type":"EntryPoint","urlTemplate":"https:\/\/spawlab.pl\/en\/?s={search_term_string}"},"query-input":{"@type":"PropertyValueSpecification","valueRequired":true,"valueName":"search_term_string"}}],"inLanguage":"en-US"},{"@type":["Organization","Place"],"@id":"https:\/\/spawlab.pl\/en\/#organization","name":"Spawlab.pl","url":"https:\/\/spawlab.pl\/en\/","logo":{"@id":"https:\/\/spawlab.pl\/en\/produkt\/ideal-expert-tig-322-ac-dc-pulse-pro7-lcd-w\/#local-main-organization-logo"},"image":{"@id":"https:\/\/spawlab.pl\/en\/produkt\/ideal-expert-tig-322-ac-dc-pulse-pro7-lcd-w\/#local-main-organization-logo"},"sameAs":["https:\/\/www.facebook.com\/Spawlab\/","https:\/\/www.linkedin.com\/company\/spawlab","https:\/\/www.instagram.com\/spawlab.pl","https:\/\/www.tiktok.com\/@spawlab"],"description":"Lider sprzeda\u017cy, Oficjalny Dystrybutor Premium i Serwis na Polsk\u0119 Migatronic, Gys, Voestalpine Bohler Welding. Nowe i u\u017cywane Spawarki, Przecinarki Plazmowe, Kompresory. Mgr in\u017c. Jaros\u0142aw Ko\u0142aski, IWE","hasMerchantReturnPolicy":{"@type":"MerchantReturnPolicy","merchantReturnLink":"https:\/\/spawlab.pl\/polityka-prywatnosci-2\/"},"telephone":[],"openingHoursSpecification":[{"@type":"OpeningHoursSpecification","dayOfWeek":["Monday","Tuesday","Wednesday","Thursday","Friday","Saturday","Sunday"],"opens":"09:00","closes":"17:00"}]},{"@type":"ImageObject","inLanguage":"en-US","@id":"https:\/\/spawlab.pl\/en\/produkt\/ideal-expert-tig-322-ac-dc-pulse-pro7-lcd-w\/#local-main-organization-logo","url":"https:\/\/spawlab.pl\/wp-content\/uploads\/2022\/01\/olx.jpg","contentUrl":"https:\/\/spawlab.pl\/wp-content\/uploads\/2022\/01\/olx.jpg","width":200,"height":200,"caption":"Spawlab.pl"}]},"product_brand":"Ideal","product_price_amount":"13199.00","product_price_currency":"PLN","og_availability":"backorder","product_availability":"available for order","product_condition":"new"},"_links":{"self":[{"href":"https:\/\/spawlab.pl\/en\/wp-json\/wp\/v2\/product\/31111","targetHints":{"allow":["GET"]}}],"collection":[{"href":"https:\/\/spawlab.pl\/en\/wp-json\/wp\/v2\/product"}],"about":[{"href":"https:\/\/spawlab.pl\/en\/wp-json\/wp\/v2\/types\/product"}],"wp:featuredmedia":[{"embeddable":true,"href":"https:\/\/spawlab.pl\/en\/wp-json\/wp\/v2\/media\/18745"}],"wp:attachment":[{"href":"https:\/\/spawlab.pl\/en\/wp-json\/wp\/v2\/media?parent=31111"}],"wp:term":[{"taxonomy":"product_brand","embeddable":true,"href":"https:\/\/spawlab.pl\/en\/wp-json\/wp\/v2\/product_brand?post=31111"},{"taxonomy":"product_cat","embeddable":true,"href":"https:\/\/spawlab.pl\/en\/wp-json\/wp\/v2\/product_cat?post=31111"},{"taxonomy":"product_tag","embeddable":true,"href":"https:\/\/spawlab.pl\/en\/wp-json\/wp\/v2\/product_tag?post=31111"}],"curies":[{"name":"wp","href":"https:\/\/api.w.org\/{rel}","templated":true}]}}