{"id":31114,"date":"2025-01-16T15:35:44","date_gmt":"2025-01-16T14:35:44","guid":{"rendered":"https:\/\/spawlab.pl\/produkt\/ideal-expert-mig-380w-pulse-pro7-lcd\/"},"modified":"2025-08-27T16:54:44","modified_gmt":"2025-08-27T14:54:44","slug":"ideal-expert-mig-380w-pulse-pro7-lcd","status":"publish","type":"product","link":"https:\/\/spawlab.pl\/en\/produkt\/ideal-expert-mig-380w-pulse-pro7-lcd\/","title":{"rendered":"Ideal EXPERT MIG 380W PULSE Pro7 LCD"},"content":{"rendered":"<p><strong>EXPERT MIG 380W PULSE Pro7 LCD<\/strong> &#8211; a master tool for those who take welding seriously! ? This microprocessor-controlled, inverter-controlled combo is all you need to take full control of MIG\/MAG, FLUX, TIG LIFT and MMA welding. It offers as much as <strong>350A<\/strong> of power, a 3x400V three-phase power supply and a 4-roll wire feeder &#8211; ready for any mission, from body repairs to steel structures!  <\/p>\n<h3><strong>Features that are impressive<\/strong><\/h3>\n<p>This equipment doesn&#8217;t just weld &#8211; it thinks for you! Intelligent arc control and <strong>a 7-inch LCD touchscreen<\/strong> make setup a breeze: select your material and thickness, and the unit does the rest! Welding modes include:  <\/p>\n<ul>\n<li><strong>MIG Syn<\/strong> &#8211; for fast, synergistic control,<\/li>\n<li><strong>MIG Man<\/strong> &#8211; full manual control,<\/li>\n<li><strong>Pulse and Double Pulse<\/strong> &#8211; for perfect welds in any position.<\/li>\n<\/ul>\n<p>As a result, the EXPERT MIG 380W allows not only precise welding, but also full personalization of parameters such as pre- and post-welding gas, inductance, spot welding time and voltage correction.<\/p>\n<h3><strong>Welding modes for each job<\/strong><\/h3>\n<ul>\n<li><strong>MIG\/MAG<\/strong>: adjustment of arc length, base current, pulse time.<\/li>\n<li><strong>TIG LIFT<\/strong>: setting the welding current, current drop time or final gas discharge.<\/li>\n<li><strong>MMA<\/strong>: HOT START, ARC FORCE adjustment &#8211; all for perfect electrode weld.<\/li>\n<\/ul>\n<p>With the <strong>JOB function<\/strong>, you can save and read your favorite settings &#8211; saving time and ensuring repeatability.<\/p>\n<h3><strong>Reliability and convenience<\/strong><\/h3>\n<p>An integrated cooler with flow indication and SMART fans ensure performance while reducing internal contamination. Additional protections (overload, over- and under-voltage) and generator compatibility (+\/- 15%) make the EXPERT MIG 380W equipment ready for any situation. <\/p>\n<h3><strong>In the set you get:<\/strong><\/h3>\n<ul>\n<li>MIG 501W welding clamps (water, 3 m) with remote adjustment,<\/li>\n<li>Electrode and ground cable (3 m each),<\/li>\n<li>Hose with quick-release coupling.<\/li>\n<\/ul>\n<h3><strong>Warranty conditions:<\/strong><\/h3>\n<p>12-month warranty with door-to-door service &#8211; no worries, no shipping costs.<\/p>\n<div class=\"row-wrapper\">\n<div class=\"attribute-name\">Mains protection<\/div>\n<div class=\"attribute-values\">\n<div class=\"attribute-wrapper\">\n<div class=\"attribute-value\">C25<\/div>\n<\/div>\n<\/div>\n<\/div>\n<div class=\"row-wrapper\">\n<div class=\"attribute-name\">Rated supply voltage<\/div>\n<div class=\"attribute-values\">\n<div class=\"attribute-wrapper\">\n<div class=\"attribute-value\">400V; 50-60Hz (3ph)<\/div>\n<\/div>\n<\/div>\n<\/div>\n<div class=\"row-wrapper\">\n<div class=\"attribute-name\">Idle state voltage<\/div>\n<div class=\"attribute-values\">\n<div class=\"attribute-wrapper\">\n<div class=\"attribute-value\">72V (MIG) \/ 14.5V (TIG\/MMA)<\/div>\n<\/div>\n<\/div>\n<\/div>\n<div class=\"row-wrapper\">\n<div class=\"attribute-name\">Maximum current<\/div>\n<div class=\"attribute-values\">\n<div class=\"attribute-wrapper\">\n<div class=\"attribute-value\">350A<\/div>\n<\/div>\n<\/div>\n<\/div>\n<div class=\"row-wrapper\">\n<div class=\"attribute-name\">Current at 100% operation<\/div>\n<div class=\"attribute-values\">\n<div class=\"attribute-wrapper\">\n<div class=\"attribute-value\">221A (MIG\/MAG\/MMA\/TIG)<\/div>\n<\/div>\n<\/div>\n<\/div>\n<div class=\"row-wrapper\">\n<div class=\"attribute-name\">Current at 60% operation<\/div>\n<div class=\"attribute-values\">\n<div class=\"attribute-wrapper\">\n<div class=\"attribute-value\">350A (MIG\/MAG\/MMA\/TIG)<\/div>\n<\/div>\n<\/div>\n<\/div>\n<div class=\"row-wrapper\">\n<div class=\"attribute-name\">Diameter of aluminum wire<\/div>\n<div class=\"attribute-values\">\n<div class=\"attribute-wrapper\">\n<div class=\"attribute-value\">1.0\u00f71.6mm<\/div>\n<\/div>\n<\/div>\n<\/div>\n<div class=\"row-wrapper\">\n<div class=\"attribute-name\">Wire diameter for soldering<\/div>\n<div class=\"attribute-values\">\n<div class=\"attribute-wrapper\">\n<div class=\"attribute-value\">1.0\u00f71.6mm<\/div>\n<\/div>\n<\/div>\n<\/div>\n<div class=\"row-wrapper\">\n<div class=\"attribute-name\">Powder wire diameter<\/div>\n<div class=\"attribute-values\">\n<div class=\"attribute-wrapper\">\n<div class=\"attribute-value\">1.0\u00f71.6mm<\/div>\n<\/div>\n<\/div>\n<\/div>\n<div class=\"row-wrapper\">\n<div class=\"attribute-name\">Steel wire diameter<\/div>\n<div class=\"attribute-values\">\n<div class=\"attribute-wrapper\">\n<div class=\"attribute-value\">0.8\u00f71.6mm<\/div>\n<\/div>\n<\/div>\n<\/div>\n<div class=\"row-wrapper\">\n<div class=\"attribute-name\">Stainless steel wire diameter<\/div>\n<div class=\"attribute-values\">\n<div class=\"attribute-wrapper\">\n<div class=\"attribute-value\">0.8\u00f71.6mm<\/div>\n<\/div>\n<\/div>\n<\/div>\n<div class=\"row-wrapper\">\n<div class=\"attribute-name\">Welding electrode diameter<\/div>\n<div class=\"attribute-values\">\n<div class=\"attribute-wrapper\">\n<div class=\"attribute-value\">1.6\u00f75.0mm<\/div>\n<\/div>\n<\/div>\n<\/div>\n<div class=\"row-wrapper\">\n<div class=\"attribute-name\">Welding current adjustment range<\/div>\n<div class=\"attribute-values\">\n<div class=\"attribute-wrapper\">\n<div class=\"attribute-value\">40\u00f7350A (MIG\/MAG) \/ 10\u00f7350A (MMA\/TIG)<\/div>\n<\/div>\n<\/div>\n<\/div>\n<div class=\"row-wrapper\">\n<div class=\"attribute-name\">Wire spool size<\/div>\n<div class=\"attribute-values\">\n<div class=\"attribute-wrapper\">\n<div class=\"attribute-value\">5-15kg<\/div>\n<\/div>\n<\/div>\n<\/div>\n<div class=\"row-wrapper\">\n<div class=\"attribute-name\">Degree of protection<\/div>\n<div class=\"attribute-values\">\n<div class=\"attribute-wrapper\">\n<div class=\"attribute-value\">IP23S<\/div>\n<\/div>\n<\/div>\n<\/div>\n<div class=\"row-wrapper\">\n<div class=\"attribute-name\">Weight<\/div>\n<div class=\"attribute-values\">\n<div class=\"attribute-wrapper\">\n<div class=\"attribute-value\">34kg<\/div>\n<\/div>\n<\/div>\n<\/div>\n<div class=\"row-wrapper\">\n<div class=\"attribute-name\">Dimensions of the cooler package L x W x H<\/div>\n<div class=\"attribute-values\">\n<div class=\"attribute-wrapper\">\n<div class=\"attribute-value\">755x275x275mm<\/div>\n<\/div>\n<\/div>\n<\/div>\n<div class=\"row-wrapper\">\n<div class=\"attribute-name\">Package dimensions L x W x H<\/div>\n<div class=\"attribute-values\">\n<div class=\"attribute-wrapper\">\n<div class=\"attribute-value\">880x330x565mm<\/div>\n<\/div>\n<\/div>\n<\/div>\n<div class=\"row-wrapper\">\n<div class=\"attribute-name\">Dimensions of the cart package L x W x H<\/div>\n<div class=\"attribute-values\">\n<div class=\"attribute-wrapper\">\n<div class=\"attribute-value\">1250x650x275mm<\/div>\n<\/div>\n<\/div>\n<\/div>\n","protected":false},"excerpt":{"rendered":"<p><strong>EXPERT MIG 380W PULSE Pro7 LCD<\/strong> is a professional welding machine with 350A current and 3x400V power supply, designed for MIG\/MAG, FLUX, TIG LIFT and MMA welding. Equipped with single and double pulse, intelligent synergistic control and water cooler, it offers unparalleled precision and performance. An ideal choice for industry and advanced users.  <\/p>\n","protected":false},"featured_media":18706,"template":"","meta":{"inline_featured_image":false},"product_brand":[],"product_cat":[511,512,474],"product_tag":[3563,3551,3556,3564,3562,3548,3565,3555,3471,3552,3397,3444,3506,3550,3557,3554,3553,3526,3549],"class_list":{"0":"post-31114","1":"product","2":"type-product","3":"status-publish","4":"has-post-thumbnail","6":"product_cat-liquid-cooled-en-7","7":"product_cat-mig-mag-en-2","8":"product_cat-new","9":"product_tag-350a-welding-current","10":"product_tag-7-inch-lcd-display","11":"product_tag-arc-force-en","12":"product_tag-dual-pulse-en","13":"product_tag-expert-mig-380w-pulse-pro7-lcd-en","14":"product_tag-expert-mig-welder","15":"product_tag-gas-adjustment","16":"product_tag-hot-start-en","17":"product_tag-inverter-welder","18":"product_tag-job-function","19":"product_tag-mig-mag-welding","20":"product_tag-mma-welding","21":"product_tag-semi-automatic-welder","22":"product_tag-single-pulse","23":"product_tag-smart-cooling-mode","24":"product_tag-spot-mode","25":"product_tag-spot-welding","26":"product_tag-synergistic-settings","27":"product_tag-water-cooler","29":"first","30":"onbackorder","31":"taxable","32":"shipping-taxable","33":"purchasable","34":"product-type-simple"},"yoast_head":"<!-- This site is optimized with the Yoast SEO Premium plugin v27.0 (Yoast SEO v27.3) - https:\/\/yoast.com\/product\/yoast-seo-premium-wordpress\/ -->\n<title>Ideal EXPERT MIG 380W PULSE Pro7 LCD - SpawLab - Welding equipment and plasma cutters - store and service<\/title>\n<meta name=\"description\" content=\"Lider sprzeda\u017cy, Oficjalny Dystrybutor Premium i Serwis na Polsk\u0119 Migatronic, Gys, Voestalpine Bohler Welding. Nowe i u\u017cywane Spawarki, Przecinarki Plazmowe, Kompresory. Mgr in\u017c. Jaros\u0142aw Ko\u0142aski, IWE\" \/>\n<meta name=\"robots\" content=\"index, follow, max-snippet:-1, max-image-preview:large, max-video-preview:-1\" \/>\n<link rel=\"canonical\" href=\"https:\/\/spawlab.pl\/en\/produkt\/ideal-expert-mig-380w-pulse-pro7-lcd\/\" \/>\n<meta property=\"og:locale\" content=\"en_US\" \/>\n<meta property=\"og:type\" content=\"article\" \/>\n<meta property=\"og:title\" content=\"Ideal EXPERT MIG 380W PULSE Pro7 LCD\" \/>\n<meta property=\"og:description\" content=\"Lider sprzeda\u017cy, Oficjalny Dystrybutor Premium i Serwis na Polsk\u0119 Migatronic, Gys, Voestalpine Bohler Welding. Nowe i u\u017cywane Spawarki, Przecinarki Plazmowe, Kompresory. Mgr in\u017c. Jaros\u0142aw Ko\u0142aski, IWE\" \/>\n<meta property=\"og:url\" content=\"https:\/\/spawlab.pl\/en\/produkt\/ideal-expert-mig-380w-pulse-pro7-lcd\/\" \/>\n<meta property=\"og:site_name\" content=\"SpawLab - Welding equipment and plasma cutters - store and service\" \/>\n<meta property=\"article:publisher\" content=\"https:\/\/www.facebook.com\/Spawlab\/\" \/>\n<meta property=\"article:modified_time\" content=\"2025-08-27T14:54:44+00:00\" \/>\n<meta property=\"og:image\" content=\"https:\/\/spawlab.pl\/wp-content\/uploads\/2025\/01\/expert-mig-380w-pulse-pro7-lcd-aaa2b721465946de94286e66858cfec3-7e713fdb.jpg\" \/>\n\t<meta property=\"og:image:width\" content=\"572\" \/>\n\t<meta property=\"og:image:height\" content=\"700\" \/>\n\t<meta property=\"og:image:type\" content=\"image\/jpeg\" \/>\n<meta name=\"twitter:label1\" content=\"Price\" \/>\n\t<meta name=\"twitter:data1\" content=\"13 299,00&nbsp;&#122;&#322; (10 812,20&nbsp;&#122;&#322; netto)\" \/>\n\t<meta name=\"twitter:label2\" content=\"Availability\" \/>\n\t<meta name=\"twitter:data2\" content=\"On backorder\" \/>\n<script type=\"application\/ld+json\" class=\"yoast-schema-graph\">{\"@context\":\"https:\\\/\\\/schema.org\",\"@graph\":[{\"@type\":[\"WebPage\",\"ItemPage\"],\"@id\":\"https:\\\/\\\/spawlab.pl\\\/en\\\/produkt\\\/ideal-expert-mig-380w-pulse-pro7-lcd\\\/\",\"url\":\"https:\\\/\\\/spawlab.pl\\\/en\\\/produkt\\\/ideal-expert-mig-380w-pulse-pro7-lcd\\\/\",\"name\":\"Ideal EXPERT MIG 380W PULSE Pro7 LCD - SpawLab - Welding equipment and plasma cutters - store and service\",\"isPartOf\":{\"@id\":\"https:\\\/\\\/spawlab.pl\\\/en\\\/#website\"},\"primaryImageOfPage\":{\"@id\":\"https:\\\/\\\/spawlab.pl\\\/en\\\/produkt\\\/ideal-expert-mig-380w-pulse-pro7-lcd\\\/#primaryimage\"},\"image\":{\"@id\":\"https:\\\/\\\/spawlab.pl\\\/en\\\/produkt\\\/ideal-expert-mig-380w-pulse-pro7-lcd\\\/#primaryimage\"},\"thumbnailUrl\":\"https:\\\/\\\/spawlab.pl\\\/wp-content\\\/uploads\\\/2025\\\/01\\\/expert-mig-380w-pulse-pro7-lcd-aaa2b721465946de94286e66858cfec3-7e713fdb.jpg\",\"datePublished\":\"2025-01-16T14:35:44+00:00\",\"dateModified\":\"2025-08-27T14:54:44+00:00\",\"description\":\"Lider sprzeda\u017cy, Oficjalny Dystrybutor Premium i Serwis na Polsk\u0119 Migatronic, Gys, Voestalpine Bohler Welding. Nowe i u\u017cywane Spawarki, Przecinarki Plazmowe, Kompresory. Mgr in\u017c. Jaros\u0142aw Ko\u0142aski, IWE\",\"breadcrumb\":{\"@id\":\"https:\\\/\\\/spawlab.pl\\\/en\\\/produkt\\\/ideal-expert-mig-380w-pulse-pro7-lcd\\\/#breadcrumb\"},\"inLanguage\":\"en-US\",\"potentialAction\":[{\"@type\":\"ReadAction\",\"target\":[\"https:\\\/\\\/spawlab.pl\\\/en\\\/produkt\\\/ideal-expert-mig-380w-pulse-pro7-lcd\\\/\"]}]},{\"@type\":\"ImageObject\",\"inLanguage\":\"en-US\",\"@id\":\"https:\\\/\\\/spawlab.pl\\\/en\\\/produkt\\\/ideal-expert-mig-380w-pulse-pro7-lcd\\\/#primaryimage\",\"url\":\"https:\\\/\\\/spawlab.pl\\\/wp-content\\\/uploads\\\/2025\\\/01\\\/expert-mig-380w-pulse-pro7-lcd-aaa2b721465946de94286e66858cfec3-7e713fdb.jpg\",\"contentUrl\":\"https:\\\/\\\/spawlab.pl\\\/wp-content\\\/uploads\\\/2025\\\/01\\\/expert-mig-380w-pulse-pro7-lcd-aaa2b721465946de94286e66858cfec3-7e713fdb.jpg\",\"width\":572,\"height\":700},{\"@type\":\"BreadcrumbList\",\"@id\":\"https:\\\/\\\/spawlab.pl\\\/en\\\/produkt\\\/ideal-expert-mig-380w-pulse-pro7-lcd\\\/#breadcrumb\",\"itemListElement\":[{\"@type\":\"ListItem\",\"position\":1,\"name\":\"Strona g\u0142\u00f3wna\",\"item\":\"https:\\\/\\\/spawlab.pl\\\/en\\\/\"},{\"@type\":\"ListItem\",\"position\":2,\"name\":\"Store\",\"item\":\"https:\\\/\\\/spawlab.pl\\\/en\\\/shop\\\/\"},{\"@type\":\"ListItem\",\"position\":3,\"name\":\"Ideal EXPERT MIG 380W PULSE Pro7 LCD\"}]},{\"@type\":\"WebSite\",\"@id\":\"https:\\\/\\\/spawlab.pl\\\/en\\\/#website\",\"url\":\"https:\\\/\\\/spawlab.pl\\\/en\\\/\",\"name\":\"Spawlab.pl Lider - Spawarki, Przecinarki Plazmowe, Kompresory\",\"description\":\"Urz\u0105dzenia spawalnicze i Przecinarki plazmowe\\\/ nowe i u\u017cywane \\\/ Profesjonalny serwis\",\"publisher\":{\"@id\":\"https:\\\/\\\/spawlab.pl\\\/en\\\/#organization\"},\"alternateName\":\"Spawlab.pl - Dystrybutor Premium i Serwis na Polske Migatronic, Gys, Voestalpine Bohler Welding\",\"potentialAction\":[{\"@type\":\"SearchAction\",\"target\":{\"@type\":\"EntryPoint\",\"urlTemplate\":\"https:\\\/\\\/spawlab.pl\\\/en\\\/?s={search_term_string}\"},\"query-input\":{\"@type\":\"PropertyValueSpecification\",\"valueRequired\":true,\"valueName\":\"search_term_string\"}}],\"inLanguage\":\"en-US\"},{\"@type\":[\"Organization\",\"Place\"],\"@id\":\"https:\\\/\\\/spawlab.pl\\\/en\\\/#organization\",\"name\":\"Spawlab.pl\",\"url\":\"https:\\\/\\\/spawlab.pl\\\/en\\\/\",\"logo\":{\"@id\":\"https:\\\/\\\/spawlab.pl\\\/en\\\/produkt\\\/ideal-expert-mig-380w-pulse-pro7-lcd\\\/#local-main-organization-logo\"},\"image\":{\"@id\":\"https:\\\/\\\/spawlab.pl\\\/en\\\/produkt\\\/ideal-expert-mig-380w-pulse-pro7-lcd\\\/#local-main-organization-logo\"},\"sameAs\":[\"https:\\\/\\\/www.facebook.com\\\/Spawlab\\\/\",\"https:\\\/\\\/www.linkedin.com\\\/company\\\/spawlab\",\"https:\\\/\\\/www.instagram.com\\\/spawlab.pl\",\"https:\\\/\\\/www.tiktok.com\\\/@spawlab\"],\"description\":\"Lider sprzeda\u017cy, Oficjalny Dystrybutor Premium i Serwis na Polsk\u0119 Migatronic, Gys, Voestalpine Bohler Welding. Nowe i u\u017cywane Spawarki, Przecinarki Plazmowe, Kompresory. Mgr in\u017c. Jaros\u0142aw Ko\u0142aski, IWE\",\"hasMerchantReturnPolicy\":{\"@type\":\"MerchantReturnPolicy\",\"merchantReturnLink\":\"https:\\\/\\\/spawlab.pl\\\/polityka-prywatnosci-2\\\/\"},\"telephone\":[],\"openingHoursSpecification\":[{\"@type\":\"OpeningHoursSpecification\",\"dayOfWeek\":[\"Monday\",\"Tuesday\",\"Wednesday\",\"Thursday\",\"Friday\",\"Saturday\",\"Sunday\"],\"opens\":\"09:00\",\"closes\":\"17:00\"}]},{\"@type\":\"ImageObject\",\"inLanguage\":\"en-US\",\"@id\":\"https:\\\/\\\/spawlab.pl\\\/en\\\/produkt\\\/ideal-expert-mig-380w-pulse-pro7-lcd\\\/#local-main-organization-logo\",\"url\":\"https:\\\/\\\/spawlab.pl\\\/wp-content\\\/uploads\\\/2022\\\/01\\\/olx.jpg\",\"contentUrl\":\"https:\\\/\\\/spawlab.pl\\\/wp-content\\\/uploads\\\/2022\\\/01\\\/olx.jpg\",\"width\":200,\"height\":200,\"caption\":\"Spawlab.pl\"}]}<\/script>\n<meta property=\"product:brand\" content=\"Ideal\" \/>\n<meta property=\"product:price:amount\" content=\"13299.00\" \/>\n<meta property=\"product:price:currency\" content=\"PLN\" \/>\n<meta property=\"og:availability\" content=\"backorder\" \/>\n<meta property=\"product:availability\" content=\"available for order\" \/>\n<meta property=\"product:condition\" content=\"new\" \/>\n<!-- \/ Yoast SEO Premium plugin. -->","yoast_head_json":{"title":"Ideal EXPERT MIG 380W PULSE Pro7 LCD - SpawLab - Welding equipment and plasma cutters - store and service","description":"Lider sprzeda\u017cy, Oficjalny Dystrybutor Premium i Serwis na Polsk\u0119 Migatronic, Gys, Voestalpine Bohler Welding. Nowe i u\u017cywane Spawarki, Przecinarki Plazmowe, Kompresory. Mgr in\u017c. Jaros\u0142aw Ko\u0142aski, IWE","robots":{"index":"index","follow":"follow","max-snippet":"max-snippet:-1","max-image-preview":"max-image-preview:large","max-video-preview":"max-video-preview:-1"},"canonical":"https:\/\/spawlab.pl\/en\/produkt\/ideal-expert-mig-380w-pulse-pro7-lcd\/","og_locale":"en_US","og_type":"article","og_title":"Ideal EXPERT MIG 380W PULSE Pro7 LCD","og_description":"Lider sprzeda\u017cy, Oficjalny Dystrybutor Premium i Serwis na Polsk\u0119 Migatronic, Gys, Voestalpine Bohler Welding. Nowe i u\u017cywane Spawarki, Przecinarki Plazmowe, Kompresory. Mgr in\u017c. Jaros\u0142aw Ko\u0142aski, IWE","og_url":"https:\/\/spawlab.pl\/en\/produkt\/ideal-expert-mig-380w-pulse-pro7-lcd\/","og_site_name":"SpawLab - Welding equipment and plasma cutters - store and service","article_publisher":"https:\/\/www.facebook.com\/Spawlab\/","article_modified_time":"2025-08-27T14:54:44+00:00","og_image":[{"width":572,"height":700,"url":"https:\/\/spawlab.pl\/wp-content\/uploads\/2025\/01\/expert-mig-380w-pulse-pro7-lcd-aaa2b721465946de94286e66858cfec3-7e713fdb.jpg","type":"image\/jpeg"}],"twitter_misc":{"Price":"13 299,00&nbsp;&#122;&#322; (10 812,20&nbsp;&#122;&#322; netto)","Availability":"On backorder"},"schema":{"@context":"https:\/\/schema.org","@graph":[{"@type":["WebPage","ItemPage"],"@id":"https:\/\/spawlab.pl\/en\/produkt\/ideal-expert-mig-380w-pulse-pro7-lcd\/","url":"https:\/\/spawlab.pl\/en\/produkt\/ideal-expert-mig-380w-pulse-pro7-lcd\/","name":"Ideal EXPERT MIG 380W PULSE Pro7 LCD - SpawLab - Welding equipment and plasma cutters - store and service","isPartOf":{"@id":"https:\/\/spawlab.pl\/en\/#website"},"primaryImageOfPage":{"@id":"https:\/\/spawlab.pl\/en\/produkt\/ideal-expert-mig-380w-pulse-pro7-lcd\/#primaryimage"},"image":{"@id":"https:\/\/spawlab.pl\/en\/produkt\/ideal-expert-mig-380w-pulse-pro7-lcd\/#primaryimage"},"thumbnailUrl":"https:\/\/spawlab.pl\/wp-content\/uploads\/2025\/01\/expert-mig-380w-pulse-pro7-lcd-aaa2b721465946de94286e66858cfec3-7e713fdb.jpg","datePublished":"2025-01-16T14:35:44+00:00","dateModified":"2025-08-27T14:54:44+00:00","description":"Lider sprzeda\u017cy, Oficjalny Dystrybutor Premium i Serwis na Polsk\u0119 Migatronic, Gys, Voestalpine Bohler Welding. Nowe i u\u017cywane Spawarki, Przecinarki Plazmowe, Kompresory. Mgr in\u017c. Jaros\u0142aw Ko\u0142aski, IWE","breadcrumb":{"@id":"https:\/\/spawlab.pl\/en\/produkt\/ideal-expert-mig-380w-pulse-pro7-lcd\/#breadcrumb"},"inLanguage":"en-US","potentialAction":[{"@type":"ReadAction","target":["https:\/\/spawlab.pl\/en\/produkt\/ideal-expert-mig-380w-pulse-pro7-lcd\/"]}]},{"@type":"ImageObject","inLanguage":"en-US","@id":"https:\/\/spawlab.pl\/en\/produkt\/ideal-expert-mig-380w-pulse-pro7-lcd\/#primaryimage","url":"https:\/\/spawlab.pl\/wp-content\/uploads\/2025\/01\/expert-mig-380w-pulse-pro7-lcd-aaa2b721465946de94286e66858cfec3-7e713fdb.jpg","contentUrl":"https:\/\/spawlab.pl\/wp-content\/uploads\/2025\/01\/expert-mig-380w-pulse-pro7-lcd-aaa2b721465946de94286e66858cfec3-7e713fdb.jpg","width":572,"height":700},{"@type":"BreadcrumbList","@id":"https:\/\/spawlab.pl\/en\/produkt\/ideal-expert-mig-380w-pulse-pro7-lcd\/#breadcrumb","itemListElement":[{"@type":"ListItem","position":1,"name":"Strona g\u0142\u00f3wna","item":"https:\/\/spawlab.pl\/en\/"},{"@type":"ListItem","position":2,"name":"Store","item":"https:\/\/spawlab.pl\/en\/shop\/"},{"@type":"ListItem","position":3,"name":"Ideal EXPERT MIG 380W PULSE Pro7 LCD"}]},{"@type":"WebSite","@id":"https:\/\/spawlab.pl\/en\/#website","url":"https:\/\/spawlab.pl\/en\/","name":"Spawlab.pl Lider - Spawarki, Przecinarki Plazmowe, Kompresory","description":"Urz\u0105dzenia spawalnicze i Przecinarki plazmowe\/ nowe i u\u017cywane \/ Profesjonalny serwis","publisher":{"@id":"https:\/\/spawlab.pl\/en\/#organization"},"alternateName":"Spawlab.pl - Dystrybutor Premium i Serwis na Polske Migatronic, Gys, Voestalpine Bohler Welding","potentialAction":[{"@type":"SearchAction","target":{"@type":"EntryPoint","urlTemplate":"https:\/\/spawlab.pl\/en\/?s={search_term_string}"},"query-input":{"@type":"PropertyValueSpecification","valueRequired":true,"valueName":"search_term_string"}}],"inLanguage":"en-US"},{"@type":["Organization","Place"],"@id":"https:\/\/spawlab.pl\/en\/#organization","name":"Spawlab.pl","url":"https:\/\/spawlab.pl\/en\/","logo":{"@id":"https:\/\/spawlab.pl\/en\/produkt\/ideal-expert-mig-380w-pulse-pro7-lcd\/#local-main-organization-logo"},"image":{"@id":"https:\/\/spawlab.pl\/en\/produkt\/ideal-expert-mig-380w-pulse-pro7-lcd\/#local-main-organization-logo"},"sameAs":["https:\/\/www.facebook.com\/Spawlab\/","https:\/\/www.linkedin.com\/company\/spawlab","https:\/\/www.instagram.com\/spawlab.pl","https:\/\/www.tiktok.com\/@spawlab"],"description":"Lider sprzeda\u017cy, Oficjalny Dystrybutor Premium i Serwis na Polsk\u0119 Migatronic, Gys, Voestalpine Bohler Welding. Nowe i u\u017cywane Spawarki, Przecinarki Plazmowe, Kompresory. Mgr in\u017c. Jaros\u0142aw Ko\u0142aski, IWE","hasMerchantReturnPolicy":{"@type":"MerchantReturnPolicy","merchantReturnLink":"https:\/\/spawlab.pl\/polityka-prywatnosci-2\/"},"telephone":[],"openingHoursSpecification":[{"@type":"OpeningHoursSpecification","dayOfWeek":["Monday","Tuesday","Wednesday","Thursday","Friday","Saturday","Sunday"],"opens":"09:00","closes":"17:00"}]},{"@type":"ImageObject","inLanguage":"en-US","@id":"https:\/\/spawlab.pl\/en\/produkt\/ideal-expert-mig-380w-pulse-pro7-lcd\/#local-main-organization-logo","url":"https:\/\/spawlab.pl\/wp-content\/uploads\/2022\/01\/olx.jpg","contentUrl":"https:\/\/spawlab.pl\/wp-content\/uploads\/2022\/01\/olx.jpg","width":200,"height":200,"caption":"Spawlab.pl"}]},"product_brand":"Ideal","product_price_amount":"13299.00","product_price_currency":"PLN","og_availability":"backorder","product_availability":"available for order","product_condition":"new"},"_links":{"self":[{"href":"https:\/\/spawlab.pl\/en\/wp-json\/wp\/v2\/product\/31114","targetHints":{"allow":["GET"]}}],"collection":[{"href":"https:\/\/spawlab.pl\/en\/wp-json\/wp\/v2\/product"}],"about":[{"href":"https:\/\/spawlab.pl\/en\/wp-json\/wp\/v2\/types\/product"}],"wp:featuredmedia":[{"embeddable":true,"href":"https:\/\/spawlab.pl\/en\/wp-json\/wp\/v2\/media\/18706"}],"wp:attachment":[{"href":"https:\/\/spawlab.pl\/en\/wp-json\/wp\/v2\/media?parent=31114"}],"wp:term":[{"taxonomy":"product_brand","embeddable":true,"href":"https:\/\/spawlab.pl\/en\/wp-json\/wp\/v2\/product_brand?post=31114"},{"taxonomy":"product_cat","embeddable":true,"href":"https:\/\/spawlab.pl\/en\/wp-json\/wp\/v2\/product_cat?post=31114"},{"taxonomy":"product_tag","embeddable":true,"href":"https:\/\/spawlab.pl\/en\/wp-json\/wp\/v2\/product_tag?post=31114"}],"curies":[{"name":"wp","href":"https:\/\/api.w.org\/{rel}","templated":true}]}}