{"id":31180,"date":"2023-09-20T08:31:26","date_gmt":"2023-09-20T06:31:26","guid":{"rendered":"https:\/\/spawlab.pl\/produkt\/bohler-q-g-316l-si-1-2-x-15kg-g-19-12-3-lsi-er316lsi\/"},"modified":"2023-09-20T08:31:26","modified_gmt":"2023-09-20T06:31:26","slug":"bohler-q-g-316l-si-1-2-x-15kg-g-19-12-3-lsi-er316lsi","status":"publish","type":"product","link":"https:\/\/spawlab.pl\/en\/produkt\/bohler-q-g-316l-si-1-2-x-15kg-g-19-12-3-lsi-er316lsi\/","title":{"rendered":"Bohler Q G 316L-Si 1.2 x 15kg ; G 19 12 3 LSi \/ ER316LSi"},"content":{"rendered":"<div class=\"info-name\">\n<p>Bohler brand products , valued worldwide, especially in the industrial sector for their quality, reliability and durability. Available today from us as an Official Distributor of this Brand <\/p>\n<p><strong>Feel free to try this product and you won&#8217;t want for anything else<\/strong><\/p>\n<p><img fetchpriority=\"high\" decoding=\"async\" class=\"wp-image-9974 alignleft\" src=\"https:\/\/spawlab.pl\/wp-content\/smush-avif\/2023\/09\/Boehler-Welding-BS300-non-copper-coated-05-1200x1200px.jpg.avif\" alt=\"\" width=\"491\" height=\"491\" srcset=\"https:\/\/spawlab.pl\/wp-content\/smush-avif\/2023\/09\/Boehler-Welding-BS300-non-copper-coated-05-1200x1200px.jpg.avif 1200w, https:\/\/spawlab.pl\/wp-content\/smush-avif\/2023\/09\/Boehler-Welding-BS300-non-copper-coated-05-1200x1200px-300x300.jpg.avif 300w, https:\/\/spawlab.pl\/wp-content\/smush-avif\/2023\/09\/Boehler-Welding-BS300-non-copper-coated-05-1200x1200px-1024x1024.jpg.avif 1024w, https:\/\/spawlab.pl\/wp-content\/smush-avif\/2023\/09\/Boehler-Welding-BS300-non-copper-coated-05-1200x1200px-150x150.jpg.avif 150w, https:\/\/spawlab.pl\/wp-content\/smush-avif\/2023\/09\/Boehler-Welding-BS300-non-copper-coated-05-1200x1200px-768x768.jpg.avif 768w, https:\/\/spawlab.pl\/wp-content\/smush-avif\/2023\/09\/Boehler-Welding-BS300-non-copper-coated-05-1200x1200px-600x600.jpg.avif 600w, https:\/\/spawlab.pl\/wp-content\/smush-avif\/2023\/09\/Boehler-Welding-BS300-non-copper-coated-05-1200x1200px-100x100.jpg.avif 100w, https:\/\/spawlab.pl\/wp-content\/smush-avif\/2023\/09\/Boehler-Welding-BS300-non-copper-coated-05-1200x1200px-64x64.jpg.avif 64w\" sizes=\"(max-width: 491px) 100vw, 491px\" data-smush-avif-fallback=\"{&quot;src&quot;:&quot;https:\\\/\\\/spawlab.pl\\\/wp-content\\\/uploads\\\/2023\\\/09\\\/Boehler-Welding-BS300-non-copper-coated-05-1200x1200px.jpg&quot;,&quot;srcset&quot;:&quot;https:\\\/\\\/spawlab.pl\\\/wp-content\\\/uploads\\\/2023\\\/09\\\/Boehler-Welding-BS300-non-copper-coated-05-1200x1200px.jpg 1200w, https:\\\/\\\/spawlab.pl\\\/wp-content\\\/uploads\\\/2023\\\/09\\\/Boehler-Welding-BS300-non-copper-coated-05-1200x1200px-300x300.jpg 300w, https:\\\/\\\/spawlab.pl\\\/wp-content\\\/uploads\\\/2023\\\/09\\\/Boehler-Welding-BS300-non-copper-coated-05-1200x1200px-1024x1024.jpg 1024w, https:\\\/\\\/spawlab.pl\\\/wp-content\\\/uploads\\\/2023\\\/09\\\/Boehler-Welding-BS300-non-copper-coated-05-1200x1200px-150x150.jpg 150w, https:\\\/\\\/spawlab.pl\\\/wp-content\\\/uploads\\\/2023\\\/09\\\/Boehler-Welding-BS300-non-copper-coated-05-1200x1200px-768x768.jpg 768w, https:\\\/\\\/spawlab.pl\\\/wp-content\\\/uploads\\\/2023\\\/09\\\/Boehler-Welding-BS300-non-copper-coated-05-1200x1200px-600x600.jpg 600w, https:\\\/\\\/spawlab.pl\\\/wp-content\\\/uploads\\\/2023\\\/09\\\/Boehler-Welding-BS300-non-copper-coated-05-1200x1200px-100x100.jpg 100w, https:\\\/\\\/spawlab.pl\\\/wp-content\\\/uploads\\\/2023\\\/09\\\/Boehler-Welding-BS300-non-copper-coated-05-1200x1200px-64x64.jpg 64w&quot;}\" \/><\/p>\n<\/div>\n<p>Solid welding wire type 316LSi \/ 19 12 3 L Si for fillet and overlay welding of similar and non-stabilized austenitic CrNi(N) and CrNiMo(N) steels. Corrosion resistance similar to similar low-carbon and stabilized austenitic steels 17Cr-12Ni-2Mo. The wire exhibits very good wetting and transfer properties with excellent weld metal ductility up to -196\u00b0C. Max working temperature 400\u00b0C    <img decoding=\"async\" class=\"alignnone size-full wp-image-10029 lazyload\" data-src=\"https:\/\/spawlab.pl\/wp-content\/smush-avif\/2023\/09\/316lsi-1.jpg.avif\" alt=\"\" width=\"1684\" height=\"1599\" data-srcset=\"https:\/\/spawlab.pl\/wp-content\/smush-avif\/2023\/09\/316lsi-1.jpg.avif 1684w, https:\/\/spawlab.pl\/wp-content\/smush-avif\/2023\/09\/316lsi-1-300x285.jpg.avif 300w, https:\/\/spawlab.pl\/wp-content\/smush-avif\/2023\/09\/316lsi-1-1024x972.jpg.avif 1024w, https:\/\/spawlab.pl\/wp-content\/smush-avif\/2023\/09\/316lsi-1-768x729.jpg.avif 768w, https:\/\/spawlab.pl\/wp-content\/smush-avif\/2023\/09\/316lsi-1-1536x1458.jpg.avif 1536w, https:\/\/spawlab.pl\/wp-content\/smush-avif\/2023\/09\/316lsi-1-1320x1253.jpg.avif 1320w, https:\/\/spawlab.pl\/wp-content\/smush-avif\/2023\/09\/316lsi-1-600x570.jpg.avif 600w, https:\/\/spawlab.pl\/wp-content\/smush-avif\/2023\/09\/316lsi-1-64x61.jpg.avif 64w\" data-sizes=\"(max-width: 1684px) 100vw, 1684px\" src=\"data:image\/svg+xml;base64,PHN2ZyB3aWR0aD0iMSIgaGVpZ2h0PSIxIiB4bWxucz0iaHR0cDovL3d3dy53My5vcmcvMjAwMC9zdmciPjwvc3ZnPg==\" style=\"--smush-placeholder-width: 1684px; --smush-placeholder-aspect-ratio: 1684\/1599;\" data-smush-avif-fallback=\"{&quot;data-src&quot;:&quot;https:\\\/\\\/spawlab.pl\\\/wp-content\\\/uploads\\\/2023\\\/09\\\/316lsi-1.jpg&quot;,&quot;data-srcset&quot;:&quot;https:\\\/\\\/spawlab.pl\\\/wp-content\\\/uploads\\\/2023\\\/09\\\/316lsi-1.jpg 1684w, https:\\\/\\\/spawlab.pl\\\/wp-content\\\/uploads\\\/2023\\\/09\\\/316lsi-1-300x285.jpg 300w, https:\\\/\\\/spawlab.pl\\\/wp-content\\\/uploads\\\/2023\\\/09\\\/316lsi-1-1024x972.jpg 1024w, https:\\\/\\\/spawlab.pl\\\/wp-content\\\/uploads\\\/2023\\\/09\\\/316lsi-1-768x729.jpg 768w, https:\\\/\\\/spawlab.pl\\\/wp-content\\\/uploads\\\/2023\\\/09\\\/316lsi-1-1536x1458.jpg 1536w, https:\\\/\\\/spawlab.pl\\\/wp-content\\\/uploads\\\/2023\\\/09\\\/316lsi-1-1320x1253.jpg 1320w, https:\\\/\\\/spawlab.pl\\\/wp-content\\\/uploads\\\/2023\\\/09\\\/316lsi-1-600x570.jpg 600w, https:\\\/\\\/spawlab.pl\\\/wp-content\\\/uploads\\\/2023\\\/09\\\/316lsi-1-64x61.jpg 64w&quot;}\" \/><\/p>\n","protected":false},"excerpt":{"rendered":"<p>Bohler brand products , valued worldwide, especially in the industrial sector for their quality, reliability and durability. Available today from us as an Official Distributor of this Brand Feel free to try this product and you won&#8217;t want for anything else Solid welding wire type 316LSi \/ 19 12 3 L Si for fillet and [&hellip;]<\/p>\n","protected":false},"featured_media":16943,"template":"","meta":{"inline_featured_image":false},"product_brand":[],"product_cat":[476,475,538,540],"product_tag":[],"class_list":{"0":"post-31180","1":"product","2":"type-product","3":"status-publish","4":"has-post-thumbnail","6":"product_cat-accessories","7":"product_cat-accessories-parts","8":"product_cat-mig-mag-en-3","9":"product_cat-welding-wire","11":"first","12":"onbackorder","13":"taxable","14":"shipping-taxable","15":"purchasable","16":"product-type-simple"},"yoast_head":"<!-- This site is optimized with the Yoast SEO Premium plugin v27.0 (Yoast SEO v27.3) - https:\/\/yoast.com\/product\/yoast-seo-premium-wordpress\/ -->\n<title>Bohler Q G 316L-Si 1.2 x 15kg ; G 19 12 3 LSi \/ ER316LSi - SpawLab - Welding equipment and plasma cutters - store and service<\/title>\n<meta name=\"description\" content=\"Lider sprzeda\u017cy, Oficjalny Dystrybutor Premium i Serwis na Polsk\u0119 Migatronic, Gys, Voestalpine Bohler Welding. Nowe i u\u017cywane Spawarki, Przecinarki Plazmowe, Kompresory. Mgr in\u017c. Jaros\u0142aw Ko\u0142aski, IWE\" \/>\n<meta name=\"robots\" content=\"index, follow, max-snippet:-1, max-image-preview:large, max-video-preview:-1\" \/>\n<link rel=\"canonical\" href=\"https:\/\/spawlab.pl\/en\/produkt\/bohler-q-g-316l-si-1-2-x-15kg-g-19-12-3-lsi-er316lsi\/\" \/>\n<meta property=\"og:locale\" content=\"en_US\" \/>\n<meta property=\"og:type\" content=\"article\" \/>\n<meta property=\"og:title\" content=\"Bohler Q G 316L-Si 1.2 x 15kg ; G 19 12 3 LSi \/ ER316LSi\" \/>\n<meta property=\"og:description\" content=\"Lider sprzeda\u017cy, Oficjalny Dystrybutor Premium i Serwis na Polsk\u0119 Migatronic, Gys, Voestalpine Bohler Welding. Nowe i u\u017cywane Spawarki, Przecinarki Plazmowe, Kompresory. Mgr in\u017c. Jaros\u0142aw Ko\u0142aski, IWE\" \/>\n<meta property=\"og:url\" content=\"https:\/\/spawlab.pl\/en\/produkt\/bohler-q-g-316l-si-1-2-x-15kg-g-19-12-3-lsi-er316lsi\/\" \/>\n<meta property=\"og:site_name\" content=\"SpawLab - Welding equipment and plasma cutters - store and service\" \/>\n<meta property=\"article:publisher\" content=\"https:\/\/www.facebook.com\/Spawlab\/\" \/>\n<meta property=\"og:image\" content=\"https:\/\/spawlab.pl\/wp-content\/uploads\/2023\/09\/Boehler-Welding-BS300-non-copper-coated-05-1200x1200px.jpg\" \/>\n\t<meta property=\"og:image:width\" content=\"1200\" \/>\n\t<meta property=\"og:image:height\" content=\"1200\" \/>\n\t<meta property=\"og:image:type\" content=\"image\/jpeg\" \/>\n<meta name=\"twitter:label1\" content=\"Price\" \/>\n\t<meta name=\"twitter:data1\" content=\"1 292,00&nbsp;&#122;&#322; (1 050,41&nbsp;&#122;&#322; netto)\" \/>\n\t<meta name=\"twitter:label2\" content=\"Availability\" \/>\n\t<meta name=\"twitter:data2\" content=\"On backorder\" \/>\n<script type=\"application\/ld+json\" class=\"yoast-schema-graph\">{\"@context\":\"https:\\\/\\\/schema.org\",\"@graph\":[{\"@type\":[\"WebPage\",\"ItemPage\"],\"@id\":\"https:\\\/\\\/spawlab.pl\\\/en\\\/produkt\\\/bohler-q-g-316l-si-1-2-x-15kg-g-19-12-3-lsi-er316lsi\\\/\",\"url\":\"https:\\\/\\\/spawlab.pl\\\/en\\\/produkt\\\/bohler-q-g-316l-si-1-2-x-15kg-g-19-12-3-lsi-er316lsi\\\/\",\"name\":\"Bohler Q G 316L-Si 1.2 x 15kg ; G 19 12 3 LSi \\\/ ER316LSi - SpawLab - Welding equipment and plasma cutters - store and service\",\"isPartOf\":{\"@id\":\"https:\\\/\\\/spawlab.pl\\\/en\\\/#website\"},\"primaryImageOfPage\":{\"@id\":\"https:\\\/\\\/spawlab.pl\\\/en\\\/produkt\\\/bohler-q-g-316l-si-1-2-x-15kg-g-19-12-3-lsi-er316lsi\\\/#primaryimage\"},\"image\":{\"@id\":\"https:\\\/\\\/spawlab.pl\\\/en\\\/produkt\\\/bohler-q-g-316l-si-1-2-x-15kg-g-19-12-3-lsi-er316lsi\\\/#primaryimage\"},\"thumbnailUrl\":\"https:\\\/\\\/spawlab.pl\\\/wp-content\\\/uploads\\\/2023\\\/09\\\/Boehler-Welding-BS300-non-copper-coated-05-1200x1200px.jpg\",\"datePublished\":\"2023-09-20T06:31:26+00:00\",\"description\":\"Lider sprzeda\u017cy, Oficjalny Dystrybutor Premium i Serwis na Polsk\u0119 Migatronic, Gys, Voestalpine Bohler Welding. Nowe i u\u017cywane Spawarki, Przecinarki Plazmowe, Kompresory. Mgr in\u017c. Jaros\u0142aw Ko\u0142aski, IWE\",\"breadcrumb\":{\"@id\":\"https:\\\/\\\/spawlab.pl\\\/en\\\/produkt\\\/bohler-q-g-316l-si-1-2-x-15kg-g-19-12-3-lsi-er316lsi\\\/#breadcrumb\"},\"inLanguage\":\"en-US\",\"potentialAction\":[{\"@type\":\"ReadAction\",\"target\":[\"https:\\\/\\\/spawlab.pl\\\/en\\\/produkt\\\/bohler-q-g-316l-si-1-2-x-15kg-g-19-12-3-lsi-er316lsi\\\/\"]}]},{\"@type\":\"ImageObject\",\"inLanguage\":\"en-US\",\"@id\":\"https:\\\/\\\/spawlab.pl\\\/en\\\/produkt\\\/bohler-q-g-316l-si-1-2-x-15kg-g-19-12-3-lsi-er316lsi\\\/#primaryimage\",\"url\":\"https:\\\/\\\/spawlab.pl\\\/wp-content\\\/uploads\\\/2023\\\/09\\\/Boehler-Welding-BS300-non-copper-coated-05-1200x1200px.jpg\",\"contentUrl\":\"https:\\\/\\\/spawlab.pl\\\/wp-content\\\/uploads\\\/2023\\\/09\\\/Boehler-Welding-BS300-non-copper-coated-05-1200x1200px.jpg\",\"width\":1200,\"height\":1200},{\"@type\":\"BreadcrumbList\",\"@id\":\"https:\\\/\\\/spawlab.pl\\\/en\\\/produkt\\\/bohler-q-g-316l-si-1-2-x-15kg-g-19-12-3-lsi-er316lsi\\\/#breadcrumb\",\"itemListElement\":[{\"@type\":\"ListItem\",\"position\":1,\"name\":\"Strona g\u0142\u00f3wna\",\"item\":\"https:\\\/\\\/spawlab.pl\\\/en\\\/\"},{\"@type\":\"ListItem\",\"position\":2,\"name\":\"Store\",\"item\":\"https:\\\/\\\/spawlab.pl\\\/en\\\/shop\\\/\"},{\"@type\":\"ListItem\",\"position\":3,\"name\":\"Bohler Q G 316L-Si 1.2 x 15kg ; G 19 12 3 LSi \\\/ ER316LSi\"}]},{\"@type\":\"WebSite\",\"@id\":\"https:\\\/\\\/spawlab.pl\\\/en\\\/#website\",\"url\":\"https:\\\/\\\/spawlab.pl\\\/en\\\/\",\"name\":\"Spawlab.pl Lider - Spawarki, Przecinarki Plazmowe, Kompresory\",\"description\":\"Urz\u0105dzenia spawalnicze i Przecinarki plazmowe\\\/ nowe i u\u017cywane \\\/ Profesjonalny serwis\",\"publisher\":{\"@id\":\"https:\\\/\\\/spawlab.pl\\\/en\\\/#organization\"},\"alternateName\":\"Spawlab.pl - Dystrybutor Premium i Serwis na Polske Migatronic, Gys, Voestalpine Bohler Welding\",\"potentialAction\":[{\"@type\":\"SearchAction\",\"target\":{\"@type\":\"EntryPoint\",\"urlTemplate\":\"https:\\\/\\\/spawlab.pl\\\/en\\\/?s={search_term_string}\"},\"query-input\":{\"@type\":\"PropertyValueSpecification\",\"valueRequired\":true,\"valueName\":\"search_term_string\"}}],\"inLanguage\":\"en-US\"},{\"@type\":[\"Organization\",\"Place\"],\"@id\":\"https:\\\/\\\/spawlab.pl\\\/en\\\/#organization\",\"name\":\"Spawlab.pl\",\"url\":\"https:\\\/\\\/spawlab.pl\\\/en\\\/\",\"logo\":{\"@id\":\"https:\\\/\\\/spawlab.pl\\\/en\\\/produkt\\\/bohler-q-g-316l-si-1-2-x-15kg-g-19-12-3-lsi-er316lsi\\\/#local-main-organization-logo\"},\"image\":{\"@id\":\"https:\\\/\\\/spawlab.pl\\\/en\\\/produkt\\\/bohler-q-g-316l-si-1-2-x-15kg-g-19-12-3-lsi-er316lsi\\\/#local-main-organization-logo\"},\"sameAs\":[\"https:\\\/\\\/www.facebook.com\\\/Spawlab\\\/\",\"https:\\\/\\\/www.linkedin.com\\\/company\\\/spawlab\",\"https:\\\/\\\/www.instagram.com\\\/spawlab.pl\",\"https:\\\/\\\/www.tiktok.com\\\/@spawlab\"],\"description\":\"Lider sprzeda\u017cy, Oficjalny Dystrybutor Premium i Serwis na Polsk\u0119 Migatronic, Gys, Voestalpine Bohler Welding. Nowe i u\u017cywane Spawarki, Przecinarki Plazmowe, Kompresory. Mgr in\u017c. Jaros\u0142aw Ko\u0142aski, IWE\",\"hasMerchantReturnPolicy\":{\"@type\":\"MerchantReturnPolicy\",\"merchantReturnLink\":\"https:\\\/\\\/spawlab.pl\\\/polityka-prywatnosci-2\\\/\"},\"telephone\":[],\"openingHoursSpecification\":[{\"@type\":\"OpeningHoursSpecification\",\"dayOfWeek\":[\"Monday\",\"Tuesday\",\"Wednesday\",\"Thursday\",\"Friday\",\"Saturday\",\"Sunday\"],\"opens\":\"09:00\",\"closes\":\"17:00\"}]},{\"@type\":\"ImageObject\",\"inLanguage\":\"en-US\",\"@id\":\"https:\\\/\\\/spawlab.pl\\\/en\\\/produkt\\\/bohler-q-g-316l-si-1-2-x-15kg-g-19-12-3-lsi-er316lsi\\\/#local-main-organization-logo\",\"url\":\"https:\\\/\\\/spawlab.pl\\\/wp-content\\\/uploads\\\/2022\\\/01\\\/olx.jpg\",\"contentUrl\":\"https:\\\/\\\/spawlab.pl\\\/wp-content\\\/uploads\\\/2022\\\/01\\\/olx.jpg\",\"width\":200,\"height\":200,\"caption\":\"Spawlab.pl\"}]}<\/script>\n<meta property=\"product:brand\" content=\"B\u00f6hler\" \/>\n<meta property=\"product:price:amount\" content=\"1292.00\" \/>\n<meta property=\"product:price:currency\" content=\"PLN\" \/>\n<meta property=\"og:availability\" content=\"backorder\" \/>\n<meta property=\"product:availability\" content=\"available for order\" \/>\n<meta property=\"product:condition\" content=\"new\" \/>\n<!-- \/ Yoast SEO Premium plugin. -->","yoast_head_json":{"title":"Bohler Q G 316L-Si 1.2 x 15kg ; G 19 12 3 LSi \/ ER316LSi - SpawLab - Welding equipment and plasma cutters - store and service","description":"Lider sprzeda\u017cy, Oficjalny Dystrybutor Premium i Serwis na Polsk\u0119 Migatronic, Gys, Voestalpine Bohler Welding. Nowe i u\u017cywane Spawarki, Przecinarki Plazmowe, Kompresory. Mgr in\u017c. Jaros\u0142aw Ko\u0142aski, IWE","robots":{"index":"index","follow":"follow","max-snippet":"max-snippet:-1","max-image-preview":"max-image-preview:large","max-video-preview":"max-video-preview:-1"},"canonical":"https:\/\/spawlab.pl\/en\/produkt\/bohler-q-g-316l-si-1-2-x-15kg-g-19-12-3-lsi-er316lsi\/","og_locale":"en_US","og_type":"article","og_title":"Bohler Q G 316L-Si 1.2 x 15kg ; G 19 12 3 LSi \/ ER316LSi","og_description":"Lider sprzeda\u017cy, Oficjalny Dystrybutor Premium i Serwis na Polsk\u0119 Migatronic, Gys, Voestalpine Bohler Welding. Nowe i u\u017cywane Spawarki, Przecinarki Plazmowe, Kompresory. Mgr in\u017c. Jaros\u0142aw Ko\u0142aski, IWE","og_url":"https:\/\/spawlab.pl\/en\/produkt\/bohler-q-g-316l-si-1-2-x-15kg-g-19-12-3-lsi-er316lsi\/","og_site_name":"SpawLab - Welding equipment and plasma cutters - store and service","article_publisher":"https:\/\/www.facebook.com\/Spawlab\/","og_image":[{"width":1200,"height":1200,"url":"https:\/\/spawlab.pl\/wp-content\/uploads\/2023\/09\/Boehler-Welding-BS300-non-copper-coated-05-1200x1200px.jpg","type":"image\/jpeg"}],"twitter_misc":{"Price":"1 292,00&nbsp;&#122;&#322; (1 050,41&nbsp;&#122;&#322; netto)","Availability":"On backorder"},"schema":{"@context":"https:\/\/schema.org","@graph":[{"@type":["WebPage","ItemPage"],"@id":"https:\/\/spawlab.pl\/en\/produkt\/bohler-q-g-316l-si-1-2-x-15kg-g-19-12-3-lsi-er316lsi\/","url":"https:\/\/spawlab.pl\/en\/produkt\/bohler-q-g-316l-si-1-2-x-15kg-g-19-12-3-lsi-er316lsi\/","name":"Bohler Q G 316L-Si 1.2 x 15kg ; G 19 12 3 LSi \/ ER316LSi - SpawLab - Welding equipment and plasma cutters - store and service","isPartOf":{"@id":"https:\/\/spawlab.pl\/en\/#website"},"primaryImageOfPage":{"@id":"https:\/\/spawlab.pl\/en\/produkt\/bohler-q-g-316l-si-1-2-x-15kg-g-19-12-3-lsi-er316lsi\/#primaryimage"},"image":{"@id":"https:\/\/spawlab.pl\/en\/produkt\/bohler-q-g-316l-si-1-2-x-15kg-g-19-12-3-lsi-er316lsi\/#primaryimage"},"thumbnailUrl":"https:\/\/spawlab.pl\/wp-content\/uploads\/2023\/09\/Boehler-Welding-BS300-non-copper-coated-05-1200x1200px.jpg","datePublished":"2023-09-20T06:31:26+00:00","description":"Lider sprzeda\u017cy, Oficjalny Dystrybutor Premium i Serwis na Polsk\u0119 Migatronic, Gys, Voestalpine Bohler Welding. Nowe i u\u017cywane Spawarki, Przecinarki Plazmowe, Kompresory. Mgr in\u017c. Jaros\u0142aw Ko\u0142aski, IWE","breadcrumb":{"@id":"https:\/\/spawlab.pl\/en\/produkt\/bohler-q-g-316l-si-1-2-x-15kg-g-19-12-3-lsi-er316lsi\/#breadcrumb"},"inLanguage":"en-US","potentialAction":[{"@type":"ReadAction","target":["https:\/\/spawlab.pl\/en\/produkt\/bohler-q-g-316l-si-1-2-x-15kg-g-19-12-3-lsi-er316lsi\/"]}]},{"@type":"ImageObject","inLanguage":"en-US","@id":"https:\/\/spawlab.pl\/en\/produkt\/bohler-q-g-316l-si-1-2-x-15kg-g-19-12-3-lsi-er316lsi\/#primaryimage","url":"https:\/\/spawlab.pl\/wp-content\/uploads\/2023\/09\/Boehler-Welding-BS300-non-copper-coated-05-1200x1200px.jpg","contentUrl":"https:\/\/spawlab.pl\/wp-content\/uploads\/2023\/09\/Boehler-Welding-BS300-non-copper-coated-05-1200x1200px.jpg","width":1200,"height":1200},{"@type":"BreadcrumbList","@id":"https:\/\/spawlab.pl\/en\/produkt\/bohler-q-g-316l-si-1-2-x-15kg-g-19-12-3-lsi-er316lsi\/#breadcrumb","itemListElement":[{"@type":"ListItem","position":1,"name":"Strona g\u0142\u00f3wna","item":"https:\/\/spawlab.pl\/en\/"},{"@type":"ListItem","position":2,"name":"Store","item":"https:\/\/spawlab.pl\/en\/shop\/"},{"@type":"ListItem","position":3,"name":"Bohler Q G 316L-Si 1.2 x 15kg ; G 19 12 3 LSi \/ ER316LSi"}]},{"@type":"WebSite","@id":"https:\/\/spawlab.pl\/en\/#website","url":"https:\/\/spawlab.pl\/en\/","name":"Spawlab.pl Lider - Spawarki, Przecinarki Plazmowe, Kompresory","description":"Urz\u0105dzenia spawalnicze i Przecinarki plazmowe\/ nowe i u\u017cywane \/ Profesjonalny serwis","publisher":{"@id":"https:\/\/spawlab.pl\/en\/#organization"},"alternateName":"Spawlab.pl - Dystrybutor Premium i Serwis na Polske Migatronic, Gys, Voestalpine Bohler Welding","potentialAction":[{"@type":"SearchAction","target":{"@type":"EntryPoint","urlTemplate":"https:\/\/spawlab.pl\/en\/?s={search_term_string}"},"query-input":{"@type":"PropertyValueSpecification","valueRequired":true,"valueName":"search_term_string"}}],"inLanguage":"en-US"},{"@type":["Organization","Place"],"@id":"https:\/\/spawlab.pl\/en\/#organization","name":"Spawlab.pl","url":"https:\/\/spawlab.pl\/en\/","logo":{"@id":"https:\/\/spawlab.pl\/en\/produkt\/bohler-q-g-316l-si-1-2-x-15kg-g-19-12-3-lsi-er316lsi\/#local-main-organization-logo"},"image":{"@id":"https:\/\/spawlab.pl\/en\/produkt\/bohler-q-g-316l-si-1-2-x-15kg-g-19-12-3-lsi-er316lsi\/#local-main-organization-logo"},"sameAs":["https:\/\/www.facebook.com\/Spawlab\/","https:\/\/www.linkedin.com\/company\/spawlab","https:\/\/www.instagram.com\/spawlab.pl","https:\/\/www.tiktok.com\/@spawlab"],"description":"Lider sprzeda\u017cy, Oficjalny Dystrybutor Premium i Serwis na Polsk\u0119 Migatronic, Gys, Voestalpine Bohler Welding. Nowe i u\u017cywane Spawarki, Przecinarki Plazmowe, Kompresory. Mgr in\u017c. Jaros\u0142aw Ko\u0142aski, IWE","hasMerchantReturnPolicy":{"@type":"MerchantReturnPolicy","merchantReturnLink":"https:\/\/spawlab.pl\/polityka-prywatnosci-2\/"},"telephone":[],"openingHoursSpecification":[{"@type":"OpeningHoursSpecification","dayOfWeek":["Monday","Tuesday","Wednesday","Thursday","Friday","Saturday","Sunday"],"opens":"09:00","closes":"17:00"}]},{"@type":"ImageObject","inLanguage":"en-US","@id":"https:\/\/spawlab.pl\/en\/produkt\/bohler-q-g-316l-si-1-2-x-15kg-g-19-12-3-lsi-er316lsi\/#local-main-organization-logo","url":"https:\/\/spawlab.pl\/wp-content\/uploads\/2022\/01\/olx.jpg","contentUrl":"https:\/\/spawlab.pl\/wp-content\/uploads\/2022\/01\/olx.jpg","width":200,"height":200,"caption":"Spawlab.pl"}]},"product_brand":"B\u00f6hler","product_price_amount":"1292.00","product_price_currency":"PLN","og_availability":"backorder","product_availability":"available for order","product_condition":"new"},"_links":{"self":[{"href":"https:\/\/spawlab.pl\/en\/wp-json\/wp\/v2\/product\/31180","targetHints":{"allow":["GET"]}}],"collection":[{"href":"https:\/\/spawlab.pl\/en\/wp-json\/wp\/v2\/product"}],"about":[{"href":"https:\/\/spawlab.pl\/en\/wp-json\/wp\/v2\/types\/product"}],"wp:featuredmedia":[{"embeddable":true,"href":"https:\/\/spawlab.pl\/en\/wp-json\/wp\/v2\/media\/16943"}],"wp:attachment":[{"href":"https:\/\/spawlab.pl\/en\/wp-json\/wp\/v2\/media?parent=31180"}],"wp:term":[{"taxonomy":"product_brand","embeddable":true,"href":"https:\/\/spawlab.pl\/en\/wp-json\/wp\/v2\/product_brand?post=31180"},{"taxonomy":"product_cat","embeddable":true,"href":"https:\/\/spawlab.pl\/en\/wp-json\/wp\/v2\/product_cat?post=31180"},{"taxonomy":"product_tag","embeddable":true,"href":"https:\/\/spawlab.pl\/en\/wp-json\/wp\/v2\/product_tag?post=31180"}],"curies":[{"name":"wp","href":"https:\/\/api.w.org\/{rel}","templated":true}]}}