{"id":31192,"date":"2023-09-19T14:36:26","date_gmt":"2023-09-19T12:36:26","guid":{"rendered":"https:\/\/spawlab.pl\/produkt\/selco-bohler-guardian-62-la-catrina\/"},"modified":"2023-09-19T14:36:26","modified_gmt":"2023-09-19T12:36:26","slug":"selco-bohler-guardian-62-la-catrina","status":"publish","type":"product","link":"https:\/\/spawlab.pl\/en\/produkt\/selco-bohler-guardian-62-la-catrina\/","title":{"rendered":"Selco &#8211; Bohler Guardian 62 La Catrina"},"content":{"rendered":"<p>Bohler brand products , valued worldwide, especially in the industrial sector for their quality, reliability and durability. Available today from us as an Official Distributor of this Brand <\/p>\n<p><strong>Feel free to try this product and you won&#8217;t want for anything else<\/strong><\/p>\n<p><img fetchpriority=\"high\" decoding=\"async\" class=\"size-full wp-image-9989 aligncenter\" src=\"https:\/\/spawlab.pl\/wp-content\/smush-avif\/2023\/09\/1.-jpg.jpg.avif\" alt=\"\" width=\"1938\" height=\"1503\" srcset=\"https:\/\/spawlab.pl\/wp-content\/smush-avif\/2023\/09\/1.-jpg.jpg.avif 1938w, https:\/\/spawlab.pl\/wp-content\/smush-avif\/2023\/09\/1.-jpg-300x233.jpg.avif 300w, https:\/\/spawlab.pl\/wp-content\/smush-avif\/2023\/09\/1.-jpg-1024x794.jpg.avif 1024w, https:\/\/spawlab.pl\/wp-content\/smush-avif\/2023\/09\/1.-jpg-768x596.jpg.avif 768w, https:\/\/spawlab.pl\/wp-content\/smush-avif\/2023\/09\/1.-jpg-1536x1191.jpg.avif 1536w, https:\/\/spawlab.pl\/wp-content\/smush-avif\/2023\/09\/1.-jpg-1320x1024.jpg.avif 1320w, https:\/\/spawlab.pl\/wp-content\/smush-avif\/2023\/09\/1.-jpg-600x465.jpg.avif 600w, https:\/\/spawlab.pl\/wp-content\/smush-avif\/2023\/09\/1.-jpg-64x50.jpg.avif 64w\" sizes=\"(max-width: 1938px) 100vw, 1938px\" data-smush-avif-fallback=\"{&quot;src&quot;:&quot;https:\\\/\\\/spawlab.pl\\\/wp-content\\\/uploads\\\/2023\\\/09\\\/1.-jpg.jpg&quot;,&quot;srcset&quot;:&quot;https:\\\/\\\/spawlab.pl\\\/wp-content\\\/uploads\\\/2023\\\/09\\\/1.-jpg.jpg 1938w, https:\\\/\\\/spawlab.pl\\\/wp-content\\\/uploads\\\/2023\\\/09\\\/1.-jpg-300x233.jpg 300w, https:\\\/\\\/spawlab.pl\\\/wp-content\\\/uploads\\\/2023\\\/09\\\/1.-jpg-1024x794.jpg 1024w, https:\\\/\\\/spawlab.pl\\\/wp-content\\\/uploads\\\/2023\\\/09\\\/1.-jpg-768x596.jpg 768w, https:\\\/\\\/spawlab.pl\\\/wp-content\\\/uploads\\\/2023\\\/09\\\/1.-jpg-1536x1191.jpg 1536w, https:\\\/\\\/spawlab.pl\\\/wp-content\\\/uploads\\\/2023\\\/09\\\/1.-jpg-1320x1024.jpg 1320w, https:\\\/\\\/spawlab.pl\\\/wp-content\\\/uploads\\\/2023\\\/09\\\/1.-jpg-600x465.jpg 600w, https:\\\/\\\/spawlab.pl\\\/wp-content\\\/uploads\\\/2023\\\/09\\\/1.-jpg-64x50.jpg 64w&quot;}\" \/><\/p>\n<p>&nbsp;<\/p>\n<p><img decoding=\"async\" class=\"wp-image-9990 alignleft lazyload\" data-src=\"https:\/\/spawlab.pl\/wp-content\/smush-avif\/2023\/09\/62-la-catrina-.jpg.avif\" alt=\"\" width=\"473\" height=\"624\" data-srcset=\"https:\/\/spawlab.pl\/wp-content\/smush-avif\/2023\/09\/62-la-catrina-.jpg.avif 1114w, https:\/\/spawlab.pl\/wp-content\/smush-avif\/2023\/09\/62-la-catrina--227x300.jpg.avif 227w, https:\/\/spawlab.pl\/wp-content\/smush-avif\/2023\/09\/62-la-catrina--776x1024.jpg.avif 776w, https:\/\/spawlab.pl\/wp-content\/smush-avif\/2023\/09\/62-la-catrina--768x1013.jpg.avif 768w, https:\/\/spawlab.pl\/wp-content\/smush-avif\/2023\/09\/62-la-catrina--600x792.jpg.avif 600w, https:\/\/spawlab.pl\/wp-content\/smush-avif\/2023\/09\/62-la-catrina--64x84.jpg.avif 64w\" data-sizes=\"(max-width: 473px) 100vw, 473px\" src=\"data:image\/svg+xml;base64,PHN2ZyB3aWR0aD0iMSIgaGVpZ2h0PSIxIiB4bWxucz0iaHR0cDovL3d3dy53My5vcmcvMjAwMC9zdmciPjwvc3ZnPg==\" style=\"--smush-placeholder-width: 473px; --smush-placeholder-aspect-ratio: 473\/624;\" data-smush-avif-fallback=\"{&quot;data-src&quot;:&quot;https:\\\/\\\/spawlab.pl\\\/wp-content\\\/uploads\\\/2023\\\/09\\\/62-la-catrina-.jpg&quot;,&quot;data-srcset&quot;:&quot;https:\\\/\\\/spawlab.pl\\\/wp-content\\\/uploads\\\/2023\\\/09\\\/62-la-catrina-.jpg 1114w, https:\\\/\\\/spawlab.pl\\\/wp-content\\\/uploads\\\/2023\\\/09\\\/62-la-catrina--227x300.jpg 227w, https:\\\/\\\/spawlab.pl\\\/wp-content\\\/uploads\\\/2023\\\/09\\\/62-la-catrina--776x1024.jpg 776w, https:\\\/\\\/spawlab.pl\\\/wp-content\\\/uploads\\\/2023\\\/09\\\/62-la-catrina--768x1013.jpg 768w, https:\\\/\\\/spawlab.pl\\\/wp-content\\\/uploads\\\/2023\\\/09\\\/62-la-catrina--600x792.jpg 600w, https:\\\/\\\/spawlab.pl\\\/wp-content\\\/uploads\\\/2023\\\/09\\\/62-la-catrina--64x84.jpg 64w&quot;}\" \/><\/p>\n<p>GUARDIAN &#8211; FAMILY OF PROTECTIVE HEADHOLMS<br \/>\nGuardian visors are designed for a wide range of welding and grinding applications. The focus of our<br \/>\nproducts is on welders&#8217; expectations for high-quality, comfortable and durable products. This means light<br \/>\nproducts weighing up to 480 grams with robust headgear covered with soft sweatbands and high ADF clarity with true<br \/>\ncolor technology.<br \/>\nGuardian62 &#8211; designed for the highest expectations:  <\/p>\n<p>Guardian62 ADF &#8211; Specification as Guardian62<\/p>\n<ul>\n<li>Shade 4, 5-9 \/ 9-13 &#8211; suitable for TIG welding (&gt; 5 A)<\/li>\n<li>Grinding mode button<\/li>\n<li>  Viewing area: 62 x 98 mm &#8211; True blue color with best-in-class brightness<\/li>\n<li>  Classification EN 379 1\/1\/1\/2 &#8211; 4 arc detectors<\/li>\n<li>Lightweight 480 grams<br \/>\n<img decoding=\"async\" class=\"wp-image-9997 alignleft lazyload\" data-src=\"https:\/\/spawlab.pl\/wp-content\/smush-avif\/2023\/09\/20230919_133420-scaled.jpg.avif\" alt=\"\" width=\"739\" height=\"985\" data-srcset=\"https:\/\/spawlab.pl\/wp-content\/smush-avif\/2023\/09\/20230919_133420-scaled.jpg.avif 1920w, https:\/\/spawlab.pl\/wp-content\/smush-avif\/2023\/09\/20230919_133420-225x300.jpg.avif 225w, https:\/\/spawlab.pl\/wp-content\/smush-avif\/2023\/09\/20230919_133420-768x1024.jpg.avif 768w, https:\/\/spawlab.pl\/wp-content\/smush-avif\/2023\/09\/20230919_133420-1152x1536.jpg.avif 1152w, https:\/\/spawlab.pl\/wp-content\/smush-avif\/2023\/09\/20230919_133420-1536x2048.jpg.avif 1536w, https:\/\/spawlab.pl\/wp-content\/smush-avif\/2023\/09\/20230919_133420-1320x1760.jpg.avif 1320w, https:\/\/spawlab.pl\/wp-content\/smush-avif\/2023\/09\/20230919_133420-600x800.jpg.avif 600w, https:\/\/spawlab.pl\/wp-content\/smush-avif\/2023\/09\/20230919_133420-64x85.jpg.avif 64w\" data-sizes=\"(max-width: 739px) 100vw, 739px\" src=\"data:image\/svg+xml;base64,PHN2ZyB3aWR0aD0iMSIgaGVpZ2h0PSIxIiB4bWxucz0iaHR0cDovL3d3dy53My5vcmcvMjAwMC9zdmciPjwvc3ZnPg==\" style=\"--smush-placeholder-width: 739px; --smush-placeholder-aspect-ratio: 739\/985;\" data-smush-avif-fallback=\"{&quot;data-src&quot;:&quot;https:\\\/\\\/spawlab.pl\\\/wp-content\\\/uploads\\\/2023\\\/09\\\/20230919_133420-scaled.jpg&quot;,&quot;data-srcset&quot;:&quot;https:\\\/\\\/spawlab.pl\\\/wp-content\\\/uploads\\\/2023\\\/09\\\/20230919_133420-scaled.jpg 1920w, https:\\\/\\\/spawlab.pl\\\/wp-content\\\/uploads\\\/2023\\\/09\\\/20230919_133420-225x300.jpg 225w, https:\\\/\\\/spawlab.pl\\\/wp-content\\\/uploads\\\/2023\\\/09\\\/20230919_133420-768x1024.jpg 768w, https:\\\/\\\/spawlab.pl\\\/wp-content\\\/uploads\\\/2023\\\/09\\\/20230919_133420-1152x1536.jpg 1152w, https:\\\/\\\/spawlab.pl\\\/wp-content\\\/uploads\\\/2023\\\/09\\\/20230919_133420-1536x2048.jpg 1536w, https:\\\/\\\/spawlab.pl\\\/wp-content\\\/uploads\\\/2023\\\/09\\\/20230919_133420-1320x1760.jpg 1320w, https:\\\/\\\/spawlab.pl\\\/wp-content\\\/uploads\\\/2023\\\/09\\\/20230919_133420-600x800.jpg 600w, https:\\\/\\\/spawlab.pl\\\/wp-content\\\/uploads\\\/2023\\\/09\\\/20230919_133420-64x85.jpg 64w&quot;}\" \/><\/li>\n<\/ul>\n","protected":false},"excerpt":{"rendered":"<p>Bohler brand products , valued worldwide, especially in the industrial sector for their quality, reliability and durability. Available today from us as an Official Distributor of this Brand Feel free to try this product and you won&#8217;t want for anything else &nbsp; GUARDIAN &#8211; FAMILY OF PROTECTIVE HEADHOLMS Guardian visors are designed for a wide [&hellip;]<\/p>\n","protected":false},"featured_media":16955,"template":"","meta":{"inline_featured_image":false},"product_brand":[],"product_cat":[476,475,526,477],"product_tag":[],"class_list":{"0":"post-31192","1":"product","2":"type-product","3":"status-publish","4":"has-post-thumbnail","6":"product_cat-accessories","7":"product_cat-accessories-parts","8":"product_cat-bohler-en","9":"product_cat-welding-visors","11":"first","12":"instock","13":"taxable","14":"shipping-taxable","15":"purchasable","16":"product-type-simple"},"yoast_head":"<!-- This site is optimized with the Yoast SEO Premium plugin v27.0 (Yoast SEO v27.3) - https:\/\/yoast.com\/product\/yoast-seo-premium-wordpress\/ -->\n<title>Selco - Bohler Guardian 62 La Catrina - SpawLab - Welding equipment and plasma cutters - store and service<\/title>\n<meta name=\"description\" content=\"Lider sprzeda\u017cy, Oficjalny Dystrybutor Premium i Serwis na Polsk\u0119 Migatronic, Gys, Voestalpine Bohler Welding. Nowe i u\u017cywane Spawarki, Przecinarki Plazmowe, Kompresory. Mgr in\u017c. Jaros\u0142aw Ko\u0142aski, IWE\" \/>\n<meta name=\"robots\" content=\"index, follow, max-snippet:-1, max-image-preview:large, max-video-preview:-1\" \/>\n<link rel=\"canonical\" href=\"https:\/\/spawlab.pl\/en\/produkt\/selco-bohler-guardian-62-la-catrina\/\" \/>\n<meta property=\"og:locale\" content=\"en_US\" \/>\n<meta property=\"og:type\" content=\"article\" \/>\n<meta property=\"og:title\" content=\"Selco - Bohler Guardian 62 La Catrina\" \/>\n<meta property=\"og:description\" content=\"Lider sprzeda\u017cy, Oficjalny Dystrybutor Premium i Serwis na Polsk\u0119 Migatronic, Gys, Voestalpine Bohler Welding. Nowe i u\u017cywane Spawarki, Przecinarki Plazmowe, Kompresory. Mgr in\u017c. Jaros\u0142aw Ko\u0142aski, IWE\" \/>\n<meta property=\"og:url\" content=\"https:\/\/spawlab.pl\/en\/produkt\/selco-bohler-guardian-62-la-catrina\/\" \/>\n<meta property=\"og:site_name\" content=\"SpawLab - Welding equipment and plasma cutters - store and service\" \/>\n<meta property=\"article:publisher\" content=\"https:\/\/www.facebook.com\/Spawlab\/\" \/>\n<meta property=\"og:image\" content=\"https:\/\/spawlab.pl\/wp-content\/uploads\/2023\/09\/1.-jpg.jpg\" \/>\n\t<meta property=\"og:image:width\" content=\"1938\" \/>\n\t<meta property=\"og:image:height\" content=\"1503\" \/>\n\t<meta property=\"og:image:type\" content=\"image\/jpeg\" \/>\n<meta name=\"twitter:label1\" content=\"Price\" \/>\n\t<meta name=\"twitter:data1\" content=\"1 068,00&nbsp;&#122;&#322; (868,29&nbsp;&#122;&#322; netto)\" \/>\n\t<meta name=\"twitter:label2\" content=\"Availability\" \/>\n\t<meta name=\"twitter:data2\" content=\"In stock\" \/>\n<script type=\"application\/ld+json\" class=\"yoast-schema-graph\">{\"@context\":\"https:\\\/\\\/schema.org\",\"@graph\":[{\"@type\":[\"WebPage\",\"ItemPage\"],\"@id\":\"https:\\\/\\\/spawlab.pl\\\/en\\\/produkt\\\/selco-bohler-guardian-62-la-catrina\\\/\",\"url\":\"https:\\\/\\\/spawlab.pl\\\/en\\\/produkt\\\/selco-bohler-guardian-62-la-catrina\\\/\",\"name\":\"Selco - Bohler Guardian 62 La Catrina - SpawLab - Welding equipment and plasma cutters - store and service\",\"isPartOf\":{\"@id\":\"https:\\\/\\\/spawlab.pl\\\/en\\\/#website\"},\"primaryImageOfPage\":{\"@id\":\"https:\\\/\\\/spawlab.pl\\\/en\\\/produkt\\\/selco-bohler-guardian-62-la-catrina\\\/#primaryimage\"},\"image\":{\"@id\":\"https:\\\/\\\/spawlab.pl\\\/en\\\/produkt\\\/selco-bohler-guardian-62-la-catrina\\\/#primaryimage\"},\"thumbnailUrl\":\"https:\\\/\\\/spawlab.pl\\\/wp-content\\\/uploads\\\/2023\\\/09\\\/20230919_133423-scaled.jpg\",\"datePublished\":\"2023-09-19T12:36:26+00:00\",\"description\":\"Lider sprzeda\u017cy, Oficjalny Dystrybutor Premium i Serwis na Polsk\u0119 Migatronic, Gys, Voestalpine Bohler Welding. Nowe i u\u017cywane Spawarki, Przecinarki Plazmowe, Kompresory. Mgr in\u017c. Jaros\u0142aw Ko\u0142aski, IWE\",\"breadcrumb\":{\"@id\":\"https:\\\/\\\/spawlab.pl\\\/en\\\/produkt\\\/selco-bohler-guardian-62-la-catrina\\\/#breadcrumb\"},\"inLanguage\":\"en-US\",\"potentialAction\":[{\"@type\":\"ReadAction\",\"target\":[\"https:\\\/\\\/spawlab.pl\\\/en\\\/produkt\\\/selco-bohler-guardian-62-la-catrina\\\/\"]}]},{\"@type\":\"ImageObject\",\"inLanguage\":\"en-US\",\"@id\":\"https:\\\/\\\/spawlab.pl\\\/en\\\/produkt\\\/selco-bohler-guardian-62-la-catrina\\\/#primaryimage\",\"url\":\"https:\\\/\\\/spawlab.pl\\\/wp-content\\\/uploads\\\/2023\\\/09\\\/20230919_133423-scaled.jpg\",\"contentUrl\":\"https:\\\/\\\/spawlab.pl\\\/wp-content\\\/uploads\\\/2023\\\/09\\\/20230919_133423-scaled.jpg\",\"width\":1920,\"height\":2560},{\"@type\":\"BreadcrumbList\",\"@id\":\"https:\\\/\\\/spawlab.pl\\\/en\\\/produkt\\\/selco-bohler-guardian-62-la-catrina\\\/#breadcrumb\",\"itemListElement\":[{\"@type\":\"ListItem\",\"position\":1,\"name\":\"Strona g\u0142\u00f3wna\",\"item\":\"https:\\\/\\\/spawlab.pl\\\/en\\\/\"},{\"@type\":\"ListItem\",\"position\":2,\"name\":\"Store\",\"item\":\"https:\\\/\\\/spawlab.pl\\\/en\\\/shop\\\/\"},{\"@type\":\"ListItem\",\"position\":3,\"name\":\"Selco &#8211; Bohler Guardian 62 La Catrina\"}]},{\"@type\":\"WebSite\",\"@id\":\"https:\\\/\\\/spawlab.pl\\\/en\\\/#website\",\"url\":\"https:\\\/\\\/spawlab.pl\\\/en\\\/\",\"name\":\"Spawlab.pl Lider - Spawarki, Przecinarki Plazmowe, Kompresory\",\"description\":\"Urz\u0105dzenia spawalnicze i Przecinarki plazmowe\\\/ nowe i u\u017cywane \\\/ Profesjonalny serwis\",\"publisher\":{\"@id\":\"https:\\\/\\\/spawlab.pl\\\/en\\\/#organization\"},\"alternateName\":\"Spawlab.pl - Dystrybutor Premium i Serwis na Polske Migatronic, Gys, Voestalpine Bohler Welding\",\"potentialAction\":[{\"@type\":\"SearchAction\",\"target\":{\"@type\":\"EntryPoint\",\"urlTemplate\":\"https:\\\/\\\/spawlab.pl\\\/en\\\/?s={search_term_string}\"},\"query-input\":{\"@type\":\"PropertyValueSpecification\",\"valueRequired\":true,\"valueName\":\"search_term_string\"}}],\"inLanguage\":\"en-US\"},{\"@type\":[\"Organization\",\"Place\"],\"@id\":\"https:\\\/\\\/spawlab.pl\\\/en\\\/#organization\",\"name\":\"Spawlab.pl\",\"url\":\"https:\\\/\\\/spawlab.pl\\\/en\\\/\",\"logo\":{\"@id\":\"https:\\\/\\\/spawlab.pl\\\/en\\\/produkt\\\/selco-bohler-guardian-62-la-catrina\\\/#local-main-organization-logo\"},\"image\":{\"@id\":\"https:\\\/\\\/spawlab.pl\\\/en\\\/produkt\\\/selco-bohler-guardian-62-la-catrina\\\/#local-main-organization-logo\"},\"sameAs\":[\"https:\\\/\\\/www.facebook.com\\\/Spawlab\\\/\",\"https:\\\/\\\/www.linkedin.com\\\/company\\\/spawlab\",\"https:\\\/\\\/www.instagram.com\\\/spawlab.pl\",\"https:\\\/\\\/www.tiktok.com\\\/@spawlab\"],\"description\":\"Lider sprzeda\u017cy, Oficjalny Dystrybutor Premium i Serwis na Polsk\u0119 Migatronic, Gys, Voestalpine Bohler Welding. Nowe i u\u017cywane Spawarki, Przecinarki Plazmowe, Kompresory. Mgr in\u017c. Jaros\u0142aw Ko\u0142aski, IWE\",\"hasMerchantReturnPolicy\":{\"@type\":\"MerchantReturnPolicy\",\"merchantReturnLink\":\"https:\\\/\\\/spawlab.pl\\\/polityka-prywatnosci-2\\\/\"},\"telephone\":[],\"openingHoursSpecification\":[{\"@type\":\"OpeningHoursSpecification\",\"dayOfWeek\":[\"Monday\",\"Tuesday\",\"Wednesday\",\"Thursday\",\"Friday\",\"Saturday\",\"Sunday\"],\"opens\":\"09:00\",\"closes\":\"17:00\"}]},{\"@type\":\"ImageObject\",\"inLanguage\":\"en-US\",\"@id\":\"https:\\\/\\\/spawlab.pl\\\/en\\\/produkt\\\/selco-bohler-guardian-62-la-catrina\\\/#local-main-organization-logo\",\"url\":\"https:\\\/\\\/spawlab.pl\\\/wp-content\\\/uploads\\\/2022\\\/01\\\/olx.jpg\",\"contentUrl\":\"https:\\\/\\\/spawlab.pl\\\/wp-content\\\/uploads\\\/2022\\\/01\\\/olx.jpg\",\"width\":200,\"height\":200,\"caption\":\"Spawlab.pl\"}]}<\/script>\n<meta property=\"product:brand\" content=\"B\u00f6hler\" \/>\n<meta property=\"product:price:amount\" content=\"1068.00\" \/>\n<meta property=\"product:price:currency\" content=\"PLN\" \/>\n<meta property=\"og:availability\" content=\"instock\" \/>\n<meta property=\"product:availability\" content=\"instock\" \/>\n<meta property=\"product:condition\" content=\"new\" \/>\n<!-- \/ Yoast SEO Premium plugin. -->","yoast_head_json":{"title":"Selco - Bohler Guardian 62 La Catrina - SpawLab - Welding equipment and plasma cutters - store and service","description":"Lider sprzeda\u017cy, Oficjalny Dystrybutor Premium i Serwis na Polsk\u0119 Migatronic, Gys, Voestalpine Bohler Welding. Nowe i u\u017cywane Spawarki, Przecinarki Plazmowe, Kompresory. Mgr in\u017c. Jaros\u0142aw Ko\u0142aski, IWE","robots":{"index":"index","follow":"follow","max-snippet":"max-snippet:-1","max-image-preview":"max-image-preview:large","max-video-preview":"max-video-preview:-1"},"canonical":"https:\/\/spawlab.pl\/en\/produkt\/selco-bohler-guardian-62-la-catrina\/","og_locale":"en_US","og_type":"article","og_title":"Selco - Bohler Guardian 62 La Catrina","og_description":"Lider sprzeda\u017cy, Oficjalny Dystrybutor Premium i Serwis na Polsk\u0119 Migatronic, Gys, Voestalpine Bohler Welding. Nowe i u\u017cywane Spawarki, Przecinarki Plazmowe, Kompresory. Mgr in\u017c. Jaros\u0142aw Ko\u0142aski, IWE","og_url":"https:\/\/spawlab.pl\/en\/produkt\/selco-bohler-guardian-62-la-catrina\/","og_site_name":"SpawLab - Welding equipment and plasma cutters - store and service","article_publisher":"https:\/\/www.facebook.com\/Spawlab\/","og_image":[{"width":1938,"height":1503,"url":"https:\/\/spawlab.pl\/wp-content\/uploads\/2023\/09\/1.-jpg.jpg","type":"image\/jpeg"}],"twitter_misc":{"Price":"1 068,00&nbsp;&#122;&#322; (868,29&nbsp;&#122;&#322; netto)","Availability":"In stock"},"schema":{"@context":"https:\/\/schema.org","@graph":[{"@type":["WebPage","ItemPage"],"@id":"https:\/\/spawlab.pl\/en\/produkt\/selco-bohler-guardian-62-la-catrina\/","url":"https:\/\/spawlab.pl\/en\/produkt\/selco-bohler-guardian-62-la-catrina\/","name":"Selco - Bohler Guardian 62 La Catrina - SpawLab - Welding equipment and plasma cutters - store and service","isPartOf":{"@id":"https:\/\/spawlab.pl\/en\/#website"},"primaryImageOfPage":{"@id":"https:\/\/spawlab.pl\/en\/produkt\/selco-bohler-guardian-62-la-catrina\/#primaryimage"},"image":{"@id":"https:\/\/spawlab.pl\/en\/produkt\/selco-bohler-guardian-62-la-catrina\/#primaryimage"},"thumbnailUrl":"https:\/\/spawlab.pl\/wp-content\/uploads\/2023\/09\/20230919_133423-scaled.jpg","datePublished":"2023-09-19T12:36:26+00:00","description":"Lider sprzeda\u017cy, Oficjalny Dystrybutor Premium i Serwis na Polsk\u0119 Migatronic, Gys, Voestalpine Bohler Welding. Nowe i u\u017cywane Spawarki, Przecinarki Plazmowe, Kompresory. Mgr in\u017c. Jaros\u0142aw Ko\u0142aski, IWE","breadcrumb":{"@id":"https:\/\/spawlab.pl\/en\/produkt\/selco-bohler-guardian-62-la-catrina\/#breadcrumb"},"inLanguage":"en-US","potentialAction":[{"@type":"ReadAction","target":["https:\/\/spawlab.pl\/en\/produkt\/selco-bohler-guardian-62-la-catrina\/"]}]},{"@type":"ImageObject","inLanguage":"en-US","@id":"https:\/\/spawlab.pl\/en\/produkt\/selco-bohler-guardian-62-la-catrina\/#primaryimage","url":"https:\/\/spawlab.pl\/wp-content\/uploads\/2023\/09\/20230919_133423-scaled.jpg","contentUrl":"https:\/\/spawlab.pl\/wp-content\/uploads\/2023\/09\/20230919_133423-scaled.jpg","width":1920,"height":2560},{"@type":"BreadcrumbList","@id":"https:\/\/spawlab.pl\/en\/produkt\/selco-bohler-guardian-62-la-catrina\/#breadcrumb","itemListElement":[{"@type":"ListItem","position":1,"name":"Strona g\u0142\u00f3wna","item":"https:\/\/spawlab.pl\/en\/"},{"@type":"ListItem","position":2,"name":"Store","item":"https:\/\/spawlab.pl\/en\/shop\/"},{"@type":"ListItem","position":3,"name":"Selco &#8211; Bohler Guardian 62 La Catrina"}]},{"@type":"WebSite","@id":"https:\/\/spawlab.pl\/en\/#website","url":"https:\/\/spawlab.pl\/en\/","name":"Spawlab.pl Lider - Spawarki, Przecinarki Plazmowe, Kompresory","description":"Urz\u0105dzenia spawalnicze i Przecinarki plazmowe\/ nowe i u\u017cywane \/ Profesjonalny serwis","publisher":{"@id":"https:\/\/spawlab.pl\/en\/#organization"},"alternateName":"Spawlab.pl - Dystrybutor Premium i Serwis na Polske Migatronic, Gys, Voestalpine Bohler Welding","potentialAction":[{"@type":"SearchAction","target":{"@type":"EntryPoint","urlTemplate":"https:\/\/spawlab.pl\/en\/?s={search_term_string}"},"query-input":{"@type":"PropertyValueSpecification","valueRequired":true,"valueName":"search_term_string"}}],"inLanguage":"en-US"},{"@type":["Organization","Place"],"@id":"https:\/\/spawlab.pl\/en\/#organization","name":"Spawlab.pl","url":"https:\/\/spawlab.pl\/en\/","logo":{"@id":"https:\/\/spawlab.pl\/en\/produkt\/selco-bohler-guardian-62-la-catrina\/#local-main-organization-logo"},"image":{"@id":"https:\/\/spawlab.pl\/en\/produkt\/selco-bohler-guardian-62-la-catrina\/#local-main-organization-logo"},"sameAs":["https:\/\/www.facebook.com\/Spawlab\/","https:\/\/www.linkedin.com\/company\/spawlab","https:\/\/www.instagram.com\/spawlab.pl","https:\/\/www.tiktok.com\/@spawlab"],"description":"Lider sprzeda\u017cy, Oficjalny Dystrybutor Premium i Serwis na Polsk\u0119 Migatronic, Gys, Voestalpine Bohler Welding. Nowe i u\u017cywane Spawarki, Przecinarki Plazmowe, Kompresory. Mgr in\u017c. Jaros\u0142aw Ko\u0142aski, IWE","hasMerchantReturnPolicy":{"@type":"MerchantReturnPolicy","merchantReturnLink":"https:\/\/spawlab.pl\/polityka-prywatnosci-2\/"},"telephone":[],"openingHoursSpecification":[{"@type":"OpeningHoursSpecification","dayOfWeek":["Monday","Tuesday","Wednesday","Thursday","Friday","Saturday","Sunday"],"opens":"09:00","closes":"17:00"}]},{"@type":"ImageObject","inLanguage":"en-US","@id":"https:\/\/spawlab.pl\/en\/produkt\/selco-bohler-guardian-62-la-catrina\/#local-main-organization-logo","url":"https:\/\/spawlab.pl\/wp-content\/uploads\/2022\/01\/olx.jpg","contentUrl":"https:\/\/spawlab.pl\/wp-content\/uploads\/2022\/01\/olx.jpg","width":200,"height":200,"caption":"Spawlab.pl"}]},"product_brand":"B\u00f6hler","product_price_amount":"1068.00","product_price_currency":"PLN","og_availability":"instock","product_availability":"instock","product_condition":"new"},"_links":{"self":[{"href":"https:\/\/spawlab.pl\/en\/wp-json\/wp\/v2\/product\/31192","targetHints":{"allow":["GET"]}}],"collection":[{"href":"https:\/\/spawlab.pl\/en\/wp-json\/wp\/v2\/product"}],"about":[{"href":"https:\/\/spawlab.pl\/en\/wp-json\/wp\/v2\/types\/product"}],"wp:featuredmedia":[{"embeddable":true,"href":"https:\/\/spawlab.pl\/en\/wp-json\/wp\/v2\/media\/16955"}],"wp:attachment":[{"href":"https:\/\/spawlab.pl\/en\/wp-json\/wp\/v2\/media?parent=31192"}],"wp:term":[{"taxonomy":"product_brand","embeddable":true,"href":"https:\/\/spawlab.pl\/en\/wp-json\/wp\/v2\/product_brand?post=31192"},{"taxonomy":"product_cat","embeddable":true,"href":"https:\/\/spawlab.pl\/en\/wp-json\/wp\/v2\/product_cat?post=31192"},{"taxonomy":"product_tag","embeddable":true,"href":"https:\/\/spawlab.pl\/en\/wp-json\/wp\/v2\/product_tag?post=31192"}],"curies":[{"name":"wp","href":"https:\/\/api.w.org\/{rel}","templated":true}]}}