{"id":31205,"date":"2023-09-18T16:32:43","date_gmt":"2023-09-18T14:32:43","guid":{"rendered":"https:\/\/spawlab.pl\/produkt\/bohler-q-e-308l-17-3-2-x-350-mm-bundle-4-4kg\/"},"modified":"2023-09-18T16:32:43","modified_gmt":"2023-09-18T14:32:43","slug":"bohler-q-e-308l-17-3-2-x-350-mm-bundle-4-4kg","status":"publish","type":"product","link":"https:\/\/spawlab.pl\/en\/produkt\/bohler-q-e-308l-17-3-2-x-350-mm-bundle-4-4kg\/","title":{"rendered":"Bohler Q E 308L-17 3.2 x 350 mm Bundle 4.4kg"},"content":{"rendered":"<div class=\"info-name\">\n<p>Bohler brand products , valued worldwide, especially in the industrial sector for their quality, reliability and durability. Available today from us as an Official Distributor of this Brand <\/p>\n<p><strong>Feel free to try this product and you won&#8217;t want for anything else<\/strong><\/p>\n<p><img fetchpriority=\"high\" decoding=\"async\" class=\" wp-image-9953 alignleft\" src=\"https:\/\/spawlab.pl\/wp-content\/smush-avif\/2023\/09\/httpswww.weldingsuppliesdirect.co_.ukmediacatalogproduct1818165xlg_1_3nd.jpg.avif\" alt=\"\" width=\"464\" height=\"381\" srcset=\"https:\/\/spawlab.pl\/wp-content\/smush-avif\/2023\/09\/httpswww.weldingsuppliesdirect.co_.ukmediacatalogproduct1818165xlg_1_3nd.jpg.avif 730w, https:\/\/spawlab.pl\/wp-content\/smush-avif\/2023\/09\/httpswww.weldingsuppliesdirect.co_.ukmediacatalogproduct1818165xlg_1_3nd-300x247.jpg.avif 300w, https:\/\/spawlab.pl\/wp-content\/smush-avif\/2023\/09\/httpswww.weldingsuppliesdirect.co_.ukmediacatalogproduct1818165xlg_1_3nd-600x493.jpg.avif 600w, https:\/\/spawlab.pl\/wp-content\/smush-avif\/2023\/09\/httpswww.weldingsuppliesdirect.co_.ukmediacatalogproduct1818165xlg_1_3nd-64x53.jpg.avif 64w\" sizes=\"(max-width: 464px) 100vw, 464px\" data-smush-avif-fallback=\"{&quot;src&quot;:&quot;https:\\\/\\\/spawlab.pl\\\/wp-content\\\/uploads\\\/2023\\\/09\\\/httpswww.weldingsuppliesdirect.co_.ukmediacatalogproduct1818165xlg_1_3nd.jpg&quot;,&quot;srcset&quot;:&quot;https:\\\/\\\/spawlab.pl\\\/wp-content\\\/uploads\\\/2023\\\/09\\\/httpswww.weldingsuppliesdirect.co_.ukmediacatalogproduct1818165xlg_1_3nd.jpg 730w, https:\\\/\\\/spawlab.pl\\\/wp-content\\\/uploads\\\/2023\\\/09\\\/httpswww.weldingsuppliesdirect.co_.ukmediacatalogproduct1818165xlg_1_3nd-300x247.jpg 300w, https:\\\/\\\/spawlab.pl\\\/wp-content\\\/uploads\\\/2023\\\/09\\\/httpswww.weldingsuppliesdirect.co_.ukmediacatalogproduct1818165xlg_1_3nd-600x493.jpg 600w, https:\\\/\\\/spawlab.pl\\\/wp-content\\\/uploads\\\/2023\\\/09\\\/httpswww.weldingsuppliesdirect.co_.ukmediacatalogproduct1818165xlg_1_3nd-64x53.jpg 64w&quot;}\" \/><\/p>\n<\/div>\n<p>B\u00d6HLER Q E 308L-17 welding electrodes are low-carbon rutile electrodes for MMA welding of corrosion-resistant steels. They can be used for AC or DC welding. They provide minimal spatter and easily removable slag. High resistance of the lagging to moisture and the weld is resistant to hot cracking. Welding electrodes are resistant to intergranular corrosion up to 350 deg C.    <\/p>\n<p>&nbsp;<\/p>\n<p><strong>Classification:<\/strong><\/p>\n<ul>\n<li>EN ISO 3581-A &#8211; E 19 9 L R 3 2<\/li>\n<li>AWS A5.4 \/ SFA-5.4 &#8211; E308L-17<\/li>\n<\/ul>\n<p>&nbsp;<\/p>\n<p><strong>Welding positions:<\/strong><\/p>\n<p><img decoding=\"async\" class=\"size-full wp-image-23403\" src=\"data:image\/webp;base64,UklGRg4DAABXRUJQVlA4IAIDAAAQEgCdASpfAGQAPsFQpE0npCOiKHLt6PAYCWkAE6J5V4457L+yuVOwg01U0fyVPi\/QAErQoojbWjMmezJQmEQAT55UTwAgeJnSqpyvdlw4Rj2yGuGRdCn+j759yTia\/D\/\/HwGZvcDX5YpwRA2NJdKlMqBwYVdzTP+ZSaOWpL2LEEAtGkrdAgg+XheJxqfZ5TTKEzT8kdQEMAAA\/voRXBOYjrsei8tXkyXciQ\/DHfEuGNBkljwVyPW\/WQ7wJlT3Z1FexrelOPpD162ZtExHsKoYO2RBWs6Pl0+n\/Zt1qe0aKdeSfPdJa\/A50ucVRnybJQt+9G\/KBzs820larpcI0n9jmEnpiUEM6lrNEpwpGmzh3+O7b2PdY8dc79csxI1WHrz+gcjPulWG7KN+9INzTTaFKDQZhAnERO1nPwt6wd2Ri0b3uFa59UoI14eKAJVg3ravYASUtwHyE6pwn6RUrak9KwZMyZXA8Uj4gtwEViYNijvXuTZH1PiHXKQu9IRa7Q76eHzetJ+I5QB5as\/c8DgDn+RC\/a\/1SiAGKMaGPjm5UXg\/MKYlnKPMCcJOSACFM186dYrzX\/lbrYpnRUKAUU35Cl24Ev8yRjuON6VefDk+t\/LASkxFV9+YaB5MfD3Q3LVi+5PxecqTAvnilaNDzo6PdOoI7ekGcY+ztVXOC0FuO22YalVL9yGi3qe\/bVhbv+dD0RR\/Xm82Pnp6FFyXskDOFcQ++aoXmlN8r4B0NW7MLoKhP0HQBtzBunxS0ChWRYaZN9GGfQ6ginRPPnNI+qgWHiUdzed5R0xBC94OhxBx7SM8rZ\/yQ3f9whflcaG3136kazUc4xRonRarM5m3ZK5dU0CWK0mcbDdE5ClQAGdCDDk8EbODQ88ez3Ayss67qsEBq+M+DzvhIOaCwOgKqqAxDcoKmT8aEOQ9vz334\/v02ctmbAXjLX67LT7z36nf7OngHsbcnSqReX+y+\/XPRb\/wAtF72mCdftSw2EjTrjEOn+om0sbBYSYhPd2MgXvLgAAAAA==\" alt=\"Bohler electrode welding positions\" width=\"95\" height=\"100\" data-pagespeed-url-hash=\"523472034\"><\/p>\n<p>&nbsp;<\/p>\n<p><strong>Polarity:<\/strong> DC(+) \/ AC<\/p>\n<p><img decoding=\"async\" class=\"size-full wp-image-9959 aligncenter lazyload\" data-src=\"https:\/\/spawlab.pl\/wp-content\/smush-avif\/2023\/09\/308.jpg.avif\" alt=\"\" width=\"1388\" height=\"1560\" data-srcset=\"https:\/\/spawlab.pl\/wp-content\/smush-avif\/2023\/09\/308.jpg.avif 1388w, https:\/\/spawlab.pl\/wp-content\/smush-avif\/2023\/09\/308-267x300.jpg.avif 267w, https:\/\/spawlab.pl\/wp-content\/smush-avif\/2023\/09\/308-911x1024.jpg.avif 911w, https:\/\/spawlab.pl\/wp-content\/smush-avif\/2023\/09\/308-768x863.jpg.avif 768w, https:\/\/spawlab.pl\/wp-content\/smush-avif\/2023\/09\/308-1367x1536.jpg.avif 1367w, https:\/\/spawlab.pl\/wp-content\/smush-avif\/2023\/09\/308-1320x1484.jpg.avif 1320w, https:\/\/spawlab.pl\/wp-content\/smush-avif\/2023\/09\/308-600x674.jpg.avif 600w, https:\/\/spawlab.pl\/wp-content\/smush-avif\/2023\/09\/308-64x72.jpg.avif 64w\" data-sizes=\"(max-width: 1388px) 100vw, 1388px\" src=\"data:image\/svg+xml;base64,PHN2ZyB3aWR0aD0iMSIgaGVpZ2h0PSIxIiB4bWxucz0iaHR0cDovL3d3dy53My5vcmcvMjAwMC9zdmciPjwvc3ZnPg==\" style=\"--smush-placeholder-width: 1388px; --smush-placeholder-aspect-ratio: 1388\/1560;\" data-smush-avif-fallback=\"{&quot;data-src&quot;:&quot;https:\\\/\\\/spawlab.pl\\\/wp-content\\\/uploads\\\/2023\\\/09\\\/308.jpg&quot;,&quot;data-srcset&quot;:&quot;https:\\\/\\\/spawlab.pl\\\/wp-content\\\/uploads\\\/2023\\\/09\\\/308.jpg 1388w, https:\\\/\\\/spawlab.pl\\\/wp-content\\\/uploads\\\/2023\\\/09\\\/308-267x300.jpg 267w, https:\\\/\\\/spawlab.pl\\\/wp-content\\\/uploads\\\/2023\\\/09\\\/308-911x1024.jpg 911w, https:\\\/\\\/spawlab.pl\\\/wp-content\\\/uploads\\\/2023\\\/09\\\/308-768x863.jpg 768w, https:\\\/\\\/spawlab.pl\\\/wp-content\\\/uploads\\\/2023\\\/09\\\/308-1367x1536.jpg 1367w, https:\\\/\\\/spawlab.pl\\\/wp-content\\\/uploads\\\/2023\\\/09\\\/308-1320x1484.jpg 1320w, https:\\\/\\\/spawlab.pl\\\/wp-content\\\/uploads\\\/2023\\\/09\\\/308-600x674.jpg 600w, https:\\\/\\\/spawlab.pl\\\/wp-content\\\/uploads\\\/2023\\\/09\\\/308-64x72.jpg 64w&quot;}\" \/><\/p>\n<p><strong>Typical chemical composition:<\/strong><\/p>\n<ul>\n<li>C: 0,03%<\/li>\n<li>Si: 0.80%<\/li>\n<li>Mn: 0.80%<\/li>\n<li>Ce: 19,80%<\/li>\n<li>Ni: 10,20%<\/li>\n<\/ul>\n<p>&nbsp;<\/p>\n<p><strong>Mechanical properties of the alloy:<\/strong><\/p>\n<ul>\n<li>Yield strength [MPa] &#8211; 430 (\u2265320)<\/li>\n<li>Tensile strength [MPa] &#8211; 560 (\u2265520)<\/li>\n<li>Elongation A (L0=5d0) [%] &#8211; 40 (\u226530)<\/li>\n<li>Impact strength at +20\u00b0C ISO-V KV [J] &#8211; 100<\/li>\n<li>Impact strength at -120\u00b0C ISO-V KV [J] &#8211; \u226532<\/li>\n<\/ul>\n<p>&nbsp;<\/p>\n<table border=\"1\" width=\"335\" cellspacing=\"0\" cellpadding=\"4\">\n<tbody>\n<tr valign=\"TOP\">\n<td width=\"33%\"><strong>\u00f8 (mm)<\/strong><\/td>\n<td width=\"33%\"><strong>L mm<\/strong><\/td>\n<td width=\"33%\"><strong>Amps A<\/strong><\/td>\n<\/tr>\n<tr valign=\"TOP\">\n<td width=\"33%\">2.5<\/td>\n<td width=\"33%\">300<\/td>\n<td width=\"33%\">50-90<\/td>\n<\/tr>\n<tr valign=\"TOP\">\n<td width=\"33%\">3.2<\/td>\n<td width=\"33%\">300<\/td>\n<td width=\"33%\">80-120<\/td>\n<\/tr>\n<tr valign=\"TOP\">\n<td width=\"33%\">4.0<\/td>\n<td width=\"33%\">350<\/td>\n<td width=\"33%\">110-160<\/td>\n<\/tr>\n<\/tbody>\n<\/table>\n","protected":false},"excerpt":{"rendered":"<p>Bohler brand products , valued worldwide, especially in the industrial sector for their quality, reliability and durability. Available today from us as an Official Distributor of this Brand Feel free to try this product and you won&#8217;t want for anything else B\u00d6HLER Q E 308L-17 welding electrodes are low-carbon rutile electrodes for MMA welding of [&hellip;]<\/p>\n","protected":false},"featured_media":16937,"template":"","meta":{"inline_featured_image":false},"product_brand":[],"product_cat":[476,475,539,540],"product_tag":[],"class_list":{"0":"post-31205","1":"product","2":"type-product","3":"status-publish","4":"has-post-thumbnail","6":"product_cat-accessories","7":"product_cat-accessories-parts","8":"product_cat-mma-en-3","9":"product_cat-welding-wire","11":"first","12":"onbackorder","13":"taxable","14":"shipping-taxable","15":"purchasable","16":"product-type-simple"},"yoast_head":"<!-- This site is optimized with the Yoast SEO Premium plugin v27.0 (Yoast SEO v27.3) - https:\/\/yoast.com\/product\/yoast-seo-premium-wordpress\/ -->\n<title>Bohler Q E 308L-17 3.2 x 350 mm Bundle 4.4kg - SpawLab - Welding equipment and plasma cutters - store and service<\/title>\n<meta name=\"description\" content=\"Lider sprzeda\u017cy, Oficjalny Dystrybutor Premium i Serwis na Polsk\u0119 Migatronic, Gys, Voestalpine Bohler Welding. Nowe i u\u017cywane Spawarki, Przecinarki Plazmowe, Kompresory. Mgr in\u017c. Jaros\u0142aw Ko\u0142aski, IWE\" \/>\n<meta name=\"robots\" content=\"index, follow, max-snippet:-1, max-image-preview:large, max-video-preview:-1\" \/>\n<link rel=\"canonical\" href=\"https:\/\/spawlab.pl\/en\/produkt\/bohler-q-e-308l-17-3-2-x-350-mm-bundle-4-4kg\/\" \/>\n<meta property=\"og:locale\" content=\"en_US\" \/>\n<meta property=\"og:type\" content=\"article\" \/>\n<meta property=\"og:title\" content=\"Bohler Q E 308L-17 3.2 x 350 mm Bundle 4.4kg\" \/>\n<meta property=\"og:description\" content=\"Lider sprzeda\u017cy, Oficjalny Dystrybutor Premium i Serwis na Polsk\u0119 Migatronic, Gys, Voestalpine Bohler Welding. Nowe i u\u017cywane Spawarki, Przecinarki Plazmowe, Kompresory. Mgr in\u017c. Jaros\u0142aw Ko\u0142aski, IWE\" \/>\n<meta property=\"og:url\" content=\"https:\/\/spawlab.pl\/en\/produkt\/bohler-q-e-308l-17-3-2-x-350-mm-bundle-4-4kg\/\" \/>\n<meta property=\"og:site_name\" content=\"SpawLab - Welding equipment and plasma cutters - store and service\" \/>\n<meta property=\"article:publisher\" content=\"https:\/\/www.facebook.com\/Spawlab\/\" \/>\n<meta property=\"og:image\" content=\"https:\/\/spawlab.pl\/wp-content\/uploads\/2023\/09\/httpswww.weldingsuppliesdirect.co_.ukmediacatalogproduct1818165xlg_1_3nd.jpg\" \/>\n\t<meta property=\"og:image:width\" content=\"730\" \/>\n\t<meta property=\"og:image:height\" content=\"600\" \/>\n\t<meta property=\"og:image:type\" content=\"image\/jpeg\" \/>\n<meta name=\"twitter:label1\" content=\"Price\" \/>\n\t<meta name=\"twitter:data1\" content=\"298,00&nbsp;&#122;&#322; (242,28&nbsp;&#122;&#322; netto)\" \/>\n\t<meta name=\"twitter:label2\" content=\"Availability\" \/>\n\t<meta name=\"twitter:data2\" content=\"On backorder\" \/>\n<script type=\"application\/ld+json\" class=\"yoast-schema-graph\">{\"@context\":\"https:\\\/\\\/schema.org\",\"@graph\":[{\"@type\":[\"WebPage\",\"ItemPage\"],\"@id\":\"https:\\\/\\\/spawlab.pl\\\/en\\\/produkt\\\/bohler-q-e-308l-17-3-2-x-350-mm-bundle-4-4kg\\\/\",\"url\":\"https:\\\/\\\/spawlab.pl\\\/en\\\/produkt\\\/bohler-q-e-308l-17-3-2-x-350-mm-bundle-4-4kg\\\/\",\"name\":\"Bohler Q E 308L-17 3.2 x 350 mm Bundle 4.4kg - SpawLab - Welding equipment and plasma cutters - store and service\",\"isPartOf\":{\"@id\":\"https:\\\/\\\/spawlab.pl\\\/en\\\/#website\"},\"primaryImageOfPage\":{\"@id\":\"https:\\\/\\\/spawlab.pl\\\/en\\\/produkt\\\/bohler-q-e-308l-17-3-2-x-350-mm-bundle-4-4kg\\\/#primaryimage\"},\"image\":{\"@id\":\"https:\\\/\\\/spawlab.pl\\\/en\\\/produkt\\\/bohler-q-e-308l-17-3-2-x-350-mm-bundle-4-4kg\\\/#primaryimage\"},\"thumbnailUrl\":\"https:\\\/\\\/spawlab.pl\\\/wp-content\\\/uploads\\\/2023\\\/09\\\/elektrody-spawalnicze-bohler-q-e-308l-17-32x350-44-kg.jpg\",\"datePublished\":\"2023-09-18T14:32:43+00:00\",\"description\":\"Lider sprzeda\u017cy, Oficjalny Dystrybutor Premium i Serwis na Polsk\u0119 Migatronic, Gys, Voestalpine Bohler Welding. Nowe i u\u017cywane Spawarki, Przecinarki Plazmowe, Kompresory. Mgr in\u017c. Jaros\u0142aw Ko\u0142aski, IWE\",\"breadcrumb\":{\"@id\":\"https:\\\/\\\/spawlab.pl\\\/en\\\/produkt\\\/bohler-q-e-308l-17-3-2-x-350-mm-bundle-4-4kg\\\/#breadcrumb\"},\"inLanguage\":\"en-US\",\"potentialAction\":[{\"@type\":\"ReadAction\",\"target\":[\"https:\\\/\\\/spawlab.pl\\\/en\\\/produkt\\\/bohler-q-e-308l-17-3-2-x-350-mm-bundle-4-4kg\\\/\"]}]},{\"@type\":\"ImageObject\",\"inLanguage\":\"en-US\",\"@id\":\"https:\\\/\\\/spawlab.pl\\\/en\\\/produkt\\\/bohler-q-e-308l-17-3-2-x-350-mm-bundle-4-4kg\\\/#primaryimage\",\"url\":\"https:\\\/\\\/spawlab.pl\\\/wp-content\\\/uploads\\\/2023\\\/09\\\/elektrody-spawalnicze-bohler-q-e-308l-17-32x350-44-kg.jpg\",\"contentUrl\":\"https:\\\/\\\/spawlab.pl\\\/wp-content\\\/uploads\\\/2023\\\/09\\\/elektrody-spawalnicze-bohler-q-e-308l-17-32x350-44-kg.jpg\",\"width\":1000,\"height\":1000},{\"@type\":\"BreadcrumbList\",\"@id\":\"https:\\\/\\\/spawlab.pl\\\/en\\\/produkt\\\/bohler-q-e-308l-17-3-2-x-350-mm-bundle-4-4kg\\\/#breadcrumb\",\"itemListElement\":[{\"@type\":\"ListItem\",\"position\":1,\"name\":\"Strona g\u0142\u00f3wna\",\"item\":\"https:\\\/\\\/spawlab.pl\\\/en\\\/\"},{\"@type\":\"ListItem\",\"position\":2,\"name\":\"Store\",\"item\":\"https:\\\/\\\/spawlab.pl\\\/en\\\/shop\\\/\"},{\"@type\":\"ListItem\",\"position\":3,\"name\":\"Bohler Q E 308L-17 3.2 x 350 mm Bundle 4.4kg\"}]},{\"@type\":\"WebSite\",\"@id\":\"https:\\\/\\\/spawlab.pl\\\/en\\\/#website\",\"url\":\"https:\\\/\\\/spawlab.pl\\\/en\\\/\",\"name\":\"Spawlab.pl Lider - Spawarki, Przecinarki Plazmowe, Kompresory\",\"description\":\"Urz\u0105dzenia spawalnicze i Przecinarki plazmowe\\\/ nowe i u\u017cywane \\\/ Profesjonalny serwis\",\"publisher\":{\"@id\":\"https:\\\/\\\/spawlab.pl\\\/en\\\/#organization\"},\"alternateName\":\"Spawlab.pl - Dystrybutor Premium i Serwis na Polske Migatronic, Gys, Voestalpine Bohler Welding\",\"potentialAction\":[{\"@type\":\"SearchAction\",\"target\":{\"@type\":\"EntryPoint\",\"urlTemplate\":\"https:\\\/\\\/spawlab.pl\\\/en\\\/?s={search_term_string}\"},\"query-input\":{\"@type\":\"PropertyValueSpecification\",\"valueRequired\":true,\"valueName\":\"search_term_string\"}}],\"inLanguage\":\"en-US\"},{\"@type\":[\"Organization\",\"Place\"],\"@id\":\"https:\\\/\\\/spawlab.pl\\\/en\\\/#organization\",\"name\":\"Spawlab.pl\",\"url\":\"https:\\\/\\\/spawlab.pl\\\/en\\\/\",\"logo\":{\"@id\":\"https:\\\/\\\/spawlab.pl\\\/en\\\/produkt\\\/bohler-q-e-308l-17-3-2-x-350-mm-bundle-4-4kg\\\/#local-main-organization-logo\"},\"image\":{\"@id\":\"https:\\\/\\\/spawlab.pl\\\/en\\\/produkt\\\/bohler-q-e-308l-17-3-2-x-350-mm-bundle-4-4kg\\\/#local-main-organization-logo\"},\"sameAs\":[\"https:\\\/\\\/www.facebook.com\\\/Spawlab\\\/\",\"https:\\\/\\\/www.linkedin.com\\\/company\\\/spawlab\",\"https:\\\/\\\/www.instagram.com\\\/spawlab.pl\",\"https:\\\/\\\/www.tiktok.com\\\/@spawlab\"],\"description\":\"Lider sprzeda\u017cy, Oficjalny Dystrybutor Premium i Serwis na Polsk\u0119 Migatronic, Gys, Voestalpine Bohler Welding. Nowe i u\u017cywane Spawarki, Przecinarki Plazmowe, Kompresory. Mgr in\u017c. Jaros\u0142aw Ko\u0142aski, IWE\",\"hasMerchantReturnPolicy\":{\"@type\":\"MerchantReturnPolicy\",\"merchantReturnLink\":\"https:\\\/\\\/spawlab.pl\\\/polityka-prywatnosci-2\\\/\"},\"telephone\":[],\"openingHoursSpecification\":[{\"@type\":\"OpeningHoursSpecification\",\"dayOfWeek\":[\"Monday\",\"Tuesday\",\"Wednesday\",\"Thursday\",\"Friday\",\"Saturday\",\"Sunday\"],\"opens\":\"09:00\",\"closes\":\"17:00\"}]},{\"@type\":\"ImageObject\",\"inLanguage\":\"en-US\",\"@id\":\"https:\\\/\\\/spawlab.pl\\\/en\\\/produkt\\\/bohler-q-e-308l-17-3-2-x-350-mm-bundle-4-4kg\\\/#local-main-organization-logo\",\"url\":\"https:\\\/\\\/spawlab.pl\\\/wp-content\\\/uploads\\\/2022\\\/01\\\/olx.jpg\",\"contentUrl\":\"https:\\\/\\\/spawlab.pl\\\/wp-content\\\/uploads\\\/2022\\\/01\\\/olx.jpg\",\"width\":200,\"height\":200,\"caption\":\"Spawlab.pl\"}]}<\/script>\n<meta property=\"product:brand\" content=\"B\u00f6hler\" \/>\n<meta property=\"product:price:amount\" content=\"298.00\" \/>\n<meta property=\"product:price:currency\" content=\"PLN\" \/>\n<meta property=\"og:availability\" content=\"backorder\" \/>\n<meta property=\"product:availability\" content=\"available for order\" \/>\n<meta property=\"product:condition\" content=\"new\" \/>\n<!-- \/ Yoast SEO Premium plugin. -->","yoast_head_json":{"title":"Bohler Q E 308L-17 3.2 x 350 mm Bundle 4.4kg - SpawLab - Welding equipment and plasma cutters - store and service","description":"Lider sprzeda\u017cy, Oficjalny Dystrybutor Premium i Serwis na Polsk\u0119 Migatronic, Gys, Voestalpine Bohler Welding. Nowe i u\u017cywane Spawarki, Przecinarki Plazmowe, Kompresory. Mgr in\u017c. Jaros\u0142aw Ko\u0142aski, IWE","robots":{"index":"index","follow":"follow","max-snippet":"max-snippet:-1","max-image-preview":"max-image-preview:large","max-video-preview":"max-video-preview:-1"},"canonical":"https:\/\/spawlab.pl\/en\/produkt\/bohler-q-e-308l-17-3-2-x-350-mm-bundle-4-4kg\/","og_locale":"en_US","og_type":"article","og_title":"Bohler Q E 308L-17 3.2 x 350 mm Bundle 4.4kg","og_description":"Lider sprzeda\u017cy, Oficjalny Dystrybutor Premium i Serwis na Polsk\u0119 Migatronic, Gys, Voestalpine Bohler Welding. Nowe i u\u017cywane Spawarki, Przecinarki Plazmowe, Kompresory. Mgr in\u017c. Jaros\u0142aw Ko\u0142aski, IWE","og_url":"https:\/\/spawlab.pl\/en\/produkt\/bohler-q-e-308l-17-3-2-x-350-mm-bundle-4-4kg\/","og_site_name":"SpawLab - Welding equipment and plasma cutters - store and service","article_publisher":"https:\/\/www.facebook.com\/Spawlab\/","og_image":[{"width":730,"height":600,"url":"https:\/\/spawlab.pl\/wp-content\/uploads\/2023\/09\/httpswww.weldingsuppliesdirect.co_.ukmediacatalogproduct1818165xlg_1_3nd.jpg","type":"image\/jpeg"}],"twitter_misc":{"Price":"298,00&nbsp;&#122;&#322; (242,28&nbsp;&#122;&#322; netto)","Availability":"On backorder"},"schema":{"@context":"https:\/\/schema.org","@graph":[{"@type":["WebPage","ItemPage"],"@id":"https:\/\/spawlab.pl\/en\/produkt\/bohler-q-e-308l-17-3-2-x-350-mm-bundle-4-4kg\/","url":"https:\/\/spawlab.pl\/en\/produkt\/bohler-q-e-308l-17-3-2-x-350-mm-bundle-4-4kg\/","name":"Bohler Q E 308L-17 3.2 x 350 mm Bundle 4.4kg - SpawLab - Welding equipment and plasma cutters - store and service","isPartOf":{"@id":"https:\/\/spawlab.pl\/en\/#website"},"primaryImageOfPage":{"@id":"https:\/\/spawlab.pl\/en\/produkt\/bohler-q-e-308l-17-3-2-x-350-mm-bundle-4-4kg\/#primaryimage"},"image":{"@id":"https:\/\/spawlab.pl\/en\/produkt\/bohler-q-e-308l-17-3-2-x-350-mm-bundle-4-4kg\/#primaryimage"},"thumbnailUrl":"https:\/\/spawlab.pl\/wp-content\/uploads\/2023\/09\/elektrody-spawalnicze-bohler-q-e-308l-17-32x350-44-kg.jpg","datePublished":"2023-09-18T14:32:43+00:00","description":"Lider sprzeda\u017cy, Oficjalny Dystrybutor Premium i Serwis na Polsk\u0119 Migatronic, Gys, Voestalpine Bohler Welding. Nowe i u\u017cywane Spawarki, Przecinarki Plazmowe, Kompresory. Mgr in\u017c. Jaros\u0142aw Ko\u0142aski, IWE","breadcrumb":{"@id":"https:\/\/spawlab.pl\/en\/produkt\/bohler-q-e-308l-17-3-2-x-350-mm-bundle-4-4kg\/#breadcrumb"},"inLanguage":"en-US","potentialAction":[{"@type":"ReadAction","target":["https:\/\/spawlab.pl\/en\/produkt\/bohler-q-e-308l-17-3-2-x-350-mm-bundle-4-4kg\/"]}]},{"@type":"ImageObject","inLanguage":"en-US","@id":"https:\/\/spawlab.pl\/en\/produkt\/bohler-q-e-308l-17-3-2-x-350-mm-bundle-4-4kg\/#primaryimage","url":"https:\/\/spawlab.pl\/wp-content\/uploads\/2023\/09\/elektrody-spawalnicze-bohler-q-e-308l-17-32x350-44-kg.jpg","contentUrl":"https:\/\/spawlab.pl\/wp-content\/uploads\/2023\/09\/elektrody-spawalnicze-bohler-q-e-308l-17-32x350-44-kg.jpg","width":1000,"height":1000},{"@type":"BreadcrumbList","@id":"https:\/\/spawlab.pl\/en\/produkt\/bohler-q-e-308l-17-3-2-x-350-mm-bundle-4-4kg\/#breadcrumb","itemListElement":[{"@type":"ListItem","position":1,"name":"Strona g\u0142\u00f3wna","item":"https:\/\/spawlab.pl\/en\/"},{"@type":"ListItem","position":2,"name":"Store","item":"https:\/\/spawlab.pl\/en\/shop\/"},{"@type":"ListItem","position":3,"name":"Bohler Q E 308L-17 3.2 x 350 mm Bundle 4.4kg"}]},{"@type":"WebSite","@id":"https:\/\/spawlab.pl\/en\/#website","url":"https:\/\/spawlab.pl\/en\/","name":"Spawlab.pl Lider - Spawarki, Przecinarki Plazmowe, Kompresory","description":"Urz\u0105dzenia spawalnicze i Przecinarki plazmowe\/ nowe i u\u017cywane \/ Profesjonalny serwis","publisher":{"@id":"https:\/\/spawlab.pl\/en\/#organization"},"alternateName":"Spawlab.pl - Dystrybutor Premium i Serwis na Polske Migatronic, Gys, Voestalpine Bohler Welding","potentialAction":[{"@type":"SearchAction","target":{"@type":"EntryPoint","urlTemplate":"https:\/\/spawlab.pl\/en\/?s={search_term_string}"},"query-input":{"@type":"PropertyValueSpecification","valueRequired":true,"valueName":"search_term_string"}}],"inLanguage":"en-US"},{"@type":["Organization","Place"],"@id":"https:\/\/spawlab.pl\/en\/#organization","name":"Spawlab.pl","url":"https:\/\/spawlab.pl\/en\/","logo":{"@id":"https:\/\/spawlab.pl\/en\/produkt\/bohler-q-e-308l-17-3-2-x-350-mm-bundle-4-4kg\/#local-main-organization-logo"},"image":{"@id":"https:\/\/spawlab.pl\/en\/produkt\/bohler-q-e-308l-17-3-2-x-350-mm-bundle-4-4kg\/#local-main-organization-logo"},"sameAs":["https:\/\/www.facebook.com\/Spawlab\/","https:\/\/www.linkedin.com\/company\/spawlab","https:\/\/www.instagram.com\/spawlab.pl","https:\/\/www.tiktok.com\/@spawlab"],"description":"Lider sprzeda\u017cy, Oficjalny Dystrybutor Premium i Serwis na Polsk\u0119 Migatronic, Gys, Voestalpine Bohler Welding. Nowe i u\u017cywane Spawarki, Przecinarki Plazmowe, Kompresory. Mgr in\u017c. Jaros\u0142aw Ko\u0142aski, IWE","hasMerchantReturnPolicy":{"@type":"MerchantReturnPolicy","merchantReturnLink":"https:\/\/spawlab.pl\/polityka-prywatnosci-2\/"},"telephone":[],"openingHoursSpecification":[{"@type":"OpeningHoursSpecification","dayOfWeek":["Monday","Tuesday","Wednesday","Thursday","Friday","Saturday","Sunday"],"opens":"09:00","closes":"17:00"}]},{"@type":"ImageObject","inLanguage":"en-US","@id":"https:\/\/spawlab.pl\/en\/produkt\/bohler-q-e-308l-17-3-2-x-350-mm-bundle-4-4kg\/#local-main-organization-logo","url":"https:\/\/spawlab.pl\/wp-content\/uploads\/2022\/01\/olx.jpg","contentUrl":"https:\/\/spawlab.pl\/wp-content\/uploads\/2022\/01\/olx.jpg","width":200,"height":200,"caption":"Spawlab.pl"}]},"product_brand":"B\u00f6hler","product_price_amount":"298.00","product_price_currency":"PLN","og_availability":"backorder","product_availability":"available for order","product_condition":"new"},"_links":{"self":[{"href":"https:\/\/spawlab.pl\/en\/wp-json\/wp\/v2\/product\/31205","targetHints":{"allow":["GET"]}}],"collection":[{"href":"https:\/\/spawlab.pl\/en\/wp-json\/wp\/v2\/product"}],"about":[{"href":"https:\/\/spawlab.pl\/en\/wp-json\/wp\/v2\/types\/product"}],"wp:featuredmedia":[{"embeddable":true,"href":"https:\/\/spawlab.pl\/en\/wp-json\/wp\/v2\/media\/16937"}],"wp:attachment":[{"href":"https:\/\/spawlab.pl\/en\/wp-json\/wp\/v2\/media?parent=31205"}],"wp:term":[{"taxonomy":"product_brand","embeddable":true,"href":"https:\/\/spawlab.pl\/en\/wp-json\/wp\/v2\/product_brand?post=31205"},{"taxonomy":"product_cat","embeddable":true,"href":"https:\/\/spawlab.pl\/en\/wp-json\/wp\/v2\/product_cat?post=31205"},{"taxonomy":"product_tag","embeddable":true,"href":"https:\/\/spawlab.pl\/en\/wp-json\/wp\/v2\/product_tag?post=31205"}],"curies":[{"name":"wp","href":"https:\/\/api.w.org\/{rel}","templated":true}]}}