{"id":31206,"date":"2023-09-18T09:19:43","date_gmt":"2023-09-18T07:19:43","guid":{"rendered":"https:\/\/spawlab.pl\/produkt\/bohler-q-e-6013-rc-4-0-x-350-mm-bundle-5kg\/"},"modified":"2023-09-18T09:19:43","modified_gmt":"2023-09-18T07:19:43","slug":"bohler-q-e-6013-rc-4-0-x-350-mm-bundle-5kg","status":"publish","type":"product","link":"https:\/\/spawlab.pl\/en\/produkt\/bohler-q-e-6013-rc-4-0-x-350-mm-bundle-5kg\/","title":{"rendered":"Bohler Q E 6013 RC 4.0 x 350 mm Bundle 5kg."},"content":{"rendered":"<div class=\"info-name\">\n<p>Bohler brand products , valued worldwide, especially in the industrial sector for their quality, reliability and durability. Available today from us as an Official Distributor of this Brand <\/p>\n<p><strong>Feel free to try this product and you won&#8217;t want for anything else<\/strong><\/p>\n<p>&nbsp;<\/p>\n<p>BOHLER AWS E6013\/ Q E 6013 medium covered rutile-cellulose electrode recommended for welding in all positions. Allows AC welding at idle current voltages below 42V. Primary and secondary incidence in any position is 100%.  <\/p>\n<p>Due to the high concentration of the electric arc, it can be used for welding remelting layers in pipe welding. Welding with this electrode does not require a lot of welding experience, as it has excellent properties characterized, among other things, by a flexible and stable electric arc. It is recommended for practical training of welders.  <\/p>\n<p><strong>Type of lagging:<\/strong><\/p>\n<ul>\n<li>Rutile-cellulose<\/li>\n<\/ul>\n<p><img decoding=\"async\" data-src=\"file:\/\/\/C:\/DOCUME~1\/tymek\/USTAWI~1\/Temp\/moz-screenshot.jpg\" alt=\"\" src=\"data:image\/svg+xml;base64,PHN2ZyB3aWR0aD0iMSIgaGVpZ2h0PSIxIiB4bWxucz0iaHR0cDovL3d3dy53My5vcmcvMjAwMC9zdmciPjwvc3ZnPg==\" class=\"lazyload\"><img decoding=\"async\" data-src=\"file:\/\/\/C:\/DOCUME~1\/tymek\/USTAWI~1\/Temp\/moz-screenshot-1.jpg\" alt=\"\" src=\"data:image\/svg+xml;base64,PHN2ZyB3aWR0aD0iMSIgaGVpZ2h0PSIxIiB4bWxucz0iaHR0cDovL3d3dy53My5vcmcvMjAwMC9zdmciPjwvc3ZnPg==\" class=\"lazyload\"><img fetchpriority=\"high\" decoding=\"async\" class=\"alignnone size-full wp-image-9947\" src=\"https:\/\/spawlab.pl\/wp-content\/smush-avif\/2023\/09\/6013.jpg.avif\" alt=\"\" width=\"1666\" height=\"1591\" srcset=\"https:\/\/spawlab.pl\/wp-content\/smush-avif\/2023\/09\/6013.jpg.avif 1666w, https:\/\/spawlab.pl\/wp-content\/smush-avif\/2023\/09\/6013-300x286.jpg.avif 300w, https:\/\/spawlab.pl\/wp-content\/smush-avif\/2023\/09\/6013-1024x978.jpg.avif 1024w, https:\/\/spawlab.pl\/wp-content\/smush-avif\/2023\/09\/6013-768x733.jpg.avif 768w, https:\/\/spawlab.pl\/wp-content\/smush-avif\/2023\/09\/6013-1536x1467.jpg.avif 1536w, https:\/\/spawlab.pl\/wp-content\/smush-avif\/2023\/09\/6013-1320x1261.jpg.avif 1320w, https:\/\/spawlab.pl\/wp-content\/smush-avif\/2023\/09\/6013-600x573.jpg.avif 600w, https:\/\/spawlab.pl\/wp-content\/smush-avif\/2023\/09\/6013-64x61.jpg.avif 64w\" sizes=\"(max-width: 1666px) 100vw, 1666px\" data-smush-avif-fallback=\"{&quot;src&quot;:&quot;https:\\\/\\\/spawlab.pl\\\/wp-content\\\/uploads\\\/2023\\\/09\\\/6013.jpg&quot;,&quot;srcset&quot;:&quot;https:\\\/\\\/spawlab.pl\\\/wp-content\\\/uploads\\\/2023\\\/09\\\/6013.jpg 1666w, https:\\\/\\\/spawlab.pl\\\/wp-content\\\/uploads\\\/2023\\\/09\\\/6013-300x286.jpg 300w, https:\\\/\\\/spawlab.pl\\\/wp-content\\\/uploads\\\/2023\\\/09\\\/6013-1024x978.jpg 1024w, https:\\\/\\\/spawlab.pl\\\/wp-content\\\/uploads\\\/2023\\\/09\\\/6013-768x733.jpg 768w, https:\\\/\\\/spawlab.pl\\\/wp-content\\\/uploads\\\/2023\\\/09\\\/6013-1536x1467.jpg 1536w, https:\\\/\\\/spawlab.pl\\\/wp-content\\\/uploads\\\/2023\\\/09\\\/6013-1320x1261.jpg 1320w, https:\\\/\\\/spawlab.pl\\\/wp-content\\\/uploads\\\/2023\\\/09\\\/6013-600x573.jpg 600w, https:\\\/\\\/spawlab.pl\\\/wp-content\\\/uploads\\\/2023\\\/09\\\/6013-64x61.jpg 64w&quot;}\" \/><img decoding=\"async\" data-src=\"https:\/\/www.spawnet.pl\/grafika\/pozycje_spawania\/pb.gif\" alt=\"\" border=\"0\" src=\"data:image\/svg+xml;base64,PHN2ZyB3aWR0aD0iMSIgaGVpZ2h0PSIxIiB4bWxucz0iaHR0cDovL3d3dy53My5vcmcvMjAwMC9zdmciPjwvc3ZnPg==\" class=\"lazyload\"><img decoding=\"async\" data-src=\"https:\/\/www.spawnet.pl\/grafika\/pozycje_spawania\/pc.gif\" alt=\"\" border=\"0\" src=\"data:image\/svg+xml;base64,PHN2ZyB3aWR0aD0iMSIgaGVpZ2h0PSIxIiB4bWxucz0iaHR0cDovL3d3dy53My5vcmcvMjAwMC9zdmciPjwvc3ZnPg==\" class=\"lazyload\"><img decoding=\"async\" data-src=\"https:\/\/www.spawnet.pl\/grafika\/pozycje_spawania\/pf.gif\" alt=\"\" border=\"0\" src=\"data:image\/svg+xml;base64,PHN2ZyB3aWR0aD0iMSIgaGVpZ2h0PSIxIiB4bWxucz0iaHR0cDovL3d3dy53My5vcmcvMjAwMC9zdmciPjwvc3ZnPg==\" class=\"lazyload\"><img decoding=\"async\" data-src=\"https:\/\/www.spawnet.pl\/grafika\/pozycje_spawania\/pg.gif\" alt=\"\" border=\"0\" src=\"data:image\/svg+xml;base64,PHN2ZyB3aWR0aD0iMSIgaGVpZ2h0PSIxIiB4bWxucz0iaHR0cDovL3d3dy53My5vcmcvMjAwMC9zdmciPjwvc3ZnPg==\" class=\"lazyload\"><img decoding=\"async\" data-src=\"https:\/\/www.spawnet.pl\/grafika\/pozycje_spawania\/pe.gif\" alt=\"\" border=\"0\" src=\"data:image\/svg+xml;base64,PHN2ZyB3aWR0aD0iMSIgaGVpZ2h0PSIxIiB4bWxucz0iaHR0cDovL3d3dy53My5vcmcvMjAwMC9zdmciPjwvc3ZnPg==\" class=\"lazyload\"><\/p>\n<p><strong>Welded material:<\/strong><\/p>\n<ul>\n<li>Non-alloy steels: St0s, St3Sy, St4s<\/li>\n<li>Boiler plates: HI, HII, St36K, St41K<\/li>\n<li>Tubular steels: St 35 to St 52.4, K10, K18<\/li>\n<li>Shipbuilding sheets: A, B, D<\/li>\n<li>Steel castings: GS-38 to GS-52<\/li>\n<\/ul>\n<p><strong>Welding current and polarity:<\/strong><\/p>\n<ul>\n<li>AC, DC-<\/li>\n<\/ul>\n<p><strong>Packaging:<\/strong><\/p>\n<ul>\n<li>Capacity 5.0 [kg].<\/li>\n<li>Quantity per package &#8211; about 173 pcs. <\/li>\n<li>Type of packaging &#8211; cardboard + foil<\/li>\n<\/ul>\n<p><strong>Specification:<\/strong><\/p>\n<table border=\"0\" cellspacing=\"1\" cellpadding=\"2\" bgcolor=\"#ffffff\">\n<tbody>\n<tr>\n<td align=\"center\" valign=\"center\" bgcolor=\"#e9e9e9\"><strong>Classification<\/strong><\/td>\n<td align=\"center\" valign=\"center\" bgcolor=\"#e9e9e9\"><strong>Approvals<\/strong><\/td>\n<td align=\"center\" valign=\"center\" bgcolor=\"#e9e9e9\" width=\"110\"><strong>Typical chemical composition of pure alloy<\/strong><\/td>\n<td colspan=\"2\" align=\"center\" valign=\"center\" bgcolor=\"#e9e9e9\" width=\"140\"><\/td>\n<\/tr>\n<tr>\n<td valign=\"top\" bgcolor=\"#f0f0f0\">AWS A-5.1: E 6013<br \/>\nISO 2560: E 42 0 RC 11<\/td>\n<td valign=\"top\" bgcolor=\"#f0f0f0\">UDT,ABS,CE,DNV,<\/p>\n<p>GL,PRS,<\/td>\n<td align=\"center\" valign=\"top\" bgcolor=\"#f0f0f0\">\n<table border=\"0\" cellspacing=\"1\" cellpadding=\"1\">\n<tbody>\n<tr>\n<td valign=\"top\" bgcolor=\"#f0f0f0\">C<\/td>\n<td valign=\"top\" bgcolor=\"#f0f0f0\">0,08<\/td>\n<\/tr>\n<tr>\n<td valign=\"top\" bgcolor=\"#f0f0f0\">Si<\/td>\n<td valign=\"top\" bgcolor=\"#f0f0f0\">0,20<\/td>\n<\/tr>\n<tr>\n<td valign=\"top\" bgcolor=\"#f0f0f0\">Mn<\/td>\n<td valign=\"top\" bgcolor=\"#f0f0f0\">0,50<\/td>\n<\/tr>\n<\/tbody>\n<\/table>\n<\/td>\n<td valign=\"top\" bgcolor=\"#f0f0f0\">Plasticity Rp 0.2 %: &gt; 380 N\/mm2<br \/>\nStrength Rm: 470 &#8211; 600 N\/mm2<br \/>\nElongation A5 : &gt; 20 %<br \/>\nImpact strength Av : &gt; 47 J (0\u00b0 C)<\/td>\n<\/tr>\n<\/tbody>\n<\/table>\n<table border=\"0\" cellspacing=\"2\" cellpadding=\"0\">\n<tbody>\n<tr>\n<td bgcolor=\"#f0f0f0\">Drying temperature [\u00b0C] 110<br \/>\nDrying time [hr] 1<\/td>\n<\/tr>\n<\/tbody>\n<\/table>\n<\/div>\n","protected":false},"excerpt":{"rendered":"<p>Bohler brand products , valued worldwide, especially in the industrial sector for their quality, reliability and durability. Available today from us as an Official Distributor of this Brand Feel free to try this product and you won&#8217;t want for anything else &nbsp; BOHLER AWS E6013\/ Q E 6013 medium covered rutile-cellulose electrode recommended for welding [&hellip;]<\/p>\n","protected":false},"featured_media":16933,"template":"","meta":{"inline_featured_image":false},"product_brand":[],"product_cat":[476,475,539,540],"product_tag":[11537,5026,3444,10846,12783,13016,8612],"class_list":{"0":"post-31206","1":"product","2":"type-product","3":"status-publish","4":"has-post-thumbnail","6":"product_cat-accessories","7":"product_cat-accessories-parts","8":"product_cat-mma-en-3","9":"product_cat-welding-wire","10":"product_tag-bohler-welding-accessories","11":"product_tag-cellulose-electrodes","12":"product_tag-mma-welding","13":"product_tag-spawlab-en","14":"product_tag-voestalpine-en","15":"product_tag-welding-electrodes","16":"product_tag-welding-of-steel-structures","18":"first","19":"onbackorder","20":"taxable","21":"shipping-taxable","22":"purchasable","23":"product-type-simple"},"yoast_head":"<!-- This site is optimized with the Yoast SEO Premium plugin v27.5 (Yoast SEO v27.6) - https:\/\/yoast.com\/product\/yoast-seo-premium-wordpress\/ -->\n<title>Bohler Q E 6013 RC 4.0 x 350 mm Bundle 5kg. - SpawLab - Welding equipment and plasma cutters - store and service<\/title>\n<meta name=\"description\" content=\"Lider sprzeda\u017cy, Oficjalny Dystrybutor Premium i Serwis na Polsk\u0119 Migatronic, Gys, Voestalpine Bohler Welding. Nowe i u\u017cywane Spawarki, Przecinarki Plazmowe, Kompresory. Mgr in\u017c. Jaros\u0142aw Ko\u0142aski, IWE\" \/>\n<meta name=\"robots\" content=\"index, follow, max-snippet:-1, max-image-preview:large, max-video-preview:-1\" \/>\n<link rel=\"canonical\" href=\"https:\/\/spawlab.pl\/en\/produkt\/bohler-q-e-6013-rc-4-0-x-350-mm-bundle-5kg\/\" \/>\n<meta property=\"og:locale\" content=\"en_US\" \/>\n<meta property=\"og:type\" content=\"article\" \/>\n<meta property=\"og:title\" content=\"Bohler Q E 6013 RC 4.0 x 350 mm Bundle 5kg.\" \/>\n<meta property=\"og:description\" content=\"Lider sprzeda\u017cy, Oficjalny Dystrybutor Premium i Serwis na Polsk\u0119 Migatronic, Gys, Voestalpine Bohler Welding. Nowe i u\u017cywane Spawarki, Przecinarki Plazmowe, Kompresory. Mgr in\u017c. Jaros\u0142aw Ko\u0142aski, IWE\" \/>\n<meta property=\"og:url\" content=\"https:\/\/spawlab.pl\/en\/produkt\/bohler-q-e-6013-rc-4-0-x-350-mm-bundle-5kg\/\" \/>\n<meta property=\"og:site_name\" content=\"SpawLab - Welding equipment and plasma cutters - store and service\" \/>\n<meta property=\"article:publisher\" content=\"https:\/\/www.facebook.com\/Spawlab\/\" \/>\n<meta property=\"og:image\" content=\"\" \/>\n<meta name=\"twitter:label1\" content=\"Price\" \/>\n\t<meta name=\"twitter:data1\" content=\"115,00&nbsp;&#122;&#322; (93,50&nbsp;&#122;&#322; netto)\" \/>\n\t<meta name=\"twitter:label2\" content=\"Availability\" \/>\n\t<meta name=\"twitter:data2\" content=\"On backorder\" \/>\n<script type=\"application\/ld+json\" class=\"yoast-schema-graph\">{\"@context\":\"https:\\\/\\\/schema.org\",\"@graph\":[{\"@type\":[\"WebPage\",\"ItemPage\"],\"@id\":\"https:\\\/\\\/spawlab.pl\\\/en\\\/produkt\\\/bohler-q-e-6013-rc-4-0-x-350-mm-bundle-5kg\\\/\",\"url\":\"https:\\\/\\\/spawlab.pl\\\/en\\\/produkt\\\/bohler-q-e-6013-rc-4-0-x-350-mm-bundle-5kg\\\/\",\"name\":\"Bohler Q E 6013 RC 4.0 x 350 mm Bundle 5kg. - SpawLab - Welding equipment and plasma cutters - store and service\",\"isPartOf\":{\"@id\":\"https:\\\/\\\/spawlab.pl\\\/en\\\/#website\"},\"primaryImageOfPage\":{\"@id\":\"https:\\\/\\\/spawlab.pl\\\/en\\\/produkt\\\/bohler-q-e-6013-rc-4-0-x-350-mm-bundle-5kg\\\/#primaryimage\"},\"image\":{\"@id\":\"https:\\\/\\\/spawlab.pl\\\/en\\\/produkt\\\/bohler-q-e-6013-rc-4-0-x-350-mm-bundle-5kg\\\/#primaryimage\"},\"thumbnailUrl\":\"https:\\\/\\\/spawlab.pl\\\/wp-content\\\/uploads\\\/2023\\\/09\\\/el.jpg\",\"datePublished\":\"2023-09-18T07:19:43+00:00\",\"description\":\"Lider sprzeda\u017cy, Oficjalny Dystrybutor Premium i Serwis na Polsk\u0119 Migatronic, Gys, Voestalpine Bohler Welding. Nowe i u\u017cywane Spawarki, Przecinarki Plazmowe, Kompresory. Mgr in\u017c. Jaros\u0142aw Ko\u0142aski, IWE\",\"breadcrumb\":{\"@id\":\"https:\\\/\\\/spawlab.pl\\\/en\\\/produkt\\\/bohler-q-e-6013-rc-4-0-x-350-mm-bundle-5kg\\\/#breadcrumb\"},\"inLanguage\":\"en-US\",\"potentialAction\":[{\"@type\":\"ReadAction\",\"target\":[\"https:\\\/\\\/spawlab.pl\\\/en\\\/produkt\\\/bohler-q-e-6013-rc-4-0-x-350-mm-bundle-5kg\\\/\"]}]},{\"@type\":\"ImageObject\",\"inLanguage\":\"en-US\",\"@id\":\"https:\\\/\\\/spawlab.pl\\\/en\\\/produkt\\\/bohler-q-e-6013-rc-4-0-x-350-mm-bundle-5kg\\\/#primaryimage\",\"url\":\"https:\\\/\\\/spawlab.pl\\\/wp-content\\\/uploads\\\/2023\\\/09\\\/el.jpg\",\"contentUrl\":\"https:\\\/\\\/spawlab.pl\\\/wp-content\\\/uploads\\\/2023\\\/09\\\/el.jpg\",\"width\":1341,\"height\":806},{\"@type\":\"BreadcrumbList\",\"@id\":\"https:\\\/\\\/spawlab.pl\\\/en\\\/produkt\\\/bohler-q-e-6013-rc-4-0-x-350-mm-bundle-5kg\\\/#breadcrumb\",\"itemListElement\":[{\"@type\":\"ListItem\",\"position\":1,\"name\":\"Strona g\u0142\u00f3wna\",\"item\":\"https:\\\/\\\/spawlab.pl\\\/en\\\/\"},{\"@type\":\"ListItem\",\"position\":2,\"name\":\"Store\",\"item\":\"https:\\\/\\\/spawlab.pl\\\/en\\\/shop\\\/\"},{\"@type\":\"ListItem\",\"position\":3,\"name\":\"Bohler Q E 6013 RC 4.0 x 350 mm Bundle 5kg.\"}]},{\"@type\":\"WebSite\",\"@id\":\"https:\\\/\\\/spawlab.pl\\\/en\\\/#website\",\"url\":\"https:\\\/\\\/spawlab.pl\\\/en\\\/\",\"name\":\"Spawlab.pl Lider - Spawarki, Przecinarki Plazmowe, Kompresory\",\"description\":\"Urz\u0105dzenia spawalnicze i Przecinarki plazmowe\\\/ nowe i u\u017cywane \\\/ Profesjonalny serwis\",\"publisher\":{\"@id\":\"https:\\\/\\\/spawlab.pl\\\/en\\\/#organization\"},\"alternateName\":\"Spawlab.pl - Dystrybutor Premium i Serwis na Polske Migatronic, Gys, Voestalpine Bohler Welding\",\"potentialAction\":[{\"@type\":\"SearchAction\",\"target\":{\"@type\":\"EntryPoint\",\"urlTemplate\":\"https:\\\/\\\/spawlab.pl\\\/en\\\/?s={search_term_string}\"},\"query-input\":{\"@type\":\"PropertyValueSpecification\",\"valueRequired\":true,\"valueName\":\"search_term_string\"}}],\"inLanguage\":\"en-US\"},{\"@type\":[\"Organization\",\"Place\"],\"@id\":\"https:\\\/\\\/spawlab.pl\\\/en\\\/#organization\",\"name\":\"Spawlab.pl\",\"url\":\"https:\\\/\\\/spawlab.pl\\\/en\\\/\",\"logo\":{\"@id\":\"https:\\\/\\\/spawlab.pl\\\/en\\\/produkt\\\/bohler-q-e-6013-rc-4-0-x-350-mm-bundle-5kg\\\/#local-main-organization-logo\"},\"image\":{\"@id\":\"https:\\\/\\\/spawlab.pl\\\/en\\\/produkt\\\/bohler-q-e-6013-rc-4-0-x-350-mm-bundle-5kg\\\/#local-main-organization-logo\"},\"sameAs\":[\"https:\\\/\\\/www.facebook.com\\\/Spawlab\\\/\",\"https:\\\/\\\/www.linkedin.com\\\/company\\\/spawlab\",\"https:\\\/\\\/www.instagram.com\\\/spawlab.pl\",\"https:\\\/\\\/www.tiktok.com\\\/@spawlab\"],\"description\":\"Lider sprzeda\u017cy, Oficjalny Dystrybutor Premium i Serwis na Polsk\u0119 Migatronic, Gys, Voestalpine Bohler Welding. Nowe i u\u017cywane Spawarki, Przecinarki Plazmowe, Kompresory. Mgr in\u017c. Jaros\u0142aw Ko\u0142aski, IWE\",\"hasMerchantReturnPolicy\":{\"@type\":\"MerchantReturnPolicy\",\"merchantReturnLink\":\"https:\\\/\\\/spawlab.pl\\\/polityka-prywatnosci-2\\\/\"},\"telephone\":[],\"openingHoursSpecification\":[{\"@type\":\"OpeningHoursSpecification\",\"dayOfWeek\":[\"Monday\",\"Tuesday\",\"Wednesday\",\"Thursday\",\"Friday\",\"Saturday\",\"Sunday\"],\"opens\":\"09:00\",\"closes\":\"17:00\"}]},{\"@type\":\"ImageObject\",\"inLanguage\":\"en-US\",\"@id\":\"https:\\\/\\\/spawlab.pl\\\/en\\\/produkt\\\/bohler-q-e-6013-rc-4-0-x-350-mm-bundle-5kg\\\/#local-main-organization-logo\",\"url\":\"https:\\\/\\\/spawlab.pl\\\/wp-content\\\/uploads\\\/2022\\\/01\\\/olx.jpg\",\"contentUrl\":\"https:\\\/\\\/spawlab.pl\\\/wp-content\\\/uploads\\\/2022\\\/01\\\/olx.jpg\",\"width\":200,\"height\":200,\"caption\":\"Spawlab.pl\"}]}<\/script>\n<meta property=\"product:brand\" content=\"B\u00f6hler\" \/>\n<meta property=\"product:price:amount\" content=\"115.00\" \/>\n<meta property=\"product:price:currency\" content=\"PLN\" \/>\n<meta property=\"og:availability\" content=\"backorder\" \/>\n<meta property=\"product:availability\" content=\"available for order\" \/>\n<meta property=\"product:condition\" content=\"new\" \/>\n<!-- \/ Yoast SEO Premium plugin. -->","yoast_head_json":{"title":"Bohler Q E 6013 RC 4.0 x 350 mm Bundle 5kg. - SpawLab - Welding equipment and plasma cutters - store and service","description":"Lider sprzeda\u017cy, Oficjalny Dystrybutor Premium i Serwis na Polsk\u0119 Migatronic, Gys, Voestalpine Bohler Welding. Nowe i u\u017cywane Spawarki, Przecinarki Plazmowe, Kompresory. Mgr in\u017c. Jaros\u0142aw Ko\u0142aski, IWE","robots":{"index":"index","follow":"follow","max-snippet":"max-snippet:-1","max-image-preview":"max-image-preview:large","max-video-preview":"max-video-preview:-1"},"canonical":"https:\/\/spawlab.pl\/en\/produkt\/bohler-q-e-6013-rc-4-0-x-350-mm-bundle-5kg\/","og_locale":"en_US","og_type":"article","og_title":"Bohler Q E 6013 RC 4.0 x 350 mm Bundle 5kg.","og_description":"Lider sprzeda\u017cy, Oficjalny Dystrybutor Premium i Serwis na Polsk\u0119 Migatronic, Gys, Voestalpine Bohler Welding. Nowe i u\u017cywane Spawarki, Przecinarki Plazmowe, Kompresory. Mgr in\u017c. Jaros\u0142aw Ko\u0142aski, IWE","og_url":"https:\/\/spawlab.pl\/en\/produkt\/bohler-q-e-6013-rc-4-0-x-350-mm-bundle-5kg\/","og_site_name":"SpawLab - Welding equipment and plasma cutters - store and service","article_publisher":"https:\/\/www.facebook.com\/Spawlab\/","og_image":[{"url":"file:\/\/\/C:\/DOCUME~1\/tymek\/USTAWI~1\/Temp\/moz-screenshot.jpg","type":"","width":"","height":""}],"twitter_misc":{"Price":"115,00&nbsp;&#122;&#322; (93,50&nbsp;&#122;&#322; netto)","Availability":"On backorder"},"schema":{"@context":"https:\/\/schema.org","@graph":[{"@type":["WebPage","ItemPage"],"@id":"https:\/\/spawlab.pl\/en\/produkt\/bohler-q-e-6013-rc-4-0-x-350-mm-bundle-5kg\/","url":"https:\/\/spawlab.pl\/en\/produkt\/bohler-q-e-6013-rc-4-0-x-350-mm-bundle-5kg\/","name":"Bohler Q E 6013 RC 4.0 x 350 mm Bundle 5kg. - SpawLab - Welding equipment and plasma cutters - store and service","isPartOf":{"@id":"https:\/\/spawlab.pl\/en\/#website"},"primaryImageOfPage":{"@id":"https:\/\/spawlab.pl\/en\/produkt\/bohler-q-e-6013-rc-4-0-x-350-mm-bundle-5kg\/#primaryimage"},"image":{"@id":"https:\/\/spawlab.pl\/en\/produkt\/bohler-q-e-6013-rc-4-0-x-350-mm-bundle-5kg\/#primaryimage"},"thumbnailUrl":"https:\/\/spawlab.pl\/wp-content\/uploads\/2023\/09\/el.jpg","datePublished":"2023-09-18T07:19:43+00:00","description":"Lider sprzeda\u017cy, Oficjalny Dystrybutor Premium i Serwis na Polsk\u0119 Migatronic, Gys, Voestalpine Bohler Welding. Nowe i u\u017cywane Spawarki, Przecinarki Plazmowe, Kompresory. Mgr in\u017c. Jaros\u0142aw Ko\u0142aski, IWE","breadcrumb":{"@id":"https:\/\/spawlab.pl\/en\/produkt\/bohler-q-e-6013-rc-4-0-x-350-mm-bundle-5kg\/#breadcrumb"},"inLanguage":"en-US","potentialAction":[{"@type":"ReadAction","target":["https:\/\/spawlab.pl\/en\/produkt\/bohler-q-e-6013-rc-4-0-x-350-mm-bundle-5kg\/"]}]},{"@type":"ImageObject","inLanguage":"en-US","@id":"https:\/\/spawlab.pl\/en\/produkt\/bohler-q-e-6013-rc-4-0-x-350-mm-bundle-5kg\/#primaryimage","url":"https:\/\/spawlab.pl\/wp-content\/uploads\/2023\/09\/el.jpg","contentUrl":"https:\/\/spawlab.pl\/wp-content\/uploads\/2023\/09\/el.jpg","width":1341,"height":806},{"@type":"BreadcrumbList","@id":"https:\/\/spawlab.pl\/en\/produkt\/bohler-q-e-6013-rc-4-0-x-350-mm-bundle-5kg\/#breadcrumb","itemListElement":[{"@type":"ListItem","position":1,"name":"Strona g\u0142\u00f3wna","item":"https:\/\/spawlab.pl\/en\/"},{"@type":"ListItem","position":2,"name":"Store","item":"https:\/\/spawlab.pl\/en\/shop\/"},{"@type":"ListItem","position":3,"name":"Bohler Q E 6013 RC 4.0 x 350 mm Bundle 5kg."}]},{"@type":"WebSite","@id":"https:\/\/spawlab.pl\/en\/#website","url":"https:\/\/spawlab.pl\/en\/","name":"Spawlab.pl Lider - Spawarki, Przecinarki Plazmowe, Kompresory","description":"Urz\u0105dzenia spawalnicze i Przecinarki plazmowe\/ nowe i u\u017cywane \/ Profesjonalny serwis","publisher":{"@id":"https:\/\/spawlab.pl\/en\/#organization"},"alternateName":"Spawlab.pl - Dystrybutor Premium i Serwis na Polske Migatronic, Gys, Voestalpine Bohler Welding","potentialAction":[{"@type":"SearchAction","target":{"@type":"EntryPoint","urlTemplate":"https:\/\/spawlab.pl\/en\/?s={search_term_string}"},"query-input":{"@type":"PropertyValueSpecification","valueRequired":true,"valueName":"search_term_string"}}],"inLanguage":"en-US"},{"@type":["Organization","Place"],"@id":"https:\/\/spawlab.pl\/en\/#organization","name":"Spawlab.pl","url":"https:\/\/spawlab.pl\/en\/","logo":{"@id":"https:\/\/spawlab.pl\/en\/produkt\/bohler-q-e-6013-rc-4-0-x-350-mm-bundle-5kg\/#local-main-organization-logo"},"image":{"@id":"https:\/\/spawlab.pl\/en\/produkt\/bohler-q-e-6013-rc-4-0-x-350-mm-bundle-5kg\/#local-main-organization-logo"},"sameAs":["https:\/\/www.facebook.com\/Spawlab\/","https:\/\/www.linkedin.com\/company\/spawlab","https:\/\/www.instagram.com\/spawlab.pl","https:\/\/www.tiktok.com\/@spawlab"],"description":"Lider sprzeda\u017cy, Oficjalny Dystrybutor Premium i Serwis na Polsk\u0119 Migatronic, Gys, Voestalpine Bohler Welding. Nowe i u\u017cywane Spawarki, Przecinarki Plazmowe, Kompresory. Mgr in\u017c. Jaros\u0142aw Ko\u0142aski, IWE","hasMerchantReturnPolicy":{"@type":"MerchantReturnPolicy","merchantReturnLink":"https:\/\/spawlab.pl\/polityka-prywatnosci-2\/"},"telephone":[],"openingHoursSpecification":[{"@type":"OpeningHoursSpecification","dayOfWeek":["Monday","Tuesday","Wednesday","Thursday","Friday","Saturday","Sunday"],"opens":"09:00","closes":"17:00"}]},{"@type":"ImageObject","inLanguage":"en-US","@id":"https:\/\/spawlab.pl\/en\/produkt\/bohler-q-e-6013-rc-4-0-x-350-mm-bundle-5kg\/#local-main-organization-logo","url":"https:\/\/spawlab.pl\/wp-content\/uploads\/2022\/01\/olx.jpg","contentUrl":"https:\/\/spawlab.pl\/wp-content\/uploads\/2022\/01\/olx.jpg","width":200,"height":200,"caption":"Spawlab.pl"}]},"product_brand":"B\u00f6hler","product_price_amount":"115.00","product_price_currency":"PLN","og_availability":"backorder","product_availability":"available for order","product_condition":"new"},"_links":{"self":[{"href":"https:\/\/spawlab.pl\/en\/wp-json\/wp\/v2\/product\/31206","targetHints":{"allow":["GET"]}}],"collection":[{"href":"https:\/\/spawlab.pl\/en\/wp-json\/wp\/v2\/product"}],"about":[{"href":"https:\/\/spawlab.pl\/en\/wp-json\/wp\/v2\/types\/product"}],"wp:featuredmedia":[{"embeddable":true,"href":"https:\/\/spawlab.pl\/en\/wp-json\/wp\/v2\/media\/16933"}],"wp:attachment":[{"href":"https:\/\/spawlab.pl\/en\/wp-json\/wp\/v2\/media?parent=31206"}],"wp:term":[{"taxonomy":"product_brand","embeddable":true,"href":"https:\/\/spawlab.pl\/en\/wp-json\/wp\/v2\/product_brand?post=31206"},{"taxonomy":"product_cat","embeddable":true,"href":"https:\/\/spawlab.pl\/en\/wp-json\/wp\/v2\/product_cat?post=31206"},{"taxonomy":"product_tag","embeddable":true,"href":"https:\/\/spawlab.pl\/en\/wp-json\/wp\/v2\/product_tag?post=31206"}],"curies":[{"name":"wp","href":"https:\/\/api.w.org\/{rel}","templated":true}]}}