{"id":31209,"date":"2023-09-18T10:00:30","date_gmt":"2023-09-18T08:00:30","guid":{"rendered":"https:\/\/spawlab.pl\/produkt\/bohler-q-e-7018-1-5-0-x-450-mm-bundle-5-6kg\/"},"modified":"2023-09-18T10:00:30","modified_gmt":"2023-09-18T08:00:30","slug":"bohler-q-e-7018-1-5-0-x-450-mm-bundle-5-6kg","status":"publish","type":"product","link":"https:\/\/spawlab.pl\/en\/produkt\/bohler-q-e-7018-1-5-0-x-450-mm-bundle-5-6kg\/","title":{"rendered":"Bohler Q E 7018-1 5.0 x 450 mm Bundle 5.6kg"},"content":{"rendered":"<div class=\"info-name\">\n<p>Bohler brand products , valued worldwide, especially in the industrial sector for their quality, reliability and durability. Available today from us as an Official Distributor of this Brand <\/p>\n<p><strong>Feel free to try this product and you won&#8217;t want for anything else<\/strong><\/p>\n<p><img fetchpriority=\"high\" decoding=\"async\" class=\" wp-image-9953 alignleft\" src=\"https:\/\/spawlab.pl\/wp-content\/smush-avif\/2023\/09\/httpswww.weldingsuppliesdirect.co_.ukmediacatalogproduct1818165xlg_1_3nd.jpg.avif\" alt=\"\" width=\"464\" height=\"381\" srcset=\"https:\/\/spawlab.pl\/wp-content\/smush-avif\/2023\/09\/httpswww.weldingsuppliesdirect.co_.ukmediacatalogproduct1818165xlg_1_3nd.jpg.avif 730w, https:\/\/spawlab.pl\/wp-content\/smush-avif\/2023\/09\/httpswww.weldingsuppliesdirect.co_.ukmediacatalogproduct1818165xlg_1_3nd-300x247.jpg.avif 300w, https:\/\/spawlab.pl\/wp-content\/smush-avif\/2023\/09\/httpswww.weldingsuppliesdirect.co_.ukmediacatalogproduct1818165xlg_1_3nd-600x493.jpg.avif 600w, https:\/\/spawlab.pl\/wp-content\/smush-avif\/2023\/09\/httpswww.weldingsuppliesdirect.co_.ukmediacatalogproduct1818165xlg_1_3nd-64x53.jpg.avif 64w\" sizes=\"(max-width: 464px) 100vw, 464px\" data-smush-avif-fallback=\"{&quot;src&quot;:&quot;https:\\\/\\\/spawlab.pl\\\/wp-content\\\/uploads\\\/2023\\\/09\\\/httpswww.weldingsuppliesdirect.co_.ukmediacatalogproduct1818165xlg_1_3nd.jpg&quot;,&quot;srcset&quot;:&quot;https:\\\/\\\/spawlab.pl\\\/wp-content\\\/uploads\\\/2023\\\/09\\\/httpswww.weldingsuppliesdirect.co_.ukmediacatalogproduct1818165xlg_1_3nd.jpg 730w, https:\\\/\\\/spawlab.pl\\\/wp-content\\\/uploads\\\/2023\\\/09\\\/httpswww.weldingsuppliesdirect.co_.ukmediacatalogproduct1818165xlg_1_3nd-300x247.jpg 300w, https:\\\/\\\/spawlab.pl\\\/wp-content\\\/uploads\\\/2023\\\/09\\\/httpswww.weldingsuppliesdirect.co_.ukmediacatalogproduct1818165xlg_1_3nd-600x493.jpg 600w, https:\\\/\\\/spawlab.pl\\\/wp-content\\\/uploads\\\/2023\\\/09\\\/httpswww.weldingsuppliesdirect.co_.ukmediacatalogproduct1818165xlg_1_3nd-64x53.jpg 64w&quot;}\" \/><\/p>\n<\/div>\n<p>BOHLER AWS E7018-1\/Q E 7018 alkaline electrode with very good performance. Recommended for welding structures of normal and higher strength, strongly dynamically loaded, especially in the shipbuilding industry, mechanical engineering, railroad rolling stock. Yield of about 110%.  <\/p>\n<p>Working temperature conditions the same as the base material but not below (-50\u00b0C) impact strength.<\/p>\n<p><strong>Type of lagging:<\/strong><\/p>\n<ul>\n<li>Alkaline<\/li>\n<\/ul>\n<p><img decoding=\"async\" data-src=\"file:\/\/\/C:\/DOCUME~1\/tymek\/USTAWI~1\/Temp\/moz-screenshot.jpg\" alt=\"\" src=\"data:image\/svg+xml;base64,PHN2ZyB3aWR0aD0iMSIgaGVpZ2h0PSIxIiB4bWxucz0iaHR0cDovL3d3dy53My5vcmcvMjAwMC9zdmciPjwvc3ZnPg==\" class=\"lazyload\"><img decoding=\"async\" class=\"size-full wp-image-9952 aligncenter lazyload\" data-src=\"https:\/\/spawlab.pl\/wp-content\/smush-avif\/2023\/09\/7018.jpg.avif\" alt=\"\" width=\"1141\" height=\"1520\" data-srcset=\"https:\/\/spawlab.pl\/wp-content\/smush-avif\/2023\/09\/7018.jpg.avif 1141w, https:\/\/spawlab.pl\/wp-content\/smush-avif\/2023\/09\/7018-225x300.jpg.avif 225w, https:\/\/spawlab.pl\/wp-content\/smush-avif\/2023\/09\/7018-769x1024.jpg.avif 769w, https:\/\/spawlab.pl\/wp-content\/smush-avif\/2023\/09\/7018-768x1023.jpg.avif 768w, https:\/\/spawlab.pl\/wp-content\/smush-avif\/2023\/09\/7018-600x799.jpg.avif 600w, https:\/\/spawlab.pl\/wp-content\/smush-avif\/2023\/09\/7018-64x85.jpg.avif 64w\" data-sizes=\"(max-width: 1141px) 100vw, 1141px\" src=\"data:image\/svg+xml;base64,PHN2ZyB3aWR0aD0iMSIgaGVpZ2h0PSIxIiB4bWxucz0iaHR0cDovL3d3dy53My5vcmcvMjAwMC9zdmciPjwvc3ZnPg==\" style=\"--smush-placeholder-width: 1141px; --smush-placeholder-aspect-ratio: 1141\/1520;\" data-smush-avif-fallback=\"{&quot;data-src&quot;:&quot;https:\\\/\\\/spawlab.pl\\\/wp-content\\\/uploads\\\/2023\\\/09\\\/7018.jpg&quot;,&quot;data-srcset&quot;:&quot;https:\\\/\\\/spawlab.pl\\\/wp-content\\\/uploads\\\/2023\\\/09\\\/7018.jpg 1141w, https:\\\/\\\/spawlab.pl\\\/wp-content\\\/uploads\\\/2023\\\/09\\\/7018-225x300.jpg 225w, https:\\\/\\\/spawlab.pl\\\/wp-content\\\/uploads\\\/2023\\\/09\\\/7018-769x1024.jpg 769w, https:\\\/\\\/spawlab.pl\\\/wp-content\\\/uploads\\\/2023\\\/09\\\/7018-768x1023.jpg 768w, https:\\\/\\\/spawlab.pl\\\/wp-content\\\/uploads\\\/2023\\\/09\\\/7018-600x799.jpg 600w, https:\\\/\\\/spawlab.pl\\\/wp-content\\\/uploads\\\/2023\\\/09\\\/7018-64x85.jpg 64w&quot;}\" \/><\/p>\n<p><img decoding=\"async\" data-src=\"file:\/\/\/C:\/DOCUME~1\/tymek\/USTAWI~1\/Temp\/moz-screenshot-1.jpg\" alt=\"\" src=\"data:image\/svg+xml;base64,PHN2ZyB3aWR0aD0iMSIgaGVpZ2h0PSIxIiB4bWxucz0iaHR0cDovL3d3dy53My5vcmcvMjAwMC9zdmciPjwvc3ZnPg==\" class=\"lazyload\"><img decoding=\"async\" data-src=\"https:\/\/www.spawnet.pl\/grafika\/pozycje_spawania\/pb.gif\" alt=\"\" border=\"0\" src=\"data:image\/svg+xml;base64,PHN2ZyB3aWR0aD0iMSIgaGVpZ2h0PSIxIiB4bWxucz0iaHR0cDovL3d3dy53My5vcmcvMjAwMC9zdmciPjwvc3ZnPg==\" class=\"lazyload\"><img decoding=\"async\" data-src=\"https:\/\/www.spawnet.pl\/grafika\/pozycje_spawania\/pc.gif\" alt=\"\" border=\"0\" src=\"data:image\/svg+xml;base64,PHN2ZyB3aWR0aD0iMSIgaGVpZ2h0PSIxIiB4bWxucz0iaHR0cDovL3d3dy53My5vcmcvMjAwMC9zdmciPjwvc3ZnPg==\" class=\"lazyload\"><img decoding=\"async\" data-src=\"https:\/\/www.spawnet.pl\/grafika\/pozycje_spawania\/pf.gif\" alt=\"\" border=\"0\" src=\"data:image\/svg+xml;base64,PHN2ZyB3aWR0aD0iMSIgaGVpZ2h0PSIxIiB4bWxucz0iaHR0cDovL3d3dy53My5vcmcvMjAwMC9zdmciPjwvc3ZnPg==\" class=\"lazyload\"><img decoding=\"async\" data-src=\"https:\/\/www.spawnet.pl\/grafika\/pozycje_spawania\/pe.gif\" alt=\"\" border=\"0\" src=\"data:image\/svg+xml;base64,PHN2ZyB3aWR0aD0iMSIgaGVpZ2h0PSIxIiB4bWxucz0iaHR0cDovL3d3dy53My5vcmcvMjAwMC9zdmciPjwvc3ZnPg==\" class=\"lazyload\"><\/p>\n<p><strong>Welded material:<\/strong><\/p>\n<ul>\n<li>Non-alloy steels: St 33 to St 60.2<\/li>\n<li>Boiler plates: HI, HII, 17 Mn4<\/li>\n<li>Tubular steels: St 35 to St 52.4<\/li>\n<li>Fine-grained steels: StE 255 to StE 355<\/li>\n<li>Ship plates: A, B, D, E, A 32-F 36, A 40-F 40<\/li>\n<li>Steel castings: GS-38 to GS-52<\/li>\n<\/ul>\n<p><strong>Werkstoff numbers:<\/strong><\/p>\n<ul>\n<li>1.0035 to 1.0060<\/li>\n<li>1.0345, 1.0425, 1.0481<\/li>\n<li>1.0308 to 1.0581<\/li>\n<li>1.0461 to 1.0562<\/li>\n<li>1.0440, 1.0472, 1.0475, 1.0476<\/li>\n<li>1.0416 to 1.0551<\/li>\n<\/ul>\n<p><strong>Welding current and polarity:<\/strong><\/p>\n<ul>\n<li>DC+<\/li>\n<\/ul>\n<p><strong>O<\/strong><strong>packaging:<\/strong><\/p>\n<ul>\n<li>Capacity 5.6[kg].<\/li>\n<li>Type of packaging &#8211; cardboard + foil<\/li>\n<\/ul>\n<p><strong>Specification:<\/strong><\/p>\n<table border=\"0\" cellspacing=\"1\" cellpadding=\"2\" bgcolor=\"#ffffff\">\n<tbody>\n<tr>\n<td align=\"center\" valign=\"center\" bgcolor=\"#e9e9e9\"><strong>Classification<\/strong><\/td>\n<td align=\"center\" valign=\"center\" bgcolor=\"#e9e9e9\"><strong>Approvals<\/strong><\/td>\n<td align=\"center\" valign=\"center\" bgcolor=\"#e9e9e9\" width=\"110\"><strong>Typical chemical composition of pure alloy<\/strong><\/td>\n<td colspan=\"2\" align=\"center\" valign=\"center\" bgcolor=\"#e9e9e9\" width=\"140\"><\/td>\n<\/tr>\n<tr>\n<td valign=\"top\" bgcolor=\"#f0f0f0\">EN ISO 2560 &#8211; A &#8211; E 42 5 B 4 2 H5<br \/>\nAWS A-5.1: E 7018-1H4<\/td>\n<td valign=\"top\" bgcolor=\"#f0f0f0\">TUV-D, BV, ABS, GL, DNV, LR, CE<\/td>\n<td align=\"center\" valign=\"top\" bgcolor=\"#f0f0f0\">\n<table border=\"0\" cellspacing=\"1\" cellpadding=\"1\">\n<tbody>\n<tr>\n<td valign=\"top\" bgcolor=\"#f0f0f0\">C<\/td>\n<td valign=\"top\" bgcolor=\"#f0f0f0\">0,07<\/td>\n<\/tr>\n<tr>\n<td valign=\"top\" bgcolor=\"#f0f0f0\">Si<\/td>\n<td valign=\"top\" bgcolor=\"#f0f0f0\">0,50<\/td>\n<\/tr>\n<tr>\n<td valign=\"top\" bgcolor=\"#f0f0f0\">Mn<\/td>\n<td valign=\"top\" bgcolor=\"#f0f0f0\">1,10<\/td>\n<\/tr>\n<\/tbody>\n<\/table>\n<\/td>\n<td valign=\"top\" bgcolor=\"#f0f0f0\">Plasticity Rp 0.2 %: &gt; 420 N\/mm2<br \/>\nStrength Rm: 500 &#8211; 640 N\/mm2<br \/>\nElongation A5 : &gt; 20 %<br \/>\nImpact strength Av : &gt; 47 J (-50\u00b0 C)<\/td>\n<\/tr>\n<\/tbody>\n<\/table>\n<p>&nbsp;<\/p>\n","protected":false},"excerpt":{"rendered":"<p>Bohler brand products , valued worldwide, especially in the industrial sector for their quality, reliability and durability. Available today from us as an Official Distributor of this Brand Feel free to try this product and you won&#8217;t want for anything else BOHLER AWS E7018-1\/Q E 7018 alkaline electrode with very good performance. Recommended for welding [&hellip;]<\/p>\n","protected":false},"featured_media":16937,"template":"","meta":{"inline_featured_image":false},"product_brand":[],"product_cat":[476,475,539,540],"product_tag":[4432,5369,5370,12783,11786,3600],"class_list":{"0":"post-31209","1":"product","2":"type-product","3":"status-publish","4":"has-post-thumbnail","6":"product_cat-accessories","7":"product_cat-accessories-parts","8":"product_cat-mma-en-3","9":"product_cat-welding-wire","10":"product_tag-bohler-welding-en-2","11":"product_tag-heavy-industry","12":"product_tag-steel-structures","13":"product_tag-voestalpine-en","14":"product_tag-welding-consumables","15":"product_tag-welding-of-steel","17":"first","18":"onbackorder","19":"taxable","20":"shipping-taxable","21":"purchasable","22":"product-type-simple"},"yoast_head":"<!-- This site is optimized with the Yoast SEO Premium plugin v27.5 (Yoast SEO v27.6) - https:\/\/yoast.com\/product\/yoast-seo-premium-wordpress\/ -->\n<title>Bohler Q E 7018-1 5.0 x 450 mm Bundle 5.6kg - SpawLab - Welding equipment and plasma cutters - store and service<\/title>\n<meta name=\"description\" content=\"Lider sprzeda\u017cy, Oficjalny Dystrybutor Premium i Serwis na Polsk\u0119 Migatronic, Gys, Voestalpine Bohler Welding. Nowe i u\u017cywane Spawarki, Przecinarki Plazmowe, Kompresory. Mgr in\u017c. Jaros\u0142aw Ko\u0142aski, IWE\" \/>\n<meta name=\"robots\" content=\"index, follow, max-snippet:-1, max-image-preview:large, max-video-preview:-1\" \/>\n<link rel=\"canonical\" href=\"https:\/\/spawlab.pl\/en\/produkt\/bohler-q-e-7018-1-5-0-x-450-mm-bundle-5-6kg\/\" \/>\n<meta property=\"og:locale\" content=\"en_US\" \/>\n<meta property=\"og:type\" content=\"article\" \/>\n<meta property=\"og:title\" content=\"Bohler Q E 7018-1 5.0 x 450 mm Bundle 5.6kg\" \/>\n<meta property=\"og:description\" content=\"Lider sprzeda\u017cy, Oficjalny Dystrybutor Premium i Serwis na Polsk\u0119 Migatronic, Gys, Voestalpine Bohler Welding. Nowe i u\u017cywane Spawarki, Przecinarki Plazmowe, Kompresory. Mgr in\u017c. Jaros\u0142aw Ko\u0142aski, IWE\" \/>\n<meta property=\"og:url\" content=\"https:\/\/spawlab.pl\/en\/produkt\/bohler-q-e-7018-1-5-0-x-450-mm-bundle-5-6kg\/\" \/>\n<meta property=\"og:site_name\" content=\"SpawLab - Welding equipment and plasma cutters - store and service\" \/>\n<meta property=\"article:publisher\" content=\"https:\/\/www.facebook.com\/Spawlab\/\" \/>\n<meta property=\"og:image\" content=\"https:\/\/spawlab.pl\/wp-content\/uploads\/2023\/09\/elektrody-spawalnicze-bohler-q-e-308l-17-32x350-44-kg.jpg\" \/>\n\t<meta property=\"og:image:width\" content=\"1000\" \/>\n\t<meta property=\"og:image:height\" content=\"1000\" \/>\n\t<meta property=\"og:image:type\" content=\"image\/jpeg\" \/>\n<meta name=\"twitter:label1\" content=\"Price\" \/>\n\t<meta name=\"twitter:data1\" content=\"163,00&nbsp;&#122;&#322; (132,52&nbsp;&#122;&#322; netto)\" \/>\n\t<meta name=\"twitter:label2\" content=\"Availability\" \/>\n\t<meta name=\"twitter:data2\" content=\"On backorder\" \/>\n<script type=\"application\/ld+json\" class=\"yoast-schema-graph\">{\"@context\":\"https:\\\/\\\/schema.org\",\"@graph\":[{\"@type\":[\"WebPage\",\"ItemPage\"],\"@id\":\"https:\\\/\\\/spawlab.pl\\\/en\\\/produkt\\\/bohler-q-e-7018-1-5-0-x-450-mm-bundle-5-6kg\\\/\",\"url\":\"https:\\\/\\\/spawlab.pl\\\/en\\\/produkt\\\/bohler-q-e-7018-1-5-0-x-450-mm-bundle-5-6kg\\\/\",\"name\":\"Bohler Q E 7018-1 5.0 x 450 mm Bundle 5.6kg - SpawLab - Welding equipment and plasma cutters - store and service\",\"isPartOf\":{\"@id\":\"https:\\\/\\\/spawlab.pl\\\/en\\\/#website\"},\"primaryImageOfPage\":{\"@id\":\"https:\\\/\\\/spawlab.pl\\\/en\\\/produkt\\\/bohler-q-e-7018-1-5-0-x-450-mm-bundle-5-6kg\\\/#primaryimage\"},\"image\":{\"@id\":\"https:\\\/\\\/spawlab.pl\\\/en\\\/produkt\\\/bohler-q-e-7018-1-5-0-x-450-mm-bundle-5-6kg\\\/#primaryimage\"},\"thumbnailUrl\":\"https:\\\/\\\/spawlab.pl\\\/wp-content\\\/uploads\\\/2023\\\/09\\\/elektrody-spawalnicze-bohler-q-e-308l-17-32x350-44-kg.jpg\",\"datePublished\":\"2023-09-18T08:00:30+00:00\",\"description\":\"Lider sprzeda\u017cy, Oficjalny Dystrybutor Premium i Serwis na Polsk\u0119 Migatronic, Gys, Voestalpine Bohler Welding. Nowe i u\u017cywane Spawarki, Przecinarki Plazmowe, Kompresory. Mgr in\u017c. Jaros\u0142aw Ko\u0142aski, IWE\",\"breadcrumb\":{\"@id\":\"https:\\\/\\\/spawlab.pl\\\/en\\\/produkt\\\/bohler-q-e-7018-1-5-0-x-450-mm-bundle-5-6kg\\\/#breadcrumb\"},\"inLanguage\":\"en-US\",\"potentialAction\":[{\"@type\":\"ReadAction\",\"target\":[\"https:\\\/\\\/spawlab.pl\\\/en\\\/produkt\\\/bohler-q-e-7018-1-5-0-x-450-mm-bundle-5-6kg\\\/\"]}]},{\"@type\":\"ImageObject\",\"inLanguage\":\"en-US\",\"@id\":\"https:\\\/\\\/spawlab.pl\\\/en\\\/produkt\\\/bohler-q-e-7018-1-5-0-x-450-mm-bundle-5-6kg\\\/#primaryimage\",\"url\":\"https:\\\/\\\/spawlab.pl\\\/wp-content\\\/uploads\\\/2023\\\/09\\\/elektrody-spawalnicze-bohler-q-e-308l-17-32x350-44-kg.jpg\",\"contentUrl\":\"https:\\\/\\\/spawlab.pl\\\/wp-content\\\/uploads\\\/2023\\\/09\\\/elektrody-spawalnicze-bohler-q-e-308l-17-32x350-44-kg.jpg\",\"width\":1000,\"height\":1000},{\"@type\":\"BreadcrumbList\",\"@id\":\"https:\\\/\\\/spawlab.pl\\\/en\\\/produkt\\\/bohler-q-e-7018-1-5-0-x-450-mm-bundle-5-6kg\\\/#breadcrumb\",\"itemListElement\":[{\"@type\":\"ListItem\",\"position\":1,\"name\":\"Strona g\u0142\u00f3wna\",\"item\":\"https:\\\/\\\/spawlab.pl\\\/en\\\/\"},{\"@type\":\"ListItem\",\"position\":2,\"name\":\"Store\",\"item\":\"https:\\\/\\\/spawlab.pl\\\/en\\\/shop\\\/\"},{\"@type\":\"ListItem\",\"position\":3,\"name\":\"Bohler Q E 7018-1 5.0 x 450 mm Bundle 5.6kg\"}]},{\"@type\":\"WebSite\",\"@id\":\"https:\\\/\\\/spawlab.pl\\\/en\\\/#website\",\"url\":\"https:\\\/\\\/spawlab.pl\\\/en\\\/\",\"name\":\"Spawlab.pl Lider - Spawarki, Przecinarki Plazmowe, Kompresory\",\"description\":\"Urz\u0105dzenia spawalnicze i Przecinarki plazmowe\\\/ nowe i u\u017cywane \\\/ Profesjonalny serwis\",\"publisher\":{\"@id\":\"https:\\\/\\\/spawlab.pl\\\/en\\\/#organization\"},\"alternateName\":\"Spawlab.pl - Dystrybutor Premium i Serwis na Polske Migatronic, Gys, Voestalpine Bohler Welding\",\"potentialAction\":[{\"@type\":\"SearchAction\",\"target\":{\"@type\":\"EntryPoint\",\"urlTemplate\":\"https:\\\/\\\/spawlab.pl\\\/en\\\/?s={search_term_string}\"},\"query-input\":{\"@type\":\"PropertyValueSpecification\",\"valueRequired\":true,\"valueName\":\"search_term_string\"}}],\"inLanguage\":\"en-US\"},{\"@type\":[\"Organization\",\"Place\"],\"@id\":\"https:\\\/\\\/spawlab.pl\\\/en\\\/#organization\",\"name\":\"Spawlab.pl\",\"url\":\"https:\\\/\\\/spawlab.pl\\\/en\\\/\",\"logo\":{\"@id\":\"https:\\\/\\\/spawlab.pl\\\/en\\\/produkt\\\/bohler-q-e-7018-1-5-0-x-450-mm-bundle-5-6kg\\\/#local-main-organization-logo\"},\"image\":{\"@id\":\"https:\\\/\\\/spawlab.pl\\\/en\\\/produkt\\\/bohler-q-e-7018-1-5-0-x-450-mm-bundle-5-6kg\\\/#local-main-organization-logo\"},\"sameAs\":[\"https:\\\/\\\/www.facebook.com\\\/Spawlab\\\/\",\"https:\\\/\\\/www.linkedin.com\\\/company\\\/spawlab\",\"https:\\\/\\\/www.instagram.com\\\/spawlab.pl\",\"https:\\\/\\\/www.tiktok.com\\\/@spawlab\"],\"description\":\"Lider sprzeda\u017cy, Oficjalny Dystrybutor Premium i Serwis na Polsk\u0119 Migatronic, Gys, Voestalpine Bohler Welding. Nowe i u\u017cywane Spawarki, Przecinarki Plazmowe, Kompresory. Mgr in\u017c. Jaros\u0142aw Ko\u0142aski, IWE\",\"hasMerchantReturnPolicy\":{\"@type\":\"MerchantReturnPolicy\",\"merchantReturnLink\":\"https:\\\/\\\/spawlab.pl\\\/polityka-prywatnosci-2\\\/\"},\"telephone\":[],\"openingHoursSpecification\":[{\"@type\":\"OpeningHoursSpecification\",\"dayOfWeek\":[\"Monday\",\"Tuesday\",\"Wednesday\",\"Thursday\",\"Friday\",\"Saturday\",\"Sunday\"],\"opens\":\"09:00\",\"closes\":\"17:00\"}]},{\"@type\":\"ImageObject\",\"inLanguage\":\"en-US\",\"@id\":\"https:\\\/\\\/spawlab.pl\\\/en\\\/produkt\\\/bohler-q-e-7018-1-5-0-x-450-mm-bundle-5-6kg\\\/#local-main-organization-logo\",\"url\":\"https:\\\/\\\/spawlab.pl\\\/wp-content\\\/uploads\\\/2022\\\/01\\\/olx.jpg\",\"contentUrl\":\"https:\\\/\\\/spawlab.pl\\\/wp-content\\\/uploads\\\/2022\\\/01\\\/olx.jpg\",\"width\":200,\"height\":200,\"caption\":\"Spawlab.pl\"}]}<\/script>\n<meta property=\"product:brand\" content=\"B\u00f6hler\" \/>\n<meta property=\"product:price:amount\" content=\"163.00\" \/>\n<meta property=\"product:price:currency\" content=\"PLN\" \/>\n<meta property=\"og:availability\" content=\"backorder\" \/>\n<meta property=\"product:availability\" content=\"available for order\" \/>\n<meta property=\"product:condition\" content=\"new\" \/>\n<!-- \/ Yoast SEO Premium plugin. -->","yoast_head_json":{"title":"Bohler Q E 7018-1 5.0 x 450 mm Bundle 5.6kg - SpawLab - Welding equipment and plasma cutters - store and service","description":"Lider sprzeda\u017cy, Oficjalny Dystrybutor Premium i Serwis na Polsk\u0119 Migatronic, Gys, Voestalpine Bohler Welding. Nowe i u\u017cywane Spawarki, Przecinarki Plazmowe, Kompresory. Mgr in\u017c. Jaros\u0142aw Ko\u0142aski, IWE","robots":{"index":"index","follow":"follow","max-snippet":"max-snippet:-1","max-image-preview":"max-image-preview:large","max-video-preview":"max-video-preview:-1"},"canonical":"https:\/\/spawlab.pl\/en\/produkt\/bohler-q-e-7018-1-5-0-x-450-mm-bundle-5-6kg\/","og_locale":"en_US","og_type":"article","og_title":"Bohler Q E 7018-1 5.0 x 450 mm Bundle 5.6kg","og_description":"Lider sprzeda\u017cy, Oficjalny Dystrybutor Premium i Serwis na Polsk\u0119 Migatronic, Gys, Voestalpine Bohler Welding. Nowe i u\u017cywane Spawarki, Przecinarki Plazmowe, Kompresory. Mgr in\u017c. Jaros\u0142aw Ko\u0142aski, IWE","og_url":"https:\/\/spawlab.pl\/en\/produkt\/bohler-q-e-7018-1-5-0-x-450-mm-bundle-5-6kg\/","og_site_name":"SpawLab - Welding equipment and plasma cutters - store and service","article_publisher":"https:\/\/www.facebook.com\/Spawlab\/","og_image":[{"width":1000,"height":1000,"url":"https:\/\/spawlab.pl\/wp-content\/uploads\/2023\/09\/elektrody-spawalnicze-bohler-q-e-308l-17-32x350-44-kg.jpg","type":"image\/jpeg"}],"twitter_misc":{"Price":"163,00&nbsp;&#122;&#322; (132,52&nbsp;&#122;&#322; netto)","Availability":"On backorder"},"schema":{"@context":"https:\/\/schema.org","@graph":[{"@type":["WebPage","ItemPage"],"@id":"https:\/\/spawlab.pl\/en\/produkt\/bohler-q-e-7018-1-5-0-x-450-mm-bundle-5-6kg\/","url":"https:\/\/spawlab.pl\/en\/produkt\/bohler-q-e-7018-1-5-0-x-450-mm-bundle-5-6kg\/","name":"Bohler Q E 7018-1 5.0 x 450 mm Bundle 5.6kg - SpawLab - Welding equipment and plasma cutters - store and service","isPartOf":{"@id":"https:\/\/spawlab.pl\/en\/#website"},"primaryImageOfPage":{"@id":"https:\/\/spawlab.pl\/en\/produkt\/bohler-q-e-7018-1-5-0-x-450-mm-bundle-5-6kg\/#primaryimage"},"image":{"@id":"https:\/\/spawlab.pl\/en\/produkt\/bohler-q-e-7018-1-5-0-x-450-mm-bundle-5-6kg\/#primaryimage"},"thumbnailUrl":"https:\/\/spawlab.pl\/wp-content\/uploads\/2023\/09\/elektrody-spawalnicze-bohler-q-e-308l-17-32x350-44-kg.jpg","datePublished":"2023-09-18T08:00:30+00:00","description":"Lider sprzeda\u017cy, Oficjalny Dystrybutor Premium i Serwis na Polsk\u0119 Migatronic, Gys, Voestalpine Bohler Welding. Nowe i u\u017cywane Spawarki, Przecinarki Plazmowe, Kompresory. Mgr in\u017c. Jaros\u0142aw Ko\u0142aski, IWE","breadcrumb":{"@id":"https:\/\/spawlab.pl\/en\/produkt\/bohler-q-e-7018-1-5-0-x-450-mm-bundle-5-6kg\/#breadcrumb"},"inLanguage":"en-US","potentialAction":[{"@type":"ReadAction","target":["https:\/\/spawlab.pl\/en\/produkt\/bohler-q-e-7018-1-5-0-x-450-mm-bundle-5-6kg\/"]}]},{"@type":"ImageObject","inLanguage":"en-US","@id":"https:\/\/spawlab.pl\/en\/produkt\/bohler-q-e-7018-1-5-0-x-450-mm-bundle-5-6kg\/#primaryimage","url":"https:\/\/spawlab.pl\/wp-content\/uploads\/2023\/09\/elektrody-spawalnicze-bohler-q-e-308l-17-32x350-44-kg.jpg","contentUrl":"https:\/\/spawlab.pl\/wp-content\/uploads\/2023\/09\/elektrody-spawalnicze-bohler-q-e-308l-17-32x350-44-kg.jpg","width":1000,"height":1000},{"@type":"BreadcrumbList","@id":"https:\/\/spawlab.pl\/en\/produkt\/bohler-q-e-7018-1-5-0-x-450-mm-bundle-5-6kg\/#breadcrumb","itemListElement":[{"@type":"ListItem","position":1,"name":"Strona g\u0142\u00f3wna","item":"https:\/\/spawlab.pl\/en\/"},{"@type":"ListItem","position":2,"name":"Store","item":"https:\/\/spawlab.pl\/en\/shop\/"},{"@type":"ListItem","position":3,"name":"Bohler Q E 7018-1 5.0 x 450 mm Bundle 5.6kg"}]},{"@type":"WebSite","@id":"https:\/\/spawlab.pl\/en\/#website","url":"https:\/\/spawlab.pl\/en\/","name":"Spawlab.pl Lider - Spawarki, Przecinarki Plazmowe, Kompresory","description":"Urz\u0105dzenia spawalnicze i Przecinarki plazmowe\/ nowe i u\u017cywane \/ Profesjonalny serwis","publisher":{"@id":"https:\/\/spawlab.pl\/en\/#organization"},"alternateName":"Spawlab.pl - Dystrybutor Premium i Serwis na Polske Migatronic, Gys, Voestalpine Bohler Welding","potentialAction":[{"@type":"SearchAction","target":{"@type":"EntryPoint","urlTemplate":"https:\/\/spawlab.pl\/en\/?s={search_term_string}"},"query-input":{"@type":"PropertyValueSpecification","valueRequired":true,"valueName":"search_term_string"}}],"inLanguage":"en-US"},{"@type":["Organization","Place"],"@id":"https:\/\/spawlab.pl\/en\/#organization","name":"Spawlab.pl","url":"https:\/\/spawlab.pl\/en\/","logo":{"@id":"https:\/\/spawlab.pl\/en\/produkt\/bohler-q-e-7018-1-5-0-x-450-mm-bundle-5-6kg\/#local-main-organization-logo"},"image":{"@id":"https:\/\/spawlab.pl\/en\/produkt\/bohler-q-e-7018-1-5-0-x-450-mm-bundle-5-6kg\/#local-main-organization-logo"},"sameAs":["https:\/\/www.facebook.com\/Spawlab\/","https:\/\/www.linkedin.com\/company\/spawlab","https:\/\/www.instagram.com\/spawlab.pl","https:\/\/www.tiktok.com\/@spawlab"],"description":"Lider sprzeda\u017cy, Oficjalny Dystrybutor Premium i Serwis na Polsk\u0119 Migatronic, Gys, Voestalpine Bohler Welding. Nowe i u\u017cywane Spawarki, Przecinarki Plazmowe, Kompresory. Mgr in\u017c. Jaros\u0142aw Ko\u0142aski, IWE","hasMerchantReturnPolicy":{"@type":"MerchantReturnPolicy","merchantReturnLink":"https:\/\/spawlab.pl\/polityka-prywatnosci-2\/"},"telephone":[],"openingHoursSpecification":[{"@type":"OpeningHoursSpecification","dayOfWeek":["Monday","Tuesday","Wednesday","Thursday","Friday","Saturday","Sunday"],"opens":"09:00","closes":"17:00"}]},{"@type":"ImageObject","inLanguage":"en-US","@id":"https:\/\/spawlab.pl\/en\/produkt\/bohler-q-e-7018-1-5-0-x-450-mm-bundle-5-6kg\/#local-main-organization-logo","url":"https:\/\/spawlab.pl\/wp-content\/uploads\/2022\/01\/olx.jpg","contentUrl":"https:\/\/spawlab.pl\/wp-content\/uploads\/2022\/01\/olx.jpg","width":200,"height":200,"caption":"Spawlab.pl"}]},"product_brand":"B\u00f6hler","product_price_amount":"163.00","product_price_currency":"PLN","og_availability":"backorder","product_availability":"available for order","product_condition":"new"},"_links":{"self":[{"href":"https:\/\/spawlab.pl\/en\/wp-json\/wp\/v2\/product\/31209","targetHints":{"allow":["GET"]}}],"collection":[{"href":"https:\/\/spawlab.pl\/en\/wp-json\/wp\/v2\/product"}],"about":[{"href":"https:\/\/spawlab.pl\/en\/wp-json\/wp\/v2\/types\/product"}],"wp:featuredmedia":[{"embeddable":true,"href":"https:\/\/spawlab.pl\/en\/wp-json\/wp\/v2\/media\/16937"}],"wp:attachment":[{"href":"https:\/\/spawlab.pl\/en\/wp-json\/wp\/v2\/media?parent=31209"}],"wp:term":[{"taxonomy":"product_brand","embeddable":true,"href":"https:\/\/spawlab.pl\/en\/wp-json\/wp\/v2\/product_brand?post=31209"},{"taxonomy":"product_cat","embeddable":true,"href":"https:\/\/spawlab.pl\/en\/wp-json\/wp\/v2\/product_cat?post=31209"},{"taxonomy":"product_tag","embeddable":true,"href":"https:\/\/spawlab.pl\/en\/wp-json\/wp\/v2\/product_tag?post=31209"}],"curies":[{"name":"wp","href":"https:\/\/api.w.org\/{rel}","templated":true}]}}