{"id":31224,"date":"2023-09-03T12:12:41","date_gmt":"2023-09-03T10:12:41","guid":{"rendered":"https:\/\/spawlab.pl\/produkt\/bohler-selco-uranos-2700-pmc-2\/"},"modified":"2023-09-03T12:12:41","modified_gmt":"2023-09-03T10:12:41","slug":"bohler-selco-uranos-2700-pmc-2","status":"publish","type":"product","link":"https:\/\/spawlab.pl\/en\/produkt\/bohler-selco-uranos-2700-pmc-2\/","title":{"rendered":"B\u00f6hler &#8211; Selco Uranos 2700 PMC"},"content":{"rendered":"<p><strong><a title=\"Link to promotional video\" href=\"https:\/\/www.youtube.com\/watch?v=XCwysDqJ_v4\">Link to promotional video<\/a><\/strong><\/p>\n<p><img fetchpriority=\"high\" decoding=\"async\" class=\"size-full wp-image-9534 alignleft\" src=\"https:\/\/spawlab.pl\/wp-content\/uploads\/2023\/08\/xURANOS_2700_PMC_SCHED1A.jpg.pagespeed.ic.YjS3cZ0bLJ.webp\" sizes=\"(max-width: 585px) 100vw, 585px\" srcset=\"https:\/\/spawlab.pl\/wp-content\/uploads\/2023\/08\/xURANOS_2700_PMC_SCHED1A.jpg.pagespeed.ic.YjS3cZ0bLJ.webp 585w, https:\/\/spawlab.pl\/wp-content\/uploads\/2023\/08\/xURANOS_2700_PMC_SCHED1A-217x300.jpg.pagespeed.ic.YKlxR7ZLrZ.webp 217w, https:\/\/spawlab.pl\/wp-content\/uploads\/2023\/08\/xURANOS_2700_PMC_SCHED1A-64x89.jpg.pagespeed.ic.Y6Bpi4f7Ci.webp 64w\" alt=\"\" width=\"585\" height=\"809\" data-pagespeed-url-hash=\"1389581826\"><\/p>\n<p>APPLICATIONS<br \/>\nInverter welders to meet all welding needs in every application area. With a wide range of features and technological solutions, they are<br \/>\neagerly used in all fields of application where high quality, productivity and reliability of welding processes are required. <\/p>\n<p>COMPLETE MIG\/MAG SYSTEM<br \/>\nPMC welders can be used for welding by methods: MIG\/MAG (GMAW), MIG\/MAG with pulsed current (GMAW-P), TIG DC Lift and electrode (MMA-SMAW).<br \/>\nIn MIG\/MAG mode, the welder&#8217;s electronic control system regulates all welding parameters synergistically.<\/p>\n<p>ADVANCED TECHNOLOGY AND HIGH PERFORMANCE<br \/>\nURANOS 2700 PMC welders are equipped with more advanced control systems developed and patented to provide excellent<br \/>\nperformance. The control of the welder is completely digital, from the DSP (Digital Signal Processor).<br \/>\nThe device uses greenWave\u00ae technology, which provides power consumption at a high power factor from the AC grid, increasing output power<\/p>\n<p><img decoding=\"async\" class=\"wp-image-9535 alignleft lazyload\" data-src=\"https:\/\/spawlab.pl\/wp-content\/uploads\/2023\/08\/xURANOS_2700_PMC_SCHEDA1.jpg.pagespeed.ic.q2BqhXReCR.webp\" data-sizes=\"(max-width: 569px) 100vw, 569px\" data-srcset=\"https:\/\/spawlab.pl\/wp-content\/uploads\/2023\/08\/xURANOS_2700_PMC_SCHEDA1.jpg.pagespeed.ic.q2BqhXReCR.webp 517w, https:\/\/spawlab.pl\/wp-content\/uploads\/2023\/08\/xURANOS_2700_PMC_SCHEDA1-110x300.jpg.pagespeed.ic.RdpgueIZ11.webp 110w, https:\/\/spawlab.pl\/wp-content\/uploads\/2023\/08\/xURANOS_2700_PMC_SCHEDA1-377x1024.jpg.pagespeed.ic.STTIG0yOtL.webp 377w, https:\/\/spawlab.pl\/wp-content\/uploads\/2023\/08\/xURANOS_2700_PMC_SCHEDA1-64x174.jpg.pagespeed.ic.-YFVQvRlxL.webp 64w\" alt=\"\" width=\"569\" height=\"1545\" data-pagespeed-url-hash=\"4064061474\" src=\"data:image\/svg+xml;base64,PHN2ZyB3aWR0aD0iMSIgaGVpZ2h0PSIxIiB4bWxucz0iaHR0cDovL3d3dy53My5vcmcvMjAwMC9zdmciPjwvc3ZnPg==\" style=\"--smush-placeholder-width: 569px; --smush-placeholder-aspect-ratio: 569\/1545;\"><\/p>\n<p>and reducing consumption and impact on the power grid.<\/p>\n<p>INTELLIGENT Arc<br \/>\nThe main element that determines the innovative character of the URANOS series is the new DDWC\u00ae digital control system with high power and high computing speed.<\/p>\n<p>Thanks to it, the system is able to react extremely quickly to a change in working conditions, recalculate and optimally adjust all parameters, allowing you to get<br \/>\na &#8220;smart&#8221; arc that automatically constantly adapts to the conditions so as to ensure the highest quality of the welding process. You will believe it when you see it in action&#8230;. <\/p>\n<p>BUILT IN DRUG FEEDER<br \/>\nThe welding wire feeder is built into the welder and is based on a two-roller drive (upgradable to a four-roller drive). A built-in optical encoder controls the wire feed speed in real time and keeps it constant during welding. <\/p>\n<p>The URANOS PMC welder is equipped with an iPanel series control panel, with a large and easy-to-read 3.5&#8243; display and an extremely easy-to-use interface, unique in its field of application. The new control panel with convenient and functional buttons and dial allows setting all welding parameters. In addition, from the standard screen (XE) you can switch to the advanced (XA) and professional (XP) setting screens, depending on your specific and complex needs.  <\/p>\n<p>MIG\/MAG WELDING SUITABLE IN ANY SITUATION<br \/>\nUnder any operating conditions, one of more than 60 preloaded synergy welding programs can be recalled on the panel.<br \/>\nUsing these synergy curves, the welder&#8217;s control system automatically adjusts all welding parameters, after setting the data of wire material, diameter and type of gas used, so as to ensure high productivity in MIG\/MAG welding, while maintaining excellent process quality. In addition, the panel provides the possibility of displaying a screen with detailed information (thickness of the part to be welded, dimensions of the angle joint, etc.), which can be useful for improving the welding process <\/p>\n<p>ADAPTING WELDING PROGRAMS<br \/>\nAll settings selected during welding can be easily stored in memory under a user-selected name so that they can be quickly recalled either from the welder or from the remote control. In this way, you can create your own archive of welding programs tailored to a variety of situations. The technical service is constantly expanding its experience and is able to offer appropriate solutions, taking into account the special needs of customers.  <\/p>\n<p><img decoding=\"async\" class=\"size-full wp-image-9537 alignleft lazyload\" data-src=\"https:\/\/spawlab.pl\/wp-content\/uploads\/2023\/08\/xURANOS_2700_PMC_SCHEDA3.jpg.pagespeed.ic.cAg_hxDBbV.webp\" data-sizes=\"(max-width: 1089px) 100vw, 1089px\" data-srcset=\"https:\/\/spawlab.pl\/wp-content\/uploads\/2023\/08\/xURANOS_2700_PMC_SCHEDA3.jpg.pagespeed.ic.cAg_hxDBbV.webp 1089w, https:\/\/spawlab.pl\/wp-content\/uploads\/2023\/08\/xURANOS_2700_PMC_SCHEDA3-300x249.jpg.pagespeed.ic.hsYDK4BAlF.webp 300w, https:\/\/spawlab.pl\/wp-content\/uploads\/2023\/08\/xURANOS_2700_PMC_SCHEDA3-1024x849.jpg.pagespeed.ic.rVsOxBxsPJ.webp 1024w, https:\/\/spawlab.pl\/wp-content\/uploads\/2023\/08\/xURANOS_2700_PMC_SCHEDA3-768x637.jpg.pagespeed.ic.LiPLiT-NVb.webp 768w, https:\/\/spawlab.pl\/wp-content\/uploads\/2023\/08\/xURANOS_2700_PMC_SCHEDA3-600x498.jpg.pagespeed.ic.Zr8EIxMo9x.webp 600w, https:\/\/spawlab.pl\/wp-content\/uploads\/2023\/08\/xURANOS_2700_PMC_SCHEDA3-64x53.jpg.pagespeed.ic.PSNtN53SIZ.webp 64w\" alt=\"\" width=\"1089\" height=\"903\" data-pagespeed-url-hash=\"358094020\" src=\"data:image\/svg+xml;base64,PHN2ZyB3aWR0aD0iMSIgaGVpZ2h0PSIxIiB4bWxucz0iaHR0cDovL3d3dy53My5vcmcvMjAwMC9zdmciPjwvc3ZnPg==\" style=\"--smush-placeholder-width: 1089px; --smush-placeholder-aspect-ratio: 1089\/903;\"><\/p>\n<p>ADVANCED SOLUTIONS<\/p>\n<p>URANOS PMC welders are part of the greenWave\u00ae range, designed to save energy in accordance with EN 61000-3-12 and ensure greater social responsibility towards the environment. URANOS PMC models incorporate U.P.F.R. technology for power factor correction, which provides the highest performance with low mains power consumption, and can be connected to the Weld@Net system for complete and efficient management of the welding process using several welders simultaneously. <\/p>\n<p>COOLING UNIT<br \/>\nWU 230\/WU 232<br \/>\nComplementing the URANOS 2700 PMC welder is the new WU 230\/WU 232 cooling unit equipped with a centrifugal pump and pressure switch. The welder controls the operation of the cooling unit according to the required cooling level. Coolant connections are available at both the front and rear of the unit.  <\/p>\n<p>CAN BUS COMMUNICATION<br \/>\nIn addition, the chip is designed to be fully immune to electromagnetic interference, so as to enable secure and fast (500 kbps) transmission of the data contained in the system, as well as updating\/adjusting device parameters and performing device diagnostics.<\/p>\n<p>OTHER BENEFITS<br \/>\nAccessories<br \/>\nThe URANOS PMC system can be supplemented with accessories that further enhance its capabilities and<br \/>\nperformance, such as the DgMig chuck for MIG welding and a complete line of<br \/>\nremote control components for remote adjustment and operation.<\/p>\n<p><img decoding=\"async\" class=\"size-full wp-image-9536 alignleft lazyload\" data-src=\"https:\/\/spawlab.pl\/wp-content\/uploads\/2023\/08\/xURANOS_2700_PMC_SCHEDA2.jpg.pagespeed.ic.V2YCQUVGFB.webp\" data-sizes=\"(max-width: 850px) 100vw, 850px\" data-srcset=\"https:\/\/spawlab.pl\/wp-content\/uploads\/2023\/08\/xURANOS_2700_PMC_SCHEDA2.jpg.pagespeed.ic.V2YCQUVGFB.webp 850w, https:\/\/spawlab.pl\/wp-content\/uploads\/2023\/08\/xURANOS_2700_PMC_SCHEDA2-300x194.jpg.pagespeed.ic.62d-FQf2y1.webp 300w, https:\/\/spawlab.pl\/wp-content\/uploads\/2023\/08\/xURANOS_2700_PMC_SCHEDA2-768x496.jpg.pagespeed.ic.-jOGBPy07r.webp 768w, https:\/\/spawlab.pl\/wp-content\/uploads\/2023\/08\/xURANOS_2700_PMC_SCHEDA2-600x388.jpg.pagespeed.ic.jrqKJ_b2H0.webp 600w, https:\/\/spawlab.pl\/wp-content\/uploads\/2023\/08\/xURANOS_2700_PMC_SCHEDA2-64x41.jpg.pagespeed.ic.9FmEGJqOiC.webp 64w\" alt=\"\" width=\"850\" height=\"549\" data-pagespeed-url-hash=\"63594099\" src=\"data:image\/svg+xml;base64,PHN2ZyB3aWR0aD0iMSIgaGVpZ2h0PSIxIiB4bWxucz0iaHR0cDovL3d3dy53My5vcmcvMjAwMC9zdmciPjwvc3ZnPg==\" style=\"--smush-placeholder-width: 850px; --smush-placeholder-aspect-ratio: 850\/549;\"><\/p>\n","protected":false},"excerpt":{"rendered":"<p>Link to promotional video APPLICATIONS Inverter welders to meet all welding needs in every application area. With a wide range of features and technological solutions, they are eagerly used in all fields of application where high quality, productivity and reliability of welding processes are required. COMPLETE MIG\/MAG SYSTEM PMC welders can be used for welding [&hellip;]<\/p>\n","protected":false},"featured_media":16745,"template":"","meta":{"inline_featured_image":false},"product_brand":[],"product_cat":[511,512,474],"product_tag":[],"class_list":{"0":"post-31224","1":"product","2":"type-product","3":"status-publish","4":"has-post-thumbnail","6":"product_cat-liquid-cooled-en-7","7":"product_cat-mig-mag-en-2","8":"product_cat-new","10":"first","11":"instock","12":"taxable","13":"shipping-taxable","14":"purchasable","15":"product-type-simple"},"yoast_head":"<!-- This site is optimized with the Yoast SEO Premium plugin v27.0 (Yoast SEO v27.3) - https:\/\/yoast.com\/product\/yoast-seo-premium-wordpress\/ -->\n<title>B\u00f6hler - Selco Uranos 2700 PMC - SpawLab - Welding equipment and plasma cutters - store and service<\/title>\n<meta name=\"description\" content=\"Lider sprzeda\u017cy, Oficjalny Dystrybutor Premium i Serwis na Polsk\u0119 Migatronic, Gys, Voestalpine Bohler Welding. Nowe i u\u017cywane Spawarki, Przecinarki Plazmowe, Kompresory. Mgr in\u017c. Jaros\u0142aw Ko\u0142aski, IWE\" \/>\n<meta name=\"robots\" content=\"index, follow, max-snippet:-1, max-image-preview:large, max-video-preview:-1\" \/>\n<link rel=\"canonical\" href=\"https:\/\/spawlab.pl\/en\/produkt\/bohler-selco-uranos-2700-pmc-2\/\" \/>\n<meta property=\"og:locale\" content=\"en_US\" \/>\n<meta property=\"og:type\" content=\"article\" \/>\n<meta property=\"og:title\" content=\"B\u00f6hler - Selco Uranos 2700 PMC\" \/>\n<meta property=\"og:description\" content=\"Lider sprzeda\u017cy, Oficjalny Dystrybutor Premium i Serwis na Polsk\u0119 Migatronic, Gys, Voestalpine Bohler Welding. Nowe i u\u017cywane Spawarki, Przecinarki Plazmowe, Kompresory. Mgr in\u017c. Jaros\u0142aw Ko\u0142aski, IWE\" \/>\n<meta property=\"og:url\" content=\"https:\/\/spawlab.pl\/en\/produkt\/bohler-selco-uranos-2700-pmc-2\/\" \/>\n<meta property=\"og:site_name\" content=\"SpawLab - Welding equipment and plasma cutters - store and service\" \/>\n<meta property=\"article:publisher\" content=\"https:\/\/www.facebook.com\/Spawlab\/\" \/>\n<meta property=\"og:image\" content=\"https:\/\/spawlab.pl\/wp-content\/uploads\/2023\/08\/URANOS_2700_PMC_SCHED1A.jpg\" \/>\n\t<meta property=\"og:image:width\" content=\"585\" \/>\n\t<meta property=\"og:image:height\" content=\"809\" \/>\n\t<meta property=\"og:image:type\" content=\"image\/jpeg\" \/>\n<meta name=\"twitter:label1\" content=\"Price\" \/>\n\t<meta name=\"twitter:data1\" content=\"37 000,00&nbsp;&#122;&#322; (30 081,30&nbsp;&#122;&#322; netto)\" \/>\n\t<meta name=\"twitter:label2\" content=\"Availability\" \/>\n\t<meta name=\"twitter:data2\" content=\"In stock\" \/>\n<script type=\"application\/ld+json\" class=\"yoast-schema-graph\">{\"@context\":\"https:\\\/\\\/schema.org\",\"@graph\":[{\"@type\":[\"WebPage\",\"ItemPage\"],\"@id\":\"https:\\\/\\\/spawlab.pl\\\/en\\\/produkt\\\/bohler-selco-uranos-2700-pmc-2\\\/\",\"url\":\"https:\\\/\\\/spawlab.pl\\\/en\\\/produkt\\\/bohler-selco-uranos-2700-pmc-2\\\/\",\"name\":\"B\u00f6hler - Selco Uranos 2700 PMC - SpawLab - Welding equipment and plasma cutters - store and service\",\"isPartOf\":{\"@id\":\"https:\\\/\\\/spawlab.pl\\\/en\\\/#website\"},\"primaryImageOfPage\":{\"@id\":\"https:\\\/\\\/spawlab.pl\\\/en\\\/produkt\\\/bohler-selco-uranos-2700-pmc-2\\\/#primaryimage\"},\"image\":{\"@id\":\"https:\\\/\\\/spawlab.pl\\\/en\\\/produkt\\\/bohler-selco-uranos-2700-pmc-2\\\/#primaryimage\"},\"thumbnailUrl\":\"https:\\\/\\\/spawlab.pl\\\/wp-content\\\/uploads\\\/2023\\\/08\\\/URANOS_2700_SMC_SCHEDA.jpg\",\"datePublished\":\"2023-09-03T10:12:41+00:00\",\"description\":\"Lider sprzeda\u017cy, Oficjalny Dystrybutor Premium i Serwis na Polsk\u0119 Migatronic, Gys, Voestalpine Bohler Welding. Nowe i u\u017cywane Spawarki, Przecinarki Plazmowe, Kompresory. Mgr in\u017c. Jaros\u0142aw Ko\u0142aski, IWE\",\"breadcrumb\":{\"@id\":\"https:\\\/\\\/spawlab.pl\\\/en\\\/produkt\\\/bohler-selco-uranos-2700-pmc-2\\\/#breadcrumb\"},\"inLanguage\":\"en-US\",\"potentialAction\":[{\"@type\":\"ReadAction\",\"target\":[\"https:\\\/\\\/spawlab.pl\\\/en\\\/produkt\\\/bohler-selco-uranos-2700-pmc-2\\\/\"]}]},{\"@type\":\"ImageObject\",\"inLanguage\":\"en-US\",\"@id\":\"https:\\\/\\\/spawlab.pl\\\/en\\\/produkt\\\/bohler-selco-uranos-2700-pmc-2\\\/#primaryimage\",\"url\":\"https:\\\/\\\/spawlab.pl\\\/wp-content\\\/uploads\\\/2023\\\/08\\\/URANOS_2700_SMC_SCHEDA.jpg\",\"contentUrl\":\"https:\\\/\\\/spawlab.pl\\\/wp-content\\\/uploads\\\/2023\\\/08\\\/URANOS_2700_SMC_SCHEDA.jpg\",\"width\":750,\"height\":1100},{\"@type\":\"BreadcrumbList\",\"@id\":\"https:\\\/\\\/spawlab.pl\\\/en\\\/produkt\\\/bohler-selco-uranos-2700-pmc-2\\\/#breadcrumb\",\"itemListElement\":[{\"@type\":\"ListItem\",\"position\":1,\"name\":\"Strona g\u0142\u00f3wna\",\"item\":\"https:\\\/\\\/spawlab.pl\\\/en\\\/\"},{\"@type\":\"ListItem\",\"position\":2,\"name\":\"Store\",\"item\":\"https:\\\/\\\/spawlab.pl\\\/en\\\/shop\\\/\"},{\"@type\":\"ListItem\",\"position\":3,\"name\":\"B\u00f6hler &#8211; Selco Uranos 2700 PMC\"}]},{\"@type\":\"WebSite\",\"@id\":\"https:\\\/\\\/spawlab.pl\\\/en\\\/#website\",\"url\":\"https:\\\/\\\/spawlab.pl\\\/en\\\/\",\"name\":\"Spawlab.pl Lider - Spawarki, Przecinarki Plazmowe, Kompresory\",\"description\":\"Urz\u0105dzenia spawalnicze i Przecinarki plazmowe\\\/ nowe i u\u017cywane \\\/ Profesjonalny serwis\",\"publisher\":{\"@id\":\"https:\\\/\\\/spawlab.pl\\\/en\\\/#organization\"},\"alternateName\":\"Spawlab.pl - Dystrybutor Premium i Serwis na Polske Migatronic, Gys, Voestalpine Bohler Welding\",\"potentialAction\":[{\"@type\":\"SearchAction\",\"target\":{\"@type\":\"EntryPoint\",\"urlTemplate\":\"https:\\\/\\\/spawlab.pl\\\/en\\\/?s={search_term_string}\"},\"query-input\":{\"@type\":\"PropertyValueSpecification\",\"valueRequired\":true,\"valueName\":\"search_term_string\"}}],\"inLanguage\":\"en-US\"},{\"@type\":[\"Organization\",\"Place\"],\"@id\":\"https:\\\/\\\/spawlab.pl\\\/en\\\/#organization\",\"name\":\"Spawlab.pl\",\"url\":\"https:\\\/\\\/spawlab.pl\\\/en\\\/\",\"logo\":{\"@id\":\"https:\\\/\\\/spawlab.pl\\\/en\\\/produkt\\\/bohler-selco-uranos-2700-pmc-2\\\/#local-main-organization-logo\"},\"image\":{\"@id\":\"https:\\\/\\\/spawlab.pl\\\/en\\\/produkt\\\/bohler-selco-uranos-2700-pmc-2\\\/#local-main-organization-logo\"},\"sameAs\":[\"https:\\\/\\\/www.facebook.com\\\/Spawlab\\\/\",\"https:\\\/\\\/www.linkedin.com\\\/company\\\/spawlab\",\"https:\\\/\\\/www.instagram.com\\\/spawlab.pl\",\"https:\\\/\\\/www.tiktok.com\\\/@spawlab\"],\"description\":\"Lider sprzeda\u017cy, Oficjalny Dystrybutor Premium i Serwis na Polsk\u0119 Migatronic, Gys, Voestalpine Bohler Welding. Nowe i u\u017cywane Spawarki, Przecinarki Plazmowe, Kompresory. Mgr in\u017c. Jaros\u0142aw Ko\u0142aski, IWE\",\"hasMerchantReturnPolicy\":{\"@type\":\"MerchantReturnPolicy\",\"merchantReturnLink\":\"https:\\\/\\\/spawlab.pl\\\/polityka-prywatnosci-2\\\/\"},\"telephone\":[],\"openingHoursSpecification\":[{\"@type\":\"OpeningHoursSpecification\",\"dayOfWeek\":[\"Monday\",\"Tuesday\",\"Wednesday\",\"Thursday\",\"Friday\",\"Saturday\",\"Sunday\"],\"opens\":\"09:00\",\"closes\":\"17:00\"}]},{\"@type\":\"ImageObject\",\"inLanguage\":\"en-US\",\"@id\":\"https:\\\/\\\/spawlab.pl\\\/en\\\/produkt\\\/bohler-selco-uranos-2700-pmc-2\\\/#local-main-organization-logo\",\"url\":\"https:\\\/\\\/spawlab.pl\\\/wp-content\\\/uploads\\\/2022\\\/01\\\/olx.jpg\",\"contentUrl\":\"https:\\\/\\\/spawlab.pl\\\/wp-content\\\/uploads\\\/2022\\\/01\\\/olx.jpg\",\"width\":200,\"height\":200,\"caption\":\"Spawlab.pl\"}]}<\/script>\n<meta property=\"product:brand\" content=\"B\u00f6hler\" \/>\n<meta property=\"product:price:amount\" content=\"37000.00\" \/>\n<meta property=\"product:price:currency\" content=\"PLN\" \/>\n<meta property=\"og:availability\" content=\"instock\" \/>\n<meta property=\"product:availability\" content=\"instock\" \/>\n<meta property=\"product:condition\" content=\"new\" \/>\n<!-- \/ Yoast SEO Premium plugin. -->","yoast_head_json":{"title":"B\u00f6hler - Selco Uranos 2700 PMC - SpawLab - Welding equipment and plasma cutters - store and service","description":"Lider sprzeda\u017cy, Oficjalny Dystrybutor Premium i Serwis na Polsk\u0119 Migatronic, Gys, Voestalpine Bohler Welding. Nowe i u\u017cywane Spawarki, Przecinarki Plazmowe, Kompresory. Mgr in\u017c. Jaros\u0142aw Ko\u0142aski, IWE","robots":{"index":"index","follow":"follow","max-snippet":"max-snippet:-1","max-image-preview":"max-image-preview:large","max-video-preview":"max-video-preview:-1"},"canonical":"https:\/\/spawlab.pl\/en\/produkt\/bohler-selco-uranos-2700-pmc-2\/","og_locale":"en_US","og_type":"article","og_title":"B\u00f6hler - Selco Uranos 2700 PMC","og_description":"Lider sprzeda\u017cy, Oficjalny Dystrybutor Premium i Serwis na Polsk\u0119 Migatronic, Gys, Voestalpine Bohler Welding. Nowe i u\u017cywane Spawarki, Przecinarki Plazmowe, Kompresory. Mgr in\u017c. Jaros\u0142aw Ko\u0142aski, IWE","og_url":"https:\/\/spawlab.pl\/en\/produkt\/bohler-selco-uranos-2700-pmc-2\/","og_site_name":"SpawLab - Welding equipment and plasma cutters - store and service","article_publisher":"https:\/\/www.facebook.com\/Spawlab\/","og_image":[{"width":585,"height":809,"url":"https:\/\/spawlab.pl\/wp-content\/uploads\/2023\/08\/URANOS_2700_PMC_SCHED1A.jpg","type":"image\/jpeg"}],"twitter_misc":{"Price":"37 000,00&nbsp;&#122;&#322; (30 081,30&nbsp;&#122;&#322; netto)","Availability":"In stock"},"schema":{"@context":"https:\/\/schema.org","@graph":[{"@type":["WebPage","ItemPage"],"@id":"https:\/\/spawlab.pl\/en\/produkt\/bohler-selco-uranos-2700-pmc-2\/","url":"https:\/\/spawlab.pl\/en\/produkt\/bohler-selco-uranos-2700-pmc-2\/","name":"B\u00f6hler - Selco Uranos 2700 PMC - SpawLab - Welding equipment and plasma cutters - store and service","isPartOf":{"@id":"https:\/\/spawlab.pl\/en\/#website"},"primaryImageOfPage":{"@id":"https:\/\/spawlab.pl\/en\/produkt\/bohler-selco-uranos-2700-pmc-2\/#primaryimage"},"image":{"@id":"https:\/\/spawlab.pl\/en\/produkt\/bohler-selco-uranos-2700-pmc-2\/#primaryimage"},"thumbnailUrl":"https:\/\/spawlab.pl\/wp-content\/uploads\/2023\/08\/URANOS_2700_SMC_SCHEDA.jpg","datePublished":"2023-09-03T10:12:41+00:00","description":"Lider sprzeda\u017cy, Oficjalny Dystrybutor Premium i Serwis na Polsk\u0119 Migatronic, Gys, Voestalpine Bohler Welding. Nowe i u\u017cywane Spawarki, Przecinarki Plazmowe, Kompresory. Mgr in\u017c. Jaros\u0142aw Ko\u0142aski, IWE","breadcrumb":{"@id":"https:\/\/spawlab.pl\/en\/produkt\/bohler-selco-uranos-2700-pmc-2\/#breadcrumb"},"inLanguage":"en-US","potentialAction":[{"@type":"ReadAction","target":["https:\/\/spawlab.pl\/en\/produkt\/bohler-selco-uranos-2700-pmc-2\/"]}]},{"@type":"ImageObject","inLanguage":"en-US","@id":"https:\/\/spawlab.pl\/en\/produkt\/bohler-selco-uranos-2700-pmc-2\/#primaryimage","url":"https:\/\/spawlab.pl\/wp-content\/uploads\/2023\/08\/URANOS_2700_SMC_SCHEDA.jpg","contentUrl":"https:\/\/spawlab.pl\/wp-content\/uploads\/2023\/08\/URANOS_2700_SMC_SCHEDA.jpg","width":750,"height":1100},{"@type":"BreadcrumbList","@id":"https:\/\/spawlab.pl\/en\/produkt\/bohler-selco-uranos-2700-pmc-2\/#breadcrumb","itemListElement":[{"@type":"ListItem","position":1,"name":"Strona g\u0142\u00f3wna","item":"https:\/\/spawlab.pl\/en\/"},{"@type":"ListItem","position":2,"name":"Store","item":"https:\/\/spawlab.pl\/en\/shop\/"},{"@type":"ListItem","position":3,"name":"B\u00f6hler &#8211; Selco Uranos 2700 PMC"}]},{"@type":"WebSite","@id":"https:\/\/spawlab.pl\/en\/#website","url":"https:\/\/spawlab.pl\/en\/","name":"Spawlab.pl Lider - Spawarki, Przecinarki Plazmowe, Kompresory","description":"Urz\u0105dzenia spawalnicze i Przecinarki plazmowe\/ nowe i u\u017cywane \/ Profesjonalny serwis","publisher":{"@id":"https:\/\/spawlab.pl\/en\/#organization"},"alternateName":"Spawlab.pl - Dystrybutor Premium i Serwis na Polske Migatronic, Gys, Voestalpine Bohler Welding","potentialAction":[{"@type":"SearchAction","target":{"@type":"EntryPoint","urlTemplate":"https:\/\/spawlab.pl\/en\/?s={search_term_string}"},"query-input":{"@type":"PropertyValueSpecification","valueRequired":true,"valueName":"search_term_string"}}],"inLanguage":"en-US"},{"@type":["Organization","Place"],"@id":"https:\/\/spawlab.pl\/en\/#organization","name":"Spawlab.pl","url":"https:\/\/spawlab.pl\/en\/","logo":{"@id":"https:\/\/spawlab.pl\/en\/produkt\/bohler-selco-uranos-2700-pmc-2\/#local-main-organization-logo"},"image":{"@id":"https:\/\/spawlab.pl\/en\/produkt\/bohler-selco-uranos-2700-pmc-2\/#local-main-organization-logo"},"sameAs":["https:\/\/www.facebook.com\/Spawlab\/","https:\/\/www.linkedin.com\/company\/spawlab","https:\/\/www.instagram.com\/spawlab.pl","https:\/\/www.tiktok.com\/@spawlab"],"description":"Lider sprzeda\u017cy, Oficjalny Dystrybutor Premium i Serwis na Polsk\u0119 Migatronic, Gys, Voestalpine Bohler Welding. Nowe i u\u017cywane Spawarki, Przecinarki Plazmowe, Kompresory. Mgr in\u017c. Jaros\u0142aw Ko\u0142aski, IWE","hasMerchantReturnPolicy":{"@type":"MerchantReturnPolicy","merchantReturnLink":"https:\/\/spawlab.pl\/polityka-prywatnosci-2\/"},"telephone":[],"openingHoursSpecification":[{"@type":"OpeningHoursSpecification","dayOfWeek":["Monday","Tuesday","Wednesday","Thursday","Friday","Saturday","Sunday"],"opens":"09:00","closes":"17:00"}]},{"@type":"ImageObject","inLanguage":"en-US","@id":"https:\/\/spawlab.pl\/en\/produkt\/bohler-selco-uranos-2700-pmc-2\/#local-main-organization-logo","url":"https:\/\/spawlab.pl\/wp-content\/uploads\/2022\/01\/olx.jpg","contentUrl":"https:\/\/spawlab.pl\/wp-content\/uploads\/2022\/01\/olx.jpg","width":200,"height":200,"caption":"Spawlab.pl"}]},"product_brand":"B\u00f6hler","product_price_amount":"37000.00","product_price_currency":"PLN","og_availability":"instock","product_availability":"instock","product_condition":"new"},"_links":{"self":[{"href":"https:\/\/spawlab.pl\/en\/wp-json\/wp\/v2\/product\/31224","targetHints":{"allow":["GET"]}}],"collection":[{"href":"https:\/\/spawlab.pl\/en\/wp-json\/wp\/v2\/product"}],"about":[{"href":"https:\/\/spawlab.pl\/en\/wp-json\/wp\/v2\/types\/product"}],"wp:featuredmedia":[{"embeddable":true,"href":"https:\/\/spawlab.pl\/en\/wp-json\/wp\/v2\/media\/16745"}],"wp:attachment":[{"href":"https:\/\/spawlab.pl\/en\/wp-json\/wp\/v2\/media?parent=31224"}],"wp:term":[{"taxonomy":"product_brand","embeddable":true,"href":"https:\/\/spawlab.pl\/en\/wp-json\/wp\/v2\/product_brand?post=31224"},{"taxonomy":"product_cat","embeddable":true,"href":"https:\/\/spawlab.pl\/en\/wp-json\/wp\/v2\/product_cat?post=31224"},{"taxonomy":"product_tag","embeddable":true,"href":"https:\/\/spawlab.pl\/en\/wp-json\/wp\/v2\/product_tag?post=31224"}],"curies":[{"name":"wp","href":"https:\/\/api.w.org\/{rel}","templated":true}]}}