{"id":31237,"date":"2025-07-16T09:14:18","date_gmt":"2025-07-16T07:14:18","guid":{"rendered":"https:\/\/spawlab.pl\/produkt\/bohler-selco-railrunner\/"},"modified":"2025-07-16T09:14:19","modified_gmt":"2025-07-16T07:14:19","slug":"bohler-selco-railrunner","status":"publish","type":"product","link":"https:\/\/spawlab.pl\/en\/produkt\/bohler-selco-railrunner\/","title":{"rendered":"B\u00f6hler &#8211; Selco railRunner"},"content":{"rendered":"<p style=\"text-align: center;\"><strong><a title=\"Link to promotional video\" href=\"https:\/\/www.youtube.com\/watch?v=WzJEQ9JISYA&amp;pp=ygURcmFpbFJ1bm5lciBib2hsZXI%3D\">Link to promotional video<\/a><\/strong><\/p>\n<p><img fetchpriority=\"high\" decoding=\"async\" class=\" wp-image-9711 alignleft\" src=\"https:\/\/spawlab.pl\/wp-content\/uploads\/2023\/08\/20221220_Runner_Launch_JPG_exp-14.jpg\" alt=\"\" width=\"503\" height=\"754\"><\/p>\n<p>railRunner\u00ae<br \/>\nEnsures long-lasting welding with a user-friendly, durable and flexible rail-mounted welding carriage that integrates perfectly with any MIG-MAG welding equipment from B\u00f6hler Welding.<\/p>\n<p>The railRunner is able to show its strengths in any welding position. With a programmable oscillator and a unique user interface, all controls are at your fingertips. The perfect match of B\u00f6hler welding equipment and consumables takes productivity to the next level with the new railRunner.  <\/p>\n<p>All kinds of high-strength welds, whether fillet, butt or lap, can be profitably welded with this solution. It is possible to weld in any position, including frontal, vertical and overhead, on straight and curved surfaces. Applications can be found in many industrial segments, from beams and frames to tanks and other massive industrial components. The perfect weld seam is achieved with B\u00f6hler&#8217;s special arc welding programs, and productivity is further enhanced with special B\u00f6hler Welding processes such as rapiDeep and QuickPulse.   <\/p>\n<p><strong>1.Product Features<\/strong><br \/>\nConnection to B\u00f6hler Welding&#8217;s preferred MIG-MAG equipment via CAN-BUS connector<br \/>\nQuick-connect insulated torch handle<br \/>\nSetup and adjustment without tools<br \/>\nWorks in forward and reverse direction<br \/>\nDuty cycle up to 100%<br \/>\nTravel speed up to 80 cm\/min<br \/>\nHigh carrying capacity &#8211; more than 25 kg<br \/>\nConstant travel speed in any position and with any cart load with automatic compensation<br \/>\nWelding setting in the front, middle and rear position of the carriage<br \/>\nLimit switch<br \/>\nModular concept &#8211; a rack box with greater range and flexibility<br \/>\nTrack welding option<br \/>\nSuitable for welding and cutting<br \/>\nSuitable for straight and curved surfaces<br \/>\nSelf-adjusting wheels and paddle lock for quick installation<\/p>\n<p>User benefits<br \/>\nPlug &amp; Play<br \/>\nEasy setup and ready to weld<br \/>\nLong-lasting welding<br \/>\nMaximum operational flexibility<br \/>\nPrecise weld tracking in all conditions<\/p>\n<p><strong> <\/strong><\/p>\n<p><img decoding=\"async\" class=\"wp-image-9713 alignleft lazyload\" data-src=\"https:\/\/spawlab.pl\/wp-content\/uploads\/2023\/08\/20221220_Runner_Launch_JPG_exp-08.jpg\" alt=\"\" width=\"504\" height=\"336\" src=\"data:image\/svg+xml;base64,PHN2ZyB3aWR0aD0iMSIgaGVpZ2h0PSIxIiB4bWxucz0iaHR0cDovL3d3dy53My5vcmcvMjAwMC9zdmciPjwvc3ZnPg==\" style=\"--smush-placeholder-width: 504px; --smush-placeholder-aspect-ratio: 504\/336;\"><\/p>\n<p><strong>2. oscillator<\/strong><br \/>\nProduct Features<br \/>\nAvailable linear or radial<br \/>\nEasy and light positioning<br \/>\nIndependent wait times<br \/>\nCan be mounted in different positions<br \/>\nWide range of widths and speeds<br \/>\nProgrammable travel speed and oscillation<\/p>\n<p>User benefits<br \/>\nLightweight and easy to position<br \/>\nAny type of oscillation possible<br \/>\nRepeatability assured<\/p>\n<p>&nbsp;<\/p>\n<p><img decoding=\"async\" class=\"wp-image-9710 alignleft lazyload\" data-src=\"https:\/\/spawlab.pl\/wp-content\/uploads\/2023\/08\/IMG_3560.jpg\" alt=\"\" width=\"504\" height=\"378\" src=\"data:image\/svg+xml;base64,PHN2ZyB3aWR0aD0iMSIgaGVpZ2h0PSIxIiB4bWxucz0iaHR0cDovL3d3dy53My5vcmcvMjAwMC9zdmciPjwvc3ZnPg==\" style=\"--smush-placeholder-width: 504px; --smush-placeholder-aspect-ratio: 504\/378;\"><\/p>\n<p><strong>3. rails<\/strong><br \/>\nProduct Features<br \/>\nRigid and semi-rigid rails for straight and curved profiles<br \/>\nSupplied in lengths of 1,219, 2,438 and 3,048 mm<br \/>\nMagnetic and vacuum mounts &#8211; for secure positioning<\/p>\n<p>User benefits<br \/>\nEasy and quick installation<br \/>\nAdaptable to irregular and curved semi-rigid profiles<br \/>\nCan be attached to any type of material<\/p>\n<p>Typical applications:<br \/>\nHorizontal, head, vertical and overhead positions<br \/>\nFillet, lap and butt welds<br \/>\nT-beams and frames for heavy production, longitudinal seams of Y&amp;G goods<br \/>\nLNG tanks<br \/>\nShipyard bracing<\/p>\n<p><img decoding=\"async\" class=\"wp-image-9712 alignleft lazyload\" data-src=\"https:\/\/spawlab.pl\/wp-content\/uploads\/2023\/08\/20221220_Runner_Launch_JPG_exp-16.jpg\" alt=\"\" width=\"506\" height=\"337\" src=\"data:image\/svg+xml;base64,PHN2ZyB3aWR0aD0iMSIgaGVpZ2h0PSIxIiB4bWxucz0iaHR0cDovL3d3dy53My5vcmcvMjAwMC9zdmciPjwvc3ZnPg==\" style=\"--smush-placeholder-width: 506px; --smush-placeholder-aspect-ratio: 506\/337;\"><\/p>\n<p>Speed range 3-80 cm\/min<br \/>\nWeight 7.7 kg (without oscillator and stand)<br \/>\nStand weight 4.0 kg<br \/>\nTotal weight 17,0 kg<br \/>\nOperating temperature -15\u00b0 to 50\u00b0C<br \/>\nPower voltage 42-115-230 VAC 50\/60 Hz 30W<br \/>\nDimensions 432x336x327 mm<br \/>\nLinear oscillator<br \/>\nOscillation frequency 8-166 Hz<br \/>\nMaximum oscillation stroke 38 m<br \/>\nOscillation times 0-5 sec. left-center-right<br \/>\nLifting capacity 25 kg<br \/>\nRadial oscillator<br \/>\nOscillation speed 1\u00b0 &#8211; 45\u00b0\/s<br \/>\nOscillation stroke<br \/>\n1\u00b0 &#8211; 45\u00b0 <\/p>\n<p>Oscillation times<br \/>\n0-5 sec. left-middle-right <\/p>\n<p>Lifting capacity<br \/>\n25 kg<\/p>\n<p>&nbsp;<\/p>\n<p>&nbsp;<\/p>\n","protected":false},"excerpt":{"rendered":"<p>Link to promotional video railRunner\u00ae Ensures long-lasting welding with a user-friendly, durable and flexible rail-mounted welding carriage that integrates perfectly with any MIG-MAG welding equipment from B\u00f6hler Welding. The railRunner is able to show its strengths in any welding position. With a programmable oscillator and a unique user interface, all controls are at your fingertips. [&hellip;]<\/p>\n","protected":false},"featured_media":16770,"template":"","meta":{"inline_featured_image":false},"product_brand":[],"product_cat":[498,511,512,474],"product_tag":[],"class_list":{"0":"post-31237","1":"product","2":"type-product","3":"status-publish","4":"has-post-thumbnail","6":"product_cat-gas-cooled-en-7","7":"product_cat-liquid-cooled-en-7","8":"product_cat-mig-mag-en-2","9":"product_cat-new","11":"first","12":"onbackorder","13":"taxable","14":"shipping-taxable","15":"purchasable","16":"product-type-simple"},"yoast_head":"<!-- This site is optimized with the Yoast SEO Premium plugin v27.5 (Yoast SEO v27.6) - https:\/\/yoast.com\/product\/yoast-seo-premium-wordpress\/ -->\n<title>B\u00f6hler - Selco railRunner - SpawLab - Welding equipment and plasma cutters - store and service<\/title>\n<meta name=\"description\" content=\"Lider sprzeda\u017cy, Oficjalny Dystrybutor Premium i Serwis na Polsk\u0119 Migatronic, Gys, Voestalpine Bohler Welding. Nowe i u\u017cywane Spawarki, Przecinarki Plazmowe, Kompresory. Mgr in\u017c. Jaros\u0142aw Ko\u0142aski, IWE\" \/>\n<meta name=\"robots\" content=\"index, follow, max-snippet:-1, max-image-preview:large, max-video-preview:-1\" \/>\n<link rel=\"canonical\" href=\"https:\/\/spawlab.pl\/en\/produkt\/bohler-selco-railrunner\/\" \/>\n<meta property=\"og:locale\" content=\"en_US\" \/>\n<meta property=\"og:type\" content=\"article\" \/>\n<meta property=\"og:title\" content=\"B\u00f6hler - Selco railRunner\" \/>\n<meta property=\"og:description\" content=\"Lider sprzeda\u017cy, Oficjalny Dystrybutor Premium i Serwis na Polsk\u0119 Migatronic, Gys, Voestalpine Bohler Welding. Nowe i u\u017cywane Spawarki, Przecinarki Plazmowe, Kompresory. Mgr in\u017c. Jaros\u0142aw Ko\u0142aski, IWE\" \/>\n<meta property=\"og:url\" content=\"https:\/\/spawlab.pl\/en\/produkt\/bohler-selco-railrunner\/\" \/>\n<meta property=\"og:site_name\" content=\"SpawLab - Welding equipment and plasma cutters - store and service\" \/>\n<meta property=\"article:publisher\" content=\"https:\/\/www.facebook.com\/Spawlab\/\" \/>\n<meta property=\"article:modified_time\" content=\"2025-07-16T07:14:19+00:00\" \/>\n<meta property=\"og:image\" content=\"https:\/\/spawlab.pl\/wp-content\/uploads\/2023\/08\/20221220_Runner_Launch_JPG_exp-16.jpg\" \/>\n\t<meta property=\"og:image:width\" content=\"1350\" \/>\n\t<meta property=\"og:image:height\" content=\"900\" \/>\n\t<meta property=\"og:image:type\" content=\"image\/jpeg\" \/>\n<meta name=\"twitter:label1\" content=\"Price\" \/>\n\t<meta name=\"twitter:data1\" content=\"92 250,00&nbsp;&#122;&#322; (75 000,00&nbsp;&#122;&#322; netto)\" \/>\n\t<meta name=\"twitter:label2\" content=\"Availability\" \/>\n\t<meta name=\"twitter:data2\" content=\"On backorder\" \/>\n<script type=\"application\/ld+json\" class=\"yoast-schema-graph\">{\"@context\":\"https:\\\/\\\/schema.org\",\"@graph\":[{\"@type\":[\"WebPage\",\"ItemPage\"],\"@id\":\"https:\\\/\\\/spawlab.pl\\\/en\\\/produkt\\\/bohler-selco-railrunner\\\/\",\"url\":\"https:\\\/\\\/spawlab.pl\\\/en\\\/produkt\\\/bohler-selco-railrunner\\\/\",\"name\":\"B\u00f6hler - Selco railRunner - SpawLab - Welding equipment and plasma cutters - store and service\",\"isPartOf\":{\"@id\":\"https:\\\/\\\/spawlab.pl\\\/en\\\/#website\"},\"primaryImageOfPage\":{\"@id\":\"https:\\\/\\\/spawlab.pl\\\/en\\\/produkt\\\/bohler-selco-railrunner\\\/#primaryimage\"},\"image\":{\"@id\":\"https:\\\/\\\/spawlab.pl\\\/en\\\/produkt\\\/bohler-selco-railrunner\\\/#primaryimage\"},\"thumbnailUrl\":\"https:\\\/\\\/spawlab.pl\\\/wp-content\\\/uploads\\\/2023\\\/08\\\/20221220_Runner_Launch_JPG_exp-16.jpg\",\"datePublished\":\"2025-07-16T07:14:18+00:00\",\"dateModified\":\"2025-07-16T07:14:19+00:00\",\"description\":\"Lider sprzeda\u017cy, Oficjalny Dystrybutor Premium i Serwis na Polsk\u0119 Migatronic, Gys, Voestalpine Bohler Welding. Nowe i u\u017cywane Spawarki, Przecinarki Plazmowe, Kompresory. Mgr in\u017c. Jaros\u0142aw Ko\u0142aski, IWE\",\"breadcrumb\":{\"@id\":\"https:\\\/\\\/spawlab.pl\\\/en\\\/produkt\\\/bohler-selco-railrunner\\\/#breadcrumb\"},\"inLanguage\":\"en-US\",\"potentialAction\":[{\"@type\":\"ReadAction\",\"target\":[\"https:\\\/\\\/spawlab.pl\\\/en\\\/produkt\\\/bohler-selco-railrunner\\\/\"]}]},{\"@type\":\"ImageObject\",\"inLanguage\":\"en-US\",\"@id\":\"https:\\\/\\\/spawlab.pl\\\/en\\\/produkt\\\/bohler-selco-railrunner\\\/#primaryimage\",\"url\":\"https:\\\/\\\/spawlab.pl\\\/wp-content\\\/uploads\\\/2023\\\/08\\\/20221220_Runner_Launch_JPG_exp-16.jpg\",\"contentUrl\":\"https:\\\/\\\/spawlab.pl\\\/wp-content\\\/uploads\\\/2023\\\/08\\\/20221220_Runner_Launch_JPG_exp-16.jpg\",\"width\":1350,\"height\":900},{\"@type\":\"BreadcrumbList\",\"@id\":\"https:\\\/\\\/spawlab.pl\\\/en\\\/produkt\\\/bohler-selco-railrunner\\\/#breadcrumb\",\"itemListElement\":[{\"@type\":\"ListItem\",\"position\":1,\"name\":\"Strona g\u0142\u00f3wna\",\"item\":\"https:\\\/\\\/spawlab.pl\\\/en\\\/\"},{\"@type\":\"ListItem\",\"position\":2,\"name\":\"Store\",\"item\":\"https:\\\/\\\/spawlab.pl\\\/en\\\/shop\\\/\"},{\"@type\":\"ListItem\",\"position\":3,\"name\":\"B\u00f6hler - Selco railRunner\"}]},{\"@type\":\"WebSite\",\"@id\":\"https:\\\/\\\/spawlab.pl\\\/en\\\/#website\",\"url\":\"https:\\\/\\\/spawlab.pl\\\/en\\\/\",\"name\":\"Spawlab.pl Lider - Spawarki, Przecinarki Plazmowe, Kompresory\",\"description\":\"Urz\u0105dzenia spawalnicze i Przecinarki plazmowe\\\/ nowe i u\u017cywane \\\/ Profesjonalny serwis\",\"publisher\":{\"@id\":\"https:\\\/\\\/spawlab.pl\\\/en\\\/#organization\"},\"alternateName\":\"Spawlab.pl - Dystrybutor Premium i Serwis na Polske Migatronic, Gys, Voestalpine Bohler Welding\",\"potentialAction\":[{\"@type\":\"SearchAction\",\"target\":{\"@type\":\"EntryPoint\",\"urlTemplate\":\"https:\\\/\\\/spawlab.pl\\\/en\\\/?s={search_term_string}\"},\"query-input\":{\"@type\":\"PropertyValueSpecification\",\"valueRequired\":true,\"valueName\":\"search_term_string\"}}],\"inLanguage\":\"en-US\"},{\"@type\":[\"Organization\",\"Place\"],\"@id\":\"https:\\\/\\\/spawlab.pl\\\/en\\\/#organization\",\"name\":\"Spawlab.pl\",\"url\":\"https:\\\/\\\/spawlab.pl\\\/en\\\/\",\"logo\":{\"@id\":\"https:\\\/\\\/spawlab.pl\\\/en\\\/produkt\\\/bohler-selco-railrunner\\\/#local-main-organization-logo\"},\"image\":{\"@id\":\"https:\\\/\\\/spawlab.pl\\\/en\\\/produkt\\\/bohler-selco-railrunner\\\/#local-main-organization-logo\"},\"sameAs\":[\"https:\\\/\\\/www.facebook.com\\\/Spawlab\\\/\",\"https:\\\/\\\/www.linkedin.com\\\/company\\\/spawlab\",\"https:\\\/\\\/www.instagram.com\\\/spawlab.pl\",\"https:\\\/\\\/www.tiktok.com\\\/@spawlab\"],\"description\":\"Lider sprzeda\u017cy, Oficjalny Dystrybutor Premium i Serwis na Polsk\u0119 Migatronic, Gys, Voestalpine Bohler Welding. Nowe i u\u017cywane Spawarki, Przecinarki Plazmowe, Kompresory. Mgr in\u017c. Jaros\u0142aw Ko\u0142aski, IWE\",\"hasMerchantReturnPolicy\":{\"@type\":\"MerchantReturnPolicy\",\"merchantReturnLink\":\"https:\\\/\\\/spawlab.pl\\\/polityka-prywatnosci-2\\\/\"},\"telephone\":[],\"openingHoursSpecification\":[{\"@type\":\"OpeningHoursSpecification\",\"dayOfWeek\":[\"Monday\",\"Tuesday\",\"Wednesday\",\"Thursday\",\"Friday\",\"Saturday\",\"Sunday\"],\"opens\":\"09:00\",\"closes\":\"17:00\"}]},{\"@type\":\"ImageObject\",\"inLanguage\":\"en-US\",\"@id\":\"https:\\\/\\\/spawlab.pl\\\/en\\\/produkt\\\/bohler-selco-railrunner\\\/#local-main-organization-logo\",\"url\":\"https:\\\/\\\/spawlab.pl\\\/wp-content\\\/uploads\\\/2022\\\/01\\\/olx.jpg\",\"contentUrl\":\"https:\\\/\\\/spawlab.pl\\\/wp-content\\\/uploads\\\/2022\\\/01\\\/olx.jpg\",\"width\":200,\"height\":200,\"caption\":\"Spawlab.pl\"}]}<\/script>\n<meta property=\"product:brand\" content=\"B\u00f6hler\" \/>\n<meta property=\"product:price:amount\" content=\"92250.00\" \/>\n<meta property=\"product:price:currency\" content=\"PLN\" \/>\n<meta property=\"og:availability\" content=\"backorder\" \/>\n<meta property=\"product:availability\" content=\"available for order\" \/>\n<meta property=\"product:condition\" content=\"new\" \/>\n<!-- \/ Yoast SEO Premium plugin. -->","yoast_head_json":{"title":"B\u00f6hler - Selco railRunner - SpawLab - Welding equipment and plasma cutters - store and service","description":"Lider sprzeda\u017cy, Oficjalny Dystrybutor Premium i Serwis na Polsk\u0119 Migatronic, Gys, Voestalpine Bohler Welding. Nowe i u\u017cywane Spawarki, Przecinarki Plazmowe, Kompresory. Mgr in\u017c. Jaros\u0142aw Ko\u0142aski, IWE","robots":{"index":"index","follow":"follow","max-snippet":"max-snippet:-1","max-image-preview":"max-image-preview:large","max-video-preview":"max-video-preview:-1"},"canonical":"https:\/\/spawlab.pl\/en\/produkt\/bohler-selco-railrunner\/","og_locale":"en_US","og_type":"article","og_title":"B\u00f6hler - Selco railRunner","og_description":"Lider sprzeda\u017cy, Oficjalny Dystrybutor Premium i Serwis na Polsk\u0119 Migatronic, Gys, Voestalpine Bohler Welding. Nowe i u\u017cywane Spawarki, Przecinarki Plazmowe, Kompresory. Mgr in\u017c. Jaros\u0142aw Ko\u0142aski, IWE","og_url":"https:\/\/spawlab.pl\/en\/produkt\/bohler-selco-railrunner\/","og_site_name":"SpawLab - Welding equipment and plasma cutters - store and service","article_publisher":"https:\/\/www.facebook.com\/Spawlab\/","article_modified_time":"2025-07-16T07:14:19+00:00","og_image":[{"width":1350,"height":900,"url":"https:\/\/spawlab.pl\/wp-content\/uploads\/2023\/08\/20221220_Runner_Launch_JPG_exp-16.jpg","type":"image\/jpeg"}],"twitter_misc":{"Price":"92 250,00&nbsp;&#122;&#322; (75 000,00&nbsp;&#122;&#322; netto)","Availability":"On backorder"},"schema":{"@context":"https:\/\/schema.org","@graph":[{"@type":["WebPage","ItemPage"],"@id":"https:\/\/spawlab.pl\/en\/produkt\/bohler-selco-railrunner\/","url":"https:\/\/spawlab.pl\/en\/produkt\/bohler-selco-railrunner\/","name":"B\u00f6hler - Selco railRunner - SpawLab - Welding equipment and plasma cutters - store and service","isPartOf":{"@id":"https:\/\/spawlab.pl\/en\/#website"},"primaryImageOfPage":{"@id":"https:\/\/spawlab.pl\/en\/produkt\/bohler-selco-railrunner\/#primaryimage"},"image":{"@id":"https:\/\/spawlab.pl\/en\/produkt\/bohler-selco-railrunner\/#primaryimage"},"thumbnailUrl":"https:\/\/spawlab.pl\/wp-content\/uploads\/2023\/08\/20221220_Runner_Launch_JPG_exp-16.jpg","datePublished":"2025-07-16T07:14:18+00:00","dateModified":"2025-07-16T07:14:19+00:00","description":"Lider sprzeda\u017cy, Oficjalny Dystrybutor Premium i Serwis na Polsk\u0119 Migatronic, Gys, Voestalpine Bohler Welding. Nowe i u\u017cywane Spawarki, Przecinarki Plazmowe, Kompresory. Mgr in\u017c. Jaros\u0142aw Ko\u0142aski, IWE","breadcrumb":{"@id":"https:\/\/spawlab.pl\/en\/produkt\/bohler-selco-railrunner\/#breadcrumb"},"inLanguage":"en-US","potentialAction":[{"@type":"ReadAction","target":["https:\/\/spawlab.pl\/en\/produkt\/bohler-selco-railrunner\/"]}]},{"@type":"ImageObject","inLanguage":"en-US","@id":"https:\/\/spawlab.pl\/en\/produkt\/bohler-selco-railrunner\/#primaryimage","url":"https:\/\/spawlab.pl\/wp-content\/uploads\/2023\/08\/20221220_Runner_Launch_JPG_exp-16.jpg","contentUrl":"https:\/\/spawlab.pl\/wp-content\/uploads\/2023\/08\/20221220_Runner_Launch_JPG_exp-16.jpg","width":1350,"height":900},{"@type":"BreadcrumbList","@id":"https:\/\/spawlab.pl\/en\/produkt\/bohler-selco-railrunner\/#breadcrumb","itemListElement":[{"@type":"ListItem","position":1,"name":"Strona g\u0142\u00f3wna","item":"https:\/\/spawlab.pl\/en\/"},{"@type":"ListItem","position":2,"name":"Store","item":"https:\/\/spawlab.pl\/en\/shop\/"},{"@type":"ListItem","position":3,"name":"B\u00f6hler - Selco railRunner"}]},{"@type":"WebSite","@id":"https:\/\/spawlab.pl\/en\/#website","url":"https:\/\/spawlab.pl\/en\/","name":"Spawlab.pl Lider - Spawarki, Przecinarki Plazmowe, Kompresory","description":"Urz\u0105dzenia spawalnicze i Przecinarki plazmowe\/ nowe i u\u017cywane \/ Profesjonalny serwis","publisher":{"@id":"https:\/\/spawlab.pl\/en\/#organization"},"alternateName":"Spawlab.pl - Dystrybutor Premium i Serwis na Polske Migatronic, Gys, Voestalpine Bohler Welding","potentialAction":[{"@type":"SearchAction","target":{"@type":"EntryPoint","urlTemplate":"https:\/\/spawlab.pl\/en\/?s={search_term_string}"},"query-input":{"@type":"PropertyValueSpecification","valueRequired":true,"valueName":"search_term_string"}}],"inLanguage":"en-US"},{"@type":["Organization","Place"],"@id":"https:\/\/spawlab.pl\/en\/#organization","name":"Spawlab.pl","url":"https:\/\/spawlab.pl\/en\/","logo":{"@id":"https:\/\/spawlab.pl\/en\/produkt\/bohler-selco-railrunner\/#local-main-organization-logo"},"image":{"@id":"https:\/\/spawlab.pl\/en\/produkt\/bohler-selco-railrunner\/#local-main-organization-logo"},"sameAs":["https:\/\/www.facebook.com\/Spawlab\/","https:\/\/www.linkedin.com\/company\/spawlab","https:\/\/www.instagram.com\/spawlab.pl","https:\/\/www.tiktok.com\/@spawlab"],"description":"Lider sprzeda\u017cy, Oficjalny Dystrybutor Premium i Serwis na Polsk\u0119 Migatronic, Gys, Voestalpine Bohler Welding. Nowe i u\u017cywane Spawarki, Przecinarki Plazmowe, Kompresory. Mgr in\u017c. Jaros\u0142aw Ko\u0142aski, IWE","hasMerchantReturnPolicy":{"@type":"MerchantReturnPolicy","merchantReturnLink":"https:\/\/spawlab.pl\/polityka-prywatnosci-2\/"},"telephone":[],"openingHoursSpecification":[{"@type":"OpeningHoursSpecification","dayOfWeek":["Monday","Tuesday","Wednesday","Thursday","Friday","Saturday","Sunday"],"opens":"09:00","closes":"17:00"}]},{"@type":"ImageObject","inLanguage":"en-US","@id":"https:\/\/spawlab.pl\/en\/produkt\/bohler-selco-railrunner\/#local-main-organization-logo","url":"https:\/\/spawlab.pl\/wp-content\/uploads\/2022\/01\/olx.jpg","contentUrl":"https:\/\/spawlab.pl\/wp-content\/uploads\/2022\/01\/olx.jpg","width":200,"height":200,"caption":"Spawlab.pl"}]},"product_brand":"B\u00f6hler","product_price_amount":"92250.00","product_price_currency":"PLN","og_availability":"backorder","product_availability":"available for order","product_condition":"new"},"_links":{"self":[{"href":"https:\/\/spawlab.pl\/en\/wp-json\/wp\/v2\/product\/31237","targetHints":{"allow":["GET"]}}],"collection":[{"href":"https:\/\/spawlab.pl\/en\/wp-json\/wp\/v2\/product"}],"about":[{"href":"https:\/\/spawlab.pl\/en\/wp-json\/wp\/v2\/types\/product"}],"wp:featuredmedia":[{"embeddable":true,"href":"https:\/\/spawlab.pl\/en\/wp-json\/wp\/v2\/media\/16770"}],"wp:attachment":[{"href":"https:\/\/spawlab.pl\/en\/wp-json\/wp\/v2\/media?parent=31237"}],"wp:term":[{"taxonomy":"product_brand","embeddable":true,"href":"https:\/\/spawlab.pl\/en\/wp-json\/wp\/v2\/product_brand?post=31237"},{"taxonomy":"product_cat","embeddable":true,"href":"https:\/\/spawlab.pl\/en\/wp-json\/wp\/v2\/product_cat?post=31237"},{"taxonomy":"product_tag","embeddable":true,"href":"https:\/\/spawlab.pl\/en\/wp-json\/wp\/v2\/product_tag?post=31237"}],"curies":[{"name":"wp","href":"https:\/\/api.w.org\/{rel}","templated":true}]}}