{"id":31238,"date":"2023-08-11T08:10:18","date_gmt":"2023-08-11T06:10:18","guid":{"rendered":"https:\/\/spawlab.pl\/produkt\/bohler-selco-terra-180\/"},"modified":"2023-08-11T08:10:18","modified_gmt":"2023-08-11T06:10:18","slug":"bohler-selco-terra-180","status":"publish","type":"product","link":"https:\/\/spawlab.pl\/en\/produkt\/bohler-selco-terra-180\/","title":{"rendered":"B\u00f6hler &#8211; Selco TERRA 180"},"content":{"rendered":"<p><strong><a title=\"Link to promotional video\" href=\"https:\/\/www.youtube.com\/watch?v=P1J2fzkelX0\">Link to promotional video<\/a><\/strong><\/p>\n<p>MMA, TIG DC LIFT TERRA 180 WELDING MACHINE<\/p>\n<p>this is an inverter welder with infinitely variable welding current control, allowing for a stable and precise welding arc and thus high quality welds. Inverter technology also allows the use of small components, which translates into compact size and light weight of the device. Thanks to the use of inverter technology and the application of the latest solutions, these welders meet all the needs of the most demanding welders in MMA and TIG DC welding processes. It is designed for welding both structural unalloyed steels, stainless steels, as well as aluminum alloys copper alloys and cast iron. The current parameters allow welding with rutile, alkaline and cellulose electrodes up to a diameter of 4.0mm.    <\/p>\n<p><img fetchpriority=\"high\" decoding=\"async\" class=\"alignnone wp-image-9598\" src=\"https:\/\/spawlab.pl\/wp-content\/smush-avif\/2023\/08\/terra1.jpg.avif\" alt=\"\" width=\"616\" height=\"658\" srcset=\"https:\/\/spawlab.pl\/wp-content\/smush-avif\/2023\/08\/terra1.jpg.avif 813w, https:\/\/spawlab.pl\/wp-content\/smush-avif\/2023\/08\/terra1-281x300.jpg.avif 281w, https:\/\/spawlab.pl\/wp-content\/smush-avif\/2023\/08\/terra1-768x820.jpg.avif 768w, https:\/\/spawlab.pl\/wp-content\/smush-avif\/2023\/08\/terra1-600x641.jpg.avif 600w, https:\/\/spawlab.pl\/wp-content\/smush-avif\/2023\/08\/terra1-64x68.jpg.avif 64w\" sizes=\"(max-width: 616px) 100vw, 616px\" data-smush-avif-fallback=\"{&quot;src&quot;:&quot;https:\\\/\\\/spawlab.pl\\\/wp-content\\\/uploads\\\/2023\\\/08\\\/terra1.jpg&quot;,&quot;srcset&quot;:&quot;https:\\\/\\\/spawlab.pl\\\/wp-content\\\/uploads\\\/2023\\\/08\\\/terra1.jpg 813w, https:\\\/\\\/spawlab.pl\\\/wp-content\\\/uploads\\\/2023\\\/08\\\/terra1-281x300.jpg 281w, https:\\\/\\\/spawlab.pl\\\/wp-content\\\/uploads\\\/2023\\\/08\\\/terra1-768x820.jpg 768w, https:\\\/\\\/spawlab.pl\\\/wp-content\\\/uploads\\\/2023\\\/08\\\/terra1-600x641.jpg 600w, https:\\\/\\\/spawlab.pl\\\/wp-content\\\/uploads\\\/2023\\\/08\\\/terra1-64x68.jpg 64w&quot;}\" \/><\/p>\n<p>APPLICATIONS<br \/>\nSteel construction, shipbuilding, chemical, petrochemical, engineering, plant construction, construction, industrial maintenance, repair, workshops, craftsmen.<\/p>\n<p>EASE OF USE<\/p>\n<p>The TERRA 180 is equipped with a panel containing the main controls. Hot-Start and Arc-Force functions are preset, and an Anti-Stick function is also available. <\/p>\n<p><img decoding=\"async\" class=\"alignnone wp-image-9597 lazyload\" data-src=\"https:\/\/spawlab.pl\/wp-content\/smush-avif\/2023\/08\/terra2.jpg.avif\" alt=\"\" width=\"826\" height=\"499\" data-srcset=\"https:\/\/spawlab.pl\/wp-content\/smush-avif\/2023\/08\/terra2.jpg.avif 1089w, https:\/\/spawlab.pl\/wp-content\/smush-avif\/2023\/08\/terra2-300x181.jpg.avif 300w, https:\/\/spawlab.pl\/wp-content\/smush-avif\/2023\/08\/terra2-1024x619.jpg.avif 1024w, https:\/\/spawlab.pl\/wp-content\/smush-avif\/2023\/08\/terra2-768x464.jpg.avif 768w, https:\/\/spawlab.pl\/wp-content\/smush-avif\/2023\/08\/terra2-600x363.jpg.avif 600w, https:\/\/spawlab.pl\/wp-content\/smush-avif\/2023\/08\/terra2-64x39.jpg.avif 64w\" data-sizes=\"(max-width: 826px) 100vw, 826px\" src=\"data:image\/svg+xml;base64,PHN2ZyB3aWR0aD0iMSIgaGVpZ2h0PSIxIiB4bWxucz0iaHR0cDovL3d3dy53My5vcmcvMjAwMC9zdmciPjwvc3ZnPg==\" style=\"--smush-placeholder-width: 826px; --smush-placeholder-aspect-ratio: 826\/499;\" data-smush-avif-fallback=\"{&quot;data-src&quot;:&quot;https:\\\/\\\/spawlab.pl\\\/wp-content\\\/uploads\\\/2023\\\/08\\\/terra2.jpg&quot;,&quot;data-srcset&quot;:&quot;https:\\\/\\\/spawlab.pl\\\/wp-content\\\/uploads\\\/2023\\\/08\\\/terra2.jpg 1089w, https:\\\/\\\/spawlab.pl\\\/wp-content\\\/uploads\\\/2023\\\/08\\\/terra2-300x181.jpg 300w, https:\\\/\\\/spawlab.pl\\\/wp-content\\\/uploads\\\/2023\\\/08\\\/terra2-1024x619.jpg 1024w, https:\\\/\\\/spawlab.pl\\\/wp-content\\\/uploads\\\/2023\\\/08\\\/terra2-768x464.jpg 768w, https:\\\/\\\/spawlab.pl\\\/wp-content\\\/uploads\\\/2023\\\/08\\\/terra2-600x363.jpg 600w, https:\\\/\\\/spawlab.pl\\\/wp-content\\\/uploads\\\/2023\\\/08\\\/terra2-64x39.jpg 64w&quot;}\" \/><\/p>\n<p>ADVANCED SOLUTIONS<br \/>\nB\u00f6hler Welding has selected materials and solutions that work best in the working environment:<\/p>\n<p>&#8221; front panels made of PBT plastic, selected for its high mechanical resistance (impact resistance) and resistance to high temperatures and flames (self-extinguishing);<br \/>\n&#8221; housing made of aluminum, selected for its corrosion resistance and light weight;<br \/>\n&#8221; ergonomic rigid handle for easy handling;<br \/>\n&#8221; rounded shape for better visibility and control panel protection.<\/p>\n<p><img decoding=\"async\" class=\"alignnone wp-image-9600 lazyload\" data-src=\"https:\/\/spawlab.pl\/wp-content\/smush-avif\/2023\/08\/terra3.jpg.avif\" alt=\"\" width=\"391\" height=\"396\" data-srcset=\"https:\/\/spawlab.pl\/wp-content\/smush-avif\/2023\/08\/terra3.jpg.avif 565w, https:\/\/spawlab.pl\/wp-content\/smush-avif\/2023\/08\/terra3-296x300.jpg.avif 296w, https:\/\/spawlab.pl\/wp-content\/smush-avif\/2023\/08\/terra3-100x100.jpg.avif 100w, https:\/\/spawlab.pl\/wp-content\/smush-avif\/2023\/08\/terra3-64x65.jpg.avif 64w\" data-sizes=\"(max-width: 391px) 100vw, 391px\" src=\"data:image\/svg+xml;base64,PHN2ZyB3aWR0aD0iMSIgaGVpZ2h0PSIxIiB4bWxucz0iaHR0cDovL3d3dy53My5vcmcvMjAwMC9zdmciPjwvc3ZnPg==\" style=\"--smush-placeholder-width: 391px; --smush-placeholder-aspect-ratio: 391\/396;\" data-smush-avif-fallback=\"{&quot;data-src&quot;:&quot;https:\\\/\\\/spawlab.pl\\\/wp-content\\\/uploads\\\/2023\\\/08\\\/terra3.jpg&quot;,&quot;data-srcset&quot;:&quot;https:\\\/\\\/spawlab.pl\\\/wp-content\\\/uploads\\\/2023\\\/08\\\/terra3.jpg 565w, https:\\\/\\\/spawlab.pl\\\/wp-content\\\/uploads\\\/2023\\\/08\\\/terra3-296x300.jpg 296w, https:\\\/\\\/spawlab.pl\\\/wp-content\\\/uploads\\\/2023\\\/08\\\/terra3-100x100.jpg 100w, https:\\\/\\\/spawlab.pl\\\/wp-content\\\/uploads\\\/2023\\\/08\\\/terra3-64x65.jpg 64w&quot;}\" \/><\/p>\n","protected":false},"excerpt":{"rendered":"<p>Link to promotional video MMA, TIG DC LIFT TERRA 180 WELDING MACHINE this is an inverter welder with infinitely variable welding current control, allowing for a stable and precise welding arc and thus high quality welds. Inverter technology also allows the use of small components, which translates into compact size and light weight of the [&hellip;]<\/p>\n","protected":false},"featured_media":16692,"template":"","meta":{"inline_featured_image":false},"product_brand":[],"product_cat":[499,474],"product_tag":[3631],"class_list":{"0":"post-31238","1":"product","2":"type-product","3":"status-publish","4":"has-post-thumbnail","6":"product_cat-mma-en-2","7":"product_cat-new","8":"product_tag-uranos-1800-rc-terra-180-terra-220-rc-en","10":"first","11":"onbackorder","12":"taxable","13":"shipping-taxable","14":"purchasable","15":"product-type-simple"},"yoast_head":"<!-- This site is optimized with the Yoast SEO Premium plugin v27.5 (Yoast SEO v27.6) - https:\/\/yoast.com\/product\/yoast-seo-premium-wordpress\/ -->\n<title>B\u00f6hler - Selco TERRA 180 - SpawLab - Welding equipment and plasma cutters - store and service<\/title>\n<meta name=\"description\" content=\"Lider sprzeda\u017cy, Oficjalny Dystrybutor Premium i Serwis na Polsk\u0119 Migatronic, Gys, Voestalpine Bohler Welding. Nowe i u\u017cywane Spawarki, Przecinarki Plazmowe, Kompresory. Mgr in\u017c. Jaros\u0142aw Ko\u0142aski, IWE\" \/>\n<meta name=\"robots\" content=\"index, follow, max-snippet:-1, max-image-preview:large, max-video-preview:-1\" \/>\n<link rel=\"canonical\" href=\"https:\/\/spawlab.pl\/en\/produkt\/bohler-selco-terra-180\/\" \/>\n<meta property=\"og:locale\" content=\"en_US\" \/>\n<meta property=\"og:type\" content=\"article\" \/>\n<meta property=\"og:title\" content=\"B\u00f6hler - Selco TERRA 180\" \/>\n<meta property=\"og:description\" content=\"Lider sprzeda\u017cy, Oficjalny Dystrybutor Premium i Serwis na Polsk\u0119 Migatronic, Gys, Voestalpine Bohler Welding. Nowe i u\u017cywane Spawarki, Przecinarki Plazmowe, Kompresory. Mgr in\u017c. Jaros\u0142aw Ko\u0142aski, IWE\" \/>\n<meta property=\"og:url\" content=\"https:\/\/spawlab.pl\/en\/produkt\/bohler-selco-terra-180\/\" \/>\n<meta property=\"og:site_name\" content=\"SpawLab - Welding equipment and plasma cutters - store and service\" \/>\n<meta property=\"article:publisher\" content=\"https:\/\/www.facebook.com\/Spawlab\/\" \/>\n<meta property=\"og:image\" content=\"https:\/\/spawlab.pl\/wp-content\/uploads\/2023\/08\/terra1.jpg\" \/>\n\t<meta property=\"og:image:width\" content=\"813\" \/>\n\t<meta property=\"og:image:height\" content=\"868\" \/>\n\t<meta property=\"og:image:type\" content=\"image\/jpeg\" \/>\n<meta name=\"twitter:label1\" content=\"Price\" \/>\n\t<meta name=\"twitter:data1\" content=\"6 800,00&nbsp;&#122;&#322; (5 528,46&nbsp;&#122;&#322; netto)\" \/>\n\t<meta name=\"twitter:label2\" content=\"Availability\" \/>\n\t<meta name=\"twitter:data2\" content=\"On backorder\" \/>\n<script type=\"application\/ld+json\" class=\"yoast-schema-graph\">{\"@context\":\"https:\\\/\\\/schema.org\",\"@graph\":[{\"@type\":[\"WebPage\",\"ItemPage\"],\"@id\":\"https:\\\/\\\/spawlab.pl\\\/en\\\/produkt\\\/bohler-selco-terra-180\\\/\",\"url\":\"https:\\\/\\\/spawlab.pl\\\/en\\\/produkt\\\/bohler-selco-terra-180\\\/\",\"name\":\"B\u00f6hler - Selco TERRA 180 - SpawLab - Welding equipment and plasma cutters - store and service\",\"isPartOf\":{\"@id\":\"https:\\\/\\\/spawlab.pl\\\/en\\\/#website\"},\"primaryImageOfPage\":{\"@id\":\"https:\\\/\\\/spawlab.pl\\\/en\\\/produkt\\\/bohler-selco-terra-180\\\/#primaryimage\"},\"image\":{\"@id\":\"https:\\\/\\\/spawlab.pl\\\/en\\\/produkt\\\/bohler-selco-terra-180\\\/#primaryimage\"},\"thumbnailUrl\":\"https:\\\/\\\/spawlab.pl\\\/wp-content\\\/uploads\\\/2023\\\/08\\\/TERRA_180.pg_.jpg\",\"datePublished\":\"2023-08-11T06:10:18+00:00\",\"description\":\"Lider sprzeda\u017cy, Oficjalny Dystrybutor Premium i Serwis na Polsk\u0119 Migatronic, Gys, Voestalpine Bohler Welding. Nowe i u\u017cywane Spawarki, Przecinarki Plazmowe, Kompresory. Mgr in\u017c. Jaros\u0142aw Ko\u0142aski, IWE\",\"breadcrumb\":{\"@id\":\"https:\\\/\\\/spawlab.pl\\\/en\\\/produkt\\\/bohler-selco-terra-180\\\/#breadcrumb\"},\"inLanguage\":\"en-US\",\"potentialAction\":[{\"@type\":\"ReadAction\",\"target\":[\"https:\\\/\\\/spawlab.pl\\\/en\\\/produkt\\\/bohler-selco-terra-180\\\/\"]}]},{\"@type\":\"ImageObject\",\"inLanguage\":\"en-US\",\"@id\":\"https:\\\/\\\/spawlab.pl\\\/en\\\/produkt\\\/bohler-selco-terra-180\\\/#primaryimage\",\"url\":\"https:\\\/\\\/spawlab.pl\\\/wp-content\\\/uploads\\\/2023\\\/08\\\/TERRA_180.pg_.jpg\",\"contentUrl\":\"https:\\\/\\\/spawlab.pl\\\/wp-content\\\/uploads\\\/2023\\\/08\\\/TERRA_180.pg_.jpg\",\"width\":750,\"height\":900},{\"@type\":\"BreadcrumbList\",\"@id\":\"https:\\\/\\\/spawlab.pl\\\/en\\\/produkt\\\/bohler-selco-terra-180\\\/#breadcrumb\",\"itemListElement\":[{\"@type\":\"ListItem\",\"position\":1,\"name\":\"Strona g\u0142\u00f3wna\",\"item\":\"https:\\\/\\\/spawlab.pl\\\/en\\\/\"},{\"@type\":\"ListItem\",\"position\":2,\"name\":\"Store\",\"item\":\"https:\\\/\\\/spawlab.pl\\\/en\\\/shop\\\/\"},{\"@type\":\"ListItem\",\"position\":3,\"name\":\"B\u00f6hler &#8211; Selco TERRA 180\"}]},{\"@type\":\"WebSite\",\"@id\":\"https:\\\/\\\/spawlab.pl\\\/en\\\/#website\",\"url\":\"https:\\\/\\\/spawlab.pl\\\/en\\\/\",\"name\":\"Spawlab.pl Lider - Spawarki, Przecinarki Plazmowe, Kompresory\",\"description\":\"Urz\u0105dzenia spawalnicze i Przecinarki plazmowe\\\/ nowe i u\u017cywane \\\/ Profesjonalny serwis\",\"publisher\":{\"@id\":\"https:\\\/\\\/spawlab.pl\\\/en\\\/#organization\"},\"alternateName\":\"Spawlab.pl - Dystrybutor Premium i Serwis na Polske Migatronic, Gys, Voestalpine Bohler Welding\",\"potentialAction\":[{\"@type\":\"SearchAction\",\"target\":{\"@type\":\"EntryPoint\",\"urlTemplate\":\"https:\\\/\\\/spawlab.pl\\\/en\\\/?s={search_term_string}\"},\"query-input\":{\"@type\":\"PropertyValueSpecification\",\"valueRequired\":true,\"valueName\":\"search_term_string\"}}],\"inLanguage\":\"en-US\"},{\"@type\":[\"Organization\",\"Place\"],\"@id\":\"https:\\\/\\\/spawlab.pl\\\/en\\\/#organization\",\"name\":\"Spawlab.pl\",\"url\":\"https:\\\/\\\/spawlab.pl\\\/en\\\/\",\"logo\":{\"@id\":\"https:\\\/\\\/spawlab.pl\\\/en\\\/produkt\\\/bohler-selco-terra-180\\\/#local-main-organization-logo\"},\"image\":{\"@id\":\"https:\\\/\\\/spawlab.pl\\\/en\\\/produkt\\\/bohler-selco-terra-180\\\/#local-main-organization-logo\"},\"sameAs\":[\"https:\\\/\\\/www.facebook.com\\\/Spawlab\\\/\",\"https:\\\/\\\/www.linkedin.com\\\/company\\\/spawlab\",\"https:\\\/\\\/www.instagram.com\\\/spawlab.pl\",\"https:\\\/\\\/www.tiktok.com\\\/@spawlab\"],\"description\":\"Lider sprzeda\u017cy, Oficjalny Dystrybutor Premium i Serwis na Polsk\u0119 Migatronic, Gys, Voestalpine Bohler Welding. Nowe i u\u017cywane Spawarki, Przecinarki Plazmowe, Kompresory. Mgr in\u017c. Jaros\u0142aw Ko\u0142aski, IWE\",\"hasMerchantReturnPolicy\":{\"@type\":\"MerchantReturnPolicy\",\"merchantReturnLink\":\"https:\\\/\\\/spawlab.pl\\\/polityka-prywatnosci-2\\\/\"},\"telephone\":[],\"openingHoursSpecification\":[{\"@type\":\"OpeningHoursSpecification\",\"dayOfWeek\":[\"Monday\",\"Tuesday\",\"Wednesday\",\"Thursday\",\"Friday\",\"Saturday\",\"Sunday\"],\"opens\":\"09:00\",\"closes\":\"17:00\"}]},{\"@type\":\"ImageObject\",\"inLanguage\":\"en-US\",\"@id\":\"https:\\\/\\\/spawlab.pl\\\/en\\\/produkt\\\/bohler-selco-terra-180\\\/#local-main-organization-logo\",\"url\":\"https:\\\/\\\/spawlab.pl\\\/wp-content\\\/uploads\\\/2022\\\/01\\\/olx.jpg\",\"contentUrl\":\"https:\\\/\\\/spawlab.pl\\\/wp-content\\\/uploads\\\/2022\\\/01\\\/olx.jpg\",\"width\":200,\"height\":200,\"caption\":\"Spawlab.pl\"}]}<\/script>\n<meta property=\"product:brand\" content=\"B\u00f6hler\" \/>\n<meta property=\"product:price:amount\" content=\"6800.00\" \/>\n<meta property=\"product:price:currency\" content=\"PLN\" \/>\n<meta property=\"og:availability\" content=\"backorder\" \/>\n<meta property=\"product:availability\" content=\"available for order\" \/>\n<meta property=\"product:condition\" content=\"new\" \/>\n<!-- \/ Yoast SEO Premium plugin. -->","yoast_head_json":{"title":"B\u00f6hler - Selco TERRA 180 - SpawLab - Welding equipment and plasma cutters - store and service","description":"Lider sprzeda\u017cy, Oficjalny Dystrybutor Premium i Serwis na Polsk\u0119 Migatronic, Gys, Voestalpine Bohler Welding. Nowe i u\u017cywane Spawarki, Przecinarki Plazmowe, Kompresory. Mgr in\u017c. Jaros\u0142aw Ko\u0142aski, IWE","robots":{"index":"index","follow":"follow","max-snippet":"max-snippet:-1","max-image-preview":"max-image-preview:large","max-video-preview":"max-video-preview:-1"},"canonical":"https:\/\/spawlab.pl\/en\/produkt\/bohler-selco-terra-180\/","og_locale":"en_US","og_type":"article","og_title":"B\u00f6hler - Selco TERRA 180","og_description":"Lider sprzeda\u017cy, Oficjalny Dystrybutor Premium i Serwis na Polsk\u0119 Migatronic, Gys, Voestalpine Bohler Welding. Nowe i u\u017cywane Spawarki, Przecinarki Plazmowe, Kompresory. Mgr in\u017c. Jaros\u0142aw Ko\u0142aski, IWE","og_url":"https:\/\/spawlab.pl\/en\/produkt\/bohler-selco-terra-180\/","og_site_name":"SpawLab - Welding equipment and plasma cutters - store and service","article_publisher":"https:\/\/www.facebook.com\/Spawlab\/","og_image":[{"width":813,"height":868,"url":"https:\/\/spawlab.pl\/wp-content\/uploads\/2023\/08\/terra1.jpg","type":"image\/jpeg"}],"twitter_misc":{"Price":"6 800,00&nbsp;&#122;&#322; (5 528,46&nbsp;&#122;&#322; netto)","Availability":"On backorder"},"schema":{"@context":"https:\/\/schema.org","@graph":[{"@type":["WebPage","ItemPage"],"@id":"https:\/\/spawlab.pl\/en\/produkt\/bohler-selco-terra-180\/","url":"https:\/\/spawlab.pl\/en\/produkt\/bohler-selco-terra-180\/","name":"B\u00f6hler - Selco TERRA 180 - SpawLab - Welding equipment and plasma cutters - store and service","isPartOf":{"@id":"https:\/\/spawlab.pl\/en\/#website"},"primaryImageOfPage":{"@id":"https:\/\/spawlab.pl\/en\/produkt\/bohler-selco-terra-180\/#primaryimage"},"image":{"@id":"https:\/\/spawlab.pl\/en\/produkt\/bohler-selco-terra-180\/#primaryimage"},"thumbnailUrl":"https:\/\/spawlab.pl\/wp-content\/uploads\/2023\/08\/TERRA_180.pg_.jpg","datePublished":"2023-08-11T06:10:18+00:00","description":"Lider sprzeda\u017cy, Oficjalny Dystrybutor Premium i Serwis na Polsk\u0119 Migatronic, Gys, Voestalpine Bohler Welding. Nowe i u\u017cywane Spawarki, Przecinarki Plazmowe, Kompresory. Mgr in\u017c. Jaros\u0142aw Ko\u0142aski, IWE","breadcrumb":{"@id":"https:\/\/spawlab.pl\/en\/produkt\/bohler-selco-terra-180\/#breadcrumb"},"inLanguage":"en-US","potentialAction":[{"@type":"ReadAction","target":["https:\/\/spawlab.pl\/en\/produkt\/bohler-selco-terra-180\/"]}]},{"@type":"ImageObject","inLanguage":"en-US","@id":"https:\/\/spawlab.pl\/en\/produkt\/bohler-selco-terra-180\/#primaryimage","url":"https:\/\/spawlab.pl\/wp-content\/uploads\/2023\/08\/TERRA_180.pg_.jpg","contentUrl":"https:\/\/spawlab.pl\/wp-content\/uploads\/2023\/08\/TERRA_180.pg_.jpg","width":750,"height":900},{"@type":"BreadcrumbList","@id":"https:\/\/spawlab.pl\/en\/produkt\/bohler-selco-terra-180\/#breadcrumb","itemListElement":[{"@type":"ListItem","position":1,"name":"Strona g\u0142\u00f3wna","item":"https:\/\/spawlab.pl\/en\/"},{"@type":"ListItem","position":2,"name":"Store","item":"https:\/\/spawlab.pl\/en\/shop\/"},{"@type":"ListItem","position":3,"name":"B\u00f6hler &#8211; Selco TERRA 180"}]},{"@type":"WebSite","@id":"https:\/\/spawlab.pl\/en\/#website","url":"https:\/\/spawlab.pl\/en\/","name":"Spawlab.pl Lider - Spawarki, Przecinarki Plazmowe, Kompresory","description":"Urz\u0105dzenia spawalnicze i Przecinarki plazmowe\/ nowe i u\u017cywane \/ Profesjonalny serwis","publisher":{"@id":"https:\/\/spawlab.pl\/en\/#organization"},"alternateName":"Spawlab.pl - Dystrybutor Premium i Serwis na Polske Migatronic, Gys, Voestalpine Bohler Welding","potentialAction":[{"@type":"SearchAction","target":{"@type":"EntryPoint","urlTemplate":"https:\/\/spawlab.pl\/en\/?s={search_term_string}"},"query-input":{"@type":"PropertyValueSpecification","valueRequired":true,"valueName":"search_term_string"}}],"inLanguage":"en-US"},{"@type":["Organization","Place"],"@id":"https:\/\/spawlab.pl\/en\/#organization","name":"Spawlab.pl","url":"https:\/\/spawlab.pl\/en\/","logo":{"@id":"https:\/\/spawlab.pl\/en\/produkt\/bohler-selco-terra-180\/#local-main-organization-logo"},"image":{"@id":"https:\/\/spawlab.pl\/en\/produkt\/bohler-selco-terra-180\/#local-main-organization-logo"},"sameAs":["https:\/\/www.facebook.com\/Spawlab\/","https:\/\/www.linkedin.com\/company\/spawlab","https:\/\/www.instagram.com\/spawlab.pl","https:\/\/www.tiktok.com\/@spawlab"],"description":"Lider sprzeda\u017cy, Oficjalny Dystrybutor Premium i Serwis na Polsk\u0119 Migatronic, Gys, Voestalpine Bohler Welding. Nowe i u\u017cywane Spawarki, Przecinarki Plazmowe, Kompresory. Mgr in\u017c. Jaros\u0142aw Ko\u0142aski, IWE","hasMerchantReturnPolicy":{"@type":"MerchantReturnPolicy","merchantReturnLink":"https:\/\/spawlab.pl\/polityka-prywatnosci-2\/"},"telephone":[],"openingHoursSpecification":[{"@type":"OpeningHoursSpecification","dayOfWeek":["Monday","Tuesday","Wednesday","Thursday","Friday","Saturday","Sunday"],"opens":"09:00","closes":"17:00"}]},{"@type":"ImageObject","inLanguage":"en-US","@id":"https:\/\/spawlab.pl\/en\/produkt\/bohler-selco-terra-180\/#local-main-organization-logo","url":"https:\/\/spawlab.pl\/wp-content\/uploads\/2022\/01\/olx.jpg","contentUrl":"https:\/\/spawlab.pl\/wp-content\/uploads\/2022\/01\/olx.jpg","width":200,"height":200,"caption":"Spawlab.pl"}]},"product_brand":"B\u00f6hler","product_price_amount":"6800.00","product_price_currency":"PLN","og_availability":"backorder","product_availability":"available for order","product_condition":"new"},"_links":{"self":[{"href":"https:\/\/spawlab.pl\/en\/wp-json\/wp\/v2\/product\/31238","targetHints":{"allow":["GET"]}}],"collection":[{"href":"https:\/\/spawlab.pl\/en\/wp-json\/wp\/v2\/product"}],"about":[{"href":"https:\/\/spawlab.pl\/en\/wp-json\/wp\/v2\/types\/product"}],"wp:featuredmedia":[{"embeddable":true,"href":"https:\/\/spawlab.pl\/en\/wp-json\/wp\/v2\/media\/16692"}],"wp:attachment":[{"href":"https:\/\/spawlab.pl\/en\/wp-json\/wp\/v2\/media?parent=31238"}],"wp:term":[{"taxonomy":"product_brand","embeddable":true,"href":"https:\/\/spawlab.pl\/en\/wp-json\/wp\/v2\/product_brand?post=31238"},{"taxonomy":"product_cat","embeddable":true,"href":"https:\/\/spawlab.pl\/en\/wp-json\/wp\/v2\/product_cat?post=31238"},{"taxonomy":"product_tag","embeddable":true,"href":"https:\/\/spawlab.pl\/en\/wp-json\/wp\/v2\/product_tag?post=31238"}],"curies":[{"name":"wp","href":"https:\/\/api.w.org\/{rel}","templated":true}]}}