{"id":31241,"date":"2023-08-30T14:45:20","date_gmt":"2023-08-30T12:45:20","guid":{"rendered":"https:\/\/spawlab.pl\/produkt\/bohler-selco-terra-150\/"},"modified":"2023-08-30T14:45:20","modified_gmt":"2023-08-30T12:45:20","slug":"bohler-selco-terra-150","status":"publish","type":"product","link":"https:\/\/spawlab.pl\/en\/produkt\/bohler-selco-terra-150\/","title":{"rendered":"B\u00f6hler &#8211; Selco TERRA 150"},"content":{"rendered":"<p><strong><a title=\"Link to promotional video\" href=\"https:\/\/www.youtube.com\/watch?v=nslCoptfYik\">Link to promotional video<\/a><\/strong><\/p>\n<p><img fetchpriority=\"high\" decoding=\"async\" class=\" wp-image-9699 alignleft\" src=\"https:\/\/spawlab.pl\/wp-content\/smush-avif\/2023\/08\/TERRA_150_SCHEDA1.jpg.avif\" alt=\"\" width=\"555\" height=\"563\" srcset=\"https:\/\/spawlab.pl\/wp-content\/smush-avif\/2023\/08\/TERRA_150_SCHEDA1.jpg.avif 813w, https:\/\/spawlab.pl\/wp-content\/smush-avif\/2023\/08\/TERRA_150_SCHEDA1-296x300.jpg.avif 296w, https:\/\/spawlab.pl\/wp-content\/smush-avif\/2023\/08\/TERRA_150_SCHEDA1-768x779.jpg.avif 768w, https:\/\/spawlab.pl\/wp-content\/smush-avif\/2023\/08\/TERRA_150_SCHEDA1-600x609.jpg.avif 600w, https:\/\/spawlab.pl\/wp-content\/smush-avif\/2023\/08\/TERRA_150_SCHEDA1-100x100.jpg.avif 100w, https:\/\/spawlab.pl\/wp-content\/smush-avif\/2023\/08\/TERRA_150_SCHEDA1-64x65.jpg.avif 64w\" sizes=\"(max-width: 555px) 100vw, 555px\" data-smush-avif-fallback=\"{&quot;src&quot;:&quot;https:\\\/\\\/spawlab.pl\\\/wp-content\\\/uploads\\\/2023\\\/08\\\/TERRA_150_SCHEDA1.jpg&quot;,&quot;srcset&quot;:&quot;https:\\\/\\\/spawlab.pl\\\/wp-content\\\/uploads\\\/2023\\\/08\\\/TERRA_150_SCHEDA1.jpg 813w, https:\\\/\\\/spawlab.pl\\\/wp-content\\\/uploads\\\/2023\\\/08\\\/TERRA_150_SCHEDA1-296x300.jpg 296w, https:\\\/\\\/spawlab.pl\\\/wp-content\\\/uploads\\\/2023\\\/08\\\/TERRA_150_SCHEDA1-768x779.jpg 768w, https:\\\/\\\/spawlab.pl\\\/wp-content\\\/uploads\\\/2023\\\/08\\\/TERRA_150_SCHEDA1-600x609.jpg 600w, https:\\\/\\\/spawlab.pl\\\/wp-content\\\/uploads\\\/2023\\\/08\\\/TERRA_150_SCHEDA1-100x100.jpg 100w, https:\\\/\\\/spawlab.pl\\\/wp-content\\\/uploads\\\/2023\\\/08\\\/TERRA_150_SCHEDA1-64x65.jpg 64w&quot;}\" \/><\/p>\n<p>5 YEAR WARRANTY<\/p>\n<p>MMA, TIG DC LIFT welding machine TERRA 150 is an inverter welding machine with infinitely adjustable welding current allowing to obtain a stable and precise welding arc and thus high quality welds. Inverter technology also allows the use of small components, which translates into compact size and light weight of the device. The use of innovative solutions makes it possible to meet all the needs of the covered electrode welding processes. TERRA 150 is designed especially for welding with rutile, alkaline electrodes of unalloyed steels, as well as stainless steels and cast iron.   <\/p>\n<p>APPLICATIONS<br \/>\nSteel construction, shipbuilding, chemical, petrochemical, engineering, plant construction, construction, industrial maintenance, repair, workshops, craftsmen.<\/p>\n<p>&nbsp;<\/p>\n<p><img decoding=\"async\" class=\"wp-image-9697 alignleft lazyload\" data-src=\"https:\/\/spawlab.pl\/wp-content\/smush-avif\/2023\/08\/TERRA_150_SCHEDA3.jpg.avif\" alt=\"\" width=\"923\" height=\"707\" data-srcset=\"https:\/\/spawlab.pl\/wp-content\/smush-avif\/2023\/08\/TERRA_150_SCHEDA3.jpg.avif 1000w, https:\/\/spawlab.pl\/wp-content\/smush-avif\/2023\/08\/TERRA_150_SCHEDA3-300x230.jpg.avif 300w, https:\/\/spawlab.pl\/wp-content\/smush-avif\/2023\/08\/TERRA_150_SCHEDA3-768x588.jpg.avif 768w, https:\/\/spawlab.pl\/wp-content\/smush-avif\/2023\/08\/TERRA_150_SCHEDA3-600x460.jpg.avif 600w, https:\/\/spawlab.pl\/wp-content\/smush-avif\/2023\/08\/TERRA_150_SCHEDA3-64x49.jpg.avif 64w\" data-sizes=\"(max-width: 923px) 100vw, 923px\" src=\"data:image\/svg+xml;base64,PHN2ZyB3aWR0aD0iMSIgaGVpZ2h0PSIxIiB4bWxucz0iaHR0cDovL3d3dy53My5vcmcvMjAwMC9zdmciPjwvc3ZnPg==\" style=\"--smush-placeholder-width: 923px; --smush-placeholder-aspect-ratio: 923\/707;\" data-smush-avif-fallback=\"{&quot;data-src&quot;:&quot;https:\\\/\\\/spawlab.pl\\\/wp-content\\\/uploads\\\/2023\\\/08\\\/TERRA_150_SCHEDA3.jpg&quot;,&quot;data-srcset&quot;:&quot;https:\\\/\\\/spawlab.pl\\\/wp-content\\\/uploads\\\/2023\\\/08\\\/TERRA_150_SCHEDA3.jpg 1000w, https:\\\/\\\/spawlab.pl\\\/wp-content\\\/uploads\\\/2023\\\/08\\\/TERRA_150_SCHEDA3-300x230.jpg 300w, https:\\\/\\\/spawlab.pl\\\/wp-content\\\/uploads\\\/2023\\\/08\\\/TERRA_150_SCHEDA3-768x588.jpg 768w, https:\\\/\\\/spawlab.pl\\\/wp-content\\\/uploads\\\/2023\\\/08\\\/TERRA_150_SCHEDA3-600x460.jpg 600w, https:\\\/\\\/spawlab.pl\\\/wp-content\\\/uploads\\\/2023\\\/08\\\/TERRA_150_SCHEDA3-64x49.jpg 64w&quot;}\" \/><\/p>\n<p>EASY TO USE<br \/>\nThe TERRA 150 comes with a panel containing the main controls. Hot-Start and Arc-Force functions are preset, and an Anti-Stick function is also available. <\/p>\n<p><img decoding=\"async\" class=\"wp-image-9698 alignleft lazyload\" data-src=\"https:\/\/spawlab.pl\/wp-content\/smush-avif\/2023\/08\/TERRA_150_SCHEDA2.jpg.avif\" alt=\"\" width=\"975\" height=\"624\" data-srcset=\"https:\/\/spawlab.pl\/wp-content\/smush-avif\/2023\/08\/TERRA_150_SCHEDA2.jpg.avif 1066w, https:\/\/spawlab.pl\/wp-content\/smush-avif\/2023\/08\/TERRA_150_SCHEDA2-300x192.jpg.avif 300w, https:\/\/spawlab.pl\/wp-content\/smush-avif\/2023\/08\/TERRA_150_SCHEDA2-1024x655.jpg.avif 1024w, https:\/\/spawlab.pl\/wp-content\/smush-avif\/2023\/08\/TERRA_150_SCHEDA2-768x491.jpg.avif 768w, https:\/\/spawlab.pl\/wp-content\/smush-avif\/2023\/08\/TERRA_150_SCHEDA2-600x384.jpg.avif 600w, https:\/\/spawlab.pl\/wp-content\/smush-avif\/2023\/08\/TERRA_150_SCHEDA2-64x41.jpg.avif 64w\" data-sizes=\"(max-width: 975px) 100vw, 975px\" src=\"data:image\/svg+xml;base64,PHN2ZyB3aWR0aD0iMSIgaGVpZ2h0PSIxIiB4bWxucz0iaHR0cDovL3d3dy53My5vcmcvMjAwMC9zdmciPjwvc3ZnPg==\" style=\"--smush-placeholder-width: 975px; --smush-placeholder-aspect-ratio: 975\/624;\" data-smush-avif-fallback=\"{&quot;data-src&quot;:&quot;https:\\\/\\\/spawlab.pl\\\/wp-content\\\/uploads\\\/2023\\\/08\\\/TERRA_150_SCHEDA2.jpg&quot;,&quot;data-srcset&quot;:&quot;https:\\\/\\\/spawlab.pl\\\/wp-content\\\/uploads\\\/2023\\\/08\\\/TERRA_150_SCHEDA2.jpg 1066w, https:\\\/\\\/spawlab.pl\\\/wp-content\\\/uploads\\\/2023\\\/08\\\/TERRA_150_SCHEDA2-300x192.jpg 300w, https:\\\/\\\/spawlab.pl\\\/wp-content\\\/uploads\\\/2023\\\/08\\\/TERRA_150_SCHEDA2-1024x655.jpg 1024w, https:\\\/\\\/spawlab.pl\\\/wp-content\\\/uploads\\\/2023\\\/08\\\/TERRA_150_SCHEDA2-768x491.jpg 768w, https:\\\/\\\/spawlab.pl\\\/wp-content\\\/uploads\\\/2023\\\/08\\\/TERRA_150_SCHEDA2-600x384.jpg 600w, https:\\\/\\\/spawlab.pl\\\/wp-content\\\/uploads\\\/2023\\\/08\\\/TERRA_150_SCHEDA2-64x41.jpg 64w&quot;}\" \/><\/p>\n<p>&nbsp;<\/p>\n<p>ADVANCED SOLUTIONS<\/p>\n<p>B\u00f6hler Welding has selected materials and solutions that are best suited for the working environment:<br \/>\n&#8221; front panels made of PBT plastic, features high mechanical resistance (impact resistance) and resistance to high temperatures and flames (self-extinguishing);<br \/>\n&#8221; aluminum housing for corrosion resistance and light weight;<br \/>\n&#8221; ergonomic, rigid handle for easy handling;<br \/>\n&#8221; rounded shape for better visibility and control panel protection.<\/p>\n<p>&nbsp;<\/p>\n<p>&nbsp;<\/p>\n<p>&nbsp;<\/p>\n<p>&nbsp;<\/p>\n<p><img decoding=\"async\" class=\"size-full wp-image-9696 alignleft lazyload\" data-src=\"https:\/\/spawlab.pl\/wp-content\/smush-avif\/2023\/08\/TERRA_150_SCHEDA4.jpg.avif\" alt=\"\" width=\"529\" height=\"538\" data-srcset=\"https:\/\/spawlab.pl\/wp-content\/smush-avif\/2023\/08\/TERRA_150_SCHEDA4.jpg.avif 529w, https:\/\/spawlab.pl\/wp-content\/smush-avif\/2023\/08\/TERRA_150_SCHEDA4-295x300.jpg.avif 295w, https:\/\/spawlab.pl\/wp-content\/smush-avif\/2023\/08\/TERRA_150_SCHEDA4-64x65.jpg.avif 64w\" data-sizes=\"(max-width: 529px) 100vw, 529px\" src=\"data:image\/svg+xml;base64,PHN2ZyB3aWR0aD0iMSIgaGVpZ2h0PSIxIiB4bWxucz0iaHR0cDovL3d3dy53My5vcmcvMjAwMC9zdmciPjwvc3ZnPg==\" style=\"--smush-placeholder-width: 529px; --smush-placeholder-aspect-ratio: 529\/538;\" data-smush-avif-fallback=\"{&quot;data-src&quot;:&quot;https:\\\/\\\/spawlab.pl\\\/wp-content\\\/uploads\\\/2023\\\/08\\\/TERRA_150_SCHEDA4.jpg&quot;,&quot;data-srcset&quot;:&quot;https:\\\/\\\/spawlab.pl\\\/wp-content\\\/uploads\\\/2023\\\/08\\\/TERRA_150_SCHEDA4.jpg 529w, https:\\\/\\\/spawlab.pl\\\/wp-content\\\/uploads\\\/2023\\\/08\\\/TERRA_150_SCHEDA4-295x300.jpg 295w, https:\\\/\\\/spawlab.pl\\\/wp-content\\\/uploads\\\/2023\\\/08\\\/TERRA_150_SCHEDA4-64x65.jpg 64w&quot;}\" \/><\/p>\n<p>&nbsp;<\/p>\n","protected":false},"excerpt":{"rendered":"<p>Link to promotional video 5 YEAR WARRANTY MMA, TIG DC LIFT welding machine TERRA 150 is an inverter welding machine with infinitely adjustable welding current allowing to obtain a stable and precise welding arc and thus high quality welds. Inverter technology also allows the use of small components, which translates into compact size and light [&hellip;]<\/p>\n","protected":false},"featured_media":16761,"template":"","meta":{"inline_featured_image":false},"product_brand":[],"product_cat":[499,474],"product_tag":[3633],"class_list":{"0":"post-31241","1":"product","2":"type-product","3":"status-publish","4":"has-post-thumbnail","6":"product_cat-mma-en-2","7":"product_cat-new","8":"product_tag-uranos-1500-terra-150-en","10":"first","11":"onbackorder","12":"taxable","13":"shipping-taxable","14":"purchasable","15":"product-type-simple"},"yoast_head":"<!-- This site is optimized with the Yoast SEO Premium plugin v27.0 (Yoast SEO v27.3) - https:\/\/yoast.com\/product\/yoast-seo-premium-wordpress\/ -->\n<title>B\u00f6hler - Selco TERRA 150 - SpawLab - Welding equipment and plasma cutters - store and service<\/title>\n<meta name=\"description\" content=\"Lider sprzeda\u017cy, Oficjalny Dystrybutor Premium i Serwis na Polsk\u0119 Migatronic, Gys, Voestalpine Bohler Welding. Nowe i u\u017cywane Spawarki, Przecinarki Plazmowe, Kompresory. Mgr in\u017c. Jaros\u0142aw Ko\u0142aski, IWE\" \/>\n<meta name=\"robots\" content=\"index, follow, max-snippet:-1, max-image-preview:large, max-video-preview:-1\" \/>\n<link rel=\"canonical\" href=\"https:\/\/spawlab.pl\/en\/produkt\/bohler-selco-terra-150\/\" \/>\n<meta property=\"og:locale\" content=\"en_US\" \/>\n<meta property=\"og:type\" content=\"article\" \/>\n<meta property=\"og:title\" content=\"B\u00f6hler - Selco TERRA 150\" \/>\n<meta property=\"og:description\" content=\"Lider sprzeda\u017cy, Oficjalny Dystrybutor Premium i Serwis na Polsk\u0119 Migatronic, Gys, Voestalpine Bohler Welding. Nowe i u\u017cywane Spawarki, Przecinarki Plazmowe, Kompresory. Mgr in\u017c. Jaros\u0142aw Ko\u0142aski, IWE\" \/>\n<meta property=\"og:url\" content=\"https:\/\/spawlab.pl\/en\/produkt\/bohler-selco-terra-150\/\" \/>\n<meta property=\"og:site_name\" content=\"SpawLab - Welding equipment and plasma cutters - store and service\" \/>\n<meta property=\"article:publisher\" content=\"https:\/\/www.facebook.com\/Spawlab\/\" \/>\n<meta property=\"og:image\" content=\"https:\/\/spawlab.pl\/wp-content\/uploads\/2023\/08\/TERRA_150_SCHEDA1.jpg\" \/>\n\t<meta property=\"og:image:width\" content=\"813\" \/>\n\t<meta property=\"og:image:height\" content=\"825\" \/>\n\t<meta property=\"og:image:type\" content=\"image\/jpeg\" \/>\n<meta name=\"twitter:label1\" content=\"Price\" \/>\n\t<meta name=\"twitter:data1\" content=\"3 100,00&nbsp;&#122;&#322; (2 520,33&nbsp;&#122;&#322; netto)\" \/>\n\t<meta name=\"twitter:label2\" content=\"Availability\" \/>\n\t<meta name=\"twitter:data2\" content=\"On backorder\" \/>\n<script type=\"application\/ld+json\" class=\"yoast-schema-graph\">{\"@context\":\"https:\\\/\\\/schema.org\",\"@graph\":[{\"@type\":[\"WebPage\",\"ItemPage\"],\"@id\":\"https:\\\/\\\/spawlab.pl\\\/en\\\/produkt\\\/bohler-selco-terra-150\\\/\",\"url\":\"https:\\\/\\\/spawlab.pl\\\/en\\\/produkt\\\/bohler-selco-terra-150\\\/\",\"name\":\"B\u00f6hler - Selco TERRA 150 - SpawLab - Welding equipment and plasma cutters - store and service\",\"isPartOf\":{\"@id\":\"https:\\\/\\\/spawlab.pl\\\/en\\\/#website\"},\"primaryImageOfPage\":{\"@id\":\"https:\\\/\\\/spawlab.pl\\\/en\\\/produkt\\\/bohler-selco-terra-150\\\/#primaryimage\"},\"image\":{\"@id\":\"https:\\\/\\\/spawlab.pl\\\/en\\\/produkt\\\/bohler-selco-terra-150\\\/#primaryimage\"},\"thumbnailUrl\":\"https:\\\/\\\/spawlab.pl\\\/wp-content\\\/uploads\\\/2023\\\/08\\\/TERRA_150_SCHEDA.jpg\",\"datePublished\":\"2023-08-30T12:45:20+00:00\",\"description\":\"Lider sprzeda\u017cy, Oficjalny Dystrybutor Premium i Serwis na Polsk\u0119 Migatronic, Gys, Voestalpine Bohler Welding. Nowe i u\u017cywane Spawarki, Przecinarki Plazmowe, Kompresory. Mgr in\u017c. Jaros\u0142aw Ko\u0142aski, IWE\",\"breadcrumb\":{\"@id\":\"https:\\\/\\\/spawlab.pl\\\/en\\\/produkt\\\/bohler-selco-terra-150\\\/#breadcrumb\"},\"inLanguage\":\"en-US\",\"potentialAction\":[{\"@type\":\"ReadAction\",\"target\":[\"https:\\\/\\\/spawlab.pl\\\/en\\\/produkt\\\/bohler-selco-terra-150\\\/\"]}]},{\"@type\":\"ImageObject\",\"inLanguage\":\"en-US\",\"@id\":\"https:\\\/\\\/spawlab.pl\\\/en\\\/produkt\\\/bohler-selco-terra-150\\\/#primaryimage\",\"url\":\"https:\\\/\\\/spawlab.pl\\\/wp-content\\\/uploads\\\/2023\\\/08\\\/TERRA_150_SCHEDA.jpg\",\"contentUrl\":\"https:\\\/\\\/spawlab.pl\\\/wp-content\\\/uploads\\\/2023\\\/08\\\/TERRA_150_SCHEDA.jpg\",\"width\":750,\"height\":900,\"caption\":\"OLYMPUS DIGITAL CAMERA\"},{\"@type\":\"BreadcrumbList\",\"@id\":\"https:\\\/\\\/spawlab.pl\\\/en\\\/produkt\\\/bohler-selco-terra-150\\\/#breadcrumb\",\"itemListElement\":[{\"@type\":\"ListItem\",\"position\":1,\"name\":\"Strona g\u0142\u00f3wna\",\"item\":\"https:\\\/\\\/spawlab.pl\\\/en\\\/\"},{\"@type\":\"ListItem\",\"position\":2,\"name\":\"Store\",\"item\":\"https:\\\/\\\/spawlab.pl\\\/en\\\/shop\\\/\"},{\"@type\":\"ListItem\",\"position\":3,\"name\":\"B\u00f6hler &#8211; Selco TERRA 150\"}]},{\"@type\":\"WebSite\",\"@id\":\"https:\\\/\\\/spawlab.pl\\\/en\\\/#website\",\"url\":\"https:\\\/\\\/spawlab.pl\\\/en\\\/\",\"name\":\"Spawlab.pl Lider - Spawarki, Przecinarki Plazmowe, Kompresory\",\"description\":\"Urz\u0105dzenia spawalnicze i Przecinarki plazmowe\\\/ nowe i u\u017cywane \\\/ Profesjonalny serwis\",\"publisher\":{\"@id\":\"https:\\\/\\\/spawlab.pl\\\/en\\\/#organization\"},\"alternateName\":\"Spawlab.pl - Dystrybutor Premium i Serwis na Polske Migatronic, Gys, Voestalpine Bohler Welding\",\"potentialAction\":[{\"@type\":\"SearchAction\",\"target\":{\"@type\":\"EntryPoint\",\"urlTemplate\":\"https:\\\/\\\/spawlab.pl\\\/en\\\/?s={search_term_string}\"},\"query-input\":{\"@type\":\"PropertyValueSpecification\",\"valueRequired\":true,\"valueName\":\"search_term_string\"}}],\"inLanguage\":\"en-US\"},{\"@type\":[\"Organization\",\"Place\"],\"@id\":\"https:\\\/\\\/spawlab.pl\\\/en\\\/#organization\",\"name\":\"Spawlab.pl\",\"url\":\"https:\\\/\\\/spawlab.pl\\\/en\\\/\",\"logo\":{\"@id\":\"https:\\\/\\\/spawlab.pl\\\/en\\\/produkt\\\/bohler-selco-terra-150\\\/#local-main-organization-logo\"},\"image\":{\"@id\":\"https:\\\/\\\/spawlab.pl\\\/en\\\/produkt\\\/bohler-selco-terra-150\\\/#local-main-organization-logo\"},\"sameAs\":[\"https:\\\/\\\/www.facebook.com\\\/Spawlab\\\/\",\"https:\\\/\\\/www.linkedin.com\\\/company\\\/spawlab\",\"https:\\\/\\\/www.instagram.com\\\/spawlab.pl\",\"https:\\\/\\\/www.tiktok.com\\\/@spawlab\"],\"description\":\"Lider sprzeda\u017cy, Oficjalny Dystrybutor Premium i Serwis na Polsk\u0119 Migatronic, Gys, Voestalpine Bohler Welding. Nowe i u\u017cywane Spawarki, Przecinarki Plazmowe, Kompresory. Mgr in\u017c. Jaros\u0142aw Ko\u0142aski, IWE\",\"hasMerchantReturnPolicy\":{\"@type\":\"MerchantReturnPolicy\",\"merchantReturnLink\":\"https:\\\/\\\/spawlab.pl\\\/polityka-prywatnosci-2\\\/\"},\"telephone\":[],\"openingHoursSpecification\":[{\"@type\":\"OpeningHoursSpecification\",\"dayOfWeek\":[\"Monday\",\"Tuesday\",\"Wednesday\",\"Thursday\",\"Friday\",\"Saturday\",\"Sunday\"],\"opens\":\"09:00\",\"closes\":\"17:00\"}]},{\"@type\":\"ImageObject\",\"inLanguage\":\"en-US\",\"@id\":\"https:\\\/\\\/spawlab.pl\\\/en\\\/produkt\\\/bohler-selco-terra-150\\\/#local-main-organization-logo\",\"url\":\"https:\\\/\\\/spawlab.pl\\\/wp-content\\\/uploads\\\/2022\\\/01\\\/olx.jpg\",\"contentUrl\":\"https:\\\/\\\/spawlab.pl\\\/wp-content\\\/uploads\\\/2022\\\/01\\\/olx.jpg\",\"width\":200,\"height\":200,\"caption\":\"Spawlab.pl\"}]}<\/script>\n<meta property=\"product:brand\" content=\"B\u00f6hler\" \/>\n<meta property=\"product:price:amount\" content=\"3100.00\" \/>\n<meta property=\"product:price:currency\" content=\"PLN\" \/>\n<meta property=\"og:availability\" content=\"backorder\" \/>\n<meta property=\"product:availability\" content=\"available for order\" \/>\n<meta property=\"product:condition\" content=\"new\" \/>\n<!-- \/ Yoast SEO Premium plugin. -->","yoast_head_json":{"title":"B\u00f6hler - Selco TERRA 150 - SpawLab - Welding equipment and plasma cutters - store and service","description":"Lider sprzeda\u017cy, Oficjalny Dystrybutor Premium i Serwis na Polsk\u0119 Migatronic, Gys, Voestalpine Bohler Welding. Nowe i u\u017cywane Spawarki, Przecinarki Plazmowe, Kompresory. Mgr in\u017c. Jaros\u0142aw Ko\u0142aski, IWE","robots":{"index":"index","follow":"follow","max-snippet":"max-snippet:-1","max-image-preview":"max-image-preview:large","max-video-preview":"max-video-preview:-1"},"canonical":"https:\/\/spawlab.pl\/en\/produkt\/bohler-selco-terra-150\/","og_locale":"en_US","og_type":"article","og_title":"B\u00f6hler - Selco TERRA 150","og_description":"Lider sprzeda\u017cy, Oficjalny Dystrybutor Premium i Serwis na Polsk\u0119 Migatronic, Gys, Voestalpine Bohler Welding. Nowe i u\u017cywane Spawarki, Przecinarki Plazmowe, Kompresory. Mgr in\u017c. Jaros\u0142aw Ko\u0142aski, IWE","og_url":"https:\/\/spawlab.pl\/en\/produkt\/bohler-selco-terra-150\/","og_site_name":"SpawLab - Welding equipment and plasma cutters - store and service","article_publisher":"https:\/\/www.facebook.com\/Spawlab\/","og_image":[{"width":813,"height":825,"url":"https:\/\/spawlab.pl\/wp-content\/uploads\/2023\/08\/TERRA_150_SCHEDA1.jpg","type":"image\/jpeg"}],"twitter_misc":{"Price":"3 100,00&nbsp;&#122;&#322; (2 520,33&nbsp;&#122;&#322; netto)","Availability":"On backorder"},"schema":{"@context":"https:\/\/schema.org","@graph":[{"@type":["WebPage","ItemPage"],"@id":"https:\/\/spawlab.pl\/en\/produkt\/bohler-selco-terra-150\/","url":"https:\/\/spawlab.pl\/en\/produkt\/bohler-selco-terra-150\/","name":"B\u00f6hler - Selco TERRA 150 - SpawLab - Welding equipment and plasma cutters - store and service","isPartOf":{"@id":"https:\/\/spawlab.pl\/en\/#website"},"primaryImageOfPage":{"@id":"https:\/\/spawlab.pl\/en\/produkt\/bohler-selco-terra-150\/#primaryimage"},"image":{"@id":"https:\/\/spawlab.pl\/en\/produkt\/bohler-selco-terra-150\/#primaryimage"},"thumbnailUrl":"https:\/\/spawlab.pl\/wp-content\/uploads\/2023\/08\/TERRA_150_SCHEDA.jpg","datePublished":"2023-08-30T12:45:20+00:00","description":"Lider sprzeda\u017cy, Oficjalny Dystrybutor Premium i Serwis na Polsk\u0119 Migatronic, Gys, Voestalpine Bohler Welding. Nowe i u\u017cywane Spawarki, Przecinarki Plazmowe, Kompresory. Mgr in\u017c. Jaros\u0142aw Ko\u0142aski, IWE","breadcrumb":{"@id":"https:\/\/spawlab.pl\/en\/produkt\/bohler-selco-terra-150\/#breadcrumb"},"inLanguage":"en-US","potentialAction":[{"@type":"ReadAction","target":["https:\/\/spawlab.pl\/en\/produkt\/bohler-selco-terra-150\/"]}]},{"@type":"ImageObject","inLanguage":"en-US","@id":"https:\/\/spawlab.pl\/en\/produkt\/bohler-selco-terra-150\/#primaryimage","url":"https:\/\/spawlab.pl\/wp-content\/uploads\/2023\/08\/TERRA_150_SCHEDA.jpg","contentUrl":"https:\/\/spawlab.pl\/wp-content\/uploads\/2023\/08\/TERRA_150_SCHEDA.jpg","width":750,"height":900,"caption":"OLYMPUS DIGITAL CAMERA"},{"@type":"BreadcrumbList","@id":"https:\/\/spawlab.pl\/en\/produkt\/bohler-selco-terra-150\/#breadcrumb","itemListElement":[{"@type":"ListItem","position":1,"name":"Strona g\u0142\u00f3wna","item":"https:\/\/spawlab.pl\/en\/"},{"@type":"ListItem","position":2,"name":"Store","item":"https:\/\/spawlab.pl\/en\/shop\/"},{"@type":"ListItem","position":3,"name":"B\u00f6hler &#8211; Selco TERRA 150"}]},{"@type":"WebSite","@id":"https:\/\/spawlab.pl\/en\/#website","url":"https:\/\/spawlab.pl\/en\/","name":"Spawlab.pl Lider - Spawarki, Przecinarki Plazmowe, Kompresory","description":"Urz\u0105dzenia spawalnicze i Przecinarki plazmowe\/ nowe i u\u017cywane \/ Profesjonalny serwis","publisher":{"@id":"https:\/\/spawlab.pl\/en\/#organization"},"alternateName":"Spawlab.pl - Dystrybutor Premium i Serwis na Polske Migatronic, Gys, Voestalpine Bohler Welding","potentialAction":[{"@type":"SearchAction","target":{"@type":"EntryPoint","urlTemplate":"https:\/\/spawlab.pl\/en\/?s={search_term_string}"},"query-input":{"@type":"PropertyValueSpecification","valueRequired":true,"valueName":"search_term_string"}}],"inLanguage":"en-US"},{"@type":["Organization","Place"],"@id":"https:\/\/spawlab.pl\/en\/#organization","name":"Spawlab.pl","url":"https:\/\/spawlab.pl\/en\/","logo":{"@id":"https:\/\/spawlab.pl\/en\/produkt\/bohler-selco-terra-150\/#local-main-organization-logo"},"image":{"@id":"https:\/\/spawlab.pl\/en\/produkt\/bohler-selco-terra-150\/#local-main-organization-logo"},"sameAs":["https:\/\/www.facebook.com\/Spawlab\/","https:\/\/www.linkedin.com\/company\/spawlab","https:\/\/www.instagram.com\/spawlab.pl","https:\/\/www.tiktok.com\/@spawlab"],"description":"Lider sprzeda\u017cy, Oficjalny Dystrybutor Premium i Serwis na Polsk\u0119 Migatronic, Gys, Voestalpine Bohler Welding. Nowe i u\u017cywane Spawarki, Przecinarki Plazmowe, Kompresory. Mgr in\u017c. Jaros\u0142aw Ko\u0142aski, IWE","hasMerchantReturnPolicy":{"@type":"MerchantReturnPolicy","merchantReturnLink":"https:\/\/spawlab.pl\/polityka-prywatnosci-2\/"},"telephone":[],"openingHoursSpecification":[{"@type":"OpeningHoursSpecification","dayOfWeek":["Monday","Tuesday","Wednesday","Thursday","Friday","Saturday","Sunday"],"opens":"09:00","closes":"17:00"}]},{"@type":"ImageObject","inLanguage":"en-US","@id":"https:\/\/spawlab.pl\/en\/produkt\/bohler-selco-terra-150\/#local-main-organization-logo","url":"https:\/\/spawlab.pl\/wp-content\/uploads\/2022\/01\/olx.jpg","contentUrl":"https:\/\/spawlab.pl\/wp-content\/uploads\/2022\/01\/olx.jpg","width":200,"height":200,"caption":"Spawlab.pl"}]},"product_brand":"B\u00f6hler","product_price_amount":"3100.00","product_price_currency":"PLN","og_availability":"backorder","product_availability":"available for order","product_condition":"new"},"_links":{"self":[{"href":"https:\/\/spawlab.pl\/en\/wp-json\/wp\/v2\/product\/31241","targetHints":{"allow":["GET"]}}],"collection":[{"href":"https:\/\/spawlab.pl\/en\/wp-json\/wp\/v2\/product"}],"about":[{"href":"https:\/\/spawlab.pl\/en\/wp-json\/wp\/v2\/types\/product"}],"wp:featuredmedia":[{"embeddable":true,"href":"https:\/\/spawlab.pl\/en\/wp-json\/wp\/v2\/media\/16761"}],"wp:attachment":[{"href":"https:\/\/spawlab.pl\/en\/wp-json\/wp\/v2\/media?parent=31241"}],"wp:term":[{"taxonomy":"product_brand","embeddable":true,"href":"https:\/\/spawlab.pl\/en\/wp-json\/wp\/v2\/product_brand?post=31241"},{"taxonomy":"product_cat","embeddable":true,"href":"https:\/\/spawlab.pl\/en\/wp-json\/wp\/v2\/product_cat?post=31241"},{"taxonomy":"product_tag","embeddable":true,"href":"https:\/\/spawlab.pl\/en\/wp-json\/wp\/v2\/product_tag?post=31241"}],"curies":[{"name":"wp","href":"https:\/\/api.w.org\/{rel}","templated":true}]}}