{"id":31327,"date":"2025-03-11T14:36:49","date_gmt":"2025-03-11T13:36:49","guid":{"rendered":"https:\/\/spawlab.pl\/produkt\/migatronic-4-wheel-cart-with-tool-tray\/"},"modified":"2025-03-11T14:36:49","modified_gmt":"2025-03-11T13:36:49","slug":"migatronic-4-wheel-cart-with-tool-tray","status":"publish","type":"product","link":"https:\/\/spawlab.pl\/en\/produkt\/migatronic-4-wheel-cart-with-tool-tray\/","title":{"rendered":"Migatronic 4-wheel cart with tool tray"},"content":{"rendered":"<p><strong>We are the Official Distributor of Migatronic Brand!<\/strong><\/p>\n<p><img class=\"\" alt=\"\" width=\"\" height=\"\"><img fetchpriority=\"high\" decoding=\"async\" class=\"alignnone wp-image-10648\" src=\"https:\/\/spawlab.pl\/wp-content\/smush-avif\/2024\/05\/1-1-scaled.jpg.avif\" alt=\"\" width=\"1000\" height=\"469\" srcset=\"https:\/\/spawlab.pl\/wp-content\/smush-avif\/2024\/05\/1-1-scaled.jpg.avif 2560w, https:\/\/spawlab.pl\/wp-content\/smush-avif\/2024\/05\/1-1-300x141.jpg.avif 300w, https:\/\/spawlab.pl\/wp-content\/smush-avif\/2024\/05\/1-1-1024x480.jpg.avif 1024w, https:\/\/spawlab.pl\/wp-content\/smush-avif\/2024\/05\/1-1-768x360.jpg.avif 768w, https:\/\/spawlab.pl\/wp-content\/smush-avif\/2024\/05\/1-1-1536x720.jpg.avif 1536w, https:\/\/spawlab.pl\/wp-content\/smush-avif\/2024\/05\/1-1-2048x960.jpg.avif 2048w, https:\/\/spawlab.pl\/wp-content\/smush-avif\/2024\/05\/1-1-1320x619.jpg.avif 1320w, https:\/\/spawlab.pl\/wp-content\/smush-avif\/2024\/05\/1-1-600x281.jpg.avif 600w, https:\/\/spawlab.pl\/wp-content\/smush-avif\/2024\/05\/1-1-64x30.jpg.avif 64w\" sizes=\"(max-width: 1000px) 100vw, 1000px\" data-smush-avif-fallback=\"{&quot;src&quot;:&quot;https:\\\/\\\/spawlab.pl\\\/wp-content\\\/uploads\\\/2024\\\/05\\\/1-1-scaled.jpg&quot;,&quot;srcset&quot;:&quot;https:\\\/\\\/spawlab.pl\\\/wp-content\\\/uploads\\\/2024\\\/05\\\/1-1-scaled.jpg 2560w, https:\\\/\\\/spawlab.pl\\\/wp-content\\\/uploads\\\/2024\\\/05\\\/1-1-300x141.jpg 300w, https:\\\/\\\/spawlab.pl\\\/wp-content\\\/uploads\\\/2024\\\/05\\\/1-1-1024x480.jpg 1024w, https:\\\/\\\/spawlab.pl\\\/wp-content\\\/uploads\\\/2024\\\/05\\\/1-1-768x360.jpg 768w, https:\\\/\\\/spawlab.pl\\\/wp-content\\\/uploads\\\/2024\\\/05\\\/1-1-1536x720.jpg 1536w, https:\\\/\\\/spawlab.pl\\\/wp-content\\\/uploads\\\/2024\\\/05\\\/1-1-2048x960.jpg 2048w, https:\\\/\\\/spawlab.pl\\\/wp-content\\\/uploads\\\/2024\\\/05\\\/1-1-1320x619.jpg 1320w, https:\\\/\\\/spawlab.pl\\\/wp-content\\\/uploads\\\/2024\\\/05\\\/1-1-600x281.jpg 600w, https:\\\/\\\/spawlab.pl\\\/wp-content\\\/uploads\\\/2024\\\/05\\\/1-1-64x30.jpg 64w&quot;}\" \/><\/p>\n<p><strong>The 4-wheel cart with tool tray<\/strong> is a sturdy and functional cart designed for transporting and storing welding tools and accessories. Its construction is based on an aluminum plate for lightweight and durability, and its four wheels facilitate mobility in a variety of working conditions. <\/p>\n<h3>Features and functionality:<\/h3>\n<ul>\n<li>Tool tray &#8211; An integrated tray allows you to store and organize your tools for easy access while you work.<\/li>\n<li>Aluminum plate &#8211; The cart is equipped with a plate made of lightweight but strong aluminum, which guarantees longevity and resistance to harsh working conditions.<\/li>\n<li>Handle Bed &#8211; Trolley is designed with a handle bed for easy storage of additional accessories and welding equipment.<\/li>\n<li>Standard cart &#8211; This is a standard-size cart that is suitable for use in a variety of workspaces.<\/li>\n<li>CWF &#8211; Cold Wire Feeder &#8211; The cart is compatible with the Cold Wire Feeder (CWF), which is especially useful for welding with cold-cooled wire (information available in a separate section).<\/li>\n<\/ul>\n<p>It is perfect for welder users who need a mobile, functional tool for transporting equipment and tools. Thanks to its design, this cart provides high load carrying capacity and stability, and its four wheels allow easy movement around the workshop or other work spaces. Its functionality includes storage of welding tools and accessories, which increases efficiency and organization of work.  <\/p>\n<p>EAN: 78857026<\/p>\n","protected":false},"excerpt":{"rendered":"<p>We are the Official Distributor of Migatronic Brand! The 4-wheel cart with tool tray is a sturdy and functional cart designed for transporting and storing welding tools and accessories. Its construction is based on an aluminum plate for lightweight and durability, and its four wheels facilitate mobility in a variety of working conditions. Features and [&hellip;]<\/p>\n","protected":false},"featured_media":19650,"template":"","meta":{"inline_featured_image":false},"product_brand":[822],"product_cat":[475,3467,522],"product_tag":[],"class_list":{"0":"post-31327","1":"product","2":"type-product","3":"status-publish","4":"has-post-thumbnail","6":"product_brand-migatronic","7":"product_cat-accessories-parts","8":"product_cat-migatronic-en","9":"product_cat-parts","11":"first","12":"onbackorder","13":"taxable","14":"shipping-taxable","15":"purchasable","16":"product-type-simple"},"yoast_head":"<!-- This site is optimized with the Yoast SEO Premium plugin v27.0 (Yoast SEO v27.3) - https:\/\/yoast.com\/product\/yoast-seo-premium-wordpress\/ -->\n<title>Migatronic 4-wheel cart with tool tray - SpawLab - Welding equipment and plasma cutters - store and service<\/title>\n<meta name=\"description\" content=\"Lider sprzeda\u017cy, Oficjalny Dystrybutor Premium i Serwis na Polsk\u0119 Migatronic, Gys, Voestalpine Bohler Welding. Nowe i u\u017cywane Spawarki, Przecinarki Plazmowe, Kompresory. Mgr in\u017c. Jaros\u0142aw Ko\u0142aski, IWE\" \/>\n<meta name=\"robots\" content=\"index, follow, max-snippet:-1, max-image-preview:large, max-video-preview:-1\" \/>\n<link rel=\"canonical\" href=\"https:\/\/spawlab.pl\/en\/produkt\/migatronic-4-wheel-cart-with-tool-tray\/\" \/>\n<meta property=\"og:locale\" content=\"en_US\" \/>\n<meta property=\"og:type\" content=\"article\" \/>\n<meta property=\"og:title\" content=\"Migatronic 4-wheel cart with tool tray\" \/>\n<meta property=\"og:description\" content=\"Lider sprzeda\u017cy, Oficjalny Dystrybutor Premium i Serwis na Polsk\u0119 Migatronic, Gys, Voestalpine Bohler Welding. Nowe i u\u017cywane Spawarki, Przecinarki Plazmowe, Kompresory. Mgr in\u017c. Jaros\u0142aw Ko\u0142aski, IWE\" \/>\n<meta property=\"og:url\" content=\"https:\/\/spawlab.pl\/en\/produkt\/migatronic-4-wheel-cart-with-tool-tray\/\" \/>\n<meta property=\"og:site_name\" content=\"SpawLab - Welding equipment and plasma cutters - store and service\" \/>\n<meta property=\"article:publisher\" content=\"https:\/\/www.facebook.com\/Spawlab\/\" \/>\n<meta property=\"og:image\" content=\"https:\/\/spawlab.pl\/wp-content\/uploads\/2025\/01\/1499mgt0031b_small.webp\" \/>\n\t<meta property=\"og:image:width\" content=\"300\" \/>\n\t<meta property=\"og:image:height\" content=\"300\" \/>\n\t<meta property=\"og:image:type\" content=\"image\/webp\" \/>\n<meta name=\"twitter:label1\" content=\"Price\" \/>\n\t<meta name=\"twitter:data1\" content=\"2 564,36&nbsp;&#122;&#322; (2 084,85&nbsp;&#122;&#322; netto)\" \/>\n\t<meta name=\"twitter:label2\" content=\"Availability\" \/>\n\t<meta name=\"twitter:data2\" content=\"On backorder\" \/>\n<script type=\"application\/ld+json\" class=\"yoast-schema-graph\">{\"@context\":\"https:\\\/\\\/schema.org\",\"@graph\":[{\"@type\":[\"WebPage\",\"ItemPage\"],\"@id\":\"https:\\\/\\\/spawlab.pl\\\/en\\\/produkt\\\/migatronic-4-wheel-cart-with-tool-tray\\\/\",\"url\":\"https:\\\/\\\/spawlab.pl\\\/en\\\/produkt\\\/migatronic-4-wheel-cart-with-tool-tray\\\/\",\"name\":\"Migatronic 4-wheel cart with tool tray - SpawLab - Welding equipment and plasma cutters - store and service\",\"isPartOf\":{\"@id\":\"https:\\\/\\\/spawlab.pl\\\/en\\\/#website\"},\"primaryImageOfPage\":{\"@id\":\"https:\\\/\\\/spawlab.pl\\\/en\\\/produkt\\\/migatronic-4-wheel-cart-with-tool-tray\\\/#primaryimage\"},\"image\":{\"@id\":\"https:\\\/\\\/spawlab.pl\\\/en\\\/produkt\\\/migatronic-4-wheel-cart-with-tool-tray\\\/#primaryimage\"},\"thumbnailUrl\":\"https:\\\/\\\/spawlab.pl\\\/wp-content\\\/uploads\\\/2025\\\/01\\\/1499mgt0031b_small.webp\",\"datePublished\":\"2025-03-11T13:36:49+00:00\",\"description\":\"Lider sprzeda\u017cy, Oficjalny Dystrybutor Premium i Serwis na Polsk\u0119 Migatronic, Gys, Voestalpine Bohler Welding. Nowe i u\u017cywane Spawarki, Przecinarki Plazmowe, Kompresory. Mgr in\u017c. Jaros\u0142aw Ko\u0142aski, IWE\",\"breadcrumb\":{\"@id\":\"https:\\\/\\\/spawlab.pl\\\/en\\\/produkt\\\/migatronic-4-wheel-cart-with-tool-tray\\\/#breadcrumb\"},\"inLanguage\":\"en-US\",\"potentialAction\":[{\"@type\":\"ReadAction\",\"target\":[\"https:\\\/\\\/spawlab.pl\\\/en\\\/produkt\\\/migatronic-4-wheel-cart-with-tool-tray\\\/\"]}]},{\"@type\":\"ImageObject\",\"inLanguage\":\"en-US\",\"@id\":\"https:\\\/\\\/spawlab.pl\\\/en\\\/produkt\\\/migatronic-4-wheel-cart-with-tool-tray\\\/#primaryimage\",\"url\":\"https:\\\/\\\/spawlab.pl\\\/wp-content\\\/uploads\\\/2025\\\/01\\\/1499mgt0031b_small.webp\",\"contentUrl\":\"https:\\\/\\\/spawlab.pl\\\/wp-content\\\/uploads\\\/2025\\\/01\\\/1499mgt0031b_small.webp\",\"width\":300,\"height\":300},{\"@type\":\"BreadcrumbList\",\"@id\":\"https:\\\/\\\/spawlab.pl\\\/en\\\/produkt\\\/migatronic-4-wheel-cart-with-tool-tray\\\/#breadcrumb\",\"itemListElement\":[{\"@type\":\"ListItem\",\"position\":1,\"name\":\"Strona g\u0142\u00f3wna\",\"item\":\"https:\\\/\\\/spawlab.pl\\\/en\\\/\"},{\"@type\":\"ListItem\",\"position\":2,\"name\":\"Store\",\"item\":\"https:\\\/\\\/spawlab.pl\\\/en\\\/shop\\\/\"},{\"@type\":\"ListItem\",\"position\":3,\"name\":\"Migatronic 4-wheel cart with tool tray\"}]},{\"@type\":\"WebSite\",\"@id\":\"https:\\\/\\\/spawlab.pl\\\/en\\\/#website\",\"url\":\"https:\\\/\\\/spawlab.pl\\\/en\\\/\",\"name\":\"Spawlab.pl Lider - Spawarki, Przecinarki Plazmowe, Kompresory\",\"description\":\"Urz\u0105dzenia spawalnicze i Przecinarki plazmowe\\\/ nowe i u\u017cywane \\\/ Profesjonalny serwis\",\"publisher\":{\"@id\":\"https:\\\/\\\/spawlab.pl\\\/en\\\/#organization\"},\"alternateName\":\"Spawlab.pl - Dystrybutor Premium i Serwis na Polske Migatronic, Gys, Voestalpine Bohler Welding\",\"potentialAction\":[{\"@type\":\"SearchAction\",\"target\":{\"@type\":\"EntryPoint\",\"urlTemplate\":\"https:\\\/\\\/spawlab.pl\\\/en\\\/?s={search_term_string}\"},\"query-input\":{\"@type\":\"PropertyValueSpecification\",\"valueRequired\":true,\"valueName\":\"search_term_string\"}}],\"inLanguage\":\"en-US\"},{\"@type\":[\"Organization\",\"Place\"],\"@id\":\"https:\\\/\\\/spawlab.pl\\\/en\\\/#organization\",\"name\":\"Spawlab.pl\",\"url\":\"https:\\\/\\\/spawlab.pl\\\/en\\\/\",\"logo\":{\"@id\":\"https:\\\/\\\/spawlab.pl\\\/en\\\/produkt\\\/migatronic-4-wheel-cart-with-tool-tray\\\/#local-main-organization-logo\"},\"image\":{\"@id\":\"https:\\\/\\\/spawlab.pl\\\/en\\\/produkt\\\/migatronic-4-wheel-cart-with-tool-tray\\\/#local-main-organization-logo\"},\"sameAs\":[\"https:\\\/\\\/www.facebook.com\\\/Spawlab\\\/\",\"https:\\\/\\\/www.linkedin.com\\\/company\\\/spawlab\",\"https:\\\/\\\/www.instagram.com\\\/spawlab.pl\",\"https:\\\/\\\/www.tiktok.com\\\/@spawlab\"],\"description\":\"Lider sprzeda\u017cy, Oficjalny Dystrybutor Premium i Serwis na Polsk\u0119 Migatronic, Gys, Voestalpine Bohler Welding. Nowe i u\u017cywane Spawarki, Przecinarki Plazmowe, Kompresory. Mgr in\u017c. Jaros\u0142aw Ko\u0142aski, IWE\",\"hasMerchantReturnPolicy\":{\"@type\":\"MerchantReturnPolicy\",\"merchantReturnLink\":\"https:\\\/\\\/spawlab.pl\\\/polityka-prywatnosci-2\\\/\"},\"telephone\":[],\"openingHoursSpecification\":[{\"@type\":\"OpeningHoursSpecification\",\"dayOfWeek\":[\"Monday\",\"Tuesday\",\"Wednesday\",\"Thursday\",\"Friday\",\"Saturday\",\"Sunday\"],\"opens\":\"09:00\",\"closes\":\"17:00\"}]},{\"@type\":\"ImageObject\",\"inLanguage\":\"en-US\",\"@id\":\"https:\\\/\\\/spawlab.pl\\\/en\\\/produkt\\\/migatronic-4-wheel-cart-with-tool-tray\\\/#local-main-organization-logo\",\"url\":\"https:\\\/\\\/spawlab.pl\\\/wp-content\\\/uploads\\\/2022\\\/01\\\/olx.jpg\",\"contentUrl\":\"https:\\\/\\\/spawlab.pl\\\/wp-content\\\/uploads\\\/2022\\\/01\\\/olx.jpg\",\"width\":200,\"height\":200,\"caption\":\"Spawlab.pl\"}]}<\/script>\n<meta property=\"product:price:amount\" content=\"2564.36\" \/>\n<meta property=\"product:price:currency\" content=\"PLN\" \/>\n<meta property=\"og:availability\" content=\"backorder\" \/>\n<meta property=\"product:availability\" content=\"available for order\" \/>\n<meta property=\"product:condition\" content=\"new\" \/>\n<!-- \/ Yoast SEO Premium plugin. -->","yoast_head_json":{"title":"Migatronic 4-wheel cart with tool tray - SpawLab - Welding equipment and plasma cutters - store and service","description":"Lider sprzeda\u017cy, Oficjalny Dystrybutor Premium i Serwis na Polsk\u0119 Migatronic, Gys, Voestalpine Bohler Welding. Nowe i u\u017cywane Spawarki, Przecinarki Plazmowe, Kompresory. Mgr in\u017c. Jaros\u0142aw Ko\u0142aski, IWE","robots":{"index":"index","follow":"follow","max-snippet":"max-snippet:-1","max-image-preview":"max-image-preview:large","max-video-preview":"max-video-preview:-1"},"canonical":"https:\/\/spawlab.pl\/en\/produkt\/migatronic-4-wheel-cart-with-tool-tray\/","og_locale":"en_US","og_type":"article","og_title":"Migatronic 4-wheel cart with tool tray","og_description":"Lider sprzeda\u017cy, Oficjalny Dystrybutor Premium i Serwis na Polsk\u0119 Migatronic, Gys, Voestalpine Bohler Welding. Nowe i u\u017cywane Spawarki, Przecinarki Plazmowe, Kompresory. Mgr in\u017c. Jaros\u0142aw Ko\u0142aski, IWE","og_url":"https:\/\/spawlab.pl\/en\/produkt\/migatronic-4-wheel-cart-with-tool-tray\/","og_site_name":"SpawLab - Welding equipment and plasma cutters - store and service","article_publisher":"https:\/\/www.facebook.com\/Spawlab\/","og_image":[{"width":300,"height":300,"url":"https:\/\/spawlab.pl\/wp-content\/uploads\/2025\/01\/1499mgt0031b_small.webp","type":"image\/webp"}],"twitter_misc":{"Price":"2 564,36&nbsp;&#122;&#322; (2 084,85&nbsp;&#122;&#322; netto)","Availability":"On backorder"},"schema":{"@context":"https:\/\/schema.org","@graph":[{"@type":["WebPage","ItemPage"],"@id":"https:\/\/spawlab.pl\/en\/produkt\/migatronic-4-wheel-cart-with-tool-tray\/","url":"https:\/\/spawlab.pl\/en\/produkt\/migatronic-4-wheel-cart-with-tool-tray\/","name":"Migatronic 4-wheel cart with tool tray - SpawLab - Welding equipment and plasma cutters - store and service","isPartOf":{"@id":"https:\/\/spawlab.pl\/en\/#website"},"primaryImageOfPage":{"@id":"https:\/\/spawlab.pl\/en\/produkt\/migatronic-4-wheel-cart-with-tool-tray\/#primaryimage"},"image":{"@id":"https:\/\/spawlab.pl\/en\/produkt\/migatronic-4-wheel-cart-with-tool-tray\/#primaryimage"},"thumbnailUrl":"https:\/\/spawlab.pl\/wp-content\/uploads\/2025\/01\/1499mgt0031b_small.webp","datePublished":"2025-03-11T13:36:49+00:00","description":"Lider sprzeda\u017cy, Oficjalny Dystrybutor Premium i Serwis na Polsk\u0119 Migatronic, Gys, Voestalpine Bohler Welding. Nowe i u\u017cywane Spawarki, Przecinarki Plazmowe, Kompresory. Mgr in\u017c. Jaros\u0142aw Ko\u0142aski, IWE","breadcrumb":{"@id":"https:\/\/spawlab.pl\/en\/produkt\/migatronic-4-wheel-cart-with-tool-tray\/#breadcrumb"},"inLanguage":"en-US","potentialAction":[{"@type":"ReadAction","target":["https:\/\/spawlab.pl\/en\/produkt\/migatronic-4-wheel-cart-with-tool-tray\/"]}]},{"@type":"ImageObject","inLanguage":"en-US","@id":"https:\/\/spawlab.pl\/en\/produkt\/migatronic-4-wheel-cart-with-tool-tray\/#primaryimage","url":"https:\/\/spawlab.pl\/wp-content\/uploads\/2025\/01\/1499mgt0031b_small.webp","contentUrl":"https:\/\/spawlab.pl\/wp-content\/uploads\/2025\/01\/1499mgt0031b_small.webp","width":300,"height":300},{"@type":"BreadcrumbList","@id":"https:\/\/spawlab.pl\/en\/produkt\/migatronic-4-wheel-cart-with-tool-tray\/#breadcrumb","itemListElement":[{"@type":"ListItem","position":1,"name":"Strona g\u0142\u00f3wna","item":"https:\/\/spawlab.pl\/en\/"},{"@type":"ListItem","position":2,"name":"Store","item":"https:\/\/spawlab.pl\/en\/shop\/"},{"@type":"ListItem","position":3,"name":"Migatronic 4-wheel cart with tool tray"}]},{"@type":"WebSite","@id":"https:\/\/spawlab.pl\/en\/#website","url":"https:\/\/spawlab.pl\/en\/","name":"Spawlab.pl Lider - Spawarki, Przecinarki Plazmowe, Kompresory","description":"Urz\u0105dzenia spawalnicze i Przecinarki plazmowe\/ nowe i u\u017cywane \/ Profesjonalny serwis","publisher":{"@id":"https:\/\/spawlab.pl\/en\/#organization"},"alternateName":"Spawlab.pl - Dystrybutor Premium i Serwis na Polske Migatronic, Gys, Voestalpine Bohler Welding","potentialAction":[{"@type":"SearchAction","target":{"@type":"EntryPoint","urlTemplate":"https:\/\/spawlab.pl\/en\/?s={search_term_string}"},"query-input":{"@type":"PropertyValueSpecification","valueRequired":true,"valueName":"search_term_string"}}],"inLanguage":"en-US"},{"@type":["Organization","Place"],"@id":"https:\/\/spawlab.pl\/en\/#organization","name":"Spawlab.pl","url":"https:\/\/spawlab.pl\/en\/","logo":{"@id":"https:\/\/spawlab.pl\/en\/produkt\/migatronic-4-wheel-cart-with-tool-tray\/#local-main-organization-logo"},"image":{"@id":"https:\/\/spawlab.pl\/en\/produkt\/migatronic-4-wheel-cart-with-tool-tray\/#local-main-organization-logo"},"sameAs":["https:\/\/www.facebook.com\/Spawlab\/","https:\/\/www.linkedin.com\/company\/spawlab","https:\/\/www.instagram.com\/spawlab.pl","https:\/\/www.tiktok.com\/@spawlab"],"description":"Lider sprzeda\u017cy, Oficjalny Dystrybutor Premium i Serwis na Polsk\u0119 Migatronic, Gys, Voestalpine Bohler Welding. Nowe i u\u017cywane Spawarki, Przecinarki Plazmowe, Kompresory. Mgr in\u017c. Jaros\u0142aw Ko\u0142aski, IWE","hasMerchantReturnPolicy":{"@type":"MerchantReturnPolicy","merchantReturnLink":"https:\/\/spawlab.pl\/polityka-prywatnosci-2\/"},"telephone":[],"openingHoursSpecification":[{"@type":"OpeningHoursSpecification","dayOfWeek":["Monday","Tuesday","Wednesday","Thursday","Friday","Saturday","Sunday"],"opens":"09:00","closes":"17:00"}]},{"@type":"ImageObject","inLanguage":"en-US","@id":"https:\/\/spawlab.pl\/en\/produkt\/migatronic-4-wheel-cart-with-tool-tray\/#local-main-organization-logo","url":"https:\/\/spawlab.pl\/wp-content\/uploads\/2022\/01\/olx.jpg","contentUrl":"https:\/\/spawlab.pl\/wp-content\/uploads\/2022\/01\/olx.jpg","width":200,"height":200,"caption":"Spawlab.pl"}]},"product_price_amount":"2564.36","product_price_currency":"PLN","og_availability":"backorder","product_availability":"available for order","product_condition":"new"},"_links":{"self":[{"href":"https:\/\/spawlab.pl\/en\/wp-json\/wp\/v2\/product\/31327","targetHints":{"allow":["GET"]}}],"collection":[{"href":"https:\/\/spawlab.pl\/en\/wp-json\/wp\/v2\/product"}],"about":[{"href":"https:\/\/spawlab.pl\/en\/wp-json\/wp\/v2\/types\/product"}],"wp:featuredmedia":[{"embeddable":true,"href":"https:\/\/spawlab.pl\/en\/wp-json\/wp\/v2\/media\/19650"}],"wp:attachment":[{"href":"https:\/\/spawlab.pl\/en\/wp-json\/wp\/v2\/media?parent=31327"}],"wp:term":[{"taxonomy":"product_brand","embeddable":true,"href":"https:\/\/spawlab.pl\/en\/wp-json\/wp\/v2\/product_brand?post=31327"},{"taxonomy":"product_cat","embeddable":true,"href":"https:\/\/spawlab.pl\/en\/wp-json\/wp\/v2\/product_cat?post=31327"},{"taxonomy":"product_tag","embeddable":true,"href":"https:\/\/spawlab.pl\/en\/wp-json\/wp\/v2\/product_tag?post=31327"}],"curies":[{"name":"wp","href":"https:\/\/api.w.org\/{rel}","templated":true}]}}