{"id":35920,"date":"2025-03-11T10:22:51","date_gmt":"2025-03-11T09:22:51","guid":{"rendered":"https:\/\/spawlab.pl\/produkt\/migatronic-7-pin-female-sockets\/"},"modified":"2025-03-11T10:22:51","modified_gmt":"2025-03-11T09:22:51","slug":"migatronic-7-pin-female-sockets","status":"publish","type":"product","link":"https:\/\/spawlab.pl\/en\/produkt\/migatronic-7-pin-female-sockets\/","title":{"rendered":"Migatronic 7-pin female sockets"},"content":{"rendered":"<p>We are the Official Distributor of Migatronic Brand!<\/p>\n<p><img class=\"\" alt=\"\" width=\"\" height=\"\"><img fetchpriority=\"high\" decoding=\"async\" class=\"alignnone wp-image-10648\" src=\"https:\/\/spawlab.pl\/wp-content\/smush-avif\/2024\/05\/1-1-scaled.jpg.avif\" alt=\"\" width=\"1000\" height=\"469\" srcset=\"https:\/\/spawlab.pl\/wp-content\/smush-avif\/2024\/05\/1-1-scaled.jpg.avif 2560w, https:\/\/spawlab.pl\/wp-content\/smush-avif\/2024\/05\/1-1-300x141.jpg.avif 300w, https:\/\/spawlab.pl\/wp-content\/smush-avif\/2024\/05\/1-1-1024x480.jpg.avif 1024w, https:\/\/spawlab.pl\/wp-content\/smush-avif\/2024\/05\/1-1-768x360.jpg.avif 768w, https:\/\/spawlab.pl\/wp-content\/smush-avif\/2024\/05\/1-1-1536x720.jpg.avif 1536w, https:\/\/spawlab.pl\/wp-content\/smush-avif\/2024\/05\/1-1-2048x960.jpg.avif 2048w, https:\/\/spawlab.pl\/wp-content\/smush-avif\/2024\/05\/1-1-1320x619.jpg.avif 1320w, https:\/\/spawlab.pl\/wp-content\/smush-avif\/2024\/05\/1-1-600x281.jpg.avif 600w, https:\/\/spawlab.pl\/wp-content\/smush-avif\/2024\/05\/1-1-64x30.jpg.avif 64w\" sizes=\"(max-width: 1000px) 100vw, 1000px\" data-smush-avif-fallback=\"{&quot;src&quot;:&quot;https:\\\/\\\/spawlab.pl\\\/wp-content\\\/uploads\\\/2024\\\/05\\\/1-1-scaled.jpg&quot;,&quot;srcset&quot;:&quot;https:\\\/\\\/spawlab.pl\\\/wp-content\\\/uploads\\\/2024\\\/05\\\/1-1-scaled.jpg 2560w, https:\\\/\\\/spawlab.pl\\\/wp-content\\\/uploads\\\/2024\\\/05\\\/1-1-300x141.jpg 300w, https:\\\/\\\/spawlab.pl\\\/wp-content\\\/uploads\\\/2024\\\/05\\\/1-1-1024x480.jpg 1024w, https:\\\/\\\/spawlab.pl\\\/wp-content\\\/uploads\\\/2024\\\/05\\\/1-1-768x360.jpg 768w, https:\\\/\\\/spawlab.pl\\\/wp-content\\\/uploads\\\/2024\\\/05\\\/1-1-1536x720.jpg 1536w, https:\\\/\\\/spawlab.pl\\\/wp-content\\\/uploads\\\/2024\\\/05\\\/1-1-2048x960.jpg 2048w, https:\\\/\\\/spawlab.pl\\\/wp-content\\\/uploads\\\/2024\\\/05\\\/1-1-1320x619.jpg 1320w, https:\\\/\\\/spawlab.pl\\\/wp-content\\\/uploads\\\/2024\\\/05\\\/1-1-600x281.jpg 600w, https:\\\/\\\/spawlab.pl\\\/wp-content\\\/uploads\\\/2024\\\/05\\\/1-1-64x30.jpg 64w&quot;}\" \/><\/p>\n<div class=\"flex max-w-full flex-col flex-grow\">\n<div class=\"min-h-8 text-message flex w-full flex-col items-end gap-2 whitespace-normal break-words text-start [.text-message+&amp;]:mt-5\" dir=\"auto\" data-message-author-role=\"assistant\" data-message-id=\"a1d568d8-71d3-44c2-abad-dc1c9f774973\" data-message-model-slug=\"gpt-4o-mini\">\n<div class=\"flex w-full flex-col gap-1 empty:hidden first:pt-[3px]\">\n<div class=\"markdown prose w-full break-words dark:prose-invert light\">\n<p data-start=\"0\" data-end=\"400\"><strong>The 7-pin female receptacle<\/strong> is an electrical component designed for easy and safe connection to male 7-pin connectors. It is made of durable materials, resistant to mechanical damage and corrosion, ensuring long life and reliability in industrial conditions. The socket is ideal for welding systems where multiple signals or power are required to be transmitted in a single connector, ensuring stable connection and safe operation.  <\/p>\n<\/div>\n<\/div>\n<\/div>\n<\/div>\n<p>EAN: 17200056<\/p>\n","protected":false},"excerpt":{"rendered":"<p>We are the Official Distributor of Migatronic Brand! The 7-pin female receptacle is an electrical component designed for easy and safe connection to male 7-pin connectors. It is made of durable materials, resistant to mechanical damage and corrosion, ensuring long life and reliability in industrial conditions. The socket is ideal for welding systems where multiple [&hellip;]<\/p>\n","protected":false},"featured_media":23005,"template":"","meta":{"inline_featured_image":false},"product_brand":[822],"product_cat":[475,3467,522],"product_tag":[],"class_list":{"0":"post-35920","1":"product","2":"type-product","3":"status-publish","4":"has-post-thumbnail","6":"product_brand-migatronic","7":"product_cat-accessories-parts","8":"product_cat-migatronic-en","9":"product_cat-parts","11":"first","12":"onbackorder","13":"taxable","14":"shipping-taxable","15":"purchasable","16":"product-type-simple"},"yoast_head":"<!-- This site is optimized with the Yoast SEO Premium plugin v27.0 (Yoast SEO v27.3) - https:\/\/yoast.com\/product\/yoast-seo-premium-wordpress\/ -->\n<title>Migatronic 7-pin female sockets - SpawLab - Welding equipment and plasma cutters - store and service<\/title>\n<meta name=\"description\" content=\"Lider sprzeda\u017cy, Oficjalny Dystrybutor Premium i Serwis na Polsk\u0119 Migatronic, Gys, Voestalpine Bohler Welding. Nowe i u\u017cywane Spawarki, Przecinarki Plazmowe, Kompresory. Mgr in\u017c. Jaros\u0142aw Ko\u0142aski, IWE\" \/>\n<meta name=\"robots\" content=\"index, follow, max-snippet:-1, max-image-preview:large, max-video-preview:-1\" \/>\n<link rel=\"canonical\" href=\"https:\/\/spawlab.pl\/en\/produkt\/migatronic-7-pin-female-sockets\/\" \/>\n<meta property=\"og:locale\" content=\"en_US\" \/>\n<meta property=\"og:type\" content=\"article\" \/>\n<meta property=\"og:title\" content=\"Migatronic 7-pin female sockets\" \/>\n<meta property=\"og:description\" content=\"Lider sprzeda\u017cy, Oficjalny Dystrybutor Premium i Serwis na Polsk\u0119 Migatronic, Gys, Voestalpine Bohler Welding. Nowe i u\u017cywane Spawarki, Przecinarki Plazmowe, Kompresory. Mgr in\u017c. Jaros\u0142aw Ko\u0142aski, IWE\" \/>\n<meta property=\"og:url\" content=\"https:\/\/spawlab.pl\/en\/produkt\/migatronic-7-pin-female-sockets\/\" \/>\n<meta property=\"og:site_name\" content=\"SpawLab - Welding equipment and plasma cutters - store and service\" \/>\n<meta property=\"article:publisher\" content=\"https:\/\/www.facebook.com\/Spawlab\/\" \/>\n<meta property=\"og:image\" content=\"https:\/\/spawlab.pl\/wp-content\/uploads\/2025\/03\/17200056.jpg\" \/>\n\t<meta property=\"og:image:width\" content=\"500\" \/>\n\t<meta property=\"og:image:height\" content=\"500\" \/>\n\t<meta property=\"og:image:type\" content=\"image\/jpeg\" \/>\n<meta name=\"twitter:label1\" content=\"Price\" \/>\n\t<meta name=\"twitter:data1\" content=\"100,02&nbsp;&#122;&#322; (81,32&nbsp;&#122;&#322; netto)\" \/>\n\t<meta name=\"twitter:label2\" content=\"Availability\" \/>\n\t<meta name=\"twitter:data2\" content=\"On backorder\" \/>\n<script type=\"application\/ld+json\" class=\"yoast-schema-graph\">{\"@context\":\"https:\\\/\\\/schema.org\",\"@graph\":[{\"@type\":[\"WebPage\",\"ItemPage\"],\"@id\":\"https:\\\/\\\/spawlab.pl\\\/en\\\/produkt\\\/migatronic-7-pin-female-sockets\\\/\",\"url\":\"https:\\\/\\\/spawlab.pl\\\/en\\\/produkt\\\/migatronic-7-pin-female-sockets\\\/\",\"name\":\"Migatronic 7-pin female sockets - SpawLab - Welding equipment and plasma cutters - store and service\",\"isPartOf\":{\"@id\":\"https:\\\/\\\/spawlab.pl\\\/en\\\/#website\"},\"primaryImageOfPage\":{\"@id\":\"https:\\\/\\\/spawlab.pl\\\/en\\\/produkt\\\/migatronic-7-pin-female-sockets\\\/#primaryimage\"},\"image\":{\"@id\":\"https:\\\/\\\/spawlab.pl\\\/en\\\/produkt\\\/migatronic-7-pin-female-sockets\\\/#primaryimage\"},\"thumbnailUrl\":\"https:\\\/\\\/spawlab.pl\\\/wp-content\\\/uploads\\\/2025\\\/03\\\/17200056.jpg\",\"datePublished\":\"2025-03-11T09:22:51+00:00\",\"description\":\"Lider sprzeda\u017cy, Oficjalny Dystrybutor Premium i Serwis na Polsk\u0119 Migatronic, Gys, Voestalpine Bohler Welding. Nowe i u\u017cywane Spawarki, Przecinarki Plazmowe, Kompresory. Mgr in\u017c. Jaros\u0142aw Ko\u0142aski, IWE\",\"breadcrumb\":{\"@id\":\"https:\\\/\\\/spawlab.pl\\\/en\\\/produkt\\\/migatronic-7-pin-female-sockets\\\/#breadcrumb\"},\"inLanguage\":\"en-US\",\"potentialAction\":[{\"@type\":\"ReadAction\",\"target\":[\"https:\\\/\\\/spawlab.pl\\\/en\\\/produkt\\\/migatronic-7-pin-female-sockets\\\/\"]}]},{\"@type\":\"ImageObject\",\"inLanguage\":\"en-US\",\"@id\":\"https:\\\/\\\/spawlab.pl\\\/en\\\/produkt\\\/migatronic-7-pin-female-sockets\\\/#primaryimage\",\"url\":\"https:\\\/\\\/spawlab.pl\\\/wp-content\\\/uploads\\\/2025\\\/03\\\/17200056.jpg\",\"contentUrl\":\"https:\\\/\\\/spawlab.pl\\\/wp-content\\\/uploads\\\/2025\\\/03\\\/17200056.jpg\",\"width\":500,\"height\":500},{\"@type\":\"BreadcrumbList\",\"@id\":\"https:\\\/\\\/spawlab.pl\\\/en\\\/produkt\\\/migatronic-7-pin-female-sockets\\\/#breadcrumb\",\"itemListElement\":[{\"@type\":\"ListItem\",\"position\":1,\"name\":\"Strona g\u0142\u00f3wna\",\"item\":\"https:\\\/\\\/spawlab.pl\\\/en\\\/\"},{\"@type\":\"ListItem\",\"position\":2,\"name\":\"Store\",\"item\":\"https:\\\/\\\/spawlab.pl\\\/en\\\/shop\\\/\"},{\"@type\":\"ListItem\",\"position\":3,\"name\":\"Migatronic 7-pin female sockets\"}]},{\"@type\":\"WebSite\",\"@id\":\"https:\\\/\\\/spawlab.pl\\\/en\\\/#website\",\"url\":\"https:\\\/\\\/spawlab.pl\\\/en\\\/\",\"name\":\"Spawlab.pl Lider - Spawarki, Przecinarki Plazmowe, Kompresory\",\"description\":\"Urz\u0105dzenia spawalnicze i Przecinarki plazmowe\\\/ nowe i u\u017cywane \\\/ Profesjonalny serwis\",\"publisher\":{\"@id\":\"https:\\\/\\\/spawlab.pl\\\/en\\\/#organization\"},\"alternateName\":\"Spawlab.pl - Dystrybutor Premium i Serwis na Polske Migatronic, Gys, Voestalpine Bohler Welding\",\"potentialAction\":[{\"@type\":\"SearchAction\",\"target\":{\"@type\":\"EntryPoint\",\"urlTemplate\":\"https:\\\/\\\/spawlab.pl\\\/en\\\/?s={search_term_string}\"},\"query-input\":{\"@type\":\"PropertyValueSpecification\",\"valueRequired\":true,\"valueName\":\"search_term_string\"}}],\"inLanguage\":\"en-US\"},{\"@type\":[\"Organization\",\"Place\"],\"@id\":\"https:\\\/\\\/spawlab.pl\\\/en\\\/#organization\",\"name\":\"Spawlab.pl\",\"url\":\"https:\\\/\\\/spawlab.pl\\\/en\\\/\",\"logo\":{\"@id\":\"https:\\\/\\\/spawlab.pl\\\/en\\\/produkt\\\/migatronic-7-pin-female-sockets\\\/#local-main-organization-logo\"},\"image\":{\"@id\":\"https:\\\/\\\/spawlab.pl\\\/en\\\/produkt\\\/migatronic-7-pin-female-sockets\\\/#local-main-organization-logo\"},\"sameAs\":[\"https:\\\/\\\/www.facebook.com\\\/Spawlab\\\/\",\"https:\\\/\\\/www.linkedin.com\\\/company\\\/spawlab\",\"https:\\\/\\\/www.instagram.com\\\/spawlab.pl\",\"https:\\\/\\\/www.tiktok.com\\\/@spawlab\"],\"description\":\"Lider sprzeda\u017cy, Oficjalny Dystrybutor Premium i Serwis na Polsk\u0119 Migatronic, Gys, Voestalpine Bohler Welding. Nowe i u\u017cywane Spawarki, Przecinarki Plazmowe, Kompresory. Mgr in\u017c. Jaros\u0142aw Ko\u0142aski, IWE\",\"hasMerchantReturnPolicy\":{\"@type\":\"MerchantReturnPolicy\",\"merchantReturnLink\":\"https:\\\/\\\/spawlab.pl\\\/polityka-prywatnosci-2\\\/\"},\"telephone\":[],\"openingHoursSpecification\":[{\"@type\":\"OpeningHoursSpecification\",\"dayOfWeek\":[\"Monday\",\"Tuesday\",\"Wednesday\",\"Thursday\",\"Friday\",\"Saturday\",\"Sunday\"],\"opens\":\"09:00\",\"closes\":\"17:00\"}]},{\"@type\":\"ImageObject\",\"inLanguage\":\"en-US\",\"@id\":\"https:\\\/\\\/spawlab.pl\\\/en\\\/produkt\\\/migatronic-7-pin-female-sockets\\\/#local-main-organization-logo\",\"url\":\"https:\\\/\\\/spawlab.pl\\\/wp-content\\\/uploads\\\/2022\\\/01\\\/olx.jpg\",\"contentUrl\":\"https:\\\/\\\/spawlab.pl\\\/wp-content\\\/uploads\\\/2022\\\/01\\\/olx.jpg\",\"width\":200,\"height\":200,\"caption\":\"Spawlab.pl\"}]}<\/script>\n<meta property=\"product:brand\" content=\"Migatronic\" \/>\n<meta property=\"product:price:amount\" content=\"100.02\" \/>\n<meta property=\"product:price:currency\" content=\"PLN\" \/>\n<meta property=\"og:availability\" content=\"backorder\" \/>\n<meta property=\"product:availability\" content=\"available for order\" \/>\n<meta property=\"product:condition\" content=\"new\" \/>\n<!-- \/ Yoast SEO Premium plugin. -->","yoast_head_json":{"title":"Migatronic 7-pin female sockets - SpawLab - Welding equipment and plasma cutters - store and service","description":"Lider sprzeda\u017cy, Oficjalny Dystrybutor Premium i Serwis na Polsk\u0119 Migatronic, Gys, Voestalpine Bohler Welding. Nowe i u\u017cywane Spawarki, Przecinarki Plazmowe, Kompresory. Mgr in\u017c. Jaros\u0142aw Ko\u0142aski, IWE","robots":{"index":"index","follow":"follow","max-snippet":"max-snippet:-1","max-image-preview":"max-image-preview:large","max-video-preview":"max-video-preview:-1"},"canonical":"https:\/\/spawlab.pl\/en\/produkt\/migatronic-7-pin-female-sockets\/","og_locale":"en_US","og_type":"article","og_title":"Migatronic 7-pin female sockets","og_description":"Lider sprzeda\u017cy, Oficjalny Dystrybutor Premium i Serwis na Polsk\u0119 Migatronic, Gys, Voestalpine Bohler Welding. Nowe i u\u017cywane Spawarki, Przecinarki Plazmowe, Kompresory. Mgr in\u017c. Jaros\u0142aw Ko\u0142aski, IWE","og_url":"https:\/\/spawlab.pl\/en\/produkt\/migatronic-7-pin-female-sockets\/","og_site_name":"SpawLab - Welding equipment and plasma cutters - store and service","article_publisher":"https:\/\/www.facebook.com\/Spawlab\/","og_image":[{"width":500,"height":500,"url":"https:\/\/spawlab.pl\/wp-content\/uploads\/2025\/03\/17200056.jpg","type":"image\/jpeg"}],"twitter_misc":{"Price":"100,02&nbsp;&#122;&#322; (81,32&nbsp;&#122;&#322; netto)","Availability":"On backorder"},"schema":{"@context":"https:\/\/schema.org","@graph":[{"@type":["WebPage","ItemPage"],"@id":"https:\/\/spawlab.pl\/en\/produkt\/migatronic-7-pin-female-sockets\/","url":"https:\/\/spawlab.pl\/en\/produkt\/migatronic-7-pin-female-sockets\/","name":"Migatronic 7-pin female sockets - SpawLab - Welding equipment and plasma cutters - store and service","isPartOf":{"@id":"https:\/\/spawlab.pl\/en\/#website"},"primaryImageOfPage":{"@id":"https:\/\/spawlab.pl\/en\/produkt\/migatronic-7-pin-female-sockets\/#primaryimage"},"image":{"@id":"https:\/\/spawlab.pl\/en\/produkt\/migatronic-7-pin-female-sockets\/#primaryimage"},"thumbnailUrl":"https:\/\/spawlab.pl\/wp-content\/uploads\/2025\/03\/17200056.jpg","datePublished":"2025-03-11T09:22:51+00:00","description":"Lider sprzeda\u017cy, Oficjalny Dystrybutor Premium i Serwis na Polsk\u0119 Migatronic, Gys, Voestalpine Bohler Welding. Nowe i u\u017cywane Spawarki, Przecinarki Plazmowe, Kompresory. Mgr in\u017c. Jaros\u0142aw Ko\u0142aski, IWE","breadcrumb":{"@id":"https:\/\/spawlab.pl\/en\/produkt\/migatronic-7-pin-female-sockets\/#breadcrumb"},"inLanguage":"en-US","potentialAction":[{"@type":"ReadAction","target":["https:\/\/spawlab.pl\/en\/produkt\/migatronic-7-pin-female-sockets\/"]}]},{"@type":"ImageObject","inLanguage":"en-US","@id":"https:\/\/spawlab.pl\/en\/produkt\/migatronic-7-pin-female-sockets\/#primaryimage","url":"https:\/\/spawlab.pl\/wp-content\/uploads\/2025\/03\/17200056.jpg","contentUrl":"https:\/\/spawlab.pl\/wp-content\/uploads\/2025\/03\/17200056.jpg","width":500,"height":500},{"@type":"BreadcrumbList","@id":"https:\/\/spawlab.pl\/en\/produkt\/migatronic-7-pin-female-sockets\/#breadcrumb","itemListElement":[{"@type":"ListItem","position":1,"name":"Strona g\u0142\u00f3wna","item":"https:\/\/spawlab.pl\/en\/"},{"@type":"ListItem","position":2,"name":"Store","item":"https:\/\/spawlab.pl\/en\/shop\/"},{"@type":"ListItem","position":3,"name":"Migatronic 7-pin female sockets"}]},{"@type":"WebSite","@id":"https:\/\/spawlab.pl\/en\/#website","url":"https:\/\/spawlab.pl\/en\/","name":"Spawlab.pl Lider - Spawarki, Przecinarki Plazmowe, Kompresory","description":"Urz\u0105dzenia spawalnicze i Przecinarki plazmowe\/ nowe i u\u017cywane \/ Profesjonalny serwis","publisher":{"@id":"https:\/\/spawlab.pl\/en\/#organization"},"alternateName":"Spawlab.pl - Dystrybutor Premium i Serwis na Polske Migatronic, Gys, Voestalpine Bohler Welding","potentialAction":[{"@type":"SearchAction","target":{"@type":"EntryPoint","urlTemplate":"https:\/\/spawlab.pl\/en\/?s={search_term_string}"},"query-input":{"@type":"PropertyValueSpecification","valueRequired":true,"valueName":"search_term_string"}}],"inLanguage":"en-US"},{"@type":["Organization","Place"],"@id":"https:\/\/spawlab.pl\/en\/#organization","name":"Spawlab.pl","url":"https:\/\/spawlab.pl\/en\/","logo":{"@id":"https:\/\/spawlab.pl\/en\/produkt\/migatronic-7-pin-female-sockets\/#local-main-organization-logo"},"image":{"@id":"https:\/\/spawlab.pl\/en\/produkt\/migatronic-7-pin-female-sockets\/#local-main-organization-logo"},"sameAs":["https:\/\/www.facebook.com\/Spawlab\/","https:\/\/www.linkedin.com\/company\/spawlab","https:\/\/www.instagram.com\/spawlab.pl","https:\/\/www.tiktok.com\/@spawlab"],"description":"Lider sprzeda\u017cy, Oficjalny Dystrybutor Premium i Serwis na Polsk\u0119 Migatronic, Gys, Voestalpine Bohler Welding. Nowe i u\u017cywane Spawarki, Przecinarki Plazmowe, Kompresory. Mgr in\u017c. Jaros\u0142aw Ko\u0142aski, IWE","hasMerchantReturnPolicy":{"@type":"MerchantReturnPolicy","merchantReturnLink":"https:\/\/spawlab.pl\/polityka-prywatnosci-2\/"},"telephone":[],"openingHoursSpecification":[{"@type":"OpeningHoursSpecification","dayOfWeek":["Monday","Tuesday","Wednesday","Thursday","Friday","Saturday","Sunday"],"opens":"09:00","closes":"17:00"}]},{"@type":"ImageObject","inLanguage":"en-US","@id":"https:\/\/spawlab.pl\/en\/produkt\/migatronic-7-pin-female-sockets\/#local-main-organization-logo","url":"https:\/\/spawlab.pl\/wp-content\/uploads\/2022\/01\/olx.jpg","contentUrl":"https:\/\/spawlab.pl\/wp-content\/uploads\/2022\/01\/olx.jpg","width":200,"height":200,"caption":"Spawlab.pl"}]},"product_brand":"Migatronic","product_price_amount":"100.02","product_price_currency":"PLN","og_availability":"backorder","product_availability":"available for order","product_condition":"new"},"_links":{"self":[{"href":"https:\/\/spawlab.pl\/en\/wp-json\/wp\/v2\/product\/35920","targetHints":{"allow":["GET"]}}],"collection":[{"href":"https:\/\/spawlab.pl\/en\/wp-json\/wp\/v2\/product"}],"about":[{"href":"https:\/\/spawlab.pl\/en\/wp-json\/wp\/v2\/types\/product"}],"wp:featuredmedia":[{"embeddable":true,"href":"https:\/\/spawlab.pl\/en\/wp-json\/wp\/v2\/media\/23005"}],"wp:attachment":[{"href":"https:\/\/spawlab.pl\/en\/wp-json\/wp\/v2\/media?parent=35920"}],"wp:term":[{"taxonomy":"product_brand","embeddable":true,"href":"https:\/\/spawlab.pl\/en\/wp-json\/wp\/v2\/product_brand?post=35920"},{"taxonomy":"product_cat","embeddable":true,"href":"https:\/\/spawlab.pl\/en\/wp-json\/wp\/v2\/product_cat?post=35920"},{"taxonomy":"product_tag","embeddable":true,"href":"https:\/\/spawlab.pl\/en\/wp-json\/wp\/v2\/product_tag?post=35920"}],"curies":[{"name":"wp","href":"https:\/\/api.w.org\/{rel}","templated":true}]}}