{"id":35964,"date":"2025-03-11T10:26:21","date_gmt":"2025-03-11T09:26:21","guid":{"rendered":"https:\/\/spawlab.pl\/produkt\/migatronic-extension-socket-35-50-mm%c2%b2-female\/"},"modified":"2025-03-11T10:26:21","modified_gmt":"2025-03-11T09:26:21","slug":"migatronic-extension-socket-35-50-mm%c2%b2-female","status":"publish","type":"product","link":"https:\/\/spawlab.pl\/en\/produkt\/migatronic-extension-socket-35-50-mm%c2%b2-female\/","title":{"rendered":"Migatronic Extension socket 35-50 mm\u00b2 female"},"content":{"rendered":"<p>We are the Official Distributor of Migatronic Brand!<\/p>\n<p><img class=\"\" alt=\"\" width=\"\" height=\"\"><img fetchpriority=\"high\" decoding=\"async\" class=\"alignnone wp-image-10648\" src=\"https:\/\/spawlab.pl\/wp-content\/smush-avif\/2024\/05\/1-1-scaled.jpg.avif\" alt=\"\" width=\"1000\" height=\"469\" srcset=\"https:\/\/spawlab.pl\/wp-content\/smush-avif\/2024\/05\/1-1-scaled.jpg.avif 2560w, https:\/\/spawlab.pl\/wp-content\/smush-avif\/2024\/05\/1-1-300x141.jpg.avif 300w, https:\/\/spawlab.pl\/wp-content\/smush-avif\/2024\/05\/1-1-1024x480.jpg.avif 1024w, https:\/\/spawlab.pl\/wp-content\/smush-avif\/2024\/05\/1-1-768x360.jpg.avif 768w, https:\/\/spawlab.pl\/wp-content\/smush-avif\/2024\/05\/1-1-1536x720.jpg.avif 1536w, https:\/\/spawlab.pl\/wp-content\/smush-avif\/2024\/05\/1-1-2048x960.jpg.avif 2048w, https:\/\/spawlab.pl\/wp-content\/smush-avif\/2024\/05\/1-1-1320x619.jpg.avif 1320w, https:\/\/spawlab.pl\/wp-content\/smush-avif\/2024\/05\/1-1-600x281.jpg.avif 600w, https:\/\/spawlab.pl\/wp-content\/smush-avif\/2024\/05\/1-1-64x30.jpg.avif 64w\" sizes=\"(max-width: 1000px) 100vw, 1000px\" data-smush-avif-fallback=\"{&quot;src&quot;:&quot;https:\\\/\\\/spawlab.pl\\\/wp-content\\\/uploads\\\/2024\\\/05\\\/1-1-scaled.jpg&quot;,&quot;srcset&quot;:&quot;https:\\\/\\\/spawlab.pl\\\/wp-content\\\/uploads\\\/2024\\\/05\\\/1-1-scaled.jpg 2560w, https:\\\/\\\/spawlab.pl\\\/wp-content\\\/uploads\\\/2024\\\/05\\\/1-1-300x141.jpg 300w, https:\\\/\\\/spawlab.pl\\\/wp-content\\\/uploads\\\/2024\\\/05\\\/1-1-1024x480.jpg 1024w, https:\\\/\\\/spawlab.pl\\\/wp-content\\\/uploads\\\/2024\\\/05\\\/1-1-768x360.jpg 768w, https:\\\/\\\/spawlab.pl\\\/wp-content\\\/uploads\\\/2024\\\/05\\\/1-1-1536x720.jpg 1536w, https:\\\/\\\/spawlab.pl\\\/wp-content\\\/uploads\\\/2024\\\/05\\\/1-1-2048x960.jpg 2048w, https:\\\/\\\/spawlab.pl\\\/wp-content\\\/uploads\\\/2024\\\/05\\\/1-1-1320x619.jpg 1320w, https:\\\/\\\/spawlab.pl\\\/wp-content\\\/uploads\\\/2024\\\/05\\\/1-1-600x281.jpg 600w, https:\\\/\\\/spawlab.pl\\\/wp-content\\\/uploads\\\/2024\\\/05\\\/1-1-64x30.jpg 64w&quot;}\" \/><\/p>\n<div class=\"flex max-w-full flex-col flex-grow\">\n<div class=\"min-h-8 text-message flex w-full flex-col items-end gap-2 whitespace-normal break-words text-start [.text-message+&amp;]:mt-5\" dir=\"auto\" data-message-author-role=\"assistant\" data-message-id=\"a1d568d8-71d3-44c2-abad-dc1c9f774973\" data-message-model-slug=\"gpt-4o-mini\">\n<div class=\"flex w-full flex-col gap-1 empty:hidden first:pt-[3px]\">\n<div class=\"markdown prose w-full break-words dark:prose-invert light\">\n<div class=\"flex max-w-full flex-col flex-grow\">\n<div class=\"min-h-8 text-message flex w-full flex-col items-end gap-2 whitespace-normal break-words text-start [.text-message+&amp;]:mt-5\" dir=\"auto\" data-message-author-role=\"assistant\" data-message-id=\"c7b5a441-61d9-4528-8605-57fbcecebab0\" data-message-model-slug=\"gpt-4o\">\n<div class=\"flex w-full flex-col gap-1 empty:hidden first:pt-[3px]\">\n<div class=\"markdown prose w-full break-words dark:prose-invert light\">\n<p data-start=\"66\" data-end=\"433\"><strong>The extension socket<\/strong>is a reliable accessory designed to extend cables in welding equipment. Thanks to its robust design, the socket provides a safe and stable connection, allowing you to easily connect cables with a cross-section of 35-50 mm\u00b2. Made of heat-resistant and heavy-duty materials, it guarantees long-lasting use and reliability. The female socket allows you to easily extend the reach of your welding equipment, providing convenience and flexibility when working in tougher conditions. Ideal for professionals who need durable and effective solutions.    <\/p>\n<\/div>\n<\/div>\n<\/div>\n<\/div>\n<\/div>\n<\/div>\n<\/div>\n<\/div>\n<p>EAN: <span data-sheets-root=\"1\">18119102<\/span><\/p>\n","protected":false},"excerpt":{"rendered":"<p>We are the Official Distributor of Migatronic Brand! The extension socketis a reliable accessory designed to extend cables in welding equipment. Thanks to its robust design, the socket provides a safe and stable connection, allowing you to easily connect cables with a cross-section of 35-50 mm\u00b2. Made of heat-resistant and heavy-duty materials, it guarantees long-lasting [&hellip;]<\/p>\n","protected":false},"featured_media":21773,"template":"","meta":{"inline_featured_image":false},"product_brand":[822],"product_cat":[475,3467,522],"product_tag":[],"class_list":{"0":"post-35964","1":"product","2":"type-product","3":"status-publish","4":"has-post-thumbnail","6":"product_brand-migatronic","7":"product_cat-accessories-parts","8":"product_cat-migatronic-en","9":"product_cat-parts","11":"first","12":"onbackorder","13":"taxable","14":"shipping-taxable","15":"purchasable","16":"product-type-simple"},"yoast_head":"<!-- This site is optimized with the Yoast SEO Premium plugin v27.0 (Yoast SEO v27.3) - https:\/\/yoast.com\/product\/yoast-seo-premium-wordpress\/ -->\n<title>Migatronic Extension socket 35-50 mm\u00b2 female - SpawLab - Welding equipment and plasma cutters - store and service<\/title>\n<meta name=\"description\" content=\"Lider sprzeda\u017cy, Oficjalny Dystrybutor Premium i Serwis na Polsk\u0119 Migatronic, Gys, Voestalpine Bohler Welding. Nowe i u\u017cywane Spawarki, Przecinarki Plazmowe, Kompresory. Mgr in\u017c. Jaros\u0142aw Ko\u0142aski, IWE\" \/>\n<meta name=\"robots\" content=\"index, follow, max-snippet:-1, max-image-preview:large, max-video-preview:-1\" \/>\n<link rel=\"canonical\" href=\"https:\/\/spawlab.pl\/en\/produkt\/migatronic-extension-socket-35-50-mm%c2%b2-female\/\" \/>\n<meta property=\"og:locale\" content=\"en_US\" \/>\n<meta property=\"og:type\" content=\"article\" \/>\n<meta property=\"og:title\" content=\"Migatronic Extension socket 35-50 mm\u00b2 female\" \/>\n<meta property=\"og:description\" content=\"Lider sprzeda\u017cy, Oficjalny Dystrybutor Premium i Serwis na Polsk\u0119 Migatronic, Gys, Voestalpine Bohler Welding. Nowe i u\u017cywane Spawarki, Przecinarki Plazmowe, Kompresory. Mgr in\u017c. Jaros\u0142aw Ko\u0142aski, IWE\" \/>\n<meta property=\"og:url\" content=\"https:\/\/spawlab.pl\/en\/produkt\/migatronic-extension-socket-35-50-mm%c2%b2-female\/\" \/>\n<meta property=\"og:site_name\" content=\"SpawLab - Welding equipment and plasma cutters - store and service\" \/>\n<meta property=\"article:publisher\" content=\"https:\/\/www.facebook.com\/Spawlab\/\" \/>\n<meta property=\"og:image\" content=\"https:\/\/spawlab.pl\/wp-content\/uploads\/2025\/02\/18119102.jpg\" \/>\n\t<meta property=\"og:image:width\" content=\"500\" \/>\n\t<meta property=\"og:image:height\" content=\"500\" \/>\n\t<meta property=\"og:image:type\" content=\"image\/jpeg\" \/>\n<meta name=\"twitter:label1\" content=\"Price\" \/>\n\t<meta name=\"twitter:data1\" content=\"47,55&nbsp;&#122;&#322; (38,66&nbsp;&#122;&#322; netto)\" \/>\n\t<meta name=\"twitter:label2\" content=\"Availability\" \/>\n\t<meta name=\"twitter:data2\" content=\"On backorder\" \/>\n<script type=\"application\/ld+json\" class=\"yoast-schema-graph\">{\"@context\":\"https:\\\/\\\/schema.org\",\"@graph\":[{\"@type\":[\"WebPage\",\"ItemPage\"],\"@id\":\"https:\\\/\\\/spawlab.pl\\\/en\\\/produkt\\\/migatronic-extension-socket-35-50-mm%c2%b2-female\\\/\",\"url\":\"https:\\\/\\\/spawlab.pl\\\/en\\\/produkt\\\/migatronic-extension-socket-35-50-mm%c2%b2-female\\\/\",\"name\":\"Migatronic Extension socket 35-50 mm\u00b2 female - SpawLab - Welding equipment and plasma cutters - store and service\",\"isPartOf\":{\"@id\":\"https:\\\/\\\/spawlab.pl\\\/en\\\/#website\"},\"primaryImageOfPage\":{\"@id\":\"https:\\\/\\\/spawlab.pl\\\/en\\\/produkt\\\/migatronic-extension-socket-35-50-mm%c2%b2-female\\\/#primaryimage\"},\"image\":{\"@id\":\"https:\\\/\\\/spawlab.pl\\\/en\\\/produkt\\\/migatronic-extension-socket-35-50-mm%c2%b2-female\\\/#primaryimage\"},\"thumbnailUrl\":\"https:\\\/\\\/spawlab.pl\\\/wp-content\\\/uploads\\\/2025\\\/02\\\/18119102.jpg\",\"datePublished\":\"2025-03-11T09:26:21+00:00\",\"description\":\"Lider sprzeda\u017cy, Oficjalny Dystrybutor Premium i Serwis na Polsk\u0119 Migatronic, Gys, Voestalpine Bohler Welding. Nowe i u\u017cywane Spawarki, Przecinarki Plazmowe, Kompresory. Mgr in\u017c. Jaros\u0142aw Ko\u0142aski, IWE\",\"breadcrumb\":{\"@id\":\"https:\\\/\\\/spawlab.pl\\\/en\\\/produkt\\\/migatronic-extension-socket-35-50-mm%c2%b2-female\\\/#breadcrumb\"},\"inLanguage\":\"en-US\",\"potentialAction\":[{\"@type\":\"ReadAction\",\"target\":[\"https:\\\/\\\/spawlab.pl\\\/en\\\/produkt\\\/migatronic-extension-socket-35-50-mm%c2%b2-female\\\/\"]}]},{\"@type\":\"ImageObject\",\"inLanguage\":\"en-US\",\"@id\":\"https:\\\/\\\/spawlab.pl\\\/en\\\/produkt\\\/migatronic-extension-socket-35-50-mm%c2%b2-female\\\/#primaryimage\",\"url\":\"https:\\\/\\\/spawlab.pl\\\/wp-content\\\/uploads\\\/2025\\\/02\\\/18119102.jpg\",\"contentUrl\":\"https:\\\/\\\/spawlab.pl\\\/wp-content\\\/uploads\\\/2025\\\/02\\\/18119102.jpg\",\"width\":500,\"height\":500},{\"@type\":\"BreadcrumbList\",\"@id\":\"https:\\\/\\\/spawlab.pl\\\/en\\\/produkt\\\/migatronic-extension-socket-35-50-mm%c2%b2-female\\\/#breadcrumb\",\"itemListElement\":[{\"@type\":\"ListItem\",\"position\":1,\"name\":\"Strona g\u0142\u00f3wna\",\"item\":\"https:\\\/\\\/spawlab.pl\\\/en\\\/\"},{\"@type\":\"ListItem\",\"position\":2,\"name\":\"Store\",\"item\":\"https:\\\/\\\/spawlab.pl\\\/en\\\/shop\\\/\"},{\"@type\":\"ListItem\",\"position\":3,\"name\":\"Migatronic Extension socket 35-50 mm\u00b2 female\"}]},{\"@type\":\"WebSite\",\"@id\":\"https:\\\/\\\/spawlab.pl\\\/en\\\/#website\",\"url\":\"https:\\\/\\\/spawlab.pl\\\/en\\\/\",\"name\":\"Spawlab.pl Lider - Spawarki, Przecinarki Plazmowe, Kompresory\",\"description\":\"Urz\u0105dzenia spawalnicze i Przecinarki plazmowe\\\/ nowe i u\u017cywane \\\/ Profesjonalny serwis\",\"publisher\":{\"@id\":\"https:\\\/\\\/spawlab.pl\\\/en\\\/#organization\"},\"alternateName\":\"Spawlab.pl - Dystrybutor Premium i Serwis na Polske Migatronic, Gys, Voestalpine Bohler Welding\",\"potentialAction\":[{\"@type\":\"SearchAction\",\"target\":{\"@type\":\"EntryPoint\",\"urlTemplate\":\"https:\\\/\\\/spawlab.pl\\\/en\\\/?s={search_term_string}\"},\"query-input\":{\"@type\":\"PropertyValueSpecification\",\"valueRequired\":true,\"valueName\":\"search_term_string\"}}],\"inLanguage\":\"en-US\"},{\"@type\":[\"Organization\",\"Place\"],\"@id\":\"https:\\\/\\\/spawlab.pl\\\/en\\\/#organization\",\"name\":\"Spawlab.pl\",\"url\":\"https:\\\/\\\/spawlab.pl\\\/en\\\/\",\"logo\":{\"@id\":\"https:\\\/\\\/spawlab.pl\\\/en\\\/produkt\\\/migatronic-extension-socket-35-50-mm%c2%b2-female\\\/#local-main-organization-logo\"},\"image\":{\"@id\":\"https:\\\/\\\/spawlab.pl\\\/en\\\/produkt\\\/migatronic-extension-socket-35-50-mm%c2%b2-female\\\/#local-main-organization-logo\"},\"sameAs\":[\"https:\\\/\\\/www.facebook.com\\\/Spawlab\\\/\",\"https:\\\/\\\/www.linkedin.com\\\/company\\\/spawlab\",\"https:\\\/\\\/www.instagram.com\\\/spawlab.pl\",\"https:\\\/\\\/www.tiktok.com\\\/@spawlab\"],\"description\":\"Lider sprzeda\u017cy, Oficjalny Dystrybutor Premium i Serwis na Polsk\u0119 Migatronic, Gys, Voestalpine Bohler Welding. Nowe i u\u017cywane Spawarki, Przecinarki Plazmowe, Kompresory. Mgr in\u017c. Jaros\u0142aw Ko\u0142aski, IWE\",\"hasMerchantReturnPolicy\":{\"@type\":\"MerchantReturnPolicy\",\"merchantReturnLink\":\"https:\\\/\\\/spawlab.pl\\\/polityka-prywatnosci-2\\\/\"},\"telephone\":[],\"openingHoursSpecification\":[{\"@type\":\"OpeningHoursSpecification\",\"dayOfWeek\":[\"Monday\",\"Tuesday\",\"Wednesday\",\"Thursday\",\"Friday\",\"Saturday\",\"Sunday\"],\"opens\":\"09:00\",\"closes\":\"17:00\"}]},{\"@type\":\"ImageObject\",\"inLanguage\":\"en-US\",\"@id\":\"https:\\\/\\\/spawlab.pl\\\/en\\\/produkt\\\/migatronic-extension-socket-35-50-mm%c2%b2-female\\\/#local-main-organization-logo\",\"url\":\"https:\\\/\\\/spawlab.pl\\\/wp-content\\\/uploads\\\/2022\\\/01\\\/olx.jpg\",\"contentUrl\":\"https:\\\/\\\/spawlab.pl\\\/wp-content\\\/uploads\\\/2022\\\/01\\\/olx.jpg\",\"width\":200,\"height\":200,\"caption\":\"Spawlab.pl\"}]}<\/script>\n<meta property=\"product:price:amount\" content=\"47.55\" \/>\n<meta property=\"product:price:currency\" content=\"PLN\" \/>\n<meta property=\"og:availability\" content=\"backorder\" \/>\n<meta property=\"product:availability\" content=\"available for order\" \/>\n<meta property=\"product:condition\" content=\"new\" \/>\n<!-- \/ Yoast SEO Premium plugin. -->","yoast_head_json":{"title":"Migatronic Extension socket 35-50 mm\u00b2 female - SpawLab - Welding equipment and plasma cutters - store and service","description":"Lider sprzeda\u017cy, Oficjalny Dystrybutor Premium i Serwis na Polsk\u0119 Migatronic, Gys, Voestalpine Bohler Welding. Nowe i u\u017cywane Spawarki, Przecinarki Plazmowe, Kompresory. Mgr in\u017c. Jaros\u0142aw Ko\u0142aski, IWE","robots":{"index":"index","follow":"follow","max-snippet":"max-snippet:-1","max-image-preview":"max-image-preview:large","max-video-preview":"max-video-preview:-1"},"canonical":"https:\/\/spawlab.pl\/en\/produkt\/migatronic-extension-socket-35-50-mm%c2%b2-female\/","og_locale":"en_US","og_type":"article","og_title":"Migatronic Extension socket 35-50 mm\u00b2 female","og_description":"Lider sprzeda\u017cy, Oficjalny Dystrybutor Premium i Serwis na Polsk\u0119 Migatronic, Gys, Voestalpine Bohler Welding. Nowe i u\u017cywane Spawarki, Przecinarki Plazmowe, Kompresory. Mgr in\u017c. Jaros\u0142aw Ko\u0142aski, IWE","og_url":"https:\/\/spawlab.pl\/en\/produkt\/migatronic-extension-socket-35-50-mm%c2%b2-female\/","og_site_name":"SpawLab - Welding equipment and plasma cutters - store and service","article_publisher":"https:\/\/www.facebook.com\/Spawlab\/","og_image":[{"width":500,"height":500,"url":"https:\/\/spawlab.pl\/wp-content\/uploads\/2025\/02\/18119102.jpg","type":"image\/jpeg"}],"twitter_misc":{"Price":"47,55&nbsp;&#122;&#322; (38,66&nbsp;&#122;&#322; netto)","Availability":"On backorder"},"schema":{"@context":"https:\/\/schema.org","@graph":[{"@type":["WebPage","ItemPage"],"@id":"https:\/\/spawlab.pl\/en\/produkt\/migatronic-extension-socket-35-50-mm%c2%b2-female\/","url":"https:\/\/spawlab.pl\/en\/produkt\/migatronic-extension-socket-35-50-mm%c2%b2-female\/","name":"Migatronic Extension socket 35-50 mm\u00b2 female - SpawLab - Welding equipment and plasma cutters - store and service","isPartOf":{"@id":"https:\/\/spawlab.pl\/en\/#website"},"primaryImageOfPage":{"@id":"https:\/\/spawlab.pl\/en\/produkt\/migatronic-extension-socket-35-50-mm%c2%b2-female\/#primaryimage"},"image":{"@id":"https:\/\/spawlab.pl\/en\/produkt\/migatronic-extension-socket-35-50-mm%c2%b2-female\/#primaryimage"},"thumbnailUrl":"https:\/\/spawlab.pl\/wp-content\/uploads\/2025\/02\/18119102.jpg","datePublished":"2025-03-11T09:26:21+00:00","description":"Lider sprzeda\u017cy, Oficjalny Dystrybutor Premium i Serwis na Polsk\u0119 Migatronic, Gys, Voestalpine Bohler Welding. Nowe i u\u017cywane Spawarki, Przecinarki Plazmowe, Kompresory. Mgr in\u017c. Jaros\u0142aw Ko\u0142aski, IWE","breadcrumb":{"@id":"https:\/\/spawlab.pl\/en\/produkt\/migatronic-extension-socket-35-50-mm%c2%b2-female\/#breadcrumb"},"inLanguage":"en-US","potentialAction":[{"@type":"ReadAction","target":["https:\/\/spawlab.pl\/en\/produkt\/migatronic-extension-socket-35-50-mm%c2%b2-female\/"]}]},{"@type":"ImageObject","inLanguage":"en-US","@id":"https:\/\/spawlab.pl\/en\/produkt\/migatronic-extension-socket-35-50-mm%c2%b2-female\/#primaryimage","url":"https:\/\/spawlab.pl\/wp-content\/uploads\/2025\/02\/18119102.jpg","contentUrl":"https:\/\/spawlab.pl\/wp-content\/uploads\/2025\/02\/18119102.jpg","width":500,"height":500},{"@type":"BreadcrumbList","@id":"https:\/\/spawlab.pl\/en\/produkt\/migatronic-extension-socket-35-50-mm%c2%b2-female\/#breadcrumb","itemListElement":[{"@type":"ListItem","position":1,"name":"Strona g\u0142\u00f3wna","item":"https:\/\/spawlab.pl\/en\/"},{"@type":"ListItem","position":2,"name":"Store","item":"https:\/\/spawlab.pl\/en\/shop\/"},{"@type":"ListItem","position":3,"name":"Migatronic Extension socket 35-50 mm\u00b2 female"}]},{"@type":"WebSite","@id":"https:\/\/spawlab.pl\/en\/#website","url":"https:\/\/spawlab.pl\/en\/","name":"Spawlab.pl Lider - Spawarki, Przecinarki Plazmowe, Kompresory","description":"Urz\u0105dzenia spawalnicze i Przecinarki plazmowe\/ nowe i u\u017cywane \/ Profesjonalny serwis","publisher":{"@id":"https:\/\/spawlab.pl\/en\/#organization"},"alternateName":"Spawlab.pl - Dystrybutor Premium i Serwis na Polske Migatronic, Gys, Voestalpine Bohler Welding","potentialAction":[{"@type":"SearchAction","target":{"@type":"EntryPoint","urlTemplate":"https:\/\/spawlab.pl\/en\/?s={search_term_string}"},"query-input":{"@type":"PropertyValueSpecification","valueRequired":true,"valueName":"search_term_string"}}],"inLanguage":"en-US"},{"@type":["Organization","Place"],"@id":"https:\/\/spawlab.pl\/en\/#organization","name":"Spawlab.pl","url":"https:\/\/spawlab.pl\/en\/","logo":{"@id":"https:\/\/spawlab.pl\/en\/produkt\/migatronic-extension-socket-35-50-mm%c2%b2-female\/#local-main-organization-logo"},"image":{"@id":"https:\/\/spawlab.pl\/en\/produkt\/migatronic-extension-socket-35-50-mm%c2%b2-female\/#local-main-organization-logo"},"sameAs":["https:\/\/www.facebook.com\/Spawlab\/","https:\/\/www.linkedin.com\/company\/spawlab","https:\/\/www.instagram.com\/spawlab.pl","https:\/\/www.tiktok.com\/@spawlab"],"description":"Lider sprzeda\u017cy, Oficjalny Dystrybutor Premium i Serwis na Polsk\u0119 Migatronic, Gys, Voestalpine Bohler Welding. Nowe i u\u017cywane Spawarki, Przecinarki Plazmowe, Kompresory. Mgr in\u017c. Jaros\u0142aw Ko\u0142aski, IWE","hasMerchantReturnPolicy":{"@type":"MerchantReturnPolicy","merchantReturnLink":"https:\/\/spawlab.pl\/polityka-prywatnosci-2\/"},"telephone":[],"openingHoursSpecification":[{"@type":"OpeningHoursSpecification","dayOfWeek":["Monday","Tuesday","Wednesday","Thursday","Friday","Saturday","Sunday"],"opens":"09:00","closes":"17:00"}]},{"@type":"ImageObject","inLanguage":"en-US","@id":"https:\/\/spawlab.pl\/en\/produkt\/migatronic-extension-socket-35-50-mm%c2%b2-female\/#local-main-organization-logo","url":"https:\/\/spawlab.pl\/wp-content\/uploads\/2022\/01\/olx.jpg","contentUrl":"https:\/\/spawlab.pl\/wp-content\/uploads\/2022\/01\/olx.jpg","width":200,"height":200,"caption":"Spawlab.pl"}]},"product_price_amount":"47.55","product_price_currency":"PLN","og_availability":"backorder","product_availability":"available for order","product_condition":"new"},"_links":{"self":[{"href":"https:\/\/spawlab.pl\/en\/wp-json\/wp\/v2\/product\/35964","targetHints":{"allow":["GET"]}}],"collection":[{"href":"https:\/\/spawlab.pl\/en\/wp-json\/wp\/v2\/product"}],"about":[{"href":"https:\/\/spawlab.pl\/en\/wp-json\/wp\/v2\/types\/product"}],"wp:featuredmedia":[{"embeddable":true,"href":"https:\/\/spawlab.pl\/en\/wp-json\/wp\/v2\/media\/21773"}],"wp:attachment":[{"href":"https:\/\/spawlab.pl\/en\/wp-json\/wp\/v2\/media?parent=35964"}],"wp:term":[{"taxonomy":"product_brand","embeddable":true,"href":"https:\/\/spawlab.pl\/en\/wp-json\/wp\/v2\/product_brand?post=35964"},{"taxonomy":"product_cat","embeddable":true,"href":"https:\/\/spawlab.pl\/en\/wp-json\/wp\/v2\/product_cat?post=35964"},{"taxonomy":"product_tag","embeddable":true,"href":"https:\/\/spawlab.pl\/en\/wp-json\/wp\/v2\/product_tag?post=35964"}],"curies":[{"name":"wp","href":"https:\/\/api.w.org\/{rel}","templated":true}]}}