{"id":36327,"date":"2025-03-27T20:50:32","date_gmt":"2025-03-27T19:50:32","guid":{"rendered":"https:\/\/spawlab.pl\/produkt\/airpress-compressor-lmo-5-380-36576\/"},"modified":"2025-03-27T20:50:32","modified_gmt":"2025-03-27T19:50:32","slug":"airpress-compressor-lmo-5-380-36576","status":"publish","type":"product","link":"https:\/\/spawlab.pl\/en\/produkt\/airpress-compressor-lmo-5-380-36576\/","title":{"rendered":"AirPress Compressor LMO 5-380 36576"},"content":{"rendered":"<p class=\"\" data-start=\"44\" data-end=\"458\">AirPress LMO 5-380 compressor is an oil-free twin piston compressor with quiet operation and high efficiency. It is ideal for jobs requiring clean air, such as repairs, workshops or precision pneumatic work. Thanks to its high capacity and maximum pressure of 10 bar, it is able to cope with even more demanding tasks, while maintaining a compact size.  <\/p>\n<h3 class=\"\" data-start=\"460\" data-end=\"486\"><strong data-start=\"464\" data-end=\"484\">Characteristics:<\/strong><\/h3>\n<ul data-start=\"487\" data-end=\"770\">\n<li class=\"\" data-start=\"487\" data-end=\"513\">\n<p class=\"\" data-start=\"489\" data-end=\"513\"><strong data-start=\"489\" data-end=\"497\">Power:<\/strong> 2 hp \/ 1.5 kW<\/p>\n<\/li>\n<li class=\"\" data-start=\"514\" data-end=\"542\">\n<p class=\"\" data-start=\"516\" data-end=\"542\"><strong data-start=\"516\" data-end=\"530\">Capacity:<\/strong> 304 l\/min<\/p>\n<\/li>\n<li class=\"\" data-start=\"543\" data-end=\"575\">\n<p class=\"\" data-start=\"545\" data-end=\"575\"><strong data-start=\"545\" data-end=\"567\">Working pressure:<\/strong> 8 bar<\/p>\n<\/li>\n<li class=\"\" data-start=\"576\" data-end=\"612\">\n<p class=\"\" data-start=\"578\" data-end=\"612\"><strong data-start=\"578\" data-end=\"603\">Maximum pressure:<\/strong> 10 bar<\/p>\n<\/li>\n<li class=\"\" data-start=\"613\" data-end=\"645\">\n<p class=\"\" data-start=\"615\" data-end=\"645\"><strong data-start=\"615\" data-end=\"639\">Tank capacity:<\/strong> 5 l<\/p>\n<\/li>\n<li class=\"\" data-start=\"646\" data-end=\"682\">\n<p class=\"\" data-start=\"648\" data-end=\"682\"><strong data-start=\"648\" data-end=\"662\">Power supply:<\/strong> 230V \/ 50Hz \/ 1Ph<\/p>\n<\/li>\n<li class=\"\" data-start=\"683\" data-end=\"714\">\n<p class=\"\" data-start=\"685\" data-end=\"714\"><strong data-start=\"685\" data-end=\"703\">Noise level:<\/strong> 58 dB(A)<\/p>\n<\/li>\n<\/ul>\n","protected":false},"excerpt":{"rendered":"<p>AirPress LMO 5-380 &#8211; quiet, oil-free compressor 10 bar, 304 l\/min, 5 l. Perfect for precision pneumatic work and repair in workshops. <\/p>\n","protected":false},"featured_media":24194,"template":"","meta":{"inline_featured_image":false},"product_brand":[1038],"product_cat":[15],"product_tag":[],"class_list":{"0":"post-36327","1":"product","2":"type-product","3":"status-publish","4":"has-post-thumbnail","6":"product_brand-airpress","7":"product_cat-kemppi","9":"first","10":"onbackorder","11":"taxable","12":"shipping-taxable","13":"purchasable","14":"product-type-simple"},"yoast_head":"<!-- This site is optimized with the Yoast SEO Premium plugin v27.5 (Yoast SEO v27.6) - https:\/\/yoast.com\/product\/yoast-seo-premium-wordpress\/ -->\n<title>AirPress Compressor LMO 5-380 36576<\/title>\n<meta name=\"description\" content=\"AirPress LMO 5-380 - compact, oil-free 10 bar, 304 l\/min, 5 l compressor. Ideal for jobs requiring clean air, providing high performance and quiet operation.\" \/>\n<meta name=\"robots\" content=\"index, follow, max-snippet:-1, max-image-preview:large, max-video-preview:-1\" \/>\n<link rel=\"canonical\" href=\"https:\/\/spawlab.pl\/en\/produkt\/airpress-compressor-lmo-5-380-36576\/\" \/>\n<meta property=\"og:locale\" content=\"en_US\" \/>\n<meta property=\"og:type\" content=\"article\" \/>\n<meta property=\"og:title\" content=\"AirPress Compressor LMO 5-380 36576\" \/>\n<meta property=\"og:description\" content=\"Lider sprzeda\u017cy, Oficjalny Dystrybutor Premium i Serwis na Polsk\u0119 Migatronic, Gys, Voestalpine Bohler Welding. Nowe i u\u017cywane Spawarki, Przecinarki Plazmowe, Kompresory. Mgr in\u017c. Jaros\u0142aw Ko\u0142aski, IWE\" \/>\n<meta property=\"og:url\" content=\"https:\/\/spawlab.pl\/en\/produkt\/airpress-compressor-lmo-5-380-36576\/\" \/>\n<meta property=\"og:site_name\" content=\"SpawLab - Welding equipment and plasma cutters - store and service\" \/>\n<meta property=\"article:publisher\" content=\"https:\/\/www.facebook.com\/Spawlab\/\" \/>\n<meta property=\"og:image\" content=\"https:\/\/spawlab.pl\/wp-content\/uploads\/2025\/03\/36576_2d_0001_1_1.jpg\" \/>\n\t<meta property=\"og:image:width\" content=\"1200\" \/>\n\t<meta property=\"og:image:height\" content=\"1200\" \/>\n\t<meta property=\"og:image:type\" content=\"image\/jpeg\" \/>\n<meta name=\"twitter:label1\" content=\"Price\" \/>\n\t<meta name=\"twitter:data1\" content=\"3 444,00&nbsp;&#122;&#322; (2 800,00&nbsp;&#122;&#322; netto)\" \/>\n\t<meta name=\"twitter:label2\" content=\"Availability\" \/>\n\t<meta name=\"twitter:data2\" content=\"On backorder\" \/>\n<script type=\"application\/ld+json\" class=\"yoast-schema-graph\">{\"@context\":\"https:\\\/\\\/schema.org\",\"@graph\":[{\"@type\":[\"WebPage\",\"ItemPage\"],\"@id\":\"https:\\\/\\\/spawlab.pl\\\/en\\\/produkt\\\/airpress-compressor-lmo-5-380-36576\\\/\",\"url\":\"https:\\\/\\\/spawlab.pl\\\/en\\\/produkt\\\/airpress-compressor-lmo-5-380-36576\\\/\",\"name\":\"AirPress Compressor LMO 5-380 36576\",\"isPartOf\":{\"@id\":\"https:\\\/\\\/spawlab.pl\\\/en\\\/#website\"},\"primaryImageOfPage\":{\"@id\":\"https:\\\/\\\/spawlab.pl\\\/en\\\/produkt\\\/airpress-compressor-lmo-5-380-36576\\\/#primaryimage\"},\"image\":{\"@id\":\"https:\\\/\\\/spawlab.pl\\\/en\\\/produkt\\\/airpress-compressor-lmo-5-380-36576\\\/#primaryimage\"},\"thumbnailUrl\":\"https:\\\/\\\/spawlab.pl\\\/wp-content\\\/uploads\\\/2025\\\/03\\\/36576_2d_0001_1_1.jpg\",\"datePublished\":\"2025-03-27T19:50:32+00:00\",\"description\":\"AirPress LMO 5-380 - compact, oil-free 10 bar, 304 l\\\/min, 5 l compressor. Ideal for jobs requiring clean air, providing high performance and quiet operation.\",\"breadcrumb\":{\"@id\":\"https:\\\/\\\/spawlab.pl\\\/en\\\/produkt\\\/airpress-compressor-lmo-5-380-36576\\\/#breadcrumb\"},\"inLanguage\":\"en-US\",\"potentialAction\":[{\"@type\":\"ReadAction\",\"target\":[\"https:\\\/\\\/spawlab.pl\\\/en\\\/produkt\\\/airpress-compressor-lmo-5-380-36576\\\/\"]}]},{\"@type\":\"ImageObject\",\"inLanguage\":\"en-US\",\"@id\":\"https:\\\/\\\/spawlab.pl\\\/en\\\/produkt\\\/airpress-compressor-lmo-5-380-36576\\\/#primaryimage\",\"url\":\"https:\\\/\\\/spawlab.pl\\\/wp-content\\\/uploads\\\/2025\\\/03\\\/36576_2d_0001_1_1.jpg\",\"contentUrl\":\"https:\\\/\\\/spawlab.pl\\\/wp-content\\\/uploads\\\/2025\\\/03\\\/36576_2d_0001_1_1.jpg\",\"width\":1200,\"height\":1200},{\"@type\":\"BreadcrumbList\",\"@id\":\"https:\\\/\\\/spawlab.pl\\\/en\\\/produkt\\\/airpress-compressor-lmo-5-380-36576\\\/#breadcrumb\",\"itemListElement\":[{\"@type\":\"ListItem\",\"position\":1,\"name\":\"Strona g\u0142\u00f3wna\",\"item\":\"https:\\\/\\\/spawlab.pl\\\/en\\\/\"},{\"@type\":\"ListItem\",\"position\":2,\"name\":\"Store\",\"item\":\"https:\\\/\\\/spawlab.pl\\\/en\\\/shop\\\/\"},{\"@type\":\"ListItem\",\"position\":3,\"name\":\"AirPress Compressor LMO 5-380 36576\"}]},{\"@type\":\"WebSite\",\"@id\":\"https:\\\/\\\/spawlab.pl\\\/en\\\/#website\",\"url\":\"https:\\\/\\\/spawlab.pl\\\/en\\\/\",\"name\":\"Spawlab.pl Lider - Spawarki, Przecinarki Plazmowe, Kompresory\",\"description\":\"Urz\u0105dzenia spawalnicze i Przecinarki plazmowe\\\/ nowe i u\u017cywane \\\/ Profesjonalny serwis\",\"publisher\":{\"@id\":\"https:\\\/\\\/spawlab.pl\\\/en\\\/#organization\"},\"alternateName\":\"Spawlab.pl - Dystrybutor Premium i Serwis na Polske Migatronic, Gys, Voestalpine Bohler Welding\",\"potentialAction\":[{\"@type\":\"SearchAction\",\"target\":{\"@type\":\"EntryPoint\",\"urlTemplate\":\"https:\\\/\\\/spawlab.pl\\\/en\\\/?s={search_term_string}\"},\"query-input\":{\"@type\":\"PropertyValueSpecification\",\"valueRequired\":true,\"valueName\":\"search_term_string\"}}],\"inLanguage\":\"en-US\"},{\"@type\":[\"Organization\",\"Place\"],\"@id\":\"https:\\\/\\\/spawlab.pl\\\/en\\\/#organization\",\"name\":\"Spawlab.pl\",\"url\":\"https:\\\/\\\/spawlab.pl\\\/en\\\/\",\"logo\":{\"@id\":\"https:\\\/\\\/spawlab.pl\\\/en\\\/produkt\\\/airpress-compressor-lmo-5-380-36576\\\/#local-main-organization-logo\"},\"image\":{\"@id\":\"https:\\\/\\\/spawlab.pl\\\/en\\\/produkt\\\/airpress-compressor-lmo-5-380-36576\\\/#local-main-organization-logo\"},\"sameAs\":[\"https:\\\/\\\/www.facebook.com\\\/Spawlab\\\/\",\"https:\\\/\\\/www.linkedin.com\\\/company\\\/spawlab\",\"https:\\\/\\\/www.instagram.com\\\/spawlab.pl\",\"https:\\\/\\\/www.tiktok.com\\\/@spawlab\"],\"description\":\"Lider sprzeda\u017cy, Oficjalny Dystrybutor Premium i Serwis na Polsk\u0119 Migatronic, Gys, Voestalpine Bohler Welding. Nowe i u\u017cywane Spawarki, Przecinarki Plazmowe, Kompresory. Mgr in\u017c. Jaros\u0142aw Ko\u0142aski, IWE\",\"hasMerchantReturnPolicy\":{\"@type\":\"MerchantReturnPolicy\",\"merchantReturnLink\":\"https:\\\/\\\/spawlab.pl\\\/polityka-prywatnosci-2\\\/\"},\"telephone\":[],\"openingHoursSpecification\":[{\"@type\":\"OpeningHoursSpecification\",\"dayOfWeek\":[\"Monday\",\"Tuesday\",\"Wednesday\",\"Thursday\",\"Friday\",\"Saturday\",\"Sunday\"],\"opens\":\"09:00\",\"closes\":\"17:00\"}]},{\"@type\":\"ImageObject\",\"inLanguage\":\"en-US\",\"@id\":\"https:\\\/\\\/spawlab.pl\\\/en\\\/produkt\\\/airpress-compressor-lmo-5-380-36576\\\/#local-main-organization-logo\",\"url\":\"https:\\\/\\\/spawlab.pl\\\/wp-content\\\/uploads\\\/2022\\\/01\\\/olx.jpg\",\"contentUrl\":\"https:\\\/\\\/spawlab.pl\\\/wp-content\\\/uploads\\\/2022\\\/01\\\/olx.jpg\",\"width\":200,\"height\":200,\"caption\":\"Spawlab.pl\"}]}<\/script>\n<meta property=\"product:price:amount\" content=\"3444.00\" \/>\n<meta property=\"product:price:currency\" content=\"PLN\" \/>\n<meta property=\"og:availability\" content=\"backorder\" \/>\n<meta property=\"product:availability\" content=\"available for order\" \/>\n<meta property=\"product:retailer_item_id\" content=\"36576\" \/>\n<meta property=\"product:condition\" content=\"new\" \/>\n<!-- \/ Yoast SEO Premium plugin. -->","yoast_head_json":{"title":"AirPress Compressor LMO 5-380 36576","description":"AirPress LMO 5-380 - compact, oil-free 10 bar, 304 l\/min, 5 l compressor. Ideal for jobs requiring clean air, providing high performance and quiet operation.","robots":{"index":"index","follow":"follow","max-snippet":"max-snippet:-1","max-image-preview":"max-image-preview:large","max-video-preview":"max-video-preview:-1"},"canonical":"https:\/\/spawlab.pl\/en\/produkt\/airpress-compressor-lmo-5-380-36576\/","og_locale":"en_US","og_type":"article","og_title":"AirPress Compressor LMO 5-380 36576","og_description":"Lider sprzeda\u017cy, Oficjalny Dystrybutor Premium i Serwis na Polsk\u0119 Migatronic, Gys, Voestalpine Bohler Welding. Nowe i u\u017cywane Spawarki, Przecinarki Plazmowe, Kompresory. Mgr in\u017c. Jaros\u0142aw Ko\u0142aski, IWE","og_url":"https:\/\/spawlab.pl\/en\/produkt\/airpress-compressor-lmo-5-380-36576\/","og_site_name":"SpawLab - Welding equipment and plasma cutters - store and service","article_publisher":"https:\/\/www.facebook.com\/Spawlab\/","og_image":[{"width":1200,"height":1200,"url":"https:\/\/spawlab.pl\/wp-content\/uploads\/2025\/03\/36576_2d_0001_1_1.jpg","type":"image\/jpeg"}],"twitter_misc":{"Price":"3 444,00&nbsp;&#122;&#322; (2 800,00&nbsp;&#122;&#322; netto)","Availability":"On backorder"},"schema":{"@context":"https:\/\/schema.org","@graph":[{"@type":["WebPage","ItemPage"],"@id":"https:\/\/spawlab.pl\/en\/produkt\/airpress-compressor-lmo-5-380-36576\/","url":"https:\/\/spawlab.pl\/en\/produkt\/airpress-compressor-lmo-5-380-36576\/","name":"AirPress Compressor LMO 5-380 36576","isPartOf":{"@id":"https:\/\/spawlab.pl\/en\/#website"},"primaryImageOfPage":{"@id":"https:\/\/spawlab.pl\/en\/produkt\/airpress-compressor-lmo-5-380-36576\/#primaryimage"},"image":{"@id":"https:\/\/spawlab.pl\/en\/produkt\/airpress-compressor-lmo-5-380-36576\/#primaryimage"},"thumbnailUrl":"https:\/\/spawlab.pl\/wp-content\/uploads\/2025\/03\/36576_2d_0001_1_1.jpg","datePublished":"2025-03-27T19:50:32+00:00","description":"AirPress LMO 5-380 - compact, oil-free 10 bar, 304 l\/min, 5 l compressor. Ideal for jobs requiring clean air, providing high performance and quiet operation.","breadcrumb":{"@id":"https:\/\/spawlab.pl\/en\/produkt\/airpress-compressor-lmo-5-380-36576\/#breadcrumb"},"inLanguage":"en-US","potentialAction":[{"@type":"ReadAction","target":["https:\/\/spawlab.pl\/en\/produkt\/airpress-compressor-lmo-5-380-36576\/"]}]},{"@type":"ImageObject","inLanguage":"en-US","@id":"https:\/\/spawlab.pl\/en\/produkt\/airpress-compressor-lmo-5-380-36576\/#primaryimage","url":"https:\/\/spawlab.pl\/wp-content\/uploads\/2025\/03\/36576_2d_0001_1_1.jpg","contentUrl":"https:\/\/spawlab.pl\/wp-content\/uploads\/2025\/03\/36576_2d_0001_1_1.jpg","width":1200,"height":1200},{"@type":"BreadcrumbList","@id":"https:\/\/spawlab.pl\/en\/produkt\/airpress-compressor-lmo-5-380-36576\/#breadcrumb","itemListElement":[{"@type":"ListItem","position":1,"name":"Strona g\u0142\u00f3wna","item":"https:\/\/spawlab.pl\/en\/"},{"@type":"ListItem","position":2,"name":"Store","item":"https:\/\/spawlab.pl\/en\/shop\/"},{"@type":"ListItem","position":3,"name":"AirPress Compressor LMO 5-380 36576"}]},{"@type":"WebSite","@id":"https:\/\/spawlab.pl\/en\/#website","url":"https:\/\/spawlab.pl\/en\/","name":"Spawlab.pl Lider - Spawarki, Przecinarki Plazmowe, Kompresory","description":"Urz\u0105dzenia spawalnicze i Przecinarki plazmowe\/ nowe i u\u017cywane \/ Profesjonalny serwis","publisher":{"@id":"https:\/\/spawlab.pl\/en\/#organization"},"alternateName":"Spawlab.pl - Dystrybutor Premium i Serwis na Polske Migatronic, Gys, Voestalpine Bohler Welding","potentialAction":[{"@type":"SearchAction","target":{"@type":"EntryPoint","urlTemplate":"https:\/\/spawlab.pl\/en\/?s={search_term_string}"},"query-input":{"@type":"PropertyValueSpecification","valueRequired":true,"valueName":"search_term_string"}}],"inLanguage":"en-US"},{"@type":["Organization","Place"],"@id":"https:\/\/spawlab.pl\/en\/#organization","name":"Spawlab.pl","url":"https:\/\/spawlab.pl\/en\/","logo":{"@id":"https:\/\/spawlab.pl\/en\/produkt\/airpress-compressor-lmo-5-380-36576\/#local-main-organization-logo"},"image":{"@id":"https:\/\/spawlab.pl\/en\/produkt\/airpress-compressor-lmo-5-380-36576\/#local-main-organization-logo"},"sameAs":["https:\/\/www.facebook.com\/Spawlab\/","https:\/\/www.linkedin.com\/company\/spawlab","https:\/\/www.instagram.com\/spawlab.pl","https:\/\/www.tiktok.com\/@spawlab"],"description":"Lider sprzeda\u017cy, Oficjalny Dystrybutor Premium i Serwis na Polsk\u0119 Migatronic, Gys, Voestalpine Bohler Welding. Nowe i u\u017cywane Spawarki, Przecinarki Plazmowe, Kompresory. Mgr in\u017c. Jaros\u0142aw Ko\u0142aski, IWE","hasMerchantReturnPolicy":{"@type":"MerchantReturnPolicy","merchantReturnLink":"https:\/\/spawlab.pl\/polityka-prywatnosci-2\/"},"telephone":[],"openingHoursSpecification":[{"@type":"OpeningHoursSpecification","dayOfWeek":["Monday","Tuesday","Wednesday","Thursday","Friday","Saturday","Sunday"],"opens":"09:00","closes":"17:00"}]},{"@type":"ImageObject","inLanguage":"en-US","@id":"https:\/\/spawlab.pl\/en\/produkt\/airpress-compressor-lmo-5-380-36576\/#local-main-organization-logo","url":"https:\/\/spawlab.pl\/wp-content\/uploads\/2022\/01\/olx.jpg","contentUrl":"https:\/\/spawlab.pl\/wp-content\/uploads\/2022\/01\/olx.jpg","width":200,"height":200,"caption":"Spawlab.pl"}]},"product_price_amount":"3444.00","product_price_currency":"PLN","og_availability":"backorder","product_availability":"available for order","product_retailer_item_id":"36576","product_condition":"new"},"_links":{"self":[{"href":"https:\/\/spawlab.pl\/en\/wp-json\/wp\/v2\/product\/36327","targetHints":{"allow":["GET"]}}],"collection":[{"href":"https:\/\/spawlab.pl\/en\/wp-json\/wp\/v2\/product"}],"about":[{"href":"https:\/\/spawlab.pl\/en\/wp-json\/wp\/v2\/types\/product"}],"wp:featuredmedia":[{"embeddable":true,"href":"https:\/\/spawlab.pl\/en\/wp-json\/wp\/v2\/media\/24194"}],"wp:attachment":[{"href":"https:\/\/spawlab.pl\/en\/wp-json\/wp\/v2\/media?parent=36327"}],"wp:term":[{"taxonomy":"product_brand","embeddable":true,"href":"https:\/\/spawlab.pl\/en\/wp-json\/wp\/v2\/product_brand?post=36327"},{"taxonomy":"product_cat","embeddable":true,"href":"https:\/\/spawlab.pl\/en\/wp-json\/wp\/v2\/product_cat?post=36327"},{"taxonomy":"product_tag","embeddable":true,"href":"https:\/\/spawlab.pl\/en\/wp-json\/wp\/v2\/product_tag?post=36327"}],"curies":[{"name":"wp","href":"https:\/\/api.w.org\/{rel}","templated":true}]}}