{"id":36463,"date":"2025-04-03T13:48:41","date_gmt":"2025-04-03T11:48:41","guid":{"rendered":"https:\/\/spawlab.pl\/produkt\/airpress-ecopower-30d-ivr-combi-dry-screw-compressor-36679529-ivr\/"},"modified":"2025-04-03T13:48:41","modified_gmt":"2025-04-03T11:48:41","slug":"airpress-ecopower-30d-ivr-combi-dry-screw-compressor-36679529-ivr","status":"publish","type":"product","link":"https:\/\/spawlab.pl\/en\/produkt\/airpress-ecopower-30d-ivr-combi-dry-screw-compressor-36679529-ivr\/","title":{"rendered":"AirPress Ecopower 30D IVR Combi Dry Screw Compressor 36679529-IVR"},"content":{"rendered":"<p class=\"\" data-start=\"110\" data-end=\"549\">The AirPress Ecopower 30D IVR Combi Dry Screw Compressor is a powerful variable displacement unit ideal for demanding industrial applications. The IVR technology used provides automatic capacity regulation, adjusting the air flow to the actual demand. Thanks to the built-in Combi Dry filtration kit, the unit effectively cleans the air for reliable air quality and energy savings.  <\/p>\n<p class=\"\" data-start=\"551\" data-end=\"571\"><strong data-start=\"551\" data-end=\"571\">Characteristics:<\/strong><\/p>\n<ul data-start=\"572\" data-end=\"764\">\n<li class=\"\" data-start=\"572\" data-end=\"596\">\n<p class=\"\" data-start=\"574\" data-end=\"596\"><strong data-start=\"574\" data-end=\"590\">Motor power:<\/strong> 22 kW<\/p>\n<\/li>\n<li class=\"\" data-start=\"597\" data-end=\"628\">\n<p class=\"\" data-start=\"599\" data-end=\"628\"><strong data-start=\"599\" data-end=\"613\">Capacity:<\/strong> 822-3924 l\/min<\/p>\n<\/li>\n<li class=\"\" data-start=\"629\" data-end=\"660\">\n<p class=\"\" data-start=\"631\" data-end=\"660\"><strong data-start=\"631\" data-end=\"653\">Working pressure:<\/strong> 13 bar<\/p>\n<\/li>\n<li class=\"\" data-start=\"661\" data-end=\"714\">\n<p class=\"\" data-start=\"663\" data-end=\"714\"><strong data-start=\"663\" data-end=\"679\">Technology:<\/strong> Inverter (IVR) &#8211; variable output<\/p>\n<\/li>\n<li class=\"\" data-start=\"715\" data-end=\"764\">\n<p class=\"\" data-start=\"717\" data-end=\"764\"><strong data-start=\"717\" data-end=\"725\">Type:<\/strong> screw compressor with Combi Dry system<\/p>\n<\/li>\n<\/ul>\n","protected":false},"excerpt":{"rendered":"<p>AirPress Ecopower 30D IVR Combi Dry screw compressor, 13 bar, 22 kW, 822-3924 l\/min, energy efficient, with adsorption filter kit.<\/p>\n","protected":false},"featured_media":25855,"template":"","meta":{"inline_featured_image":false},"product_brand":[1038],"product_cat":[15],"product_tag":[],"class_list":{"0":"post-36463","1":"product","2":"type-product","3":"status-publish","4":"has-post-thumbnail","6":"product_brand-airpress","7":"product_cat-kemppi","9":"first","10":"onbackorder","11":"taxable","12":"shipping-taxable","13":"purchasable","14":"product-type-simple"},"yoast_head":"<!-- This site is optimized with the Yoast SEO Premium plugin v27.0 (Yoast SEO v27.3) - https:\/\/yoast.com\/product\/yoast-seo-premium-wordpress\/ -->\n<title>AirPress Ecopower 30D IVR Combi Dry Screw Compressor 36679529-IVR<\/title>\n<meta name=\"description\" content=\"AirPress Ecopower 30D IVR Combi Dry compressor, 13 bar, 22 kW, 822-3924 l\/min. With IVR technology and adsorption filter kit for industry.\" \/>\n<meta name=\"robots\" content=\"index, follow, max-snippet:-1, max-image-preview:large, max-video-preview:-1\" \/>\n<link rel=\"canonical\" href=\"https:\/\/spawlab.pl\/en\/produkt\/airpress-ecopower-30d-ivr-combi-dry-screw-compressor-36679529-ivr\/\" \/>\n<meta property=\"og:locale\" content=\"en_US\" \/>\n<meta property=\"og:type\" content=\"article\" \/>\n<meta property=\"og:title\" content=\"AirPress Ecopower 30D IVR Combi Dry Screw Compressor 36679529-IVR\" \/>\n<meta property=\"og:description\" content=\"Lider sprzeda\u017cy, Oficjalny Dystrybutor Premium i Serwis na Polsk\u0119 Migatronic, Gys, Voestalpine Bohler Welding. Nowe i u\u017cywane Spawarki, Przecinarki Plazmowe, Kompresory. Mgr in\u017c. Jaros\u0142aw Ko\u0142aski, IWE\" \/>\n<meta property=\"og:url\" content=\"https:\/\/spawlab.pl\/en\/produkt\/airpress-ecopower-30d-ivr-combi-dry-screw-compressor-36679529-ivr\/\" \/>\n<meta property=\"og:site_name\" content=\"SpawLab - Welding equipment and plasma cutters - store and service\" \/>\n<meta property=\"article:publisher\" content=\"https:\/\/www.facebook.com\/Spawlab\/\" \/>\n<meta property=\"og:image\" content=\"https:\/\/spawlab.pl\/wp-content\/uploads\/2025\/04\/36679529-ivr_03.jpg\" \/>\n\t<meta property=\"og:image:width\" content=\"2000\" \/>\n\t<meta property=\"og:image:height\" content=\"1987\" \/>\n\t<meta property=\"og:image:type\" content=\"image\/jpeg\" \/>\n<meta name=\"twitter:label1\" content=\"Price\" \/>\n\t<meta name=\"twitter:data1\" content=\"79 953,51&nbsp;&#122;&#322; (65 002,85&nbsp;&#122;&#322; netto)\" \/>\n\t<meta name=\"twitter:label2\" content=\"Availability\" \/>\n\t<meta name=\"twitter:data2\" content=\"On backorder\" \/>\n<script type=\"application\/ld+json\" class=\"yoast-schema-graph\">{\"@context\":\"https:\\\/\\\/schema.org\",\"@graph\":[{\"@type\":[\"WebPage\",\"ItemPage\"],\"@id\":\"https:\\\/\\\/spawlab.pl\\\/en\\\/produkt\\\/airpress-ecopower-30d-ivr-combi-dry-screw-compressor-36679529-ivr\\\/\",\"url\":\"https:\\\/\\\/spawlab.pl\\\/en\\\/produkt\\\/airpress-ecopower-30d-ivr-combi-dry-screw-compressor-36679529-ivr\\\/\",\"name\":\"AirPress Ecopower 30D IVR Combi Dry Screw Compressor 36679529-IVR\",\"isPartOf\":{\"@id\":\"https:\\\/\\\/spawlab.pl\\\/en\\\/#website\"},\"primaryImageOfPage\":{\"@id\":\"https:\\\/\\\/spawlab.pl\\\/en\\\/produkt\\\/airpress-ecopower-30d-ivr-combi-dry-screw-compressor-36679529-ivr\\\/#primaryimage\"},\"image\":{\"@id\":\"https:\\\/\\\/spawlab.pl\\\/en\\\/produkt\\\/airpress-ecopower-30d-ivr-combi-dry-screw-compressor-36679529-ivr\\\/#primaryimage\"},\"thumbnailUrl\":\"https:\\\/\\\/spawlab.pl\\\/wp-content\\\/uploads\\\/2025\\\/04\\\/36679529-ivr_03.jpg\",\"datePublished\":\"2025-04-03T11:48:41+00:00\",\"description\":\"AirPress Ecopower 30D IVR Combi Dry compressor, 13 bar, 22 kW, 822-3924 l\\\/min. With IVR technology and adsorption filter kit for industry.\",\"breadcrumb\":{\"@id\":\"https:\\\/\\\/spawlab.pl\\\/en\\\/produkt\\\/airpress-ecopower-30d-ivr-combi-dry-screw-compressor-36679529-ivr\\\/#breadcrumb\"},\"inLanguage\":\"en-US\",\"potentialAction\":[{\"@type\":\"ReadAction\",\"target\":[\"https:\\\/\\\/spawlab.pl\\\/en\\\/produkt\\\/airpress-ecopower-30d-ivr-combi-dry-screw-compressor-36679529-ivr\\\/\"]}]},{\"@type\":\"ImageObject\",\"inLanguage\":\"en-US\",\"@id\":\"https:\\\/\\\/spawlab.pl\\\/en\\\/produkt\\\/airpress-ecopower-30d-ivr-combi-dry-screw-compressor-36679529-ivr\\\/#primaryimage\",\"url\":\"https:\\\/\\\/spawlab.pl\\\/wp-content\\\/uploads\\\/2025\\\/04\\\/36679529-ivr_03.jpg\",\"contentUrl\":\"https:\\\/\\\/spawlab.pl\\\/wp-content\\\/uploads\\\/2025\\\/04\\\/36679529-ivr_03.jpg\",\"width\":2000,\"height\":1987},{\"@type\":\"BreadcrumbList\",\"@id\":\"https:\\\/\\\/spawlab.pl\\\/en\\\/produkt\\\/airpress-ecopower-30d-ivr-combi-dry-screw-compressor-36679529-ivr\\\/#breadcrumb\",\"itemListElement\":[{\"@type\":\"ListItem\",\"position\":1,\"name\":\"Strona g\u0142\u00f3wna\",\"item\":\"https:\\\/\\\/spawlab.pl\\\/en\\\/\"},{\"@type\":\"ListItem\",\"position\":2,\"name\":\"Store\",\"item\":\"https:\\\/\\\/spawlab.pl\\\/en\\\/shop\\\/\"},{\"@type\":\"ListItem\",\"position\":3,\"name\":\"AirPress Ecopower 30D IVR Combi Dry Screw Compressor 36679529-IVR\"}]},{\"@type\":\"WebSite\",\"@id\":\"https:\\\/\\\/spawlab.pl\\\/en\\\/#website\",\"url\":\"https:\\\/\\\/spawlab.pl\\\/en\\\/\",\"name\":\"Spawlab.pl Lider - Spawarki, Przecinarki Plazmowe, Kompresory\",\"description\":\"Urz\u0105dzenia spawalnicze i Przecinarki plazmowe\\\/ nowe i u\u017cywane \\\/ Profesjonalny serwis\",\"publisher\":{\"@id\":\"https:\\\/\\\/spawlab.pl\\\/en\\\/#organization\"},\"alternateName\":\"Spawlab.pl - Dystrybutor Premium i Serwis na Polske Migatronic, Gys, Voestalpine Bohler Welding\",\"potentialAction\":[{\"@type\":\"SearchAction\",\"target\":{\"@type\":\"EntryPoint\",\"urlTemplate\":\"https:\\\/\\\/spawlab.pl\\\/en\\\/?s={search_term_string}\"},\"query-input\":{\"@type\":\"PropertyValueSpecification\",\"valueRequired\":true,\"valueName\":\"search_term_string\"}}],\"inLanguage\":\"en-US\"},{\"@type\":[\"Organization\",\"Place\"],\"@id\":\"https:\\\/\\\/spawlab.pl\\\/en\\\/#organization\",\"name\":\"Spawlab.pl\",\"url\":\"https:\\\/\\\/spawlab.pl\\\/en\\\/\",\"logo\":{\"@id\":\"https:\\\/\\\/spawlab.pl\\\/en\\\/produkt\\\/airpress-ecopower-30d-ivr-combi-dry-screw-compressor-36679529-ivr\\\/#local-main-organization-logo\"},\"image\":{\"@id\":\"https:\\\/\\\/spawlab.pl\\\/en\\\/produkt\\\/airpress-ecopower-30d-ivr-combi-dry-screw-compressor-36679529-ivr\\\/#local-main-organization-logo\"},\"sameAs\":[\"https:\\\/\\\/www.facebook.com\\\/Spawlab\\\/\",\"https:\\\/\\\/www.linkedin.com\\\/company\\\/spawlab\",\"https:\\\/\\\/www.instagram.com\\\/spawlab.pl\",\"https:\\\/\\\/www.tiktok.com\\\/@spawlab\"],\"description\":\"Lider sprzeda\u017cy, Oficjalny Dystrybutor Premium i Serwis na Polsk\u0119 Migatronic, Gys, Voestalpine Bohler Welding. Nowe i u\u017cywane Spawarki, Przecinarki Plazmowe, Kompresory. Mgr in\u017c. Jaros\u0142aw Ko\u0142aski, IWE\",\"hasMerchantReturnPolicy\":{\"@type\":\"MerchantReturnPolicy\",\"merchantReturnLink\":\"https:\\\/\\\/spawlab.pl\\\/polityka-prywatnosci-2\\\/\"},\"telephone\":[],\"openingHoursSpecification\":[{\"@type\":\"OpeningHoursSpecification\",\"dayOfWeek\":[\"Monday\",\"Tuesday\",\"Wednesday\",\"Thursday\",\"Friday\",\"Saturday\",\"Sunday\"],\"opens\":\"09:00\",\"closes\":\"17:00\"}]},{\"@type\":\"ImageObject\",\"inLanguage\":\"en-US\",\"@id\":\"https:\\\/\\\/spawlab.pl\\\/en\\\/produkt\\\/airpress-ecopower-30d-ivr-combi-dry-screw-compressor-36679529-ivr\\\/#local-main-organization-logo\",\"url\":\"https:\\\/\\\/spawlab.pl\\\/wp-content\\\/uploads\\\/2022\\\/01\\\/olx.jpg\",\"contentUrl\":\"https:\\\/\\\/spawlab.pl\\\/wp-content\\\/uploads\\\/2022\\\/01\\\/olx.jpg\",\"width\":200,\"height\":200,\"caption\":\"Spawlab.pl\"}]}<\/script>\n<meta property=\"product:price:amount\" content=\"79953.51\" \/>\n<meta property=\"product:price:currency\" content=\"PLN\" \/>\n<meta property=\"og:availability\" content=\"backorder\" \/>\n<meta property=\"product:availability\" content=\"available for order\" \/>\n<meta property=\"product:retailer_item_id\" content=\"36679529-IVR\" \/>\n<meta property=\"product:condition\" content=\"new\" \/>\n<!-- \/ Yoast SEO Premium plugin. -->","yoast_head_json":{"title":"AirPress Ecopower 30D IVR Combi Dry Screw Compressor 36679529-IVR","description":"AirPress Ecopower 30D IVR Combi Dry compressor, 13 bar, 22 kW, 822-3924 l\/min. With IVR technology and adsorption filter kit for industry.","robots":{"index":"index","follow":"follow","max-snippet":"max-snippet:-1","max-image-preview":"max-image-preview:large","max-video-preview":"max-video-preview:-1"},"canonical":"https:\/\/spawlab.pl\/en\/produkt\/airpress-ecopower-30d-ivr-combi-dry-screw-compressor-36679529-ivr\/","og_locale":"en_US","og_type":"article","og_title":"AirPress Ecopower 30D IVR Combi Dry Screw Compressor 36679529-IVR","og_description":"Lider sprzeda\u017cy, Oficjalny Dystrybutor Premium i Serwis na Polsk\u0119 Migatronic, Gys, Voestalpine Bohler Welding. Nowe i u\u017cywane Spawarki, Przecinarki Plazmowe, Kompresory. Mgr in\u017c. Jaros\u0142aw Ko\u0142aski, IWE","og_url":"https:\/\/spawlab.pl\/en\/produkt\/airpress-ecopower-30d-ivr-combi-dry-screw-compressor-36679529-ivr\/","og_site_name":"SpawLab - Welding equipment and plasma cutters - store and service","article_publisher":"https:\/\/www.facebook.com\/Spawlab\/","og_image":[{"width":2000,"height":1987,"url":"https:\/\/spawlab.pl\/wp-content\/uploads\/2025\/04\/36679529-ivr_03.jpg","type":"image\/jpeg"}],"twitter_misc":{"Price":"79 953,51&nbsp;&#122;&#322; (65 002,85&nbsp;&#122;&#322; netto)","Availability":"On backorder"},"schema":{"@context":"https:\/\/schema.org","@graph":[{"@type":["WebPage","ItemPage"],"@id":"https:\/\/spawlab.pl\/en\/produkt\/airpress-ecopower-30d-ivr-combi-dry-screw-compressor-36679529-ivr\/","url":"https:\/\/spawlab.pl\/en\/produkt\/airpress-ecopower-30d-ivr-combi-dry-screw-compressor-36679529-ivr\/","name":"AirPress Ecopower 30D IVR Combi Dry Screw Compressor 36679529-IVR","isPartOf":{"@id":"https:\/\/spawlab.pl\/en\/#website"},"primaryImageOfPage":{"@id":"https:\/\/spawlab.pl\/en\/produkt\/airpress-ecopower-30d-ivr-combi-dry-screw-compressor-36679529-ivr\/#primaryimage"},"image":{"@id":"https:\/\/spawlab.pl\/en\/produkt\/airpress-ecopower-30d-ivr-combi-dry-screw-compressor-36679529-ivr\/#primaryimage"},"thumbnailUrl":"https:\/\/spawlab.pl\/wp-content\/uploads\/2025\/04\/36679529-ivr_03.jpg","datePublished":"2025-04-03T11:48:41+00:00","description":"AirPress Ecopower 30D IVR Combi Dry compressor, 13 bar, 22 kW, 822-3924 l\/min. With IVR technology and adsorption filter kit for industry.","breadcrumb":{"@id":"https:\/\/spawlab.pl\/en\/produkt\/airpress-ecopower-30d-ivr-combi-dry-screw-compressor-36679529-ivr\/#breadcrumb"},"inLanguage":"en-US","potentialAction":[{"@type":"ReadAction","target":["https:\/\/spawlab.pl\/en\/produkt\/airpress-ecopower-30d-ivr-combi-dry-screw-compressor-36679529-ivr\/"]}]},{"@type":"ImageObject","inLanguage":"en-US","@id":"https:\/\/spawlab.pl\/en\/produkt\/airpress-ecopower-30d-ivr-combi-dry-screw-compressor-36679529-ivr\/#primaryimage","url":"https:\/\/spawlab.pl\/wp-content\/uploads\/2025\/04\/36679529-ivr_03.jpg","contentUrl":"https:\/\/spawlab.pl\/wp-content\/uploads\/2025\/04\/36679529-ivr_03.jpg","width":2000,"height":1987},{"@type":"BreadcrumbList","@id":"https:\/\/spawlab.pl\/en\/produkt\/airpress-ecopower-30d-ivr-combi-dry-screw-compressor-36679529-ivr\/#breadcrumb","itemListElement":[{"@type":"ListItem","position":1,"name":"Strona g\u0142\u00f3wna","item":"https:\/\/spawlab.pl\/en\/"},{"@type":"ListItem","position":2,"name":"Store","item":"https:\/\/spawlab.pl\/en\/shop\/"},{"@type":"ListItem","position":3,"name":"AirPress Ecopower 30D IVR Combi Dry Screw Compressor 36679529-IVR"}]},{"@type":"WebSite","@id":"https:\/\/spawlab.pl\/en\/#website","url":"https:\/\/spawlab.pl\/en\/","name":"Spawlab.pl Lider - Spawarki, Przecinarki Plazmowe, Kompresory","description":"Urz\u0105dzenia spawalnicze i Przecinarki plazmowe\/ nowe i u\u017cywane \/ Profesjonalny serwis","publisher":{"@id":"https:\/\/spawlab.pl\/en\/#organization"},"alternateName":"Spawlab.pl - Dystrybutor Premium i Serwis na Polske Migatronic, Gys, Voestalpine Bohler Welding","potentialAction":[{"@type":"SearchAction","target":{"@type":"EntryPoint","urlTemplate":"https:\/\/spawlab.pl\/en\/?s={search_term_string}"},"query-input":{"@type":"PropertyValueSpecification","valueRequired":true,"valueName":"search_term_string"}}],"inLanguage":"en-US"},{"@type":["Organization","Place"],"@id":"https:\/\/spawlab.pl\/en\/#organization","name":"Spawlab.pl","url":"https:\/\/spawlab.pl\/en\/","logo":{"@id":"https:\/\/spawlab.pl\/en\/produkt\/airpress-ecopower-30d-ivr-combi-dry-screw-compressor-36679529-ivr\/#local-main-organization-logo"},"image":{"@id":"https:\/\/spawlab.pl\/en\/produkt\/airpress-ecopower-30d-ivr-combi-dry-screw-compressor-36679529-ivr\/#local-main-organization-logo"},"sameAs":["https:\/\/www.facebook.com\/Spawlab\/","https:\/\/www.linkedin.com\/company\/spawlab","https:\/\/www.instagram.com\/spawlab.pl","https:\/\/www.tiktok.com\/@spawlab"],"description":"Lider sprzeda\u017cy, Oficjalny Dystrybutor Premium i Serwis na Polsk\u0119 Migatronic, Gys, Voestalpine Bohler Welding. Nowe i u\u017cywane Spawarki, Przecinarki Plazmowe, Kompresory. Mgr in\u017c. Jaros\u0142aw Ko\u0142aski, IWE","hasMerchantReturnPolicy":{"@type":"MerchantReturnPolicy","merchantReturnLink":"https:\/\/spawlab.pl\/polityka-prywatnosci-2\/"},"telephone":[],"openingHoursSpecification":[{"@type":"OpeningHoursSpecification","dayOfWeek":["Monday","Tuesday","Wednesday","Thursday","Friday","Saturday","Sunday"],"opens":"09:00","closes":"17:00"}]},{"@type":"ImageObject","inLanguage":"en-US","@id":"https:\/\/spawlab.pl\/en\/produkt\/airpress-ecopower-30d-ivr-combi-dry-screw-compressor-36679529-ivr\/#local-main-organization-logo","url":"https:\/\/spawlab.pl\/wp-content\/uploads\/2022\/01\/olx.jpg","contentUrl":"https:\/\/spawlab.pl\/wp-content\/uploads\/2022\/01\/olx.jpg","width":200,"height":200,"caption":"Spawlab.pl"}]},"product_price_amount":"79953.51","product_price_currency":"PLN","og_availability":"backorder","product_availability":"available for order","product_retailer_item_id":"36679529-IVR","product_condition":"new"},"_links":{"self":[{"href":"https:\/\/spawlab.pl\/en\/wp-json\/wp\/v2\/product\/36463","targetHints":{"allow":["GET"]}}],"collection":[{"href":"https:\/\/spawlab.pl\/en\/wp-json\/wp\/v2\/product"}],"about":[{"href":"https:\/\/spawlab.pl\/en\/wp-json\/wp\/v2\/types\/product"}],"wp:featuredmedia":[{"embeddable":true,"href":"https:\/\/spawlab.pl\/en\/wp-json\/wp\/v2\/media\/25855"}],"wp:attachment":[{"href":"https:\/\/spawlab.pl\/en\/wp-json\/wp\/v2\/media?parent=36463"}],"wp:term":[{"taxonomy":"product_brand","embeddable":true,"href":"https:\/\/spawlab.pl\/en\/wp-json\/wp\/v2\/product_brand?post=36463"},{"taxonomy":"product_cat","embeddable":true,"href":"https:\/\/spawlab.pl\/en\/wp-json\/wp\/v2\/product_cat?post=36463"},{"taxonomy":"product_tag","embeddable":true,"href":"https:\/\/spawlab.pl\/en\/wp-json\/wp\/v2\/product_tag?post=36463"}],"curies":[{"name":"wp","href":"https:\/\/api.w.org\/{rel}","templated":true}]}}