{"id":36496,"date":"2025-04-03T13:48:42","date_gmt":"2025-04-03T11:48:42","guid":{"rendered":"https:\/\/spawlab.pl\/produkt\/airpress-ecopower-35d-ivr-combi-dry-screw-compressor-36679534-ivr\/"},"modified":"2025-04-03T13:48:42","modified_gmt":"2025-04-03T11:48:42","slug":"airpress-ecopower-35d-ivr-combi-dry-screw-compressor-36679534-ivr","status":"publish","type":"product","link":"https:\/\/spawlab.pl\/en\/produkt\/airpress-ecopower-35d-ivr-combi-dry-screw-compressor-36679534-ivr\/","title":{"rendered":"AirPress Ecopower 35D IVR Combi Dry Screw Compressor 36679534-IVR"},"content":{"rendered":"<p class=\"\" data-start=\"110\" data-end=\"522\">The AirPress Ecopower 35D IVR Combi Dry screw compressor is an energy-efficient variable displacement unit ideal for industry. With IVR technology, it adjusts the air flow to the current demand for optimal performance and energy savings. It comes with an adsorption filter kit, making it a complete solution for precise air treatment.  <\/p>\n<p class=\"\" data-start=\"524\" data-end=\"544\"><strong data-start=\"524\" data-end=\"544\">Characteristics:<\/strong><\/p>\n<ul data-start=\"545\" data-end=\"737\">\n<li class=\"\" data-start=\"545\" data-end=\"569\">\n<p class=\"\" data-start=\"547\" data-end=\"569\"><strong data-start=\"547\" data-end=\"563\">Engine power:<\/strong> 26 kW<\/p>\n<\/li>\n<li class=\"\" data-start=\"570\" data-end=\"601\">\n<p class=\"\" data-start=\"572\" data-end=\"601\"><strong data-start=\"572\" data-end=\"586\">Capacity:<\/strong> 840-4116 l\/min<\/p>\n<\/li>\n<li class=\"\" data-start=\"602\" data-end=\"633\">\n<p class=\"\" data-start=\"604\" data-end=\"633\"><strong data-start=\"604\" data-end=\"626\">Working pressure:<\/strong> 13 bar<\/p>\n<\/li>\n<li class=\"\" data-start=\"634\" data-end=\"687\">\n<p class=\"\" data-start=\"636\" data-end=\"687\"><strong data-start=\"636\" data-end=\"652\">Technology:<\/strong> Inverter (IVR) &#8211; variable output<\/p>\n<\/li>\n<li class=\"\" data-start=\"688\" data-end=\"737\">\n<p class=\"\" data-start=\"690\" data-end=\"737\"><strong data-start=\"690\" data-end=\"698\">Type:<\/strong> screw compressor with Combi Dry system<\/p>\n<\/li>\n<\/ul>\n","protected":false},"excerpt":{"rendered":"<p>AirPress Ecopower 35D IVR Combi Dry screw compressor, 13 bar, 26 kW, 840-4116 l\/min, energy efficient, with adsorption filter kit.<\/p>\n","protected":false},"featured_media":25850,"template":"","meta":{"inline_featured_image":false},"product_brand":[1038],"product_cat":[15],"product_tag":[],"class_list":{"0":"post-36496","1":"product","2":"type-product","3":"status-publish","4":"has-post-thumbnail","6":"product_brand-airpress","7":"product_cat-kemppi","9":"first","10":"onbackorder","11":"taxable","12":"shipping-taxable","13":"purchasable","14":"product-type-simple"},"yoast_head":"<!-- This site is optimized with the Yoast SEO Premium plugin v27.0 (Yoast SEO v27.3) - https:\/\/yoast.com\/product\/yoast-seo-premium-wordpress\/ -->\n<title>AirPress Ecopower 35D IVR Combi Dry Screw Compressor 36679534-IVR - SpawLab - Welding equipment and plasma cutters - store and service<\/title>\n<meta name=\"description\" content=\"AirPress Ecopower 35D IVR Combi Dry compressor, 13 bar, 26 kW, 840-4116 l\/min. Powerful IVR technology with filter kit for industry.\" \/>\n<meta name=\"robots\" content=\"index, follow, max-snippet:-1, max-image-preview:large, max-video-preview:-1\" \/>\n<link rel=\"canonical\" href=\"https:\/\/spawlab.pl\/en\/produkt\/airpress-ecopower-35d-ivr-combi-dry-screw-compressor-36679534-ivr\/\" \/>\n<meta property=\"og:locale\" content=\"en_US\" \/>\n<meta property=\"og:type\" content=\"article\" \/>\n<meta property=\"og:title\" content=\"AirPress Ecopower 35D IVR Combi Dry Screw Compressor 36679534-IVR\" \/>\n<meta property=\"og:description\" content=\"Lider sprzeda\u017cy, Oficjalny Dystrybutor Premium i Serwis na Polsk\u0119 Migatronic, Gys, Voestalpine Bohler Welding. Nowe i u\u017cywane Spawarki, Przecinarki Plazmowe, Kompresory. Mgr in\u017c. Jaros\u0142aw Ko\u0142aski, IWE\" \/>\n<meta property=\"og:url\" content=\"https:\/\/spawlab.pl\/en\/produkt\/airpress-ecopower-35d-ivr-combi-dry-screw-compressor-36679534-ivr\/\" \/>\n<meta property=\"og:site_name\" content=\"SpawLab - Welding equipment and plasma cutters - store and service\" \/>\n<meta property=\"article:publisher\" content=\"https:\/\/www.facebook.com\/Spawlab\/\" \/>\n<meta property=\"og:image\" content=\"https:\/\/spawlab.pl\/wp-content\/uploads\/2025\/04\/36679534-ivr_04.jpg\" \/>\n\t<meta property=\"og:image:width\" content=\"2000\" \/>\n\t<meta property=\"og:image:height\" content=\"2000\" \/>\n\t<meta property=\"og:image:type\" content=\"image\/jpeg\" \/>\n<meta name=\"twitter:label1\" content=\"Price\" \/>\n\t<meta name=\"twitter:data1\" content=\"81 902,31&nbsp;&#122;&#322; (66 587,24&nbsp;&#122;&#322; netto)\" \/>\n\t<meta name=\"twitter:label2\" content=\"Availability\" \/>\n\t<meta name=\"twitter:data2\" content=\"On backorder\" \/>\n<script type=\"application\/ld+json\" class=\"yoast-schema-graph\">{\"@context\":\"https:\\\/\\\/schema.org\",\"@graph\":[{\"@type\":[\"WebPage\",\"ItemPage\"],\"@id\":\"https:\\\/\\\/spawlab.pl\\\/en\\\/produkt\\\/airpress-ecopower-35d-ivr-combi-dry-screw-compressor-36679534-ivr\\\/\",\"url\":\"https:\\\/\\\/spawlab.pl\\\/en\\\/produkt\\\/airpress-ecopower-35d-ivr-combi-dry-screw-compressor-36679534-ivr\\\/\",\"name\":\"AirPress Ecopower 35D IVR Combi Dry Screw Compressor 36679534-IVR - SpawLab - Welding equipment and plasma cutters - store and service\",\"isPartOf\":{\"@id\":\"https:\\\/\\\/spawlab.pl\\\/en\\\/#website\"},\"primaryImageOfPage\":{\"@id\":\"https:\\\/\\\/spawlab.pl\\\/en\\\/produkt\\\/airpress-ecopower-35d-ivr-combi-dry-screw-compressor-36679534-ivr\\\/#primaryimage\"},\"image\":{\"@id\":\"https:\\\/\\\/spawlab.pl\\\/en\\\/produkt\\\/airpress-ecopower-35d-ivr-combi-dry-screw-compressor-36679534-ivr\\\/#primaryimage\"},\"thumbnailUrl\":\"https:\\\/\\\/spawlab.pl\\\/wp-content\\\/uploads\\\/2025\\\/04\\\/36679534-ivr_04.jpg\",\"datePublished\":\"2025-04-03T11:48:42+00:00\",\"description\":\"AirPress Ecopower 35D IVR Combi Dry compressor, 13 bar, 26 kW, 840-4116 l\\\/min. Powerful IVR technology with filter kit for industry.\",\"breadcrumb\":{\"@id\":\"https:\\\/\\\/spawlab.pl\\\/en\\\/produkt\\\/airpress-ecopower-35d-ivr-combi-dry-screw-compressor-36679534-ivr\\\/#breadcrumb\"},\"inLanguage\":\"en-US\",\"potentialAction\":[{\"@type\":\"ReadAction\",\"target\":[\"https:\\\/\\\/spawlab.pl\\\/en\\\/produkt\\\/airpress-ecopower-35d-ivr-combi-dry-screw-compressor-36679534-ivr\\\/\"]}]},{\"@type\":\"ImageObject\",\"inLanguage\":\"en-US\",\"@id\":\"https:\\\/\\\/spawlab.pl\\\/en\\\/produkt\\\/airpress-ecopower-35d-ivr-combi-dry-screw-compressor-36679534-ivr\\\/#primaryimage\",\"url\":\"https:\\\/\\\/spawlab.pl\\\/wp-content\\\/uploads\\\/2025\\\/04\\\/36679534-ivr_04.jpg\",\"contentUrl\":\"https:\\\/\\\/spawlab.pl\\\/wp-content\\\/uploads\\\/2025\\\/04\\\/36679534-ivr_04.jpg\",\"width\":2000,\"height\":2000},{\"@type\":\"BreadcrumbList\",\"@id\":\"https:\\\/\\\/spawlab.pl\\\/en\\\/produkt\\\/airpress-ecopower-35d-ivr-combi-dry-screw-compressor-36679534-ivr\\\/#breadcrumb\",\"itemListElement\":[{\"@type\":\"ListItem\",\"position\":1,\"name\":\"Strona g\u0142\u00f3wna\",\"item\":\"https:\\\/\\\/spawlab.pl\\\/en\\\/\"},{\"@type\":\"ListItem\",\"position\":2,\"name\":\"Store\",\"item\":\"https:\\\/\\\/spawlab.pl\\\/en\\\/shop\\\/\"},{\"@type\":\"ListItem\",\"position\":3,\"name\":\"AirPress Ecopower 35D IVR Combi Dry Screw Compressor 36679534-IVR\"}]},{\"@type\":\"WebSite\",\"@id\":\"https:\\\/\\\/spawlab.pl\\\/en\\\/#website\",\"url\":\"https:\\\/\\\/spawlab.pl\\\/en\\\/\",\"name\":\"Spawlab.pl Lider - Spawarki, Przecinarki Plazmowe, Kompresory\",\"description\":\"Urz\u0105dzenia spawalnicze i Przecinarki plazmowe\\\/ nowe i u\u017cywane \\\/ Profesjonalny serwis\",\"publisher\":{\"@id\":\"https:\\\/\\\/spawlab.pl\\\/en\\\/#organization\"},\"alternateName\":\"Spawlab.pl - Dystrybutor Premium i Serwis na Polske Migatronic, Gys, Voestalpine Bohler Welding\",\"potentialAction\":[{\"@type\":\"SearchAction\",\"target\":{\"@type\":\"EntryPoint\",\"urlTemplate\":\"https:\\\/\\\/spawlab.pl\\\/en\\\/?s={search_term_string}\"},\"query-input\":{\"@type\":\"PropertyValueSpecification\",\"valueRequired\":true,\"valueName\":\"search_term_string\"}}],\"inLanguage\":\"en-US\"},{\"@type\":[\"Organization\",\"Place\"],\"@id\":\"https:\\\/\\\/spawlab.pl\\\/en\\\/#organization\",\"name\":\"Spawlab.pl\",\"url\":\"https:\\\/\\\/spawlab.pl\\\/en\\\/\",\"logo\":{\"@id\":\"https:\\\/\\\/spawlab.pl\\\/en\\\/produkt\\\/airpress-ecopower-35d-ivr-combi-dry-screw-compressor-36679534-ivr\\\/#local-main-organization-logo\"},\"image\":{\"@id\":\"https:\\\/\\\/spawlab.pl\\\/en\\\/produkt\\\/airpress-ecopower-35d-ivr-combi-dry-screw-compressor-36679534-ivr\\\/#local-main-organization-logo\"},\"sameAs\":[\"https:\\\/\\\/www.facebook.com\\\/Spawlab\\\/\",\"https:\\\/\\\/www.linkedin.com\\\/company\\\/spawlab\",\"https:\\\/\\\/www.instagram.com\\\/spawlab.pl\",\"https:\\\/\\\/www.tiktok.com\\\/@spawlab\"],\"description\":\"Lider sprzeda\u017cy, Oficjalny Dystrybutor Premium i Serwis na Polsk\u0119 Migatronic, Gys, Voestalpine Bohler Welding. Nowe i u\u017cywane Spawarki, Przecinarki Plazmowe, Kompresory. Mgr in\u017c. Jaros\u0142aw Ko\u0142aski, IWE\",\"hasMerchantReturnPolicy\":{\"@type\":\"MerchantReturnPolicy\",\"merchantReturnLink\":\"https:\\\/\\\/spawlab.pl\\\/polityka-prywatnosci-2\\\/\"},\"telephone\":[],\"openingHoursSpecification\":[{\"@type\":\"OpeningHoursSpecification\",\"dayOfWeek\":[\"Monday\",\"Tuesday\",\"Wednesday\",\"Thursday\",\"Friday\",\"Saturday\",\"Sunday\"],\"opens\":\"09:00\",\"closes\":\"17:00\"}]},{\"@type\":\"ImageObject\",\"inLanguage\":\"en-US\",\"@id\":\"https:\\\/\\\/spawlab.pl\\\/en\\\/produkt\\\/airpress-ecopower-35d-ivr-combi-dry-screw-compressor-36679534-ivr\\\/#local-main-organization-logo\",\"url\":\"https:\\\/\\\/spawlab.pl\\\/wp-content\\\/uploads\\\/2022\\\/01\\\/olx.jpg\",\"contentUrl\":\"https:\\\/\\\/spawlab.pl\\\/wp-content\\\/uploads\\\/2022\\\/01\\\/olx.jpg\",\"width\":200,\"height\":200,\"caption\":\"Spawlab.pl\"}]}<\/script>\n<meta property=\"product:price:amount\" content=\"81902.31\" \/>\n<meta property=\"product:price:currency\" content=\"PLN\" \/>\n<meta property=\"og:availability\" content=\"backorder\" \/>\n<meta property=\"product:availability\" content=\"available for order\" \/>\n<meta property=\"product:retailer_item_id\" content=\"36679534-IVR\" \/>\n<meta property=\"product:condition\" content=\"new\" \/>\n<!-- \/ Yoast SEO Premium plugin. -->","yoast_head_json":{"title":"AirPress Ecopower 35D IVR Combi Dry Screw Compressor 36679534-IVR - SpawLab - Welding equipment and plasma cutters - store and service","description":"AirPress Ecopower 35D IVR Combi Dry compressor, 13 bar, 26 kW, 840-4116 l\/min. Powerful IVR technology with filter kit for industry.","robots":{"index":"index","follow":"follow","max-snippet":"max-snippet:-1","max-image-preview":"max-image-preview:large","max-video-preview":"max-video-preview:-1"},"canonical":"https:\/\/spawlab.pl\/en\/produkt\/airpress-ecopower-35d-ivr-combi-dry-screw-compressor-36679534-ivr\/","og_locale":"en_US","og_type":"article","og_title":"AirPress Ecopower 35D IVR Combi Dry Screw Compressor 36679534-IVR","og_description":"Lider sprzeda\u017cy, Oficjalny Dystrybutor Premium i Serwis na Polsk\u0119 Migatronic, Gys, Voestalpine Bohler Welding. Nowe i u\u017cywane Spawarki, Przecinarki Plazmowe, Kompresory. Mgr in\u017c. Jaros\u0142aw Ko\u0142aski, IWE","og_url":"https:\/\/spawlab.pl\/en\/produkt\/airpress-ecopower-35d-ivr-combi-dry-screw-compressor-36679534-ivr\/","og_site_name":"SpawLab - Welding equipment and plasma cutters - store and service","article_publisher":"https:\/\/www.facebook.com\/Spawlab\/","og_image":[{"width":2000,"height":2000,"url":"https:\/\/spawlab.pl\/wp-content\/uploads\/2025\/04\/36679534-ivr_04.jpg","type":"image\/jpeg"}],"twitter_misc":{"Price":"81 902,31&nbsp;&#122;&#322; (66 587,24&nbsp;&#122;&#322; netto)","Availability":"On backorder"},"schema":{"@context":"https:\/\/schema.org","@graph":[{"@type":["WebPage","ItemPage"],"@id":"https:\/\/spawlab.pl\/en\/produkt\/airpress-ecopower-35d-ivr-combi-dry-screw-compressor-36679534-ivr\/","url":"https:\/\/spawlab.pl\/en\/produkt\/airpress-ecopower-35d-ivr-combi-dry-screw-compressor-36679534-ivr\/","name":"AirPress Ecopower 35D IVR Combi Dry Screw Compressor 36679534-IVR - SpawLab - Welding equipment and plasma cutters - store and service","isPartOf":{"@id":"https:\/\/spawlab.pl\/en\/#website"},"primaryImageOfPage":{"@id":"https:\/\/spawlab.pl\/en\/produkt\/airpress-ecopower-35d-ivr-combi-dry-screw-compressor-36679534-ivr\/#primaryimage"},"image":{"@id":"https:\/\/spawlab.pl\/en\/produkt\/airpress-ecopower-35d-ivr-combi-dry-screw-compressor-36679534-ivr\/#primaryimage"},"thumbnailUrl":"https:\/\/spawlab.pl\/wp-content\/uploads\/2025\/04\/36679534-ivr_04.jpg","datePublished":"2025-04-03T11:48:42+00:00","description":"AirPress Ecopower 35D IVR Combi Dry compressor, 13 bar, 26 kW, 840-4116 l\/min. Powerful IVR technology with filter kit for industry.","breadcrumb":{"@id":"https:\/\/spawlab.pl\/en\/produkt\/airpress-ecopower-35d-ivr-combi-dry-screw-compressor-36679534-ivr\/#breadcrumb"},"inLanguage":"en-US","potentialAction":[{"@type":"ReadAction","target":["https:\/\/spawlab.pl\/en\/produkt\/airpress-ecopower-35d-ivr-combi-dry-screw-compressor-36679534-ivr\/"]}]},{"@type":"ImageObject","inLanguage":"en-US","@id":"https:\/\/spawlab.pl\/en\/produkt\/airpress-ecopower-35d-ivr-combi-dry-screw-compressor-36679534-ivr\/#primaryimage","url":"https:\/\/spawlab.pl\/wp-content\/uploads\/2025\/04\/36679534-ivr_04.jpg","contentUrl":"https:\/\/spawlab.pl\/wp-content\/uploads\/2025\/04\/36679534-ivr_04.jpg","width":2000,"height":2000},{"@type":"BreadcrumbList","@id":"https:\/\/spawlab.pl\/en\/produkt\/airpress-ecopower-35d-ivr-combi-dry-screw-compressor-36679534-ivr\/#breadcrumb","itemListElement":[{"@type":"ListItem","position":1,"name":"Strona g\u0142\u00f3wna","item":"https:\/\/spawlab.pl\/en\/"},{"@type":"ListItem","position":2,"name":"Store","item":"https:\/\/spawlab.pl\/en\/shop\/"},{"@type":"ListItem","position":3,"name":"AirPress Ecopower 35D IVR Combi Dry Screw Compressor 36679534-IVR"}]},{"@type":"WebSite","@id":"https:\/\/spawlab.pl\/en\/#website","url":"https:\/\/spawlab.pl\/en\/","name":"Spawlab.pl Lider - Spawarki, Przecinarki Plazmowe, Kompresory","description":"Urz\u0105dzenia spawalnicze i Przecinarki plazmowe\/ nowe i u\u017cywane \/ Profesjonalny serwis","publisher":{"@id":"https:\/\/spawlab.pl\/en\/#organization"},"alternateName":"Spawlab.pl - Dystrybutor Premium i Serwis na Polske Migatronic, Gys, Voestalpine Bohler Welding","potentialAction":[{"@type":"SearchAction","target":{"@type":"EntryPoint","urlTemplate":"https:\/\/spawlab.pl\/en\/?s={search_term_string}"},"query-input":{"@type":"PropertyValueSpecification","valueRequired":true,"valueName":"search_term_string"}}],"inLanguage":"en-US"},{"@type":["Organization","Place"],"@id":"https:\/\/spawlab.pl\/en\/#organization","name":"Spawlab.pl","url":"https:\/\/spawlab.pl\/en\/","logo":{"@id":"https:\/\/spawlab.pl\/en\/produkt\/airpress-ecopower-35d-ivr-combi-dry-screw-compressor-36679534-ivr\/#local-main-organization-logo"},"image":{"@id":"https:\/\/spawlab.pl\/en\/produkt\/airpress-ecopower-35d-ivr-combi-dry-screw-compressor-36679534-ivr\/#local-main-organization-logo"},"sameAs":["https:\/\/www.facebook.com\/Spawlab\/","https:\/\/www.linkedin.com\/company\/spawlab","https:\/\/www.instagram.com\/spawlab.pl","https:\/\/www.tiktok.com\/@spawlab"],"description":"Lider sprzeda\u017cy, Oficjalny Dystrybutor Premium i Serwis na Polsk\u0119 Migatronic, Gys, Voestalpine Bohler Welding. Nowe i u\u017cywane Spawarki, Przecinarki Plazmowe, Kompresory. Mgr in\u017c. Jaros\u0142aw Ko\u0142aski, IWE","hasMerchantReturnPolicy":{"@type":"MerchantReturnPolicy","merchantReturnLink":"https:\/\/spawlab.pl\/polityka-prywatnosci-2\/"},"telephone":[],"openingHoursSpecification":[{"@type":"OpeningHoursSpecification","dayOfWeek":["Monday","Tuesday","Wednesday","Thursday","Friday","Saturday","Sunday"],"opens":"09:00","closes":"17:00"}]},{"@type":"ImageObject","inLanguage":"en-US","@id":"https:\/\/spawlab.pl\/en\/produkt\/airpress-ecopower-35d-ivr-combi-dry-screw-compressor-36679534-ivr\/#local-main-organization-logo","url":"https:\/\/spawlab.pl\/wp-content\/uploads\/2022\/01\/olx.jpg","contentUrl":"https:\/\/spawlab.pl\/wp-content\/uploads\/2022\/01\/olx.jpg","width":200,"height":200,"caption":"Spawlab.pl"}]},"product_price_amount":"81902.31","product_price_currency":"PLN","og_availability":"backorder","product_availability":"available for order","product_retailer_item_id":"36679534-IVR","product_condition":"new"},"_links":{"self":[{"href":"https:\/\/spawlab.pl\/en\/wp-json\/wp\/v2\/product\/36496","targetHints":{"allow":["GET"]}}],"collection":[{"href":"https:\/\/spawlab.pl\/en\/wp-json\/wp\/v2\/product"}],"about":[{"href":"https:\/\/spawlab.pl\/en\/wp-json\/wp\/v2\/types\/product"}],"wp:featuredmedia":[{"embeddable":true,"href":"https:\/\/spawlab.pl\/en\/wp-json\/wp\/v2\/media\/25850"}],"wp:attachment":[{"href":"https:\/\/spawlab.pl\/en\/wp-json\/wp\/v2\/media?parent=36496"}],"wp:term":[{"taxonomy":"product_brand","embeddable":true,"href":"https:\/\/spawlab.pl\/en\/wp-json\/wp\/v2\/product_brand?post=36496"},{"taxonomy":"product_cat","embeddable":true,"href":"https:\/\/spawlab.pl\/en\/wp-json\/wp\/v2\/product_cat?post=36496"},{"taxonomy":"product_tag","embeddable":true,"href":"https:\/\/spawlab.pl\/en\/wp-json\/wp\/v2\/product_tag?post=36496"}],"curies":[{"name":"wp","href":"https:\/\/api.w.org\/{rel}","templated":true}]}}