{"id":36530,"date":"2025-04-03T13:47:58","date_gmt":"2025-04-03T11:47:58","guid":{"rendered":"https:\/\/spawlab.pl\/produkt\/airpress-screw-compressor-aps-7-5-ivr-combi-dry-x-369958-ivr-p\/"},"modified":"2025-04-03T13:47:58","modified_gmt":"2025-04-03T11:47:58","slug":"airpress-screw-compressor-aps-7-5-ivr-combi-dry-x-369958-ivr-p","status":"publish","type":"product","link":"https:\/\/spawlab.pl\/en\/produkt\/airpress-screw-compressor-aps-7-5-ivr-combi-dry-x-369958-ivr-p\/","title":{"rendered":"AirPress screw compressor APS 7.5 IVR Combi Dry X 369958-IVR-P"},"content":{"rendered":"<p class=\"\" data-start=\"60\" data-end=\"574\">The AirPress APS 7.5 IVR Combi Dry X compressor is a modern unit designed for demanding industrial applications. It has a 5.5 kW motor, which allows it to achieve an air capacity of 290 to 790 l\/min at an operating pressure of 10 bar. The compressor is equipped with advanced Combi Dry filtration, which ensures the purity of the compressed air, eliminating moisture and impurities. The 500-liter tank makes the unit capable of working for extended periods of time without the need for frequent breaks.   <\/p>\n<p class=\"\" data-start=\"576\" data-end=\"742\"><strong data-start=\"576\" data-end=\"596\">Characteristics:<\/strong><br data-start=\"596\" data-end=\"599\">Motor power: 5.5 kW<br data-start=\"618\" data-end=\"621\">Capacity: 290 &#8211; 790 l\/min<br data-start=\"647\" data-end=\"650\">Working pressure: 10 bar<br data-start=\"675\" data-end=\"678\">Tank: 500 l<br data-start=\"693\" data-end=\"696\">Filtration: Combi Dry<br data-start=\"716\" data-end=\"719\">Speed range: Fixed<\/p>\n","protected":false},"excerpt":{"rendered":"<p>AirPress Compressor APS 7.5 IVR Combi Dry X 10 bar, 5.5 kW, 290-790 l\/min, with Combi Dry filter and 500 l tank. Ideal for industrial applications requiring clean air. <\/p>\n","protected":false},"featured_media":25469,"template":"","meta":{"inline_featured_image":false},"product_brand":[1038],"product_cat":[15],"product_tag":[],"class_list":{"0":"post-36530","1":"product","2":"type-product","3":"status-publish","4":"has-post-thumbnail","6":"product_brand-airpress","7":"product_cat-kemppi","9":"first","10":"onbackorder","11":"taxable","12":"shipping-taxable","13":"purchasable","14":"product-type-simple"},"yoast_head":"<!-- This site is optimized with the Yoast SEO Premium plugin v27.0 (Yoast SEO v27.3) - https:\/\/yoast.com\/product\/yoast-seo-premium-wordpress\/ -->\n<title>AirPress screw compressor APS 7.5 IVR Combi Dry X 369958-IVR-P<\/title>\n<meta name=\"description\" content=\"AirPress Compressor APS 7.5 IVR Combi Dry X 10 bar, 5.5 kW, 290-790 l\/min, with Combi Dry filter and 500 l tank. Powerful unit for industrial use with high-quality filtration.\" \/>\n<meta name=\"robots\" content=\"index, follow, max-snippet:-1, max-image-preview:large, max-video-preview:-1\" \/>\n<link rel=\"canonical\" href=\"https:\/\/spawlab.pl\/en\/produkt\/airpress-screw-compressor-aps-7-5-ivr-combi-dry-x-369958-ivr-p\/\" \/>\n<meta property=\"og:locale\" content=\"en_US\" \/>\n<meta property=\"og:type\" content=\"article\" \/>\n<meta property=\"og:title\" content=\"AirPress screw compressor APS 7.5 IVR Combi Dry X 369958-IVR-P\" \/>\n<meta property=\"og:description\" content=\"Lider sprzeda\u017cy, Oficjalny Dystrybutor Premium i Serwis na Polsk\u0119 Migatronic, Gys, Voestalpine Bohler Welding. Nowe i u\u017cywane Spawarki, Przecinarki Plazmowe, Kompresory. Mgr in\u017c. Jaros\u0142aw Ko\u0142aski, IWE\" \/>\n<meta property=\"og:url\" content=\"https:\/\/spawlab.pl\/en\/produkt\/airpress-screw-compressor-aps-7-5-ivr-combi-dry-x-369958-ivr-p\/\" \/>\n<meta property=\"og:site_name\" content=\"SpawLab - Welding equipment and plasma cutters - store and service\" \/>\n<meta property=\"article:publisher\" content=\"https:\/\/www.facebook.com\/Spawlab\/\" \/>\n<meta property=\"og:image\" content=\"https:\/\/spawlab.pl\/wp-content\/uploads\/2025\/04\/369958-ivr-p_d1_0001.jpg\" \/>\n\t<meta property=\"og:image:width\" content=\"1200\" \/>\n\t<meta property=\"og:image:height\" content=\"1200\" \/>\n\t<meta property=\"og:image:type\" content=\"image\/jpeg\" \/>\n<meta name=\"twitter:label1\" content=\"Price\" \/>\n\t<meta name=\"twitter:data1\" content=\"27 921,00&nbsp;&#122;&#322; (22 700,00&nbsp;&#122;&#322; netto)\" \/>\n\t<meta name=\"twitter:label2\" content=\"Availability\" \/>\n\t<meta name=\"twitter:data2\" content=\"On backorder\" \/>\n<script type=\"application\/ld+json\" class=\"yoast-schema-graph\">{\"@context\":\"https:\\\/\\\/schema.org\",\"@graph\":[{\"@type\":[\"WebPage\",\"ItemPage\"],\"@id\":\"https:\\\/\\\/spawlab.pl\\\/en\\\/produkt\\\/airpress-screw-compressor-aps-7-5-ivr-combi-dry-x-369958-ivr-p\\\/\",\"url\":\"https:\\\/\\\/spawlab.pl\\\/en\\\/produkt\\\/airpress-screw-compressor-aps-7-5-ivr-combi-dry-x-369958-ivr-p\\\/\",\"name\":\"AirPress screw compressor APS 7.5 IVR Combi Dry X 369958-IVR-P\",\"isPartOf\":{\"@id\":\"https:\\\/\\\/spawlab.pl\\\/en\\\/#website\"},\"primaryImageOfPage\":{\"@id\":\"https:\\\/\\\/spawlab.pl\\\/en\\\/produkt\\\/airpress-screw-compressor-aps-7-5-ivr-combi-dry-x-369958-ivr-p\\\/#primaryimage\"},\"image\":{\"@id\":\"https:\\\/\\\/spawlab.pl\\\/en\\\/produkt\\\/airpress-screw-compressor-aps-7-5-ivr-combi-dry-x-369958-ivr-p\\\/#primaryimage\"},\"thumbnailUrl\":\"https:\\\/\\\/spawlab.pl\\\/wp-content\\\/uploads\\\/2025\\\/04\\\/369958-ivr-p_d1_0001.jpg\",\"datePublished\":\"2025-04-03T11:47:58+00:00\",\"description\":\"AirPress Compressor APS 7.5 IVR Combi Dry X 10 bar, 5.5 kW, 290-790 l\\\/min, with Combi Dry filter and 500 l tank. Powerful unit for industrial use with high-quality filtration.\",\"breadcrumb\":{\"@id\":\"https:\\\/\\\/spawlab.pl\\\/en\\\/produkt\\\/airpress-screw-compressor-aps-7-5-ivr-combi-dry-x-369958-ivr-p\\\/#breadcrumb\"},\"inLanguage\":\"en-US\",\"potentialAction\":[{\"@type\":\"ReadAction\",\"target\":[\"https:\\\/\\\/spawlab.pl\\\/en\\\/produkt\\\/airpress-screw-compressor-aps-7-5-ivr-combi-dry-x-369958-ivr-p\\\/\"]}]},{\"@type\":\"ImageObject\",\"inLanguage\":\"en-US\",\"@id\":\"https:\\\/\\\/spawlab.pl\\\/en\\\/produkt\\\/airpress-screw-compressor-aps-7-5-ivr-combi-dry-x-369958-ivr-p\\\/#primaryimage\",\"url\":\"https:\\\/\\\/spawlab.pl\\\/wp-content\\\/uploads\\\/2025\\\/04\\\/369958-ivr-p_d1_0001.jpg\",\"contentUrl\":\"https:\\\/\\\/spawlab.pl\\\/wp-content\\\/uploads\\\/2025\\\/04\\\/369958-ivr-p_d1_0001.jpg\",\"width\":1200,\"height\":1200},{\"@type\":\"BreadcrumbList\",\"@id\":\"https:\\\/\\\/spawlab.pl\\\/en\\\/produkt\\\/airpress-screw-compressor-aps-7-5-ivr-combi-dry-x-369958-ivr-p\\\/#breadcrumb\",\"itemListElement\":[{\"@type\":\"ListItem\",\"position\":1,\"name\":\"Strona g\u0142\u00f3wna\",\"item\":\"https:\\\/\\\/spawlab.pl\\\/en\\\/\"},{\"@type\":\"ListItem\",\"position\":2,\"name\":\"Store\",\"item\":\"https:\\\/\\\/spawlab.pl\\\/en\\\/shop\\\/\"},{\"@type\":\"ListItem\",\"position\":3,\"name\":\"AirPress screw compressor APS 7.5 IVR Combi Dry X 369958-IVR-P\"}]},{\"@type\":\"WebSite\",\"@id\":\"https:\\\/\\\/spawlab.pl\\\/en\\\/#website\",\"url\":\"https:\\\/\\\/spawlab.pl\\\/en\\\/\",\"name\":\"Spawlab.pl Lider - Spawarki, Przecinarki Plazmowe, Kompresory\",\"description\":\"Urz\u0105dzenia spawalnicze i Przecinarki plazmowe\\\/ nowe i u\u017cywane \\\/ Profesjonalny serwis\",\"publisher\":{\"@id\":\"https:\\\/\\\/spawlab.pl\\\/en\\\/#organization\"},\"alternateName\":\"Spawlab.pl - Dystrybutor Premium i Serwis na Polske Migatronic, Gys, Voestalpine Bohler Welding\",\"potentialAction\":[{\"@type\":\"SearchAction\",\"target\":{\"@type\":\"EntryPoint\",\"urlTemplate\":\"https:\\\/\\\/spawlab.pl\\\/en\\\/?s={search_term_string}\"},\"query-input\":{\"@type\":\"PropertyValueSpecification\",\"valueRequired\":true,\"valueName\":\"search_term_string\"}}],\"inLanguage\":\"en-US\"},{\"@type\":[\"Organization\",\"Place\"],\"@id\":\"https:\\\/\\\/spawlab.pl\\\/en\\\/#organization\",\"name\":\"Spawlab.pl\",\"url\":\"https:\\\/\\\/spawlab.pl\\\/en\\\/\",\"logo\":{\"@id\":\"https:\\\/\\\/spawlab.pl\\\/en\\\/produkt\\\/airpress-screw-compressor-aps-7-5-ivr-combi-dry-x-369958-ivr-p\\\/#local-main-organization-logo\"},\"image\":{\"@id\":\"https:\\\/\\\/spawlab.pl\\\/en\\\/produkt\\\/airpress-screw-compressor-aps-7-5-ivr-combi-dry-x-369958-ivr-p\\\/#local-main-organization-logo\"},\"sameAs\":[\"https:\\\/\\\/www.facebook.com\\\/Spawlab\\\/\",\"https:\\\/\\\/www.linkedin.com\\\/company\\\/spawlab\",\"https:\\\/\\\/www.instagram.com\\\/spawlab.pl\",\"https:\\\/\\\/www.tiktok.com\\\/@spawlab\"],\"description\":\"Lider sprzeda\u017cy, Oficjalny Dystrybutor Premium i Serwis na Polsk\u0119 Migatronic, Gys, Voestalpine Bohler Welding. Nowe i u\u017cywane Spawarki, Przecinarki Plazmowe, Kompresory. Mgr in\u017c. Jaros\u0142aw Ko\u0142aski, IWE\",\"hasMerchantReturnPolicy\":{\"@type\":\"MerchantReturnPolicy\",\"merchantReturnLink\":\"https:\\\/\\\/spawlab.pl\\\/polityka-prywatnosci-2\\\/\"},\"telephone\":[],\"openingHoursSpecification\":[{\"@type\":\"OpeningHoursSpecification\",\"dayOfWeek\":[\"Monday\",\"Tuesday\",\"Wednesday\",\"Thursday\",\"Friday\",\"Saturday\",\"Sunday\"],\"opens\":\"09:00\",\"closes\":\"17:00\"}]},{\"@type\":\"ImageObject\",\"inLanguage\":\"en-US\",\"@id\":\"https:\\\/\\\/spawlab.pl\\\/en\\\/produkt\\\/airpress-screw-compressor-aps-7-5-ivr-combi-dry-x-369958-ivr-p\\\/#local-main-organization-logo\",\"url\":\"https:\\\/\\\/spawlab.pl\\\/wp-content\\\/uploads\\\/2022\\\/01\\\/olx.jpg\",\"contentUrl\":\"https:\\\/\\\/spawlab.pl\\\/wp-content\\\/uploads\\\/2022\\\/01\\\/olx.jpg\",\"width\":200,\"height\":200,\"caption\":\"Spawlab.pl\"}]}<\/script>\n<meta property=\"product:price:amount\" content=\"27921.00\" \/>\n<meta property=\"product:price:currency\" content=\"PLN\" \/>\n<meta property=\"og:availability\" content=\"backorder\" \/>\n<meta property=\"product:availability\" content=\"available for order\" \/>\n<meta property=\"product:retailer_item_id\" content=\"369958-IVR-P\" \/>\n<meta property=\"product:condition\" content=\"new\" \/>\n<!-- \/ Yoast SEO Premium plugin. -->","yoast_head_json":{"title":"AirPress screw compressor APS 7.5 IVR Combi Dry X 369958-IVR-P","description":"AirPress Compressor APS 7.5 IVR Combi Dry X 10 bar, 5.5 kW, 290-790 l\/min, with Combi Dry filter and 500 l tank. Powerful unit for industrial use with high-quality filtration.","robots":{"index":"index","follow":"follow","max-snippet":"max-snippet:-1","max-image-preview":"max-image-preview:large","max-video-preview":"max-video-preview:-1"},"canonical":"https:\/\/spawlab.pl\/en\/produkt\/airpress-screw-compressor-aps-7-5-ivr-combi-dry-x-369958-ivr-p\/","og_locale":"en_US","og_type":"article","og_title":"AirPress screw compressor APS 7.5 IVR Combi Dry X 369958-IVR-P","og_description":"Lider sprzeda\u017cy, Oficjalny Dystrybutor Premium i Serwis na Polsk\u0119 Migatronic, Gys, Voestalpine Bohler Welding. Nowe i u\u017cywane Spawarki, Przecinarki Plazmowe, Kompresory. Mgr in\u017c. Jaros\u0142aw Ko\u0142aski, IWE","og_url":"https:\/\/spawlab.pl\/en\/produkt\/airpress-screw-compressor-aps-7-5-ivr-combi-dry-x-369958-ivr-p\/","og_site_name":"SpawLab - Welding equipment and plasma cutters - store and service","article_publisher":"https:\/\/www.facebook.com\/Spawlab\/","og_image":[{"width":1200,"height":1200,"url":"https:\/\/spawlab.pl\/wp-content\/uploads\/2025\/04\/369958-ivr-p_d1_0001.jpg","type":"image\/jpeg"}],"twitter_misc":{"Price":"27 921,00&nbsp;&#122;&#322; (22 700,00&nbsp;&#122;&#322; netto)","Availability":"On backorder"},"schema":{"@context":"https:\/\/schema.org","@graph":[{"@type":["WebPage","ItemPage"],"@id":"https:\/\/spawlab.pl\/en\/produkt\/airpress-screw-compressor-aps-7-5-ivr-combi-dry-x-369958-ivr-p\/","url":"https:\/\/spawlab.pl\/en\/produkt\/airpress-screw-compressor-aps-7-5-ivr-combi-dry-x-369958-ivr-p\/","name":"AirPress screw compressor APS 7.5 IVR Combi Dry X 369958-IVR-P","isPartOf":{"@id":"https:\/\/spawlab.pl\/en\/#website"},"primaryImageOfPage":{"@id":"https:\/\/spawlab.pl\/en\/produkt\/airpress-screw-compressor-aps-7-5-ivr-combi-dry-x-369958-ivr-p\/#primaryimage"},"image":{"@id":"https:\/\/spawlab.pl\/en\/produkt\/airpress-screw-compressor-aps-7-5-ivr-combi-dry-x-369958-ivr-p\/#primaryimage"},"thumbnailUrl":"https:\/\/spawlab.pl\/wp-content\/uploads\/2025\/04\/369958-ivr-p_d1_0001.jpg","datePublished":"2025-04-03T11:47:58+00:00","description":"AirPress Compressor APS 7.5 IVR Combi Dry X 10 bar, 5.5 kW, 290-790 l\/min, with Combi Dry filter and 500 l tank. Powerful unit for industrial use with high-quality filtration.","breadcrumb":{"@id":"https:\/\/spawlab.pl\/en\/produkt\/airpress-screw-compressor-aps-7-5-ivr-combi-dry-x-369958-ivr-p\/#breadcrumb"},"inLanguage":"en-US","potentialAction":[{"@type":"ReadAction","target":["https:\/\/spawlab.pl\/en\/produkt\/airpress-screw-compressor-aps-7-5-ivr-combi-dry-x-369958-ivr-p\/"]}]},{"@type":"ImageObject","inLanguage":"en-US","@id":"https:\/\/spawlab.pl\/en\/produkt\/airpress-screw-compressor-aps-7-5-ivr-combi-dry-x-369958-ivr-p\/#primaryimage","url":"https:\/\/spawlab.pl\/wp-content\/uploads\/2025\/04\/369958-ivr-p_d1_0001.jpg","contentUrl":"https:\/\/spawlab.pl\/wp-content\/uploads\/2025\/04\/369958-ivr-p_d1_0001.jpg","width":1200,"height":1200},{"@type":"BreadcrumbList","@id":"https:\/\/spawlab.pl\/en\/produkt\/airpress-screw-compressor-aps-7-5-ivr-combi-dry-x-369958-ivr-p\/#breadcrumb","itemListElement":[{"@type":"ListItem","position":1,"name":"Strona g\u0142\u00f3wna","item":"https:\/\/spawlab.pl\/en\/"},{"@type":"ListItem","position":2,"name":"Store","item":"https:\/\/spawlab.pl\/en\/shop\/"},{"@type":"ListItem","position":3,"name":"AirPress screw compressor APS 7.5 IVR Combi Dry X 369958-IVR-P"}]},{"@type":"WebSite","@id":"https:\/\/spawlab.pl\/en\/#website","url":"https:\/\/spawlab.pl\/en\/","name":"Spawlab.pl Lider - Spawarki, Przecinarki Plazmowe, Kompresory","description":"Urz\u0105dzenia spawalnicze i Przecinarki plazmowe\/ nowe i u\u017cywane \/ Profesjonalny serwis","publisher":{"@id":"https:\/\/spawlab.pl\/en\/#organization"},"alternateName":"Spawlab.pl - Dystrybutor Premium i Serwis na Polske Migatronic, Gys, Voestalpine Bohler Welding","potentialAction":[{"@type":"SearchAction","target":{"@type":"EntryPoint","urlTemplate":"https:\/\/spawlab.pl\/en\/?s={search_term_string}"},"query-input":{"@type":"PropertyValueSpecification","valueRequired":true,"valueName":"search_term_string"}}],"inLanguage":"en-US"},{"@type":["Organization","Place"],"@id":"https:\/\/spawlab.pl\/en\/#organization","name":"Spawlab.pl","url":"https:\/\/spawlab.pl\/en\/","logo":{"@id":"https:\/\/spawlab.pl\/en\/produkt\/airpress-screw-compressor-aps-7-5-ivr-combi-dry-x-369958-ivr-p\/#local-main-organization-logo"},"image":{"@id":"https:\/\/spawlab.pl\/en\/produkt\/airpress-screw-compressor-aps-7-5-ivr-combi-dry-x-369958-ivr-p\/#local-main-organization-logo"},"sameAs":["https:\/\/www.facebook.com\/Spawlab\/","https:\/\/www.linkedin.com\/company\/spawlab","https:\/\/www.instagram.com\/spawlab.pl","https:\/\/www.tiktok.com\/@spawlab"],"description":"Lider sprzeda\u017cy, Oficjalny Dystrybutor Premium i Serwis na Polsk\u0119 Migatronic, Gys, Voestalpine Bohler Welding. Nowe i u\u017cywane Spawarki, Przecinarki Plazmowe, Kompresory. Mgr in\u017c. Jaros\u0142aw Ko\u0142aski, IWE","hasMerchantReturnPolicy":{"@type":"MerchantReturnPolicy","merchantReturnLink":"https:\/\/spawlab.pl\/polityka-prywatnosci-2\/"},"telephone":[],"openingHoursSpecification":[{"@type":"OpeningHoursSpecification","dayOfWeek":["Monday","Tuesday","Wednesday","Thursday","Friday","Saturday","Sunday"],"opens":"09:00","closes":"17:00"}]},{"@type":"ImageObject","inLanguage":"en-US","@id":"https:\/\/spawlab.pl\/en\/produkt\/airpress-screw-compressor-aps-7-5-ivr-combi-dry-x-369958-ivr-p\/#local-main-organization-logo","url":"https:\/\/spawlab.pl\/wp-content\/uploads\/2022\/01\/olx.jpg","contentUrl":"https:\/\/spawlab.pl\/wp-content\/uploads\/2022\/01\/olx.jpg","width":200,"height":200,"caption":"Spawlab.pl"}]},"product_price_amount":"27921.00","product_price_currency":"PLN","og_availability":"backorder","product_availability":"available for order","product_retailer_item_id":"369958-IVR-P","product_condition":"new"},"_links":{"self":[{"href":"https:\/\/spawlab.pl\/en\/wp-json\/wp\/v2\/product\/36530","targetHints":{"allow":["GET"]}}],"collection":[{"href":"https:\/\/spawlab.pl\/en\/wp-json\/wp\/v2\/product"}],"about":[{"href":"https:\/\/spawlab.pl\/en\/wp-json\/wp\/v2\/types\/product"}],"wp:featuredmedia":[{"embeddable":true,"href":"https:\/\/spawlab.pl\/en\/wp-json\/wp\/v2\/media\/25469"}],"wp:attachment":[{"href":"https:\/\/spawlab.pl\/en\/wp-json\/wp\/v2\/media?parent=36530"}],"wp:term":[{"taxonomy":"product_brand","embeddable":true,"href":"https:\/\/spawlab.pl\/en\/wp-json\/wp\/v2\/product_brand?post=36530"},{"taxonomy":"product_cat","embeddable":true,"href":"https:\/\/spawlab.pl\/en\/wp-json\/wp\/v2\/product_cat?post=36530"},{"taxonomy":"product_tag","embeddable":true,"href":"https:\/\/spawlab.pl\/en\/wp-json\/wp\/v2\/product_tag?post=36530"}],"curies":[{"name":"wp","href":"https:\/\/api.w.org\/{rel}","templated":true}]}}