{"id":36535,"date":"2025-04-03T13:48:04","date_gmt":"2025-04-03T11:48:04","guid":{"rendered":"https:\/\/spawlab.pl\/produkt\/airpress-screw-compressor-aps-10-ivr-combi-dry-x-369212-ivr-p\/"},"modified":"2025-04-03T13:48:04","modified_gmt":"2025-04-03T11:48:04","slug":"airpress-screw-compressor-aps-10-ivr-combi-dry-x-369212-ivr-p","status":"publish","type":"product","link":"https:\/\/spawlab.pl\/en\/produkt\/airpress-screw-compressor-aps-10-ivr-combi-dry-x-369212-ivr-p\/","title":{"rendered":"AirPress screw compressor APS 10 IVR Combi Dry X 369212-IVR-P"},"content":{"rendered":"<p class=\"\" data-start=\"59\" data-end=\"552\">The AirPress APS 10 IVR Combi Dry X screw compressor is an advanced 7.5 kW unit designed to provide high efficiency in industrial processes. Thanks to its variable speed control (IVR), the compressor is more economical and adjusts its output to current needs. Its capacity ranges from 380 to 1,050 l\/min, making it ideal for a variety of applications. In addition, it is equipped with a set of adsorption filters to ensure clean air.   <\/p>\n<p class=\"\" data-start=\"554\" data-end=\"789\"><strong data-start=\"554\" data-end=\"574\">Characteristics:<\/strong><br data-start=\"574\" data-end=\"577\">Motor power: 7.5 kW<br data-start=\"596\" data-end=\"599\">Capacity: 380-1050 l\/min<br data-start=\"624\" data-end=\"627\">Operating pressure: 10 bar<br data-start=\"652\" data-end=\"655\">Tank: 500 l<br data-start=\"670\" data-end=\"673\">Type: Screw-type with IVR control<br data-start=\"701\" data-end=\"704\">Filtration: Adsorption kit<br data-start=\"733\" data-end=\"736\">Speed range: IVR (variable speed control)<\/p>\n","protected":false},"excerpt":{"rendered":"<p>AirPress Compressor APS 10 IVR Combi Dry X 10 bar, 7.5 kW, 380-1050 l\/min, with adsorption kit and 500 l tank. A modern solution for industry with variable speed control. <\/p>\n","protected":false},"featured_media":25451,"template":"","meta":{"inline_featured_image":false},"product_brand":[1038],"product_cat":[15],"product_tag":[],"class_list":{"0":"post-36535","1":"product","2":"type-product","3":"status-publish","4":"has-post-thumbnail","6":"product_brand-airpress","7":"product_cat-kemppi","9":"first","10":"onbackorder","11":"taxable","12":"shipping-taxable","13":"purchasable","14":"product-type-simple"},"yoast_head":"<!-- This site is optimized with the Yoast SEO Premium plugin v27.0 (Yoast SEO v27.3) - https:\/\/yoast.com\/product\/yoast-seo-premium-wordpress\/ -->\n<title>AirPress screw compressor APS 10 IVR Combi Dry X 369212-IVR-P<\/title>\n<meta name=\"description\" content=\"AirPress APS 10 IVR Combi Dry X 10 bar, 7.5 kW, 380-1050 l\/min, 500 l compressor with IVR speed control and filter kit. An innovative solution for industrial applications.\" \/>\n<meta name=\"robots\" content=\"index, follow, max-snippet:-1, max-image-preview:large, max-video-preview:-1\" \/>\n<link rel=\"canonical\" href=\"https:\/\/spawlab.pl\/en\/produkt\/airpress-screw-compressor-aps-10-ivr-combi-dry-x-369212-ivr-p\/\" \/>\n<meta property=\"og:locale\" content=\"en_US\" \/>\n<meta property=\"og:type\" content=\"article\" \/>\n<meta property=\"og:title\" content=\"AirPress screw compressor APS 10 IVR Combi Dry X 369212-IVR-P\" \/>\n<meta property=\"og:description\" content=\"Lider sprzeda\u017cy, Oficjalny Dystrybutor Premium i Serwis na Polsk\u0119 Migatronic, Gys, Voestalpine Bohler Welding. Nowe i u\u017cywane Spawarki, Przecinarki Plazmowe, Kompresory. Mgr in\u017c. Jaros\u0142aw Ko\u0142aski, IWE\" \/>\n<meta property=\"og:url\" content=\"https:\/\/spawlab.pl\/en\/produkt\/airpress-screw-compressor-aps-10-ivr-combi-dry-x-369212-ivr-p\/\" \/>\n<meta property=\"og:site_name\" content=\"SpawLab - Welding equipment and plasma cutters - store and service\" \/>\n<meta property=\"article:publisher\" content=\"https:\/\/www.facebook.com\/Spawlab\/\" \/>\n<meta property=\"og:image\" content=\"https:\/\/spawlab.pl\/wp-content\/uploads\/2025\/04\/369212-ivr-p_d1_0001.jpg\" \/>\n\t<meta property=\"og:image:width\" content=\"1200\" \/>\n\t<meta property=\"og:image:height\" content=\"1200\" \/>\n\t<meta property=\"og:image:type\" content=\"image\/jpeg\" \/>\n<meta name=\"twitter:label1\" content=\"Price\" \/>\n\t<meta name=\"twitter:data1\" content=\"30 337,95&nbsp;&#122;&#322; (24 665,00&nbsp;&#122;&#322; netto)\" \/>\n\t<meta name=\"twitter:label2\" content=\"Availability\" \/>\n\t<meta name=\"twitter:data2\" content=\"On backorder\" \/>\n<script type=\"application\/ld+json\" class=\"yoast-schema-graph\">{\"@context\":\"https:\\\/\\\/schema.org\",\"@graph\":[{\"@type\":[\"WebPage\",\"ItemPage\"],\"@id\":\"https:\\\/\\\/spawlab.pl\\\/en\\\/produkt\\\/airpress-screw-compressor-aps-10-ivr-combi-dry-x-369212-ivr-p\\\/\",\"url\":\"https:\\\/\\\/spawlab.pl\\\/en\\\/produkt\\\/airpress-screw-compressor-aps-10-ivr-combi-dry-x-369212-ivr-p\\\/\",\"name\":\"AirPress screw compressor APS 10 IVR Combi Dry X 369212-IVR-P\",\"isPartOf\":{\"@id\":\"https:\\\/\\\/spawlab.pl\\\/en\\\/#website\"},\"primaryImageOfPage\":{\"@id\":\"https:\\\/\\\/spawlab.pl\\\/en\\\/produkt\\\/airpress-screw-compressor-aps-10-ivr-combi-dry-x-369212-ivr-p\\\/#primaryimage\"},\"image\":{\"@id\":\"https:\\\/\\\/spawlab.pl\\\/en\\\/produkt\\\/airpress-screw-compressor-aps-10-ivr-combi-dry-x-369212-ivr-p\\\/#primaryimage\"},\"thumbnailUrl\":\"https:\\\/\\\/spawlab.pl\\\/wp-content\\\/uploads\\\/2025\\\/04\\\/369212-ivr-p_d1_0001.jpg\",\"datePublished\":\"2025-04-03T11:48:04+00:00\",\"description\":\"AirPress APS 10 IVR Combi Dry X 10 bar, 7.5 kW, 380-1050 l\\\/min, 500 l compressor with IVR speed control and filter kit. An innovative solution for industrial applications.\",\"breadcrumb\":{\"@id\":\"https:\\\/\\\/spawlab.pl\\\/en\\\/produkt\\\/airpress-screw-compressor-aps-10-ivr-combi-dry-x-369212-ivr-p\\\/#breadcrumb\"},\"inLanguage\":\"en-US\",\"potentialAction\":[{\"@type\":\"ReadAction\",\"target\":[\"https:\\\/\\\/spawlab.pl\\\/en\\\/produkt\\\/airpress-screw-compressor-aps-10-ivr-combi-dry-x-369212-ivr-p\\\/\"]}]},{\"@type\":\"ImageObject\",\"inLanguage\":\"en-US\",\"@id\":\"https:\\\/\\\/spawlab.pl\\\/en\\\/produkt\\\/airpress-screw-compressor-aps-10-ivr-combi-dry-x-369212-ivr-p\\\/#primaryimage\",\"url\":\"https:\\\/\\\/spawlab.pl\\\/wp-content\\\/uploads\\\/2025\\\/04\\\/369212-ivr-p_d1_0001.jpg\",\"contentUrl\":\"https:\\\/\\\/spawlab.pl\\\/wp-content\\\/uploads\\\/2025\\\/04\\\/369212-ivr-p_d1_0001.jpg\",\"width\":1200,\"height\":1200},{\"@type\":\"BreadcrumbList\",\"@id\":\"https:\\\/\\\/spawlab.pl\\\/en\\\/produkt\\\/airpress-screw-compressor-aps-10-ivr-combi-dry-x-369212-ivr-p\\\/#breadcrumb\",\"itemListElement\":[{\"@type\":\"ListItem\",\"position\":1,\"name\":\"Strona g\u0142\u00f3wna\",\"item\":\"https:\\\/\\\/spawlab.pl\\\/en\\\/\"},{\"@type\":\"ListItem\",\"position\":2,\"name\":\"Store\",\"item\":\"https:\\\/\\\/spawlab.pl\\\/en\\\/shop\\\/\"},{\"@type\":\"ListItem\",\"position\":3,\"name\":\"AirPress screw compressor APS 10 IVR Combi Dry X 369212-IVR-P\"}]},{\"@type\":\"WebSite\",\"@id\":\"https:\\\/\\\/spawlab.pl\\\/en\\\/#website\",\"url\":\"https:\\\/\\\/spawlab.pl\\\/en\\\/\",\"name\":\"Spawlab.pl Lider - Spawarki, Przecinarki Plazmowe, Kompresory\",\"description\":\"Urz\u0105dzenia spawalnicze i Przecinarki plazmowe\\\/ nowe i u\u017cywane \\\/ Profesjonalny serwis\",\"publisher\":{\"@id\":\"https:\\\/\\\/spawlab.pl\\\/en\\\/#organization\"},\"alternateName\":\"Spawlab.pl - Dystrybutor Premium i Serwis na Polske Migatronic, Gys, Voestalpine Bohler Welding\",\"potentialAction\":[{\"@type\":\"SearchAction\",\"target\":{\"@type\":\"EntryPoint\",\"urlTemplate\":\"https:\\\/\\\/spawlab.pl\\\/en\\\/?s={search_term_string}\"},\"query-input\":{\"@type\":\"PropertyValueSpecification\",\"valueRequired\":true,\"valueName\":\"search_term_string\"}}],\"inLanguage\":\"en-US\"},{\"@type\":[\"Organization\",\"Place\"],\"@id\":\"https:\\\/\\\/spawlab.pl\\\/en\\\/#organization\",\"name\":\"Spawlab.pl\",\"url\":\"https:\\\/\\\/spawlab.pl\\\/en\\\/\",\"logo\":{\"@id\":\"https:\\\/\\\/spawlab.pl\\\/en\\\/produkt\\\/airpress-screw-compressor-aps-10-ivr-combi-dry-x-369212-ivr-p\\\/#local-main-organization-logo\"},\"image\":{\"@id\":\"https:\\\/\\\/spawlab.pl\\\/en\\\/produkt\\\/airpress-screw-compressor-aps-10-ivr-combi-dry-x-369212-ivr-p\\\/#local-main-organization-logo\"},\"sameAs\":[\"https:\\\/\\\/www.facebook.com\\\/Spawlab\\\/\",\"https:\\\/\\\/www.linkedin.com\\\/company\\\/spawlab\",\"https:\\\/\\\/www.instagram.com\\\/spawlab.pl\",\"https:\\\/\\\/www.tiktok.com\\\/@spawlab\"],\"description\":\"Lider sprzeda\u017cy, Oficjalny Dystrybutor Premium i Serwis na Polsk\u0119 Migatronic, Gys, Voestalpine Bohler Welding. Nowe i u\u017cywane Spawarki, Przecinarki Plazmowe, Kompresory. Mgr in\u017c. Jaros\u0142aw Ko\u0142aski, IWE\",\"hasMerchantReturnPolicy\":{\"@type\":\"MerchantReturnPolicy\",\"merchantReturnLink\":\"https:\\\/\\\/spawlab.pl\\\/polityka-prywatnosci-2\\\/\"},\"telephone\":[],\"openingHoursSpecification\":[{\"@type\":\"OpeningHoursSpecification\",\"dayOfWeek\":[\"Monday\",\"Tuesday\",\"Wednesday\",\"Thursday\",\"Friday\",\"Saturday\",\"Sunday\"],\"opens\":\"09:00\",\"closes\":\"17:00\"}]},{\"@type\":\"ImageObject\",\"inLanguage\":\"en-US\",\"@id\":\"https:\\\/\\\/spawlab.pl\\\/en\\\/produkt\\\/airpress-screw-compressor-aps-10-ivr-combi-dry-x-369212-ivr-p\\\/#local-main-organization-logo\",\"url\":\"https:\\\/\\\/spawlab.pl\\\/wp-content\\\/uploads\\\/2022\\\/01\\\/olx.jpg\",\"contentUrl\":\"https:\\\/\\\/spawlab.pl\\\/wp-content\\\/uploads\\\/2022\\\/01\\\/olx.jpg\",\"width\":200,\"height\":200,\"caption\":\"Spawlab.pl\"}]}<\/script>\n<meta property=\"product:price:amount\" content=\"30337.95\" \/>\n<meta property=\"product:price:currency\" content=\"PLN\" \/>\n<meta property=\"og:availability\" content=\"backorder\" \/>\n<meta property=\"product:availability\" content=\"available for order\" \/>\n<meta property=\"product:retailer_item_id\" content=\"369212-IVR-P\" \/>\n<meta property=\"product:condition\" content=\"new\" \/>\n<!-- \/ Yoast SEO Premium plugin. -->","yoast_head_json":{"title":"AirPress screw compressor APS 10 IVR Combi Dry X 369212-IVR-P","description":"AirPress APS 10 IVR Combi Dry X 10 bar, 7.5 kW, 380-1050 l\/min, 500 l compressor with IVR speed control and filter kit. An innovative solution for industrial applications.","robots":{"index":"index","follow":"follow","max-snippet":"max-snippet:-1","max-image-preview":"max-image-preview:large","max-video-preview":"max-video-preview:-1"},"canonical":"https:\/\/spawlab.pl\/en\/produkt\/airpress-screw-compressor-aps-10-ivr-combi-dry-x-369212-ivr-p\/","og_locale":"en_US","og_type":"article","og_title":"AirPress screw compressor APS 10 IVR Combi Dry X 369212-IVR-P","og_description":"Lider sprzeda\u017cy, Oficjalny Dystrybutor Premium i Serwis na Polsk\u0119 Migatronic, Gys, Voestalpine Bohler Welding. Nowe i u\u017cywane Spawarki, Przecinarki Plazmowe, Kompresory. Mgr in\u017c. Jaros\u0142aw Ko\u0142aski, IWE","og_url":"https:\/\/spawlab.pl\/en\/produkt\/airpress-screw-compressor-aps-10-ivr-combi-dry-x-369212-ivr-p\/","og_site_name":"SpawLab - Welding equipment and plasma cutters - store and service","article_publisher":"https:\/\/www.facebook.com\/Spawlab\/","og_image":[{"width":1200,"height":1200,"url":"https:\/\/spawlab.pl\/wp-content\/uploads\/2025\/04\/369212-ivr-p_d1_0001.jpg","type":"image\/jpeg"}],"twitter_misc":{"Price":"30 337,95&nbsp;&#122;&#322; (24 665,00&nbsp;&#122;&#322; netto)","Availability":"On backorder"},"schema":{"@context":"https:\/\/schema.org","@graph":[{"@type":["WebPage","ItemPage"],"@id":"https:\/\/spawlab.pl\/en\/produkt\/airpress-screw-compressor-aps-10-ivr-combi-dry-x-369212-ivr-p\/","url":"https:\/\/spawlab.pl\/en\/produkt\/airpress-screw-compressor-aps-10-ivr-combi-dry-x-369212-ivr-p\/","name":"AirPress screw compressor APS 10 IVR Combi Dry X 369212-IVR-P","isPartOf":{"@id":"https:\/\/spawlab.pl\/en\/#website"},"primaryImageOfPage":{"@id":"https:\/\/spawlab.pl\/en\/produkt\/airpress-screw-compressor-aps-10-ivr-combi-dry-x-369212-ivr-p\/#primaryimage"},"image":{"@id":"https:\/\/spawlab.pl\/en\/produkt\/airpress-screw-compressor-aps-10-ivr-combi-dry-x-369212-ivr-p\/#primaryimage"},"thumbnailUrl":"https:\/\/spawlab.pl\/wp-content\/uploads\/2025\/04\/369212-ivr-p_d1_0001.jpg","datePublished":"2025-04-03T11:48:04+00:00","description":"AirPress APS 10 IVR Combi Dry X 10 bar, 7.5 kW, 380-1050 l\/min, 500 l compressor with IVR speed control and filter kit. An innovative solution for industrial applications.","breadcrumb":{"@id":"https:\/\/spawlab.pl\/en\/produkt\/airpress-screw-compressor-aps-10-ivr-combi-dry-x-369212-ivr-p\/#breadcrumb"},"inLanguage":"en-US","potentialAction":[{"@type":"ReadAction","target":["https:\/\/spawlab.pl\/en\/produkt\/airpress-screw-compressor-aps-10-ivr-combi-dry-x-369212-ivr-p\/"]}]},{"@type":"ImageObject","inLanguage":"en-US","@id":"https:\/\/spawlab.pl\/en\/produkt\/airpress-screw-compressor-aps-10-ivr-combi-dry-x-369212-ivr-p\/#primaryimage","url":"https:\/\/spawlab.pl\/wp-content\/uploads\/2025\/04\/369212-ivr-p_d1_0001.jpg","contentUrl":"https:\/\/spawlab.pl\/wp-content\/uploads\/2025\/04\/369212-ivr-p_d1_0001.jpg","width":1200,"height":1200},{"@type":"BreadcrumbList","@id":"https:\/\/spawlab.pl\/en\/produkt\/airpress-screw-compressor-aps-10-ivr-combi-dry-x-369212-ivr-p\/#breadcrumb","itemListElement":[{"@type":"ListItem","position":1,"name":"Strona g\u0142\u00f3wna","item":"https:\/\/spawlab.pl\/en\/"},{"@type":"ListItem","position":2,"name":"Store","item":"https:\/\/spawlab.pl\/en\/shop\/"},{"@type":"ListItem","position":3,"name":"AirPress screw compressor APS 10 IVR Combi Dry X 369212-IVR-P"}]},{"@type":"WebSite","@id":"https:\/\/spawlab.pl\/en\/#website","url":"https:\/\/spawlab.pl\/en\/","name":"Spawlab.pl Lider - Spawarki, Przecinarki Plazmowe, Kompresory","description":"Urz\u0105dzenia spawalnicze i Przecinarki plazmowe\/ nowe i u\u017cywane \/ Profesjonalny serwis","publisher":{"@id":"https:\/\/spawlab.pl\/en\/#organization"},"alternateName":"Spawlab.pl - Dystrybutor Premium i Serwis na Polske Migatronic, Gys, Voestalpine Bohler Welding","potentialAction":[{"@type":"SearchAction","target":{"@type":"EntryPoint","urlTemplate":"https:\/\/spawlab.pl\/en\/?s={search_term_string}"},"query-input":{"@type":"PropertyValueSpecification","valueRequired":true,"valueName":"search_term_string"}}],"inLanguage":"en-US"},{"@type":["Organization","Place"],"@id":"https:\/\/spawlab.pl\/en\/#organization","name":"Spawlab.pl","url":"https:\/\/spawlab.pl\/en\/","logo":{"@id":"https:\/\/spawlab.pl\/en\/produkt\/airpress-screw-compressor-aps-10-ivr-combi-dry-x-369212-ivr-p\/#local-main-organization-logo"},"image":{"@id":"https:\/\/spawlab.pl\/en\/produkt\/airpress-screw-compressor-aps-10-ivr-combi-dry-x-369212-ivr-p\/#local-main-organization-logo"},"sameAs":["https:\/\/www.facebook.com\/Spawlab\/","https:\/\/www.linkedin.com\/company\/spawlab","https:\/\/www.instagram.com\/spawlab.pl","https:\/\/www.tiktok.com\/@spawlab"],"description":"Lider sprzeda\u017cy, Oficjalny Dystrybutor Premium i Serwis na Polsk\u0119 Migatronic, Gys, Voestalpine Bohler Welding. Nowe i u\u017cywane Spawarki, Przecinarki Plazmowe, Kompresory. Mgr in\u017c. Jaros\u0142aw Ko\u0142aski, IWE","hasMerchantReturnPolicy":{"@type":"MerchantReturnPolicy","merchantReturnLink":"https:\/\/spawlab.pl\/polityka-prywatnosci-2\/"},"telephone":[],"openingHoursSpecification":[{"@type":"OpeningHoursSpecification","dayOfWeek":["Monday","Tuesday","Wednesday","Thursday","Friday","Saturday","Sunday"],"opens":"09:00","closes":"17:00"}]},{"@type":"ImageObject","inLanguage":"en-US","@id":"https:\/\/spawlab.pl\/en\/produkt\/airpress-screw-compressor-aps-10-ivr-combi-dry-x-369212-ivr-p\/#local-main-organization-logo","url":"https:\/\/spawlab.pl\/wp-content\/uploads\/2022\/01\/olx.jpg","contentUrl":"https:\/\/spawlab.pl\/wp-content\/uploads\/2022\/01\/olx.jpg","width":200,"height":200,"caption":"Spawlab.pl"}]},"product_price_amount":"30337.95","product_price_currency":"PLN","og_availability":"backorder","product_availability":"available for order","product_retailer_item_id":"369212-IVR-P","product_condition":"new"},"_links":{"self":[{"href":"https:\/\/spawlab.pl\/en\/wp-json\/wp\/v2\/product\/36535","targetHints":{"allow":["GET"]}}],"collection":[{"href":"https:\/\/spawlab.pl\/en\/wp-json\/wp\/v2\/product"}],"about":[{"href":"https:\/\/spawlab.pl\/en\/wp-json\/wp\/v2\/types\/product"}],"wp:featuredmedia":[{"embeddable":true,"href":"https:\/\/spawlab.pl\/en\/wp-json\/wp\/v2\/media\/25451"}],"wp:attachment":[{"href":"https:\/\/spawlab.pl\/en\/wp-json\/wp\/v2\/media?parent=36535"}],"wp:term":[{"taxonomy":"product_brand","embeddable":true,"href":"https:\/\/spawlab.pl\/en\/wp-json\/wp\/v2\/product_brand?post=36535"},{"taxonomy":"product_cat","embeddable":true,"href":"https:\/\/spawlab.pl\/en\/wp-json\/wp\/v2\/product_cat?post=36535"},{"taxonomy":"product_tag","embeddable":true,"href":"https:\/\/spawlab.pl\/en\/wp-json\/wp\/v2\/product_tag?post=36535"}],"curies":[{"name":"wp","href":"https:\/\/api.w.org\/{rel}","templated":true}]}}