{"id":36732,"date":"2025-04-11T16:42:57","date_gmt":"2025-04-11T14:42:57","guid":{"rendered":"https:\/\/spawlab.pl\/produkt\/abicor-binzel-abiplas-weld-100-w-mt-698-1013-precision-plasma-welding-fixture\/"},"modified":"2025-04-11T16:42:57","modified_gmt":"2025-04-11T14:42:57","slug":"abicor-binzel-abiplas-weld-100-w-mt-698-1013-precision-plasma-welding-fixture","status":"publish","type":"product","link":"https:\/\/spawlab.pl\/en\/produkt\/abicor-binzel-abiplas-weld-100-w-mt-698-1013-precision-plasma-welding-fixture\/","title":{"rendered":"ABICOR BINZEL ABIPLAS\u00ae WELD 100 W MT 698.1013 precision plasma welding fixture."},"content":{"rendered":"<p>The lightweight and ergonomic ABICOR BINZEL ABIPLAS\u00ae WELD 100 W MT precision plasma welding handpiece. Designed for welder comfort and to provide a stable plasma welding process with high quality welds without spatter. The torch&#8217;s compact design makes it easy to manipulate in different positions and access areas with complex geometries. Liquid cooling ensures optimal operating temperature even during prolonged use. Ideal for precision welding applications where aesthetics and weld strength are important.    <\/p>\n<p data-sourcepos=\"19:1-19:20\"><strong>Characteristics:<\/strong><\/p>\n<p data-sourcepos=\"21:1-30:106\">Type: Manual plasma welding torch (MT &#8211; Manual Torch) Model: ABIPLAS\u00ae WELD 100 W MT Cooling: Liquid Welding current: 3 &#8211; 100 A Duty cycle: 100%<\/p>\n","protected":false},"excerpt":{"rendered":"<p>ABICOR BINZEL ABIPLAS\u00ae WELD 100 W MT Plasma Handle. Lightweight, ergonomic, precision welding. <\/p>\n","protected":false},"featured_media":26510,"template":"","meta":{"inline_featured_image":false},"product_brand":[1453],"product_cat":[5330,475,474,522,509],"product_tag":[5334,5365,5348,5335,5350,5336,5337,4520,5339],"class_list":{"0":"post-36732","1":"product","2":"type-product","3":"status-publish","4":"has-post-thumbnail","6":"product_brand-abicor-binzel","7":"product_cat-abicor-binzel-en","8":"product_cat-accessories-parts","9":"product_cat-new","10":"product_cat-parts","11":"product_cat-plasma-welders-en","12":"product_tag-abicor-binzel-en","13":"product_tag-abiplas-weld-100-w-mt-en","14":"product_tag-ergonomic-handle","15":"product_tag-liquid-cooled","16":"product_tag-plasma-handheld","17":"product_tag-plasma-holder","18":"product_tag-plasma-welding","19":"product_tag-precision-welding","20":"product_tag-splinter-free-welding","22":"first","23":"onbackorder","24":"sale","25":"taxable","26":"shipping-taxable","27":"purchasable","28":"product-type-simple"},"yoast_head":"<!-- This site is optimized with the Yoast SEO Premium plugin v27.5 (Yoast SEO v27.6) - https:\/\/yoast.com\/product\/yoast-seo-premium-wordpress\/ -->\n<title>ABICOR BINZEL ABIPLAS\u00ae WELD 100 W MT 698.1013 precision plasma welding fixture.<\/title>\n<meta name=\"description\" content=\"ABICOR BINZEL ABIPLAS\u00ae WELD 100 W MT comfortable and precise handheld plasma welding fixture. Stable arc, high quality welds.\" \/>\n<meta name=\"robots\" content=\"index, follow, max-snippet:-1, max-image-preview:large, max-video-preview:-1\" \/>\n<link rel=\"canonical\" href=\"https:\/\/spawlab.pl\/en\/produkt\/abicor-binzel-abiplas-weld-100-w-mt-698-1013-precision-plasma-welding-fixture\/\" \/>\n<meta property=\"og:locale\" content=\"en_US\" \/>\n<meta property=\"og:type\" content=\"article\" \/>\n<meta property=\"og:title\" content=\"ABICOR BINZEL ABIPLAS\u00ae WELD 100 W MT 698.1013 precision plasma welding fixture.\" \/>\n<meta property=\"og:description\" content=\"Lider sprzeda\u017cy, Oficjalny Dystrybutor Premium i Serwis na Polsk\u0119 Migatronic, Gys, Voestalpine Bohler Welding. Nowe i u\u017cywane Spawarki, Przecinarki Plazmowe, Kompresory. Mgr in\u017c. Jaros\u0142aw Ko\u0142aski, IWE\" \/>\n<meta property=\"og:url\" content=\"https:\/\/spawlab.pl\/en\/produkt\/abicor-binzel-abiplas-weld-100-w-mt-698-1013-precision-plasma-welding-fixture\/\" \/>\n<meta property=\"og:site_name\" content=\"SpawLab - Welding equipment and plasma cutters - store and service\" \/>\n<meta property=\"article:publisher\" content=\"https:\/\/www.facebook.com\/Spawlab\/\" \/>\n<meta property=\"og:image\" content=\"https:\/\/spawlab.pl\/wp-content\/uploads\/2025\/04\/images.jpeg\" \/>\n\t<meta property=\"og:image:width\" content=\"225\" \/>\n\t<meta property=\"og:image:height\" content=\"225\" \/>\n\t<meta property=\"og:image:type\" content=\"image\/jpeg\" \/>\n<meta name=\"twitter:label1\" content=\"Price\" \/>\n\t<meta name=\"twitter:data1\" content=\"8 988,15&nbsp;&#122;&#322; (7 307,44&nbsp;&#122;&#322; netto)\" \/>\n\t<meta name=\"twitter:label2\" content=\"Availability\" \/>\n\t<meta name=\"twitter:data2\" content=\"On backorder\" \/>\n<script type=\"application\/ld+json\" class=\"yoast-schema-graph\">{\"@context\":\"https:\\\/\\\/schema.org\",\"@graph\":[{\"@type\":[\"WebPage\",\"ItemPage\"],\"@id\":\"https:\\\/\\\/spawlab.pl\\\/en\\\/produkt\\\/abicor-binzel-abiplas-weld-100-w-mt-698-1013-precision-plasma-welding-fixture\\\/\",\"url\":\"https:\\\/\\\/spawlab.pl\\\/en\\\/produkt\\\/abicor-binzel-abiplas-weld-100-w-mt-698-1013-precision-plasma-welding-fixture\\\/\",\"name\":\"ABICOR BINZEL ABIPLAS\u00ae WELD 100 W MT 698.1013 precision plasma welding fixture.\",\"isPartOf\":{\"@id\":\"https:\\\/\\\/spawlab.pl\\\/en\\\/#website\"},\"primaryImageOfPage\":{\"@id\":\"https:\\\/\\\/spawlab.pl\\\/en\\\/produkt\\\/abicor-binzel-abiplas-weld-100-w-mt-698-1013-precision-plasma-welding-fixture\\\/#primaryimage\"},\"image\":{\"@id\":\"https:\\\/\\\/spawlab.pl\\\/en\\\/produkt\\\/abicor-binzel-abiplas-weld-100-w-mt-698-1013-precision-plasma-welding-fixture\\\/#primaryimage\"},\"thumbnailUrl\":\"https:\\\/\\\/spawlab.pl\\\/wp-content\\\/uploads\\\/2025\\\/04\\\/images.jpeg\",\"datePublished\":\"2025-04-11T14:42:57+00:00\",\"description\":\"ABICOR BINZEL ABIPLAS\u00ae WELD 100 W MT comfortable and precise handheld plasma welding fixture. Stable arc, high quality welds.\",\"breadcrumb\":{\"@id\":\"https:\\\/\\\/spawlab.pl\\\/en\\\/produkt\\\/abicor-binzel-abiplas-weld-100-w-mt-698-1013-precision-plasma-welding-fixture\\\/#breadcrumb\"},\"inLanguage\":\"en-US\",\"potentialAction\":[{\"@type\":\"ReadAction\",\"target\":[\"https:\\\/\\\/spawlab.pl\\\/en\\\/produkt\\\/abicor-binzel-abiplas-weld-100-w-mt-698-1013-precision-plasma-welding-fixture\\\/\"]}]},{\"@type\":\"ImageObject\",\"inLanguage\":\"en-US\",\"@id\":\"https:\\\/\\\/spawlab.pl\\\/en\\\/produkt\\\/abicor-binzel-abiplas-weld-100-w-mt-698-1013-precision-plasma-welding-fixture\\\/#primaryimage\",\"url\":\"https:\\\/\\\/spawlab.pl\\\/wp-content\\\/uploads\\\/2025\\\/04\\\/images.jpeg\",\"contentUrl\":\"https:\\\/\\\/spawlab.pl\\\/wp-content\\\/uploads\\\/2025\\\/04\\\/images.jpeg\",\"width\":225,\"height\":225},{\"@type\":\"BreadcrumbList\",\"@id\":\"https:\\\/\\\/spawlab.pl\\\/en\\\/produkt\\\/abicor-binzel-abiplas-weld-100-w-mt-698-1013-precision-plasma-welding-fixture\\\/#breadcrumb\",\"itemListElement\":[{\"@type\":\"ListItem\",\"position\":1,\"name\":\"Strona g\u0142\u00f3wna\",\"item\":\"https:\\\/\\\/spawlab.pl\\\/en\\\/\"},{\"@type\":\"ListItem\",\"position\":2,\"name\":\"Store\",\"item\":\"https:\\\/\\\/spawlab.pl\\\/en\\\/shop\\\/\"},{\"@type\":\"ListItem\",\"position\":3,\"name\":\"ABICOR BINZEL ABIPLAS\u00ae WELD 100 W MT 698.1013 precision plasma welding fixture.\"}]},{\"@type\":\"WebSite\",\"@id\":\"https:\\\/\\\/spawlab.pl\\\/en\\\/#website\",\"url\":\"https:\\\/\\\/spawlab.pl\\\/en\\\/\",\"name\":\"Spawlab.pl Lider - Spawarki, Przecinarki Plazmowe, Kompresory\",\"description\":\"Urz\u0105dzenia spawalnicze i Przecinarki plazmowe\\\/ nowe i u\u017cywane \\\/ Profesjonalny serwis\",\"publisher\":{\"@id\":\"https:\\\/\\\/spawlab.pl\\\/en\\\/#organization\"},\"alternateName\":\"Spawlab.pl - Dystrybutor Premium i Serwis na Polske Migatronic, Gys, Voestalpine Bohler Welding\",\"potentialAction\":[{\"@type\":\"SearchAction\",\"target\":{\"@type\":\"EntryPoint\",\"urlTemplate\":\"https:\\\/\\\/spawlab.pl\\\/en\\\/?s={search_term_string}\"},\"query-input\":{\"@type\":\"PropertyValueSpecification\",\"valueRequired\":true,\"valueName\":\"search_term_string\"}}],\"inLanguage\":\"en-US\"},{\"@type\":[\"Organization\",\"Place\"],\"@id\":\"https:\\\/\\\/spawlab.pl\\\/en\\\/#organization\",\"name\":\"Spawlab.pl\",\"url\":\"https:\\\/\\\/spawlab.pl\\\/en\\\/\",\"logo\":{\"@id\":\"https:\\\/\\\/spawlab.pl\\\/en\\\/produkt\\\/abicor-binzel-abiplas-weld-100-w-mt-698-1013-precision-plasma-welding-fixture\\\/#local-main-organization-logo\"},\"image\":{\"@id\":\"https:\\\/\\\/spawlab.pl\\\/en\\\/produkt\\\/abicor-binzel-abiplas-weld-100-w-mt-698-1013-precision-plasma-welding-fixture\\\/#local-main-organization-logo\"},\"sameAs\":[\"https:\\\/\\\/www.facebook.com\\\/Spawlab\\\/\",\"https:\\\/\\\/www.linkedin.com\\\/company\\\/spawlab\",\"https:\\\/\\\/www.instagram.com\\\/spawlab.pl\",\"https:\\\/\\\/www.tiktok.com\\\/@spawlab\"],\"description\":\"Lider sprzeda\u017cy, Oficjalny Dystrybutor Premium i Serwis na Polsk\u0119 Migatronic, Gys, Voestalpine Bohler Welding. Nowe i u\u017cywane Spawarki, Przecinarki Plazmowe, Kompresory. Mgr in\u017c. Jaros\u0142aw Ko\u0142aski, IWE\",\"hasMerchantReturnPolicy\":{\"@type\":\"MerchantReturnPolicy\",\"merchantReturnLink\":\"https:\\\/\\\/spawlab.pl\\\/polityka-prywatnosci-2\\\/\"},\"telephone\":[],\"openingHoursSpecification\":[{\"@type\":\"OpeningHoursSpecification\",\"dayOfWeek\":[\"Monday\",\"Tuesday\",\"Wednesday\",\"Thursday\",\"Friday\",\"Saturday\",\"Sunday\"],\"opens\":\"09:00\",\"closes\":\"17:00\"}]},{\"@type\":\"ImageObject\",\"inLanguage\":\"en-US\",\"@id\":\"https:\\\/\\\/spawlab.pl\\\/en\\\/produkt\\\/abicor-binzel-abiplas-weld-100-w-mt-698-1013-precision-plasma-welding-fixture\\\/#local-main-organization-logo\",\"url\":\"https:\\\/\\\/spawlab.pl\\\/wp-content\\\/uploads\\\/2022\\\/01\\\/olx.jpg\",\"contentUrl\":\"https:\\\/\\\/spawlab.pl\\\/wp-content\\\/uploads\\\/2022\\\/01\\\/olx.jpg\",\"width\":200,\"height\":200,\"caption\":\"Spawlab.pl\"}]}<\/script>\n<meta property=\"product:brand\" content=\"Abicor Binzel\" \/>\n<meta property=\"product:price:amount\" content=\"8988.15\" \/>\n<meta property=\"product:price:currency\" content=\"PLN\" \/>\n<meta property=\"og:availability\" content=\"backorder\" \/>\n<meta property=\"product:availability\" content=\"available for order\" \/>\n<meta property=\"product:retailer_item_id\" content=\"698.1013\" \/>\n<meta property=\"product:condition\" content=\"new\" \/>\n<!-- \/ Yoast SEO Premium plugin. -->","yoast_head_json":{"title":"ABICOR BINZEL ABIPLAS\u00ae WELD 100 W MT 698.1013 precision plasma welding fixture.","description":"ABICOR BINZEL ABIPLAS\u00ae WELD 100 W MT comfortable and precise handheld plasma welding fixture. Stable arc, high quality welds.","robots":{"index":"index","follow":"follow","max-snippet":"max-snippet:-1","max-image-preview":"max-image-preview:large","max-video-preview":"max-video-preview:-1"},"canonical":"https:\/\/spawlab.pl\/en\/produkt\/abicor-binzel-abiplas-weld-100-w-mt-698-1013-precision-plasma-welding-fixture\/","og_locale":"en_US","og_type":"article","og_title":"ABICOR BINZEL ABIPLAS\u00ae WELD 100 W MT 698.1013 precision plasma welding fixture.","og_description":"Lider sprzeda\u017cy, Oficjalny Dystrybutor Premium i Serwis na Polsk\u0119 Migatronic, Gys, Voestalpine Bohler Welding. Nowe i u\u017cywane Spawarki, Przecinarki Plazmowe, Kompresory. Mgr in\u017c. Jaros\u0142aw Ko\u0142aski, IWE","og_url":"https:\/\/spawlab.pl\/en\/produkt\/abicor-binzel-abiplas-weld-100-w-mt-698-1013-precision-plasma-welding-fixture\/","og_site_name":"SpawLab - Welding equipment and plasma cutters - store and service","article_publisher":"https:\/\/www.facebook.com\/Spawlab\/","og_image":[{"width":225,"height":225,"url":"https:\/\/spawlab.pl\/wp-content\/uploads\/2025\/04\/images.jpeg","type":"image\/jpeg"}],"twitter_misc":{"Price":"8 988,15&nbsp;&#122;&#322; (7 307,44&nbsp;&#122;&#322; netto)","Availability":"On backorder"},"schema":{"@context":"https:\/\/schema.org","@graph":[{"@type":["WebPage","ItemPage"],"@id":"https:\/\/spawlab.pl\/en\/produkt\/abicor-binzel-abiplas-weld-100-w-mt-698-1013-precision-plasma-welding-fixture\/","url":"https:\/\/spawlab.pl\/en\/produkt\/abicor-binzel-abiplas-weld-100-w-mt-698-1013-precision-plasma-welding-fixture\/","name":"ABICOR BINZEL ABIPLAS\u00ae WELD 100 W MT 698.1013 precision plasma welding fixture.","isPartOf":{"@id":"https:\/\/spawlab.pl\/en\/#website"},"primaryImageOfPage":{"@id":"https:\/\/spawlab.pl\/en\/produkt\/abicor-binzel-abiplas-weld-100-w-mt-698-1013-precision-plasma-welding-fixture\/#primaryimage"},"image":{"@id":"https:\/\/spawlab.pl\/en\/produkt\/abicor-binzel-abiplas-weld-100-w-mt-698-1013-precision-plasma-welding-fixture\/#primaryimage"},"thumbnailUrl":"https:\/\/spawlab.pl\/wp-content\/uploads\/2025\/04\/images.jpeg","datePublished":"2025-04-11T14:42:57+00:00","description":"ABICOR BINZEL ABIPLAS\u00ae WELD 100 W MT comfortable and precise handheld plasma welding fixture. Stable arc, high quality welds.","breadcrumb":{"@id":"https:\/\/spawlab.pl\/en\/produkt\/abicor-binzel-abiplas-weld-100-w-mt-698-1013-precision-plasma-welding-fixture\/#breadcrumb"},"inLanguage":"en-US","potentialAction":[{"@type":"ReadAction","target":["https:\/\/spawlab.pl\/en\/produkt\/abicor-binzel-abiplas-weld-100-w-mt-698-1013-precision-plasma-welding-fixture\/"]}]},{"@type":"ImageObject","inLanguage":"en-US","@id":"https:\/\/spawlab.pl\/en\/produkt\/abicor-binzel-abiplas-weld-100-w-mt-698-1013-precision-plasma-welding-fixture\/#primaryimage","url":"https:\/\/spawlab.pl\/wp-content\/uploads\/2025\/04\/images.jpeg","contentUrl":"https:\/\/spawlab.pl\/wp-content\/uploads\/2025\/04\/images.jpeg","width":225,"height":225},{"@type":"BreadcrumbList","@id":"https:\/\/spawlab.pl\/en\/produkt\/abicor-binzel-abiplas-weld-100-w-mt-698-1013-precision-plasma-welding-fixture\/#breadcrumb","itemListElement":[{"@type":"ListItem","position":1,"name":"Strona g\u0142\u00f3wna","item":"https:\/\/spawlab.pl\/en\/"},{"@type":"ListItem","position":2,"name":"Store","item":"https:\/\/spawlab.pl\/en\/shop\/"},{"@type":"ListItem","position":3,"name":"ABICOR BINZEL ABIPLAS\u00ae WELD 100 W MT 698.1013 precision plasma welding fixture."}]},{"@type":"WebSite","@id":"https:\/\/spawlab.pl\/en\/#website","url":"https:\/\/spawlab.pl\/en\/","name":"Spawlab.pl Lider - Spawarki, Przecinarki Plazmowe, Kompresory","description":"Urz\u0105dzenia spawalnicze i Przecinarki plazmowe\/ nowe i u\u017cywane \/ Profesjonalny serwis","publisher":{"@id":"https:\/\/spawlab.pl\/en\/#organization"},"alternateName":"Spawlab.pl - Dystrybutor Premium i Serwis na Polske Migatronic, Gys, Voestalpine Bohler Welding","potentialAction":[{"@type":"SearchAction","target":{"@type":"EntryPoint","urlTemplate":"https:\/\/spawlab.pl\/en\/?s={search_term_string}"},"query-input":{"@type":"PropertyValueSpecification","valueRequired":true,"valueName":"search_term_string"}}],"inLanguage":"en-US"},{"@type":["Organization","Place"],"@id":"https:\/\/spawlab.pl\/en\/#organization","name":"Spawlab.pl","url":"https:\/\/spawlab.pl\/en\/","logo":{"@id":"https:\/\/spawlab.pl\/en\/produkt\/abicor-binzel-abiplas-weld-100-w-mt-698-1013-precision-plasma-welding-fixture\/#local-main-organization-logo"},"image":{"@id":"https:\/\/spawlab.pl\/en\/produkt\/abicor-binzel-abiplas-weld-100-w-mt-698-1013-precision-plasma-welding-fixture\/#local-main-organization-logo"},"sameAs":["https:\/\/www.facebook.com\/Spawlab\/","https:\/\/www.linkedin.com\/company\/spawlab","https:\/\/www.instagram.com\/spawlab.pl","https:\/\/www.tiktok.com\/@spawlab"],"description":"Lider sprzeda\u017cy, Oficjalny Dystrybutor Premium i Serwis na Polsk\u0119 Migatronic, Gys, Voestalpine Bohler Welding. Nowe i u\u017cywane Spawarki, Przecinarki Plazmowe, Kompresory. Mgr in\u017c. Jaros\u0142aw Ko\u0142aski, IWE","hasMerchantReturnPolicy":{"@type":"MerchantReturnPolicy","merchantReturnLink":"https:\/\/spawlab.pl\/polityka-prywatnosci-2\/"},"telephone":[],"openingHoursSpecification":[{"@type":"OpeningHoursSpecification","dayOfWeek":["Monday","Tuesday","Wednesday","Thursday","Friday","Saturday","Sunday"],"opens":"09:00","closes":"17:00"}]},{"@type":"ImageObject","inLanguage":"en-US","@id":"https:\/\/spawlab.pl\/en\/produkt\/abicor-binzel-abiplas-weld-100-w-mt-698-1013-precision-plasma-welding-fixture\/#local-main-organization-logo","url":"https:\/\/spawlab.pl\/wp-content\/uploads\/2022\/01\/olx.jpg","contentUrl":"https:\/\/spawlab.pl\/wp-content\/uploads\/2022\/01\/olx.jpg","width":200,"height":200,"caption":"Spawlab.pl"}]},"product_brand":"Abicor Binzel","product_price_amount":"8988.15","product_price_currency":"PLN","og_availability":"backorder","product_availability":"available for order","product_retailer_item_id":"698.1013","product_condition":"new"},"_links":{"self":[{"href":"https:\/\/spawlab.pl\/en\/wp-json\/wp\/v2\/product\/36732","targetHints":{"allow":["GET"]}}],"collection":[{"href":"https:\/\/spawlab.pl\/en\/wp-json\/wp\/v2\/product"}],"about":[{"href":"https:\/\/spawlab.pl\/en\/wp-json\/wp\/v2\/types\/product"}],"wp:featuredmedia":[{"embeddable":true,"href":"https:\/\/spawlab.pl\/en\/wp-json\/wp\/v2\/media\/26510"}],"wp:attachment":[{"href":"https:\/\/spawlab.pl\/en\/wp-json\/wp\/v2\/media?parent=36732"}],"wp:term":[{"taxonomy":"product_brand","embeddable":true,"href":"https:\/\/spawlab.pl\/en\/wp-json\/wp\/v2\/product_brand?post=36732"},{"taxonomy":"product_cat","embeddable":true,"href":"https:\/\/spawlab.pl\/en\/wp-json\/wp\/v2\/product_cat?post=36732"},{"taxonomy":"product_tag","embeddable":true,"href":"https:\/\/spawlab.pl\/en\/wp-json\/wp\/v2\/product_tag?post=36732"}],"curies":[{"name":"wp","href":"https:\/\/api.w.org\/{rel}","templated":true}]}}