{"id":36738,"date":"2025-04-11T16:43:43","date_gmt":"2025-04-11T14:43:43","guid":{"rendered":"https:\/\/spawlab.pl\/produkt\/abicor-binzel-abiplas-cut-200w-mt-6m-plasma-cutting-attachment-za-specjal-758-1018\/"},"modified":"2025-04-11T16:43:43","modified_gmt":"2025-04-11T14:43:43","slug":"abicor-binzel-abiplas-cut-200w-mt-6m-plasma-cutting-attachment-za-specjal-758-1018","status":"publish","type":"product","link":"https:\/\/spawlab.pl\/en\/produkt\/abicor-binzel-abiplas-cut-200w-mt-6m-plasma-cutting-attachment-za-specjal-758-1018\/","title":{"rendered":"ABICOR BINZEL ABIPLAS CUT 200W MT 6m plasma cutting attachment ZA SPECJAL 758.1018"},"content":{"rendered":"<p>The ABIPLAS CUT 200W MT 6.0m ZA SPECJAL is a high-performance, liquid-cooled plasma cutting fixture from ABICOR BINZEL. Designed for professional industrial applications, it combines excellent cutting quality and durability with the potential added benefits of the \u201cMT\u201d designation (which may suggest a modular handle design or other enhanced technical features). The \u201cW\u201d liquid-cooling system allows cutting with high currents, reaching up to a maximum of 200 A, while maintaining optimal temperatures and extending the life of consumables. The handle length is 6 meters, providing a good working range. The \u201cZA SPECJAL\u201d designation indicates the special connector configuration (\u201cZA\u201d) and other improvements over the standard version. These special features, combined with the \u201cMT\u201d design, may offer additional benefits, such as specific compatibility with plasma sources with a \u201cZA\u201d connection, better ergonomics, easier maintenance or specific control options. To learn the exact differences and specifications of this special MT variant with ZA connection, it is recommended to check the detailed product documentation.      <\/p>\n","protected":false},"excerpt":{"rendered":"<p>ABICOR BINZEL ABIPLAS CUT 200W MT 6.0m ZA SPECJAL high-performance liquid-cooled plasma cutting chuck with potentially modular handle and special ZA connection and upgrades, max. 200A, 6m length, for professional applications. <\/p>\n","protected":false},"featured_media":26645,"template":"","meta":{"inline_featured_image":false},"product_brand":[1453],"product_cat":[5330,5389,476,475,502,474,522,478,529,533],"product_tag":[5396,5404,5402,5398,5394,5419,5420,4556,5335,5406,5255,5336,5413],"class_list":{"0":"post-36738","1":"product","2":"type-product","3":"status-publish","4":"has-post-thumbnail","6":"product_brand-abicor-binzel","7":"product_cat-abicor-binzel-en","8":"product_cat-abicor-binzel-en-2","9":"product_cat-accessories","10":"product_cat-accessories-parts","11":"product_cat-liquid-cooled-en-4","12":"product_cat-new","13":"product_cat-parts","14":"product_cat-plasma-cutters-en","15":"product_cat-plasma-mounts","16":"product_cat-wires-handles","17":"product_tag-200a-en","18":"product_tag-200w-mt-en","19":"product_tag-6m-en","20":"product_tag-abiplas-cut-en","21":"product_tag-binzel-en","22":"product_tag-for","23":"product_tag-for-special","24":"product_tag-industrial","25":"product_tag-liquid-cooled","26":"product_tag-mt-en","27":"product_tag-plasma-cutting","28":"product_tag-plasma-holder","29":"product_tag-special","31":"first","32":"onbackorder","33":"sale","34":"taxable","35":"shipping-taxable","36":"purchasable","37":"product-type-simple"},"yoast_head":"<!-- This site is optimized with the Yoast SEO Premium plugin v27.0 (Yoast SEO v27.3) - https:\/\/yoast.com\/product\/yoast-seo-premium-wordpress\/ -->\n<title>ABICOR BINZEL ABIPLAS CUT 200W MT 6m plasma cutting attachment ZA SPECJAL 758.1018<\/title>\n<meta name=\"description\" content=\"ABICOR BINZEL ABIPLAS CUT 200W MT 6.0m ZA SPECJAL - A professional liquid-cooled plasma cutting fixture with high performance and a range of 6 meters. MT SPECJAL version with ZA connection and improved design.\" \/>\n<meta name=\"robots\" content=\"index, follow, max-snippet:-1, max-image-preview:large, max-video-preview:-1\" \/>\n<link rel=\"canonical\" href=\"https:\/\/spawlab.pl\/en\/produkt\/abicor-binzel-abiplas-cut-200w-mt-6m-plasma-cutting-attachment-za-specjal-758-1018\/\" \/>\n<meta property=\"og:locale\" content=\"en_US\" \/>\n<meta property=\"og:type\" content=\"article\" \/>\n<meta property=\"og:title\" content=\"ABICOR BINZEL ABIPLAS CUT 200W MT 6m plasma cutting attachment ZA SPECJAL 758.1018\" \/>\n<meta property=\"og:description\" content=\"Lider sprzeda\u017cy, Oficjalny Dystrybutor Premium i Serwis na Polsk\u0119 Migatronic, Gys, Voestalpine Bohler Welding. Nowe i u\u017cywane Spawarki, Przecinarki Plazmowe, Kompresory. Mgr in\u017c. Jaros\u0142aw Ko\u0142aski, IWE\" \/>\n<meta property=\"og:url\" content=\"https:\/\/spawlab.pl\/en\/produkt\/abicor-binzel-abiplas-cut-200w-mt-6m-plasma-cutting-attachment-za-specjal-758-1018\/\" \/>\n<meta property=\"og:site_name\" content=\"SpawLab - Welding equipment and plasma cutters - store and service\" \/>\n<meta property=\"article:publisher\" content=\"https:\/\/www.facebook.com\/Spawlab\/\" \/>\n<meta property=\"og:image\" content=\"https:\/\/spawlab.pl\/wp-content\/uploads\/2025\/04\/\u0437\u0430\u0432\u0430\u043d\u0442\u0430\u0436\u0435\u043d\u043d\u044f-21.jpeg\" \/>\n\t<meta property=\"og:image:width\" content=\"225\" \/>\n\t<meta property=\"og:image:height\" content=\"225\" \/>\n\t<meta property=\"og:image:type\" content=\"image\/jpeg\" \/>\n<meta name=\"twitter:label1\" content=\"Price\" \/>\n\t<meta name=\"twitter:data1\" content=\"9 521,53&nbsp;&#122;&#322; (7 741,08&nbsp;&#122;&#322; netto)\" \/>\n\t<meta name=\"twitter:label2\" content=\"Availability\" \/>\n\t<meta name=\"twitter:data2\" content=\"On backorder\" \/>\n<script type=\"application\/ld+json\" class=\"yoast-schema-graph\">{\"@context\":\"https:\\\/\\\/schema.org\",\"@graph\":[{\"@type\":[\"WebPage\",\"ItemPage\"],\"@id\":\"https:\\\/\\\/spawlab.pl\\\/en\\\/produkt\\\/abicor-binzel-abiplas-cut-200w-mt-6m-plasma-cutting-attachment-za-specjal-758-1018\\\/\",\"url\":\"https:\\\/\\\/spawlab.pl\\\/en\\\/produkt\\\/abicor-binzel-abiplas-cut-200w-mt-6m-plasma-cutting-attachment-za-specjal-758-1018\\\/\",\"name\":\"ABICOR BINZEL ABIPLAS CUT 200W MT 6m plasma cutting attachment ZA SPECJAL 758.1018\",\"isPartOf\":{\"@id\":\"https:\\\/\\\/spawlab.pl\\\/en\\\/#website\"},\"primaryImageOfPage\":{\"@id\":\"https:\\\/\\\/spawlab.pl\\\/en\\\/produkt\\\/abicor-binzel-abiplas-cut-200w-mt-6m-plasma-cutting-attachment-za-specjal-758-1018\\\/#primaryimage\"},\"image\":{\"@id\":\"https:\\\/\\\/spawlab.pl\\\/en\\\/produkt\\\/abicor-binzel-abiplas-cut-200w-mt-6m-plasma-cutting-attachment-za-specjal-758-1018\\\/#primaryimage\"},\"thumbnailUrl\":\"https:\\\/\\\/spawlab.pl\\\/wp-content\\\/uploads\\\/2025\\\/04\\\/\u0437\u0430\u0432\u0430\u043d\u0442\u0430\u0436\u0435\u043d\u043d\u044f-21.jpeg\",\"datePublished\":\"2025-04-11T14:43:43+00:00\",\"description\":\"ABICOR BINZEL ABIPLAS CUT 200W MT 6.0m ZA SPECJAL - A professional liquid-cooled plasma cutting fixture with high performance and a range of 6 meters. MT SPECJAL version with ZA connection and improved design.\",\"breadcrumb\":{\"@id\":\"https:\\\/\\\/spawlab.pl\\\/en\\\/produkt\\\/abicor-binzel-abiplas-cut-200w-mt-6m-plasma-cutting-attachment-za-specjal-758-1018\\\/#breadcrumb\"},\"inLanguage\":\"en-US\",\"potentialAction\":[{\"@type\":\"ReadAction\",\"target\":[\"https:\\\/\\\/spawlab.pl\\\/en\\\/produkt\\\/abicor-binzel-abiplas-cut-200w-mt-6m-plasma-cutting-attachment-za-specjal-758-1018\\\/\"]}]},{\"@type\":\"ImageObject\",\"inLanguage\":\"en-US\",\"@id\":\"https:\\\/\\\/spawlab.pl\\\/en\\\/produkt\\\/abicor-binzel-abiplas-cut-200w-mt-6m-plasma-cutting-attachment-za-specjal-758-1018\\\/#primaryimage\",\"url\":\"https:\\\/\\\/spawlab.pl\\\/wp-content\\\/uploads\\\/2025\\\/04\\\/\u0437\u0430\u0432\u0430\u043d\u0442\u0430\u0436\u0435\u043d\u043d\u044f-21.jpeg\",\"contentUrl\":\"https:\\\/\\\/spawlab.pl\\\/wp-content\\\/uploads\\\/2025\\\/04\\\/\u0437\u0430\u0432\u0430\u043d\u0442\u0430\u0436\u0435\u043d\u043d\u044f-21.jpeg\",\"width\":225,\"height\":225},{\"@type\":\"BreadcrumbList\",\"@id\":\"https:\\\/\\\/spawlab.pl\\\/en\\\/produkt\\\/abicor-binzel-abiplas-cut-200w-mt-6m-plasma-cutting-attachment-za-specjal-758-1018\\\/#breadcrumb\",\"itemListElement\":[{\"@type\":\"ListItem\",\"position\":1,\"name\":\"Strona g\u0142\u00f3wna\",\"item\":\"https:\\\/\\\/spawlab.pl\\\/en\\\/\"},{\"@type\":\"ListItem\",\"position\":2,\"name\":\"Store\",\"item\":\"https:\\\/\\\/spawlab.pl\\\/en\\\/shop\\\/\"},{\"@type\":\"ListItem\",\"position\":3,\"name\":\"ABICOR BINZEL ABIPLAS CUT 200W MT 6m plasma cutting attachment ZA SPECJAL 758.1018\"}]},{\"@type\":\"WebSite\",\"@id\":\"https:\\\/\\\/spawlab.pl\\\/en\\\/#website\",\"url\":\"https:\\\/\\\/spawlab.pl\\\/en\\\/\",\"name\":\"Spawlab.pl Lider - Spawarki, Przecinarki Plazmowe, Kompresory\",\"description\":\"Urz\u0105dzenia spawalnicze i Przecinarki plazmowe\\\/ nowe i u\u017cywane \\\/ Profesjonalny serwis\",\"publisher\":{\"@id\":\"https:\\\/\\\/spawlab.pl\\\/en\\\/#organization\"},\"alternateName\":\"Spawlab.pl - Dystrybutor Premium i Serwis na Polske Migatronic, Gys, Voestalpine Bohler Welding\",\"potentialAction\":[{\"@type\":\"SearchAction\",\"target\":{\"@type\":\"EntryPoint\",\"urlTemplate\":\"https:\\\/\\\/spawlab.pl\\\/en\\\/?s={search_term_string}\"},\"query-input\":{\"@type\":\"PropertyValueSpecification\",\"valueRequired\":true,\"valueName\":\"search_term_string\"}}],\"inLanguage\":\"en-US\"},{\"@type\":[\"Organization\",\"Place\"],\"@id\":\"https:\\\/\\\/spawlab.pl\\\/en\\\/#organization\",\"name\":\"Spawlab.pl\",\"url\":\"https:\\\/\\\/spawlab.pl\\\/en\\\/\",\"logo\":{\"@id\":\"https:\\\/\\\/spawlab.pl\\\/en\\\/produkt\\\/abicor-binzel-abiplas-cut-200w-mt-6m-plasma-cutting-attachment-za-specjal-758-1018\\\/#local-main-organization-logo\"},\"image\":{\"@id\":\"https:\\\/\\\/spawlab.pl\\\/en\\\/produkt\\\/abicor-binzel-abiplas-cut-200w-mt-6m-plasma-cutting-attachment-za-specjal-758-1018\\\/#local-main-organization-logo\"},\"sameAs\":[\"https:\\\/\\\/www.facebook.com\\\/Spawlab\\\/\",\"https:\\\/\\\/www.linkedin.com\\\/company\\\/spawlab\",\"https:\\\/\\\/www.instagram.com\\\/spawlab.pl\",\"https:\\\/\\\/www.tiktok.com\\\/@spawlab\"],\"description\":\"Lider sprzeda\u017cy, Oficjalny Dystrybutor Premium i Serwis na Polsk\u0119 Migatronic, Gys, Voestalpine Bohler Welding. Nowe i u\u017cywane Spawarki, Przecinarki Plazmowe, Kompresory. Mgr in\u017c. Jaros\u0142aw Ko\u0142aski, IWE\",\"hasMerchantReturnPolicy\":{\"@type\":\"MerchantReturnPolicy\",\"merchantReturnLink\":\"https:\\\/\\\/spawlab.pl\\\/polityka-prywatnosci-2\\\/\"},\"telephone\":[],\"openingHoursSpecification\":[{\"@type\":\"OpeningHoursSpecification\",\"dayOfWeek\":[\"Monday\",\"Tuesday\",\"Wednesday\",\"Thursday\",\"Friday\",\"Saturday\",\"Sunday\"],\"opens\":\"09:00\",\"closes\":\"17:00\"}]},{\"@type\":\"ImageObject\",\"inLanguage\":\"en-US\",\"@id\":\"https:\\\/\\\/spawlab.pl\\\/en\\\/produkt\\\/abicor-binzel-abiplas-cut-200w-mt-6m-plasma-cutting-attachment-za-specjal-758-1018\\\/#local-main-organization-logo\",\"url\":\"https:\\\/\\\/spawlab.pl\\\/wp-content\\\/uploads\\\/2022\\\/01\\\/olx.jpg\",\"contentUrl\":\"https:\\\/\\\/spawlab.pl\\\/wp-content\\\/uploads\\\/2022\\\/01\\\/olx.jpg\",\"width\":200,\"height\":200,\"caption\":\"Spawlab.pl\"}]}<\/script>\n<meta property=\"product:brand\" content=\"Abicor Binzel\" \/>\n<meta property=\"product:price:amount\" content=\"9521.53\" \/>\n<meta property=\"product:price:currency\" content=\"PLN\" \/>\n<meta property=\"og:availability\" content=\"backorder\" \/>\n<meta property=\"product:availability\" content=\"available for order\" \/>\n<meta property=\"product:retailer_item_id\" content=\"758.1018\" \/>\n<meta property=\"product:condition\" content=\"new\" \/>\n<!-- \/ Yoast SEO Premium plugin. -->","yoast_head_json":{"title":"ABICOR BINZEL ABIPLAS CUT 200W MT 6m plasma cutting attachment ZA SPECJAL 758.1018","description":"ABICOR BINZEL ABIPLAS CUT 200W MT 6.0m ZA SPECJAL - A professional liquid-cooled plasma cutting fixture with high performance and a range of 6 meters. MT SPECJAL version with ZA connection and improved design.","robots":{"index":"index","follow":"follow","max-snippet":"max-snippet:-1","max-image-preview":"max-image-preview:large","max-video-preview":"max-video-preview:-1"},"canonical":"https:\/\/spawlab.pl\/en\/produkt\/abicor-binzel-abiplas-cut-200w-mt-6m-plasma-cutting-attachment-za-specjal-758-1018\/","og_locale":"en_US","og_type":"article","og_title":"ABICOR BINZEL ABIPLAS CUT 200W MT 6m plasma cutting attachment ZA SPECJAL 758.1018","og_description":"Lider sprzeda\u017cy, Oficjalny Dystrybutor Premium i Serwis na Polsk\u0119 Migatronic, Gys, Voestalpine Bohler Welding. Nowe i u\u017cywane Spawarki, Przecinarki Plazmowe, Kompresory. Mgr in\u017c. Jaros\u0142aw Ko\u0142aski, IWE","og_url":"https:\/\/spawlab.pl\/en\/produkt\/abicor-binzel-abiplas-cut-200w-mt-6m-plasma-cutting-attachment-za-specjal-758-1018\/","og_site_name":"SpawLab - Welding equipment and plasma cutters - store and service","article_publisher":"https:\/\/www.facebook.com\/Spawlab\/","og_image":[{"width":225,"height":225,"url":"https:\/\/spawlab.pl\/wp-content\/uploads\/2025\/04\/\u0437\u0430\u0432\u0430\u043d\u0442\u0430\u0436\u0435\u043d\u043d\u044f-21.jpeg","type":"image\/jpeg"}],"twitter_misc":{"Price":"9 521,53&nbsp;&#122;&#322; (7 741,08&nbsp;&#122;&#322; netto)","Availability":"On backorder"},"schema":{"@context":"https:\/\/schema.org","@graph":[{"@type":["WebPage","ItemPage"],"@id":"https:\/\/spawlab.pl\/en\/produkt\/abicor-binzel-abiplas-cut-200w-mt-6m-plasma-cutting-attachment-za-specjal-758-1018\/","url":"https:\/\/spawlab.pl\/en\/produkt\/abicor-binzel-abiplas-cut-200w-mt-6m-plasma-cutting-attachment-za-specjal-758-1018\/","name":"ABICOR BINZEL ABIPLAS CUT 200W MT 6m plasma cutting attachment ZA SPECJAL 758.1018","isPartOf":{"@id":"https:\/\/spawlab.pl\/en\/#website"},"primaryImageOfPage":{"@id":"https:\/\/spawlab.pl\/en\/produkt\/abicor-binzel-abiplas-cut-200w-mt-6m-plasma-cutting-attachment-za-specjal-758-1018\/#primaryimage"},"image":{"@id":"https:\/\/spawlab.pl\/en\/produkt\/abicor-binzel-abiplas-cut-200w-mt-6m-plasma-cutting-attachment-za-specjal-758-1018\/#primaryimage"},"thumbnailUrl":"https:\/\/spawlab.pl\/wp-content\/uploads\/2025\/04\/\u0437\u0430\u0432\u0430\u043d\u0442\u0430\u0436\u0435\u043d\u043d\u044f-21.jpeg","datePublished":"2025-04-11T14:43:43+00:00","description":"ABICOR BINZEL ABIPLAS CUT 200W MT 6.0m ZA SPECJAL - A professional liquid-cooled plasma cutting fixture with high performance and a range of 6 meters. MT SPECJAL version with ZA connection and improved design.","breadcrumb":{"@id":"https:\/\/spawlab.pl\/en\/produkt\/abicor-binzel-abiplas-cut-200w-mt-6m-plasma-cutting-attachment-za-specjal-758-1018\/#breadcrumb"},"inLanguage":"en-US","potentialAction":[{"@type":"ReadAction","target":["https:\/\/spawlab.pl\/en\/produkt\/abicor-binzel-abiplas-cut-200w-mt-6m-plasma-cutting-attachment-za-specjal-758-1018\/"]}]},{"@type":"ImageObject","inLanguage":"en-US","@id":"https:\/\/spawlab.pl\/en\/produkt\/abicor-binzel-abiplas-cut-200w-mt-6m-plasma-cutting-attachment-za-specjal-758-1018\/#primaryimage","url":"https:\/\/spawlab.pl\/wp-content\/uploads\/2025\/04\/\u0437\u0430\u0432\u0430\u043d\u0442\u0430\u0436\u0435\u043d\u043d\u044f-21.jpeg","contentUrl":"https:\/\/spawlab.pl\/wp-content\/uploads\/2025\/04\/\u0437\u0430\u0432\u0430\u043d\u0442\u0430\u0436\u0435\u043d\u043d\u044f-21.jpeg","width":225,"height":225},{"@type":"BreadcrumbList","@id":"https:\/\/spawlab.pl\/en\/produkt\/abicor-binzel-abiplas-cut-200w-mt-6m-plasma-cutting-attachment-za-specjal-758-1018\/#breadcrumb","itemListElement":[{"@type":"ListItem","position":1,"name":"Strona g\u0142\u00f3wna","item":"https:\/\/spawlab.pl\/en\/"},{"@type":"ListItem","position":2,"name":"Store","item":"https:\/\/spawlab.pl\/en\/shop\/"},{"@type":"ListItem","position":3,"name":"ABICOR BINZEL ABIPLAS CUT 200W MT 6m plasma cutting attachment ZA SPECJAL 758.1018"}]},{"@type":"WebSite","@id":"https:\/\/spawlab.pl\/en\/#website","url":"https:\/\/spawlab.pl\/en\/","name":"Spawlab.pl Lider - Spawarki, Przecinarki Plazmowe, Kompresory","description":"Urz\u0105dzenia spawalnicze i Przecinarki plazmowe\/ nowe i u\u017cywane \/ Profesjonalny serwis","publisher":{"@id":"https:\/\/spawlab.pl\/en\/#organization"},"alternateName":"Spawlab.pl - Dystrybutor Premium i Serwis na Polske Migatronic, Gys, Voestalpine Bohler Welding","potentialAction":[{"@type":"SearchAction","target":{"@type":"EntryPoint","urlTemplate":"https:\/\/spawlab.pl\/en\/?s={search_term_string}"},"query-input":{"@type":"PropertyValueSpecification","valueRequired":true,"valueName":"search_term_string"}}],"inLanguage":"en-US"},{"@type":["Organization","Place"],"@id":"https:\/\/spawlab.pl\/en\/#organization","name":"Spawlab.pl","url":"https:\/\/spawlab.pl\/en\/","logo":{"@id":"https:\/\/spawlab.pl\/en\/produkt\/abicor-binzel-abiplas-cut-200w-mt-6m-plasma-cutting-attachment-za-specjal-758-1018\/#local-main-organization-logo"},"image":{"@id":"https:\/\/spawlab.pl\/en\/produkt\/abicor-binzel-abiplas-cut-200w-mt-6m-plasma-cutting-attachment-za-specjal-758-1018\/#local-main-organization-logo"},"sameAs":["https:\/\/www.facebook.com\/Spawlab\/","https:\/\/www.linkedin.com\/company\/spawlab","https:\/\/www.instagram.com\/spawlab.pl","https:\/\/www.tiktok.com\/@spawlab"],"description":"Lider sprzeda\u017cy, Oficjalny Dystrybutor Premium i Serwis na Polsk\u0119 Migatronic, Gys, Voestalpine Bohler Welding. Nowe i u\u017cywane Spawarki, Przecinarki Plazmowe, Kompresory. Mgr in\u017c. Jaros\u0142aw Ko\u0142aski, IWE","hasMerchantReturnPolicy":{"@type":"MerchantReturnPolicy","merchantReturnLink":"https:\/\/spawlab.pl\/polityka-prywatnosci-2\/"},"telephone":[],"openingHoursSpecification":[{"@type":"OpeningHoursSpecification","dayOfWeek":["Monday","Tuesday","Wednesday","Thursday","Friday","Saturday","Sunday"],"opens":"09:00","closes":"17:00"}]},{"@type":"ImageObject","inLanguage":"en-US","@id":"https:\/\/spawlab.pl\/en\/produkt\/abicor-binzel-abiplas-cut-200w-mt-6m-plasma-cutting-attachment-za-specjal-758-1018\/#local-main-organization-logo","url":"https:\/\/spawlab.pl\/wp-content\/uploads\/2022\/01\/olx.jpg","contentUrl":"https:\/\/spawlab.pl\/wp-content\/uploads\/2022\/01\/olx.jpg","width":200,"height":200,"caption":"Spawlab.pl"}]},"product_brand":"Abicor Binzel","product_price_amount":"9521.53","product_price_currency":"PLN","og_availability":"backorder","product_availability":"available for order","product_retailer_item_id":"758.1018","product_condition":"new"},"_links":{"self":[{"href":"https:\/\/spawlab.pl\/en\/wp-json\/wp\/v2\/product\/36738","targetHints":{"allow":["GET"]}}],"collection":[{"href":"https:\/\/spawlab.pl\/en\/wp-json\/wp\/v2\/product"}],"about":[{"href":"https:\/\/spawlab.pl\/en\/wp-json\/wp\/v2\/types\/product"}],"wp:featuredmedia":[{"embeddable":true,"href":"https:\/\/spawlab.pl\/en\/wp-json\/wp\/v2\/media\/26645"}],"wp:attachment":[{"href":"https:\/\/spawlab.pl\/en\/wp-json\/wp\/v2\/media?parent=36738"}],"wp:term":[{"taxonomy":"product_brand","embeddable":true,"href":"https:\/\/spawlab.pl\/en\/wp-json\/wp\/v2\/product_brand?post=36738"},{"taxonomy":"product_cat","embeddable":true,"href":"https:\/\/spawlab.pl\/en\/wp-json\/wp\/v2\/product_cat?post=36738"},{"taxonomy":"product_tag","embeddable":true,"href":"https:\/\/spawlab.pl\/en\/wp-json\/wp\/v2\/product_tag?post=36738"}],"curies":[{"name":"wp","href":"https:\/\/api.w.org\/{rel}","templated":true}]}}