{"id":36740,"date":"2025-04-11T16:43:32","date_gmt":"2025-04-11T14:43:32","guid":{"rendered":"https:\/\/spawlab.pl\/produkt\/abicor-binzel-abiplas-cut-200w-6m-ea-specjal-758-0052-plasma-cutting-handle\/"},"modified":"2025-04-11T16:43:32","modified_gmt":"2025-04-11T14:43:32","slug":"abicor-binzel-abiplas-cut-200w-6m-ea-specjal-758-0052-plasma-cutting-handle","status":"publish","type":"product","link":"https:\/\/spawlab.pl\/en\/produkt\/abicor-binzel-abiplas-cut-200w-6m-ea-specjal-758-0052-plasma-cutting-handle\/","title":{"rendered":"ABICOR BINZEL ABIPLAS CUT 200W 6m EA SPECJAL 758.0052 plasma cutting handle"},"content":{"rendered":"<p>ABIPLAS CUT 200W 6.0m EA SPECJAL is a high-performance liquid-cooled plasma cutting fixture from ABICOR BINZEL. Like the STANDARD version, it is designed for professional industrial applications, offering excellent cutting quality and durability thanks to the \u201cW\u201d liquid-cooling system, which allows cutting with high currents (up to 200 A maximum cutting current) while maintaining optimal temperature and extending the life of consumables. The handle length is 6 meters, providing a long working range. The designation \u201cEA SPECJAL\u201d suggests that this variant has special features or improvements over the standard version. These may include modifications to the handle design, cable package, connector type or additional safety features to suit specific user requirements or industrial applications. To know the exact differences, it is recommended to check the detailed product specifications.     <\/p>\n","protected":false},"excerpt":{"rendered":"<p>ABICOR BINZEL ABIPLAS CUT 200W 6.0m EA SPECJAL high-performance liquid-cooled plasma cutting attachment, max. 200A, length 6m, special version for professional applications. <\/p>\n","protected":false},"featured_media":26637,"template":"","meta":{"inline_featured_image":false},"product_brand":[1453],"product_cat":[5330,5389,476,475,502,474,522,478,529,533],"product_tag":[5396,5421,5402,5398,5394,5412,4556,5335,5255,5336,5413],"class_list":{"0":"post-36740","1":"product","2":"type-product","3":"status-publish","4":"has-post-thumbnail","6":"product_brand-abicor-binzel","7":"product_cat-abicor-binzel-en","8":"product_cat-abicor-binzel-en-2","9":"product_cat-accessories","10":"product_cat-accessories-parts","11":"product_cat-liquid-cooled-en-4","12":"product_cat-new","13":"product_cat-parts","14":"product_cat-plasma-cutters-en","15":"product_cat-plasma-mounts","16":"product_cat-wires-handles","17":"product_tag-200a-en","18":"product_tag-200w-en","19":"product_tag-6m-en","20":"product_tag-abiplas-cut-en","21":"product_tag-binzel-en","22":"product_tag-ea-special","23":"product_tag-industrial","24":"product_tag-liquid-cooled","25":"product_tag-plasma-cutting","26":"product_tag-plasma-holder","27":"product_tag-special","29":"first","30":"onbackorder","31":"sale","32":"taxable","33":"shipping-taxable","34":"purchasable","35":"product-type-simple"},"yoast_head":"<!-- This site is optimized with the Yoast SEO Premium plugin v27.0 (Yoast SEO v27.3) - https:\/\/yoast.com\/product\/yoast-seo-premium-wordpress\/ -->\n<title>ABICOR BINZEL ABIPLAS CUT 200W 6m EA SPECJAL 758.0052 plasma cutting handle<\/title>\n<meta name=\"description\" content=\"ABICOR BINZEL ABIPLAS CUT 200W 6.0m EA SPECJAL - a professional liquid-cooled plasma cutting fixture with high performance and a range of 6 meters. Special version with improved features.\" \/>\n<meta name=\"robots\" content=\"index, follow, max-snippet:-1, max-image-preview:large, max-video-preview:-1\" \/>\n<link rel=\"canonical\" href=\"https:\/\/spawlab.pl\/en\/produkt\/abicor-binzel-abiplas-cut-200w-6m-ea-specjal-758-0052-plasma-cutting-handle\/\" \/>\n<meta property=\"og:locale\" content=\"en_US\" \/>\n<meta property=\"og:type\" content=\"article\" \/>\n<meta property=\"og:title\" content=\"ABICOR BINZEL ABIPLAS CUT 200W 6m EA SPECJAL 758.0052 plasma cutting handle\" \/>\n<meta property=\"og:description\" content=\"Lider sprzeda\u017cy, Oficjalny Dystrybutor Premium i Serwis na Polsk\u0119 Migatronic, Gys, Voestalpine Bohler Welding. Nowe i u\u017cywane Spawarki, Przecinarki Plazmowe, Kompresory. Mgr in\u017c. Jaros\u0142aw Ko\u0142aski, IWE\" \/>\n<meta property=\"og:url\" content=\"https:\/\/spawlab.pl\/en\/produkt\/abicor-binzel-abiplas-cut-200w-6m-ea-specjal-758-0052-plasma-cutting-handle\/\" \/>\n<meta property=\"og:site_name\" content=\"SpawLab - Welding equipment and plasma cutters - store and service\" \/>\n<meta property=\"article:publisher\" content=\"https:\/\/www.facebook.com\/Spawlab\/\" \/>\n<meta property=\"og:image\" content=\"https:\/\/spawlab.pl\/wp-content\/uploads\/2025\/04\/\u0437\u0430\u0432\u0430\u043d\u0442\u0430\u0436\u0435\u043d\u043d\u044f-19.jpeg\" \/>\n\t<meta property=\"og:image:width\" content=\"225\" \/>\n\t<meta property=\"og:image:height\" content=\"225\" \/>\n\t<meta property=\"og:image:type\" content=\"image\/jpeg\" \/>\n<meta name=\"twitter:label1\" content=\"Price\" \/>\n\t<meta name=\"twitter:data1\" content=\"6 715,15&nbsp;&#122;&#322; (5 459,47&nbsp;&#122;&#322; netto)\" \/>\n\t<meta name=\"twitter:label2\" content=\"Availability\" \/>\n\t<meta name=\"twitter:data2\" content=\"On backorder\" \/>\n<script type=\"application\/ld+json\" class=\"yoast-schema-graph\">{\"@context\":\"https:\\\/\\\/schema.org\",\"@graph\":[{\"@type\":[\"WebPage\",\"ItemPage\"],\"@id\":\"https:\\\/\\\/spawlab.pl\\\/en\\\/produkt\\\/abicor-binzel-abiplas-cut-200w-6m-ea-specjal-758-0052-plasma-cutting-handle\\\/\",\"url\":\"https:\\\/\\\/spawlab.pl\\\/en\\\/produkt\\\/abicor-binzel-abiplas-cut-200w-6m-ea-specjal-758-0052-plasma-cutting-handle\\\/\",\"name\":\"ABICOR BINZEL ABIPLAS CUT 200W 6m EA SPECJAL 758.0052 plasma cutting handle\",\"isPartOf\":{\"@id\":\"https:\\\/\\\/spawlab.pl\\\/en\\\/#website\"},\"primaryImageOfPage\":{\"@id\":\"https:\\\/\\\/spawlab.pl\\\/en\\\/produkt\\\/abicor-binzel-abiplas-cut-200w-6m-ea-specjal-758-0052-plasma-cutting-handle\\\/#primaryimage\"},\"image\":{\"@id\":\"https:\\\/\\\/spawlab.pl\\\/en\\\/produkt\\\/abicor-binzel-abiplas-cut-200w-6m-ea-specjal-758-0052-plasma-cutting-handle\\\/#primaryimage\"},\"thumbnailUrl\":\"https:\\\/\\\/spawlab.pl\\\/wp-content\\\/uploads\\\/2025\\\/04\\\/\u0437\u0430\u0432\u0430\u043d\u0442\u0430\u0436\u0435\u043d\u043d\u044f-19.jpeg\",\"datePublished\":\"2025-04-11T14:43:32+00:00\",\"description\":\"ABICOR BINZEL ABIPLAS CUT 200W 6.0m EA SPECJAL - a professional liquid-cooled plasma cutting fixture with high performance and a range of 6 meters. Special version with improved features.\",\"breadcrumb\":{\"@id\":\"https:\\\/\\\/spawlab.pl\\\/en\\\/produkt\\\/abicor-binzel-abiplas-cut-200w-6m-ea-specjal-758-0052-plasma-cutting-handle\\\/#breadcrumb\"},\"inLanguage\":\"en-US\",\"potentialAction\":[{\"@type\":\"ReadAction\",\"target\":[\"https:\\\/\\\/spawlab.pl\\\/en\\\/produkt\\\/abicor-binzel-abiplas-cut-200w-6m-ea-specjal-758-0052-plasma-cutting-handle\\\/\"]}]},{\"@type\":\"ImageObject\",\"inLanguage\":\"en-US\",\"@id\":\"https:\\\/\\\/spawlab.pl\\\/en\\\/produkt\\\/abicor-binzel-abiplas-cut-200w-6m-ea-specjal-758-0052-plasma-cutting-handle\\\/#primaryimage\",\"url\":\"https:\\\/\\\/spawlab.pl\\\/wp-content\\\/uploads\\\/2025\\\/04\\\/\u0437\u0430\u0432\u0430\u043d\u0442\u0430\u0436\u0435\u043d\u043d\u044f-19.jpeg\",\"contentUrl\":\"https:\\\/\\\/spawlab.pl\\\/wp-content\\\/uploads\\\/2025\\\/04\\\/\u0437\u0430\u0432\u0430\u043d\u0442\u0430\u0436\u0435\u043d\u043d\u044f-19.jpeg\",\"width\":225,\"height\":225},{\"@type\":\"BreadcrumbList\",\"@id\":\"https:\\\/\\\/spawlab.pl\\\/en\\\/produkt\\\/abicor-binzel-abiplas-cut-200w-6m-ea-specjal-758-0052-plasma-cutting-handle\\\/#breadcrumb\",\"itemListElement\":[{\"@type\":\"ListItem\",\"position\":1,\"name\":\"Strona g\u0142\u00f3wna\",\"item\":\"https:\\\/\\\/spawlab.pl\\\/en\\\/\"},{\"@type\":\"ListItem\",\"position\":2,\"name\":\"Store\",\"item\":\"https:\\\/\\\/spawlab.pl\\\/en\\\/shop\\\/\"},{\"@type\":\"ListItem\",\"position\":3,\"name\":\"ABICOR BINZEL ABIPLAS CUT 200W 6m EA SPECJAL 758.0052 plasma cutting handle\"}]},{\"@type\":\"WebSite\",\"@id\":\"https:\\\/\\\/spawlab.pl\\\/en\\\/#website\",\"url\":\"https:\\\/\\\/spawlab.pl\\\/en\\\/\",\"name\":\"Spawlab.pl Lider - Spawarki, Przecinarki Plazmowe, Kompresory\",\"description\":\"Urz\u0105dzenia spawalnicze i Przecinarki plazmowe\\\/ nowe i u\u017cywane \\\/ Profesjonalny serwis\",\"publisher\":{\"@id\":\"https:\\\/\\\/spawlab.pl\\\/en\\\/#organization\"},\"alternateName\":\"Spawlab.pl - Dystrybutor Premium i Serwis na Polske Migatronic, Gys, Voestalpine Bohler Welding\",\"potentialAction\":[{\"@type\":\"SearchAction\",\"target\":{\"@type\":\"EntryPoint\",\"urlTemplate\":\"https:\\\/\\\/spawlab.pl\\\/en\\\/?s={search_term_string}\"},\"query-input\":{\"@type\":\"PropertyValueSpecification\",\"valueRequired\":true,\"valueName\":\"search_term_string\"}}],\"inLanguage\":\"en-US\"},{\"@type\":[\"Organization\",\"Place\"],\"@id\":\"https:\\\/\\\/spawlab.pl\\\/en\\\/#organization\",\"name\":\"Spawlab.pl\",\"url\":\"https:\\\/\\\/spawlab.pl\\\/en\\\/\",\"logo\":{\"@id\":\"https:\\\/\\\/spawlab.pl\\\/en\\\/produkt\\\/abicor-binzel-abiplas-cut-200w-6m-ea-specjal-758-0052-plasma-cutting-handle\\\/#local-main-organization-logo\"},\"image\":{\"@id\":\"https:\\\/\\\/spawlab.pl\\\/en\\\/produkt\\\/abicor-binzel-abiplas-cut-200w-6m-ea-specjal-758-0052-plasma-cutting-handle\\\/#local-main-organization-logo\"},\"sameAs\":[\"https:\\\/\\\/www.facebook.com\\\/Spawlab\\\/\",\"https:\\\/\\\/www.linkedin.com\\\/company\\\/spawlab\",\"https:\\\/\\\/www.instagram.com\\\/spawlab.pl\",\"https:\\\/\\\/www.tiktok.com\\\/@spawlab\"],\"description\":\"Lider sprzeda\u017cy, Oficjalny Dystrybutor Premium i Serwis na Polsk\u0119 Migatronic, Gys, Voestalpine Bohler Welding. Nowe i u\u017cywane Spawarki, Przecinarki Plazmowe, Kompresory. Mgr in\u017c. Jaros\u0142aw Ko\u0142aski, IWE\",\"hasMerchantReturnPolicy\":{\"@type\":\"MerchantReturnPolicy\",\"merchantReturnLink\":\"https:\\\/\\\/spawlab.pl\\\/polityka-prywatnosci-2\\\/\"},\"telephone\":[],\"openingHoursSpecification\":[{\"@type\":\"OpeningHoursSpecification\",\"dayOfWeek\":[\"Monday\",\"Tuesday\",\"Wednesday\",\"Thursday\",\"Friday\",\"Saturday\",\"Sunday\"],\"opens\":\"09:00\",\"closes\":\"17:00\"}]},{\"@type\":\"ImageObject\",\"inLanguage\":\"en-US\",\"@id\":\"https:\\\/\\\/spawlab.pl\\\/en\\\/produkt\\\/abicor-binzel-abiplas-cut-200w-6m-ea-specjal-758-0052-plasma-cutting-handle\\\/#local-main-organization-logo\",\"url\":\"https:\\\/\\\/spawlab.pl\\\/wp-content\\\/uploads\\\/2022\\\/01\\\/olx.jpg\",\"contentUrl\":\"https:\\\/\\\/spawlab.pl\\\/wp-content\\\/uploads\\\/2022\\\/01\\\/olx.jpg\",\"width\":200,\"height\":200,\"caption\":\"Spawlab.pl\"}]}<\/script>\n<meta property=\"product:brand\" content=\"Abicor Binzel\" \/>\n<meta property=\"product:price:amount\" content=\"6715.15\" \/>\n<meta property=\"product:price:currency\" content=\"PLN\" \/>\n<meta property=\"og:availability\" content=\"backorder\" \/>\n<meta property=\"product:availability\" content=\"available for order\" \/>\n<meta property=\"product:retailer_item_id\" content=\"758.0052\" \/>\n<meta property=\"product:condition\" content=\"new\" \/>\n<!-- \/ Yoast SEO Premium plugin. -->","yoast_head_json":{"title":"ABICOR BINZEL ABIPLAS CUT 200W 6m EA SPECJAL 758.0052 plasma cutting handle","description":"ABICOR BINZEL ABIPLAS CUT 200W 6.0m EA SPECJAL - a professional liquid-cooled plasma cutting fixture with high performance and a range of 6 meters. Special version with improved features.","robots":{"index":"index","follow":"follow","max-snippet":"max-snippet:-1","max-image-preview":"max-image-preview:large","max-video-preview":"max-video-preview:-1"},"canonical":"https:\/\/spawlab.pl\/en\/produkt\/abicor-binzel-abiplas-cut-200w-6m-ea-specjal-758-0052-plasma-cutting-handle\/","og_locale":"en_US","og_type":"article","og_title":"ABICOR BINZEL ABIPLAS CUT 200W 6m EA SPECJAL 758.0052 plasma cutting handle","og_description":"Lider sprzeda\u017cy, Oficjalny Dystrybutor Premium i Serwis na Polsk\u0119 Migatronic, Gys, Voestalpine Bohler Welding. Nowe i u\u017cywane Spawarki, Przecinarki Plazmowe, Kompresory. Mgr in\u017c. Jaros\u0142aw Ko\u0142aski, IWE","og_url":"https:\/\/spawlab.pl\/en\/produkt\/abicor-binzel-abiplas-cut-200w-6m-ea-specjal-758-0052-plasma-cutting-handle\/","og_site_name":"SpawLab - Welding equipment and plasma cutters - store and service","article_publisher":"https:\/\/www.facebook.com\/Spawlab\/","og_image":[{"width":225,"height":225,"url":"https:\/\/spawlab.pl\/wp-content\/uploads\/2025\/04\/\u0437\u0430\u0432\u0430\u043d\u0442\u0430\u0436\u0435\u043d\u043d\u044f-19.jpeg","type":"image\/jpeg"}],"twitter_misc":{"Price":"6 715,15&nbsp;&#122;&#322; (5 459,47&nbsp;&#122;&#322; netto)","Availability":"On backorder"},"schema":{"@context":"https:\/\/schema.org","@graph":[{"@type":["WebPage","ItemPage"],"@id":"https:\/\/spawlab.pl\/en\/produkt\/abicor-binzel-abiplas-cut-200w-6m-ea-specjal-758-0052-plasma-cutting-handle\/","url":"https:\/\/spawlab.pl\/en\/produkt\/abicor-binzel-abiplas-cut-200w-6m-ea-specjal-758-0052-plasma-cutting-handle\/","name":"ABICOR BINZEL ABIPLAS CUT 200W 6m EA SPECJAL 758.0052 plasma cutting handle","isPartOf":{"@id":"https:\/\/spawlab.pl\/en\/#website"},"primaryImageOfPage":{"@id":"https:\/\/spawlab.pl\/en\/produkt\/abicor-binzel-abiplas-cut-200w-6m-ea-specjal-758-0052-plasma-cutting-handle\/#primaryimage"},"image":{"@id":"https:\/\/spawlab.pl\/en\/produkt\/abicor-binzel-abiplas-cut-200w-6m-ea-specjal-758-0052-plasma-cutting-handle\/#primaryimage"},"thumbnailUrl":"https:\/\/spawlab.pl\/wp-content\/uploads\/2025\/04\/\u0437\u0430\u0432\u0430\u043d\u0442\u0430\u0436\u0435\u043d\u043d\u044f-19.jpeg","datePublished":"2025-04-11T14:43:32+00:00","description":"ABICOR BINZEL ABIPLAS CUT 200W 6.0m EA SPECJAL - a professional liquid-cooled plasma cutting fixture with high performance and a range of 6 meters. Special version with improved features.","breadcrumb":{"@id":"https:\/\/spawlab.pl\/en\/produkt\/abicor-binzel-abiplas-cut-200w-6m-ea-specjal-758-0052-plasma-cutting-handle\/#breadcrumb"},"inLanguage":"en-US","potentialAction":[{"@type":"ReadAction","target":["https:\/\/spawlab.pl\/en\/produkt\/abicor-binzel-abiplas-cut-200w-6m-ea-specjal-758-0052-plasma-cutting-handle\/"]}]},{"@type":"ImageObject","inLanguage":"en-US","@id":"https:\/\/spawlab.pl\/en\/produkt\/abicor-binzel-abiplas-cut-200w-6m-ea-specjal-758-0052-plasma-cutting-handle\/#primaryimage","url":"https:\/\/spawlab.pl\/wp-content\/uploads\/2025\/04\/\u0437\u0430\u0432\u0430\u043d\u0442\u0430\u0436\u0435\u043d\u043d\u044f-19.jpeg","contentUrl":"https:\/\/spawlab.pl\/wp-content\/uploads\/2025\/04\/\u0437\u0430\u0432\u0430\u043d\u0442\u0430\u0436\u0435\u043d\u043d\u044f-19.jpeg","width":225,"height":225},{"@type":"BreadcrumbList","@id":"https:\/\/spawlab.pl\/en\/produkt\/abicor-binzel-abiplas-cut-200w-6m-ea-specjal-758-0052-plasma-cutting-handle\/#breadcrumb","itemListElement":[{"@type":"ListItem","position":1,"name":"Strona g\u0142\u00f3wna","item":"https:\/\/spawlab.pl\/en\/"},{"@type":"ListItem","position":2,"name":"Store","item":"https:\/\/spawlab.pl\/en\/shop\/"},{"@type":"ListItem","position":3,"name":"ABICOR BINZEL ABIPLAS CUT 200W 6m EA SPECJAL 758.0052 plasma cutting handle"}]},{"@type":"WebSite","@id":"https:\/\/spawlab.pl\/en\/#website","url":"https:\/\/spawlab.pl\/en\/","name":"Spawlab.pl Lider - Spawarki, Przecinarki Plazmowe, Kompresory","description":"Urz\u0105dzenia spawalnicze i Przecinarki plazmowe\/ nowe i u\u017cywane \/ Profesjonalny serwis","publisher":{"@id":"https:\/\/spawlab.pl\/en\/#organization"},"alternateName":"Spawlab.pl - Dystrybutor Premium i Serwis na Polske Migatronic, Gys, Voestalpine Bohler Welding","potentialAction":[{"@type":"SearchAction","target":{"@type":"EntryPoint","urlTemplate":"https:\/\/spawlab.pl\/en\/?s={search_term_string}"},"query-input":{"@type":"PropertyValueSpecification","valueRequired":true,"valueName":"search_term_string"}}],"inLanguage":"en-US"},{"@type":["Organization","Place"],"@id":"https:\/\/spawlab.pl\/en\/#organization","name":"Spawlab.pl","url":"https:\/\/spawlab.pl\/en\/","logo":{"@id":"https:\/\/spawlab.pl\/en\/produkt\/abicor-binzel-abiplas-cut-200w-6m-ea-specjal-758-0052-plasma-cutting-handle\/#local-main-organization-logo"},"image":{"@id":"https:\/\/spawlab.pl\/en\/produkt\/abicor-binzel-abiplas-cut-200w-6m-ea-specjal-758-0052-plasma-cutting-handle\/#local-main-organization-logo"},"sameAs":["https:\/\/www.facebook.com\/Spawlab\/","https:\/\/www.linkedin.com\/company\/spawlab","https:\/\/www.instagram.com\/spawlab.pl","https:\/\/www.tiktok.com\/@spawlab"],"description":"Lider sprzeda\u017cy, Oficjalny Dystrybutor Premium i Serwis na Polsk\u0119 Migatronic, Gys, Voestalpine Bohler Welding. Nowe i u\u017cywane Spawarki, Przecinarki Plazmowe, Kompresory. Mgr in\u017c. Jaros\u0142aw Ko\u0142aski, IWE","hasMerchantReturnPolicy":{"@type":"MerchantReturnPolicy","merchantReturnLink":"https:\/\/spawlab.pl\/polityka-prywatnosci-2\/"},"telephone":[],"openingHoursSpecification":[{"@type":"OpeningHoursSpecification","dayOfWeek":["Monday","Tuesday","Wednesday","Thursday","Friday","Saturday","Sunday"],"opens":"09:00","closes":"17:00"}]},{"@type":"ImageObject","inLanguage":"en-US","@id":"https:\/\/spawlab.pl\/en\/produkt\/abicor-binzel-abiplas-cut-200w-6m-ea-specjal-758-0052-plasma-cutting-handle\/#local-main-organization-logo","url":"https:\/\/spawlab.pl\/wp-content\/uploads\/2022\/01\/olx.jpg","contentUrl":"https:\/\/spawlab.pl\/wp-content\/uploads\/2022\/01\/olx.jpg","width":200,"height":200,"caption":"Spawlab.pl"}]},"product_brand":"Abicor Binzel","product_price_amount":"6715.15","product_price_currency":"PLN","og_availability":"backorder","product_availability":"available for order","product_retailer_item_id":"758.0052","product_condition":"new"},"_links":{"self":[{"href":"https:\/\/spawlab.pl\/en\/wp-json\/wp\/v2\/product\/36740","targetHints":{"allow":["GET"]}}],"collection":[{"href":"https:\/\/spawlab.pl\/en\/wp-json\/wp\/v2\/product"}],"about":[{"href":"https:\/\/spawlab.pl\/en\/wp-json\/wp\/v2\/types\/product"}],"wp:featuredmedia":[{"embeddable":true,"href":"https:\/\/spawlab.pl\/en\/wp-json\/wp\/v2\/media\/26637"}],"wp:attachment":[{"href":"https:\/\/spawlab.pl\/en\/wp-json\/wp\/v2\/media?parent=36740"}],"wp:term":[{"taxonomy":"product_brand","embeddable":true,"href":"https:\/\/spawlab.pl\/en\/wp-json\/wp\/v2\/product_brand?post=36740"},{"taxonomy":"product_cat","embeddable":true,"href":"https:\/\/spawlab.pl\/en\/wp-json\/wp\/v2\/product_cat?post=36740"},{"taxonomy":"product_tag","embeddable":true,"href":"https:\/\/spawlab.pl\/en\/wp-json\/wp\/v2\/product_tag?post=36740"}],"curies":[{"name":"wp","href":"https:\/\/api.w.org\/{rel}","templated":true}]}}