{"id":36845,"date":"2025-04-11T16:42:21","date_gmt":"2025-04-11T14:42:21","guid":{"rendered":"https:\/\/spawlab.pl\/produkt\/mig-mag-welding-chuck-abicor-binzel-mb-grip-240-4m-023-0226-is\/"},"modified":"2025-04-11T16:42:21","modified_gmt":"2025-04-11T14:42:21","slug":"mig-mag-welding-chuck-abicor-binzel-mb-grip-240-4m-023-0226-is","status":"publish","type":"product","link":"https:\/\/spawlab.pl\/en\/produkt\/mig-mag-welding-chuck-abicor-binzel-mb-grip-240-4m-023-0226-is\/","title":{"rendered":"MIG\/MAG welding chuck ABICOR BINZEL MB GRIP 240 4m 023.0226.IS"},"content":{"rendered":"<p>Professional liquid-cooled MIG\/MAG welding chuck ABICOR BINZEL MB GRIP 240 D with a length of 4 meters. It features exceptional durability and ergonomic design with a two-component \u201cGRIP\u201d handle for a secure grip and comfortable operation. Equipped with a ball joint, allowing free maneuverability and precise welding in any position. Thanks to its effective liquid cooling system, this handle achieves a maximum current capacity of up to 300 amperes at 100% duty cycle, which allows intensive welding with wires from 0.8 to 1.2 mm in diameter. The high-quality Bikox\u00ae wires used are flexible, resistant to UV radiation and mechanical and thermal damage. Also available in 3m and 5m length variants.     <\/p>\n<p data-sourcepos=\"19:1-19:20\"><strong>Characteristics:<\/strong><\/p>\n<p data-sourcepos=\"21:1-31:29\">Type: MIG\/MAG chuck Model: MB GRIP 240 D Cable length: 4 m Manufacturer: ABICOR BINZEL Current Capacity: 300 A at 100% duty cycle Cooling: Liquid Wire diameter: 0.8 &#8211; 1.2 mm Handle: Two-component \u201cGRIP\u201d with thumb support Ball joint: Yes Wire: Bikox\u00ae<\/p>\n","protected":false},"excerpt":{"rendered":"<p>ABICOR BINZEL MB GRIP 240 D 4m liquid-cooled MIG\/MAG chuck. Ergonomic, with ball joint, 300 A load capacity at 100% cycle. <\/p>\n","protected":false},"featured_media":26407,"template":"","meta":{"inline_featured_image":false},"product_brand":[1453],"product_cat":[5330,5430,476,475,528,522,533],"product_tag":[5438,5334,5439,5440,5348,5441,5437,5442,5436,3571,5290,5435],"class_list":{"0":"post-36845","1":"product","2":"type-product","3":"status-publish","4":"has-post-thumbnail","6":"product_brand-abicor-binzel","7":"product_cat-abicor-binzel-en","8":"product_cat-abicor-binzel-en-3","9":"product_cat-accessories","10":"product_cat-accessories-parts","11":"product_cat-mig-welding-guns","12":"product_cat-parts","13":"product_cat-wires-handles","14":"product_tag-4m-en","15":"product_tag-abicor-binzel-en","16":"product_tag-ball-joint","17":"product_tag-bikox-cables","18":"product_tag-ergonomic-handle","19":"product_tag-high-load-capacity","20":"product_tag-liquid-cooled-handle","21":"product_tag-mb-grip-240-d-en","22":"product_tag-mig-mag-handle","23":"product_tag-welding","24":"product_tag-welding-accessories-en","25":"product_tag-welding-jig","27":"first","28":"onbackorder","29":"sale","30":"taxable","31":"shipping-taxable","32":"purchasable","33":"product-type-simple"},"yoast_head":"<!-- This site is optimized with the Yoast SEO Premium plugin v27.0 (Yoast SEO v27.3) - https:\/\/yoast.com\/product\/yoast-seo-premium-wordpress\/ -->\n<title>MIG\/MAG welding chuck ABICOR BINZEL MB GRIP 240 4m 023.0226.IS<\/title>\n<meta name=\"description\" content=\"Rugged and ergonomic liquid-cooled MIG\/MAG chuck ABICOR BINZEL MB GRIP 240 D 4m. Ideal for intensive work. Available in various lengths.\" \/>\n<meta name=\"robots\" content=\"index, follow, max-snippet:-1, max-image-preview:large, max-video-preview:-1\" \/>\n<link rel=\"canonical\" href=\"https:\/\/spawlab.pl\/en\/produkt\/mig-mag-welding-chuck-abicor-binzel-mb-grip-240-4m-023-0226-is\/\" \/>\n<meta property=\"og:locale\" content=\"en_US\" \/>\n<meta property=\"og:type\" content=\"article\" \/>\n<meta property=\"og:title\" content=\"MIG\/MAG welding chuck ABICOR BINZEL MB GRIP 240 4m 023.0226.IS\" \/>\n<meta property=\"og:description\" content=\"Lider sprzeda\u017cy, Oficjalny Dystrybutor Premium i Serwis na Polsk\u0119 Migatronic, Gys, Voestalpine Bohler Welding. Nowe i u\u017cywane Spawarki, Przecinarki Plazmowe, Kompresory. Mgr in\u017c. Jaros\u0142aw Ko\u0142aski, IWE\" \/>\n<meta property=\"og:url\" content=\"https:\/\/spawlab.pl\/en\/produkt\/mig-mag-welding-chuck-abicor-binzel-mb-grip-240-4m-023-0226-is\/\" \/>\n<meta property=\"og:site_name\" content=\"SpawLab - Welding equipment and plasma cutters - store and service\" \/>\n<meta property=\"article:publisher\" content=\"https:\/\/www.facebook.com\/Spawlab\/\" \/>\n<meta property=\"og:image\" content=\"https:\/\/spawlab.pl\/wp-content\/uploads\/2025\/04\/uchwyt_spawalniczy-mig-mag-binzel-mb-grip-204-d-3-metry.jpg\" \/>\n\t<meta property=\"og:image:width\" content=\"1511\" \/>\n\t<meta property=\"og:image:height\" content=\"1511\" \/>\n\t<meta property=\"og:image:type\" content=\"image\/jpeg\" \/>\n<meta name=\"twitter:label1\" content=\"Price\" \/>\n\t<meta name=\"twitter:data1\" content=\"1 233,77&nbsp;&#122;&#322; (1 003,07&nbsp;&#122;&#322; netto)\" \/>\n\t<meta name=\"twitter:label2\" content=\"Availability\" \/>\n\t<meta name=\"twitter:data2\" content=\"On backorder\" \/>\n<script type=\"application\/ld+json\" class=\"yoast-schema-graph\">{\"@context\":\"https:\\\/\\\/schema.org\",\"@graph\":[{\"@type\":[\"WebPage\",\"ItemPage\"],\"@id\":\"https:\\\/\\\/spawlab.pl\\\/en\\\/produkt\\\/mig-mag-welding-chuck-abicor-binzel-mb-grip-240-4m-023-0226-is\\\/\",\"url\":\"https:\\\/\\\/spawlab.pl\\\/en\\\/produkt\\\/mig-mag-welding-chuck-abicor-binzel-mb-grip-240-4m-023-0226-is\\\/\",\"name\":\"MIG\\\/MAG welding chuck ABICOR BINZEL MB GRIP 240 4m 023.0226.IS\",\"isPartOf\":{\"@id\":\"https:\\\/\\\/spawlab.pl\\\/en\\\/#website\"},\"primaryImageOfPage\":{\"@id\":\"https:\\\/\\\/spawlab.pl\\\/en\\\/produkt\\\/mig-mag-welding-chuck-abicor-binzel-mb-grip-240-4m-023-0226-is\\\/#primaryimage\"},\"image\":{\"@id\":\"https:\\\/\\\/spawlab.pl\\\/en\\\/produkt\\\/mig-mag-welding-chuck-abicor-binzel-mb-grip-240-4m-023-0226-is\\\/#primaryimage\"},\"thumbnailUrl\":\"https:\\\/\\\/spawlab.pl\\\/wp-content\\\/uploads\\\/2025\\\/04\\\/uchwyt_spawalniczy-mig-mag-binzel-mb-grip-204-d-3-metry.jpg\",\"datePublished\":\"2025-04-11T14:42:21+00:00\",\"description\":\"Rugged and ergonomic liquid-cooled MIG\\\/MAG chuck ABICOR BINZEL MB GRIP 240 D 4m. Ideal for intensive work. Available in various lengths.\",\"breadcrumb\":{\"@id\":\"https:\\\/\\\/spawlab.pl\\\/en\\\/produkt\\\/mig-mag-welding-chuck-abicor-binzel-mb-grip-240-4m-023-0226-is\\\/#breadcrumb\"},\"inLanguage\":\"en-US\",\"potentialAction\":[{\"@type\":\"ReadAction\",\"target\":[\"https:\\\/\\\/spawlab.pl\\\/en\\\/produkt\\\/mig-mag-welding-chuck-abicor-binzel-mb-grip-240-4m-023-0226-is\\\/\"]}]},{\"@type\":\"ImageObject\",\"inLanguage\":\"en-US\",\"@id\":\"https:\\\/\\\/spawlab.pl\\\/en\\\/produkt\\\/mig-mag-welding-chuck-abicor-binzel-mb-grip-240-4m-023-0226-is\\\/#primaryimage\",\"url\":\"https:\\\/\\\/spawlab.pl\\\/wp-content\\\/uploads\\\/2025\\\/04\\\/uchwyt_spawalniczy-mig-mag-binzel-mb-grip-204-d-3-metry.jpg\",\"contentUrl\":\"https:\\\/\\\/spawlab.pl\\\/wp-content\\\/uploads\\\/2025\\\/04\\\/uchwyt_spawalniczy-mig-mag-binzel-mb-grip-204-d-3-metry.jpg\",\"width\":1511,\"height\":1511},{\"@type\":\"BreadcrumbList\",\"@id\":\"https:\\\/\\\/spawlab.pl\\\/en\\\/produkt\\\/mig-mag-welding-chuck-abicor-binzel-mb-grip-240-4m-023-0226-is\\\/#breadcrumb\",\"itemListElement\":[{\"@type\":\"ListItem\",\"position\":1,\"name\":\"Strona g\u0142\u00f3wna\",\"item\":\"https:\\\/\\\/spawlab.pl\\\/en\\\/\"},{\"@type\":\"ListItem\",\"position\":2,\"name\":\"Store\",\"item\":\"https:\\\/\\\/spawlab.pl\\\/en\\\/shop\\\/\"},{\"@type\":\"ListItem\",\"position\":3,\"name\":\"MIG\\\/MAG welding chuck ABICOR BINZEL MB GRIP 240 4m 023.0226.IS\"}]},{\"@type\":\"WebSite\",\"@id\":\"https:\\\/\\\/spawlab.pl\\\/en\\\/#website\",\"url\":\"https:\\\/\\\/spawlab.pl\\\/en\\\/\",\"name\":\"Spawlab.pl Lider - Spawarki, Przecinarki Plazmowe, Kompresory\",\"description\":\"Urz\u0105dzenia spawalnicze i Przecinarki plazmowe\\\/ nowe i u\u017cywane \\\/ Profesjonalny serwis\",\"publisher\":{\"@id\":\"https:\\\/\\\/spawlab.pl\\\/en\\\/#organization\"},\"alternateName\":\"Spawlab.pl - Dystrybutor Premium i Serwis na Polske Migatronic, Gys, Voestalpine Bohler Welding\",\"potentialAction\":[{\"@type\":\"SearchAction\",\"target\":{\"@type\":\"EntryPoint\",\"urlTemplate\":\"https:\\\/\\\/spawlab.pl\\\/en\\\/?s={search_term_string}\"},\"query-input\":{\"@type\":\"PropertyValueSpecification\",\"valueRequired\":true,\"valueName\":\"search_term_string\"}}],\"inLanguage\":\"en-US\"},{\"@type\":[\"Organization\",\"Place\"],\"@id\":\"https:\\\/\\\/spawlab.pl\\\/en\\\/#organization\",\"name\":\"Spawlab.pl\",\"url\":\"https:\\\/\\\/spawlab.pl\\\/en\\\/\",\"logo\":{\"@id\":\"https:\\\/\\\/spawlab.pl\\\/en\\\/produkt\\\/mig-mag-welding-chuck-abicor-binzel-mb-grip-240-4m-023-0226-is\\\/#local-main-organization-logo\"},\"image\":{\"@id\":\"https:\\\/\\\/spawlab.pl\\\/en\\\/produkt\\\/mig-mag-welding-chuck-abicor-binzel-mb-grip-240-4m-023-0226-is\\\/#local-main-organization-logo\"},\"sameAs\":[\"https:\\\/\\\/www.facebook.com\\\/Spawlab\\\/\",\"https:\\\/\\\/www.linkedin.com\\\/company\\\/spawlab\",\"https:\\\/\\\/www.instagram.com\\\/spawlab.pl\",\"https:\\\/\\\/www.tiktok.com\\\/@spawlab\"],\"description\":\"Lider sprzeda\u017cy, Oficjalny Dystrybutor Premium i Serwis na Polsk\u0119 Migatronic, Gys, Voestalpine Bohler Welding. Nowe i u\u017cywane Spawarki, Przecinarki Plazmowe, Kompresory. Mgr in\u017c. Jaros\u0142aw Ko\u0142aski, IWE\",\"hasMerchantReturnPolicy\":{\"@type\":\"MerchantReturnPolicy\",\"merchantReturnLink\":\"https:\\\/\\\/spawlab.pl\\\/polityka-prywatnosci-2\\\/\"},\"telephone\":[],\"openingHoursSpecification\":[{\"@type\":\"OpeningHoursSpecification\",\"dayOfWeek\":[\"Monday\",\"Tuesday\",\"Wednesday\",\"Thursday\",\"Friday\",\"Saturday\",\"Sunday\"],\"opens\":\"09:00\",\"closes\":\"17:00\"}]},{\"@type\":\"ImageObject\",\"inLanguage\":\"en-US\",\"@id\":\"https:\\\/\\\/spawlab.pl\\\/en\\\/produkt\\\/mig-mag-welding-chuck-abicor-binzel-mb-grip-240-4m-023-0226-is\\\/#local-main-organization-logo\",\"url\":\"https:\\\/\\\/spawlab.pl\\\/wp-content\\\/uploads\\\/2022\\\/01\\\/olx.jpg\",\"contentUrl\":\"https:\\\/\\\/spawlab.pl\\\/wp-content\\\/uploads\\\/2022\\\/01\\\/olx.jpg\",\"width\":200,\"height\":200,\"caption\":\"Spawlab.pl\"}]}<\/script>\n<meta property=\"product:brand\" content=\"Abicor Binzel\" \/>\n<meta property=\"product:price:amount\" content=\"1233.77\" \/>\n<meta property=\"product:price:currency\" content=\"PLN\" \/>\n<meta property=\"og:availability\" content=\"backorder\" \/>\n<meta property=\"product:availability\" content=\"available for order\" \/>\n<meta property=\"product:retailer_item_id\" content=\"023.0226.IS\" \/>\n<meta property=\"product:condition\" content=\"new\" \/>\n<!-- \/ Yoast SEO Premium plugin. -->","yoast_head_json":{"title":"MIG\/MAG welding chuck ABICOR BINZEL MB GRIP 240 4m 023.0226.IS","description":"Rugged and ergonomic liquid-cooled MIG\/MAG chuck ABICOR BINZEL MB GRIP 240 D 4m. Ideal for intensive work. Available in various lengths.","robots":{"index":"index","follow":"follow","max-snippet":"max-snippet:-1","max-image-preview":"max-image-preview:large","max-video-preview":"max-video-preview:-1"},"canonical":"https:\/\/spawlab.pl\/en\/produkt\/mig-mag-welding-chuck-abicor-binzel-mb-grip-240-4m-023-0226-is\/","og_locale":"en_US","og_type":"article","og_title":"MIG\/MAG welding chuck ABICOR BINZEL MB GRIP 240 4m 023.0226.IS","og_description":"Lider sprzeda\u017cy, Oficjalny Dystrybutor Premium i Serwis na Polsk\u0119 Migatronic, Gys, Voestalpine Bohler Welding. Nowe i u\u017cywane Spawarki, Przecinarki Plazmowe, Kompresory. Mgr in\u017c. Jaros\u0142aw Ko\u0142aski, IWE","og_url":"https:\/\/spawlab.pl\/en\/produkt\/mig-mag-welding-chuck-abicor-binzel-mb-grip-240-4m-023-0226-is\/","og_site_name":"SpawLab - Welding equipment and plasma cutters - store and service","article_publisher":"https:\/\/www.facebook.com\/Spawlab\/","og_image":[{"width":1511,"height":1511,"url":"https:\/\/spawlab.pl\/wp-content\/uploads\/2025\/04\/uchwyt_spawalniczy-mig-mag-binzel-mb-grip-204-d-3-metry.jpg","type":"image\/jpeg"}],"twitter_misc":{"Price":"1 233,77&nbsp;&#122;&#322; (1 003,07&nbsp;&#122;&#322; netto)","Availability":"On backorder"},"schema":{"@context":"https:\/\/schema.org","@graph":[{"@type":["WebPage","ItemPage"],"@id":"https:\/\/spawlab.pl\/en\/produkt\/mig-mag-welding-chuck-abicor-binzel-mb-grip-240-4m-023-0226-is\/","url":"https:\/\/spawlab.pl\/en\/produkt\/mig-mag-welding-chuck-abicor-binzel-mb-grip-240-4m-023-0226-is\/","name":"MIG\/MAG welding chuck ABICOR BINZEL MB GRIP 240 4m 023.0226.IS","isPartOf":{"@id":"https:\/\/spawlab.pl\/en\/#website"},"primaryImageOfPage":{"@id":"https:\/\/spawlab.pl\/en\/produkt\/mig-mag-welding-chuck-abicor-binzel-mb-grip-240-4m-023-0226-is\/#primaryimage"},"image":{"@id":"https:\/\/spawlab.pl\/en\/produkt\/mig-mag-welding-chuck-abicor-binzel-mb-grip-240-4m-023-0226-is\/#primaryimage"},"thumbnailUrl":"https:\/\/spawlab.pl\/wp-content\/uploads\/2025\/04\/uchwyt_spawalniczy-mig-mag-binzel-mb-grip-204-d-3-metry.jpg","datePublished":"2025-04-11T14:42:21+00:00","description":"Rugged and ergonomic liquid-cooled MIG\/MAG chuck ABICOR BINZEL MB GRIP 240 D 4m. Ideal for intensive work. Available in various lengths.","breadcrumb":{"@id":"https:\/\/spawlab.pl\/en\/produkt\/mig-mag-welding-chuck-abicor-binzel-mb-grip-240-4m-023-0226-is\/#breadcrumb"},"inLanguage":"en-US","potentialAction":[{"@type":"ReadAction","target":["https:\/\/spawlab.pl\/en\/produkt\/mig-mag-welding-chuck-abicor-binzel-mb-grip-240-4m-023-0226-is\/"]}]},{"@type":"ImageObject","inLanguage":"en-US","@id":"https:\/\/spawlab.pl\/en\/produkt\/mig-mag-welding-chuck-abicor-binzel-mb-grip-240-4m-023-0226-is\/#primaryimage","url":"https:\/\/spawlab.pl\/wp-content\/uploads\/2025\/04\/uchwyt_spawalniczy-mig-mag-binzel-mb-grip-204-d-3-metry.jpg","contentUrl":"https:\/\/spawlab.pl\/wp-content\/uploads\/2025\/04\/uchwyt_spawalniczy-mig-mag-binzel-mb-grip-204-d-3-metry.jpg","width":1511,"height":1511},{"@type":"BreadcrumbList","@id":"https:\/\/spawlab.pl\/en\/produkt\/mig-mag-welding-chuck-abicor-binzel-mb-grip-240-4m-023-0226-is\/#breadcrumb","itemListElement":[{"@type":"ListItem","position":1,"name":"Strona g\u0142\u00f3wna","item":"https:\/\/spawlab.pl\/en\/"},{"@type":"ListItem","position":2,"name":"Store","item":"https:\/\/spawlab.pl\/en\/shop\/"},{"@type":"ListItem","position":3,"name":"MIG\/MAG welding chuck ABICOR BINZEL MB GRIP 240 4m 023.0226.IS"}]},{"@type":"WebSite","@id":"https:\/\/spawlab.pl\/en\/#website","url":"https:\/\/spawlab.pl\/en\/","name":"Spawlab.pl Lider - Spawarki, Przecinarki Plazmowe, Kompresory","description":"Urz\u0105dzenia spawalnicze i Przecinarki plazmowe\/ nowe i u\u017cywane \/ Profesjonalny serwis","publisher":{"@id":"https:\/\/spawlab.pl\/en\/#organization"},"alternateName":"Spawlab.pl - Dystrybutor Premium i Serwis na Polske Migatronic, Gys, Voestalpine Bohler Welding","potentialAction":[{"@type":"SearchAction","target":{"@type":"EntryPoint","urlTemplate":"https:\/\/spawlab.pl\/en\/?s={search_term_string}"},"query-input":{"@type":"PropertyValueSpecification","valueRequired":true,"valueName":"search_term_string"}}],"inLanguage":"en-US"},{"@type":["Organization","Place"],"@id":"https:\/\/spawlab.pl\/en\/#organization","name":"Spawlab.pl","url":"https:\/\/spawlab.pl\/en\/","logo":{"@id":"https:\/\/spawlab.pl\/en\/produkt\/mig-mag-welding-chuck-abicor-binzel-mb-grip-240-4m-023-0226-is\/#local-main-organization-logo"},"image":{"@id":"https:\/\/spawlab.pl\/en\/produkt\/mig-mag-welding-chuck-abicor-binzel-mb-grip-240-4m-023-0226-is\/#local-main-organization-logo"},"sameAs":["https:\/\/www.facebook.com\/Spawlab\/","https:\/\/www.linkedin.com\/company\/spawlab","https:\/\/www.instagram.com\/spawlab.pl","https:\/\/www.tiktok.com\/@spawlab"],"description":"Lider sprzeda\u017cy, Oficjalny Dystrybutor Premium i Serwis na Polsk\u0119 Migatronic, Gys, Voestalpine Bohler Welding. Nowe i u\u017cywane Spawarki, Przecinarki Plazmowe, Kompresory. Mgr in\u017c. Jaros\u0142aw Ko\u0142aski, IWE","hasMerchantReturnPolicy":{"@type":"MerchantReturnPolicy","merchantReturnLink":"https:\/\/spawlab.pl\/polityka-prywatnosci-2\/"},"telephone":[],"openingHoursSpecification":[{"@type":"OpeningHoursSpecification","dayOfWeek":["Monday","Tuesday","Wednesday","Thursday","Friday","Saturday","Sunday"],"opens":"09:00","closes":"17:00"}]},{"@type":"ImageObject","inLanguage":"en-US","@id":"https:\/\/spawlab.pl\/en\/produkt\/mig-mag-welding-chuck-abicor-binzel-mb-grip-240-4m-023-0226-is\/#local-main-organization-logo","url":"https:\/\/spawlab.pl\/wp-content\/uploads\/2022\/01\/olx.jpg","contentUrl":"https:\/\/spawlab.pl\/wp-content\/uploads\/2022\/01\/olx.jpg","width":200,"height":200,"caption":"Spawlab.pl"}]},"product_brand":"Abicor Binzel","product_price_amount":"1233.77","product_price_currency":"PLN","og_availability":"backorder","product_availability":"available for order","product_retailer_item_id":"023.0226.IS","product_condition":"new"},"_links":{"self":[{"href":"https:\/\/spawlab.pl\/en\/wp-json\/wp\/v2\/product\/36845","targetHints":{"allow":["GET"]}}],"collection":[{"href":"https:\/\/spawlab.pl\/en\/wp-json\/wp\/v2\/product"}],"about":[{"href":"https:\/\/spawlab.pl\/en\/wp-json\/wp\/v2\/types\/product"}],"wp:featuredmedia":[{"embeddable":true,"href":"https:\/\/spawlab.pl\/en\/wp-json\/wp\/v2\/media\/26407"}],"wp:attachment":[{"href":"https:\/\/spawlab.pl\/en\/wp-json\/wp\/v2\/media?parent=36845"}],"wp:term":[{"taxonomy":"product_brand","embeddable":true,"href":"https:\/\/spawlab.pl\/en\/wp-json\/wp\/v2\/product_brand?post=36845"},{"taxonomy":"product_cat","embeddable":true,"href":"https:\/\/spawlab.pl\/en\/wp-json\/wp\/v2\/product_cat?post=36845"},{"taxonomy":"product_tag","embeddable":true,"href":"https:\/\/spawlab.pl\/en\/wp-json\/wp\/v2\/product_tag?post=36845"}],"curies":[{"name":"wp","href":"https:\/\/api.w.org\/{rel}","templated":true}]}}