{"id":36856,"date":"2025-04-11T16:43:57","date_gmt":"2025-04-11T14:43:57","guid":{"rendered":"https:\/\/spawlab.pl\/produkt\/mig-mag-welding-chuck-abicor-binzel-abimig-a-355-grip-lw-3m-767-d690-1\/"},"modified":"2025-04-11T16:43:57","modified_gmt":"2025-04-11T14:43:57","slug":"mig-mag-welding-chuck-abicor-binzel-abimig-a-355-grip-lw-3m-767-d690-1","status":"publish","type":"product","link":"https:\/\/spawlab.pl\/en\/produkt\/mig-mag-welding-chuck-abicor-binzel-abimig-a-355-grip-lw-3m-767-d690-1\/","title":{"rendered":"MIG\/MAG welding chuck ABICOR BINZEL ABIMIG A 355 GRIP LW 3m 767.D690.1"},"content":{"rendered":"<p>ABICOR BINZEL ABIMIG A 355 GRIP LW lightweight and ergonomic MIG\/MAG welding chuck with a length of 3 meters. Equipped with an innovative two-component \u201cGRIP\u201d handle, which provides optimal grip and comfort in various welding positions. The handle&#8217;s slim design facilitates access to hard-to-reach areas. Gas-cooled, ideal for heavy welding applications, offering high current capacity. Lightweight BIKOX\u00ae LW cable package further enhances comfort by reducing the weight of the handle.    <\/p>\n<p data-sourcepos=\"19:1-19:20\"><strong>Characteristics:<\/strong><\/p>\n<p><strong>Type:<\/strong> MIG\/MAG welding gun, gas cooled<\/p>\n<p><strong>Model:<\/strong> ABIMIG A 355 GRIP LW<\/p>\n<p><strong>Length:<\/strong> 3.00 m<\/p>\n<p><strong>Cooling:<\/strong> Gas<\/p>\n<p><strong>Current carrying capacity (CO2):<\/strong> 340 A<\/p>\n<p><strong>Current carrying capacity (M21 compound):<\/strong> 300 A<\/p>\n<p><strong>Duty cycle:<\/strong> 60%<\/p>\n","protected":false},"excerpt":{"rendered":"<p>ABICOR BINZEL ABIMIG A 355 GRIP LW 3m lightweight MIG\/MAG chuck. Ergonomic, comfortable, gas-cooled, high load capacity. <\/p>\n","protected":false},"featured_media":26549,"template":"","meta":{"inline_featured_image":false},"product_brand":[1453],"product_cat":[5330,5430,476,475,528,522,533],"product_tag":[5448,5334,5473,5472,5447,5471,5441,5449,5341,5435],"class_list":{"0":"post-36856","1":"product","2":"type-product","3":"status-publish","4":"has-post-thumbnail","6":"product_brand-abicor-binzel","7":"product_cat-abicor-binzel-en","8":"product_cat-abicor-binzel-en-3","9":"product_cat-accessories","10":"product_cat-accessories-parts","11":"product_cat-mig-welding-guns","12":"product_cat-parts","13":"product_cat-wires-handles","14":"product_tag-3m-en","15":"product_tag-abicor-binzel-en","16":"product_tag-abimig-a-355-en","17":"product_tag-ergonomic","18":"product_tag-gas-cooled","19":"product_tag-grip-lw-en","20":"product_tag-high-load-capacity","21":"product_tag-lightweight-handle","22":"product_tag-mig-mag-en","23":"product_tag-welding-jig","25":"first","26":"onbackorder","27":"sale","28":"taxable","29":"shipping-taxable","30":"purchasable","31":"product-type-simple"},"yoast_head":"<!-- This site is optimized with the Yoast SEO Premium plugin v27.0 (Yoast SEO v27.3) - https:\/\/yoast.com\/product\/yoast-seo-premium-wordpress\/ -->\n<title>MIG\/MAG welding chuck ABICOR BINZEL ABIMIG A 355 GRIP LW 3m 767.D690.1<\/title>\n<meta name=\"description\" content=\"Ergonomic and lightweight MIG\/MAG welding chuck ABICOR BINZEL ABIMIG A 355 GRIP LW 3m. Optimal grip, easy maneuverability, high welding power.\" \/>\n<meta name=\"robots\" content=\"index, follow, max-snippet:-1, max-image-preview:large, max-video-preview:-1\" \/>\n<link rel=\"canonical\" href=\"https:\/\/spawlab.pl\/en\/produkt\/mig-mag-welding-chuck-abicor-binzel-abimig-a-355-grip-lw-3m-767-d690-1\/\" \/>\n<meta property=\"og:locale\" content=\"en_US\" \/>\n<meta property=\"og:type\" content=\"article\" \/>\n<meta property=\"og:title\" content=\"MIG\/MAG welding chuck ABICOR BINZEL ABIMIG A 355 GRIP LW 3m 767.D690.1\" \/>\n<meta property=\"og:description\" content=\"Lider sprzeda\u017cy, Oficjalny Dystrybutor Premium i Serwis na Polsk\u0119 Migatronic, Gys, Voestalpine Bohler Welding. Nowe i u\u017cywane Spawarki, Przecinarki Plazmowe, Kompresory. Mgr in\u017c. Jaros\u0142aw Ko\u0142aski, IWE\" \/>\n<meta property=\"og:url\" content=\"https:\/\/spawlab.pl\/en\/produkt\/mig-mag-welding-chuck-abicor-binzel-abimig-a-355-grip-lw-3m-767-d690-1\/\" \/>\n<meta property=\"og:site_name\" content=\"SpawLab - Welding equipment and plasma cutters - store and service\" \/>\n<meta property=\"article:publisher\" content=\"https:\/\/www.facebook.com\/Spawlab\/\" \/>\n<meta property=\"og:image\" content=\"https:\/\/spawlab.pl\/wp-content\/uploads\/2025\/04\/\u0437\u0430\u0432\u0430\u043d\u0442\u0430\u0436\u0435\u043d\u043d\u044f-6.jpeg\" \/>\n\t<meta property=\"og:image:width\" content=\"200\" \/>\n\t<meta property=\"og:image:height\" content=\"200\" \/>\n\t<meta property=\"og:image:type\" content=\"image\/jpeg\" \/>\n<meta name=\"twitter:label1\" content=\"Price\" \/>\n\t<meta name=\"twitter:data1\" content=\"947,27&nbsp;&#122;&#322; (770,14&nbsp;&#122;&#322; netto)\" \/>\n\t<meta name=\"twitter:label2\" content=\"Availability\" \/>\n\t<meta name=\"twitter:data2\" content=\"On backorder\" \/>\n<script type=\"application\/ld+json\" class=\"yoast-schema-graph\">{\"@context\":\"https:\\\/\\\/schema.org\",\"@graph\":[{\"@type\":[\"WebPage\",\"ItemPage\"],\"@id\":\"https:\\\/\\\/spawlab.pl\\\/en\\\/produkt\\\/mig-mag-welding-chuck-abicor-binzel-abimig-a-355-grip-lw-3m-767-d690-1\\\/\",\"url\":\"https:\\\/\\\/spawlab.pl\\\/en\\\/produkt\\\/mig-mag-welding-chuck-abicor-binzel-abimig-a-355-grip-lw-3m-767-d690-1\\\/\",\"name\":\"MIG\\\/MAG welding chuck ABICOR BINZEL ABIMIG A 355 GRIP LW 3m 767.D690.1\",\"isPartOf\":{\"@id\":\"https:\\\/\\\/spawlab.pl\\\/en\\\/#website\"},\"primaryImageOfPage\":{\"@id\":\"https:\\\/\\\/spawlab.pl\\\/en\\\/produkt\\\/mig-mag-welding-chuck-abicor-binzel-abimig-a-355-grip-lw-3m-767-d690-1\\\/#primaryimage\"},\"image\":{\"@id\":\"https:\\\/\\\/spawlab.pl\\\/en\\\/produkt\\\/mig-mag-welding-chuck-abicor-binzel-abimig-a-355-grip-lw-3m-767-d690-1\\\/#primaryimage\"},\"thumbnailUrl\":\"https:\\\/\\\/spawlab.pl\\\/wp-content\\\/uploads\\\/2025\\\/04\\\/\u0437\u0430\u0432\u0430\u043d\u0442\u0430\u0436\u0435\u043d\u043d\u044f-6.jpeg\",\"datePublished\":\"2025-04-11T14:43:57+00:00\",\"description\":\"Ergonomic and lightweight MIG\\\/MAG welding chuck ABICOR BINZEL ABIMIG A 355 GRIP LW 3m. Optimal grip, easy maneuverability, high welding power.\",\"breadcrumb\":{\"@id\":\"https:\\\/\\\/spawlab.pl\\\/en\\\/produkt\\\/mig-mag-welding-chuck-abicor-binzel-abimig-a-355-grip-lw-3m-767-d690-1\\\/#breadcrumb\"},\"inLanguage\":\"en-US\",\"potentialAction\":[{\"@type\":\"ReadAction\",\"target\":[\"https:\\\/\\\/spawlab.pl\\\/en\\\/produkt\\\/mig-mag-welding-chuck-abicor-binzel-abimig-a-355-grip-lw-3m-767-d690-1\\\/\"]}]},{\"@type\":\"ImageObject\",\"inLanguage\":\"en-US\",\"@id\":\"https:\\\/\\\/spawlab.pl\\\/en\\\/produkt\\\/mig-mag-welding-chuck-abicor-binzel-abimig-a-355-grip-lw-3m-767-d690-1\\\/#primaryimage\",\"url\":\"https:\\\/\\\/spawlab.pl\\\/wp-content\\\/uploads\\\/2025\\\/04\\\/\u0437\u0430\u0432\u0430\u043d\u0442\u0430\u0436\u0435\u043d\u043d\u044f-6.jpeg\",\"contentUrl\":\"https:\\\/\\\/spawlab.pl\\\/wp-content\\\/uploads\\\/2025\\\/04\\\/\u0437\u0430\u0432\u0430\u043d\u0442\u0430\u0436\u0435\u043d\u043d\u044f-6.jpeg\",\"width\":200,\"height\":200},{\"@type\":\"BreadcrumbList\",\"@id\":\"https:\\\/\\\/spawlab.pl\\\/en\\\/produkt\\\/mig-mag-welding-chuck-abicor-binzel-abimig-a-355-grip-lw-3m-767-d690-1\\\/#breadcrumb\",\"itemListElement\":[{\"@type\":\"ListItem\",\"position\":1,\"name\":\"Strona g\u0142\u00f3wna\",\"item\":\"https:\\\/\\\/spawlab.pl\\\/en\\\/\"},{\"@type\":\"ListItem\",\"position\":2,\"name\":\"Store\",\"item\":\"https:\\\/\\\/spawlab.pl\\\/en\\\/shop\\\/\"},{\"@type\":\"ListItem\",\"position\":3,\"name\":\"MIG\\\/MAG welding chuck ABICOR BINZEL ABIMIG A 355 GRIP LW 3m 767.D690.1\"}]},{\"@type\":\"WebSite\",\"@id\":\"https:\\\/\\\/spawlab.pl\\\/en\\\/#website\",\"url\":\"https:\\\/\\\/spawlab.pl\\\/en\\\/\",\"name\":\"Spawlab.pl Lider - Spawarki, Przecinarki Plazmowe, Kompresory\",\"description\":\"Urz\u0105dzenia spawalnicze i Przecinarki plazmowe\\\/ nowe i u\u017cywane \\\/ Profesjonalny serwis\",\"publisher\":{\"@id\":\"https:\\\/\\\/spawlab.pl\\\/en\\\/#organization\"},\"alternateName\":\"Spawlab.pl - Dystrybutor Premium i Serwis na Polske Migatronic, Gys, Voestalpine Bohler Welding\",\"potentialAction\":[{\"@type\":\"SearchAction\",\"target\":{\"@type\":\"EntryPoint\",\"urlTemplate\":\"https:\\\/\\\/spawlab.pl\\\/en\\\/?s={search_term_string}\"},\"query-input\":{\"@type\":\"PropertyValueSpecification\",\"valueRequired\":true,\"valueName\":\"search_term_string\"}}],\"inLanguage\":\"en-US\"},{\"@type\":[\"Organization\",\"Place\"],\"@id\":\"https:\\\/\\\/spawlab.pl\\\/en\\\/#organization\",\"name\":\"Spawlab.pl\",\"url\":\"https:\\\/\\\/spawlab.pl\\\/en\\\/\",\"logo\":{\"@id\":\"https:\\\/\\\/spawlab.pl\\\/en\\\/produkt\\\/mig-mag-welding-chuck-abicor-binzel-abimig-a-355-grip-lw-3m-767-d690-1\\\/#local-main-organization-logo\"},\"image\":{\"@id\":\"https:\\\/\\\/spawlab.pl\\\/en\\\/produkt\\\/mig-mag-welding-chuck-abicor-binzel-abimig-a-355-grip-lw-3m-767-d690-1\\\/#local-main-organization-logo\"},\"sameAs\":[\"https:\\\/\\\/www.facebook.com\\\/Spawlab\\\/\",\"https:\\\/\\\/www.linkedin.com\\\/company\\\/spawlab\",\"https:\\\/\\\/www.instagram.com\\\/spawlab.pl\",\"https:\\\/\\\/www.tiktok.com\\\/@spawlab\"],\"description\":\"Lider sprzeda\u017cy, Oficjalny Dystrybutor Premium i Serwis na Polsk\u0119 Migatronic, Gys, Voestalpine Bohler Welding. Nowe i u\u017cywane Spawarki, Przecinarki Plazmowe, Kompresory. Mgr in\u017c. Jaros\u0142aw Ko\u0142aski, IWE\",\"hasMerchantReturnPolicy\":{\"@type\":\"MerchantReturnPolicy\",\"merchantReturnLink\":\"https:\\\/\\\/spawlab.pl\\\/polityka-prywatnosci-2\\\/\"},\"telephone\":[],\"openingHoursSpecification\":[{\"@type\":\"OpeningHoursSpecification\",\"dayOfWeek\":[\"Monday\",\"Tuesday\",\"Wednesday\",\"Thursday\",\"Friday\",\"Saturday\",\"Sunday\"],\"opens\":\"09:00\",\"closes\":\"17:00\"}]},{\"@type\":\"ImageObject\",\"inLanguage\":\"en-US\",\"@id\":\"https:\\\/\\\/spawlab.pl\\\/en\\\/produkt\\\/mig-mag-welding-chuck-abicor-binzel-abimig-a-355-grip-lw-3m-767-d690-1\\\/#local-main-organization-logo\",\"url\":\"https:\\\/\\\/spawlab.pl\\\/wp-content\\\/uploads\\\/2022\\\/01\\\/olx.jpg\",\"contentUrl\":\"https:\\\/\\\/spawlab.pl\\\/wp-content\\\/uploads\\\/2022\\\/01\\\/olx.jpg\",\"width\":200,\"height\":200,\"caption\":\"Spawlab.pl\"}]}<\/script>\n<meta property=\"product:brand\" content=\"Abicor Binzel\" \/>\n<meta property=\"product:price:amount\" content=\"947.27\" \/>\n<meta property=\"product:price:currency\" content=\"PLN\" \/>\n<meta property=\"og:availability\" content=\"backorder\" \/>\n<meta property=\"product:availability\" content=\"available for order\" \/>\n<meta property=\"product:retailer_item_id\" content=\"767.D690.1\" \/>\n<meta property=\"product:condition\" content=\"new\" \/>\n<!-- \/ Yoast SEO Premium plugin. -->","yoast_head_json":{"title":"MIG\/MAG welding chuck ABICOR BINZEL ABIMIG A 355 GRIP LW 3m 767.D690.1","description":"Ergonomic and lightweight MIG\/MAG welding chuck ABICOR BINZEL ABIMIG A 355 GRIP LW 3m. Optimal grip, easy maneuverability, high welding power.","robots":{"index":"index","follow":"follow","max-snippet":"max-snippet:-1","max-image-preview":"max-image-preview:large","max-video-preview":"max-video-preview:-1"},"canonical":"https:\/\/spawlab.pl\/en\/produkt\/mig-mag-welding-chuck-abicor-binzel-abimig-a-355-grip-lw-3m-767-d690-1\/","og_locale":"en_US","og_type":"article","og_title":"MIG\/MAG welding chuck ABICOR BINZEL ABIMIG A 355 GRIP LW 3m 767.D690.1","og_description":"Lider sprzeda\u017cy, Oficjalny Dystrybutor Premium i Serwis na Polsk\u0119 Migatronic, Gys, Voestalpine Bohler Welding. Nowe i u\u017cywane Spawarki, Przecinarki Plazmowe, Kompresory. Mgr in\u017c. Jaros\u0142aw Ko\u0142aski, IWE","og_url":"https:\/\/spawlab.pl\/en\/produkt\/mig-mag-welding-chuck-abicor-binzel-abimig-a-355-grip-lw-3m-767-d690-1\/","og_site_name":"SpawLab - Welding equipment and plasma cutters - store and service","article_publisher":"https:\/\/www.facebook.com\/Spawlab\/","og_image":[{"width":200,"height":200,"url":"https:\/\/spawlab.pl\/wp-content\/uploads\/2025\/04\/\u0437\u0430\u0432\u0430\u043d\u0442\u0430\u0436\u0435\u043d\u043d\u044f-6.jpeg","type":"image\/jpeg"}],"twitter_misc":{"Price":"947,27&nbsp;&#122;&#322; (770,14&nbsp;&#122;&#322; netto)","Availability":"On backorder"},"schema":{"@context":"https:\/\/schema.org","@graph":[{"@type":["WebPage","ItemPage"],"@id":"https:\/\/spawlab.pl\/en\/produkt\/mig-mag-welding-chuck-abicor-binzel-abimig-a-355-grip-lw-3m-767-d690-1\/","url":"https:\/\/spawlab.pl\/en\/produkt\/mig-mag-welding-chuck-abicor-binzel-abimig-a-355-grip-lw-3m-767-d690-1\/","name":"MIG\/MAG welding chuck ABICOR BINZEL ABIMIG A 355 GRIP LW 3m 767.D690.1","isPartOf":{"@id":"https:\/\/spawlab.pl\/en\/#website"},"primaryImageOfPage":{"@id":"https:\/\/spawlab.pl\/en\/produkt\/mig-mag-welding-chuck-abicor-binzel-abimig-a-355-grip-lw-3m-767-d690-1\/#primaryimage"},"image":{"@id":"https:\/\/spawlab.pl\/en\/produkt\/mig-mag-welding-chuck-abicor-binzel-abimig-a-355-grip-lw-3m-767-d690-1\/#primaryimage"},"thumbnailUrl":"https:\/\/spawlab.pl\/wp-content\/uploads\/2025\/04\/\u0437\u0430\u0432\u0430\u043d\u0442\u0430\u0436\u0435\u043d\u043d\u044f-6.jpeg","datePublished":"2025-04-11T14:43:57+00:00","description":"Ergonomic and lightweight MIG\/MAG welding chuck ABICOR BINZEL ABIMIG A 355 GRIP LW 3m. Optimal grip, easy maneuverability, high welding power.","breadcrumb":{"@id":"https:\/\/spawlab.pl\/en\/produkt\/mig-mag-welding-chuck-abicor-binzel-abimig-a-355-grip-lw-3m-767-d690-1\/#breadcrumb"},"inLanguage":"en-US","potentialAction":[{"@type":"ReadAction","target":["https:\/\/spawlab.pl\/en\/produkt\/mig-mag-welding-chuck-abicor-binzel-abimig-a-355-grip-lw-3m-767-d690-1\/"]}]},{"@type":"ImageObject","inLanguage":"en-US","@id":"https:\/\/spawlab.pl\/en\/produkt\/mig-mag-welding-chuck-abicor-binzel-abimig-a-355-grip-lw-3m-767-d690-1\/#primaryimage","url":"https:\/\/spawlab.pl\/wp-content\/uploads\/2025\/04\/\u0437\u0430\u0432\u0430\u043d\u0442\u0430\u0436\u0435\u043d\u043d\u044f-6.jpeg","contentUrl":"https:\/\/spawlab.pl\/wp-content\/uploads\/2025\/04\/\u0437\u0430\u0432\u0430\u043d\u0442\u0430\u0436\u0435\u043d\u043d\u044f-6.jpeg","width":200,"height":200},{"@type":"BreadcrumbList","@id":"https:\/\/spawlab.pl\/en\/produkt\/mig-mag-welding-chuck-abicor-binzel-abimig-a-355-grip-lw-3m-767-d690-1\/#breadcrumb","itemListElement":[{"@type":"ListItem","position":1,"name":"Strona g\u0142\u00f3wna","item":"https:\/\/spawlab.pl\/en\/"},{"@type":"ListItem","position":2,"name":"Store","item":"https:\/\/spawlab.pl\/en\/shop\/"},{"@type":"ListItem","position":3,"name":"MIG\/MAG welding chuck ABICOR BINZEL ABIMIG A 355 GRIP LW 3m 767.D690.1"}]},{"@type":"WebSite","@id":"https:\/\/spawlab.pl\/en\/#website","url":"https:\/\/spawlab.pl\/en\/","name":"Spawlab.pl Lider - Spawarki, Przecinarki Plazmowe, Kompresory","description":"Urz\u0105dzenia spawalnicze i Przecinarki plazmowe\/ nowe i u\u017cywane \/ Profesjonalny serwis","publisher":{"@id":"https:\/\/spawlab.pl\/en\/#organization"},"alternateName":"Spawlab.pl - Dystrybutor Premium i Serwis na Polske Migatronic, Gys, Voestalpine Bohler Welding","potentialAction":[{"@type":"SearchAction","target":{"@type":"EntryPoint","urlTemplate":"https:\/\/spawlab.pl\/en\/?s={search_term_string}"},"query-input":{"@type":"PropertyValueSpecification","valueRequired":true,"valueName":"search_term_string"}}],"inLanguage":"en-US"},{"@type":["Organization","Place"],"@id":"https:\/\/spawlab.pl\/en\/#organization","name":"Spawlab.pl","url":"https:\/\/spawlab.pl\/en\/","logo":{"@id":"https:\/\/spawlab.pl\/en\/produkt\/mig-mag-welding-chuck-abicor-binzel-abimig-a-355-grip-lw-3m-767-d690-1\/#local-main-organization-logo"},"image":{"@id":"https:\/\/spawlab.pl\/en\/produkt\/mig-mag-welding-chuck-abicor-binzel-abimig-a-355-grip-lw-3m-767-d690-1\/#local-main-organization-logo"},"sameAs":["https:\/\/www.facebook.com\/Spawlab\/","https:\/\/www.linkedin.com\/company\/spawlab","https:\/\/www.instagram.com\/spawlab.pl","https:\/\/www.tiktok.com\/@spawlab"],"description":"Lider sprzeda\u017cy, Oficjalny Dystrybutor Premium i Serwis na Polsk\u0119 Migatronic, Gys, Voestalpine Bohler Welding. Nowe i u\u017cywane Spawarki, Przecinarki Plazmowe, Kompresory. Mgr in\u017c. Jaros\u0142aw Ko\u0142aski, IWE","hasMerchantReturnPolicy":{"@type":"MerchantReturnPolicy","merchantReturnLink":"https:\/\/spawlab.pl\/polityka-prywatnosci-2\/"},"telephone":[],"openingHoursSpecification":[{"@type":"OpeningHoursSpecification","dayOfWeek":["Monday","Tuesday","Wednesday","Thursday","Friday","Saturday","Sunday"],"opens":"09:00","closes":"17:00"}]},{"@type":"ImageObject","inLanguage":"en-US","@id":"https:\/\/spawlab.pl\/en\/produkt\/mig-mag-welding-chuck-abicor-binzel-abimig-a-355-grip-lw-3m-767-d690-1\/#local-main-organization-logo","url":"https:\/\/spawlab.pl\/wp-content\/uploads\/2022\/01\/olx.jpg","contentUrl":"https:\/\/spawlab.pl\/wp-content\/uploads\/2022\/01\/olx.jpg","width":200,"height":200,"caption":"Spawlab.pl"}]},"product_brand":"Abicor Binzel","product_price_amount":"947.27","product_price_currency":"PLN","og_availability":"backorder","product_availability":"available for order","product_retailer_item_id":"767.D690.1","product_condition":"new"},"_links":{"self":[{"href":"https:\/\/spawlab.pl\/en\/wp-json\/wp\/v2\/product\/36856","targetHints":{"allow":["GET"]}}],"collection":[{"href":"https:\/\/spawlab.pl\/en\/wp-json\/wp\/v2\/product"}],"about":[{"href":"https:\/\/spawlab.pl\/en\/wp-json\/wp\/v2\/types\/product"}],"wp:featuredmedia":[{"embeddable":true,"href":"https:\/\/spawlab.pl\/en\/wp-json\/wp\/v2\/media\/26549"}],"wp:attachment":[{"href":"https:\/\/spawlab.pl\/en\/wp-json\/wp\/v2\/media?parent=36856"}],"wp:term":[{"taxonomy":"product_brand","embeddable":true,"href":"https:\/\/spawlab.pl\/en\/wp-json\/wp\/v2\/product_brand?post=36856"},{"taxonomy":"product_cat","embeddable":true,"href":"https:\/\/spawlab.pl\/en\/wp-json\/wp\/v2\/product_cat?post=36856"},{"taxonomy":"product_tag","embeddable":true,"href":"https:\/\/spawlab.pl\/en\/wp-json\/wp\/v2\/product_tag?post=36856"}],"curies":[{"name":"wp","href":"https:\/\/api.w.org\/{rel}","templated":true}]}}