{"id":36873,"date":"2025-04-11T16:42:32","date_gmt":"2025-04-11T14:42:32","guid":{"rendered":"https:\/\/spawlab.pl\/produkt\/mig-mag-welding-chuck-abicor-binzel-mb-evo-pro-36-4m-014-0530-1\/"},"modified":"2025-04-11T16:42:32","modified_gmt":"2025-04-11T14:42:32","slug":"mig-mag-welding-chuck-abicor-binzel-mb-evo-pro-36-4m-014-0530-1","status":"publish","type":"product","link":"https:\/\/spawlab.pl\/en\/produkt\/mig-mag-welding-chuck-abicor-binzel-mb-evo-pro-36-4m-014-0530-1\/","title":{"rendered":"MIG\/MAG welding chuck ABICOR BINZEL MB EVO PRO 36 4m 014.0530.1"},"content":{"rendered":"<p class=\"\" data-start=\"63\" data-end=\"469\">Abicor Binzel MB EVO PRO 36 welding chuck with a length of 4 meters is an advanced tool dedicated to MIG\/MAG welding professionals. Its modern design provides excellent ergonomics, which translates into greater control and comfort. Thanks to the lightweight BIKOX\u00ae LW cable, the weight of the handle has been reduced by 34%, which further increases the comfort of use.  <\/p>\n<p class=\"\" data-start=\"471\" data-end=\"491\"><strong data-start=\"471\" data-end=\"491\">Characteristics:<\/strong><\/p>\n<p class=\"\" data-start=\"494\" data-end=\"517\"><strong data-start=\"494\" data-end=\"502\">Type:<\/strong> MIG\/MAG chuck<\/p>\n<p class=\"\" data-start=\"520\" data-end=\"544\"><strong data-start=\"520\" data-end=\"530\">Model:<\/strong> MB EVO PRO 36<\/p>\n<p class=\"\" data-start=\"547\" data-end=\"572\"><strong data-start=\"547\" data-end=\"568\">Cable length:<\/strong> 4 m<\/p>\n<p class=\"\" data-start=\"575\" data-end=\"597\"><strong data-start=\"575\" data-end=\"590\">Cooling:<\/strong> Gas<\/p>\n<p class=\"\" data-start=\"600\" data-end=\"617\"><strong data-start=\"600\" data-end=\"617\">Load capacity: <\/strong><strong data-start=\"622\" data-end=\"630\">CO\u2082:<\/strong> 320 A at 60% duty cycle, <strong data-start=\"662\" data-end=\"680\">M21 compound:<\/strong> 290 A at 60% duty cycle<\/p>\n<p class=\"\" data-start=\"710\" data-end=\"740\"><strong data-start=\"710\" data-end=\"729\">Wire diameter:<\/strong> 0.8-1.2 mm<\/p>\n<p class=\"\" data-start=\"743\" data-end=\"785\"><strong data-start=\"743\" data-end=\"761\">Intended use:<\/strong> Semi-automatic welding machines<\/p>\n","protected":false},"excerpt":{"rendered":"<p>Abicor Binzel MB EVO PRO 36 welding torch, 4 m, gas cooling, lightweight BIKOX\u00ae LW cable, excellent ergonomics, 320 A at CO\u2082.<\/p>\n","protected":false},"featured_media":26268,"template":"","meta":{"inline_featured_image":false},"product_brand":[1453],"product_cat":[5330,5430,476,475,528,522,533],"product_tag":[5500,5334,5501,5499,5436,5502,3571,5435],"class_list":{"0":"post-36873","1":"product","2":"type-product","3":"status-publish","4":"has-post-thumbnail","6":"product_brand-abicor-binzel","7":"product_cat-abicor-binzel-en","8":"product_cat-abicor-binzel-en-3","9":"product_cat-accessories","10":"product_cat-accessories-parts","11":"product_cat-mig-welding-guns","12":"product_cat-parts","13":"product_cat-wires-handles","14":"product_tag-4-m-en","15":"product_tag-abicor-binzel-en","16":"product_tag-gas-cooling","17":"product_tag-mb-evo-pro-36-en","18":"product_tag-mig-mag-handle","19":"product_tag-semi-automatic-welding-machines","20":"product_tag-welding","21":"product_tag-welding-jig","23":"first","24":"onbackorder","25":"sale","26":"taxable","27":"shipping-taxable","28":"purchasable","29":"product-type-simple"},"yoast_head":"<!-- This site is optimized with the Yoast SEO Premium plugin v27.5 (Yoast SEO v27.6) - https:\/\/yoast.com\/product\/yoast-seo-premium-wordpress\/ -->\n<title>MIG\/MAG welding chuck ABICOR BINZEL MB EVO PRO 36 4m 014.0530.1<\/title>\n<meta name=\"description\" content=\"Abicor Binzel MB EVO PRO 36, 4 m, gas-cooled welding chuck for MIG\/MAG welding, 320 A at CO\u2082.\" \/>\n<meta name=\"robots\" content=\"index, follow, max-snippet:-1, max-image-preview:large, max-video-preview:-1\" \/>\n<link rel=\"canonical\" href=\"https:\/\/spawlab.pl\/en\/produkt\/mig-mag-welding-chuck-abicor-binzel-mb-evo-pro-36-4m-014-0530-1\/\" \/>\n<meta property=\"og:locale\" content=\"en_US\" \/>\n<meta property=\"og:type\" content=\"article\" \/>\n<meta property=\"og:title\" content=\"MIG\/MAG welding chuck ABICOR BINZEL MB EVO PRO 36 4m 014.0530.1\" \/>\n<meta property=\"og:description\" content=\"Lider sprzeda\u017cy, Oficjalny Dystrybutor Premium i Serwis na Polsk\u0119 Migatronic, Gys, Voestalpine Bohler Welding. Nowe i u\u017cywane Spawarki, Przecinarki Plazmowe, Kompresory. Mgr in\u017c. Jaros\u0142aw Ko\u0142aski, IWE\" \/>\n<meta property=\"og:url\" content=\"https:\/\/spawlab.pl\/en\/produkt\/mig-mag-welding-chuck-abicor-binzel-mb-evo-pro-36-4m-014-0530-1\/\" \/>\n<meta property=\"og:site_name\" content=\"SpawLab - Welding equipment and plasma cutters - store and service\" \/>\n<meta property=\"article:publisher\" content=\"https:\/\/www.facebook.com\/Spawlab\/\" \/>\n<meta property=\"og:image\" content=\"https:\/\/spawlab.pl\/wp-content\/uploads\/2025\/04\/uchwyt-spawalniczy-binzel-mb-evo-pro-36-3m.jpg\" \/>\n\t<meta property=\"og:image:width\" content=\"1280\" \/>\n\t<meta property=\"og:image:height\" content=\"1280\" \/>\n\t<meta property=\"og:image:type\" content=\"image\/jpeg\" \/>\n<meta name=\"twitter:label1\" content=\"Price\" \/>\n\t<meta name=\"twitter:data1\" content=\"770,09&nbsp;&#122;&#322; (626,09&nbsp;&#122;&#322; netto)\" \/>\n\t<meta name=\"twitter:label2\" content=\"Availability\" \/>\n\t<meta name=\"twitter:data2\" content=\"On backorder\" \/>\n<script type=\"application\/ld+json\" class=\"yoast-schema-graph\">{\"@context\":\"https:\\\/\\\/schema.org\",\"@graph\":[{\"@type\":[\"WebPage\",\"ItemPage\"],\"@id\":\"https:\\\/\\\/spawlab.pl\\\/en\\\/produkt\\\/mig-mag-welding-chuck-abicor-binzel-mb-evo-pro-36-4m-014-0530-1\\\/\",\"url\":\"https:\\\/\\\/spawlab.pl\\\/en\\\/produkt\\\/mig-mag-welding-chuck-abicor-binzel-mb-evo-pro-36-4m-014-0530-1\\\/\",\"name\":\"MIG\\\/MAG welding chuck ABICOR BINZEL MB EVO PRO 36 4m 014.0530.1\",\"isPartOf\":{\"@id\":\"https:\\\/\\\/spawlab.pl\\\/en\\\/#website\"},\"primaryImageOfPage\":{\"@id\":\"https:\\\/\\\/spawlab.pl\\\/en\\\/produkt\\\/mig-mag-welding-chuck-abicor-binzel-mb-evo-pro-36-4m-014-0530-1\\\/#primaryimage\"},\"image\":{\"@id\":\"https:\\\/\\\/spawlab.pl\\\/en\\\/produkt\\\/mig-mag-welding-chuck-abicor-binzel-mb-evo-pro-36-4m-014-0530-1\\\/#primaryimage\"},\"thumbnailUrl\":\"https:\\\/\\\/spawlab.pl\\\/wp-content\\\/uploads\\\/2025\\\/04\\\/uchwyt-spawalniczy-binzel-mb-evo-pro-36-3m.jpg\",\"datePublished\":\"2025-04-11T14:42:32+00:00\",\"description\":\"Abicor Binzel MB EVO PRO 36, 4 m, gas-cooled welding chuck for MIG\\\/MAG welding, 320 A at CO\u2082.\",\"breadcrumb\":{\"@id\":\"https:\\\/\\\/spawlab.pl\\\/en\\\/produkt\\\/mig-mag-welding-chuck-abicor-binzel-mb-evo-pro-36-4m-014-0530-1\\\/#breadcrumb\"},\"inLanguage\":\"en-US\",\"potentialAction\":[{\"@type\":\"ReadAction\",\"target\":[\"https:\\\/\\\/spawlab.pl\\\/en\\\/produkt\\\/mig-mag-welding-chuck-abicor-binzel-mb-evo-pro-36-4m-014-0530-1\\\/\"]}]},{\"@type\":\"ImageObject\",\"inLanguage\":\"en-US\",\"@id\":\"https:\\\/\\\/spawlab.pl\\\/en\\\/produkt\\\/mig-mag-welding-chuck-abicor-binzel-mb-evo-pro-36-4m-014-0530-1\\\/#primaryimage\",\"url\":\"https:\\\/\\\/spawlab.pl\\\/wp-content\\\/uploads\\\/2025\\\/04\\\/uchwyt-spawalniczy-binzel-mb-evo-pro-36-3m.jpg\",\"contentUrl\":\"https:\\\/\\\/spawlab.pl\\\/wp-content\\\/uploads\\\/2025\\\/04\\\/uchwyt-spawalniczy-binzel-mb-evo-pro-36-3m.jpg\",\"width\":1280,\"height\":1280},{\"@type\":\"BreadcrumbList\",\"@id\":\"https:\\\/\\\/spawlab.pl\\\/en\\\/produkt\\\/mig-mag-welding-chuck-abicor-binzel-mb-evo-pro-36-4m-014-0530-1\\\/#breadcrumb\",\"itemListElement\":[{\"@type\":\"ListItem\",\"position\":1,\"name\":\"Strona g\u0142\u00f3wna\",\"item\":\"https:\\\/\\\/spawlab.pl\\\/en\\\/\"},{\"@type\":\"ListItem\",\"position\":2,\"name\":\"Store\",\"item\":\"https:\\\/\\\/spawlab.pl\\\/en\\\/shop\\\/\"},{\"@type\":\"ListItem\",\"position\":3,\"name\":\"MIG\\\/MAG welding chuck ABICOR BINZEL MB EVO PRO 36 4m 014.0530.1\"}]},{\"@type\":\"WebSite\",\"@id\":\"https:\\\/\\\/spawlab.pl\\\/en\\\/#website\",\"url\":\"https:\\\/\\\/spawlab.pl\\\/en\\\/\",\"name\":\"Spawlab.pl Lider - Spawarki, Przecinarki Plazmowe, Kompresory\",\"description\":\"Urz\u0105dzenia spawalnicze i Przecinarki plazmowe\\\/ nowe i u\u017cywane \\\/ Profesjonalny serwis\",\"publisher\":{\"@id\":\"https:\\\/\\\/spawlab.pl\\\/en\\\/#organization\"},\"alternateName\":\"Spawlab.pl - Dystrybutor Premium i Serwis na Polske Migatronic, Gys, Voestalpine Bohler Welding\",\"potentialAction\":[{\"@type\":\"SearchAction\",\"target\":{\"@type\":\"EntryPoint\",\"urlTemplate\":\"https:\\\/\\\/spawlab.pl\\\/en\\\/?s={search_term_string}\"},\"query-input\":{\"@type\":\"PropertyValueSpecification\",\"valueRequired\":true,\"valueName\":\"search_term_string\"}}],\"inLanguage\":\"en-US\"},{\"@type\":[\"Organization\",\"Place\"],\"@id\":\"https:\\\/\\\/spawlab.pl\\\/en\\\/#organization\",\"name\":\"Spawlab.pl\",\"url\":\"https:\\\/\\\/spawlab.pl\\\/en\\\/\",\"logo\":{\"@id\":\"https:\\\/\\\/spawlab.pl\\\/en\\\/produkt\\\/mig-mag-welding-chuck-abicor-binzel-mb-evo-pro-36-4m-014-0530-1\\\/#local-main-organization-logo\"},\"image\":{\"@id\":\"https:\\\/\\\/spawlab.pl\\\/en\\\/produkt\\\/mig-mag-welding-chuck-abicor-binzel-mb-evo-pro-36-4m-014-0530-1\\\/#local-main-organization-logo\"},\"sameAs\":[\"https:\\\/\\\/www.facebook.com\\\/Spawlab\\\/\",\"https:\\\/\\\/www.linkedin.com\\\/company\\\/spawlab\",\"https:\\\/\\\/www.instagram.com\\\/spawlab.pl\",\"https:\\\/\\\/www.tiktok.com\\\/@spawlab\"],\"description\":\"Lider sprzeda\u017cy, Oficjalny Dystrybutor Premium i Serwis na Polsk\u0119 Migatronic, Gys, Voestalpine Bohler Welding. Nowe i u\u017cywane Spawarki, Przecinarki Plazmowe, Kompresory. Mgr in\u017c. Jaros\u0142aw Ko\u0142aski, IWE\",\"hasMerchantReturnPolicy\":{\"@type\":\"MerchantReturnPolicy\",\"merchantReturnLink\":\"https:\\\/\\\/spawlab.pl\\\/polityka-prywatnosci-2\\\/\"},\"telephone\":[],\"openingHoursSpecification\":[{\"@type\":\"OpeningHoursSpecification\",\"dayOfWeek\":[\"Monday\",\"Tuesday\",\"Wednesday\",\"Thursday\",\"Friday\",\"Saturday\",\"Sunday\"],\"opens\":\"09:00\",\"closes\":\"17:00\"}]},{\"@type\":\"ImageObject\",\"inLanguage\":\"en-US\",\"@id\":\"https:\\\/\\\/spawlab.pl\\\/en\\\/produkt\\\/mig-mag-welding-chuck-abicor-binzel-mb-evo-pro-36-4m-014-0530-1\\\/#local-main-organization-logo\",\"url\":\"https:\\\/\\\/spawlab.pl\\\/wp-content\\\/uploads\\\/2022\\\/01\\\/olx.jpg\",\"contentUrl\":\"https:\\\/\\\/spawlab.pl\\\/wp-content\\\/uploads\\\/2022\\\/01\\\/olx.jpg\",\"width\":200,\"height\":200,\"caption\":\"Spawlab.pl\"}]}<\/script>\n<meta property=\"product:brand\" content=\"Abicor Binzel\" \/>\n<meta property=\"product:price:amount\" content=\"770.09\" \/>\n<meta property=\"product:price:currency\" content=\"PLN\" \/>\n<meta property=\"og:availability\" content=\"backorder\" \/>\n<meta property=\"product:availability\" content=\"available for order\" \/>\n<meta property=\"product:retailer_item_id\" content=\"014.0530.1\" \/>\n<meta property=\"product:condition\" content=\"new\" \/>\n<!-- \/ Yoast SEO Premium plugin. -->","yoast_head_json":{"title":"MIG\/MAG welding chuck ABICOR BINZEL MB EVO PRO 36 4m 014.0530.1","description":"Abicor Binzel MB EVO PRO 36, 4 m, gas-cooled welding chuck for MIG\/MAG welding, 320 A at CO\u2082.","robots":{"index":"index","follow":"follow","max-snippet":"max-snippet:-1","max-image-preview":"max-image-preview:large","max-video-preview":"max-video-preview:-1"},"canonical":"https:\/\/spawlab.pl\/en\/produkt\/mig-mag-welding-chuck-abicor-binzel-mb-evo-pro-36-4m-014-0530-1\/","og_locale":"en_US","og_type":"article","og_title":"MIG\/MAG welding chuck ABICOR BINZEL MB EVO PRO 36 4m 014.0530.1","og_description":"Lider sprzeda\u017cy, Oficjalny Dystrybutor Premium i Serwis na Polsk\u0119 Migatronic, Gys, Voestalpine Bohler Welding. Nowe i u\u017cywane Spawarki, Przecinarki Plazmowe, Kompresory. Mgr in\u017c. Jaros\u0142aw Ko\u0142aski, IWE","og_url":"https:\/\/spawlab.pl\/en\/produkt\/mig-mag-welding-chuck-abicor-binzel-mb-evo-pro-36-4m-014-0530-1\/","og_site_name":"SpawLab - Welding equipment and plasma cutters - store and service","article_publisher":"https:\/\/www.facebook.com\/Spawlab\/","og_image":[{"width":1280,"height":1280,"url":"https:\/\/spawlab.pl\/wp-content\/uploads\/2025\/04\/uchwyt-spawalniczy-binzel-mb-evo-pro-36-3m.jpg","type":"image\/jpeg"}],"twitter_misc":{"Price":"770,09&nbsp;&#122;&#322; (626,09&nbsp;&#122;&#322; netto)","Availability":"On backorder"},"schema":{"@context":"https:\/\/schema.org","@graph":[{"@type":["WebPage","ItemPage"],"@id":"https:\/\/spawlab.pl\/en\/produkt\/mig-mag-welding-chuck-abicor-binzel-mb-evo-pro-36-4m-014-0530-1\/","url":"https:\/\/spawlab.pl\/en\/produkt\/mig-mag-welding-chuck-abicor-binzel-mb-evo-pro-36-4m-014-0530-1\/","name":"MIG\/MAG welding chuck ABICOR BINZEL MB EVO PRO 36 4m 014.0530.1","isPartOf":{"@id":"https:\/\/spawlab.pl\/en\/#website"},"primaryImageOfPage":{"@id":"https:\/\/spawlab.pl\/en\/produkt\/mig-mag-welding-chuck-abicor-binzel-mb-evo-pro-36-4m-014-0530-1\/#primaryimage"},"image":{"@id":"https:\/\/spawlab.pl\/en\/produkt\/mig-mag-welding-chuck-abicor-binzel-mb-evo-pro-36-4m-014-0530-1\/#primaryimage"},"thumbnailUrl":"https:\/\/spawlab.pl\/wp-content\/uploads\/2025\/04\/uchwyt-spawalniczy-binzel-mb-evo-pro-36-3m.jpg","datePublished":"2025-04-11T14:42:32+00:00","description":"Abicor Binzel MB EVO PRO 36, 4 m, gas-cooled welding chuck for MIG\/MAG welding, 320 A at CO\u2082.","breadcrumb":{"@id":"https:\/\/spawlab.pl\/en\/produkt\/mig-mag-welding-chuck-abicor-binzel-mb-evo-pro-36-4m-014-0530-1\/#breadcrumb"},"inLanguage":"en-US","potentialAction":[{"@type":"ReadAction","target":["https:\/\/spawlab.pl\/en\/produkt\/mig-mag-welding-chuck-abicor-binzel-mb-evo-pro-36-4m-014-0530-1\/"]}]},{"@type":"ImageObject","inLanguage":"en-US","@id":"https:\/\/spawlab.pl\/en\/produkt\/mig-mag-welding-chuck-abicor-binzel-mb-evo-pro-36-4m-014-0530-1\/#primaryimage","url":"https:\/\/spawlab.pl\/wp-content\/uploads\/2025\/04\/uchwyt-spawalniczy-binzel-mb-evo-pro-36-3m.jpg","contentUrl":"https:\/\/spawlab.pl\/wp-content\/uploads\/2025\/04\/uchwyt-spawalniczy-binzel-mb-evo-pro-36-3m.jpg","width":1280,"height":1280},{"@type":"BreadcrumbList","@id":"https:\/\/spawlab.pl\/en\/produkt\/mig-mag-welding-chuck-abicor-binzel-mb-evo-pro-36-4m-014-0530-1\/#breadcrumb","itemListElement":[{"@type":"ListItem","position":1,"name":"Strona g\u0142\u00f3wna","item":"https:\/\/spawlab.pl\/en\/"},{"@type":"ListItem","position":2,"name":"Store","item":"https:\/\/spawlab.pl\/en\/shop\/"},{"@type":"ListItem","position":3,"name":"MIG\/MAG welding chuck ABICOR BINZEL MB EVO PRO 36 4m 014.0530.1"}]},{"@type":"WebSite","@id":"https:\/\/spawlab.pl\/en\/#website","url":"https:\/\/spawlab.pl\/en\/","name":"Spawlab.pl Lider - Spawarki, Przecinarki Plazmowe, Kompresory","description":"Urz\u0105dzenia spawalnicze i Przecinarki plazmowe\/ nowe i u\u017cywane \/ Profesjonalny serwis","publisher":{"@id":"https:\/\/spawlab.pl\/en\/#organization"},"alternateName":"Spawlab.pl - Dystrybutor Premium i Serwis na Polske Migatronic, Gys, Voestalpine Bohler Welding","potentialAction":[{"@type":"SearchAction","target":{"@type":"EntryPoint","urlTemplate":"https:\/\/spawlab.pl\/en\/?s={search_term_string}"},"query-input":{"@type":"PropertyValueSpecification","valueRequired":true,"valueName":"search_term_string"}}],"inLanguage":"en-US"},{"@type":["Organization","Place"],"@id":"https:\/\/spawlab.pl\/en\/#organization","name":"Spawlab.pl","url":"https:\/\/spawlab.pl\/en\/","logo":{"@id":"https:\/\/spawlab.pl\/en\/produkt\/mig-mag-welding-chuck-abicor-binzel-mb-evo-pro-36-4m-014-0530-1\/#local-main-organization-logo"},"image":{"@id":"https:\/\/spawlab.pl\/en\/produkt\/mig-mag-welding-chuck-abicor-binzel-mb-evo-pro-36-4m-014-0530-1\/#local-main-organization-logo"},"sameAs":["https:\/\/www.facebook.com\/Spawlab\/","https:\/\/www.linkedin.com\/company\/spawlab","https:\/\/www.instagram.com\/spawlab.pl","https:\/\/www.tiktok.com\/@spawlab"],"description":"Lider sprzeda\u017cy, Oficjalny Dystrybutor Premium i Serwis na Polsk\u0119 Migatronic, Gys, Voestalpine Bohler Welding. Nowe i u\u017cywane Spawarki, Przecinarki Plazmowe, Kompresory. Mgr in\u017c. Jaros\u0142aw Ko\u0142aski, IWE","hasMerchantReturnPolicy":{"@type":"MerchantReturnPolicy","merchantReturnLink":"https:\/\/spawlab.pl\/polityka-prywatnosci-2\/"},"telephone":[],"openingHoursSpecification":[{"@type":"OpeningHoursSpecification","dayOfWeek":["Monday","Tuesday","Wednesday","Thursday","Friday","Saturday","Sunday"],"opens":"09:00","closes":"17:00"}]},{"@type":"ImageObject","inLanguage":"en-US","@id":"https:\/\/spawlab.pl\/en\/produkt\/mig-mag-welding-chuck-abicor-binzel-mb-evo-pro-36-4m-014-0530-1\/#local-main-organization-logo","url":"https:\/\/spawlab.pl\/wp-content\/uploads\/2022\/01\/olx.jpg","contentUrl":"https:\/\/spawlab.pl\/wp-content\/uploads\/2022\/01\/olx.jpg","width":200,"height":200,"caption":"Spawlab.pl"}]},"product_brand":"Abicor Binzel","product_price_amount":"770.09","product_price_currency":"PLN","og_availability":"backorder","product_availability":"available for order","product_retailer_item_id":"014.0530.1","product_condition":"new"},"_links":{"self":[{"href":"https:\/\/spawlab.pl\/en\/wp-json\/wp\/v2\/product\/36873","targetHints":{"allow":["GET"]}}],"collection":[{"href":"https:\/\/spawlab.pl\/en\/wp-json\/wp\/v2\/product"}],"about":[{"href":"https:\/\/spawlab.pl\/en\/wp-json\/wp\/v2\/types\/product"}],"wp:featuredmedia":[{"embeddable":true,"href":"https:\/\/spawlab.pl\/en\/wp-json\/wp\/v2\/media\/26268"}],"wp:attachment":[{"href":"https:\/\/spawlab.pl\/en\/wp-json\/wp\/v2\/media?parent=36873"}],"wp:term":[{"taxonomy":"product_brand","embeddable":true,"href":"https:\/\/spawlab.pl\/en\/wp-json\/wp\/v2\/product_brand?post=36873"},{"taxonomy":"product_cat","embeddable":true,"href":"https:\/\/spawlab.pl\/en\/wp-json\/wp\/v2\/product_cat?post=36873"},{"taxonomy":"product_tag","embeddable":true,"href":"https:\/\/spawlab.pl\/en\/wp-json\/wp\/v2\/product_tag?post=36873"}],"curies":[{"name":"wp","href":"https:\/\/api.w.org\/{rel}","templated":true}]}}