{"id":36932,"date":"2025-04-11T16:42:23","date_gmt":"2025-04-11T14:42:23","guid":{"rendered":"https:\/\/spawlab.pl\/produkt\/mig-mag-welding-clamp-abicor-binzel-mb-grip-36-kd-4m-014-0335\/"},"modified":"2025-05-28T11:26:18","modified_gmt":"2025-05-28T09:26:18","slug":"mig-mag-welding-clamp-abicor-binzel-mb-grip-36-kd-4m-014-0335","status":"publish","type":"product","link":"https:\/\/spawlab.pl\/en\/produkt\/mig-mag-welding-clamp-abicor-binzel-mb-grip-36-kd-4m-014-0335\/","title":{"rendered":"MIG\/MAG welding clamp ABICOR BINZEL MB GRIP 36 KD 4m 014.0335"},"content":{"rendered":"<p>ABICOR BINZEL MB GRIP 36 KD professional MIG\/MAG welding chuck with a length of 4 meters. Designed for maximum comfort and productivity. The ergonomic \u201cGRIP\u201d handle provides a secure grip and reduces hand fatigue. Equipped with a ball joint, allowing you to freely operate the handle and reach hard-to-reach places. It features a high current capacity of up to 320 amperes, which allows welding a variety of materials with wire diameters from 0.8 to 1.2 mm. Durable and flexible Bikox\u00ae wires guarantee long life and reliability in harsh working conditions. The central KD connection allows for quick and easy handle changes.      <\/p>\n<p data-sourcepos=\"19:1-19:20\"><strong>Characteristics:<\/strong><\/p>\n<p data-sourcepos=\"21:1-32:25\">Type: MIG\/MAG chuck Model: MB GRIP 36 KD Cable length: 4 m Manufacturer: ABICOR BINZEL Current Capacity (CO2): 320 A at 60% duty cycle Current capacity (Ar+CO2 mixture): 290 A at 60% duty cycle Cooling: Gas Wire diameter: 0.8 &#8211; 1.2 mm Handle: Ergonomic \u201cGRIP\u201d Ball joint: Yes Wires: Bikox\u00ae Connection: KD (central)<\/p>\n","protected":false},"excerpt":{"rendered":"<p>ABICOR BINZEL MB GRIP 36 KD 4m MIG\/MAG welding chuck. Ergonomic, with ball joint, load capacity up to 320 A, Bikox\u00ae wires. <\/p>\n","protected":false},"featured_media":26403,"template":"","meta":{"inline_featured_image":false},"product_brand":[1453],"product_cat":[5330,5430,476,475,528,522,533],"product_tag":[5438,5334,5439,5440,5348,5441,5496,5515,5436,3571,5290,5435],"class_list":{"0":"post-36932","1":"product","2":"type-product","3":"status-publish","4":"has-post-thumbnail","6":"product_brand-abicor-binzel","7":"product_cat-abicor-binzel-en","8":"product_cat-abicor-binzel-en-3","9":"product_cat-accessories","10":"product_cat-accessories-parts","11":"product_cat-mig-welding-guns","12":"product_cat-parts","13":"product_cat-wires-handles","14":"product_tag-4m-en","15":"product_tag-abicor-binzel-en","16":"product_tag-ball-joint","17":"product_tag-bikox-cables","18":"product_tag-ergonomic-handle","19":"product_tag-high-load-capacity","20":"product_tag-kd-handle","21":"product_tag-mb-grip-36-kd-en","22":"product_tag-mig-mag-handle","23":"product_tag-welding","24":"product_tag-welding-accessories-en","25":"product_tag-welding-jig","27":"first","28":"onbackorder","29":"sale","30":"taxable","31":"shipping-taxable","32":"purchasable","33":"product-type-simple"},"yoast_head":"<!-- This site is optimized with the Yoast SEO Premium plugin v27.0 (Yoast SEO v27.3) - https:\/\/yoast.com\/product\/yoast-seo-premium-wordpress\/ -->\n<title>MIG\/MAG welding clamp ABICOR BINZEL MB GRIP 36 KD 4m 014.0335<\/title>\n<meta name=\"description\" content=\"ABICOR BINZEL MB GRIP 36 KD 4m professional MIG\/MAG chuck. Ergonomic handle, ball joint, high load capacity, durable Bikox\u00ae wires. Ideal for demanding welding tasks.\" \/>\n<meta name=\"robots\" content=\"index, follow, max-snippet:-1, max-image-preview:large, max-video-preview:-1\" \/>\n<link rel=\"canonical\" href=\"https:\/\/spawlab.pl\/en\/produkt\/mig-mag-welding-clamp-abicor-binzel-mb-grip-36-kd-4m-014-0335\/\" \/>\n<meta property=\"og:locale\" content=\"en_US\" \/>\n<meta property=\"og:type\" content=\"article\" \/>\n<meta property=\"og:title\" content=\"MIG\/MAG welding clamp ABICOR BINZEL MB GRIP 36 KD 4m 014.0335\" \/>\n<meta property=\"og:description\" content=\"Lider sprzeda\u017cy, Oficjalny Dystrybutor Premium i Serwis na Polsk\u0119 Migatronic, Gys, Voestalpine Bohler Welding. Nowe i u\u017cywane Spawarki, Przecinarki Plazmowe, Kompresory. Mgr in\u017c. Jaros\u0142aw Ko\u0142aski, IWE\" \/>\n<meta property=\"og:url\" content=\"https:\/\/spawlab.pl\/en\/produkt\/mig-mag-welding-clamp-abicor-binzel-mb-grip-36-kd-4m-014-0335\/\" \/>\n<meta property=\"og:site_name\" content=\"SpawLab - Welding equipment and plasma cutters - store and service\" \/>\n<meta property=\"article:publisher\" content=\"https:\/\/www.facebook.com\/Spawlab\/\" \/>\n<meta property=\"article:modified_time\" content=\"2025-05-28T09:26:18+00:00\" \/>\n<meta property=\"og:image\" content=\"https:\/\/spawlab.pl\/wp-content\/uploads\/2025\/04\/uchwyt_spawalniczy-mig-mag-binzel-mb-grip-36-kd-3-m.jpg\" \/>\n\t<meta property=\"og:image:width\" content=\"1941\" \/>\n\t<meta property=\"og:image:height\" content=\"1941\" \/>\n\t<meta property=\"og:image:type\" content=\"image\/jpeg\" \/>\n<meta name=\"twitter:label1\" content=\"Price\" \/>\n\t<meta name=\"twitter:data1\" content=\"646,94&nbsp;&#122;&#322; (525,97&nbsp;&#122;&#322; netto)\" \/>\n\t<meta name=\"twitter:label2\" content=\"Availability\" \/>\n\t<meta name=\"twitter:data2\" content=\"On backorder\" \/>\n<script type=\"application\/ld+json\" class=\"yoast-schema-graph\">{\"@context\":\"https:\\\/\\\/schema.org\",\"@graph\":[{\"@type\":[\"WebPage\",\"ItemPage\"],\"@id\":\"https:\\\/\\\/spawlab.pl\\\/en\\\/produkt\\\/mig-mag-welding-clamp-abicor-binzel-mb-grip-36-kd-4m-014-0335\\\/\",\"url\":\"https:\\\/\\\/spawlab.pl\\\/en\\\/produkt\\\/mig-mag-welding-clamp-abicor-binzel-mb-grip-36-kd-4m-014-0335\\\/\",\"name\":\"MIG\\\/MAG welding clamp ABICOR BINZEL MB GRIP 36 KD 4m 014.0335\",\"isPartOf\":{\"@id\":\"https:\\\/\\\/spawlab.pl\\\/en\\\/#website\"},\"primaryImageOfPage\":{\"@id\":\"https:\\\/\\\/spawlab.pl\\\/en\\\/produkt\\\/mig-mag-welding-clamp-abicor-binzel-mb-grip-36-kd-4m-014-0335\\\/#primaryimage\"},\"image\":{\"@id\":\"https:\\\/\\\/spawlab.pl\\\/en\\\/produkt\\\/mig-mag-welding-clamp-abicor-binzel-mb-grip-36-kd-4m-014-0335\\\/#primaryimage\"},\"thumbnailUrl\":\"https:\\\/\\\/spawlab.pl\\\/wp-content\\\/uploads\\\/2025\\\/04\\\/uchwyt_spawalniczy-mig-mag-binzel-mb-grip-36-kd-3-m.jpg\",\"datePublished\":\"2025-04-11T14:42:23+00:00\",\"dateModified\":\"2025-05-28T09:26:18+00:00\",\"description\":\"ABICOR BINZEL MB GRIP 36 KD 4m professional MIG\\\/MAG chuck. Ergonomic handle, ball joint, high load capacity, durable Bikox\u00ae wires. Ideal for demanding welding tasks.\",\"breadcrumb\":{\"@id\":\"https:\\\/\\\/spawlab.pl\\\/en\\\/produkt\\\/mig-mag-welding-clamp-abicor-binzel-mb-grip-36-kd-4m-014-0335\\\/#breadcrumb\"},\"inLanguage\":\"en-US\",\"potentialAction\":[{\"@type\":\"ReadAction\",\"target\":[\"https:\\\/\\\/spawlab.pl\\\/en\\\/produkt\\\/mig-mag-welding-clamp-abicor-binzel-mb-grip-36-kd-4m-014-0335\\\/\"]}]},{\"@type\":\"ImageObject\",\"inLanguage\":\"en-US\",\"@id\":\"https:\\\/\\\/spawlab.pl\\\/en\\\/produkt\\\/mig-mag-welding-clamp-abicor-binzel-mb-grip-36-kd-4m-014-0335\\\/#primaryimage\",\"url\":\"https:\\\/\\\/spawlab.pl\\\/wp-content\\\/uploads\\\/2025\\\/04\\\/uchwyt_spawalniczy-mig-mag-binzel-mb-grip-36-kd-3-m.jpg\",\"contentUrl\":\"https:\\\/\\\/spawlab.pl\\\/wp-content\\\/uploads\\\/2025\\\/04\\\/uchwyt_spawalniczy-mig-mag-binzel-mb-grip-36-kd-3-m.jpg\",\"width\":1941,\"height\":1941},{\"@type\":\"BreadcrumbList\",\"@id\":\"https:\\\/\\\/spawlab.pl\\\/en\\\/produkt\\\/mig-mag-welding-clamp-abicor-binzel-mb-grip-36-kd-4m-014-0335\\\/#breadcrumb\",\"itemListElement\":[{\"@type\":\"ListItem\",\"position\":1,\"name\":\"Strona g\u0142\u00f3wna\",\"item\":\"https:\\\/\\\/spawlab.pl\\\/en\\\/\"},{\"@type\":\"ListItem\",\"position\":2,\"name\":\"Store\",\"item\":\"https:\\\/\\\/spawlab.pl\\\/en\\\/shop\\\/\"},{\"@type\":\"ListItem\",\"position\":3,\"name\":\"MIG\\\/MAG welding clamp ABICOR BINZEL MB GRIP 36 KD 4m 014.0335\"}]},{\"@type\":\"WebSite\",\"@id\":\"https:\\\/\\\/spawlab.pl\\\/en\\\/#website\",\"url\":\"https:\\\/\\\/spawlab.pl\\\/en\\\/\",\"name\":\"Spawlab.pl Lider - Spawarki, Przecinarki Plazmowe, Kompresory\",\"description\":\"Urz\u0105dzenia spawalnicze i Przecinarki plazmowe\\\/ nowe i u\u017cywane \\\/ Profesjonalny serwis\",\"publisher\":{\"@id\":\"https:\\\/\\\/spawlab.pl\\\/en\\\/#organization\"},\"alternateName\":\"Spawlab.pl - Dystrybutor Premium i Serwis na Polske Migatronic, Gys, Voestalpine Bohler Welding\",\"potentialAction\":[{\"@type\":\"SearchAction\",\"target\":{\"@type\":\"EntryPoint\",\"urlTemplate\":\"https:\\\/\\\/spawlab.pl\\\/en\\\/?s={search_term_string}\"},\"query-input\":{\"@type\":\"PropertyValueSpecification\",\"valueRequired\":true,\"valueName\":\"search_term_string\"}}],\"inLanguage\":\"en-US\"},{\"@type\":[\"Organization\",\"Place\"],\"@id\":\"https:\\\/\\\/spawlab.pl\\\/en\\\/#organization\",\"name\":\"Spawlab.pl\",\"url\":\"https:\\\/\\\/spawlab.pl\\\/en\\\/\",\"logo\":{\"@id\":\"https:\\\/\\\/spawlab.pl\\\/en\\\/produkt\\\/mig-mag-welding-clamp-abicor-binzel-mb-grip-36-kd-4m-014-0335\\\/#local-main-organization-logo\"},\"image\":{\"@id\":\"https:\\\/\\\/spawlab.pl\\\/en\\\/produkt\\\/mig-mag-welding-clamp-abicor-binzel-mb-grip-36-kd-4m-014-0335\\\/#local-main-organization-logo\"},\"sameAs\":[\"https:\\\/\\\/www.facebook.com\\\/Spawlab\\\/\",\"https:\\\/\\\/www.linkedin.com\\\/company\\\/spawlab\",\"https:\\\/\\\/www.instagram.com\\\/spawlab.pl\",\"https:\\\/\\\/www.tiktok.com\\\/@spawlab\"],\"description\":\"Lider sprzeda\u017cy, Oficjalny Dystrybutor Premium i Serwis na Polsk\u0119 Migatronic, Gys, Voestalpine Bohler Welding. Nowe i u\u017cywane Spawarki, Przecinarki Plazmowe, Kompresory. Mgr in\u017c. Jaros\u0142aw Ko\u0142aski, IWE\",\"hasMerchantReturnPolicy\":{\"@type\":\"MerchantReturnPolicy\",\"merchantReturnLink\":\"https:\\\/\\\/spawlab.pl\\\/polityka-prywatnosci-2\\\/\"},\"telephone\":[],\"openingHoursSpecification\":[{\"@type\":\"OpeningHoursSpecification\",\"dayOfWeek\":[\"Monday\",\"Tuesday\",\"Wednesday\",\"Thursday\",\"Friday\",\"Saturday\",\"Sunday\"],\"opens\":\"09:00\",\"closes\":\"17:00\"}]},{\"@type\":\"ImageObject\",\"inLanguage\":\"en-US\",\"@id\":\"https:\\\/\\\/spawlab.pl\\\/en\\\/produkt\\\/mig-mag-welding-clamp-abicor-binzel-mb-grip-36-kd-4m-014-0335\\\/#local-main-organization-logo\",\"url\":\"https:\\\/\\\/spawlab.pl\\\/wp-content\\\/uploads\\\/2022\\\/01\\\/olx.jpg\",\"contentUrl\":\"https:\\\/\\\/spawlab.pl\\\/wp-content\\\/uploads\\\/2022\\\/01\\\/olx.jpg\",\"width\":200,\"height\":200,\"caption\":\"Spawlab.pl\"}]}<\/script>\n<meta property=\"product:brand\" content=\"Abicor Binzel\" \/>\n<meta property=\"product:price:amount\" content=\"646.94\" \/>\n<meta property=\"product:price:currency\" content=\"PLN\" \/>\n<meta property=\"og:availability\" content=\"backorder\" \/>\n<meta property=\"product:availability\" content=\"available for order\" \/>\n<meta property=\"product:retailer_item_id\" content=\"014.0335\" \/>\n<meta property=\"product:condition\" content=\"new\" \/>\n<!-- \/ Yoast SEO Premium plugin. -->","yoast_head_json":{"title":"MIG\/MAG welding clamp ABICOR BINZEL MB GRIP 36 KD 4m 014.0335","description":"ABICOR BINZEL MB GRIP 36 KD 4m professional MIG\/MAG chuck. Ergonomic handle, ball joint, high load capacity, durable Bikox\u00ae wires. Ideal for demanding welding tasks.","robots":{"index":"index","follow":"follow","max-snippet":"max-snippet:-1","max-image-preview":"max-image-preview:large","max-video-preview":"max-video-preview:-1"},"canonical":"https:\/\/spawlab.pl\/en\/produkt\/mig-mag-welding-clamp-abicor-binzel-mb-grip-36-kd-4m-014-0335\/","og_locale":"en_US","og_type":"article","og_title":"MIG\/MAG welding clamp ABICOR BINZEL MB GRIP 36 KD 4m 014.0335","og_description":"Lider sprzeda\u017cy, Oficjalny Dystrybutor Premium i Serwis na Polsk\u0119 Migatronic, Gys, Voestalpine Bohler Welding. Nowe i u\u017cywane Spawarki, Przecinarki Plazmowe, Kompresory. Mgr in\u017c. Jaros\u0142aw Ko\u0142aski, IWE","og_url":"https:\/\/spawlab.pl\/en\/produkt\/mig-mag-welding-clamp-abicor-binzel-mb-grip-36-kd-4m-014-0335\/","og_site_name":"SpawLab - Welding equipment and plasma cutters - store and service","article_publisher":"https:\/\/www.facebook.com\/Spawlab\/","article_modified_time":"2025-05-28T09:26:18+00:00","og_image":[{"width":1941,"height":1941,"url":"https:\/\/spawlab.pl\/wp-content\/uploads\/2025\/04\/uchwyt_spawalniczy-mig-mag-binzel-mb-grip-36-kd-3-m.jpg","type":"image\/jpeg"}],"twitter_misc":{"Price":"646,94&nbsp;&#122;&#322; (525,97&nbsp;&#122;&#322; netto)","Availability":"On backorder"},"schema":{"@context":"https:\/\/schema.org","@graph":[{"@type":["WebPage","ItemPage"],"@id":"https:\/\/spawlab.pl\/en\/produkt\/mig-mag-welding-clamp-abicor-binzel-mb-grip-36-kd-4m-014-0335\/","url":"https:\/\/spawlab.pl\/en\/produkt\/mig-mag-welding-clamp-abicor-binzel-mb-grip-36-kd-4m-014-0335\/","name":"MIG\/MAG welding clamp ABICOR BINZEL MB GRIP 36 KD 4m 014.0335","isPartOf":{"@id":"https:\/\/spawlab.pl\/en\/#website"},"primaryImageOfPage":{"@id":"https:\/\/spawlab.pl\/en\/produkt\/mig-mag-welding-clamp-abicor-binzel-mb-grip-36-kd-4m-014-0335\/#primaryimage"},"image":{"@id":"https:\/\/spawlab.pl\/en\/produkt\/mig-mag-welding-clamp-abicor-binzel-mb-grip-36-kd-4m-014-0335\/#primaryimage"},"thumbnailUrl":"https:\/\/spawlab.pl\/wp-content\/uploads\/2025\/04\/uchwyt_spawalniczy-mig-mag-binzel-mb-grip-36-kd-3-m.jpg","datePublished":"2025-04-11T14:42:23+00:00","dateModified":"2025-05-28T09:26:18+00:00","description":"ABICOR BINZEL MB GRIP 36 KD 4m professional MIG\/MAG chuck. Ergonomic handle, ball joint, high load capacity, durable Bikox\u00ae wires. Ideal for demanding welding tasks.","breadcrumb":{"@id":"https:\/\/spawlab.pl\/en\/produkt\/mig-mag-welding-clamp-abicor-binzel-mb-grip-36-kd-4m-014-0335\/#breadcrumb"},"inLanguage":"en-US","potentialAction":[{"@type":"ReadAction","target":["https:\/\/spawlab.pl\/en\/produkt\/mig-mag-welding-clamp-abicor-binzel-mb-grip-36-kd-4m-014-0335\/"]}]},{"@type":"ImageObject","inLanguage":"en-US","@id":"https:\/\/spawlab.pl\/en\/produkt\/mig-mag-welding-clamp-abicor-binzel-mb-grip-36-kd-4m-014-0335\/#primaryimage","url":"https:\/\/spawlab.pl\/wp-content\/uploads\/2025\/04\/uchwyt_spawalniczy-mig-mag-binzel-mb-grip-36-kd-3-m.jpg","contentUrl":"https:\/\/spawlab.pl\/wp-content\/uploads\/2025\/04\/uchwyt_spawalniczy-mig-mag-binzel-mb-grip-36-kd-3-m.jpg","width":1941,"height":1941},{"@type":"BreadcrumbList","@id":"https:\/\/spawlab.pl\/en\/produkt\/mig-mag-welding-clamp-abicor-binzel-mb-grip-36-kd-4m-014-0335\/#breadcrumb","itemListElement":[{"@type":"ListItem","position":1,"name":"Strona g\u0142\u00f3wna","item":"https:\/\/spawlab.pl\/en\/"},{"@type":"ListItem","position":2,"name":"Store","item":"https:\/\/spawlab.pl\/en\/shop\/"},{"@type":"ListItem","position":3,"name":"MIG\/MAG welding clamp ABICOR BINZEL MB GRIP 36 KD 4m 014.0335"}]},{"@type":"WebSite","@id":"https:\/\/spawlab.pl\/en\/#website","url":"https:\/\/spawlab.pl\/en\/","name":"Spawlab.pl Lider - Spawarki, Przecinarki Plazmowe, Kompresory","description":"Urz\u0105dzenia spawalnicze i Przecinarki plazmowe\/ nowe i u\u017cywane \/ Profesjonalny serwis","publisher":{"@id":"https:\/\/spawlab.pl\/en\/#organization"},"alternateName":"Spawlab.pl - Dystrybutor Premium i Serwis na Polske Migatronic, Gys, Voestalpine Bohler Welding","potentialAction":[{"@type":"SearchAction","target":{"@type":"EntryPoint","urlTemplate":"https:\/\/spawlab.pl\/en\/?s={search_term_string}"},"query-input":{"@type":"PropertyValueSpecification","valueRequired":true,"valueName":"search_term_string"}}],"inLanguage":"en-US"},{"@type":["Organization","Place"],"@id":"https:\/\/spawlab.pl\/en\/#organization","name":"Spawlab.pl","url":"https:\/\/spawlab.pl\/en\/","logo":{"@id":"https:\/\/spawlab.pl\/en\/produkt\/mig-mag-welding-clamp-abicor-binzel-mb-grip-36-kd-4m-014-0335\/#local-main-organization-logo"},"image":{"@id":"https:\/\/spawlab.pl\/en\/produkt\/mig-mag-welding-clamp-abicor-binzel-mb-grip-36-kd-4m-014-0335\/#local-main-organization-logo"},"sameAs":["https:\/\/www.facebook.com\/Spawlab\/","https:\/\/www.linkedin.com\/company\/spawlab","https:\/\/www.instagram.com\/spawlab.pl","https:\/\/www.tiktok.com\/@spawlab"],"description":"Lider sprzeda\u017cy, Oficjalny Dystrybutor Premium i Serwis na Polsk\u0119 Migatronic, Gys, Voestalpine Bohler Welding. Nowe i u\u017cywane Spawarki, Przecinarki Plazmowe, Kompresory. Mgr in\u017c. Jaros\u0142aw Ko\u0142aski, IWE","hasMerchantReturnPolicy":{"@type":"MerchantReturnPolicy","merchantReturnLink":"https:\/\/spawlab.pl\/polityka-prywatnosci-2\/"},"telephone":[],"openingHoursSpecification":[{"@type":"OpeningHoursSpecification","dayOfWeek":["Monday","Tuesday","Wednesday","Thursday","Friday","Saturday","Sunday"],"opens":"09:00","closes":"17:00"}]},{"@type":"ImageObject","inLanguage":"en-US","@id":"https:\/\/spawlab.pl\/en\/produkt\/mig-mag-welding-clamp-abicor-binzel-mb-grip-36-kd-4m-014-0335\/#local-main-organization-logo","url":"https:\/\/spawlab.pl\/wp-content\/uploads\/2022\/01\/olx.jpg","contentUrl":"https:\/\/spawlab.pl\/wp-content\/uploads\/2022\/01\/olx.jpg","width":200,"height":200,"caption":"Spawlab.pl"}]},"product_brand":"Abicor Binzel","product_price_amount":"646.94","product_price_currency":"PLN","og_availability":"backorder","product_availability":"available for order","product_retailer_item_id":"014.0335","product_condition":"new"},"_links":{"self":[{"href":"https:\/\/spawlab.pl\/en\/wp-json\/wp\/v2\/product\/36932","targetHints":{"allow":["GET"]}}],"collection":[{"href":"https:\/\/spawlab.pl\/en\/wp-json\/wp\/v2\/product"}],"about":[{"href":"https:\/\/spawlab.pl\/en\/wp-json\/wp\/v2\/types\/product"}],"wp:featuredmedia":[{"embeddable":true,"href":"https:\/\/spawlab.pl\/en\/wp-json\/wp\/v2\/media\/26403"}],"wp:attachment":[{"href":"https:\/\/spawlab.pl\/en\/wp-json\/wp\/v2\/media?parent=36932"}],"wp:term":[{"taxonomy":"product_brand","embeddable":true,"href":"https:\/\/spawlab.pl\/en\/wp-json\/wp\/v2\/product_brand?post=36932"},{"taxonomy":"product_cat","embeddable":true,"href":"https:\/\/spawlab.pl\/en\/wp-json\/wp\/v2\/product_cat?post=36932"},{"taxonomy":"product_tag","embeddable":true,"href":"https:\/\/spawlab.pl\/en\/wp-json\/wp\/v2\/product_tag?post=36932"}],"curies":[{"name":"wp","href":"https:\/\/api.w.org\/{rel}","templated":true}]}}