{"id":36981,"date":"2025-04-11T16:42:18","date_gmt":"2025-04-11T14:42:18","guid":{"rendered":"https:\/\/spawlab.pl\/produkt\/mig-mag-welding-clamp-abicor-binzel-mb-grip-501-d-4m-034-0493-is\/"},"modified":"2025-04-11T16:42:18","modified_gmt":"2025-04-11T14:42:18","slug":"mig-mag-welding-clamp-abicor-binzel-mb-grip-501-d-4m-034-0493-is","status":"publish","type":"product","link":"https:\/\/spawlab.pl\/en\/produkt\/mig-mag-welding-clamp-abicor-binzel-mb-grip-501-d-4m-034-0493-is\/","title":{"rendered":"MIG\/MAG welding clamp ABICOR BINZEL MB GRIP 501 D 4m 034.0493.IS"},"content":{"rendered":"<p>ABICOR BINZEL MB GRIP 501 D professional liquid-cooled MIG\/MAG welding chuck with a length of 4 meters. Designed for the most demanding welding applications, offering exceptional performance and durability with 100% duty cycle. The ergonomic two-component \u201cGRIP\u201d handle provides maximum comfort and a secure grip, even during prolonged use. Equipped with a ball joint that allows free maneuvering and welding in different positions. Thanks to an effective liquid cooling system, this chuck features an impressive current capacity of up to 500 A, allowing welding with wire diameters from 1.0 to 1.6 mm. High-quality Bikox\u00ae wires guarantee flexibility, resistance to UV radiation, and mechanical and thermal damage.     <\/p>\n<p data-sourcepos=\"19:1-19:20\"><strong>Characteristics:<\/strong><\/p>\n<p data-sourcepos=\"21:1-31:16\">Type: MIG\/MAG chuck Model: MB GRIP 501 D Cable length: 4 m Manufacturer: ABICOR BINZEL Cooling: Liquid Duty cycle: 100% Current Capacity: 500 A Wire Diameter: 1.0 &#8211; 1.6 mm Handle: Ergonomic \u201cGRIP\u201d type Ball joint: Yes Wires: Bikox\u00ae<\/p>\n","protected":false},"excerpt":{"rendered":"<p>ABICOR BINZEL MB GRIP 501 D 4m liquid-cooled MIG\/MAG chuck. Ergonomic GRIP handle, ball joint, load capacity up to 500 A at 100% duty cycle. <\/p>\n","protected":false},"featured_media":26425,"template":"","meta":{"inline_featured_image":false},"product_brand":[1453],"product_cat":[5330,5430,476,475,528,522,533],"product_tag":[5557,5438,5334,5439,5440,5348,5441,5437,5470,5436,3571,5290,5435],"class_list":{"0":"post-36981","1":"product","2":"type-product","3":"status-publish","4":"has-post-thumbnail","6":"product_brand-abicor-binzel","7":"product_cat-abicor-binzel-en","8":"product_cat-abicor-binzel-en-3","9":"product_cat-accessories","10":"product_cat-accessories-parts","11":"product_cat-mig-welding-guns","12":"product_cat-parts","13":"product_cat-wires-handles","14":"product_tag-100-duty-cycle","15":"product_tag-4m-en","16":"product_tag-abicor-binzel-en","17":"product_tag-ball-joint","18":"product_tag-bikox-cables","19":"product_tag-ergonomic-handle","20":"product_tag-high-load-capacity","21":"product_tag-liquid-cooled-handle","22":"product_tag-mb-grip-501-d-en","23":"product_tag-mig-mag-handle","24":"product_tag-welding","25":"product_tag-welding-accessories-en","26":"product_tag-welding-jig","28":"first","29":"onbackorder","30":"sale","31":"taxable","32":"shipping-taxable","33":"purchasable","34":"product-type-simple"},"yoast_head":"<!-- This site is optimized with the Yoast SEO Premium plugin v27.0 (Yoast SEO v27.3) - https:\/\/yoast.com\/product\/yoast-seo-premium-wordpress\/ -->\n<title>MIG\/MAG welding clamp ABICOR BINZEL MB GRIP 501 D 4m 034.0493.IS<\/title>\n<meta name=\"description\" content=\"ABICOR BINZEL MB GRIP 501 D 4m top-of-the-line liquid-cooled MIG\/MAG chuck. Exceptional performance and comfort with 100% duty cycle.\" \/>\n<meta name=\"robots\" content=\"index, follow, max-snippet:-1, max-image-preview:large, max-video-preview:-1\" \/>\n<link rel=\"canonical\" href=\"https:\/\/spawlab.pl\/en\/produkt\/mig-mag-welding-clamp-abicor-binzel-mb-grip-501-d-4m-034-0493-is\/\" \/>\n<meta property=\"og:locale\" content=\"en_US\" \/>\n<meta property=\"og:type\" content=\"article\" \/>\n<meta property=\"og:title\" content=\"MIG\/MAG welding clamp ABICOR BINZEL MB GRIP 501 D 4m 034.0493.IS\" \/>\n<meta property=\"og:description\" content=\"Lider sprzeda\u017cy, Oficjalny Dystrybutor Premium i Serwis na Polsk\u0119 Migatronic, Gys, Voestalpine Bohler Welding. Nowe i u\u017cywane Spawarki, Przecinarki Plazmowe, Kompresory. Mgr in\u017c. Jaros\u0142aw Ko\u0142aski, IWE\" \/>\n<meta property=\"og:url\" content=\"https:\/\/spawlab.pl\/en\/produkt\/mig-mag-welding-clamp-abicor-binzel-mb-grip-501-d-4m-034-0493-is\/\" \/>\n<meta property=\"og:site_name\" content=\"SpawLab - Welding equipment and plasma cutters - store and service\" \/>\n<meta property=\"article:publisher\" content=\"https:\/\/www.facebook.com\/Spawlab\/\" \/>\n<meta property=\"og:image\" content=\"https:\/\/spawlab.pl\/wp-content\/uploads\/2025\/04\/uchwyt_spawalniczy-mig-mag-binzel-mb-grip-501-d-3m.jpg\" \/>\n\t<meta property=\"og:image:width\" content=\"1449\" \/>\n\t<meta property=\"og:image:height\" content=\"1449\" \/>\n\t<meta property=\"og:image:type\" content=\"image\/jpeg\" \/>\n<meta name=\"twitter:label1\" content=\"Price\" \/>\n\t<meta name=\"twitter:data1\" content=\"1 170,46&nbsp;&#122;&#322; (951,59&nbsp;&#122;&#322; netto)\" \/>\n\t<meta name=\"twitter:label2\" content=\"Availability\" \/>\n\t<meta name=\"twitter:data2\" content=\"On backorder\" \/>\n<script type=\"application\/ld+json\" class=\"yoast-schema-graph\">{\"@context\":\"https:\\\/\\\/schema.org\",\"@graph\":[{\"@type\":[\"WebPage\",\"ItemPage\"],\"@id\":\"https:\\\/\\\/spawlab.pl\\\/en\\\/produkt\\\/mig-mag-welding-clamp-abicor-binzel-mb-grip-501-d-4m-034-0493-is\\\/\",\"url\":\"https:\\\/\\\/spawlab.pl\\\/en\\\/produkt\\\/mig-mag-welding-clamp-abicor-binzel-mb-grip-501-d-4m-034-0493-is\\\/\",\"name\":\"MIG\\\/MAG welding clamp ABICOR BINZEL MB GRIP 501 D 4m 034.0493.IS\",\"isPartOf\":{\"@id\":\"https:\\\/\\\/spawlab.pl\\\/en\\\/#website\"},\"primaryImageOfPage\":{\"@id\":\"https:\\\/\\\/spawlab.pl\\\/en\\\/produkt\\\/mig-mag-welding-clamp-abicor-binzel-mb-grip-501-d-4m-034-0493-is\\\/#primaryimage\"},\"image\":{\"@id\":\"https:\\\/\\\/spawlab.pl\\\/en\\\/produkt\\\/mig-mag-welding-clamp-abicor-binzel-mb-grip-501-d-4m-034-0493-is\\\/#primaryimage\"},\"thumbnailUrl\":\"https:\\\/\\\/spawlab.pl\\\/wp-content\\\/uploads\\\/2025\\\/04\\\/uchwyt_spawalniczy-mig-mag-binzel-mb-grip-501-d-3m.jpg\",\"datePublished\":\"2025-04-11T14:42:18+00:00\",\"description\":\"ABICOR BINZEL MB GRIP 501 D 4m top-of-the-line liquid-cooled MIG\\\/MAG chuck. Exceptional performance and comfort with 100% duty cycle.\",\"breadcrumb\":{\"@id\":\"https:\\\/\\\/spawlab.pl\\\/en\\\/produkt\\\/mig-mag-welding-clamp-abicor-binzel-mb-grip-501-d-4m-034-0493-is\\\/#breadcrumb\"},\"inLanguage\":\"en-US\",\"potentialAction\":[{\"@type\":\"ReadAction\",\"target\":[\"https:\\\/\\\/spawlab.pl\\\/en\\\/produkt\\\/mig-mag-welding-clamp-abicor-binzel-mb-grip-501-d-4m-034-0493-is\\\/\"]}]},{\"@type\":\"ImageObject\",\"inLanguage\":\"en-US\",\"@id\":\"https:\\\/\\\/spawlab.pl\\\/en\\\/produkt\\\/mig-mag-welding-clamp-abicor-binzel-mb-grip-501-d-4m-034-0493-is\\\/#primaryimage\",\"url\":\"https:\\\/\\\/spawlab.pl\\\/wp-content\\\/uploads\\\/2025\\\/04\\\/uchwyt_spawalniczy-mig-mag-binzel-mb-grip-501-d-3m.jpg\",\"contentUrl\":\"https:\\\/\\\/spawlab.pl\\\/wp-content\\\/uploads\\\/2025\\\/04\\\/uchwyt_spawalniczy-mig-mag-binzel-mb-grip-501-d-3m.jpg\",\"width\":1449,\"height\":1449},{\"@type\":\"BreadcrumbList\",\"@id\":\"https:\\\/\\\/spawlab.pl\\\/en\\\/produkt\\\/mig-mag-welding-clamp-abicor-binzel-mb-grip-501-d-4m-034-0493-is\\\/#breadcrumb\",\"itemListElement\":[{\"@type\":\"ListItem\",\"position\":1,\"name\":\"Strona g\u0142\u00f3wna\",\"item\":\"https:\\\/\\\/spawlab.pl\\\/en\\\/\"},{\"@type\":\"ListItem\",\"position\":2,\"name\":\"Store\",\"item\":\"https:\\\/\\\/spawlab.pl\\\/en\\\/shop\\\/\"},{\"@type\":\"ListItem\",\"position\":3,\"name\":\"MIG\\\/MAG welding clamp ABICOR BINZEL MB GRIP 501 D 4m 034.0493.IS\"}]},{\"@type\":\"WebSite\",\"@id\":\"https:\\\/\\\/spawlab.pl\\\/en\\\/#website\",\"url\":\"https:\\\/\\\/spawlab.pl\\\/en\\\/\",\"name\":\"Spawlab.pl Lider - Spawarki, Przecinarki Plazmowe, Kompresory\",\"description\":\"Urz\u0105dzenia spawalnicze i Przecinarki plazmowe\\\/ nowe i u\u017cywane \\\/ Profesjonalny serwis\",\"publisher\":{\"@id\":\"https:\\\/\\\/spawlab.pl\\\/en\\\/#organization\"},\"alternateName\":\"Spawlab.pl - Dystrybutor Premium i Serwis na Polske Migatronic, Gys, Voestalpine Bohler Welding\",\"potentialAction\":[{\"@type\":\"SearchAction\",\"target\":{\"@type\":\"EntryPoint\",\"urlTemplate\":\"https:\\\/\\\/spawlab.pl\\\/en\\\/?s={search_term_string}\"},\"query-input\":{\"@type\":\"PropertyValueSpecification\",\"valueRequired\":true,\"valueName\":\"search_term_string\"}}],\"inLanguage\":\"en-US\"},{\"@type\":[\"Organization\",\"Place\"],\"@id\":\"https:\\\/\\\/spawlab.pl\\\/en\\\/#organization\",\"name\":\"Spawlab.pl\",\"url\":\"https:\\\/\\\/spawlab.pl\\\/en\\\/\",\"logo\":{\"@id\":\"https:\\\/\\\/spawlab.pl\\\/en\\\/produkt\\\/mig-mag-welding-clamp-abicor-binzel-mb-grip-501-d-4m-034-0493-is\\\/#local-main-organization-logo\"},\"image\":{\"@id\":\"https:\\\/\\\/spawlab.pl\\\/en\\\/produkt\\\/mig-mag-welding-clamp-abicor-binzel-mb-grip-501-d-4m-034-0493-is\\\/#local-main-organization-logo\"},\"sameAs\":[\"https:\\\/\\\/www.facebook.com\\\/Spawlab\\\/\",\"https:\\\/\\\/www.linkedin.com\\\/company\\\/spawlab\",\"https:\\\/\\\/www.instagram.com\\\/spawlab.pl\",\"https:\\\/\\\/www.tiktok.com\\\/@spawlab\"],\"description\":\"Lider sprzeda\u017cy, Oficjalny Dystrybutor Premium i Serwis na Polsk\u0119 Migatronic, Gys, Voestalpine Bohler Welding. Nowe i u\u017cywane Spawarki, Przecinarki Plazmowe, Kompresory. Mgr in\u017c. Jaros\u0142aw Ko\u0142aski, IWE\",\"hasMerchantReturnPolicy\":{\"@type\":\"MerchantReturnPolicy\",\"merchantReturnLink\":\"https:\\\/\\\/spawlab.pl\\\/polityka-prywatnosci-2\\\/\"},\"telephone\":[],\"openingHoursSpecification\":[{\"@type\":\"OpeningHoursSpecification\",\"dayOfWeek\":[\"Monday\",\"Tuesday\",\"Wednesday\",\"Thursday\",\"Friday\",\"Saturday\",\"Sunday\"],\"opens\":\"09:00\",\"closes\":\"17:00\"}]},{\"@type\":\"ImageObject\",\"inLanguage\":\"en-US\",\"@id\":\"https:\\\/\\\/spawlab.pl\\\/en\\\/produkt\\\/mig-mag-welding-clamp-abicor-binzel-mb-grip-501-d-4m-034-0493-is\\\/#local-main-organization-logo\",\"url\":\"https:\\\/\\\/spawlab.pl\\\/wp-content\\\/uploads\\\/2022\\\/01\\\/olx.jpg\",\"contentUrl\":\"https:\\\/\\\/spawlab.pl\\\/wp-content\\\/uploads\\\/2022\\\/01\\\/olx.jpg\",\"width\":200,\"height\":200,\"caption\":\"Spawlab.pl\"}]}<\/script>\n<meta property=\"product:brand\" content=\"Abicor Binzel\" \/>\n<meta property=\"product:price:amount\" content=\"1170.46\" \/>\n<meta property=\"product:price:currency\" content=\"PLN\" \/>\n<meta property=\"og:availability\" content=\"backorder\" \/>\n<meta property=\"product:availability\" content=\"available for order\" \/>\n<meta property=\"product:retailer_item_id\" content=\"034.0493.IS\" \/>\n<meta property=\"product:condition\" content=\"new\" \/>\n<!-- \/ Yoast SEO Premium plugin. -->","yoast_head_json":{"title":"MIG\/MAG welding clamp ABICOR BINZEL MB GRIP 501 D 4m 034.0493.IS","description":"ABICOR BINZEL MB GRIP 501 D 4m top-of-the-line liquid-cooled MIG\/MAG chuck. Exceptional performance and comfort with 100% duty cycle.","robots":{"index":"index","follow":"follow","max-snippet":"max-snippet:-1","max-image-preview":"max-image-preview:large","max-video-preview":"max-video-preview:-1"},"canonical":"https:\/\/spawlab.pl\/en\/produkt\/mig-mag-welding-clamp-abicor-binzel-mb-grip-501-d-4m-034-0493-is\/","og_locale":"en_US","og_type":"article","og_title":"MIG\/MAG welding clamp ABICOR BINZEL MB GRIP 501 D 4m 034.0493.IS","og_description":"Lider sprzeda\u017cy, Oficjalny Dystrybutor Premium i Serwis na Polsk\u0119 Migatronic, Gys, Voestalpine Bohler Welding. Nowe i u\u017cywane Spawarki, Przecinarki Plazmowe, Kompresory. Mgr in\u017c. Jaros\u0142aw Ko\u0142aski, IWE","og_url":"https:\/\/spawlab.pl\/en\/produkt\/mig-mag-welding-clamp-abicor-binzel-mb-grip-501-d-4m-034-0493-is\/","og_site_name":"SpawLab - Welding equipment and plasma cutters - store and service","article_publisher":"https:\/\/www.facebook.com\/Spawlab\/","og_image":[{"width":1449,"height":1449,"url":"https:\/\/spawlab.pl\/wp-content\/uploads\/2025\/04\/uchwyt_spawalniczy-mig-mag-binzel-mb-grip-501-d-3m.jpg","type":"image\/jpeg"}],"twitter_misc":{"Price":"1 170,46&nbsp;&#122;&#322; (951,59&nbsp;&#122;&#322; netto)","Availability":"On backorder"},"schema":{"@context":"https:\/\/schema.org","@graph":[{"@type":["WebPage","ItemPage"],"@id":"https:\/\/spawlab.pl\/en\/produkt\/mig-mag-welding-clamp-abicor-binzel-mb-grip-501-d-4m-034-0493-is\/","url":"https:\/\/spawlab.pl\/en\/produkt\/mig-mag-welding-clamp-abicor-binzel-mb-grip-501-d-4m-034-0493-is\/","name":"MIG\/MAG welding clamp ABICOR BINZEL MB GRIP 501 D 4m 034.0493.IS","isPartOf":{"@id":"https:\/\/spawlab.pl\/en\/#website"},"primaryImageOfPage":{"@id":"https:\/\/spawlab.pl\/en\/produkt\/mig-mag-welding-clamp-abicor-binzel-mb-grip-501-d-4m-034-0493-is\/#primaryimage"},"image":{"@id":"https:\/\/spawlab.pl\/en\/produkt\/mig-mag-welding-clamp-abicor-binzel-mb-grip-501-d-4m-034-0493-is\/#primaryimage"},"thumbnailUrl":"https:\/\/spawlab.pl\/wp-content\/uploads\/2025\/04\/uchwyt_spawalniczy-mig-mag-binzel-mb-grip-501-d-3m.jpg","datePublished":"2025-04-11T14:42:18+00:00","description":"ABICOR BINZEL MB GRIP 501 D 4m top-of-the-line liquid-cooled MIG\/MAG chuck. Exceptional performance and comfort with 100% duty cycle.","breadcrumb":{"@id":"https:\/\/spawlab.pl\/en\/produkt\/mig-mag-welding-clamp-abicor-binzel-mb-grip-501-d-4m-034-0493-is\/#breadcrumb"},"inLanguage":"en-US","potentialAction":[{"@type":"ReadAction","target":["https:\/\/spawlab.pl\/en\/produkt\/mig-mag-welding-clamp-abicor-binzel-mb-grip-501-d-4m-034-0493-is\/"]}]},{"@type":"ImageObject","inLanguage":"en-US","@id":"https:\/\/spawlab.pl\/en\/produkt\/mig-mag-welding-clamp-abicor-binzel-mb-grip-501-d-4m-034-0493-is\/#primaryimage","url":"https:\/\/spawlab.pl\/wp-content\/uploads\/2025\/04\/uchwyt_spawalniczy-mig-mag-binzel-mb-grip-501-d-3m.jpg","contentUrl":"https:\/\/spawlab.pl\/wp-content\/uploads\/2025\/04\/uchwyt_spawalniczy-mig-mag-binzel-mb-grip-501-d-3m.jpg","width":1449,"height":1449},{"@type":"BreadcrumbList","@id":"https:\/\/spawlab.pl\/en\/produkt\/mig-mag-welding-clamp-abicor-binzel-mb-grip-501-d-4m-034-0493-is\/#breadcrumb","itemListElement":[{"@type":"ListItem","position":1,"name":"Strona g\u0142\u00f3wna","item":"https:\/\/spawlab.pl\/en\/"},{"@type":"ListItem","position":2,"name":"Store","item":"https:\/\/spawlab.pl\/en\/shop\/"},{"@type":"ListItem","position":3,"name":"MIG\/MAG welding clamp ABICOR BINZEL MB GRIP 501 D 4m 034.0493.IS"}]},{"@type":"WebSite","@id":"https:\/\/spawlab.pl\/en\/#website","url":"https:\/\/spawlab.pl\/en\/","name":"Spawlab.pl Lider - Spawarki, Przecinarki Plazmowe, Kompresory","description":"Urz\u0105dzenia spawalnicze i Przecinarki plazmowe\/ nowe i u\u017cywane \/ Profesjonalny serwis","publisher":{"@id":"https:\/\/spawlab.pl\/en\/#organization"},"alternateName":"Spawlab.pl - Dystrybutor Premium i Serwis na Polske Migatronic, Gys, Voestalpine Bohler Welding","potentialAction":[{"@type":"SearchAction","target":{"@type":"EntryPoint","urlTemplate":"https:\/\/spawlab.pl\/en\/?s={search_term_string}"},"query-input":{"@type":"PropertyValueSpecification","valueRequired":true,"valueName":"search_term_string"}}],"inLanguage":"en-US"},{"@type":["Organization","Place"],"@id":"https:\/\/spawlab.pl\/en\/#organization","name":"Spawlab.pl","url":"https:\/\/spawlab.pl\/en\/","logo":{"@id":"https:\/\/spawlab.pl\/en\/produkt\/mig-mag-welding-clamp-abicor-binzel-mb-grip-501-d-4m-034-0493-is\/#local-main-organization-logo"},"image":{"@id":"https:\/\/spawlab.pl\/en\/produkt\/mig-mag-welding-clamp-abicor-binzel-mb-grip-501-d-4m-034-0493-is\/#local-main-organization-logo"},"sameAs":["https:\/\/www.facebook.com\/Spawlab\/","https:\/\/www.linkedin.com\/company\/spawlab","https:\/\/www.instagram.com\/spawlab.pl","https:\/\/www.tiktok.com\/@spawlab"],"description":"Lider sprzeda\u017cy, Oficjalny Dystrybutor Premium i Serwis na Polsk\u0119 Migatronic, Gys, Voestalpine Bohler Welding. Nowe i u\u017cywane Spawarki, Przecinarki Plazmowe, Kompresory. Mgr in\u017c. Jaros\u0142aw Ko\u0142aski, IWE","hasMerchantReturnPolicy":{"@type":"MerchantReturnPolicy","merchantReturnLink":"https:\/\/spawlab.pl\/polityka-prywatnosci-2\/"},"telephone":[],"openingHoursSpecification":[{"@type":"OpeningHoursSpecification","dayOfWeek":["Monday","Tuesday","Wednesday","Thursday","Friday","Saturday","Sunday"],"opens":"09:00","closes":"17:00"}]},{"@type":"ImageObject","inLanguage":"en-US","@id":"https:\/\/spawlab.pl\/en\/produkt\/mig-mag-welding-clamp-abicor-binzel-mb-grip-501-d-4m-034-0493-is\/#local-main-organization-logo","url":"https:\/\/spawlab.pl\/wp-content\/uploads\/2022\/01\/olx.jpg","contentUrl":"https:\/\/spawlab.pl\/wp-content\/uploads\/2022\/01\/olx.jpg","width":200,"height":200,"caption":"Spawlab.pl"}]},"product_brand":"Abicor Binzel","product_price_amount":"1170.46","product_price_currency":"PLN","og_availability":"backorder","product_availability":"available for order","product_retailer_item_id":"034.0493.IS","product_condition":"new"},"_links":{"self":[{"href":"https:\/\/spawlab.pl\/en\/wp-json\/wp\/v2\/product\/36981","targetHints":{"allow":["GET"]}}],"collection":[{"href":"https:\/\/spawlab.pl\/en\/wp-json\/wp\/v2\/product"}],"about":[{"href":"https:\/\/spawlab.pl\/en\/wp-json\/wp\/v2\/types\/product"}],"wp:featuredmedia":[{"embeddable":true,"href":"https:\/\/spawlab.pl\/en\/wp-json\/wp\/v2\/media\/26425"}],"wp:attachment":[{"href":"https:\/\/spawlab.pl\/en\/wp-json\/wp\/v2\/media?parent=36981"}],"wp:term":[{"taxonomy":"product_brand","embeddable":true,"href":"https:\/\/spawlab.pl\/en\/wp-json\/wp\/v2\/product_brand?post=36981"},{"taxonomy":"product_cat","embeddable":true,"href":"https:\/\/spawlab.pl\/en\/wp-json\/wp\/v2\/product_cat?post=36981"},{"taxonomy":"product_tag","embeddable":true,"href":"https:\/\/spawlab.pl\/en\/wp-json\/wp\/v2\/product_tag?post=36981"}],"curies":[{"name":"wp","href":"https:\/\/api.w.org\/{rel}","templated":true}]}}