{"id":37008,"date":"2025-04-11T16:43:53","date_gmt":"2025-04-11T14:43:53","guid":{"rendered":"https:\/\/spawlab.pl\/produkt\/binzel-abimig-t-540-4m-liquid-cooled-mig-mag-chuck-788-0048-1\/"},"modified":"2025-04-11T16:43:53","modified_gmt":"2025-04-11T14:43:53","slug":"binzel-abimig-t-540-4m-liquid-cooled-mig-mag-chuck-788-0048-1","status":"publish","type":"product","link":"https:\/\/spawlab.pl\/en\/produkt\/binzel-abimig-t-540-4m-liquid-cooled-mig-mag-chuck-788-0048-1\/","title":{"rendered":"BINZEL ABIMIG T 540 4m liquid-cooled MIG\/MAG chuck 788.0048.1"},"content":{"rendered":"<p>Rugged and high-performance liquid-cooled BINZEL ABIMIG T 540 liquid-cooled MIG\/MAG welding chuck with a length of 4 meters. Designed for extreme loads and prolonged operation. Features an improved cooling system for optimum protection against overheating. Equipped with a replaceable splinter guard and nickel-plated nozzle and torch neck to minimize splatter adhesion. Ergonomic handle and short button for comfortable use. Interchangeable necks available in various lengths and geometries. Ideal for welding structural steels, stainless steels and aluminum at very high currents.      <\/p>\n<p data-sourcepos=\"19:1-19:20\"><strong>Characteristics:<\/strong><\/p>\n<p data-sourcepos=\"21:1-32:103\">Type: MIG\/MAG chuck Model: ABIMIG T 540 Cable length: 4 m Cooling: Liquid<\/p>\n","protected":false},"excerpt":{"rendered":"<p>Liquid-cooled MIG\/MAG chuck BINZEL ABIMIG T 540 4m, up to 600 A, nickel-plated components, replaceable splinter guard.<\/p>\n","protected":false},"featured_media":26480,"template":"","meta":{"inline_featured_image":false},"product_brand":[1453],"product_cat":[5330,5430,476,475,528,522,533],"product_tag":[5438,5517,5570,5394,5348,5516,5335,5436,5568,5567,5571,5435],"class_list":{"0":"post-37008","1":"product","2":"type-product","3":"status-publish","4":"has-post-thumbnail","6":"product_brand-abicor-binzel","7":"product_cat-abicor-binzel-en","8":"product_cat-abicor-binzel-en-3","9":"product_cat-accessories","10":"product_cat-accessories-parts","11":"product_cat-mig-welding-guns","12":"product_cat-parts","13":"product_cat-wires-handles","14":"product_tag-4m-en","15":"product_tag-600a-en","16":"product_tag-abimig-t-540-en","17":"product_tag-binzel-en","18":"product_tag-ergonomic-handle","19":"product_tag-high-performance","20":"product_tag-liquid-cooled","21":"product_tag-mig-mag-handle","22":"product_tag-nickel-plated-neck","23":"product_tag-nickel-plated-nozzle","24":"product_tag-splash-guard","25":"product_tag-welding-jig","27":"first","28":"onbackorder","29":"sale","30":"taxable","31":"shipping-taxable","32":"purchasable","33":"product-type-simple"},"yoast_head":"<!-- This site is optimized with the Yoast SEO Premium plugin v27.5 (Yoast SEO v27.6) - https:\/\/yoast.com\/product\/yoast-seo-premium-wordpress\/ -->\n<title>BINZEL ABIMIG T 540 4m liquid-cooled MIG\/MAG chuck 788.0048.1<\/title>\n<meta name=\"description\" content=\"Extremely rugged and powerful BINZEL ABIMIG T 540 4m MIG\/MAG chuck (up to 600 A) with improved cooling and splinter protection.\" \/>\n<meta name=\"robots\" content=\"index, follow, max-snippet:-1, max-image-preview:large, max-video-preview:-1\" \/>\n<link rel=\"canonical\" href=\"https:\/\/spawlab.pl\/en\/produkt\/binzel-abimig-t-540-4m-liquid-cooled-mig-mag-chuck-788-0048-1\/\" \/>\n<meta property=\"og:locale\" content=\"en_US\" \/>\n<meta property=\"og:type\" content=\"article\" \/>\n<meta property=\"og:title\" content=\"BINZEL ABIMIG T 540 4m liquid-cooled MIG\/MAG chuck 788.0048.1\" \/>\n<meta property=\"og:description\" content=\"Lider sprzeda\u017cy, Oficjalny Dystrybutor Premium i Serwis na Polsk\u0119 Migatronic, Gys, Voestalpine Bohler Welding. Nowe i u\u017cywane Spawarki, Przecinarki Plazmowe, Kompresory. Mgr in\u017c. Jaros\u0142aw Ko\u0142aski, IWE\" \/>\n<meta property=\"og:url\" content=\"https:\/\/spawlab.pl\/en\/produkt\/binzel-abimig-t-540-4m-liquid-cooled-mig-mag-chuck-788-0048-1\/\" \/>\n<meta property=\"og:site_name\" content=\"SpawLab - Welding equipment and plasma cutters - store and service\" \/>\n<meta property=\"article:publisher\" content=\"https:\/\/www.facebook.com\/Spawlab\/\" \/>\n<meta property=\"og:image\" content=\"https:\/\/spawlab.pl\/wp-content\/uploads\/2025\/04\/pol_pl_Uchwyt-MIG-MAG-chlodzony-ciecza-BINZEL-ABIMIG-T-540-6326_1.jpg\" \/>\n\t<meta property=\"og:image:width\" content=\"564\" \/>\n\t<meta property=\"og:image:height\" content=\"349\" \/>\n\t<meta property=\"og:image:type\" content=\"image\/jpeg\" \/>\n<meta name=\"twitter:label1\" content=\"Price\" \/>\n\t<meta name=\"twitter:data1\" content=\"1 875,80&nbsp;&#122;&#322; (1 525,04&nbsp;&#122;&#322; netto)\" \/>\n\t<meta name=\"twitter:label2\" content=\"Availability\" \/>\n\t<meta name=\"twitter:data2\" content=\"On backorder\" \/>\n<script type=\"application\/ld+json\" class=\"yoast-schema-graph\">{\"@context\":\"https:\\\/\\\/schema.org\",\"@graph\":[{\"@type\":[\"WebPage\",\"ItemPage\"],\"@id\":\"https:\\\/\\\/spawlab.pl\\\/en\\\/produkt\\\/binzel-abimig-t-540-4m-liquid-cooled-mig-mag-chuck-788-0048-1\\\/\",\"url\":\"https:\\\/\\\/spawlab.pl\\\/en\\\/produkt\\\/binzel-abimig-t-540-4m-liquid-cooled-mig-mag-chuck-788-0048-1\\\/\",\"name\":\"BINZEL ABIMIG T 540 4m liquid-cooled MIG\\\/MAG chuck 788.0048.1\",\"isPartOf\":{\"@id\":\"https:\\\/\\\/spawlab.pl\\\/en\\\/#website\"},\"primaryImageOfPage\":{\"@id\":\"https:\\\/\\\/spawlab.pl\\\/en\\\/produkt\\\/binzel-abimig-t-540-4m-liquid-cooled-mig-mag-chuck-788-0048-1\\\/#primaryimage\"},\"image\":{\"@id\":\"https:\\\/\\\/spawlab.pl\\\/en\\\/produkt\\\/binzel-abimig-t-540-4m-liquid-cooled-mig-mag-chuck-788-0048-1\\\/#primaryimage\"},\"thumbnailUrl\":\"https:\\\/\\\/spawlab.pl\\\/wp-content\\\/uploads\\\/2025\\\/04\\\/pol_pl_Uchwyt-MIG-MAG-chlodzony-ciecza-BINZEL-ABIMIG-T-540-6326_1.jpg\",\"datePublished\":\"2025-04-11T14:43:53+00:00\",\"description\":\"Extremely rugged and powerful BINZEL ABIMIG T 540 4m MIG\\\/MAG chuck (up to 600 A) with improved cooling and splinter protection.\",\"breadcrumb\":{\"@id\":\"https:\\\/\\\/spawlab.pl\\\/en\\\/produkt\\\/binzel-abimig-t-540-4m-liquid-cooled-mig-mag-chuck-788-0048-1\\\/#breadcrumb\"},\"inLanguage\":\"en-US\",\"potentialAction\":[{\"@type\":\"ReadAction\",\"target\":[\"https:\\\/\\\/spawlab.pl\\\/en\\\/produkt\\\/binzel-abimig-t-540-4m-liquid-cooled-mig-mag-chuck-788-0048-1\\\/\"]}]},{\"@type\":\"ImageObject\",\"inLanguage\":\"en-US\",\"@id\":\"https:\\\/\\\/spawlab.pl\\\/en\\\/produkt\\\/binzel-abimig-t-540-4m-liquid-cooled-mig-mag-chuck-788-0048-1\\\/#primaryimage\",\"url\":\"https:\\\/\\\/spawlab.pl\\\/wp-content\\\/uploads\\\/2025\\\/04\\\/pol_pl_Uchwyt-MIG-MAG-chlodzony-ciecza-BINZEL-ABIMIG-T-540-6326_1.jpg\",\"contentUrl\":\"https:\\\/\\\/spawlab.pl\\\/wp-content\\\/uploads\\\/2025\\\/04\\\/pol_pl_Uchwyt-MIG-MAG-chlodzony-ciecza-BINZEL-ABIMIG-T-540-6326_1.jpg\",\"width\":564,\"height\":349},{\"@type\":\"BreadcrumbList\",\"@id\":\"https:\\\/\\\/spawlab.pl\\\/en\\\/produkt\\\/binzel-abimig-t-540-4m-liquid-cooled-mig-mag-chuck-788-0048-1\\\/#breadcrumb\",\"itemListElement\":[{\"@type\":\"ListItem\",\"position\":1,\"name\":\"Strona g\u0142\u00f3wna\",\"item\":\"https:\\\/\\\/spawlab.pl\\\/en\\\/\"},{\"@type\":\"ListItem\",\"position\":2,\"name\":\"Store\",\"item\":\"https:\\\/\\\/spawlab.pl\\\/en\\\/shop\\\/\"},{\"@type\":\"ListItem\",\"position\":3,\"name\":\"BINZEL ABIMIG T 540 4m liquid-cooled MIG\\\/MAG chuck 788.0048.1\"}]},{\"@type\":\"WebSite\",\"@id\":\"https:\\\/\\\/spawlab.pl\\\/en\\\/#website\",\"url\":\"https:\\\/\\\/spawlab.pl\\\/en\\\/\",\"name\":\"Spawlab.pl Lider - Spawarki, Przecinarki Plazmowe, Kompresory\",\"description\":\"Urz\u0105dzenia spawalnicze i Przecinarki plazmowe\\\/ nowe i u\u017cywane \\\/ Profesjonalny serwis\",\"publisher\":{\"@id\":\"https:\\\/\\\/spawlab.pl\\\/en\\\/#organization\"},\"alternateName\":\"Spawlab.pl - Dystrybutor Premium i Serwis na Polske Migatronic, Gys, Voestalpine Bohler Welding\",\"potentialAction\":[{\"@type\":\"SearchAction\",\"target\":{\"@type\":\"EntryPoint\",\"urlTemplate\":\"https:\\\/\\\/spawlab.pl\\\/en\\\/?s={search_term_string}\"},\"query-input\":{\"@type\":\"PropertyValueSpecification\",\"valueRequired\":true,\"valueName\":\"search_term_string\"}}],\"inLanguage\":\"en-US\"},{\"@type\":[\"Organization\",\"Place\"],\"@id\":\"https:\\\/\\\/spawlab.pl\\\/en\\\/#organization\",\"name\":\"Spawlab.pl\",\"url\":\"https:\\\/\\\/spawlab.pl\\\/en\\\/\",\"logo\":{\"@id\":\"https:\\\/\\\/spawlab.pl\\\/en\\\/produkt\\\/binzel-abimig-t-540-4m-liquid-cooled-mig-mag-chuck-788-0048-1\\\/#local-main-organization-logo\"},\"image\":{\"@id\":\"https:\\\/\\\/spawlab.pl\\\/en\\\/produkt\\\/binzel-abimig-t-540-4m-liquid-cooled-mig-mag-chuck-788-0048-1\\\/#local-main-organization-logo\"},\"sameAs\":[\"https:\\\/\\\/www.facebook.com\\\/Spawlab\\\/\",\"https:\\\/\\\/www.linkedin.com\\\/company\\\/spawlab\",\"https:\\\/\\\/www.instagram.com\\\/spawlab.pl\",\"https:\\\/\\\/www.tiktok.com\\\/@spawlab\"],\"description\":\"Lider sprzeda\u017cy, Oficjalny Dystrybutor Premium i Serwis na Polsk\u0119 Migatronic, Gys, Voestalpine Bohler Welding. Nowe i u\u017cywane Spawarki, Przecinarki Plazmowe, Kompresory. Mgr in\u017c. Jaros\u0142aw Ko\u0142aski, IWE\",\"hasMerchantReturnPolicy\":{\"@type\":\"MerchantReturnPolicy\",\"merchantReturnLink\":\"https:\\\/\\\/spawlab.pl\\\/polityka-prywatnosci-2\\\/\"},\"telephone\":[],\"openingHoursSpecification\":[{\"@type\":\"OpeningHoursSpecification\",\"dayOfWeek\":[\"Monday\",\"Tuesday\",\"Wednesday\",\"Thursday\",\"Friday\",\"Saturday\",\"Sunday\"],\"opens\":\"09:00\",\"closes\":\"17:00\"}]},{\"@type\":\"ImageObject\",\"inLanguage\":\"en-US\",\"@id\":\"https:\\\/\\\/spawlab.pl\\\/en\\\/produkt\\\/binzel-abimig-t-540-4m-liquid-cooled-mig-mag-chuck-788-0048-1\\\/#local-main-organization-logo\",\"url\":\"https:\\\/\\\/spawlab.pl\\\/wp-content\\\/uploads\\\/2022\\\/01\\\/olx.jpg\",\"contentUrl\":\"https:\\\/\\\/spawlab.pl\\\/wp-content\\\/uploads\\\/2022\\\/01\\\/olx.jpg\",\"width\":200,\"height\":200,\"caption\":\"Spawlab.pl\"}]}<\/script>\n<meta property=\"product:brand\" content=\"Abicor Binzel\" \/>\n<meta property=\"product:price:amount\" content=\"1875.80\" \/>\n<meta property=\"product:price:currency\" content=\"PLN\" \/>\n<meta property=\"og:availability\" content=\"backorder\" \/>\n<meta property=\"product:availability\" content=\"available for order\" \/>\n<meta property=\"product:retailer_item_id\" content=\"788.0048.1\" \/>\n<meta property=\"product:condition\" content=\"new\" \/>\n<!-- \/ Yoast SEO Premium plugin. -->","yoast_head_json":{"title":"BINZEL ABIMIG T 540 4m liquid-cooled MIG\/MAG chuck 788.0048.1","description":"Extremely rugged and powerful BINZEL ABIMIG T 540 4m MIG\/MAG chuck (up to 600 A) with improved cooling and splinter protection.","robots":{"index":"index","follow":"follow","max-snippet":"max-snippet:-1","max-image-preview":"max-image-preview:large","max-video-preview":"max-video-preview:-1"},"canonical":"https:\/\/spawlab.pl\/en\/produkt\/binzel-abimig-t-540-4m-liquid-cooled-mig-mag-chuck-788-0048-1\/","og_locale":"en_US","og_type":"article","og_title":"BINZEL ABIMIG T 540 4m liquid-cooled MIG\/MAG chuck 788.0048.1","og_description":"Lider sprzeda\u017cy, Oficjalny Dystrybutor Premium i Serwis na Polsk\u0119 Migatronic, Gys, Voestalpine Bohler Welding. Nowe i u\u017cywane Spawarki, Przecinarki Plazmowe, Kompresory. Mgr in\u017c. Jaros\u0142aw Ko\u0142aski, IWE","og_url":"https:\/\/spawlab.pl\/en\/produkt\/binzel-abimig-t-540-4m-liquid-cooled-mig-mag-chuck-788-0048-1\/","og_site_name":"SpawLab - Welding equipment and plasma cutters - store and service","article_publisher":"https:\/\/www.facebook.com\/Spawlab\/","og_image":[{"width":564,"height":349,"url":"https:\/\/spawlab.pl\/wp-content\/uploads\/2025\/04\/pol_pl_Uchwyt-MIG-MAG-chlodzony-ciecza-BINZEL-ABIMIG-T-540-6326_1.jpg","type":"image\/jpeg"}],"twitter_misc":{"Price":"1 875,80&nbsp;&#122;&#322; (1 525,04&nbsp;&#122;&#322; netto)","Availability":"On backorder"},"schema":{"@context":"https:\/\/schema.org","@graph":[{"@type":["WebPage","ItemPage"],"@id":"https:\/\/spawlab.pl\/en\/produkt\/binzel-abimig-t-540-4m-liquid-cooled-mig-mag-chuck-788-0048-1\/","url":"https:\/\/spawlab.pl\/en\/produkt\/binzel-abimig-t-540-4m-liquid-cooled-mig-mag-chuck-788-0048-1\/","name":"BINZEL ABIMIG T 540 4m liquid-cooled MIG\/MAG chuck 788.0048.1","isPartOf":{"@id":"https:\/\/spawlab.pl\/en\/#website"},"primaryImageOfPage":{"@id":"https:\/\/spawlab.pl\/en\/produkt\/binzel-abimig-t-540-4m-liquid-cooled-mig-mag-chuck-788-0048-1\/#primaryimage"},"image":{"@id":"https:\/\/spawlab.pl\/en\/produkt\/binzel-abimig-t-540-4m-liquid-cooled-mig-mag-chuck-788-0048-1\/#primaryimage"},"thumbnailUrl":"https:\/\/spawlab.pl\/wp-content\/uploads\/2025\/04\/pol_pl_Uchwyt-MIG-MAG-chlodzony-ciecza-BINZEL-ABIMIG-T-540-6326_1.jpg","datePublished":"2025-04-11T14:43:53+00:00","description":"Extremely rugged and powerful BINZEL ABIMIG T 540 4m MIG\/MAG chuck (up to 600 A) with improved cooling and splinter protection.","breadcrumb":{"@id":"https:\/\/spawlab.pl\/en\/produkt\/binzel-abimig-t-540-4m-liquid-cooled-mig-mag-chuck-788-0048-1\/#breadcrumb"},"inLanguage":"en-US","potentialAction":[{"@type":"ReadAction","target":["https:\/\/spawlab.pl\/en\/produkt\/binzel-abimig-t-540-4m-liquid-cooled-mig-mag-chuck-788-0048-1\/"]}]},{"@type":"ImageObject","inLanguage":"en-US","@id":"https:\/\/spawlab.pl\/en\/produkt\/binzel-abimig-t-540-4m-liquid-cooled-mig-mag-chuck-788-0048-1\/#primaryimage","url":"https:\/\/spawlab.pl\/wp-content\/uploads\/2025\/04\/pol_pl_Uchwyt-MIG-MAG-chlodzony-ciecza-BINZEL-ABIMIG-T-540-6326_1.jpg","contentUrl":"https:\/\/spawlab.pl\/wp-content\/uploads\/2025\/04\/pol_pl_Uchwyt-MIG-MAG-chlodzony-ciecza-BINZEL-ABIMIG-T-540-6326_1.jpg","width":564,"height":349},{"@type":"BreadcrumbList","@id":"https:\/\/spawlab.pl\/en\/produkt\/binzel-abimig-t-540-4m-liquid-cooled-mig-mag-chuck-788-0048-1\/#breadcrumb","itemListElement":[{"@type":"ListItem","position":1,"name":"Strona g\u0142\u00f3wna","item":"https:\/\/spawlab.pl\/en\/"},{"@type":"ListItem","position":2,"name":"Store","item":"https:\/\/spawlab.pl\/en\/shop\/"},{"@type":"ListItem","position":3,"name":"BINZEL ABIMIG T 540 4m liquid-cooled MIG\/MAG chuck 788.0048.1"}]},{"@type":"WebSite","@id":"https:\/\/spawlab.pl\/en\/#website","url":"https:\/\/spawlab.pl\/en\/","name":"Spawlab.pl Lider - Spawarki, Przecinarki Plazmowe, Kompresory","description":"Urz\u0105dzenia spawalnicze i Przecinarki plazmowe\/ nowe i u\u017cywane \/ Profesjonalny serwis","publisher":{"@id":"https:\/\/spawlab.pl\/en\/#organization"},"alternateName":"Spawlab.pl - Dystrybutor Premium i Serwis na Polske Migatronic, Gys, Voestalpine Bohler Welding","potentialAction":[{"@type":"SearchAction","target":{"@type":"EntryPoint","urlTemplate":"https:\/\/spawlab.pl\/en\/?s={search_term_string}"},"query-input":{"@type":"PropertyValueSpecification","valueRequired":true,"valueName":"search_term_string"}}],"inLanguage":"en-US"},{"@type":["Organization","Place"],"@id":"https:\/\/spawlab.pl\/en\/#organization","name":"Spawlab.pl","url":"https:\/\/spawlab.pl\/en\/","logo":{"@id":"https:\/\/spawlab.pl\/en\/produkt\/binzel-abimig-t-540-4m-liquid-cooled-mig-mag-chuck-788-0048-1\/#local-main-organization-logo"},"image":{"@id":"https:\/\/spawlab.pl\/en\/produkt\/binzel-abimig-t-540-4m-liquid-cooled-mig-mag-chuck-788-0048-1\/#local-main-organization-logo"},"sameAs":["https:\/\/www.facebook.com\/Spawlab\/","https:\/\/www.linkedin.com\/company\/spawlab","https:\/\/www.instagram.com\/spawlab.pl","https:\/\/www.tiktok.com\/@spawlab"],"description":"Lider sprzeda\u017cy, Oficjalny Dystrybutor Premium i Serwis na Polsk\u0119 Migatronic, Gys, Voestalpine Bohler Welding. Nowe i u\u017cywane Spawarki, Przecinarki Plazmowe, Kompresory. Mgr in\u017c. Jaros\u0142aw Ko\u0142aski, IWE","hasMerchantReturnPolicy":{"@type":"MerchantReturnPolicy","merchantReturnLink":"https:\/\/spawlab.pl\/polityka-prywatnosci-2\/"},"telephone":[],"openingHoursSpecification":[{"@type":"OpeningHoursSpecification","dayOfWeek":["Monday","Tuesday","Wednesday","Thursday","Friday","Saturday","Sunday"],"opens":"09:00","closes":"17:00"}]},{"@type":"ImageObject","inLanguage":"en-US","@id":"https:\/\/spawlab.pl\/en\/produkt\/binzel-abimig-t-540-4m-liquid-cooled-mig-mag-chuck-788-0048-1\/#local-main-organization-logo","url":"https:\/\/spawlab.pl\/wp-content\/uploads\/2022\/01\/olx.jpg","contentUrl":"https:\/\/spawlab.pl\/wp-content\/uploads\/2022\/01\/olx.jpg","width":200,"height":200,"caption":"Spawlab.pl"}]},"product_brand":"Abicor Binzel","product_price_amount":"1875.80","product_price_currency":"PLN","og_availability":"backorder","product_availability":"available for order","product_retailer_item_id":"788.0048.1","product_condition":"new"},"_links":{"self":[{"href":"https:\/\/spawlab.pl\/en\/wp-json\/wp\/v2\/product\/37008","targetHints":{"allow":["GET"]}}],"collection":[{"href":"https:\/\/spawlab.pl\/en\/wp-json\/wp\/v2\/product"}],"about":[{"href":"https:\/\/spawlab.pl\/en\/wp-json\/wp\/v2\/types\/product"}],"wp:featuredmedia":[{"embeddable":true,"href":"https:\/\/spawlab.pl\/en\/wp-json\/wp\/v2\/media\/26480"}],"wp:attachment":[{"href":"https:\/\/spawlab.pl\/en\/wp-json\/wp\/v2\/media?parent=37008"}],"wp:term":[{"taxonomy":"product_brand","embeddable":true,"href":"https:\/\/spawlab.pl\/en\/wp-json\/wp\/v2\/product_brand?post=37008"},{"taxonomy":"product_cat","embeddable":true,"href":"https:\/\/spawlab.pl\/en\/wp-json\/wp\/v2\/product_cat?post=37008"},{"taxonomy":"product_tag","embeddable":true,"href":"https:\/\/spawlab.pl\/en\/wp-json\/wp\/v2\/product_tag?post=37008"}],"curies":[{"name":"wp","href":"https:\/\/api.w.org\/{rel}","templated":true}]}}