{"id":37014,"date":"2025-04-11T16:43:50","date_gmt":"2025-04-11T14:43:50","guid":{"rendered":"https:\/\/spawlab.pl\/produkt\/liquid-cooled-mig-mag-chuck-binzel-abimig-grip-w-555-d-5m-766-0528-1\/"},"modified":"2025-04-11T16:43:50","modified_gmt":"2025-04-11T14:43:50","slug":"liquid-cooled-mig-mag-chuck-binzel-abimig-grip-w-555-d-5m-766-0528-1","status":"publish","type":"product","link":"https:\/\/spawlab.pl\/en\/produkt\/liquid-cooled-mig-mag-chuck-binzel-abimig-grip-w-555-d-5m-766-0528-1\/","title":{"rendered":"Liquid-cooled MIG\/MAG chuck BINZEL ABIMIG GRIP W 555 D 5m 766.0528.1"},"content":{"rendered":"<p>BINZEL ABIMIG GRIP W 555 D professional liquid-cooled MIG\/MAG welding chuck with a length of 5 meters. It features a dual-circuit cooling system for optimum power and heat conduction, which minimizes spatter adhesion and extends part life. Additional torch neck protection increases handle life. The ABIMIG\u00ae GRIP system with ball joint provides excellent balance, even when welding in hard-to-reach areas. Most replacement and consumable parts are compatible with the MB 401\/501 series, reducing inventory needs. The mechanically robust and sturdy electrode holder guarantees a long service life.     <\/p>\n<p data-sourcepos=\"19:1-19:20\"><strong>Characteristics:<\/strong><\/p>\n<p data-sourcepos=\"21:1-32:44\">Type: MIG\/MAG chuck Model: ABIMIG GRIP W 555 D Cable length: 5 m Cooling: Liquid, dual-circuit Current Capacity (CO2): 550 A at 100% duty cycle Current Capacity (M21 Mixtures): 500 A at 100% duty cycle<\/p>\n","protected":false},"excerpt":{"rendered":"<p>Liquid-cooled MIG\/MAG chuck BINZEL ABIMIG GRIP W 555 D 5m, high performance, dual-circuit cooling, GRIP system.<\/p>\n","protected":false},"featured_media":26486,"template":"","meta":{"inline_featured_image":false},"product_brand":[1453],"product_cat":[5330,5430,476,475,528,522,533],"product_tag":[5467,5583,5439,5394,5584,5585,5516,5335,5436,5435],"class_list":{"0":"post-37014","1":"product","2":"type-product","3":"status-publish","4":"has-post-thumbnail","6":"product_brand-abicor-binzel","7":"product_cat-abicor-binzel-en","8":"product_cat-abicor-binzel-en-3","9":"product_cat-accessories","10":"product_cat-accessories-parts","11":"product_cat-mig-welding-guns","12":"product_cat-parts","13":"product_cat-wires-handles","14":"product_tag-5m-en","15":"product_tag-abimig-grip-w-555-d-en","16":"product_tag-ball-joint","17":"product_tag-binzel-en","18":"product_tag-dual-circuit-cooling","19":"product_tag-grip-system","20":"product_tag-high-performance","21":"product_tag-liquid-cooled","22":"product_tag-mig-mag-handle","23":"product_tag-welding-jig","25":"first","26":"onbackorder","27":"sale","28":"taxable","29":"shipping-taxable","30":"purchasable","31":"product-type-simple"},"yoast_head":"<!-- This site is optimized with the Yoast SEO Premium plugin v27.0 (Yoast SEO v27.3) - https:\/\/yoast.com\/product\/yoast-seo-premium-wordpress\/ -->\n<title>Liquid-cooled MIG\/MAG chuck BINZEL ABIMIG GRIP W 555 D 5m 766.0528.1<\/title>\n<meta name=\"description\" content=\"BINZEL ABIMIG GRIP W 555 D 5m professional MIG\/MAG chuck with dual-circuit cooling and GRIP system. Optimum performance and durability.\" \/>\n<meta name=\"robots\" content=\"index, follow, max-snippet:-1, max-image-preview:large, max-video-preview:-1\" \/>\n<link rel=\"canonical\" href=\"https:\/\/spawlab.pl\/en\/produkt\/liquid-cooled-mig-mag-chuck-binzel-abimig-grip-w-555-d-5m-766-0528-1\/\" \/>\n<meta property=\"og:locale\" content=\"en_US\" \/>\n<meta property=\"og:type\" content=\"article\" \/>\n<meta property=\"og:title\" content=\"Liquid-cooled MIG\/MAG chuck BINZEL ABIMIG GRIP W 555 D 5m 766.0528.1\" \/>\n<meta property=\"og:description\" content=\"Lider sprzeda\u017cy, Oficjalny Dystrybutor Premium i Serwis na Polsk\u0119 Migatronic, Gys, Voestalpine Bohler Welding. Nowe i u\u017cywane Spawarki, Przecinarki Plazmowe, Kompresory. Mgr in\u017c. Jaros\u0142aw Ko\u0142aski, IWE\" \/>\n<meta property=\"og:url\" content=\"https:\/\/spawlab.pl\/en\/produkt\/liquid-cooled-mig-mag-chuck-binzel-abimig-grip-w-555-d-5m-766-0528-1\/\" \/>\n<meta property=\"og:site_name\" content=\"SpawLab - Welding equipment and plasma cutters - store and service\" \/>\n<meta property=\"article:publisher\" content=\"https:\/\/www.facebook.com\/Spawlab\/\" \/>\n<meta property=\"og:image\" content=\"https:\/\/spawlab.pl\/wp-content\/uploads\/2025\/04\/ABIMIG_GRIP_W_555_D_poltin_fullHD.jpg\" \/>\n\t<meta property=\"og:image:width\" content=\"852\" \/>\n\t<meta property=\"og:image:height\" content=\"1080\" \/>\n\t<meta property=\"og:image:type\" content=\"image\/jpeg\" \/>\n<meta name=\"twitter:label1\" content=\"Price\" \/>\n\t<meta name=\"twitter:data1\" content=\"1 769,26&nbsp;&#122;&#322; (1 438,42&nbsp;&#122;&#322; netto)\" \/>\n\t<meta name=\"twitter:label2\" content=\"Availability\" \/>\n\t<meta name=\"twitter:data2\" content=\"On backorder\" \/>\n<script type=\"application\/ld+json\" class=\"yoast-schema-graph\">{\"@context\":\"https:\\\/\\\/schema.org\",\"@graph\":[{\"@type\":[\"WebPage\",\"ItemPage\"],\"@id\":\"https:\\\/\\\/spawlab.pl\\\/en\\\/produkt\\\/liquid-cooled-mig-mag-chuck-binzel-abimig-grip-w-555-d-5m-766-0528-1\\\/\",\"url\":\"https:\\\/\\\/spawlab.pl\\\/en\\\/produkt\\\/liquid-cooled-mig-mag-chuck-binzel-abimig-grip-w-555-d-5m-766-0528-1\\\/\",\"name\":\"Liquid-cooled MIG\\\/MAG chuck BINZEL ABIMIG GRIP W 555 D 5m 766.0528.1\",\"isPartOf\":{\"@id\":\"https:\\\/\\\/spawlab.pl\\\/en\\\/#website\"},\"primaryImageOfPage\":{\"@id\":\"https:\\\/\\\/spawlab.pl\\\/en\\\/produkt\\\/liquid-cooled-mig-mag-chuck-binzel-abimig-grip-w-555-d-5m-766-0528-1\\\/#primaryimage\"},\"image\":{\"@id\":\"https:\\\/\\\/spawlab.pl\\\/en\\\/produkt\\\/liquid-cooled-mig-mag-chuck-binzel-abimig-grip-w-555-d-5m-766-0528-1\\\/#primaryimage\"},\"thumbnailUrl\":\"https:\\\/\\\/spawlab.pl\\\/wp-content\\\/uploads\\\/2025\\\/04\\\/ABIMIG_GRIP_W_555_D_poltin_fullHD.jpg\",\"datePublished\":\"2025-04-11T14:43:50+00:00\",\"description\":\"BINZEL ABIMIG GRIP W 555 D 5m professional MIG\\\/MAG chuck with dual-circuit cooling and GRIP system. Optimum performance and durability.\",\"breadcrumb\":{\"@id\":\"https:\\\/\\\/spawlab.pl\\\/en\\\/produkt\\\/liquid-cooled-mig-mag-chuck-binzel-abimig-grip-w-555-d-5m-766-0528-1\\\/#breadcrumb\"},\"inLanguage\":\"en-US\",\"potentialAction\":[{\"@type\":\"ReadAction\",\"target\":[\"https:\\\/\\\/spawlab.pl\\\/en\\\/produkt\\\/liquid-cooled-mig-mag-chuck-binzel-abimig-grip-w-555-d-5m-766-0528-1\\\/\"]}]},{\"@type\":\"ImageObject\",\"inLanguage\":\"en-US\",\"@id\":\"https:\\\/\\\/spawlab.pl\\\/en\\\/produkt\\\/liquid-cooled-mig-mag-chuck-binzel-abimig-grip-w-555-d-5m-766-0528-1\\\/#primaryimage\",\"url\":\"https:\\\/\\\/spawlab.pl\\\/wp-content\\\/uploads\\\/2025\\\/04\\\/ABIMIG_GRIP_W_555_D_poltin_fullHD.jpg\",\"contentUrl\":\"https:\\\/\\\/spawlab.pl\\\/wp-content\\\/uploads\\\/2025\\\/04\\\/ABIMIG_GRIP_W_555_D_poltin_fullHD.jpg\",\"width\":852,\"height\":1080},{\"@type\":\"BreadcrumbList\",\"@id\":\"https:\\\/\\\/spawlab.pl\\\/en\\\/produkt\\\/liquid-cooled-mig-mag-chuck-binzel-abimig-grip-w-555-d-5m-766-0528-1\\\/#breadcrumb\",\"itemListElement\":[{\"@type\":\"ListItem\",\"position\":1,\"name\":\"Strona g\u0142\u00f3wna\",\"item\":\"https:\\\/\\\/spawlab.pl\\\/en\\\/\"},{\"@type\":\"ListItem\",\"position\":2,\"name\":\"Store\",\"item\":\"https:\\\/\\\/spawlab.pl\\\/en\\\/shop\\\/\"},{\"@type\":\"ListItem\",\"position\":3,\"name\":\"Liquid-cooled MIG\\\/MAG chuck BINZEL ABIMIG GRIP W 555 D 5m 766.0528.1\"}]},{\"@type\":\"WebSite\",\"@id\":\"https:\\\/\\\/spawlab.pl\\\/en\\\/#website\",\"url\":\"https:\\\/\\\/spawlab.pl\\\/en\\\/\",\"name\":\"Spawlab.pl Lider - Spawarki, Przecinarki Plazmowe, Kompresory\",\"description\":\"Urz\u0105dzenia spawalnicze i Przecinarki plazmowe\\\/ nowe i u\u017cywane \\\/ Profesjonalny serwis\",\"publisher\":{\"@id\":\"https:\\\/\\\/spawlab.pl\\\/en\\\/#organization\"},\"alternateName\":\"Spawlab.pl - Dystrybutor Premium i Serwis na Polske Migatronic, Gys, Voestalpine Bohler Welding\",\"potentialAction\":[{\"@type\":\"SearchAction\",\"target\":{\"@type\":\"EntryPoint\",\"urlTemplate\":\"https:\\\/\\\/spawlab.pl\\\/en\\\/?s={search_term_string}\"},\"query-input\":{\"@type\":\"PropertyValueSpecification\",\"valueRequired\":true,\"valueName\":\"search_term_string\"}}],\"inLanguage\":\"en-US\"},{\"@type\":[\"Organization\",\"Place\"],\"@id\":\"https:\\\/\\\/spawlab.pl\\\/en\\\/#organization\",\"name\":\"Spawlab.pl\",\"url\":\"https:\\\/\\\/spawlab.pl\\\/en\\\/\",\"logo\":{\"@id\":\"https:\\\/\\\/spawlab.pl\\\/en\\\/produkt\\\/liquid-cooled-mig-mag-chuck-binzel-abimig-grip-w-555-d-5m-766-0528-1\\\/#local-main-organization-logo\"},\"image\":{\"@id\":\"https:\\\/\\\/spawlab.pl\\\/en\\\/produkt\\\/liquid-cooled-mig-mag-chuck-binzel-abimig-grip-w-555-d-5m-766-0528-1\\\/#local-main-organization-logo\"},\"sameAs\":[\"https:\\\/\\\/www.facebook.com\\\/Spawlab\\\/\",\"https:\\\/\\\/www.linkedin.com\\\/company\\\/spawlab\",\"https:\\\/\\\/www.instagram.com\\\/spawlab.pl\",\"https:\\\/\\\/www.tiktok.com\\\/@spawlab\"],\"description\":\"Lider sprzeda\u017cy, Oficjalny Dystrybutor Premium i Serwis na Polsk\u0119 Migatronic, Gys, Voestalpine Bohler Welding. Nowe i u\u017cywane Spawarki, Przecinarki Plazmowe, Kompresory. Mgr in\u017c. Jaros\u0142aw Ko\u0142aski, IWE\",\"hasMerchantReturnPolicy\":{\"@type\":\"MerchantReturnPolicy\",\"merchantReturnLink\":\"https:\\\/\\\/spawlab.pl\\\/polityka-prywatnosci-2\\\/\"},\"telephone\":[],\"openingHoursSpecification\":[{\"@type\":\"OpeningHoursSpecification\",\"dayOfWeek\":[\"Monday\",\"Tuesday\",\"Wednesday\",\"Thursday\",\"Friday\",\"Saturday\",\"Sunday\"],\"opens\":\"09:00\",\"closes\":\"17:00\"}]},{\"@type\":\"ImageObject\",\"inLanguage\":\"en-US\",\"@id\":\"https:\\\/\\\/spawlab.pl\\\/en\\\/produkt\\\/liquid-cooled-mig-mag-chuck-binzel-abimig-grip-w-555-d-5m-766-0528-1\\\/#local-main-organization-logo\",\"url\":\"https:\\\/\\\/spawlab.pl\\\/wp-content\\\/uploads\\\/2022\\\/01\\\/olx.jpg\",\"contentUrl\":\"https:\\\/\\\/spawlab.pl\\\/wp-content\\\/uploads\\\/2022\\\/01\\\/olx.jpg\",\"width\":200,\"height\":200,\"caption\":\"Spawlab.pl\"}]}<\/script>\n<meta property=\"product:brand\" content=\"Abicor Binzel\" \/>\n<meta property=\"product:price:amount\" content=\"1769.26\" \/>\n<meta property=\"product:price:currency\" content=\"PLN\" \/>\n<meta property=\"og:availability\" content=\"backorder\" \/>\n<meta property=\"product:availability\" content=\"available for order\" \/>\n<meta property=\"product:retailer_item_id\" content=\"766.0528.1\" \/>\n<meta property=\"product:condition\" content=\"new\" \/>\n<!-- \/ Yoast SEO Premium plugin. -->","yoast_head_json":{"title":"Liquid-cooled MIG\/MAG chuck BINZEL ABIMIG GRIP W 555 D 5m 766.0528.1","description":"BINZEL ABIMIG GRIP W 555 D 5m professional MIG\/MAG chuck with dual-circuit cooling and GRIP system. Optimum performance and durability.","robots":{"index":"index","follow":"follow","max-snippet":"max-snippet:-1","max-image-preview":"max-image-preview:large","max-video-preview":"max-video-preview:-1"},"canonical":"https:\/\/spawlab.pl\/en\/produkt\/liquid-cooled-mig-mag-chuck-binzel-abimig-grip-w-555-d-5m-766-0528-1\/","og_locale":"en_US","og_type":"article","og_title":"Liquid-cooled MIG\/MAG chuck BINZEL ABIMIG GRIP W 555 D 5m 766.0528.1","og_description":"Lider sprzeda\u017cy, Oficjalny Dystrybutor Premium i Serwis na Polsk\u0119 Migatronic, Gys, Voestalpine Bohler Welding. Nowe i u\u017cywane Spawarki, Przecinarki Plazmowe, Kompresory. Mgr in\u017c. Jaros\u0142aw Ko\u0142aski, IWE","og_url":"https:\/\/spawlab.pl\/en\/produkt\/liquid-cooled-mig-mag-chuck-binzel-abimig-grip-w-555-d-5m-766-0528-1\/","og_site_name":"SpawLab - Welding equipment and plasma cutters - store and service","article_publisher":"https:\/\/www.facebook.com\/Spawlab\/","og_image":[{"width":852,"height":1080,"url":"https:\/\/spawlab.pl\/wp-content\/uploads\/2025\/04\/ABIMIG_GRIP_W_555_D_poltin_fullHD.jpg","type":"image\/jpeg"}],"twitter_misc":{"Price":"1 769,26&nbsp;&#122;&#322; (1 438,42&nbsp;&#122;&#322; netto)","Availability":"On backorder"},"schema":{"@context":"https:\/\/schema.org","@graph":[{"@type":["WebPage","ItemPage"],"@id":"https:\/\/spawlab.pl\/en\/produkt\/liquid-cooled-mig-mag-chuck-binzel-abimig-grip-w-555-d-5m-766-0528-1\/","url":"https:\/\/spawlab.pl\/en\/produkt\/liquid-cooled-mig-mag-chuck-binzel-abimig-grip-w-555-d-5m-766-0528-1\/","name":"Liquid-cooled MIG\/MAG chuck BINZEL ABIMIG GRIP W 555 D 5m 766.0528.1","isPartOf":{"@id":"https:\/\/spawlab.pl\/en\/#website"},"primaryImageOfPage":{"@id":"https:\/\/spawlab.pl\/en\/produkt\/liquid-cooled-mig-mag-chuck-binzel-abimig-grip-w-555-d-5m-766-0528-1\/#primaryimage"},"image":{"@id":"https:\/\/spawlab.pl\/en\/produkt\/liquid-cooled-mig-mag-chuck-binzel-abimig-grip-w-555-d-5m-766-0528-1\/#primaryimage"},"thumbnailUrl":"https:\/\/spawlab.pl\/wp-content\/uploads\/2025\/04\/ABIMIG_GRIP_W_555_D_poltin_fullHD.jpg","datePublished":"2025-04-11T14:43:50+00:00","description":"BINZEL ABIMIG GRIP W 555 D 5m professional MIG\/MAG chuck with dual-circuit cooling and GRIP system. Optimum performance and durability.","breadcrumb":{"@id":"https:\/\/spawlab.pl\/en\/produkt\/liquid-cooled-mig-mag-chuck-binzel-abimig-grip-w-555-d-5m-766-0528-1\/#breadcrumb"},"inLanguage":"en-US","potentialAction":[{"@type":"ReadAction","target":["https:\/\/spawlab.pl\/en\/produkt\/liquid-cooled-mig-mag-chuck-binzel-abimig-grip-w-555-d-5m-766-0528-1\/"]}]},{"@type":"ImageObject","inLanguage":"en-US","@id":"https:\/\/spawlab.pl\/en\/produkt\/liquid-cooled-mig-mag-chuck-binzel-abimig-grip-w-555-d-5m-766-0528-1\/#primaryimage","url":"https:\/\/spawlab.pl\/wp-content\/uploads\/2025\/04\/ABIMIG_GRIP_W_555_D_poltin_fullHD.jpg","contentUrl":"https:\/\/spawlab.pl\/wp-content\/uploads\/2025\/04\/ABIMIG_GRIP_W_555_D_poltin_fullHD.jpg","width":852,"height":1080},{"@type":"BreadcrumbList","@id":"https:\/\/spawlab.pl\/en\/produkt\/liquid-cooled-mig-mag-chuck-binzel-abimig-grip-w-555-d-5m-766-0528-1\/#breadcrumb","itemListElement":[{"@type":"ListItem","position":1,"name":"Strona g\u0142\u00f3wna","item":"https:\/\/spawlab.pl\/en\/"},{"@type":"ListItem","position":2,"name":"Store","item":"https:\/\/spawlab.pl\/en\/shop\/"},{"@type":"ListItem","position":3,"name":"Liquid-cooled MIG\/MAG chuck BINZEL ABIMIG GRIP W 555 D 5m 766.0528.1"}]},{"@type":"WebSite","@id":"https:\/\/spawlab.pl\/en\/#website","url":"https:\/\/spawlab.pl\/en\/","name":"Spawlab.pl Lider - Spawarki, Przecinarki Plazmowe, Kompresory","description":"Urz\u0105dzenia spawalnicze i Przecinarki plazmowe\/ nowe i u\u017cywane \/ Profesjonalny serwis","publisher":{"@id":"https:\/\/spawlab.pl\/en\/#organization"},"alternateName":"Spawlab.pl - Dystrybutor Premium i Serwis na Polske Migatronic, Gys, Voestalpine Bohler Welding","potentialAction":[{"@type":"SearchAction","target":{"@type":"EntryPoint","urlTemplate":"https:\/\/spawlab.pl\/en\/?s={search_term_string}"},"query-input":{"@type":"PropertyValueSpecification","valueRequired":true,"valueName":"search_term_string"}}],"inLanguage":"en-US"},{"@type":["Organization","Place"],"@id":"https:\/\/spawlab.pl\/en\/#organization","name":"Spawlab.pl","url":"https:\/\/spawlab.pl\/en\/","logo":{"@id":"https:\/\/spawlab.pl\/en\/produkt\/liquid-cooled-mig-mag-chuck-binzel-abimig-grip-w-555-d-5m-766-0528-1\/#local-main-organization-logo"},"image":{"@id":"https:\/\/spawlab.pl\/en\/produkt\/liquid-cooled-mig-mag-chuck-binzel-abimig-grip-w-555-d-5m-766-0528-1\/#local-main-organization-logo"},"sameAs":["https:\/\/www.facebook.com\/Spawlab\/","https:\/\/www.linkedin.com\/company\/spawlab","https:\/\/www.instagram.com\/spawlab.pl","https:\/\/www.tiktok.com\/@spawlab"],"description":"Lider sprzeda\u017cy, Oficjalny Dystrybutor Premium i Serwis na Polsk\u0119 Migatronic, Gys, Voestalpine Bohler Welding. Nowe i u\u017cywane Spawarki, Przecinarki Plazmowe, Kompresory. Mgr in\u017c. Jaros\u0142aw Ko\u0142aski, IWE","hasMerchantReturnPolicy":{"@type":"MerchantReturnPolicy","merchantReturnLink":"https:\/\/spawlab.pl\/polityka-prywatnosci-2\/"},"telephone":[],"openingHoursSpecification":[{"@type":"OpeningHoursSpecification","dayOfWeek":["Monday","Tuesday","Wednesday","Thursday","Friday","Saturday","Sunday"],"opens":"09:00","closes":"17:00"}]},{"@type":"ImageObject","inLanguage":"en-US","@id":"https:\/\/spawlab.pl\/en\/produkt\/liquid-cooled-mig-mag-chuck-binzel-abimig-grip-w-555-d-5m-766-0528-1\/#local-main-organization-logo","url":"https:\/\/spawlab.pl\/wp-content\/uploads\/2022\/01\/olx.jpg","contentUrl":"https:\/\/spawlab.pl\/wp-content\/uploads\/2022\/01\/olx.jpg","width":200,"height":200,"caption":"Spawlab.pl"}]},"product_brand":"Abicor Binzel","product_price_amount":"1769.26","product_price_currency":"PLN","og_availability":"backorder","product_availability":"available for order","product_retailer_item_id":"766.0528.1","product_condition":"new"},"_links":{"self":[{"href":"https:\/\/spawlab.pl\/en\/wp-json\/wp\/v2\/product\/37014","targetHints":{"allow":["GET"]}}],"collection":[{"href":"https:\/\/spawlab.pl\/en\/wp-json\/wp\/v2\/product"}],"about":[{"href":"https:\/\/spawlab.pl\/en\/wp-json\/wp\/v2\/types\/product"}],"wp:featuredmedia":[{"embeddable":true,"href":"https:\/\/spawlab.pl\/en\/wp-json\/wp\/v2\/media\/26486"}],"wp:attachment":[{"href":"https:\/\/spawlab.pl\/en\/wp-json\/wp\/v2\/media?parent=37014"}],"wp:term":[{"taxonomy":"product_brand","embeddable":true,"href":"https:\/\/spawlab.pl\/en\/wp-json\/wp\/v2\/product_brand?post=37014"},{"taxonomy":"product_cat","embeddable":true,"href":"https:\/\/spawlab.pl\/en\/wp-json\/wp\/v2\/product_cat?post=37014"},{"taxonomy":"product_tag","embeddable":true,"href":"https:\/\/spawlab.pl\/en\/wp-json\/wp\/v2\/product_tag?post=37014"}],"curies":[{"name":"wp","href":"https:\/\/api.w.org\/{rel}","templated":true}]}}