{"id":37066,"date":"2025-05-01T08:26:18","date_gmt":"2025-05-01T06:26:18","guid":{"rendered":"https:\/\/spawlab.pl\/produkt\/gys-5-gouging-nozzles-65-85a-plasma-torch-mt-125-039261\/"},"modified":"2025-05-01T08:26:18","modified_gmt":"2025-05-01T06:26:18","slug":"gys-5-gouging-nozzles-65-85a-plasma-torch-mt-125-039261","status":"publish","type":"product","link":"https:\/\/spawlab.pl\/en\/produkt\/gys-5-gouging-nozzles-65-85a-plasma-torch-mt-125-039261\/","title":{"rendered":"GYS 5 GOUGING NOZZLES 65\/85A &#8211; PLASMA TORCH MT-125 039261"},"content":{"rendered":"<p>We are the official distributor and authorized service provider of the GYS brand in Poland.<\/p>\n<p>A kit containing 5 specially designed gouging nozzles designed for MT-125 hand-held plasma torches, optimized for use in the 65 to 85 amp current range. These nozzles differ in design from standard cutting nozzles, allowing them to efficiently remove more material, create wider grooves or chamfer edges more deeply. Their geometry is tailored to produce a wider and less concentrated plasma arc, ideal for faster weld removal, more intensive edge preparation for welding or removal of larger defective layers of material. Made of durable heat- and erosion-resistant materials, they provide stable operation and long life during gouging operations in the 65-85A current range. Regular replacement of worn nozzles is essential to maintain optimum performance of the gouging process. This set of 5 is a practical solution for users of MT-125 torches operating in the 65-85A range who are engaged in fast and efficient surface preparation, intensive material removal or the creation of wide grooves.     <\/p>\n","protected":false},"excerpt":{"rendered":"<p>Set of 5 65\/85A gouging nozzles for MT-125 plasma torch.<\/p>\n","protected":false},"featured_media":29217,"template":"","meta":{"inline_featured_image":false},"product_brand":[999],"product_cat":[475],"product_tag":[5780,5781,5760,5754,5758,5427,5629,5592,5262,5688,5775,5756,5693,5736,5782],"class_list":{"0":"post-37066","1":"product","2":"type-product","3":"status-publish","4":"has-post-thumbnail","6":"product_brand-gys","7":"product_cat-accessories-parts","8":"product_tag-65a-en","9":"product_tag-85a-en","10":"product_tag-bevelling-of-edges","11":"product_tag-gouging-nozzles","12":"product_tag-groove-formation","13":"product_tag-manual","14":"product_tag-mt-125-en","15":"product_tag-plasma","16":"product_tag-plasma-gouging","17":"product_tag-plasma-torch","18":"product_tag-rapid-removal-of-material","19":"product_tag-removal-of-material","20":"product_tag-set","21":"product_tag-spare-parts","22":"product_tag-wide-grooves","24":"first","25":"onbackorder","26":"taxable","27":"shipping-taxable","28":"purchasable","29":"product-type-simple"},"yoast_head":"<!-- This site is optimized with the Yoast SEO Premium plugin v27.5 (Yoast SEO v27.6) - https:\/\/yoast.com\/product\/yoast-seo-premium-wordpress\/ -->\n<title>GYS 5 GOUGING NOZZLES 65\/85A - PLASMA TORCH MT-125 039261<\/title>\n<meta name=\"description\" content=\"Set of 5 special plasma gouging nozzles for MT-125 torch (65-85A). Efficient and fast material removal, creation of wide grooves and deeper edge chamfering.\" \/>\n<meta name=\"robots\" content=\"index, follow, max-snippet:-1, max-image-preview:large, max-video-preview:-1\" \/>\n<link rel=\"canonical\" href=\"https:\/\/spawlab.pl\/en\/produkt\/gys-5-gouging-nozzles-65-85a-plasma-torch-mt-125-039261\/\" \/>\n<meta property=\"og:locale\" content=\"en_US\" \/>\n<meta property=\"og:type\" content=\"article\" \/>\n<meta property=\"og:title\" content=\"GYS 5 GOUGING NOZZLES 65\/85A - PLASMA TORCH MT-125 039261\" \/>\n<meta property=\"og:description\" content=\"Lider sprzeda\u017cy, Oficjalny Dystrybutor Premium i Serwis na Polsk\u0119 Migatronic, Gys, Voestalpine Bohler Welding. Nowe i u\u017cywane Spawarki, Przecinarki Plazmowe, Kompresory. Mgr in\u017c. Jaros\u0142aw Ko\u0142aski, IWE\" \/>\n<meta property=\"og:url\" content=\"https:\/\/spawlab.pl\/en\/produkt\/gys-5-gouging-nozzles-65-85a-plasma-torch-mt-125-039261\/\" \/>\n<meta property=\"og:site_name\" content=\"SpawLab - Welding equipment and plasma cutters - store and service\" \/>\n<meta property=\"article:publisher\" content=\"https:\/\/www.facebook.com\/Spawlab\/\" \/>\n<meta property=\"og:image\" content=\"https:\/\/spawlab.pl\/wp-content\/uploads\/2025\/05\/039261_KEY_-1.jpg\" \/>\n\t<meta property=\"og:image:width\" content=\"504\" \/>\n\t<meta property=\"og:image:height\" content=\"758\" \/>\n\t<meta property=\"og:image:type\" content=\"image\/jpeg\" \/>\n<meta name=\"twitter:label1\" content=\"Price\" \/>\n\t<meta name=\"twitter:data1\" content=\"227,90&nbsp;&#122;&#322; (185,28&nbsp;&#122;&#322; netto)\" \/>\n\t<meta name=\"twitter:label2\" content=\"Availability\" \/>\n\t<meta name=\"twitter:data2\" content=\"On backorder\" \/>\n<script type=\"application\/ld+json\" class=\"yoast-schema-graph\">{\"@context\":\"https:\\\/\\\/schema.org\",\"@graph\":[{\"@type\":[\"WebPage\",\"ItemPage\"],\"@id\":\"https:\\\/\\\/spawlab.pl\\\/en\\\/produkt\\\/gys-5-gouging-nozzles-65-85a-plasma-torch-mt-125-039261\\\/\",\"url\":\"https:\\\/\\\/spawlab.pl\\\/en\\\/produkt\\\/gys-5-gouging-nozzles-65-85a-plasma-torch-mt-125-039261\\\/\",\"name\":\"GYS 5 GOUGING NOZZLES 65\\\/85A - PLASMA TORCH MT-125 039261\",\"isPartOf\":{\"@id\":\"https:\\\/\\\/spawlab.pl\\\/en\\\/#website\"},\"primaryImageOfPage\":{\"@id\":\"https:\\\/\\\/spawlab.pl\\\/en\\\/produkt\\\/gys-5-gouging-nozzles-65-85a-plasma-torch-mt-125-039261\\\/#primaryimage\"},\"image\":{\"@id\":\"https:\\\/\\\/spawlab.pl\\\/en\\\/produkt\\\/gys-5-gouging-nozzles-65-85a-plasma-torch-mt-125-039261\\\/#primaryimage\"},\"thumbnailUrl\":\"https:\\\/\\\/spawlab.pl\\\/wp-content\\\/uploads\\\/2025\\\/05\\\/039261_KEY_-1.jpg\",\"datePublished\":\"2025-05-01T06:26:18+00:00\",\"description\":\"Set of 5 special plasma gouging nozzles for MT-125 torch (65-85A). Efficient and fast material removal, creation of wide grooves and deeper edge chamfering.\",\"breadcrumb\":{\"@id\":\"https:\\\/\\\/spawlab.pl\\\/en\\\/produkt\\\/gys-5-gouging-nozzles-65-85a-plasma-torch-mt-125-039261\\\/#breadcrumb\"},\"inLanguage\":\"en-US\",\"potentialAction\":[{\"@type\":\"ReadAction\",\"target\":[\"https:\\\/\\\/spawlab.pl\\\/en\\\/produkt\\\/gys-5-gouging-nozzles-65-85a-plasma-torch-mt-125-039261\\\/\"]}]},{\"@type\":\"ImageObject\",\"inLanguage\":\"en-US\",\"@id\":\"https:\\\/\\\/spawlab.pl\\\/en\\\/produkt\\\/gys-5-gouging-nozzles-65-85a-plasma-torch-mt-125-039261\\\/#primaryimage\",\"url\":\"https:\\\/\\\/spawlab.pl\\\/wp-content\\\/uploads\\\/2025\\\/05\\\/039261_KEY_-1.jpg\",\"contentUrl\":\"https:\\\/\\\/spawlab.pl\\\/wp-content\\\/uploads\\\/2025\\\/05\\\/039261_KEY_-1.jpg\",\"width\":504,\"height\":758},{\"@type\":\"BreadcrumbList\",\"@id\":\"https:\\\/\\\/spawlab.pl\\\/en\\\/produkt\\\/gys-5-gouging-nozzles-65-85a-plasma-torch-mt-125-039261\\\/#breadcrumb\",\"itemListElement\":[{\"@type\":\"ListItem\",\"position\":1,\"name\":\"Strona g\u0142\u00f3wna\",\"item\":\"https:\\\/\\\/spawlab.pl\\\/en\\\/\"},{\"@type\":\"ListItem\",\"position\":2,\"name\":\"Store\",\"item\":\"https:\\\/\\\/spawlab.pl\\\/en\\\/shop\\\/\"},{\"@type\":\"ListItem\",\"position\":3,\"name\":\"GYS 5 GOUGING NOZZLES 65\\\/85A &#8211; PLASMA TORCH MT-125 039261\"}]},{\"@type\":\"WebSite\",\"@id\":\"https:\\\/\\\/spawlab.pl\\\/en\\\/#website\",\"url\":\"https:\\\/\\\/spawlab.pl\\\/en\\\/\",\"name\":\"Spawlab.pl Lider - Spawarki, Przecinarki Plazmowe, Kompresory\",\"description\":\"Urz\u0105dzenia spawalnicze i Przecinarki plazmowe\\\/ nowe i u\u017cywane \\\/ Profesjonalny serwis\",\"publisher\":{\"@id\":\"https:\\\/\\\/spawlab.pl\\\/en\\\/#organization\"},\"alternateName\":\"Spawlab.pl - Dystrybutor Premium i Serwis na Polske Migatronic, Gys, Voestalpine Bohler Welding\",\"potentialAction\":[{\"@type\":\"SearchAction\",\"target\":{\"@type\":\"EntryPoint\",\"urlTemplate\":\"https:\\\/\\\/spawlab.pl\\\/en\\\/?s={search_term_string}\"},\"query-input\":{\"@type\":\"PropertyValueSpecification\",\"valueRequired\":true,\"valueName\":\"search_term_string\"}}],\"inLanguage\":\"en-US\"},{\"@type\":[\"Organization\",\"Place\"],\"@id\":\"https:\\\/\\\/spawlab.pl\\\/en\\\/#organization\",\"name\":\"Spawlab.pl\",\"url\":\"https:\\\/\\\/spawlab.pl\\\/en\\\/\",\"logo\":{\"@id\":\"https:\\\/\\\/spawlab.pl\\\/en\\\/produkt\\\/gys-5-gouging-nozzles-65-85a-plasma-torch-mt-125-039261\\\/#local-main-organization-logo\"},\"image\":{\"@id\":\"https:\\\/\\\/spawlab.pl\\\/en\\\/produkt\\\/gys-5-gouging-nozzles-65-85a-plasma-torch-mt-125-039261\\\/#local-main-organization-logo\"},\"sameAs\":[\"https:\\\/\\\/www.facebook.com\\\/Spawlab\\\/\",\"https:\\\/\\\/www.linkedin.com\\\/company\\\/spawlab\",\"https:\\\/\\\/www.instagram.com\\\/spawlab.pl\",\"https:\\\/\\\/www.tiktok.com\\\/@spawlab\"],\"description\":\"Lider sprzeda\u017cy, Oficjalny Dystrybutor Premium i Serwis na Polsk\u0119 Migatronic, Gys, Voestalpine Bohler Welding. Nowe i u\u017cywane Spawarki, Przecinarki Plazmowe, Kompresory. Mgr in\u017c. Jaros\u0142aw Ko\u0142aski, IWE\",\"hasMerchantReturnPolicy\":{\"@type\":\"MerchantReturnPolicy\",\"merchantReturnLink\":\"https:\\\/\\\/spawlab.pl\\\/polityka-prywatnosci-2\\\/\"},\"telephone\":[],\"openingHoursSpecification\":[{\"@type\":\"OpeningHoursSpecification\",\"dayOfWeek\":[\"Monday\",\"Tuesday\",\"Wednesday\",\"Thursday\",\"Friday\",\"Saturday\",\"Sunday\"],\"opens\":\"09:00\",\"closes\":\"17:00\"}]},{\"@type\":\"ImageObject\",\"inLanguage\":\"en-US\",\"@id\":\"https:\\\/\\\/spawlab.pl\\\/en\\\/produkt\\\/gys-5-gouging-nozzles-65-85a-plasma-torch-mt-125-039261\\\/#local-main-organization-logo\",\"url\":\"https:\\\/\\\/spawlab.pl\\\/wp-content\\\/uploads\\\/2022\\\/01\\\/olx.jpg\",\"contentUrl\":\"https:\\\/\\\/spawlab.pl\\\/wp-content\\\/uploads\\\/2022\\\/01\\\/olx.jpg\",\"width\":200,\"height\":200,\"caption\":\"Spawlab.pl\"}]}<\/script>\n<meta property=\"product:price:amount\" content=\"227.90\" \/>\n<meta property=\"product:price:currency\" content=\"PLN\" \/>\n<meta property=\"og:availability\" content=\"backorder\" \/>\n<meta property=\"product:availability\" content=\"available for order\" \/>\n<meta property=\"product:retailer_item_id\" content=\"039261\" \/>\n<meta property=\"product:condition\" content=\"new\" \/>\n<!-- \/ Yoast SEO Premium plugin. -->","yoast_head_json":{"title":"GYS 5 GOUGING NOZZLES 65\/85A - PLASMA TORCH MT-125 039261","description":"Set of 5 special plasma gouging nozzles for MT-125 torch (65-85A). Efficient and fast material removal, creation of wide grooves and deeper edge chamfering.","robots":{"index":"index","follow":"follow","max-snippet":"max-snippet:-1","max-image-preview":"max-image-preview:large","max-video-preview":"max-video-preview:-1"},"canonical":"https:\/\/spawlab.pl\/en\/produkt\/gys-5-gouging-nozzles-65-85a-plasma-torch-mt-125-039261\/","og_locale":"en_US","og_type":"article","og_title":"GYS 5 GOUGING NOZZLES 65\/85A - PLASMA TORCH MT-125 039261","og_description":"Lider sprzeda\u017cy, Oficjalny Dystrybutor Premium i Serwis na Polsk\u0119 Migatronic, Gys, Voestalpine Bohler Welding. Nowe i u\u017cywane Spawarki, Przecinarki Plazmowe, Kompresory. Mgr in\u017c. Jaros\u0142aw Ko\u0142aski, IWE","og_url":"https:\/\/spawlab.pl\/en\/produkt\/gys-5-gouging-nozzles-65-85a-plasma-torch-mt-125-039261\/","og_site_name":"SpawLab - Welding equipment and plasma cutters - store and service","article_publisher":"https:\/\/www.facebook.com\/Spawlab\/","og_image":[{"width":504,"height":758,"url":"https:\/\/spawlab.pl\/wp-content\/uploads\/2025\/05\/039261_KEY_-1.jpg","type":"image\/jpeg"}],"twitter_misc":{"Price":"227,90&nbsp;&#122;&#322; (185,28&nbsp;&#122;&#322; netto)","Availability":"On backorder"},"schema":{"@context":"https:\/\/schema.org","@graph":[{"@type":["WebPage","ItemPage"],"@id":"https:\/\/spawlab.pl\/en\/produkt\/gys-5-gouging-nozzles-65-85a-plasma-torch-mt-125-039261\/","url":"https:\/\/spawlab.pl\/en\/produkt\/gys-5-gouging-nozzles-65-85a-plasma-torch-mt-125-039261\/","name":"GYS 5 GOUGING NOZZLES 65\/85A - PLASMA TORCH MT-125 039261","isPartOf":{"@id":"https:\/\/spawlab.pl\/en\/#website"},"primaryImageOfPage":{"@id":"https:\/\/spawlab.pl\/en\/produkt\/gys-5-gouging-nozzles-65-85a-plasma-torch-mt-125-039261\/#primaryimage"},"image":{"@id":"https:\/\/spawlab.pl\/en\/produkt\/gys-5-gouging-nozzles-65-85a-plasma-torch-mt-125-039261\/#primaryimage"},"thumbnailUrl":"https:\/\/spawlab.pl\/wp-content\/uploads\/2025\/05\/039261_KEY_-1.jpg","datePublished":"2025-05-01T06:26:18+00:00","description":"Set of 5 special plasma gouging nozzles for MT-125 torch (65-85A). Efficient and fast material removal, creation of wide grooves and deeper edge chamfering.","breadcrumb":{"@id":"https:\/\/spawlab.pl\/en\/produkt\/gys-5-gouging-nozzles-65-85a-plasma-torch-mt-125-039261\/#breadcrumb"},"inLanguage":"en-US","potentialAction":[{"@type":"ReadAction","target":["https:\/\/spawlab.pl\/en\/produkt\/gys-5-gouging-nozzles-65-85a-plasma-torch-mt-125-039261\/"]}]},{"@type":"ImageObject","inLanguage":"en-US","@id":"https:\/\/spawlab.pl\/en\/produkt\/gys-5-gouging-nozzles-65-85a-plasma-torch-mt-125-039261\/#primaryimage","url":"https:\/\/spawlab.pl\/wp-content\/uploads\/2025\/05\/039261_KEY_-1.jpg","contentUrl":"https:\/\/spawlab.pl\/wp-content\/uploads\/2025\/05\/039261_KEY_-1.jpg","width":504,"height":758},{"@type":"BreadcrumbList","@id":"https:\/\/spawlab.pl\/en\/produkt\/gys-5-gouging-nozzles-65-85a-plasma-torch-mt-125-039261\/#breadcrumb","itemListElement":[{"@type":"ListItem","position":1,"name":"Strona g\u0142\u00f3wna","item":"https:\/\/spawlab.pl\/en\/"},{"@type":"ListItem","position":2,"name":"Store","item":"https:\/\/spawlab.pl\/en\/shop\/"},{"@type":"ListItem","position":3,"name":"GYS 5 GOUGING NOZZLES 65\/85A &#8211; PLASMA TORCH MT-125 039261"}]},{"@type":"WebSite","@id":"https:\/\/spawlab.pl\/en\/#website","url":"https:\/\/spawlab.pl\/en\/","name":"Spawlab.pl Lider - Spawarki, Przecinarki Plazmowe, Kompresory","description":"Urz\u0105dzenia spawalnicze i Przecinarki plazmowe\/ nowe i u\u017cywane \/ Profesjonalny serwis","publisher":{"@id":"https:\/\/spawlab.pl\/en\/#organization"},"alternateName":"Spawlab.pl - Dystrybutor Premium i Serwis na Polske Migatronic, Gys, Voestalpine Bohler Welding","potentialAction":[{"@type":"SearchAction","target":{"@type":"EntryPoint","urlTemplate":"https:\/\/spawlab.pl\/en\/?s={search_term_string}"},"query-input":{"@type":"PropertyValueSpecification","valueRequired":true,"valueName":"search_term_string"}}],"inLanguage":"en-US"},{"@type":["Organization","Place"],"@id":"https:\/\/spawlab.pl\/en\/#organization","name":"Spawlab.pl","url":"https:\/\/spawlab.pl\/en\/","logo":{"@id":"https:\/\/spawlab.pl\/en\/produkt\/gys-5-gouging-nozzles-65-85a-plasma-torch-mt-125-039261\/#local-main-organization-logo"},"image":{"@id":"https:\/\/spawlab.pl\/en\/produkt\/gys-5-gouging-nozzles-65-85a-plasma-torch-mt-125-039261\/#local-main-organization-logo"},"sameAs":["https:\/\/www.facebook.com\/Spawlab\/","https:\/\/www.linkedin.com\/company\/spawlab","https:\/\/www.instagram.com\/spawlab.pl","https:\/\/www.tiktok.com\/@spawlab"],"description":"Lider sprzeda\u017cy, Oficjalny Dystrybutor Premium i Serwis na Polsk\u0119 Migatronic, Gys, Voestalpine Bohler Welding. Nowe i u\u017cywane Spawarki, Przecinarki Plazmowe, Kompresory. Mgr in\u017c. Jaros\u0142aw Ko\u0142aski, IWE","hasMerchantReturnPolicy":{"@type":"MerchantReturnPolicy","merchantReturnLink":"https:\/\/spawlab.pl\/polityka-prywatnosci-2\/"},"telephone":[],"openingHoursSpecification":[{"@type":"OpeningHoursSpecification","dayOfWeek":["Monday","Tuesday","Wednesday","Thursday","Friday","Saturday","Sunday"],"opens":"09:00","closes":"17:00"}]},{"@type":"ImageObject","inLanguage":"en-US","@id":"https:\/\/spawlab.pl\/en\/produkt\/gys-5-gouging-nozzles-65-85a-plasma-torch-mt-125-039261\/#local-main-organization-logo","url":"https:\/\/spawlab.pl\/wp-content\/uploads\/2022\/01\/olx.jpg","contentUrl":"https:\/\/spawlab.pl\/wp-content\/uploads\/2022\/01\/olx.jpg","width":200,"height":200,"caption":"Spawlab.pl"}]},"product_price_amount":"227.90","product_price_currency":"PLN","og_availability":"backorder","product_availability":"available for order","product_retailer_item_id":"039261","product_condition":"new"},"_links":{"self":[{"href":"https:\/\/spawlab.pl\/en\/wp-json\/wp\/v2\/product\/37066","targetHints":{"allow":["GET"]}}],"collection":[{"href":"https:\/\/spawlab.pl\/en\/wp-json\/wp\/v2\/product"}],"about":[{"href":"https:\/\/spawlab.pl\/en\/wp-json\/wp\/v2\/types\/product"}],"wp:featuredmedia":[{"embeddable":true,"href":"https:\/\/spawlab.pl\/en\/wp-json\/wp\/v2\/media\/29217"}],"wp:attachment":[{"href":"https:\/\/spawlab.pl\/en\/wp-json\/wp\/v2\/media?parent=37066"}],"wp:term":[{"taxonomy":"product_brand","embeddable":true,"href":"https:\/\/spawlab.pl\/en\/wp-json\/wp\/v2\/product_brand?post=37066"},{"taxonomy":"product_cat","embeddable":true,"href":"https:\/\/spawlab.pl\/en\/wp-json\/wp\/v2\/product_cat?post=37066"},{"taxonomy":"product_tag","embeddable":true,"href":"https:\/\/spawlab.pl\/en\/wp-json\/wp\/v2\/product_tag?post=37066"}],"curies":[{"name":"wp","href":"https:\/\/api.w.org\/{rel}","templated":true}]}}