{"id":37076,"date":"2025-05-01T08:26:27","date_gmt":"2025-05-01T06:26:27","guid":{"rendered":"https:\/\/spawlab.pl\/produkt\/gys-5-cutting-nozzles-for-hard-to-reach-areas-100a-torch-mt-125-074781\/"},"modified":"2025-05-01T08:26:27","modified_gmt":"2025-05-01T06:26:27","slug":"gys-5-cutting-nozzles-for-hard-to-reach-areas-100a-torch-mt-125-074781","status":"publish","type":"product","link":"https:\/\/spawlab.pl\/en\/produkt\/gys-5-cutting-nozzles-for-hard-to-reach-areas-100a-torch-mt-125-074781\/","title":{"rendered":"GYS 5 CUTTING NOZZLES FOR HARD-TO-REACH AREAS 100A &#8211; TORCH MT-125 074781"},"content":{"rendered":"<p>We are the official distributor and authorized service provider of the GYS brand in Poland.<\/p>\n<p>A kit containing 5 specially designed cutting nozzles for MT-125 handheld plasma torches, optimized for 100 amp cutting, with a special focus on cutting in hard-to-reach areas. These nozzles feature a unique design or elongated shape that makes it easier to reach narrow spaces, corners or other restricted work areas when cutting at high 100A current. Made of high-quality materials resistant to high temperatures and intense erosion, they provide a stable plasma jet and efficient cutting even in unusual positions at this current. Regular replacement of worn nozzles is crucial to maintain optimal cutting quality and torch reliability. This set of 5 nozzles is ideal for MT-125 torch users who often make precision cuts in hard-to-reach areas at 100A and need components designed for such challenges when machining thicker materials.    <\/p>\n","protected":false},"excerpt":{"rendered":"<p>Set of 5 nozzles for cutting in hard-to-reach areas 100A for MT-125 torch.<\/p>\n","protected":false},"featured_media":29160,"template":"","meta":{"inline_featured_image":false},"product_brand":[999],"product_cat":[475],"product_tag":[5752,5785,5728,5750,5742,5427,5629,5592,5255,5688,5792,5693,5736,5804,5749],"class_list":{"0":"post-37076","1":"product","2":"type-product","3":"status-publish","4":"has-post-thumbnail","6":"product_brand-gys","7":"product_cat-accessories-parts","8":"product_tag-100a-en","9":"product_tag-cutting-nozzles","10":"product_tag-hard-to-reach-places","11":"product_tag-high-current","12":"product_tag-limited-spaces","13":"product_tag-manual","14":"product_tag-mt-125-en","15":"product_tag-plasma","16":"product_tag-plasma-cutting","17":"product_tag-plasma-torch","18":"product_tag-precision-cutting","19":"product_tag-set","20":"product_tag-spare-parts","21":"product_tag-special-nozzles","22":"product_tag-thicker-materials","24":"first","25":"onbackorder","26":"taxable","27":"shipping-taxable","28":"purchasable","29":"product-type-simple"},"yoast_head":"<!-- This site is optimized with the Yoast SEO Premium plugin v27.5 (Yoast SEO v27.6) - https:\/\/yoast.com\/product\/yoast-seo-premium-wordpress\/ -->\n<title>GYS 5 CUTTING NOZZLES FOR HARD-TO-REACH AREAS 100A - TORCH MT-125 074781<\/title>\n<meta name=\"description\" content=\"Set of 5 special cutting nozzles for MT-125 plasma torch (100A) to facilitate cutting in confined spaces at high current.\" \/>\n<meta name=\"robots\" content=\"index, follow, max-snippet:-1, max-image-preview:large, max-video-preview:-1\" \/>\n<link rel=\"canonical\" href=\"https:\/\/spawlab.pl\/en\/produkt\/gys-5-cutting-nozzles-for-hard-to-reach-areas-100a-torch-mt-125-074781\/\" \/>\n<meta property=\"og:locale\" content=\"en_US\" \/>\n<meta property=\"og:type\" content=\"article\" \/>\n<meta property=\"og:title\" content=\"GYS 5 CUTTING NOZZLES FOR HARD-TO-REACH AREAS 100A - TORCH MT-125 074781\" \/>\n<meta property=\"og:description\" content=\"Lider sprzeda\u017cy, Oficjalny Dystrybutor Premium i Serwis na Polsk\u0119 Migatronic, Gys, Voestalpine Bohler Welding. Nowe i u\u017cywane Spawarki, Przecinarki Plazmowe, Kompresory. Mgr in\u017c. Jaros\u0142aw Ko\u0142aski, IWE\" \/>\n<meta property=\"og:url\" content=\"https:\/\/spawlab.pl\/en\/produkt\/gys-5-cutting-nozzles-for-hard-to-reach-areas-100a-torch-mt-125-074781\/\" \/>\n<meta property=\"og:site_name\" content=\"SpawLab - Welding equipment and plasma cutters - store and service\" \/>\n<meta property=\"article:publisher\" content=\"https:\/\/www.facebook.com\/Spawlab\/\" \/>\n<meta property=\"og:image\" content=\"https:\/\/spawlab.pl\/wp-content\/uploads\/2025\/05\/074781_KEY_.png\" \/>\n\t<meta property=\"og:image:width\" content=\"999\" \/>\n\t<meta property=\"og:image:height\" content=\"2048\" \/>\n\t<meta property=\"og:image:type\" content=\"image\/png\" \/>\n<meta name=\"twitter:label1\" content=\"Price\" \/>\n\t<meta name=\"twitter:data1\" content=\"277,35&nbsp;&#122;&#322; (225,49&nbsp;&#122;&#322; netto)\" \/>\n\t<meta name=\"twitter:label2\" content=\"Availability\" \/>\n\t<meta name=\"twitter:data2\" content=\"On backorder\" \/>\n<script type=\"application\/ld+json\" class=\"yoast-schema-graph\">{\"@context\":\"https:\\\/\\\/schema.org\",\"@graph\":[{\"@type\":[\"WebPage\",\"ItemPage\"],\"@id\":\"https:\\\/\\\/spawlab.pl\\\/en\\\/produkt\\\/gys-5-cutting-nozzles-for-hard-to-reach-areas-100a-torch-mt-125-074781\\\/\",\"url\":\"https:\\\/\\\/spawlab.pl\\\/en\\\/produkt\\\/gys-5-cutting-nozzles-for-hard-to-reach-areas-100a-torch-mt-125-074781\\\/\",\"name\":\"GYS 5 CUTTING NOZZLES FOR HARD-TO-REACH AREAS 100A - TORCH MT-125 074781\",\"isPartOf\":{\"@id\":\"https:\\\/\\\/spawlab.pl\\\/en\\\/#website\"},\"primaryImageOfPage\":{\"@id\":\"https:\\\/\\\/spawlab.pl\\\/en\\\/produkt\\\/gys-5-cutting-nozzles-for-hard-to-reach-areas-100a-torch-mt-125-074781\\\/#primaryimage\"},\"image\":{\"@id\":\"https:\\\/\\\/spawlab.pl\\\/en\\\/produkt\\\/gys-5-cutting-nozzles-for-hard-to-reach-areas-100a-torch-mt-125-074781\\\/#primaryimage\"},\"thumbnailUrl\":\"https:\\\/\\\/spawlab.pl\\\/wp-content\\\/uploads\\\/2025\\\/05\\\/074781_KEY_.png\",\"datePublished\":\"2025-05-01T06:26:27+00:00\",\"description\":\"Set of 5 special cutting nozzles for MT-125 plasma torch (100A) to facilitate cutting in confined spaces at high current.\",\"breadcrumb\":{\"@id\":\"https:\\\/\\\/spawlab.pl\\\/en\\\/produkt\\\/gys-5-cutting-nozzles-for-hard-to-reach-areas-100a-torch-mt-125-074781\\\/#breadcrumb\"},\"inLanguage\":\"en-US\",\"potentialAction\":[{\"@type\":\"ReadAction\",\"target\":[\"https:\\\/\\\/spawlab.pl\\\/en\\\/produkt\\\/gys-5-cutting-nozzles-for-hard-to-reach-areas-100a-torch-mt-125-074781\\\/\"]}]},{\"@type\":\"ImageObject\",\"inLanguage\":\"en-US\",\"@id\":\"https:\\\/\\\/spawlab.pl\\\/en\\\/produkt\\\/gys-5-cutting-nozzles-for-hard-to-reach-areas-100a-torch-mt-125-074781\\\/#primaryimage\",\"url\":\"https:\\\/\\\/spawlab.pl\\\/wp-content\\\/uploads\\\/2025\\\/05\\\/074781_KEY_.png\",\"contentUrl\":\"https:\\\/\\\/spawlab.pl\\\/wp-content\\\/uploads\\\/2025\\\/05\\\/074781_KEY_.png\",\"width\":999,\"height\":2048},{\"@type\":\"BreadcrumbList\",\"@id\":\"https:\\\/\\\/spawlab.pl\\\/en\\\/produkt\\\/gys-5-cutting-nozzles-for-hard-to-reach-areas-100a-torch-mt-125-074781\\\/#breadcrumb\",\"itemListElement\":[{\"@type\":\"ListItem\",\"position\":1,\"name\":\"Strona g\u0142\u00f3wna\",\"item\":\"https:\\\/\\\/spawlab.pl\\\/en\\\/\"},{\"@type\":\"ListItem\",\"position\":2,\"name\":\"Store\",\"item\":\"https:\\\/\\\/spawlab.pl\\\/en\\\/shop\\\/\"},{\"@type\":\"ListItem\",\"position\":3,\"name\":\"GYS 5 CUTTING NOZZLES FOR HARD-TO-REACH AREAS 100A &#8211; TORCH MT-125 074781\"}]},{\"@type\":\"WebSite\",\"@id\":\"https:\\\/\\\/spawlab.pl\\\/en\\\/#website\",\"url\":\"https:\\\/\\\/spawlab.pl\\\/en\\\/\",\"name\":\"Spawlab.pl Lider - Spawarki, Przecinarki Plazmowe, Kompresory\",\"description\":\"Urz\u0105dzenia spawalnicze i Przecinarki plazmowe\\\/ nowe i u\u017cywane \\\/ Profesjonalny serwis\",\"publisher\":{\"@id\":\"https:\\\/\\\/spawlab.pl\\\/en\\\/#organization\"},\"alternateName\":\"Spawlab.pl - Dystrybutor Premium i Serwis na Polske Migatronic, Gys, Voestalpine Bohler Welding\",\"potentialAction\":[{\"@type\":\"SearchAction\",\"target\":{\"@type\":\"EntryPoint\",\"urlTemplate\":\"https:\\\/\\\/spawlab.pl\\\/en\\\/?s={search_term_string}\"},\"query-input\":{\"@type\":\"PropertyValueSpecification\",\"valueRequired\":true,\"valueName\":\"search_term_string\"}}],\"inLanguage\":\"en-US\"},{\"@type\":[\"Organization\",\"Place\"],\"@id\":\"https:\\\/\\\/spawlab.pl\\\/en\\\/#organization\",\"name\":\"Spawlab.pl\",\"url\":\"https:\\\/\\\/spawlab.pl\\\/en\\\/\",\"logo\":{\"@id\":\"https:\\\/\\\/spawlab.pl\\\/en\\\/produkt\\\/gys-5-cutting-nozzles-for-hard-to-reach-areas-100a-torch-mt-125-074781\\\/#local-main-organization-logo\"},\"image\":{\"@id\":\"https:\\\/\\\/spawlab.pl\\\/en\\\/produkt\\\/gys-5-cutting-nozzles-for-hard-to-reach-areas-100a-torch-mt-125-074781\\\/#local-main-organization-logo\"},\"sameAs\":[\"https:\\\/\\\/www.facebook.com\\\/Spawlab\\\/\",\"https:\\\/\\\/www.linkedin.com\\\/company\\\/spawlab\",\"https:\\\/\\\/www.instagram.com\\\/spawlab.pl\",\"https:\\\/\\\/www.tiktok.com\\\/@spawlab\"],\"description\":\"Lider sprzeda\u017cy, Oficjalny Dystrybutor Premium i Serwis na Polsk\u0119 Migatronic, Gys, Voestalpine Bohler Welding. Nowe i u\u017cywane Spawarki, Przecinarki Plazmowe, Kompresory. Mgr in\u017c. Jaros\u0142aw Ko\u0142aski, IWE\",\"hasMerchantReturnPolicy\":{\"@type\":\"MerchantReturnPolicy\",\"merchantReturnLink\":\"https:\\\/\\\/spawlab.pl\\\/polityka-prywatnosci-2\\\/\"},\"telephone\":[],\"openingHoursSpecification\":[{\"@type\":\"OpeningHoursSpecification\",\"dayOfWeek\":[\"Monday\",\"Tuesday\",\"Wednesday\",\"Thursday\",\"Friday\",\"Saturday\",\"Sunday\"],\"opens\":\"09:00\",\"closes\":\"17:00\"}]},{\"@type\":\"ImageObject\",\"inLanguage\":\"en-US\",\"@id\":\"https:\\\/\\\/spawlab.pl\\\/en\\\/produkt\\\/gys-5-cutting-nozzles-for-hard-to-reach-areas-100a-torch-mt-125-074781\\\/#local-main-organization-logo\",\"url\":\"https:\\\/\\\/spawlab.pl\\\/wp-content\\\/uploads\\\/2022\\\/01\\\/olx.jpg\",\"contentUrl\":\"https:\\\/\\\/spawlab.pl\\\/wp-content\\\/uploads\\\/2022\\\/01\\\/olx.jpg\",\"width\":200,\"height\":200,\"caption\":\"Spawlab.pl\"}]}<\/script>\n<meta property=\"product:price:amount\" content=\"277.35\" \/>\n<meta property=\"product:price:currency\" content=\"PLN\" \/>\n<meta property=\"og:availability\" content=\"backorder\" \/>\n<meta property=\"product:availability\" content=\"available for order\" \/>\n<meta property=\"product:retailer_item_id\" content=\"074781\" \/>\n<meta property=\"product:condition\" content=\"new\" \/>\n<!-- \/ Yoast SEO Premium plugin. -->","yoast_head_json":{"title":"GYS 5 CUTTING NOZZLES FOR HARD-TO-REACH AREAS 100A - TORCH MT-125 074781","description":"Set of 5 special cutting nozzles for MT-125 plasma torch (100A) to facilitate cutting in confined spaces at high current.","robots":{"index":"index","follow":"follow","max-snippet":"max-snippet:-1","max-image-preview":"max-image-preview:large","max-video-preview":"max-video-preview:-1"},"canonical":"https:\/\/spawlab.pl\/en\/produkt\/gys-5-cutting-nozzles-for-hard-to-reach-areas-100a-torch-mt-125-074781\/","og_locale":"en_US","og_type":"article","og_title":"GYS 5 CUTTING NOZZLES FOR HARD-TO-REACH AREAS 100A - TORCH MT-125 074781","og_description":"Lider sprzeda\u017cy, Oficjalny Dystrybutor Premium i Serwis na Polsk\u0119 Migatronic, Gys, Voestalpine Bohler Welding. Nowe i u\u017cywane Spawarki, Przecinarki Plazmowe, Kompresory. Mgr in\u017c. Jaros\u0142aw Ko\u0142aski, IWE","og_url":"https:\/\/spawlab.pl\/en\/produkt\/gys-5-cutting-nozzles-for-hard-to-reach-areas-100a-torch-mt-125-074781\/","og_site_name":"SpawLab - Welding equipment and plasma cutters - store and service","article_publisher":"https:\/\/www.facebook.com\/Spawlab\/","og_image":[{"width":999,"height":2048,"url":"https:\/\/spawlab.pl\/wp-content\/uploads\/2025\/05\/074781_KEY_.png","type":"image\/png"}],"twitter_misc":{"Price":"277,35&nbsp;&#122;&#322; (225,49&nbsp;&#122;&#322; netto)","Availability":"On backorder"},"schema":{"@context":"https:\/\/schema.org","@graph":[{"@type":["WebPage","ItemPage"],"@id":"https:\/\/spawlab.pl\/en\/produkt\/gys-5-cutting-nozzles-for-hard-to-reach-areas-100a-torch-mt-125-074781\/","url":"https:\/\/spawlab.pl\/en\/produkt\/gys-5-cutting-nozzles-for-hard-to-reach-areas-100a-torch-mt-125-074781\/","name":"GYS 5 CUTTING NOZZLES FOR HARD-TO-REACH AREAS 100A - TORCH MT-125 074781","isPartOf":{"@id":"https:\/\/spawlab.pl\/en\/#website"},"primaryImageOfPage":{"@id":"https:\/\/spawlab.pl\/en\/produkt\/gys-5-cutting-nozzles-for-hard-to-reach-areas-100a-torch-mt-125-074781\/#primaryimage"},"image":{"@id":"https:\/\/spawlab.pl\/en\/produkt\/gys-5-cutting-nozzles-for-hard-to-reach-areas-100a-torch-mt-125-074781\/#primaryimage"},"thumbnailUrl":"https:\/\/spawlab.pl\/wp-content\/uploads\/2025\/05\/074781_KEY_.png","datePublished":"2025-05-01T06:26:27+00:00","description":"Set of 5 special cutting nozzles for MT-125 plasma torch (100A) to facilitate cutting in confined spaces at high current.","breadcrumb":{"@id":"https:\/\/spawlab.pl\/en\/produkt\/gys-5-cutting-nozzles-for-hard-to-reach-areas-100a-torch-mt-125-074781\/#breadcrumb"},"inLanguage":"en-US","potentialAction":[{"@type":"ReadAction","target":["https:\/\/spawlab.pl\/en\/produkt\/gys-5-cutting-nozzles-for-hard-to-reach-areas-100a-torch-mt-125-074781\/"]}]},{"@type":"ImageObject","inLanguage":"en-US","@id":"https:\/\/spawlab.pl\/en\/produkt\/gys-5-cutting-nozzles-for-hard-to-reach-areas-100a-torch-mt-125-074781\/#primaryimage","url":"https:\/\/spawlab.pl\/wp-content\/uploads\/2025\/05\/074781_KEY_.png","contentUrl":"https:\/\/spawlab.pl\/wp-content\/uploads\/2025\/05\/074781_KEY_.png","width":999,"height":2048},{"@type":"BreadcrumbList","@id":"https:\/\/spawlab.pl\/en\/produkt\/gys-5-cutting-nozzles-for-hard-to-reach-areas-100a-torch-mt-125-074781\/#breadcrumb","itemListElement":[{"@type":"ListItem","position":1,"name":"Strona g\u0142\u00f3wna","item":"https:\/\/spawlab.pl\/en\/"},{"@type":"ListItem","position":2,"name":"Store","item":"https:\/\/spawlab.pl\/en\/shop\/"},{"@type":"ListItem","position":3,"name":"GYS 5 CUTTING NOZZLES FOR HARD-TO-REACH AREAS 100A &#8211; TORCH MT-125 074781"}]},{"@type":"WebSite","@id":"https:\/\/spawlab.pl\/en\/#website","url":"https:\/\/spawlab.pl\/en\/","name":"Spawlab.pl Lider - Spawarki, Przecinarki Plazmowe, Kompresory","description":"Urz\u0105dzenia spawalnicze i Przecinarki plazmowe\/ nowe i u\u017cywane \/ Profesjonalny serwis","publisher":{"@id":"https:\/\/spawlab.pl\/en\/#organization"},"alternateName":"Spawlab.pl - Dystrybutor Premium i Serwis na Polske Migatronic, Gys, Voestalpine Bohler Welding","potentialAction":[{"@type":"SearchAction","target":{"@type":"EntryPoint","urlTemplate":"https:\/\/spawlab.pl\/en\/?s={search_term_string}"},"query-input":{"@type":"PropertyValueSpecification","valueRequired":true,"valueName":"search_term_string"}}],"inLanguage":"en-US"},{"@type":["Organization","Place"],"@id":"https:\/\/spawlab.pl\/en\/#organization","name":"Spawlab.pl","url":"https:\/\/spawlab.pl\/en\/","logo":{"@id":"https:\/\/spawlab.pl\/en\/produkt\/gys-5-cutting-nozzles-for-hard-to-reach-areas-100a-torch-mt-125-074781\/#local-main-organization-logo"},"image":{"@id":"https:\/\/spawlab.pl\/en\/produkt\/gys-5-cutting-nozzles-for-hard-to-reach-areas-100a-torch-mt-125-074781\/#local-main-organization-logo"},"sameAs":["https:\/\/www.facebook.com\/Spawlab\/","https:\/\/www.linkedin.com\/company\/spawlab","https:\/\/www.instagram.com\/spawlab.pl","https:\/\/www.tiktok.com\/@spawlab"],"description":"Lider sprzeda\u017cy, Oficjalny Dystrybutor Premium i Serwis na Polsk\u0119 Migatronic, Gys, Voestalpine Bohler Welding. Nowe i u\u017cywane Spawarki, Przecinarki Plazmowe, Kompresory. Mgr in\u017c. Jaros\u0142aw Ko\u0142aski, IWE","hasMerchantReturnPolicy":{"@type":"MerchantReturnPolicy","merchantReturnLink":"https:\/\/spawlab.pl\/polityka-prywatnosci-2\/"},"telephone":[],"openingHoursSpecification":[{"@type":"OpeningHoursSpecification","dayOfWeek":["Monday","Tuesday","Wednesday","Thursday","Friday","Saturday","Sunday"],"opens":"09:00","closes":"17:00"}]},{"@type":"ImageObject","inLanguage":"en-US","@id":"https:\/\/spawlab.pl\/en\/produkt\/gys-5-cutting-nozzles-for-hard-to-reach-areas-100a-torch-mt-125-074781\/#local-main-organization-logo","url":"https:\/\/spawlab.pl\/wp-content\/uploads\/2022\/01\/olx.jpg","contentUrl":"https:\/\/spawlab.pl\/wp-content\/uploads\/2022\/01\/olx.jpg","width":200,"height":200,"caption":"Spawlab.pl"}]},"product_price_amount":"277.35","product_price_currency":"PLN","og_availability":"backorder","product_availability":"available for order","product_retailer_item_id":"074781","product_condition":"new"},"_links":{"self":[{"href":"https:\/\/spawlab.pl\/en\/wp-json\/wp\/v2\/product\/37076","targetHints":{"allow":["GET"]}}],"collection":[{"href":"https:\/\/spawlab.pl\/en\/wp-json\/wp\/v2\/product"}],"about":[{"href":"https:\/\/spawlab.pl\/en\/wp-json\/wp\/v2\/types\/product"}],"wp:featuredmedia":[{"embeddable":true,"href":"https:\/\/spawlab.pl\/en\/wp-json\/wp\/v2\/media\/29160"}],"wp:attachment":[{"href":"https:\/\/spawlab.pl\/en\/wp-json\/wp\/v2\/media?parent=37076"}],"wp:term":[{"taxonomy":"product_brand","embeddable":true,"href":"https:\/\/spawlab.pl\/en\/wp-json\/wp\/v2\/product_brand?post=37076"},{"taxonomy":"product_cat","embeddable":true,"href":"https:\/\/spawlab.pl\/en\/wp-json\/wp\/v2\/product_cat?post=37076"},{"taxonomy":"product_tag","embeddable":true,"href":"https:\/\/spawlab.pl\/en\/wp-json\/wp\/v2\/product_tag?post=37076"}],"curies":[{"name":"wp","href":"https:\/\/api.w.org\/{rel}","templated":true}]}}