{"id":37116,"date":"2025-05-01T08:26:15","date_gmt":"2025-05-01T06:26:15","guid":{"rendered":"https:\/\/spawlab.pl\/produkt\/gys-plasma-torch-consumable-kit-tpt35-080782\/"},"modified":"2025-05-01T08:26:15","modified_gmt":"2025-05-01T06:26:15","slug":"gys-plasma-torch-consumable-kit-tpt35-080782","status":"publish","type":"product","link":"https:\/\/spawlab.pl\/en\/produkt\/gys-plasma-torch-consumable-kit-tpt35-080782\/","title":{"rendered":"GYS PLASMA TORCH CONSUMABLE KIT TPT35 080782"},"content":{"rendered":"<p>We are the official distributor and authorized service provider of the GYS brand in Poland.<\/p>\n<p>A complete set of consumables dedicated to the TPT35 handheld plasma torches. This practical kit contains all the key components necessary for optimum performance and high quality cutting. The set includes nozzles of various diameters, durable electrodes, protective nozzle covers and spacer rings. Regular replacement of these consumables is essential to maintain a stable plasma arc, achieve clean and precise cuts, and extend the life of the TPT35 torch. Using genuine consumables guarantees a perfect fit for the TPT35 torch and ensures maximum performance of the plasma cutting system. This is an indispensable kit for any TPT35 torch user who values the reliability of his equipment and the high quality of the work performed.     <\/p>\n","protected":false},"excerpt":{"rendered":"<p>A complete set of consumables for the TPT35 handheld plasma torch.<\/p>\n","protected":false},"featured_media":28954,"template":"","meta":{"inline_featured_image":false},"product_brand":[999],"product_cat":[5330,475,5686,5687],"product_tag":[5689,5757,5825,5818,5766,5427,5824,5755,5592,5255,5688,5826,5693,5736,5701],"class_list":{"0":"post-37116","1":"product","2":"type-product","3":"status-publish","4":"has-post-thumbnail","6":"product_brand-gys","7":"product_cat-abicor-binzel-en","8":"product_cat-accessories-parts","9":"product_cat-brand-zone","10":"product_cat-gys","11":"product_tag-consumables","12":"product_tag-cutting-quality","13":"product_tag-distance-rings","14":"product_tag-electrodes","15":"product_tag-jets","16":"product_tag-manual","17":"product_tag-nozzle-covers","18":"product_tag-performance","19":"product_tag-plasma","20":"product_tag-plasma-cutting","21":"product_tag-plasma-torch","22":"product_tag-reliability","23":"product_tag-set","24":"product_tag-spare-parts","25":"product_tag-tpt35-en","27":"first","28":"onbackorder","29":"taxable","30":"shipping-taxable","31":"purchasable","32":"product-type-simple"},"yoast_head":"<!-- This site is optimized with the Yoast SEO Premium plugin v27.0 (Yoast SEO v27.3) - https:\/\/yoast.com\/product\/yoast-seo-premium-wordpress\/ -->\n<title>GYS PLASMA TORCH CONSUMABLE KIT TPT35 080782<\/title>\n<meta name=\"description\" content=\"Set of original consumables for TPT35 plasma torch. Includes nozzles, electrodes, shields and spacer rings.\" \/>\n<meta name=\"robots\" content=\"index, follow, max-snippet:-1, max-image-preview:large, max-video-preview:-1\" \/>\n<link rel=\"canonical\" href=\"https:\/\/spawlab.pl\/en\/produkt\/gys-plasma-torch-consumable-kit-tpt35-080782\/\" \/>\n<meta property=\"og:locale\" content=\"en_US\" \/>\n<meta property=\"og:type\" content=\"article\" \/>\n<meta property=\"og:title\" content=\"GYS PLASMA TORCH CONSUMABLE KIT TPT35 080782\" \/>\n<meta property=\"og:description\" content=\"Lider sprzeda\u017cy, Oficjalny Dystrybutor Premium i Serwis na Polsk\u0119 Migatronic, Gys, Voestalpine Bohler Welding. Nowe i u\u017cywane Spawarki, Przecinarki Plazmowe, Kompresory. Mgr in\u017c. Jaros\u0142aw Ko\u0142aski, IWE\" \/>\n<meta property=\"og:url\" content=\"https:\/\/spawlab.pl\/en\/produkt\/gys-plasma-torch-consumable-kit-tpt35-080782\/\" \/>\n<meta property=\"og:site_name\" content=\"SpawLab - Welding equipment and plasma cutters - store and service\" \/>\n<meta property=\"article:publisher\" content=\"https:\/\/www.facebook.com\/Spawlab\/\" \/>\n<meta property=\"og:image\" content=\"https:\/\/spawlab.pl\/wp-content\/uploads\/2025\/05\/080782_KEY_.jpg\" \/>\n\t<meta property=\"og:image:width\" content=\"1772\" \/>\n\t<meta property=\"og:image:height\" content=\"1167\" \/>\n\t<meta property=\"og:image:type\" content=\"image\/jpeg\" \/>\n<meta name=\"twitter:label1\" content=\"Price\" \/>\n\t<meta name=\"twitter:data1\" content=\"208,55&nbsp;&#122;&#322; (169,55&nbsp;&#122;&#322; netto)\" \/>\n\t<meta name=\"twitter:label2\" content=\"Availability\" \/>\n\t<meta name=\"twitter:data2\" content=\"On backorder\" \/>\n<script type=\"application\/ld+json\" class=\"yoast-schema-graph\">{\"@context\":\"https:\\\/\\\/schema.org\",\"@graph\":[{\"@type\":[\"WebPage\",\"ItemPage\"],\"@id\":\"https:\\\/\\\/spawlab.pl\\\/en\\\/produkt\\\/gys-plasma-torch-consumable-kit-tpt35-080782\\\/\",\"url\":\"https:\\\/\\\/spawlab.pl\\\/en\\\/produkt\\\/gys-plasma-torch-consumable-kit-tpt35-080782\\\/\",\"name\":\"GYS PLASMA TORCH CONSUMABLE KIT TPT35 080782\",\"isPartOf\":{\"@id\":\"https:\\\/\\\/spawlab.pl\\\/en\\\/#website\"},\"primaryImageOfPage\":{\"@id\":\"https:\\\/\\\/spawlab.pl\\\/en\\\/produkt\\\/gys-plasma-torch-consumable-kit-tpt35-080782\\\/#primaryimage\"},\"image\":{\"@id\":\"https:\\\/\\\/spawlab.pl\\\/en\\\/produkt\\\/gys-plasma-torch-consumable-kit-tpt35-080782\\\/#primaryimage\"},\"thumbnailUrl\":\"https:\\\/\\\/spawlab.pl\\\/wp-content\\\/uploads\\\/2025\\\/05\\\/039957_KEY_.jpg\",\"datePublished\":\"2025-05-01T06:26:15+00:00\",\"description\":\"Set of original consumables for TPT35 plasma torch. Includes nozzles, electrodes, shields and spacer rings.\",\"breadcrumb\":{\"@id\":\"https:\\\/\\\/spawlab.pl\\\/en\\\/produkt\\\/gys-plasma-torch-consumable-kit-tpt35-080782\\\/#breadcrumb\"},\"inLanguage\":\"en-US\",\"potentialAction\":[{\"@type\":\"ReadAction\",\"target\":[\"https:\\\/\\\/spawlab.pl\\\/en\\\/produkt\\\/gys-plasma-torch-consumable-kit-tpt35-080782\\\/\"]}]},{\"@type\":\"ImageObject\",\"inLanguage\":\"en-US\",\"@id\":\"https:\\\/\\\/spawlab.pl\\\/en\\\/produkt\\\/gys-plasma-torch-consumable-kit-tpt35-080782\\\/#primaryimage\",\"url\":\"https:\\\/\\\/spawlab.pl\\\/wp-content\\\/uploads\\\/2025\\\/05\\\/039957_KEY_.jpg\",\"contentUrl\":\"https:\\\/\\\/spawlab.pl\\\/wp-content\\\/uploads\\\/2025\\\/05\\\/039957_KEY_.jpg\",\"width\":1772,\"height\":1113},{\"@type\":\"BreadcrumbList\",\"@id\":\"https:\\\/\\\/spawlab.pl\\\/en\\\/produkt\\\/gys-plasma-torch-consumable-kit-tpt35-080782\\\/#breadcrumb\",\"itemListElement\":[{\"@type\":\"ListItem\",\"position\":1,\"name\":\"Strona g\u0142\u00f3wna\",\"item\":\"https:\\\/\\\/spawlab.pl\\\/en\\\/\"},{\"@type\":\"ListItem\",\"position\":2,\"name\":\"Store\",\"item\":\"https:\\\/\\\/spawlab.pl\\\/en\\\/shop\\\/\"},{\"@type\":\"ListItem\",\"position\":3,\"name\":\"GYS PLASMA TORCH CONSUMABLE KIT TPT35 080782\"}]},{\"@type\":\"WebSite\",\"@id\":\"https:\\\/\\\/spawlab.pl\\\/en\\\/#website\",\"url\":\"https:\\\/\\\/spawlab.pl\\\/en\\\/\",\"name\":\"Spawlab.pl Lider - Spawarki, Przecinarki Plazmowe, Kompresory\",\"description\":\"Urz\u0105dzenia spawalnicze i Przecinarki plazmowe\\\/ nowe i u\u017cywane \\\/ Profesjonalny serwis\",\"publisher\":{\"@id\":\"https:\\\/\\\/spawlab.pl\\\/en\\\/#organization\"},\"alternateName\":\"Spawlab.pl - Dystrybutor Premium i Serwis na Polske Migatronic, Gys, Voestalpine Bohler Welding\",\"potentialAction\":[{\"@type\":\"SearchAction\",\"target\":{\"@type\":\"EntryPoint\",\"urlTemplate\":\"https:\\\/\\\/spawlab.pl\\\/en\\\/?s={search_term_string}\"},\"query-input\":{\"@type\":\"PropertyValueSpecification\",\"valueRequired\":true,\"valueName\":\"search_term_string\"}}],\"inLanguage\":\"en-US\"},{\"@type\":[\"Organization\",\"Place\"],\"@id\":\"https:\\\/\\\/spawlab.pl\\\/en\\\/#organization\",\"name\":\"Spawlab.pl\",\"url\":\"https:\\\/\\\/spawlab.pl\\\/en\\\/\",\"logo\":{\"@id\":\"https:\\\/\\\/spawlab.pl\\\/en\\\/produkt\\\/gys-plasma-torch-consumable-kit-tpt35-080782\\\/#local-main-organization-logo\"},\"image\":{\"@id\":\"https:\\\/\\\/spawlab.pl\\\/en\\\/produkt\\\/gys-plasma-torch-consumable-kit-tpt35-080782\\\/#local-main-organization-logo\"},\"sameAs\":[\"https:\\\/\\\/www.facebook.com\\\/Spawlab\\\/\",\"https:\\\/\\\/www.linkedin.com\\\/company\\\/spawlab\",\"https:\\\/\\\/www.instagram.com\\\/spawlab.pl\",\"https:\\\/\\\/www.tiktok.com\\\/@spawlab\"],\"description\":\"Lider sprzeda\u017cy, Oficjalny Dystrybutor Premium i Serwis na Polsk\u0119 Migatronic, Gys, Voestalpine Bohler Welding. Nowe i u\u017cywane Spawarki, Przecinarki Plazmowe, Kompresory. Mgr in\u017c. Jaros\u0142aw Ko\u0142aski, IWE\",\"hasMerchantReturnPolicy\":{\"@type\":\"MerchantReturnPolicy\",\"merchantReturnLink\":\"https:\\\/\\\/spawlab.pl\\\/polityka-prywatnosci-2\\\/\"},\"telephone\":[],\"openingHoursSpecification\":[{\"@type\":\"OpeningHoursSpecification\",\"dayOfWeek\":[\"Monday\",\"Tuesday\",\"Wednesday\",\"Thursday\",\"Friday\",\"Saturday\",\"Sunday\"],\"opens\":\"09:00\",\"closes\":\"17:00\"}]},{\"@type\":\"ImageObject\",\"inLanguage\":\"en-US\",\"@id\":\"https:\\\/\\\/spawlab.pl\\\/en\\\/produkt\\\/gys-plasma-torch-consumable-kit-tpt35-080782\\\/#local-main-organization-logo\",\"url\":\"https:\\\/\\\/spawlab.pl\\\/wp-content\\\/uploads\\\/2022\\\/01\\\/olx.jpg\",\"contentUrl\":\"https:\\\/\\\/spawlab.pl\\\/wp-content\\\/uploads\\\/2022\\\/01\\\/olx.jpg\",\"width\":200,\"height\":200,\"caption\":\"Spawlab.pl\"}]}<\/script>\n<meta property=\"product:price:amount\" content=\"208.55\" \/>\n<meta property=\"product:price:currency\" content=\"PLN\" \/>\n<meta property=\"og:availability\" content=\"backorder\" \/>\n<meta property=\"product:availability\" content=\"available for order\" \/>\n<meta property=\"product:retailer_item_id\" content=\"080782\" \/>\n<meta property=\"product:condition\" content=\"new\" \/>\n<!-- \/ Yoast SEO Premium plugin. -->","yoast_head_json":{"title":"GYS PLASMA TORCH CONSUMABLE KIT TPT35 080782","description":"Set of original consumables for TPT35 plasma torch. Includes nozzles, electrodes, shields and spacer rings.","robots":{"index":"index","follow":"follow","max-snippet":"max-snippet:-1","max-image-preview":"max-image-preview:large","max-video-preview":"max-video-preview:-1"},"canonical":"https:\/\/spawlab.pl\/en\/produkt\/gys-plasma-torch-consumable-kit-tpt35-080782\/","og_locale":"en_US","og_type":"article","og_title":"GYS PLASMA TORCH CONSUMABLE KIT TPT35 080782","og_description":"Lider sprzeda\u017cy, Oficjalny Dystrybutor Premium i Serwis na Polsk\u0119 Migatronic, Gys, Voestalpine Bohler Welding. Nowe i u\u017cywane Spawarki, Przecinarki Plazmowe, Kompresory. Mgr in\u017c. Jaros\u0142aw Ko\u0142aski, IWE","og_url":"https:\/\/spawlab.pl\/en\/produkt\/gys-plasma-torch-consumable-kit-tpt35-080782\/","og_site_name":"SpawLab - Welding equipment and plasma cutters - store and service","article_publisher":"https:\/\/www.facebook.com\/Spawlab\/","og_image":[{"width":1772,"height":1167,"url":"https:\/\/spawlab.pl\/wp-content\/uploads\/2025\/05\/080782_KEY_.jpg","type":"image\/jpeg"}],"twitter_misc":{"Price":"208,55&nbsp;&#122;&#322; (169,55&nbsp;&#122;&#322; netto)","Availability":"On backorder"},"schema":{"@context":"https:\/\/schema.org","@graph":[{"@type":["WebPage","ItemPage"],"@id":"https:\/\/spawlab.pl\/en\/produkt\/gys-plasma-torch-consumable-kit-tpt35-080782\/","url":"https:\/\/spawlab.pl\/en\/produkt\/gys-plasma-torch-consumable-kit-tpt35-080782\/","name":"GYS PLASMA TORCH CONSUMABLE KIT TPT35 080782","isPartOf":{"@id":"https:\/\/spawlab.pl\/en\/#website"},"primaryImageOfPage":{"@id":"https:\/\/spawlab.pl\/en\/produkt\/gys-plasma-torch-consumable-kit-tpt35-080782\/#primaryimage"},"image":{"@id":"https:\/\/spawlab.pl\/en\/produkt\/gys-plasma-torch-consumable-kit-tpt35-080782\/#primaryimage"},"thumbnailUrl":"https:\/\/spawlab.pl\/wp-content\/uploads\/2025\/05\/039957_KEY_.jpg","datePublished":"2025-05-01T06:26:15+00:00","description":"Set of original consumables for TPT35 plasma torch. Includes nozzles, electrodes, shields and spacer rings.","breadcrumb":{"@id":"https:\/\/spawlab.pl\/en\/produkt\/gys-plasma-torch-consumable-kit-tpt35-080782\/#breadcrumb"},"inLanguage":"en-US","potentialAction":[{"@type":"ReadAction","target":["https:\/\/spawlab.pl\/en\/produkt\/gys-plasma-torch-consumable-kit-tpt35-080782\/"]}]},{"@type":"ImageObject","inLanguage":"en-US","@id":"https:\/\/spawlab.pl\/en\/produkt\/gys-plasma-torch-consumable-kit-tpt35-080782\/#primaryimage","url":"https:\/\/spawlab.pl\/wp-content\/uploads\/2025\/05\/039957_KEY_.jpg","contentUrl":"https:\/\/spawlab.pl\/wp-content\/uploads\/2025\/05\/039957_KEY_.jpg","width":1772,"height":1113},{"@type":"BreadcrumbList","@id":"https:\/\/spawlab.pl\/en\/produkt\/gys-plasma-torch-consumable-kit-tpt35-080782\/#breadcrumb","itemListElement":[{"@type":"ListItem","position":1,"name":"Strona g\u0142\u00f3wna","item":"https:\/\/spawlab.pl\/en\/"},{"@type":"ListItem","position":2,"name":"Store","item":"https:\/\/spawlab.pl\/en\/shop\/"},{"@type":"ListItem","position":3,"name":"GYS PLASMA TORCH CONSUMABLE KIT TPT35 080782"}]},{"@type":"WebSite","@id":"https:\/\/spawlab.pl\/en\/#website","url":"https:\/\/spawlab.pl\/en\/","name":"Spawlab.pl Lider - Spawarki, Przecinarki Plazmowe, Kompresory","description":"Urz\u0105dzenia spawalnicze i Przecinarki plazmowe\/ nowe i u\u017cywane \/ Profesjonalny serwis","publisher":{"@id":"https:\/\/spawlab.pl\/en\/#organization"},"alternateName":"Spawlab.pl - Dystrybutor Premium i Serwis na Polske Migatronic, Gys, Voestalpine Bohler Welding","potentialAction":[{"@type":"SearchAction","target":{"@type":"EntryPoint","urlTemplate":"https:\/\/spawlab.pl\/en\/?s={search_term_string}"},"query-input":{"@type":"PropertyValueSpecification","valueRequired":true,"valueName":"search_term_string"}}],"inLanguage":"en-US"},{"@type":["Organization","Place"],"@id":"https:\/\/spawlab.pl\/en\/#organization","name":"Spawlab.pl","url":"https:\/\/spawlab.pl\/en\/","logo":{"@id":"https:\/\/spawlab.pl\/en\/produkt\/gys-plasma-torch-consumable-kit-tpt35-080782\/#local-main-organization-logo"},"image":{"@id":"https:\/\/spawlab.pl\/en\/produkt\/gys-plasma-torch-consumable-kit-tpt35-080782\/#local-main-organization-logo"},"sameAs":["https:\/\/www.facebook.com\/Spawlab\/","https:\/\/www.linkedin.com\/company\/spawlab","https:\/\/www.instagram.com\/spawlab.pl","https:\/\/www.tiktok.com\/@spawlab"],"description":"Lider sprzeda\u017cy, Oficjalny Dystrybutor Premium i Serwis na Polsk\u0119 Migatronic, Gys, Voestalpine Bohler Welding. Nowe i u\u017cywane Spawarki, Przecinarki Plazmowe, Kompresory. Mgr in\u017c. Jaros\u0142aw Ko\u0142aski, IWE","hasMerchantReturnPolicy":{"@type":"MerchantReturnPolicy","merchantReturnLink":"https:\/\/spawlab.pl\/polityka-prywatnosci-2\/"},"telephone":[],"openingHoursSpecification":[{"@type":"OpeningHoursSpecification","dayOfWeek":["Monday","Tuesday","Wednesday","Thursday","Friday","Saturday","Sunday"],"opens":"09:00","closes":"17:00"}]},{"@type":"ImageObject","inLanguage":"en-US","@id":"https:\/\/spawlab.pl\/en\/produkt\/gys-plasma-torch-consumable-kit-tpt35-080782\/#local-main-organization-logo","url":"https:\/\/spawlab.pl\/wp-content\/uploads\/2022\/01\/olx.jpg","contentUrl":"https:\/\/spawlab.pl\/wp-content\/uploads\/2022\/01\/olx.jpg","width":200,"height":200,"caption":"Spawlab.pl"}]},"product_price_amount":"208.55","product_price_currency":"PLN","og_availability":"backorder","product_availability":"available for order","product_retailer_item_id":"080782","product_condition":"new"},"_links":{"self":[{"href":"https:\/\/spawlab.pl\/en\/wp-json\/wp\/v2\/product\/37116","targetHints":{"allow":["GET"]}}],"collection":[{"href":"https:\/\/spawlab.pl\/en\/wp-json\/wp\/v2\/product"}],"about":[{"href":"https:\/\/spawlab.pl\/en\/wp-json\/wp\/v2\/types\/product"}],"wp:featuredmedia":[{"embeddable":true,"href":"https:\/\/spawlab.pl\/en\/wp-json\/wp\/v2\/media\/28954"}],"wp:attachment":[{"href":"https:\/\/spawlab.pl\/en\/wp-json\/wp\/v2\/media?parent=37116"}],"wp:term":[{"taxonomy":"product_brand","embeddable":true,"href":"https:\/\/spawlab.pl\/en\/wp-json\/wp\/v2\/product_brand?post=37116"},{"taxonomy":"product_cat","embeddable":true,"href":"https:\/\/spawlab.pl\/en\/wp-json\/wp\/v2\/product_cat?post=37116"},{"taxonomy":"product_tag","embeddable":true,"href":"https:\/\/spawlab.pl\/en\/wp-json\/wp\/v2\/product_tag?post=37116"}],"curies":[{"name":"wp","href":"https:\/\/api.w.org\/{rel}","templated":true}]}}