{"id":37164,"date":"2025-04-11T16:43:28","date_gmt":"2025-04-11T14:43:28","guid":{"rendered":"https:\/\/spawlab.pl\/produkt\/mig-mag-holder-abicor-binzel-abimig-401d-wt-3m-s-033-d146\/"},"modified":"2025-04-11T16:43:28","modified_gmt":"2025-04-11T14:43:28","slug":"mig-mag-holder-abicor-binzel-abimig-401d-wt-3m-s-033-d146","status":"publish","type":"product","link":"https:\/\/spawlab.pl\/en\/produkt\/mig-mag-holder-abicor-binzel-abimig-401d-wt-3m-s-033-d146\/","title":{"rendered":"MIG\/MAG holder ABICOR BINZEL ABIMIG 401D WT 3m S 033.D146"},"content":{"rendered":"<p>ABIMIG 401D WT 3.00m S is a liquid-cooled MIG\/MAG welding chuck from ABICOR BINZEL. It is a high-performance and heavy-duty chuck with an ergonomic handle, designed for harsh conditions and heavy use. The \u201cD\u201d liquid-cooling system allows it to achieve very high load capacity. The \u201cWT\u201d designation suggests additional reinforcement or special design of the cable package, increasing its durability. The length of the handle is 3 meters. \u201cS\u201d in the name may refer to a specific type of connector or configuration. The chuck has a high load capacity (check the exact specification, but typically for the 401D it is about 400A for CO2 and 350A for compounds at 100% duty cycle) and is designed for wires with a diameter of 1.0 &#8211; 1.6 mm. It is a professional fixture for demanding welding applications with enhanced durability.       <\/p>\n","protected":false},"excerpt":{"rendered":"<p>Special liquid-cooled MIG\/MAG chuck ABICOR BINZEL ABIMIG 401D WT 3.00m S with ergonomic handle, very high load capacity, 3m length, special reinforcement of the wire package.<\/p>\n","protected":false},"featured_media":26621,"template":"","meta":{"inline_featured_image":false},"product_brand":[1453],"product_cat":[5330,5430,476,475,528,522,533],"product_tag":[5457,5448,5898,5525,5394,5348,5335,5436,5536,5896,5897,5562,3571],"class_list":{"0":"post-37164","1":"product","2":"type-product","3":"status-publish","4":"has-post-thumbnail","6":"product_brand-abicor-binzel","7":"product_cat-abicor-binzel-en","8":"product_cat-abicor-binzel-en-3","9":"product_cat-accessories","10":"product_cat-accessories-parts","11":"product_cat-mig-welding-guns","12":"product_cat-parts","13":"product_cat-wires-handles","14":"product_tag-1-0-1-6-mm-en","15":"product_tag-3m-en","16":"product_tag-401d-wt-en","17":"product_tag-abimig-en","18":"product_tag-binzel-en","19":"product_tag-ergonomic-handle","20":"product_tag-liquid-cooled","21":"product_tag-mig-mag-handle","22":"product_tag-professional-handle","23":"product_tag-reinforced-cable","24":"product_tag-s-en","25":"product_tag-very-high-load-capacity","26":"product_tag-welding","28":"first","29":"onbackorder","30":"sale","31":"taxable","32":"shipping-taxable","33":"purchasable","34":"product-type-simple"},"yoast_head":"<!-- This site is optimized with the Yoast SEO Premium plugin v27.0 (Yoast SEO v27.3) - https:\/\/yoast.com\/product\/yoast-seo-premium-wordpress\/ -->\n<title>MIG\/MAG holder ABICOR BINZEL ABIMIG 401D WT 3m S 033.D146<\/title>\n<meta name=\"description\" content=\"ABICOR BINZEL ABIMIG 401D WT 3.00m S - professional liquid-cooled MIG\/MAG welding chuck for heavy-duty use in harsh environments. Extreme durability and high performance.\" \/>\n<meta name=\"robots\" content=\"index, follow, max-snippet:-1, max-image-preview:large, max-video-preview:-1\" \/>\n<link rel=\"canonical\" href=\"https:\/\/spawlab.pl\/en\/produkt\/mig-mag-holder-abicor-binzel-abimig-401d-wt-3m-s-033-d146\/\" \/>\n<meta property=\"og:locale\" content=\"en_US\" \/>\n<meta property=\"og:type\" content=\"article\" \/>\n<meta property=\"og:title\" content=\"MIG\/MAG holder ABICOR BINZEL ABIMIG 401D WT 3m S 033.D146\" \/>\n<meta property=\"og:description\" content=\"Lider sprzeda\u017cy, Oficjalny Dystrybutor Premium i Serwis na Polsk\u0119 Migatronic, Gys, Voestalpine Bohler Welding. Nowe i u\u017cywane Spawarki, Przecinarki Plazmowe, Kompresory. Mgr in\u017c. Jaros\u0142aw Ko\u0142aski, IWE\" \/>\n<meta property=\"og:url\" content=\"https:\/\/spawlab.pl\/en\/produkt\/mig-mag-holder-abicor-binzel-abimig-401d-wt-3m-s-033-d146\/\" \/>\n<meta property=\"og:site_name\" content=\"SpawLab - Welding equipment and plasma cutters - store and service\" \/>\n<meta property=\"article:publisher\" content=\"https:\/\/www.facebook.com\/Spawlab\/\" \/>\n<meta property=\"og:image\" content=\"https:\/\/spawlab.pl\/wp-content\/uploads\/2025\/04\/pol_pm_Uchwyt-MIG-MAG-chlodzony-ciecza-BINZEL-ABIMIG-T-440-6325_1.jpg\" \/>\n\t<meta property=\"og:image:width\" content=\"450\" \/>\n\t<meta property=\"og:image:height\" content=\"278\" \/>\n\t<meta property=\"og:image:type\" content=\"image\/jpeg\" \/>\n<meta name=\"twitter:label1\" content=\"Price\" \/>\n\t<meta name=\"twitter:data1\" content=\"2 276,39&nbsp;&#122;&#322; (1 850,72&nbsp;&#122;&#322; netto)\" \/>\n\t<meta name=\"twitter:label2\" content=\"Availability\" \/>\n\t<meta name=\"twitter:data2\" content=\"On backorder\" \/>\n<script type=\"application\/ld+json\" class=\"yoast-schema-graph\">{\"@context\":\"https:\\\/\\\/schema.org\",\"@graph\":[{\"@type\":[\"WebPage\",\"ItemPage\"],\"@id\":\"https:\\\/\\\/spawlab.pl\\\/en\\\/produkt\\\/mig-mag-holder-abicor-binzel-abimig-401d-wt-3m-s-033-d146\\\/\",\"url\":\"https:\\\/\\\/spawlab.pl\\\/en\\\/produkt\\\/mig-mag-holder-abicor-binzel-abimig-401d-wt-3m-s-033-d146\\\/\",\"name\":\"MIG\\\/MAG holder ABICOR BINZEL ABIMIG 401D WT 3m S 033.D146\",\"isPartOf\":{\"@id\":\"https:\\\/\\\/spawlab.pl\\\/en\\\/#website\"},\"primaryImageOfPage\":{\"@id\":\"https:\\\/\\\/spawlab.pl\\\/en\\\/produkt\\\/mig-mag-holder-abicor-binzel-abimig-401d-wt-3m-s-033-d146\\\/#primaryimage\"},\"image\":{\"@id\":\"https:\\\/\\\/spawlab.pl\\\/en\\\/produkt\\\/mig-mag-holder-abicor-binzel-abimig-401d-wt-3m-s-033-d146\\\/#primaryimage\"},\"thumbnailUrl\":\"https:\\\/\\\/spawlab.pl\\\/wp-content\\\/uploads\\\/2025\\\/04\\\/pol_pm_Uchwyt-MIG-MAG-chlodzony-ciecza-BINZEL-ABIMIG-T-440-6325_1.jpg\",\"datePublished\":\"2025-04-11T14:43:28+00:00\",\"description\":\"ABICOR BINZEL ABIMIG 401D WT 3.00m S - professional liquid-cooled MIG\\\/MAG welding chuck for heavy-duty use in harsh environments. Extreme durability and high performance.\",\"breadcrumb\":{\"@id\":\"https:\\\/\\\/spawlab.pl\\\/en\\\/produkt\\\/mig-mag-holder-abicor-binzel-abimig-401d-wt-3m-s-033-d146\\\/#breadcrumb\"},\"inLanguage\":\"en-US\",\"potentialAction\":[{\"@type\":\"ReadAction\",\"target\":[\"https:\\\/\\\/spawlab.pl\\\/en\\\/produkt\\\/mig-mag-holder-abicor-binzel-abimig-401d-wt-3m-s-033-d146\\\/\"]}]},{\"@type\":\"ImageObject\",\"inLanguage\":\"en-US\",\"@id\":\"https:\\\/\\\/spawlab.pl\\\/en\\\/produkt\\\/mig-mag-holder-abicor-binzel-abimig-401d-wt-3m-s-033-d146\\\/#primaryimage\",\"url\":\"https:\\\/\\\/spawlab.pl\\\/wp-content\\\/uploads\\\/2025\\\/04\\\/pol_pm_Uchwyt-MIG-MAG-chlodzony-ciecza-BINZEL-ABIMIG-T-440-6325_1.jpg\",\"contentUrl\":\"https:\\\/\\\/spawlab.pl\\\/wp-content\\\/uploads\\\/2025\\\/04\\\/pol_pm_Uchwyt-MIG-MAG-chlodzony-ciecza-BINZEL-ABIMIG-T-440-6325_1.jpg\",\"width\":450,\"height\":278},{\"@type\":\"BreadcrumbList\",\"@id\":\"https:\\\/\\\/spawlab.pl\\\/en\\\/produkt\\\/mig-mag-holder-abicor-binzel-abimig-401d-wt-3m-s-033-d146\\\/#breadcrumb\",\"itemListElement\":[{\"@type\":\"ListItem\",\"position\":1,\"name\":\"Strona g\u0142\u00f3wna\",\"item\":\"https:\\\/\\\/spawlab.pl\\\/en\\\/\"},{\"@type\":\"ListItem\",\"position\":2,\"name\":\"Store\",\"item\":\"https:\\\/\\\/spawlab.pl\\\/en\\\/shop\\\/\"},{\"@type\":\"ListItem\",\"position\":3,\"name\":\"MIG\\\/MAG holder ABICOR BINZEL ABIMIG 401D WT 3m S 033.D146\"}]},{\"@type\":\"WebSite\",\"@id\":\"https:\\\/\\\/spawlab.pl\\\/en\\\/#website\",\"url\":\"https:\\\/\\\/spawlab.pl\\\/en\\\/\",\"name\":\"Spawlab.pl Lider - Spawarki, Przecinarki Plazmowe, Kompresory\",\"description\":\"Urz\u0105dzenia spawalnicze i Przecinarki plazmowe\\\/ nowe i u\u017cywane \\\/ Profesjonalny serwis\",\"publisher\":{\"@id\":\"https:\\\/\\\/spawlab.pl\\\/en\\\/#organization\"},\"alternateName\":\"Spawlab.pl - Dystrybutor Premium i Serwis na Polske Migatronic, Gys, Voestalpine Bohler Welding\",\"potentialAction\":[{\"@type\":\"SearchAction\",\"target\":{\"@type\":\"EntryPoint\",\"urlTemplate\":\"https:\\\/\\\/spawlab.pl\\\/en\\\/?s={search_term_string}\"},\"query-input\":{\"@type\":\"PropertyValueSpecification\",\"valueRequired\":true,\"valueName\":\"search_term_string\"}}],\"inLanguage\":\"en-US\"},{\"@type\":[\"Organization\",\"Place\"],\"@id\":\"https:\\\/\\\/spawlab.pl\\\/en\\\/#organization\",\"name\":\"Spawlab.pl\",\"url\":\"https:\\\/\\\/spawlab.pl\\\/en\\\/\",\"logo\":{\"@id\":\"https:\\\/\\\/spawlab.pl\\\/en\\\/produkt\\\/mig-mag-holder-abicor-binzel-abimig-401d-wt-3m-s-033-d146\\\/#local-main-organization-logo\"},\"image\":{\"@id\":\"https:\\\/\\\/spawlab.pl\\\/en\\\/produkt\\\/mig-mag-holder-abicor-binzel-abimig-401d-wt-3m-s-033-d146\\\/#local-main-organization-logo\"},\"sameAs\":[\"https:\\\/\\\/www.facebook.com\\\/Spawlab\\\/\",\"https:\\\/\\\/www.linkedin.com\\\/company\\\/spawlab\",\"https:\\\/\\\/www.instagram.com\\\/spawlab.pl\",\"https:\\\/\\\/www.tiktok.com\\\/@spawlab\"],\"description\":\"Lider sprzeda\u017cy, Oficjalny Dystrybutor Premium i Serwis na Polsk\u0119 Migatronic, Gys, Voestalpine Bohler Welding. Nowe i u\u017cywane Spawarki, Przecinarki Plazmowe, Kompresory. Mgr in\u017c. Jaros\u0142aw Ko\u0142aski, IWE\",\"hasMerchantReturnPolicy\":{\"@type\":\"MerchantReturnPolicy\",\"merchantReturnLink\":\"https:\\\/\\\/spawlab.pl\\\/polityka-prywatnosci-2\\\/\"},\"telephone\":[],\"openingHoursSpecification\":[{\"@type\":\"OpeningHoursSpecification\",\"dayOfWeek\":[\"Monday\",\"Tuesday\",\"Wednesday\",\"Thursday\",\"Friday\",\"Saturday\",\"Sunday\"],\"opens\":\"09:00\",\"closes\":\"17:00\"}]},{\"@type\":\"ImageObject\",\"inLanguage\":\"en-US\",\"@id\":\"https:\\\/\\\/spawlab.pl\\\/en\\\/produkt\\\/mig-mag-holder-abicor-binzel-abimig-401d-wt-3m-s-033-d146\\\/#local-main-organization-logo\",\"url\":\"https:\\\/\\\/spawlab.pl\\\/wp-content\\\/uploads\\\/2022\\\/01\\\/olx.jpg\",\"contentUrl\":\"https:\\\/\\\/spawlab.pl\\\/wp-content\\\/uploads\\\/2022\\\/01\\\/olx.jpg\",\"width\":200,\"height\":200,\"caption\":\"Spawlab.pl\"}]}<\/script>\n<meta property=\"product:brand\" content=\"Abicor Binzel\" \/>\n<meta property=\"product:price:amount\" content=\"2276.39\" \/>\n<meta property=\"product:price:currency\" content=\"PLN\" \/>\n<meta property=\"og:availability\" content=\"backorder\" \/>\n<meta property=\"product:availability\" content=\"available for order\" \/>\n<meta property=\"product:retailer_item_id\" content=\"033.D146\" \/>\n<meta property=\"product:condition\" content=\"new\" \/>\n<!-- \/ Yoast SEO Premium plugin. -->","yoast_head_json":{"title":"MIG\/MAG holder ABICOR BINZEL ABIMIG 401D WT 3m S 033.D146","description":"ABICOR BINZEL ABIMIG 401D WT 3.00m S - professional liquid-cooled MIG\/MAG welding chuck for heavy-duty use in harsh environments. Extreme durability and high performance.","robots":{"index":"index","follow":"follow","max-snippet":"max-snippet:-1","max-image-preview":"max-image-preview:large","max-video-preview":"max-video-preview:-1"},"canonical":"https:\/\/spawlab.pl\/en\/produkt\/mig-mag-holder-abicor-binzel-abimig-401d-wt-3m-s-033-d146\/","og_locale":"en_US","og_type":"article","og_title":"MIG\/MAG holder ABICOR BINZEL ABIMIG 401D WT 3m S 033.D146","og_description":"Lider sprzeda\u017cy, Oficjalny Dystrybutor Premium i Serwis na Polsk\u0119 Migatronic, Gys, Voestalpine Bohler Welding. Nowe i u\u017cywane Spawarki, Przecinarki Plazmowe, Kompresory. Mgr in\u017c. Jaros\u0142aw Ko\u0142aski, IWE","og_url":"https:\/\/spawlab.pl\/en\/produkt\/mig-mag-holder-abicor-binzel-abimig-401d-wt-3m-s-033-d146\/","og_site_name":"SpawLab - Welding equipment and plasma cutters - store and service","article_publisher":"https:\/\/www.facebook.com\/Spawlab\/","og_image":[{"width":450,"height":278,"url":"https:\/\/spawlab.pl\/wp-content\/uploads\/2025\/04\/pol_pm_Uchwyt-MIG-MAG-chlodzony-ciecza-BINZEL-ABIMIG-T-440-6325_1.jpg","type":"image\/jpeg"}],"twitter_misc":{"Price":"2 276,39&nbsp;&#122;&#322; (1 850,72&nbsp;&#122;&#322; netto)","Availability":"On backorder"},"schema":{"@context":"https:\/\/schema.org","@graph":[{"@type":["WebPage","ItemPage"],"@id":"https:\/\/spawlab.pl\/en\/produkt\/mig-mag-holder-abicor-binzel-abimig-401d-wt-3m-s-033-d146\/","url":"https:\/\/spawlab.pl\/en\/produkt\/mig-mag-holder-abicor-binzel-abimig-401d-wt-3m-s-033-d146\/","name":"MIG\/MAG holder ABICOR BINZEL ABIMIG 401D WT 3m S 033.D146","isPartOf":{"@id":"https:\/\/spawlab.pl\/en\/#website"},"primaryImageOfPage":{"@id":"https:\/\/spawlab.pl\/en\/produkt\/mig-mag-holder-abicor-binzel-abimig-401d-wt-3m-s-033-d146\/#primaryimage"},"image":{"@id":"https:\/\/spawlab.pl\/en\/produkt\/mig-mag-holder-abicor-binzel-abimig-401d-wt-3m-s-033-d146\/#primaryimage"},"thumbnailUrl":"https:\/\/spawlab.pl\/wp-content\/uploads\/2025\/04\/pol_pm_Uchwyt-MIG-MAG-chlodzony-ciecza-BINZEL-ABIMIG-T-440-6325_1.jpg","datePublished":"2025-04-11T14:43:28+00:00","description":"ABICOR BINZEL ABIMIG 401D WT 3.00m S - professional liquid-cooled MIG\/MAG welding chuck for heavy-duty use in harsh environments. Extreme durability and high performance.","breadcrumb":{"@id":"https:\/\/spawlab.pl\/en\/produkt\/mig-mag-holder-abicor-binzel-abimig-401d-wt-3m-s-033-d146\/#breadcrumb"},"inLanguage":"en-US","potentialAction":[{"@type":"ReadAction","target":["https:\/\/spawlab.pl\/en\/produkt\/mig-mag-holder-abicor-binzel-abimig-401d-wt-3m-s-033-d146\/"]}]},{"@type":"ImageObject","inLanguage":"en-US","@id":"https:\/\/spawlab.pl\/en\/produkt\/mig-mag-holder-abicor-binzel-abimig-401d-wt-3m-s-033-d146\/#primaryimage","url":"https:\/\/spawlab.pl\/wp-content\/uploads\/2025\/04\/pol_pm_Uchwyt-MIG-MAG-chlodzony-ciecza-BINZEL-ABIMIG-T-440-6325_1.jpg","contentUrl":"https:\/\/spawlab.pl\/wp-content\/uploads\/2025\/04\/pol_pm_Uchwyt-MIG-MAG-chlodzony-ciecza-BINZEL-ABIMIG-T-440-6325_1.jpg","width":450,"height":278},{"@type":"BreadcrumbList","@id":"https:\/\/spawlab.pl\/en\/produkt\/mig-mag-holder-abicor-binzel-abimig-401d-wt-3m-s-033-d146\/#breadcrumb","itemListElement":[{"@type":"ListItem","position":1,"name":"Strona g\u0142\u00f3wna","item":"https:\/\/spawlab.pl\/en\/"},{"@type":"ListItem","position":2,"name":"Store","item":"https:\/\/spawlab.pl\/en\/shop\/"},{"@type":"ListItem","position":3,"name":"MIG\/MAG holder ABICOR BINZEL ABIMIG 401D WT 3m S 033.D146"}]},{"@type":"WebSite","@id":"https:\/\/spawlab.pl\/en\/#website","url":"https:\/\/spawlab.pl\/en\/","name":"Spawlab.pl Lider - Spawarki, Przecinarki Plazmowe, Kompresory","description":"Urz\u0105dzenia spawalnicze i Przecinarki plazmowe\/ nowe i u\u017cywane \/ Profesjonalny serwis","publisher":{"@id":"https:\/\/spawlab.pl\/en\/#organization"},"alternateName":"Spawlab.pl - Dystrybutor Premium i Serwis na Polske Migatronic, Gys, Voestalpine Bohler Welding","potentialAction":[{"@type":"SearchAction","target":{"@type":"EntryPoint","urlTemplate":"https:\/\/spawlab.pl\/en\/?s={search_term_string}"},"query-input":{"@type":"PropertyValueSpecification","valueRequired":true,"valueName":"search_term_string"}}],"inLanguage":"en-US"},{"@type":["Organization","Place"],"@id":"https:\/\/spawlab.pl\/en\/#organization","name":"Spawlab.pl","url":"https:\/\/spawlab.pl\/en\/","logo":{"@id":"https:\/\/spawlab.pl\/en\/produkt\/mig-mag-holder-abicor-binzel-abimig-401d-wt-3m-s-033-d146\/#local-main-organization-logo"},"image":{"@id":"https:\/\/spawlab.pl\/en\/produkt\/mig-mag-holder-abicor-binzel-abimig-401d-wt-3m-s-033-d146\/#local-main-organization-logo"},"sameAs":["https:\/\/www.facebook.com\/Spawlab\/","https:\/\/www.linkedin.com\/company\/spawlab","https:\/\/www.instagram.com\/spawlab.pl","https:\/\/www.tiktok.com\/@spawlab"],"description":"Lider sprzeda\u017cy, Oficjalny Dystrybutor Premium i Serwis na Polsk\u0119 Migatronic, Gys, Voestalpine Bohler Welding. Nowe i u\u017cywane Spawarki, Przecinarki Plazmowe, Kompresory. Mgr in\u017c. Jaros\u0142aw Ko\u0142aski, IWE","hasMerchantReturnPolicy":{"@type":"MerchantReturnPolicy","merchantReturnLink":"https:\/\/spawlab.pl\/polityka-prywatnosci-2\/"},"telephone":[],"openingHoursSpecification":[{"@type":"OpeningHoursSpecification","dayOfWeek":["Monday","Tuesday","Wednesday","Thursday","Friday","Saturday","Sunday"],"opens":"09:00","closes":"17:00"}]},{"@type":"ImageObject","inLanguage":"en-US","@id":"https:\/\/spawlab.pl\/en\/produkt\/mig-mag-holder-abicor-binzel-abimig-401d-wt-3m-s-033-d146\/#local-main-organization-logo","url":"https:\/\/spawlab.pl\/wp-content\/uploads\/2022\/01\/olx.jpg","contentUrl":"https:\/\/spawlab.pl\/wp-content\/uploads\/2022\/01\/olx.jpg","width":200,"height":200,"caption":"Spawlab.pl"}]},"product_brand":"Abicor Binzel","product_price_amount":"2276.39","product_price_currency":"PLN","og_availability":"backorder","product_availability":"available for order","product_retailer_item_id":"033.D146","product_condition":"new"},"_links":{"self":[{"href":"https:\/\/spawlab.pl\/en\/wp-json\/wp\/v2\/product\/37164","targetHints":{"allow":["GET"]}}],"collection":[{"href":"https:\/\/spawlab.pl\/en\/wp-json\/wp\/v2\/product"}],"about":[{"href":"https:\/\/spawlab.pl\/en\/wp-json\/wp\/v2\/types\/product"}],"wp:featuredmedia":[{"embeddable":true,"href":"https:\/\/spawlab.pl\/en\/wp-json\/wp\/v2\/media\/26621"}],"wp:attachment":[{"href":"https:\/\/spawlab.pl\/en\/wp-json\/wp\/v2\/media?parent=37164"}],"wp:term":[{"taxonomy":"product_brand","embeddable":true,"href":"https:\/\/spawlab.pl\/en\/wp-json\/wp\/v2\/product_brand?post=37164"},{"taxonomy":"product_cat","embeddable":true,"href":"https:\/\/spawlab.pl\/en\/wp-json\/wp\/v2\/product_cat?post=37164"},{"taxonomy":"product_tag","embeddable":true,"href":"https:\/\/spawlab.pl\/en\/wp-json\/wp\/v2\/product_tag?post=37164"}],"curies":[{"name":"wp","href":"https:\/\/api.w.org\/{rel}","templated":true}]}}