{"id":37177,"date":"2025-04-11T16:42:58","date_gmt":"2025-04-11T14:42:58","guid":{"rendered":"https:\/\/spawlab.pl\/produkt\/tig-welding-fixture-abitig-17fv-8m-abicor-binzel-706-1158\/"},"modified":"2025-04-11T16:42:58","modified_gmt":"2025-04-11T14:42:58","slug":"tig-welding-fixture-abitig-17fv-8m-abicor-binzel-706-1158","status":"publish","type":"product","link":"https:\/\/spawlab.pl\/en\/produkt\/tig-welding-fixture-abitig-17fv-8m-abicor-binzel-706-1158\/","title":{"rendered":"TIG welding fixture ABITIG-17FV 8m ABICOR BINZEL 706.1158"},"content":{"rendered":"<p>Professional TIG welding chuck ABITIG-17FV with a length of 8 meters, equipped with VSS-1 and VNS-01 connectors. The \u201cFV\u201d model usually means that the chuck has a gas valve in the handle, which allows precise control of shielding gas flow directly at the welded area. The long cable (8 meters) provides greater freedom of movement during welding. The lightweight and ergonomic design of the handle guarantees comfort even with prolonged use. The flexible cord makes it easy to maneuver the handle in different positions. Compatible with many TIG devices available on the market.     <\/p>\n<p data-sourcepos=\"19:1-19:20\"><strong>Characteristics:<\/strong><\/p>\n<p data-sourcepos=\"21:1-28:191\">Type: TIG welding gun with gas valve Model: ABITIG-17FV Cable length: 8 m<\/p>\n<p data-sourcepos=\"21:1-28:191\">Cooling: Gas<br \/>\nHandle: Ergonomic with gas valve<br \/>\nTube: Flexible, long<\/p>\n","protected":false},"excerpt":{"rendered":"<p>TIG holder ABITIG-17FV 8m with valve and VSS-1\/VNS-01 connectors. More reach, precise gas control, comfortable working. <\/p>\n","protected":false},"featured_media":26503,"template":"","meta":{"inline_featured_image":false},"product_brand":[1453],"product_cat":[5330,475,522],"product_tag":[5926,5334,5938,5348,5939,5717,5382,4858,5937,5936,5435],"class_list":{"0":"post-37177","1":"product","2":"type-product","3":"status-publish","4":"has-post-thumbnail","6":"product_brand-abicor-binzel","7":"product_cat-abicor-binzel-en","8":"product_cat-accessories-parts","9":"product_cat-parts","10":"product_tag-8m-en","11":"product_tag-abicor-binzel-en","12":"product_tag-abitig-17fv-en","13":"product_tag-ergonomic-handle","14":"product_tag-gas-valve","15":"product_tag-long-cable","16":"product_tag-precision-welding-en","17":"product_tag-tig-en","18":"product_tag-vns-01-en","19":"product_tag-vss-1-en","20":"product_tag-welding-jig","22":"first","23":"onbackorder","24":"sale","25":"taxable","26":"shipping-taxable","27":"purchasable","28":"product-type-simple"},"yoast_head":"<!-- This site is optimized with the Yoast SEO Premium plugin v27.5 (Yoast SEO v27.6) - https:\/\/yoast.com\/product\/yoast-seo-premium-wordpress\/ -->\n<title>TIG welding fixture ABITIG-17FV 8m ABICOR BINZEL 706.1158<\/title>\n<meta name=\"description\" content=\"Professional TIG welding chuck ABITIG-17FV 8m with gas valve and VSS-1\/VNS-01 connectors.Longer reach, precise gas control, ergonomic.\" \/>\n<meta name=\"robots\" content=\"index, follow, max-snippet:-1, max-image-preview:large, max-video-preview:-1\" \/>\n<link rel=\"canonical\" href=\"https:\/\/spawlab.pl\/en\/produkt\/tig-welding-fixture-abitig-17fv-8m-abicor-binzel-706-1158\/\" \/>\n<meta property=\"og:locale\" content=\"en_US\" \/>\n<meta property=\"og:type\" content=\"article\" \/>\n<meta property=\"og:title\" content=\"TIG welding fixture ABITIG-17FV 8m ABICOR BINZEL 706.1158\" \/>\n<meta property=\"og:description\" content=\"Lider sprzeda\u017cy, Oficjalny Dystrybutor Premium i Serwis na Polsk\u0119 Migatronic, Gys, Voestalpine Bohler Welding. Nowe i u\u017cywane Spawarki, Przecinarki Plazmowe, Kompresory. Mgr in\u017c. Jaros\u0142aw Ko\u0142aski, IWE\" \/>\n<meta property=\"og:url\" content=\"https:\/\/spawlab.pl\/en\/produkt\/tig-welding-fixture-abitig-17fv-8m-abicor-binzel-706-1158\/\" \/>\n<meta property=\"og:site_name\" content=\"SpawLab - Welding equipment and plasma cutters - store and service\" \/>\n<meta property=\"article:publisher\" content=\"https:\/\/www.facebook.com\/Spawlab\/\" \/>\n<meta property=\"og:image\" content=\"https:\/\/spawlab.pl\/wp-content\/uploads\/2025\/04\/gorelka-abitig-17v-4m-vss-1-vns-01-270x270-a8e.jpg\" \/>\n\t<meta property=\"og:image:width\" content=\"270\" \/>\n\t<meta property=\"og:image:height\" content=\"270\" \/>\n\t<meta property=\"og:image:type\" content=\"image\/jpeg\" \/>\n<meta name=\"twitter:label1\" content=\"Price\" \/>\n\t<meta name=\"twitter:data1\" content=\"893,70&nbsp;&#122;&#322; (726,59&nbsp;&#122;&#322; netto)\" \/>\n\t<meta name=\"twitter:label2\" content=\"Availability\" \/>\n\t<meta name=\"twitter:data2\" content=\"On backorder\" \/>\n<script type=\"application\/ld+json\" class=\"yoast-schema-graph\">{\"@context\":\"https:\\\/\\\/schema.org\",\"@graph\":[{\"@type\":[\"WebPage\",\"ItemPage\"],\"@id\":\"https:\\\/\\\/spawlab.pl\\\/en\\\/produkt\\\/tig-welding-fixture-abitig-17fv-8m-abicor-binzel-706-1158\\\/\",\"url\":\"https:\\\/\\\/spawlab.pl\\\/en\\\/produkt\\\/tig-welding-fixture-abitig-17fv-8m-abicor-binzel-706-1158\\\/\",\"name\":\"TIG welding fixture ABITIG-17FV 8m ABICOR BINZEL 706.1158\",\"isPartOf\":{\"@id\":\"https:\\\/\\\/spawlab.pl\\\/en\\\/#website\"},\"primaryImageOfPage\":{\"@id\":\"https:\\\/\\\/spawlab.pl\\\/en\\\/produkt\\\/tig-welding-fixture-abitig-17fv-8m-abicor-binzel-706-1158\\\/#primaryimage\"},\"image\":{\"@id\":\"https:\\\/\\\/spawlab.pl\\\/en\\\/produkt\\\/tig-welding-fixture-abitig-17fv-8m-abicor-binzel-706-1158\\\/#primaryimage\"},\"thumbnailUrl\":\"https:\\\/\\\/spawlab.pl\\\/wp-content\\\/uploads\\\/2025\\\/04\\\/gorelka-abitig-17v-4m-vss-1-vns-01-270x270-a8e.jpg\",\"datePublished\":\"2025-04-11T14:42:58+00:00\",\"description\":\"Professional TIG welding chuck ABITIG-17FV 8m with gas valve and VSS-1\\\/VNS-01 connectors.Longer reach, precise gas control, ergonomic.\",\"breadcrumb\":{\"@id\":\"https:\\\/\\\/spawlab.pl\\\/en\\\/produkt\\\/tig-welding-fixture-abitig-17fv-8m-abicor-binzel-706-1158\\\/#breadcrumb\"},\"inLanguage\":\"en-US\",\"potentialAction\":[{\"@type\":\"ReadAction\",\"target\":[\"https:\\\/\\\/spawlab.pl\\\/en\\\/produkt\\\/tig-welding-fixture-abitig-17fv-8m-abicor-binzel-706-1158\\\/\"]}]},{\"@type\":\"ImageObject\",\"inLanguage\":\"en-US\",\"@id\":\"https:\\\/\\\/spawlab.pl\\\/en\\\/produkt\\\/tig-welding-fixture-abitig-17fv-8m-abicor-binzel-706-1158\\\/#primaryimage\",\"url\":\"https:\\\/\\\/spawlab.pl\\\/wp-content\\\/uploads\\\/2025\\\/04\\\/gorelka-abitig-17v-4m-vss-1-vns-01-270x270-a8e.jpg\",\"contentUrl\":\"https:\\\/\\\/spawlab.pl\\\/wp-content\\\/uploads\\\/2025\\\/04\\\/gorelka-abitig-17v-4m-vss-1-vns-01-270x270-a8e.jpg\",\"width\":270,\"height\":270},{\"@type\":\"BreadcrumbList\",\"@id\":\"https:\\\/\\\/spawlab.pl\\\/en\\\/produkt\\\/tig-welding-fixture-abitig-17fv-8m-abicor-binzel-706-1158\\\/#breadcrumb\",\"itemListElement\":[{\"@type\":\"ListItem\",\"position\":1,\"name\":\"Strona g\u0142\u00f3wna\",\"item\":\"https:\\\/\\\/spawlab.pl\\\/en\\\/\"},{\"@type\":\"ListItem\",\"position\":2,\"name\":\"Store\",\"item\":\"https:\\\/\\\/spawlab.pl\\\/en\\\/shop\\\/\"},{\"@type\":\"ListItem\",\"position\":3,\"name\":\"TIG welding fixture ABITIG-17FV 8m ABICOR BINZEL 706.1158\"}]},{\"@type\":\"WebSite\",\"@id\":\"https:\\\/\\\/spawlab.pl\\\/en\\\/#website\",\"url\":\"https:\\\/\\\/spawlab.pl\\\/en\\\/\",\"name\":\"Spawlab.pl Lider - Spawarki, Przecinarki Plazmowe, Kompresory\",\"description\":\"Urz\u0105dzenia spawalnicze i Przecinarki plazmowe\\\/ nowe i u\u017cywane \\\/ Profesjonalny serwis\",\"publisher\":{\"@id\":\"https:\\\/\\\/spawlab.pl\\\/en\\\/#organization\"},\"alternateName\":\"Spawlab.pl - Dystrybutor Premium i Serwis na Polske Migatronic, Gys, Voestalpine Bohler Welding\",\"potentialAction\":[{\"@type\":\"SearchAction\",\"target\":{\"@type\":\"EntryPoint\",\"urlTemplate\":\"https:\\\/\\\/spawlab.pl\\\/en\\\/?s={search_term_string}\"},\"query-input\":{\"@type\":\"PropertyValueSpecification\",\"valueRequired\":true,\"valueName\":\"search_term_string\"}}],\"inLanguage\":\"en-US\"},{\"@type\":[\"Organization\",\"Place\"],\"@id\":\"https:\\\/\\\/spawlab.pl\\\/en\\\/#organization\",\"name\":\"Spawlab.pl\",\"url\":\"https:\\\/\\\/spawlab.pl\\\/en\\\/\",\"logo\":{\"@id\":\"https:\\\/\\\/spawlab.pl\\\/en\\\/produkt\\\/tig-welding-fixture-abitig-17fv-8m-abicor-binzel-706-1158\\\/#local-main-organization-logo\"},\"image\":{\"@id\":\"https:\\\/\\\/spawlab.pl\\\/en\\\/produkt\\\/tig-welding-fixture-abitig-17fv-8m-abicor-binzel-706-1158\\\/#local-main-organization-logo\"},\"sameAs\":[\"https:\\\/\\\/www.facebook.com\\\/Spawlab\\\/\",\"https:\\\/\\\/www.linkedin.com\\\/company\\\/spawlab\",\"https:\\\/\\\/www.instagram.com\\\/spawlab.pl\",\"https:\\\/\\\/www.tiktok.com\\\/@spawlab\"],\"description\":\"Lider sprzeda\u017cy, Oficjalny Dystrybutor Premium i Serwis na Polsk\u0119 Migatronic, Gys, Voestalpine Bohler Welding. Nowe i u\u017cywane Spawarki, Przecinarki Plazmowe, Kompresory. Mgr in\u017c. Jaros\u0142aw Ko\u0142aski, IWE\",\"hasMerchantReturnPolicy\":{\"@type\":\"MerchantReturnPolicy\",\"merchantReturnLink\":\"https:\\\/\\\/spawlab.pl\\\/polityka-prywatnosci-2\\\/\"},\"telephone\":[],\"openingHoursSpecification\":[{\"@type\":\"OpeningHoursSpecification\",\"dayOfWeek\":[\"Monday\",\"Tuesday\",\"Wednesday\",\"Thursday\",\"Friday\",\"Saturday\",\"Sunday\"],\"opens\":\"09:00\",\"closes\":\"17:00\"}]},{\"@type\":\"ImageObject\",\"inLanguage\":\"en-US\",\"@id\":\"https:\\\/\\\/spawlab.pl\\\/en\\\/produkt\\\/tig-welding-fixture-abitig-17fv-8m-abicor-binzel-706-1158\\\/#local-main-organization-logo\",\"url\":\"https:\\\/\\\/spawlab.pl\\\/wp-content\\\/uploads\\\/2022\\\/01\\\/olx.jpg\",\"contentUrl\":\"https:\\\/\\\/spawlab.pl\\\/wp-content\\\/uploads\\\/2022\\\/01\\\/olx.jpg\",\"width\":200,\"height\":200,\"caption\":\"Spawlab.pl\"}]}<\/script>\n<meta property=\"product:brand\" content=\"Abicor Binzel\" \/>\n<meta property=\"product:price:amount\" content=\"893.70\" \/>\n<meta property=\"product:price:currency\" content=\"PLN\" \/>\n<meta property=\"og:availability\" content=\"backorder\" \/>\n<meta property=\"product:availability\" content=\"available for order\" \/>\n<meta property=\"product:retailer_item_id\" content=\"706.1158\" \/>\n<meta property=\"product:condition\" content=\"new\" \/>\n<!-- \/ Yoast SEO Premium plugin. -->","yoast_head_json":{"title":"TIG welding fixture ABITIG-17FV 8m ABICOR BINZEL 706.1158","description":"Professional TIG welding chuck ABITIG-17FV 8m with gas valve and VSS-1\/VNS-01 connectors.Longer reach, precise gas control, ergonomic.","robots":{"index":"index","follow":"follow","max-snippet":"max-snippet:-1","max-image-preview":"max-image-preview:large","max-video-preview":"max-video-preview:-1"},"canonical":"https:\/\/spawlab.pl\/en\/produkt\/tig-welding-fixture-abitig-17fv-8m-abicor-binzel-706-1158\/","og_locale":"en_US","og_type":"article","og_title":"TIG welding fixture ABITIG-17FV 8m ABICOR BINZEL 706.1158","og_description":"Lider sprzeda\u017cy, Oficjalny Dystrybutor Premium i Serwis na Polsk\u0119 Migatronic, Gys, Voestalpine Bohler Welding. Nowe i u\u017cywane Spawarki, Przecinarki Plazmowe, Kompresory. Mgr in\u017c. Jaros\u0142aw Ko\u0142aski, IWE","og_url":"https:\/\/spawlab.pl\/en\/produkt\/tig-welding-fixture-abitig-17fv-8m-abicor-binzel-706-1158\/","og_site_name":"SpawLab - Welding equipment and plasma cutters - store and service","article_publisher":"https:\/\/www.facebook.com\/Spawlab\/","og_image":[{"width":270,"height":270,"url":"https:\/\/spawlab.pl\/wp-content\/uploads\/2025\/04\/gorelka-abitig-17v-4m-vss-1-vns-01-270x270-a8e.jpg","type":"image\/jpeg"}],"twitter_misc":{"Price":"893,70&nbsp;&#122;&#322; (726,59&nbsp;&#122;&#322; netto)","Availability":"On backorder"},"schema":{"@context":"https:\/\/schema.org","@graph":[{"@type":["WebPage","ItemPage"],"@id":"https:\/\/spawlab.pl\/en\/produkt\/tig-welding-fixture-abitig-17fv-8m-abicor-binzel-706-1158\/","url":"https:\/\/spawlab.pl\/en\/produkt\/tig-welding-fixture-abitig-17fv-8m-abicor-binzel-706-1158\/","name":"TIG welding fixture ABITIG-17FV 8m ABICOR BINZEL 706.1158","isPartOf":{"@id":"https:\/\/spawlab.pl\/en\/#website"},"primaryImageOfPage":{"@id":"https:\/\/spawlab.pl\/en\/produkt\/tig-welding-fixture-abitig-17fv-8m-abicor-binzel-706-1158\/#primaryimage"},"image":{"@id":"https:\/\/spawlab.pl\/en\/produkt\/tig-welding-fixture-abitig-17fv-8m-abicor-binzel-706-1158\/#primaryimage"},"thumbnailUrl":"https:\/\/spawlab.pl\/wp-content\/uploads\/2025\/04\/gorelka-abitig-17v-4m-vss-1-vns-01-270x270-a8e.jpg","datePublished":"2025-04-11T14:42:58+00:00","description":"Professional TIG welding chuck ABITIG-17FV 8m with gas valve and VSS-1\/VNS-01 connectors.Longer reach, precise gas control, ergonomic.","breadcrumb":{"@id":"https:\/\/spawlab.pl\/en\/produkt\/tig-welding-fixture-abitig-17fv-8m-abicor-binzel-706-1158\/#breadcrumb"},"inLanguage":"en-US","potentialAction":[{"@type":"ReadAction","target":["https:\/\/spawlab.pl\/en\/produkt\/tig-welding-fixture-abitig-17fv-8m-abicor-binzel-706-1158\/"]}]},{"@type":"ImageObject","inLanguage":"en-US","@id":"https:\/\/spawlab.pl\/en\/produkt\/tig-welding-fixture-abitig-17fv-8m-abicor-binzel-706-1158\/#primaryimage","url":"https:\/\/spawlab.pl\/wp-content\/uploads\/2025\/04\/gorelka-abitig-17v-4m-vss-1-vns-01-270x270-a8e.jpg","contentUrl":"https:\/\/spawlab.pl\/wp-content\/uploads\/2025\/04\/gorelka-abitig-17v-4m-vss-1-vns-01-270x270-a8e.jpg","width":270,"height":270},{"@type":"BreadcrumbList","@id":"https:\/\/spawlab.pl\/en\/produkt\/tig-welding-fixture-abitig-17fv-8m-abicor-binzel-706-1158\/#breadcrumb","itemListElement":[{"@type":"ListItem","position":1,"name":"Strona g\u0142\u00f3wna","item":"https:\/\/spawlab.pl\/en\/"},{"@type":"ListItem","position":2,"name":"Store","item":"https:\/\/spawlab.pl\/en\/shop\/"},{"@type":"ListItem","position":3,"name":"TIG welding fixture ABITIG-17FV 8m ABICOR BINZEL 706.1158"}]},{"@type":"WebSite","@id":"https:\/\/spawlab.pl\/en\/#website","url":"https:\/\/spawlab.pl\/en\/","name":"Spawlab.pl Lider - Spawarki, Przecinarki Plazmowe, Kompresory","description":"Urz\u0105dzenia spawalnicze i Przecinarki plazmowe\/ nowe i u\u017cywane \/ Profesjonalny serwis","publisher":{"@id":"https:\/\/spawlab.pl\/en\/#organization"},"alternateName":"Spawlab.pl - Dystrybutor Premium i Serwis na Polske Migatronic, Gys, Voestalpine Bohler Welding","potentialAction":[{"@type":"SearchAction","target":{"@type":"EntryPoint","urlTemplate":"https:\/\/spawlab.pl\/en\/?s={search_term_string}"},"query-input":{"@type":"PropertyValueSpecification","valueRequired":true,"valueName":"search_term_string"}}],"inLanguage":"en-US"},{"@type":["Organization","Place"],"@id":"https:\/\/spawlab.pl\/en\/#organization","name":"Spawlab.pl","url":"https:\/\/spawlab.pl\/en\/","logo":{"@id":"https:\/\/spawlab.pl\/en\/produkt\/tig-welding-fixture-abitig-17fv-8m-abicor-binzel-706-1158\/#local-main-organization-logo"},"image":{"@id":"https:\/\/spawlab.pl\/en\/produkt\/tig-welding-fixture-abitig-17fv-8m-abicor-binzel-706-1158\/#local-main-organization-logo"},"sameAs":["https:\/\/www.facebook.com\/Spawlab\/","https:\/\/www.linkedin.com\/company\/spawlab","https:\/\/www.instagram.com\/spawlab.pl","https:\/\/www.tiktok.com\/@spawlab"],"description":"Lider sprzeda\u017cy, Oficjalny Dystrybutor Premium i Serwis na Polsk\u0119 Migatronic, Gys, Voestalpine Bohler Welding. Nowe i u\u017cywane Spawarki, Przecinarki Plazmowe, Kompresory. Mgr in\u017c. Jaros\u0142aw Ko\u0142aski, IWE","hasMerchantReturnPolicy":{"@type":"MerchantReturnPolicy","merchantReturnLink":"https:\/\/spawlab.pl\/polityka-prywatnosci-2\/"},"telephone":[],"openingHoursSpecification":[{"@type":"OpeningHoursSpecification","dayOfWeek":["Monday","Tuesday","Wednesday","Thursday","Friday","Saturday","Sunday"],"opens":"09:00","closes":"17:00"}]},{"@type":"ImageObject","inLanguage":"en-US","@id":"https:\/\/spawlab.pl\/en\/produkt\/tig-welding-fixture-abitig-17fv-8m-abicor-binzel-706-1158\/#local-main-organization-logo","url":"https:\/\/spawlab.pl\/wp-content\/uploads\/2022\/01\/olx.jpg","contentUrl":"https:\/\/spawlab.pl\/wp-content\/uploads\/2022\/01\/olx.jpg","width":200,"height":200,"caption":"Spawlab.pl"}]},"product_brand":"Abicor Binzel","product_price_amount":"893.70","product_price_currency":"PLN","og_availability":"backorder","product_availability":"available for order","product_retailer_item_id":"706.1158","product_condition":"new"},"_links":{"self":[{"href":"https:\/\/spawlab.pl\/en\/wp-json\/wp\/v2\/product\/37177","targetHints":{"allow":["GET"]}}],"collection":[{"href":"https:\/\/spawlab.pl\/en\/wp-json\/wp\/v2\/product"}],"about":[{"href":"https:\/\/spawlab.pl\/en\/wp-json\/wp\/v2\/types\/product"}],"wp:featuredmedia":[{"embeddable":true,"href":"https:\/\/spawlab.pl\/en\/wp-json\/wp\/v2\/media\/26503"}],"wp:attachment":[{"href":"https:\/\/spawlab.pl\/en\/wp-json\/wp\/v2\/media?parent=37177"}],"wp:term":[{"taxonomy":"product_brand","embeddable":true,"href":"https:\/\/spawlab.pl\/en\/wp-json\/wp\/v2\/product_brand?post=37177"},{"taxonomy":"product_cat","embeddable":true,"href":"https:\/\/spawlab.pl\/en\/wp-json\/wp\/v2\/product_cat?post=37177"},{"taxonomy":"product_tag","embeddable":true,"href":"https:\/\/spawlab.pl\/en\/wp-json\/wp\/v2\/product_tag?post=37177"}],"curies":[{"name":"wp","href":"https:\/\/api.w.org\/{rel}","templated":true}]}}