{"id":37181,"date":"2025-05-01T08:44:43","date_gmt":"2025-05-01T06:44:43","guid":{"rendered":"https:\/\/spawlab.pl\/produkt\/gys-protig-201l-ac-dc-l-066359\/"},"modified":"2025-05-01T08:44:43","modified_gmt":"2025-05-01T06:44:43","slug":"gys-protig-201l-ac-dc-l-066359","status":"publish","type":"product","link":"https:\/\/spawlab.pl\/en\/produkt\/gys-protig-201l-ac-dc-l-066359\/","title":{"rendered":"GYS PROTIG 201L AC\/DC L 066359"},"content":{"rendered":"<p>We are the official distributor and authorized service provider of the GYS brand in Poland.<\/p>\n<p>The PROTIG 201L AC\/DC L kit is a professional, compact TIG AC\/DC (DC and AC) welding kit with PULS and MMA (Manual Metal Arc) functions from GYS. The \u201cL\u201d in the name means that the kit includes a built-in liquid cooling system for the TIG handle, which allows welding at higher currents for longer periods of time without overheating the handle. <\/p>\n<p>With the ability to weld with AC current, it is ideal for welding minium and its alloys, as well as carbon steel, stainless steel, copper, magnesium and titanium. The welder offers a maximum welding current of 200 amperes. The kit includes a set of necessary accessories to get started.  <\/p>\n<p>Key features of the PROTIG 201 AC\/DC welder (included in the kit):<\/p>\n<p>TIG AC\/DC welding: Versatile welding of various materials, including minium.<br \/>\nTwo types of TIG ignition: HF (non-contact) and Lift Arc (contact).<br \/>\nPULSE function of AC and DC TIG: With frequency control, facilitating arc control and reducing the risk of overheating.<br \/>\nSPOT TIG AC and DC function: For fast and precise tacking of thin sheets.<br \/>\nGas Post Flow Function: Adjustable gas post flow time after welding.<br \/>\nMMA welding: Capable of welding with covered electrodes up to 4 mm in diameter (rutile, basic).<br \/>\nMMA support functions: Adjustable Hot Start, Arclace and Anti-Sticking, and MMA Pulse.<br \/>\nCompact and lightweight design: Makes it easy to transport and work in various locations.<br \/>\nIntuitive control panel.<br \/>\nMemory of 10 programs: Ability to save favorite welding settings.<br \/>\n2T\/4T\/4T LOG functions: different handle modes for greater welding compdlat.<br \/>\nAutomatic handle detection: Compatible with push-button, potentiometer and dual-button handles.<br \/>\nBuilt-in liquid cooling system.<br \/>\nPROTEC 400 surge protection.<br \/>\nContents of PROTIG 201L AC\/DC L kit (usually includes):<\/p>\n<p>PROTIG 201L AC\/DC inverter welder with built-in liquid cooling system.<br \/>\nLiquid-cooled TIG chuck (with appropriate length and load capacity).<br \/>\nMMA electrode holder.<br \/>\nGround wire with clamp.<br \/>\nGas hose with quick connectors.<br \/>\nTIG chuck coolant.<br \/>\nArgon pressure regulator with rotameter.<br \/>\nTungsten electrode set (including minium electrode).<br \/>\nTIG holder consumable parts set (ceramic nozzles, collets, collet connector).<br \/>\nBasic MMA electrode set.<br \/>\nApplication:<\/p>\n<p>The PROTIG 201L AC\/DC L kit is ideal for professional welders and workshops who need a compact and versatile TIG AC\/DC\/MMA welder for welding a variety of materials, including minium, with the ability to work intensively thanks to the liquid-cooled TIG handle. A complete set of accessories allows you to start working immediately. <\/p>\n","protected":false},"excerpt":{"rendered":"<p>Professional TIG AC\/DC\/MMA (200A) welding set GYS PROTIG 201L AC\/DC L set with built-in liquid cooling and a set of accessories.<\/p>\n","protected":false},"featured_media":28560,"template":"","meta":{"inline_featured_image":false},"product_brand":[999],"product_cat":[505,495,507],"product_tag":[],"class_list":{"0":"post-37181","1":"product","2":"type-product","3":"status-publish","4":"has-post-thumbnail","6":"product_brand-gys","7":"product_cat-dc-en","8":"product_cat-gas-cooled-en-4","9":"product_cat-tig-en-2","11":"first","12":"onbackorder","13":"taxable","14":"shipping-taxable","15":"purchasable","16":"product-type-simple"},"yoast_head":"<!-- This site is optimized with the Yoast SEO Premium plugin v27.0 (Yoast SEO v27.3) - https:\/\/yoast.com\/product\/yoast-seo-premium-wordpress\/ -->\n<title>GYS PROTIG 201L AC\/DC L 066359<\/title>\n<meta name=\"description\" content=\"Versatile TIG AC\/DC\/MMA welding set GYS PROTIG 201L AC\/DC L (066359) liquid-cooled welding set, ideal for welding minium, steel and other metals at intense work.\" \/>\n<meta name=\"robots\" content=\"index, follow, max-snippet:-1, max-image-preview:large, max-video-preview:-1\" \/>\n<link rel=\"canonical\" href=\"https:\/\/spawlab.pl\/en\/produkt\/gys-protig-201l-ac-dc-l-066359\/\" \/>\n<meta property=\"og:locale\" content=\"en_US\" \/>\n<meta property=\"og:type\" content=\"article\" \/>\n<meta property=\"og:title\" content=\"GYS PROTIG 201L AC\/DC L 066359\" \/>\n<meta property=\"og:description\" content=\"Lider sprzeda\u017cy, Oficjalny Dystrybutor Premium i Serwis na Polsk\u0119 Migatronic, Gys, Voestalpine Bohler Welding. Nowe i u\u017cywane Spawarki, Przecinarki Plazmowe, Kompresory. Mgr in\u017c. Jaros\u0142aw Ko\u0142aski, IWE\" \/>\n<meta property=\"og:url\" content=\"https:\/\/spawlab.pl\/en\/produkt\/gys-protig-201l-ac-dc-l-066359\/\" \/>\n<meta property=\"og:site_name\" content=\"SpawLab - Welding equipment and plasma cutters - store and service\" \/>\n<meta property=\"article:publisher\" content=\"https:\/\/www.facebook.com\/Spawlab\/\" \/>\n<meta property=\"og:image\" content=\"https:\/\/spawlab.pl\/wp-content\/uploads\/2025\/04\/id0000034558v01-1.jpg\" \/>\n\t<meta property=\"og:image:width\" content=\"370\" \/>\n\t<meta property=\"og:image:height\" content=\"370\" \/>\n\t<meta property=\"og:image:type\" content=\"image\/jpeg\" \/>\n<meta name=\"twitter:label1\" content=\"Price\" \/>\n\t<meta name=\"twitter:data1\" content=\"18 190,46&nbsp;&#122;&#322; (14 788,99&nbsp;&#122;&#322; netto)\" \/>\n\t<meta name=\"twitter:label2\" content=\"Availability\" \/>\n\t<meta name=\"twitter:data2\" content=\"On backorder\" \/>\n<script type=\"application\/ld+json\" class=\"yoast-schema-graph\">{\"@context\":\"https:\\\/\\\/schema.org\",\"@graph\":[{\"@type\":[\"WebPage\",\"ItemPage\"],\"@id\":\"https:\\\/\\\/spawlab.pl\\\/en\\\/produkt\\\/gys-protig-201l-ac-dc-l-066359\\\/\",\"url\":\"https:\\\/\\\/spawlab.pl\\\/en\\\/produkt\\\/gys-protig-201l-ac-dc-l-066359\\\/\",\"name\":\"GYS PROTIG 201L AC\\\/DC L 066359\",\"isPartOf\":{\"@id\":\"https:\\\/\\\/spawlab.pl\\\/en\\\/#website\"},\"primaryImageOfPage\":{\"@id\":\"https:\\\/\\\/spawlab.pl\\\/en\\\/produkt\\\/gys-protig-201l-ac-dc-l-066359\\\/#primaryimage\"},\"image\":{\"@id\":\"https:\\\/\\\/spawlab.pl\\\/en\\\/produkt\\\/gys-protig-201l-ac-dc-l-066359\\\/#primaryimage\"},\"thumbnailUrl\":\"https:\\\/\\\/spawlab.pl\\\/wp-content\\\/uploads\\\/2025\\\/04\\\/id0000034558v01-1.jpg\",\"datePublished\":\"2025-05-01T06:44:43+00:00\",\"description\":\"Versatile TIG AC\\\/DC\\\/MMA welding set GYS PROTIG 201L AC\\\/DC L (066359) liquid-cooled welding set, ideal for welding minium, steel and other metals at intense work.\",\"breadcrumb\":{\"@id\":\"https:\\\/\\\/spawlab.pl\\\/en\\\/produkt\\\/gys-protig-201l-ac-dc-l-066359\\\/#breadcrumb\"},\"inLanguage\":\"en-US\",\"potentialAction\":[{\"@type\":\"ReadAction\",\"target\":[\"https:\\\/\\\/spawlab.pl\\\/en\\\/produkt\\\/gys-protig-201l-ac-dc-l-066359\\\/\"]}]},{\"@type\":\"ImageObject\",\"inLanguage\":\"en-US\",\"@id\":\"https:\\\/\\\/spawlab.pl\\\/en\\\/produkt\\\/gys-protig-201l-ac-dc-l-066359\\\/#primaryimage\",\"url\":\"https:\\\/\\\/spawlab.pl\\\/wp-content\\\/uploads\\\/2025\\\/04\\\/id0000034558v01-1.jpg\",\"contentUrl\":\"https:\\\/\\\/spawlab.pl\\\/wp-content\\\/uploads\\\/2025\\\/04\\\/id0000034558v01-1.jpg\",\"width\":370,\"height\":370},{\"@type\":\"BreadcrumbList\",\"@id\":\"https:\\\/\\\/spawlab.pl\\\/en\\\/produkt\\\/gys-protig-201l-ac-dc-l-066359\\\/#breadcrumb\",\"itemListElement\":[{\"@type\":\"ListItem\",\"position\":1,\"name\":\"Strona g\u0142\u00f3wna\",\"item\":\"https:\\\/\\\/spawlab.pl\\\/en\\\/\"},{\"@type\":\"ListItem\",\"position\":2,\"name\":\"Store\",\"item\":\"https:\\\/\\\/spawlab.pl\\\/en\\\/shop\\\/\"},{\"@type\":\"ListItem\",\"position\":3,\"name\":\"GYS PROTIG 201L AC\\\/DC L 066359\"}]},{\"@type\":\"WebSite\",\"@id\":\"https:\\\/\\\/spawlab.pl\\\/en\\\/#website\",\"url\":\"https:\\\/\\\/spawlab.pl\\\/en\\\/\",\"name\":\"Spawlab.pl Lider - Spawarki, Przecinarki Plazmowe, Kompresory\",\"description\":\"Urz\u0105dzenia spawalnicze i Przecinarki plazmowe\\\/ nowe i u\u017cywane \\\/ Profesjonalny serwis\",\"publisher\":{\"@id\":\"https:\\\/\\\/spawlab.pl\\\/en\\\/#organization\"},\"alternateName\":\"Spawlab.pl - Dystrybutor Premium i Serwis na Polske Migatronic, Gys, Voestalpine Bohler Welding\",\"potentialAction\":[{\"@type\":\"SearchAction\",\"target\":{\"@type\":\"EntryPoint\",\"urlTemplate\":\"https:\\\/\\\/spawlab.pl\\\/en\\\/?s={search_term_string}\"},\"query-input\":{\"@type\":\"PropertyValueSpecification\",\"valueRequired\":true,\"valueName\":\"search_term_string\"}}],\"inLanguage\":\"en-US\"},{\"@type\":[\"Organization\",\"Place\"],\"@id\":\"https:\\\/\\\/spawlab.pl\\\/en\\\/#organization\",\"name\":\"Spawlab.pl\",\"url\":\"https:\\\/\\\/spawlab.pl\\\/en\\\/\",\"logo\":{\"@id\":\"https:\\\/\\\/spawlab.pl\\\/en\\\/produkt\\\/gys-protig-201l-ac-dc-l-066359\\\/#local-main-organization-logo\"},\"image\":{\"@id\":\"https:\\\/\\\/spawlab.pl\\\/en\\\/produkt\\\/gys-protig-201l-ac-dc-l-066359\\\/#local-main-organization-logo\"},\"sameAs\":[\"https:\\\/\\\/www.facebook.com\\\/Spawlab\\\/\",\"https:\\\/\\\/www.linkedin.com\\\/company\\\/spawlab\",\"https:\\\/\\\/www.instagram.com\\\/spawlab.pl\",\"https:\\\/\\\/www.tiktok.com\\\/@spawlab\"],\"description\":\"Lider sprzeda\u017cy, Oficjalny Dystrybutor Premium i Serwis na Polsk\u0119 Migatronic, Gys, Voestalpine Bohler Welding. Nowe i u\u017cywane Spawarki, Przecinarki Plazmowe, Kompresory. Mgr in\u017c. Jaros\u0142aw Ko\u0142aski, IWE\",\"hasMerchantReturnPolicy\":{\"@type\":\"MerchantReturnPolicy\",\"merchantReturnLink\":\"https:\\\/\\\/spawlab.pl\\\/polityka-prywatnosci-2\\\/\"},\"telephone\":[],\"openingHoursSpecification\":[{\"@type\":\"OpeningHoursSpecification\",\"dayOfWeek\":[\"Monday\",\"Tuesday\",\"Wednesday\",\"Thursday\",\"Friday\",\"Saturday\",\"Sunday\"],\"opens\":\"09:00\",\"closes\":\"17:00\"}]},{\"@type\":\"ImageObject\",\"inLanguage\":\"en-US\",\"@id\":\"https:\\\/\\\/spawlab.pl\\\/en\\\/produkt\\\/gys-protig-201l-ac-dc-l-066359\\\/#local-main-organization-logo\",\"url\":\"https:\\\/\\\/spawlab.pl\\\/wp-content\\\/uploads\\\/2022\\\/01\\\/olx.jpg\",\"contentUrl\":\"https:\\\/\\\/spawlab.pl\\\/wp-content\\\/uploads\\\/2022\\\/01\\\/olx.jpg\",\"width\":200,\"height\":200,\"caption\":\"Spawlab.pl\"}]}<\/script>\n<meta property=\"product:price:amount\" content=\"18190.46\" \/>\n<meta property=\"product:price:currency\" content=\"PLN\" \/>\n<meta property=\"og:availability\" content=\"backorder\" \/>\n<meta property=\"product:availability\" content=\"available for order\" \/>\n<meta property=\"product:retailer_item_id\" content=\"66359\" \/>\n<meta property=\"product:condition\" content=\"new\" \/>\n<!-- \/ Yoast SEO Premium plugin. -->","yoast_head_json":{"title":"GYS PROTIG 201L AC\/DC L 066359","description":"Versatile TIG AC\/DC\/MMA welding set GYS PROTIG 201L AC\/DC L (066359) liquid-cooled welding set, ideal for welding minium, steel and other metals at intense work.","robots":{"index":"index","follow":"follow","max-snippet":"max-snippet:-1","max-image-preview":"max-image-preview:large","max-video-preview":"max-video-preview:-1"},"canonical":"https:\/\/spawlab.pl\/en\/produkt\/gys-protig-201l-ac-dc-l-066359\/","og_locale":"en_US","og_type":"article","og_title":"GYS PROTIG 201L AC\/DC L 066359","og_description":"Lider sprzeda\u017cy, Oficjalny Dystrybutor Premium i Serwis na Polsk\u0119 Migatronic, Gys, Voestalpine Bohler Welding. Nowe i u\u017cywane Spawarki, Przecinarki Plazmowe, Kompresory. Mgr in\u017c. Jaros\u0142aw Ko\u0142aski, IWE","og_url":"https:\/\/spawlab.pl\/en\/produkt\/gys-protig-201l-ac-dc-l-066359\/","og_site_name":"SpawLab - Welding equipment and plasma cutters - store and service","article_publisher":"https:\/\/www.facebook.com\/Spawlab\/","og_image":[{"width":370,"height":370,"url":"https:\/\/spawlab.pl\/wp-content\/uploads\/2025\/04\/id0000034558v01-1.jpg","type":"image\/jpeg"}],"twitter_misc":{"Price":"18 190,46&nbsp;&#122;&#322; (14 788,99&nbsp;&#122;&#322; netto)","Availability":"On backorder"},"schema":{"@context":"https:\/\/schema.org","@graph":[{"@type":["WebPage","ItemPage"],"@id":"https:\/\/spawlab.pl\/en\/produkt\/gys-protig-201l-ac-dc-l-066359\/","url":"https:\/\/spawlab.pl\/en\/produkt\/gys-protig-201l-ac-dc-l-066359\/","name":"GYS PROTIG 201L AC\/DC L 066359","isPartOf":{"@id":"https:\/\/spawlab.pl\/en\/#website"},"primaryImageOfPage":{"@id":"https:\/\/spawlab.pl\/en\/produkt\/gys-protig-201l-ac-dc-l-066359\/#primaryimage"},"image":{"@id":"https:\/\/spawlab.pl\/en\/produkt\/gys-protig-201l-ac-dc-l-066359\/#primaryimage"},"thumbnailUrl":"https:\/\/spawlab.pl\/wp-content\/uploads\/2025\/04\/id0000034558v01-1.jpg","datePublished":"2025-05-01T06:44:43+00:00","description":"Versatile TIG AC\/DC\/MMA welding set GYS PROTIG 201L AC\/DC L (066359) liquid-cooled welding set, ideal for welding minium, steel and other metals at intense work.","breadcrumb":{"@id":"https:\/\/spawlab.pl\/en\/produkt\/gys-protig-201l-ac-dc-l-066359\/#breadcrumb"},"inLanguage":"en-US","potentialAction":[{"@type":"ReadAction","target":["https:\/\/spawlab.pl\/en\/produkt\/gys-protig-201l-ac-dc-l-066359\/"]}]},{"@type":"ImageObject","inLanguage":"en-US","@id":"https:\/\/spawlab.pl\/en\/produkt\/gys-protig-201l-ac-dc-l-066359\/#primaryimage","url":"https:\/\/spawlab.pl\/wp-content\/uploads\/2025\/04\/id0000034558v01-1.jpg","contentUrl":"https:\/\/spawlab.pl\/wp-content\/uploads\/2025\/04\/id0000034558v01-1.jpg","width":370,"height":370},{"@type":"BreadcrumbList","@id":"https:\/\/spawlab.pl\/en\/produkt\/gys-protig-201l-ac-dc-l-066359\/#breadcrumb","itemListElement":[{"@type":"ListItem","position":1,"name":"Strona g\u0142\u00f3wna","item":"https:\/\/spawlab.pl\/en\/"},{"@type":"ListItem","position":2,"name":"Store","item":"https:\/\/spawlab.pl\/en\/shop\/"},{"@type":"ListItem","position":3,"name":"GYS PROTIG 201L AC\/DC L 066359"}]},{"@type":"WebSite","@id":"https:\/\/spawlab.pl\/en\/#website","url":"https:\/\/spawlab.pl\/en\/","name":"Spawlab.pl Lider - Spawarki, Przecinarki Plazmowe, Kompresory","description":"Urz\u0105dzenia spawalnicze i Przecinarki plazmowe\/ nowe i u\u017cywane \/ Profesjonalny serwis","publisher":{"@id":"https:\/\/spawlab.pl\/en\/#organization"},"alternateName":"Spawlab.pl - Dystrybutor Premium i Serwis na Polske Migatronic, Gys, Voestalpine Bohler Welding","potentialAction":[{"@type":"SearchAction","target":{"@type":"EntryPoint","urlTemplate":"https:\/\/spawlab.pl\/en\/?s={search_term_string}"},"query-input":{"@type":"PropertyValueSpecification","valueRequired":true,"valueName":"search_term_string"}}],"inLanguage":"en-US"},{"@type":["Organization","Place"],"@id":"https:\/\/spawlab.pl\/en\/#organization","name":"Spawlab.pl","url":"https:\/\/spawlab.pl\/en\/","logo":{"@id":"https:\/\/spawlab.pl\/en\/produkt\/gys-protig-201l-ac-dc-l-066359\/#local-main-organization-logo"},"image":{"@id":"https:\/\/spawlab.pl\/en\/produkt\/gys-protig-201l-ac-dc-l-066359\/#local-main-organization-logo"},"sameAs":["https:\/\/www.facebook.com\/Spawlab\/","https:\/\/www.linkedin.com\/company\/spawlab","https:\/\/www.instagram.com\/spawlab.pl","https:\/\/www.tiktok.com\/@spawlab"],"description":"Lider sprzeda\u017cy, Oficjalny Dystrybutor Premium i Serwis na Polsk\u0119 Migatronic, Gys, Voestalpine Bohler Welding. Nowe i u\u017cywane Spawarki, Przecinarki Plazmowe, Kompresory. Mgr in\u017c. Jaros\u0142aw Ko\u0142aski, IWE","hasMerchantReturnPolicy":{"@type":"MerchantReturnPolicy","merchantReturnLink":"https:\/\/spawlab.pl\/polityka-prywatnosci-2\/"},"telephone":[],"openingHoursSpecification":[{"@type":"OpeningHoursSpecification","dayOfWeek":["Monday","Tuesday","Wednesday","Thursday","Friday","Saturday","Sunday"],"opens":"09:00","closes":"17:00"}]},{"@type":"ImageObject","inLanguage":"en-US","@id":"https:\/\/spawlab.pl\/en\/produkt\/gys-protig-201l-ac-dc-l-066359\/#local-main-organization-logo","url":"https:\/\/spawlab.pl\/wp-content\/uploads\/2022\/01\/olx.jpg","contentUrl":"https:\/\/spawlab.pl\/wp-content\/uploads\/2022\/01\/olx.jpg","width":200,"height":200,"caption":"Spawlab.pl"}]},"product_price_amount":"18190.46","product_price_currency":"PLN","og_availability":"backorder","product_availability":"available for order","product_retailer_item_id":"66359","product_condition":"new"},"_links":{"self":[{"href":"https:\/\/spawlab.pl\/en\/wp-json\/wp\/v2\/product\/37181","targetHints":{"allow":["GET"]}}],"collection":[{"href":"https:\/\/spawlab.pl\/en\/wp-json\/wp\/v2\/product"}],"about":[{"href":"https:\/\/spawlab.pl\/en\/wp-json\/wp\/v2\/types\/product"}],"wp:featuredmedia":[{"embeddable":true,"href":"https:\/\/spawlab.pl\/en\/wp-json\/wp\/v2\/media\/28560"}],"wp:attachment":[{"href":"https:\/\/spawlab.pl\/en\/wp-json\/wp\/v2\/media?parent=37181"}],"wp:term":[{"taxonomy":"product_brand","embeddable":true,"href":"https:\/\/spawlab.pl\/en\/wp-json\/wp\/v2\/product_brand?post=37181"},{"taxonomy":"product_cat","embeddable":true,"href":"https:\/\/spawlab.pl\/en\/wp-json\/wp\/v2\/product_cat?post=37181"},{"taxonomy":"product_tag","embeddable":true,"href":"https:\/\/spawlab.pl\/en\/wp-json\/wp\/v2\/product_tag?post=37181"}],"curies":[{"name":"wp","href":"https:\/\/api.w.org\/{rel}","templated":true}]}}