{"id":37182,"date":"2025-04-11T16:43:58","date_gmt":"2025-04-11T14:43:58","guid":{"rendered":"https:\/\/spawlab.pl\/produkt\/abicor-binzel-abitig-17v-4m-tig-welding-gun-706-1037\/"},"modified":"2025-04-11T16:43:58","modified_gmt":"2025-04-11T14:43:58","slug":"abicor-binzel-abitig-17v-4m-tig-welding-gun-706-1037","status":"publish","type":"product","link":"https:\/\/spawlab.pl\/en\/produkt\/abicor-binzel-abitig-17v-4m-tig-welding-gun-706-1037\/","title":{"rendered":"ABICOR BINZEL ABITIG-17V\/4m TIG welding gun 706.1037"},"content":{"rendered":"<p><span class=\"citation-0 entailed citation-end-0\" role=\"button\">ABICOR BINZEL ABITIG-17V\/4m professional TIG welding chuck, designed for precision TIG welding of various materials.<\/span><button class=\"mat-mdc-tooltip-trigger button entailed-button\" aria-label=\"\u0420\u043e\u0437\u0433\u043e\u0440\u043d\u0443\u0442\u0438 \u0432\u0456\u0434\u043f\u043e\u0432\u0456\u0434\u044c \u0456\u0437 \u043f\u0435\u0440\u0435\u0432\u0456\u0440\u043a\u043e\u044e \u0444\u0430\u043a\u0442\u0456\u0432\" aria-describedby=\"cdk-describedby-message-ng-1-73\"><\/button>Ideal for applications requiring high quality welds, such as welding alloy steels, aluminum, copper and other metals. Equipped with an ergonomic handle with the ability to integrate control modules. It has a lightweight and flexible cable for comfortable working in different positions. Consumables in accordance with international standards guarantee reliability.   <\/p>\n<p data-sourcepos=\"19:1-19:20\"><strong>Characteristics:<\/strong><\/p>\n<p data-sourcepos=\"21:1-30:84\">Type: TIG welding chuck Model: ABITIG-17V\/4m Current capacity (DC): 140 A (at 35% duty cycle) Current capacity (AC): 100 A (at 35% duty cycle) Electrode diameter range: 0.5 &#8211; 2.4 mm<\/p>\n","protected":false},"excerpt":{"rendered":"<p>ABICOR BINZEL ABITIG-17V\/4m Professional TIG Handle. Ergonomic, lightweight, precision welding. <\/p>\n","protected":false},"featured_media":26499,"template":"","meta":{"inline_featured_image":false},"product_brand":[1453],"product_cat":[5330,475,522],"product_tag":[5438,5334,5946,5949,4856,5950,5348,5382,4858,5435],"class_list":{"0":"post-37182","1":"product","2":"type-product","3":"status-publish","4":"has-post-thumbnail","6":"product_brand-abicor-binzel","7":"product_cat-abicor-binzel-en","8":"product_cat-accessories-parts","9":"product_cat-parts","10":"product_tag-4m-en","11":"product_tag-abicor-binzel-en","12":"product_tag-abitig-17v-en","13":"product_tag-alloy-steel","14":"product_tag-aluminum","15":"product_tag-copper","16":"product_tag-ergonomic-handle","17":"product_tag-precision-welding-en","18":"product_tag-tig-en","19":"product_tag-welding-jig","21":"first","22":"onbackorder","23":"sale","24":"taxable","25":"shipping-taxable","26":"purchasable","27":"product-type-simple"},"yoast_head":"<!-- This site is optimized with the Yoast SEO Premium plugin v27.0 (Yoast SEO v27.3) - https:\/\/yoast.com\/product\/yoast-seo-premium-wordpress\/ -->\n<title>ABICOR BINZEL ABITIG-17V\/4m TIG welding gun 706.1037<\/title>\n<meta name=\"description\" content=\"ABICOR BINZEL ABITIG-17V\/4m Professional TIG Welding Handle. Ergonomic handle, lightweight cable, precise welds.\" \/>\n<meta name=\"robots\" content=\"index, follow, max-snippet:-1, max-image-preview:large, max-video-preview:-1\" \/>\n<link rel=\"canonical\" href=\"https:\/\/spawlab.pl\/en\/produkt\/abicor-binzel-abitig-17v-4m-tig-welding-gun-706-1037\/\" \/>\n<meta property=\"og:locale\" content=\"en_US\" \/>\n<meta property=\"og:type\" content=\"article\" \/>\n<meta property=\"og:title\" content=\"ABICOR BINZEL ABITIG-17V\/4m TIG welding gun 706.1037\" \/>\n<meta property=\"og:description\" content=\"Lider sprzeda\u017cy, Oficjalny Dystrybutor Premium i Serwis na Polsk\u0119 Migatronic, Gys, Voestalpine Bohler Welding. Nowe i u\u017cywane Spawarki, Przecinarki Plazmowe, Kompresory. Mgr in\u017c. Jaros\u0142aw Ko\u0142aski, IWE\" \/>\n<meta property=\"og:url\" content=\"https:\/\/spawlab.pl\/en\/produkt\/abicor-binzel-abitig-17v-4m-tig-welding-gun-706-1037\/\" \/>\n<meta property=\"og:site_name\" content=\"SpawLab - Welding equipment and plasma cutters - store and service\" \/>\n<meta property=\"article:publisher\" content=\"https:\/\/www.facebook.com\/Spawlab\/\" \/>\n<meta property=\"og:image\" content=\"https:\/\/spawlab.pl\/wp-content\/uploads\/2025\/04\/plik_biggr_964-1.jpg\" \/>\n\t<meta property=\"og:image:width\" content=\"400\" \/>\n\t<meta property=\"og:image:height\" content=\"400\" \/>\n\t<meta property=\"og:image:type\" content=\"image\/jpeg\" \/>\n<meta name=\"twitter:label1\" content=\"Price\" \/>\n\t<meta name=\"twitter:data1\" content=\"612,54&nbsp;&#122;&#322; (498,00&nbsp;&#122;&#322; netto)\" \/>\n\t<meta name=\"twitter:label2\" content=\"Availability\" \/>\n\t<meta name=\"twitter:data2\" content=\"On backorder\" \/>\n<script type=\"application\/ld+json\" class=\"yoast-schema-graph\">{\"@context\":\"https:\\\/\\\/schema.org\",\"@graph\":[{\"@type\":[\"WebPage\",\"ItemPage\"],\"@id\":\"https:\\\/\\\/spawlab.pl\\\/en\\\/produkt\\\/abicor-binzel-abitig-17v-4m-tig-welding-gun-706-1037\\\/\",\"url\":\"https:\\\/\\\/spawlab.pl\\\/en\\\/produkt\\\/abicor-binzel-abitig-17v-4m-tig-welding-gun-706-1037\\\/\",\"name\":\"ABICOR BINZEL ABITIG-17V\\\/4m TIG welding gun 706.1037\",\"isPartOf\":{\"@id\":\"https:\\\/\\\/spawlab.pl\\\/en\\\/#website\"},\"primaryImageOfPage\":{\"@id\":\"https:\\\/\\\/spawlab.pl\\\/en\\\/produkt\\\/abicor-binzel-abitig-17v-4m-tig-welding-gun-706-1037\\\/#primaryimage\"},\"image\":{\"@id\":\"https:\\\/\\\/spawlab.pl\\\/en\\\/produkt\\\/abicor-binzel-abitig-17v-4m-tig-welding-gun-706-1037\\\/#primaryimage\"},\"thumbnailUrl\":\"https:\\\/\\\/spawlab.pl\\\/wp-content\\\/uploads\\\/2025\\\/04\\\/plik_biggr_964-1.jpg\",\"datePublished\":\"2025-04-11T14:43:58+00:00\",\"description\":\"ABICOR BINZEL ABITIG-17V\\\/4m Professional TIG Welding Handle. Ergonomic handle, lightweight cable, precise welds.\",\"breadcrumb\":{\"@id\":\"https:\\\/\\\/spawlab.pl\\\/en\\\/produkt\\\/abicor-binzel-abitig-17v-4m-tig-welding-gun-706-1037\\\/#breadcrumb\"},\"inLanguage\":\"en-US\",\"potentialAction\":[{\"@type\":\"ReadAction\",\"target\":[\"https:\\\/\\\/spawlab.pl\\\/en\\\/produkt\\\/abicor-binzel-abitig-17v-4m-tig-welding-gun-706-1037\\\/\"]}]},{\"@type\":\"ImageObject\",\"inLanguage\":\"en-US\",\"@id\":\"https:\\\/\\\/spawlab.pl\\\/en\\\/produkt\\\/abicor-binzel-abitig-17v-4m-tig-welding-gun-706-1037\\\/#primaryimage\",\"url\":\"https:\\\/\\\/spawlab.pl\\\/wp-content\\\/uploads\\\/2025\\\/04\\\/plik_biggr_964-1.jpg\",\"contentUrl\":\"https:\\\/\\\/spawlab.pl\\\/wp-content\\\/uploads\\\/2025\\\/04\\\/plik_biggr_964-1.jpg\",\"width\":400,\"height\":400},{\"@type\":\"BreadcrumbList\",\"@id\":\"https:\\\/\\\/spawlab.pl\\\/en\\\/produkt\\\/abicor-binzel-abitig-17v-4m-tig-welding-gun-706-1037\\\/#breadcrumb\",\"itemListElement\":[{\"@type\":\"ListItem\",\"position\":1,\"name\":\"Strona g\u0142\u00f3wna\",\"item\":\"https:\\\/\\\/spawlab.pl\\\/en\\\/\"},{\"@type\":\"ListItem\",\"position\":2,\"name\":\"Store\",\"item\":\"https:\\\/\\\/spawlab.pl\\\/en\\\/shop\\\/\"},{\"@type\":\"ListItem\",\"position\":3,\"name\":\"ABICOR BINZEL ABITIG-17V\\\/4m TIG welding gun 706.1037\"}]},{\"@type\":\"WebSite\",\"@id\":\"https:\\\/\\\/spawlab.pl\\\/en\\\/#website\",\"url\":\"https:\\\/\\\/spawlab.pl\\\/en\\\/\",\"name\":\"Spawlab.pl Lider - Spawarki, Przecinarki Plazmowe, Kompresory\",\"description\":\"Urz\u0105dzenia spawalnicze i Przecinarki plazmowe\\\/ nowe i u\u017cywane \\\/ Profesjonalny serwis\",\"publisher\":{\"@id\":\"https:\\\/\\\/spawlab.pl\\\/en\\\/#organization\"},\"alternateName\":\"Spawlab.pl - Dystrybutor Premium i Serwis na Polske Migatronic, Gys, Voestalpine Bohler Welding\",\"potentialAction\":[{\"@type\":\"SearchAction\",\"target\":{\"@type\":\"EntryPoint\",\"urlTemplate\":\"https:\\\/\\\/spawlab.pl\\\/en\\\/?s={search_term_string}\"},\"query-input\":{\"@type\":\"PropertyValueSpecification\",\"valueRequired\":true,\"valueName\":\"search_term_string\"}}],\"inLanguage\":\"en-US\"},{\"@type\":[\"Organization\",\"Place\"],\"@id\":\"https:\\\/\\\/spawlab.pl\\\/en\\\/#organization\",\"name\":\"Spawlab.pl\",\"url\":\"https:\\\/\\\/spawlab.pl\\\/en\\\/\",\"logo\":{\"@id\":\"https:\\\/\\\/spawlab.pl\\\/en\\\/produkt\\\/abicor-binzel-abitig-17v-4m-tig-welding-gun-706-1037\\\/#local-main-organization-logo\"},\"image\":{\"@id\":\"https:\\\/\\\/spawlab.pl\\\/en\\\/produkt\\\/abicor-binzel-abitig-17v-4m-tig-welding-gun-706-1037\\\/#local-main-organization-logo\"},\"sameAs\":[\"https:\\\/\\\/www.facebook.com\\\/Spawlab\\\/\",\"https:\\\/\\\/www.linkedin.com\\\/company\\\/spawlab\",\"https:\\\/\\\/www.instagram.com\\\/spawlab.pl\",\"https:\\\/\\\/www.tiktok.com\\\/@spawlab\"],\"description\":\"Lider sprzeda\u017cy, Oficjalny Dystrybutor Premium i Serwis na Polsk\u0119 Migatronic, Gys, Voestalpine Bohler Welding. Nowe i u\u017cywane Spawarki, Przecinarki Plazmowe, Kompresory. Mgr in\u017c. Jaros\u0142aw Ko\u0142aski, IWE\",\"hasMerchantReturnPolicy\":{\"@type\":\"MerchantReturnPolicy\",\"merchantReturnLink\":\"https:\\\/\\\/spawlab.pl\\\/polityka-prywatnosci-2\\\/\"},\"telephone\":[],\"openingHoursSpecification\":[{\"@type\":\"OpeningHoursSpecification\",\"dayOfWeek\":[\"Monday\",\"Tuesday\",\"Wednesday\",\"Thursday\",\"Friday\",\"Saturday\",\"Sunday\"],\"opens\":\"09:00\",\"closes\":\"17:00\"}]},{\"@type\":\"ImageObject\",\"inLanguage\":\"en-US\",\"@id\":\"https:\\\/\\\/spawlab.pl\\\/en\\\/produkt\\\/abicor-binzel-abitig-17v-4m-tig-welding-gun-706-1037\\\/#local-main-organization-logo\",\"url\":\"https:\\\/\\\/spawlab.pl\\\/wp-content\\\/uploads\\\/2022\\\/01\\\/olx.jpg\",\"contentUrl\":\"https:\\\/\\\/spawlab.pl\\\/wp-content\\\/uploads\\\/2022\\\/01\\\/olx.jpg\",\"width\":200,\"height\":200,\"caption\":\"Spawlab.pl\"}]}<\/script>\n<meta property=\"product:brand\" content=\"Abicor Binzel\" \/>\n<meta property=\"product:price:amount\" content=\"612.54\" \/>\n<meta property=\"product:price:currency\" content=\"PLN\" \/>\n<meta property=\"og:availability\" content=\"backorder\" \/>\n<meta property=\"product:availability\" content=\"available for order\" \/>\n<meta property=\"product:retailer_item_id\" content=\"706.1037\" \/>\n<meta property=\"product:condition\" content=\"new\" \/>\n<!-- \/ Yoast SEO Premium plugin. -->","yoast_head_json":{"title":"ABICOR BINZEL ABITIG-17V\/4m TIG welding gun 706.1037","description":"ABICOR BINZEL ABITIG-17V\/4m Professional TIG Welding Handle. Ergonomic handle, lightweight cable, precise welds.","robots":{"index":"index","follow":"follow","max-snippet":"max-snippet:-1","max-image-preview":"max-image-preview:large","max-video-preview":"max-video-preview:-1"},"canonical":"https:\/\/spawlab.pl\/en\/produkt\/abicor-binzel-abitig-17v-4m-tig-welding-gun-706-1037\/","og_locale":"en_US","og_type":"article","og_title":"ABICOR BINZEL ABITIG-17V\/4m TIG welding gun 706.1037","og_description":"Lider sprzeda\u017cy, Oficjalny Dystrybutor Premium i Serwis na Polsk\u0119 Migatronic, Gys, Voestalpine Bohler Welding. Nowe i u\u017cywane Spawarki, Przecinarki Plazmowe, Kompresory. Mgr in\u017c. Jaros\u0142aw Ko\u0142aski, IWE","og_url":"https:\/\/spawlab.pl\/en\/produkt\/abicor-binzel-abitig-17v-4m-tig-welding-gun-706-1037\/","og_site_name":"SpawLab - Welding equipment and plasma cutters - store and service","article_publisher":"https:\/\/www.facebook.com\/Spawlab\/","og_image":[{"width":400,"height":400,"url":"https:\/\/spawlab.pl\/wp-content\/uploads\/2025\/04\/plik_biggr_964-1.jpg","type":"image\/jpeg"}],"twitter_misc":{"Price":"612,54&nbsp;&#122;&#322; (498,00&nbsp;&#122;&#322; netto)","Availability":"On backorder"},"schema":{"@context":"https:\/\/schema.org","@graph":[{"@type":["WebPage","ItemPage"],"@id":"https:\/\/spawlab.pl\/en\/produkt\/abicor-binzel-abitig-17v-4m-tig-welding-gun-706-1037\/","url":"https:\/\/spawlab.pl\/en\/produkt\/abicor-binzel-abitig-17v-4m-tig-welding-gun-706-1037\/","name":"ABICOR BINZEL ABITIG-17V\/4m TIG welding gun 706.1037","isPartOf":{"@id":"https:\/\/spawlab.pl\/en\/#website"},"primaryImageOfPage":{"@id":"https:\/\/spawlab.pl\/en\/produkt\/abicor-binzel-abitig-17v-4m-tig-welding-gun-706-1037\/#primaryimage"},"image":{"@id":"https:\/\/spawlab.pl\/en\/produkt\/abicor-binzel-abitig-17v-4m-tig-welding-gun-706-1037\/#primaryimage"},"thumbnailUrl":"https:\/\/spawlab.pl\/wp-content\/uploads\/2025\/04\/plik_biggr_964-1.jpg","datePublished":"2025-04-11T14:43:58+00:00","description":"ABICOR BINZEL ABITIG-17V\/4m Professional TIG Welding Handle. Ergonomic handle, lightweight cable, precise welds.","breadcrumb":{"@id":"https:\/\/spawlab.pl\/en\/produkt\/abicor-binzel-abitig-17v-4m-tig-welding-gun-706-1037\/#breadcrumb"},"inLanguage":"en-US","potentialAction":[{"@type":"ReadAction","target":["https:\/\/spawlab.pl\/en\/produkt\/abicor-binzel-abitig-17v-4m-tig-welding-gun-706-1037\/"]}]},{"@type":"ImageObject","inLanguage":"en-US","@id":"https:\/\/spawlab.pl\/en\/produkt\/abicor-binzel-abitig-17v-4m-tig-welding-gun-706-1037\/#primaryimage","url":"https:\/\/spawlab.pl\/wp-content\/uploads\/2025\/04\/plik_biggr_964-1.jpg","contentUrl":"https:\/\/spawlab.pl\/wp-content\/uploads\/2025\/04\/plik_biggr_964-1.jpg","width":400,"height":400},{"@type":"BreadcrumbList","@id":"https:\/\/spawlab.pl\/en\/produkt\/abicor-binzel-abitig-17v-4m-tig-welding-gun-706-1037\/#breadcrumb","itemListElement":[{"@type":"ListItem","position":1,"name":"Strona g\u0142\u00f3wna","item":"https:\/\/spawlab.pl\/en\/"},{"@type":"ListItem","position":2,"name":"Store","item":"https:\/\/spawlab.pl\/en\/shop\/"},{"@type":"ListItem","position":3,"name":"ABICOR BINZEL ABITIG-17V\/4m TIG welding gun 706.1037"}]},{"@type":"WebSite","@id":"https:\/\/spawlab.pl\/en\/#website","url":"https:\/\/spawlab.pl\/en\/","name":"Spawlab.pl Lider - Spawarki, Przecinarki Plazmowe, Kompresory","description":"Urz\u0105dzenia spawalnicze i Przecinarki plazmowe\/ nowe i u\u017cywane \/ Profesjonalny serwis","publisher":{"@id":"https:\/\/spawlab.pl\/en\/#organization"},"alternateName":"Spawlab.pl - Dystrybutor Premium i Serwis na Polske Migatronic, Gys, Voestalpine Bohler Welding","potentialAction":[{"@type":"SearchAction","target":{"@type":"EntryPoint","urlTemplate":"https:\/\/spawlab.pl\/en\/?s={search_term_string}"},"query-input":{"@type":"PropertyValueSpecification","valueRequired":true,"valueName":"search_term_string"}}],"inLanguage":"en-US"},{"@type":["Organization","Place"],"@id":"https:\/\/spawlab.pl\/en\/#organization","name":"Spawlab.pl","url":"https:\/\/spawlab.pl\/en\/","logo":{"@id":"https:\/\/spawlab.pl\/en\/produkt\/abicor-binzel-abitig-17v-4m-tig-welding-gun-706-1037\/#local-main-organization-logo"},"image":{"@id":"https:\/\/spawlab.pl\/en\/produkt\/abicor-binzel-abitig-17v-4m-tig-welding-gun-706-1037\/#local-main-organization-logo"},"sameAs":["https:\/\/www.facebook.com\/Spawlab\/","https:\/\/www.linkedin.com\/company\/spawlab","https:\/\/www.instagram.com\/spawlab.pl","https:\/\/www.tiktok.com\/@spawlab"],"description":"Lider sprzeda\u017cy, Oficjalny Dystrybutor Premium i Serwis na Polsk\u0119 Migatronic, Gys, Voestalpine Bohler Welding. Nowe i u\u017cywane Spawarki, Przecinarki Plazmowe, Kompresory. Mgr in\u017c. Jaros\u0142aw Ko\u0142aski, IWE","hasMerchantReturnPolicy":{"@type":"MerchantReturnPolicy","merchantReturnLink":"https:\/\/spawlab.pl\/polityka-prywatnosci-2\/"},"telephone":[],"openingHoursSpecification":[{"@type":"OpeningHoursSpecification","dayOfWeek":["Monday","Tuesday","Wednesday","Thursday","Friday","Saturday","Sunday"],"opens":"09:00","closes":"17:00"}]},{"@type":"ImageObject","inLanguage":"en-US","@id":"https:\/\/spawlab.pl\/en\/produkt\/abicor-binzel-abitig-17v-4m-tig-welding-gun-706-1037\/#local-main-organization-logo","url":"https:\/\/spawlab.pl\/wp-content\/uploads\/2022\/01\/olx.jpg","contentUrl":"https:\/\/spawlab.pl\/wp-content\/uploads\/2022\/01\/olx.jpg","width":200,"height":200,"caption":"Spawlab.pl"}]},"product_brand":"Abicor Binzel","product_price_amount":"612.54","product_price_currency":"PLN","og_availability":"backorder","product_availability":"available for order","product_retailer_item_id":"706.1037","product_condition":"new"},"_links":{"self":[{"href":"https:\/\/spawlab.pl\/en\/wp-json\/wp\/v2\/product\/37182","targetHints":{"allow":["GET"]}}],"collection":[{"href":"https:\/\/spawlab.pl\/en\/wp-json\/wp\/v2\/product"}],"about":[{"href":"https:\/\/spawlab.pl\/en\/wp-json\/wp\/v2\/types\/product"}],"wp:featuredmedia":[{"embeddable":true,"href":"https:\/\/spawlab.pl\/en\/wp-json\/wp\/v2\/media\/26499"}],"wp:attachment":[{"href":"https:\/\/spawlab.pl\/en\/wp-json\/wp\/v2\/media?parent=37182"}],"wp:term":[{"taxonomy":"product_brand","embeddable":true,"href":"https:\/\/spawlab.pl\/en\/wp-json\/wp\/v2\/product_brand?post=37182"},{"taxonomy":"product_cat","embeddable":true,"href":"https:\/\/spawlab.pl\/en\/wp-json\/wp\/v2\/product_cat?post=37182"},{"taxonomy":"product_tag","embeddable":true,"href":"https:\/\/spawlab.pl\/en\/wp-json\/wp\/v2\/product_tag?post=37182"}],"curies":[{"name":"wp","href":"https:\/\/api.w.org\/{rel}","templated":true}]}}