{"id":37448,"date":"2025-05-01T08:25:30","date_gmt":"2025-05-01T06:25:30","guid":{"rendered":"https:\/\/spawlab.pl\/produkt\/gys-1-deflector-with-cutting-shield-45-85a-plasma-torch-at-125-039292\/"},"modified":"2025-05-01T08:25:30","modified_gmt":"2025-05-01T06:25:30","slug":"gys-1-deflector-with-cutting-shield-45-85a-plasma-torch-at-125-039292","status":"publish","type":"product","link":"https:\/\/spawlab.pl\/en\/produkt\/gys-1-deflector-with-cutting-shield-45-85a-plasma-torch-at-125-039292\/","title":{"rendered":"GYS 1 DEFLECTOR WITH CUTTING SHIELD 45\/85A &#8211; PLASMA TORCH AT-125 039292"},"content":{"rendered":"<p>We are the official distributor and authorized service provider of the GYS brand in Poland.<\/p>\n<p>A single, combined deflector with a high-quality cutting shield, designed for AT-125 automatic plasma torches operating in the current range of 45 to 85 amperes. This integrated solution combines the functions of guiding the flow of shielding gas (deflector) with the protection of the nozzle and torch components from molten material splatter (shield). Precise guiding of the shielding gas stabilizes the plasma arc, improves the quality of the cut and efficiently removes spoil. At the same time, the shield protects against mechanical and thermal damage. Made of durable, high-temperature resistant materials, this combination element ensures long life and reliable operation. Regular inspection and replacement of a worn or damaged deflector with guard is essential to maintain optimal cutting quality and torch performance. This single part is designed for users of AT-125 automatic burners operating in the 45-85A range who need to replace this particular integrated component.      <\/p>\n","protected":false},"excerpt":{"rendered":"<p>Single deflector with 45\/85A cutting shield for AT-125 automatic plasma torch.<\/p>\n","protected":false},"featured_media":29397,"template":"","meta":{"inline_featured_image":false},"product_brand":[999],"product_cat":[475,5686,5687],"product_tag":[5426,5781,6056,5805,5751,6049,5759,6052,5757,6055,6058,5592,5255,5688,6057,5814,5736],"class_list":{"0":"post-37448","1":"product","2":"type-product","3":"status-publish","4":"has-post-thumbnail","6":"product_brand-gys","7":"product_cat-accessories-parts","8":"product_cat-brand-zone","9":"product_cat-gys","10":"product_tag-45a-en","11":"product_tag-85a-en","12":"product_tag-arch-stabilization","13":"product_tag-at-125-en","14":"product_tag-automatic","15":"product_tag-burner-protection","16":"product_tag-current-range","17":"product_tag-cutting-guard","18":"product_tag-cutting-quality","19":"product_tag-deflector","20":"product_tag-integrated-deflector-with-cover","21":"product_tag-plasma","22":"product_tag-plasma-cutting","23":"product_tag-plasma-torch","24":"product_tag-shielding-gas","25":"product_tag-single-en","26":"product_tag-spare-parts","28":"first","29":"onbackorder","30":"taxable","31":"shipping-taxable","32":"purchasable","33":"product-type-simple"},"yoast_head":"<!-- This site is optimized with the Yoast SEO Premium plugin v27.0 (Yoast SEO v27.3) - https:\/\/yoast.com\/product\/yoast-seo-premium-wordpress\/ -->\n<title>GYS 1 DEFLECTOR WITH CUTTING SHIELD 45\/85A - PLASMA TORCH AT-125 039292<\/title>\n<meta name=\"description\" content=\"Single deflector integrated into the cutting shield replacement for the AT-125 (45-85A) automatic plasma torch. Combines shield gas routing with torch protection to improve cutting quality.\" \/>\n<meta name=\"robots\" content=\"index, follow, max-snippet:-1, max-image-preview:large, max-video-preview:-1\" \/>\n<link rel=\"canonical\" href=\"https:\/\/spawlab.pl\/en\/produkt\/gys-1-deflector-with-cutting-shield-45-85a-plasma-torch-at-125-039292\/\" \/>\n<meta property=\"og:locale\" content=\"en_US\" \/>\n<meta property=\"og:type\" content=\"article\" \/>\n<meta property=\"og:title\" content=\"GYS 1 DEFLECTOR WITH CUTTING SHIELD 45\/85A - PLASMA TORCH AT-125 039292\" \/>\n<meta property=\"og:description\" content=\"Lider sprzeda\u017cy, Oficjalny Dystrybutor Premium i Serwis na Polsk\u0119 Migatronic, Gys, Voestalpine Bohler Welding. Nowe i u\u017cywane Spawarki, Przecinarki Plazmowe, Kompresory. Mgr in\u017c. Jaros\u0142aw Ko\u0142aski, IWE\" \/>\n<meta property=\"og:url\" content=\"https:\/\/spawlab.pl\/en\/produkt\/gys-1-deflector-with-cutting-shield-45-85a-plasma-torch-at-125-039292\/\" \/>\n<meta property=\"og:site_name\" content=\"SpawLab - Welding equipment and plasma cutters - store and service\" \/>\n<meta property=\"article:publisher\" content=\"https:\/\/www.facebook.com\/Spawlab\/\" \/>\n<meta property=\"og:image\" content=\"https:\/\/spawlab.pl\/wp-content\/uploads\/2025\/05\/039292_KEY_.jpg\" \/>\n\t<meta property=\"og:image:width\" content=\"814\" \/>\n\t<meta property=\"og:image:height\" content=\"928\" \/>\n\t<meta property=\"og:image:type\" content=\"image\/jpeg\" \/>\n<meta name=\"twitter:label1\" content=\"Price\" \/>\n\t<meta name=\"twitter:data1\" content=\"86,86&nbsp;&#122;&#322; (70,62&nbsp;&#122;&#322; netto)\" \/>\n\t<meta name=\"twitter:label2\" content=\"Availability\" \/>\n\t<meta name=\"twitter:data2\" content=\"On backorder\" \/>\n<script type=\"application\/ld+json\" class=\"yoast-schema-graph\">{\"@context\":\"https:\\\/\\\/schema.org\",\"@graph\":[{\"@type\":[\"WebPage\",\"ItemPage\"],\"@id\":\"https:\\\/\\\/spawlab.pl\\\/en\\\/produkt\\\/gys-1-deflector-with-cutting-shield-45-85a-plasma-torch-at-125-039292\\\/\",\"url\":\"https:\\\/\\\/spawlab.pl\\\/en\\\/produkt\\\/gys-1-deflector-with-cutting-shield-45-85a-plasma-torch-at-125-039292\\\/\",\"name\":\"GYS 1 DEFLECTOR WITH CUTTING SHIELD 45\\\/85A - PLASMA TORCH AT-125 039292\",\"isPartOf\":{\"@id\":\"https:\\\/\\\/spawlab.pl\\\/en\\\/#website\"},\"primaryImageOfPage\":{\"@id\":\"https:\\\/\\\/spawlab.pl\\\/en\\\/produkt\\\/gys-1-deflector-with-cutting-shield-45-85a-plasma-torch-at-125-039292\\\/#primaryimage\"},\"image\":{\"@id\":\"https:\\\/\\\/spawlab.pl\\\/en\\\/produkt\\\/gys-1-deflector-with-cutting-shield-45-85a-plasma-torch-at-125-039292\\\/#primaryimage\"},\"thumbnailUrl\":\"https:\\\/\\\/spawlab.pl\\\/wp-content\\\/uploads\\\/2025\\\/05\\\/039292_KEY_.jpg\",\"datePublished\":\"2025-05-01T06:25:30+00:00\",\"description\":\"Single deflector integrated into the cutting shield replacement for the AT-125 (45-85A) automatic plasma torch. Combines shield gas routing with torch protection to improve cutting quality.\",\"breadcrumb\":{\"@id\":\"https:\\\/\\\/spawlab.pl\\\/en\\\/produkt\\\/gys-1-deflector-with-cutting-shield-45-85a-plasma-torch-at-125-039292\\\/#breadcrumb\"},\"inLanguage\":\"en-US\",\"potentialAction\":[{\"@type\":\"ReadAction\",\"target\":[\"https:\\\/\\\/spawlab.pl\\\/en\\\/produkt\\\/gys-1-deflector-with-cutting-shield-45-85a-plasma-torch-at-125-039292\\\/\"]}]},{\"@type\":\"ImageObject\",\"inLanguage\":\"en-US\",\"@id\":\"https:\\\/\\\/spawlab.pl\\\/en\\\/produkt\\\/gys-1-deflector-with-cutting-shield-45-85a-plasma-torch-at-125-039292\\\/#primaryimage\",\"url\":\"https:\\\/\\\/spawlab.pl\\\/wp-content\\\/uploads\\\/2025\\\/05\\\/039292_KEY_.jpg\",\"contentUrl\":\"https:\\\/\\\/spawlab.pl\\\/wp-content\\\/uploads\\\/2025\\\/05\\\/039292_KEY_.jpg\",\"width\":814,\"height\":928},{\"@type\":\"BreadcrumbList\",\"@id\":\"https:\\\/\\\/spawlab.pl\\\/en\\\/produkt\\\/gys-1-deflector-with-cutting-shield-45-85a-plasma-torch-at-125-039292\\\/#breadcrumb\",\"itemListElement\":[{\"@type\":\"ListItem\",\"position\":1,\"name\":\"Strona g\u0142\u00f3wna\",\"item\":\"https:\\\/\\\/spawlab.pl\\\/en\\\/\"},{\"@type\":\"ListItem\",\"position\":2,\"name\":\"Store\",\"item\":\"https:\\\/\\\/spawlab.pl\\\/en\\\/shop\\\/\"},{\"@type\":\"ListItem\",\"position\":3,\"name\":\"GYS 1 DEFLECTOR WITH CUTTING SHIELD 45\\\/85A &#8211; PLASMA TORCH AT-125 039292\"}]},{\"@type\":\"WebSite\",\"@id\":\"https:\\\/\\\/spawlab.pl\\\/en\\\/#website\",\"url\":\"https:\\\/\\\/spawlab.pl\\\/en\\\/\",\"name\":\"Spawlab.pl Lider - Spawarki, Przecinarki Plazmowe, Kompresory\",\"description\":\"Urz\u0105dzenia spawalnicze i Przecinarki plazmowe\\\/ nowe i u\u017cywane \\\/ Profesjonalny serwis\",\"publisher\":{\"@id\":\"https:\\\/\\\/spawlab.pl\\\/en\\\/#organization\"},\"alternateName\":\"Spawlab.pl - Dystrybutor Premium i Serwis na Polske Migatronic, Gys, Voestalpine Bohler Welding\",\"potentialAction\":[{\"@type\":\"SearchAction\",\"target\":{\"@type\":\"EntryPoint\",\"urlTemplate\":\"https:\\\/\\\/spawlab.pl\\\/en\\\/?s={search_term_string}\"},\"query-input\":{\"@type\":\"PropertyValueSpecification\",\"valueRequired\":true,\"valueName\":\"search_term_string\"}}],\"inLanguage\":\"en-US\"},{\"@type\":[\"Organization\",\"Place\"],\"@id\":\"https:\\\/\\\/spawlab.pl\\\/en\\\/#organization\",\"name\":\"Spawlab.pl\",\"url\":\"https:\\\/\\\/spawlab.pl\\\/en\\\/\",\"logo\":{\"@id\":\"https:\\\/\\\/spawlab.pl\\\/en\\\/produkt\\\/gys-1-deflector-with-cutting-shield-45-85a-plasma-torch-at-125-039292\\\/#local-main-organization-logo\"},\"image\":{\"@id\":\"https:\\\/\\\/spawlab.pl\\\/en\\\/produkt\\\/gys-1-deflector-with-cutting-shield-45-85a-plasma-torch-at-125-039292\\\/#local-main-organization-logo\"},\"sameAs\":[\"https:\\\/\\\/www.facebook.com\\\/Spawlab\\\/\",\"https:\\\/\\\/www.linkedin.com\\\/company\\\/spawlab\",\"https:\\\/\\\/www.instagram.com\\\/spawlab.pl\",\"https:\\\/\\\/www.tiktok.com\\\/@spawlab\"],\"description\":\"Lider sprzeda\u017cy, Oficjalny Dystrybutor Premium i Serwis na Polsk\u0119 Migatronic, Gys, Voestalpine Bohler Welding. Nowe i u\u017cywane Spawarki, Przecinarki Plazmowe, Kompresory. Mgr in\u017c. Jaros\u0142aw Ko\u0142aski, IWE\",\"hasMerchantReturnPolicy\":{\"@type\":\"MerchantReturnPolicy\",\"merchantReturnLink\":\"https:\\\/\\\/spawlab.pl\\\/polityka-prywatnosci-2\\\/\"},\"telephone\":[],\"openingHoursSpecification\":[{\"@type\":\"OpeningHoursSpecification\",\"dayOfWeek\":[\"Monday\",\"Tuesday\",\"Wednesday\",\"Thursday\",\"Friday\",\"Saturday\",\"Sunday\"],\"opens\":\"09:00\",\"closes\":\"17:00\"}]},{\"@type\":\"ImageObject\",\"inLanguage\":\"en-US\",\"@id\":\"https:\\\/\\\/spawlab.pl\\\/en\\\/produkt\\\/gys-1-deflector-with-cutting-shield-45-85a-plasma-torch-at-125-039292\\\/#local-main-organization-logo\",\"url\":\"https:\\\/\\\/spawlab.pl\\\/wp-content\\\/uploads\\\/2022\\\/01\\\/olx.jpg\",\"contentUrl\":\"https:\\\/\\\/spawlab.pl\\\/wp-content\\\/uploads\\\/2022\\\/01\\\/olx.jpg\",\"width\":200,\"height\":200,\"caption\":\"Spawlab.pl\"}]}<\/script>\n<meta property=\"product:price:amount\" content=\"86.86\" \/>\n<meta property=\"product:price:currency\" content=\"PLN\" \/>\n<meta property=\"og:availability\" content=\"backorder\" \/>\n<meta property=\"product:availability\" content=\"available for order\" \/>\n<meta property=\"product:retailer_item_id\" content=\"039292\" \/>\n<meta property=\"product:condition\" content=\"new\" \/>\n<!-- \/ Yoast SEO Premium plugin. -->","yoast_head_json":{"title":"GYS 1 DEFLECTOR WITH CUTTING SHIELD 45\/85A - PLASMA TORCH AT-125 039292","description":"Single deflector integrated into the cutting shield replacement for the AT-125 (45-85A) automatic plasma torch. Combines shield gas routing with torch protection to improve cutting quality.","robots":{"index":"index","follow":"follow","max-snippet":"max-snippet:-1","max-image-preview":"max-image-preview:large","max-video-preview":"max-video-preview:-1"},"canonical":"https:\/\/spawlab.pl\/en\/produkt\/gys-1-deflector-with-cutting-shield-45-85a-plasma-torch-at-125-039292\/","og_locale":"en_US","og_type":"article","og_title":"GYS 1 DEFLECTOR WITH CUTTING SHIELD 45\/85A - PLASMA TORCH AT-125 039292","og_description":"Lider sprzeda\u017cy, Oficjalny Dystrybutor Premium i Serwis na Polsk\u0119 Migatronic, Gys, Voestalpine Bohler Welding. Nowe i u\u017cywane Spawarki, Przecinarki Plazmowe, Kompresory. Mgr in\u017c. Jaros\u0142aw Ko\u0142aski, IWE","og_url":"https:\/\/spawlab.pl\/en\/produkt\/gys-1-deflector-with-cutting-shield-45-85a-plasma-torch-at-125-039292\/","og_site_name":"SpawLab - Welding equipment and plasma cutters - store and service","article_publisher":"https:\/\/www.facebook.com\/Spawlab\/","og_image":[{"width":814,"height":928,"url":"https:\/\/spawlab.pl\/wp-content\/uploads\/2025\/05\/039292_KEY_.jpg","type":"image\/jpeg"}],"twitter_misc":{"Price":"86,86&nbsp;&#122;&#322; (70,62&nbsp;&#122;&#322; netto)","Availability":"On backorder"},"schema":{"@context":"https:\/\/schema.org","@graph":[{"@type":["WebPage","ItemPage"],"@id":"https:\/\/spawlab.pl\/en\/produkt\/gys-1-deflector-with-cutting-shield-45-85a-plasma-torch-at-125-039292\/","url":"https:\/\/spawlab.pl\/en\/produkt\/gys-1-deflector-with-cutting-shield-45-85a-plasma-torch-at-125-039292\/","name":"GYS 1 DEFLECTOR WITH CUTTING SHIELD 45\/85A - PLASMA TORCH AT-125 039292","isPartOf":{"@id":"https:\/\/spawlab.pl\/en\/#website"},"primaryImageOfPage":{"@id":"https:\/\/spawlab.pl\/en\/produkt\/gys-1-deflector-with-cutting-shield-45-85a-plasma-torch-at-125-039292\/#primaryimage"},"image":{"@id":"https:\/\/spawlab.pl\/en\/produkt\/gys-1-deflector-with-cutting-shield-45-85a-plasma-torch-at-125-039292\/#primaryimage"},"thumbnailUrl":"https:\/\/spawlab.pl\/wp-content\/uploads\/2025\/05\/039292_KEY_.jpg","datePublished":"2025-05-01T06:25:30+00:00","description":"Single deflector integrated into the cutting shield replacement for the AT-125 (45-85A) automatic plasma torch. Combines shield gas routing with torch protection to improve cutting quality.","breadcrumb":{"@id":"https:\/\/spawlab.pl\/en\/produkt\/gys-1-deflector-with-cutting-shield-45-85a-plasma-torch-at-125-039292\/#breadcrumb"},"inLanguage":"en-US","potentialAction":[{"@type":"ReadAction","target":["https:\/\/spawlab.pl\/en\/produkt\/gys-1-deflector-with-cutting-shield-45-85a-plasma-torch-at-125-039292\/"]}]},{"@type":"ImageObject","inLanguage":"en-US","@id":"https:\/\/spawlab.pl\/en\/produkt\/gys-1-deflector-with-cutting-shield-45-85a-plasma-torch-at-125-039292\/#primaryimage","url":"https:\/\/spawlab.pl\/wp-content\/uploads\/2025\/05\/039292_KEY_.jpg","contentUrl":"https:\/\/spawlab.pl\/wp-content\/uploads\/2025\/05\/039292_KEY_.jpg","width":814,"height":928},{"@type":"BreadcrumbList","@id":"https:\/\/spawlab.pl\/en\/produkt\/gys-1-deflector-with-cutting-shield-45-85a-plasma-torch-at-125-039292\/#breadcrumb","itemListElement":[{"@type":"ListItem","position":1,"name":"Strona g\u0142\u00f3wna","item":"https:\/\/spawlab.pl\/en\/"},{"@type":"ListItem","position":2,"name":"Store","item":"https:\/\/spawlab.pl\/en\/shop\/"},{"@type":"ListItem","position":3,"name":"GYS 1 DEFLECTOR WITH CUTTING SHIELD 45\/85A &#8211; PLASMA TORCH AT-125 039292"}]},{"@type":"WebSite","@id":"https:\/\/spawlab.pl\/en\/#website","url":"https:\/\/spawlab.pl\/en\/","name":"Spawlab.pl Lider - Spawarki, Przecinarki Plazmowe, Kompresory","description":"Urz\u0105dzenia spawalnicze i Przecinarki plazmowe\/ nowe i u\u017cywane \/ Profesjonalny serwis","publisher":{"@id":"https:\/\/spawlab.pl\/en\/#organization"},"alternateName":"Spawlab.pl - Dystrybutor Premium i Serwis na Polske Migatronic, Gys, Voestalpine Bohler Welding","potentialAction":[{"@type":"SearchAction","target":{"@type":"EntryPoint","urlTemplate":"https:\/\/spawlab.pl\/en\/?s={search_term_string}"},"query-input":{"@type":"PropertyValueSpecification","valueRequired":true,"valueName":"search_term_string"}}],"inLanguage":"en-US"},{"@type":["Organization","Place"],"@id":"https:\/\/spawlab.pl\/en\/#organization","name":"Spawlab.pl","url":"https:\/\/spawlab.pl\/en\/","logo":{"@id":"https:\/\/spawlab.pl\/en\/produkt\/gys-1-deflector-with-cutting-shield-45-85a-plasma-torch-at-125-039292\/#local-main-organization-logo"},"image":{"@id":"https:\/\/spawlab.pl\/en\/produkt\/gys-1-deflector-with-cutting-shield-45-85a-plasma-torch-at-125-039292\/#local-main-organization-logo"},"sameAs":["https:\/\/www.facebook.com\/Spawlab\/","https:\/\/www.linkedin.com\/company\/spawlab","https:\/\/www.instagram.com\/spawlab.pl","https:\/\/www.tiktok.com\/@spawlab"],"description":"Lider sprzeda\u017cy, Oficjalny Dystrybutor Premium i Serwis na Polsk\u0119 Migatronic, Gys, Voestalpine Bohler Welding. Nowe i u\u017cywane Spawarki, Przecinarki Plazmowe, Kompresory. Mgr in\u017c. Jaros\u0142aw Ko\u0142aski, IWE","hasMerchantReturnPolicy":{"@type":"MerchantReturnPolicy","merchantReturnLink":"https:\/\/spawlab.pl\/polityka-prywatnosci-2\/"},"telephone":[],"openingHoursSpecification":[{"@type":"OpeningHoursSpecification","dayOfWeek":["Monday","Tuesday","Wednesday","Thursday","Friday","Saturday","Sunday"],"opens":"09:00","closes":"17:00"}]},{"@type":"ImageObject","inLanguage":"en-US","@id":"https:\/\/spawlab.pl\/en\/produkt\/gys-1-deflector-with-cutting-shield-45-85a-plasma-torch-at-125-039292\/#local-main-organization-logo","url":"https:\/\/spawlab.pl\/wp-content\/uploads\/2022\/01\/olx.jpg","contentUrl":"https:\/\/spawlab.pl\/wp-content\/uploads\/2022\/01\/olx.jpg","width":200,"height":200,"caption":"Spawlab.pl"}]},"product_price_amount":"86.86","product_price_currency":"PLN","og_availability":"backorder","product_availability":"available for order","product_retailer_item_id":"039292","product_condition":"new"},"_links":{"self":[{"href":"https:\/\/spawlab.pl\/en\/wp-json\/wp\/v2\/product\/37448","targetHints":{"allow":["GET"]}}],"collection":[{"href":"https:\/\/spawlab.pl\/en\/wp-json\/wp\/v2\/product"}],"about":[{"href":"https:\/\/spawlab.pl\/en\/wp-json\/wp\/v2\/types\/product"}],"wp:featuredmedia":[{"embeddable":true,"href":"https:\/\/spawlab.pl\/en\/wp-json\/wp\/v2\/media\/29397"}],"wp:attachment":[{"href":"https:\/\/spawlab.pl\/en\/wp-json\/wp\/v2\/media?parent=37448"}],"wp:term":[{"taxonomy":"product_brand","embeddable":true,"href":"https:\/\/spawlab.pl\/en\/wp-json\/wp\/v2\/product_brand?post=37448"},{"taxonomy":"product_cat","embeddable":true,"href":"https:\/\/spawlab.pl\/en\/wp-json\/wp\/v2\/product_cat?post=37448"},{"taxonomy":"product_tag","embeddable":true,"href":"https:\/\/spawlab.pl\/en\/wp-json\/wp\/v2\/product_tag?post=37448"}],"curies":[{"name":"wp","href":"https:\/\/api.w.org\/{rel}","templated":true}]}}