{"id":37496,"date":"2025-05-01T08:43:25","date_gmt":"2025-05-01T06:43:25","guid":{"rendered":"https:\/\/spawlab.pl\/produkt\/gys-krypton-231-dc-fv-without-accessories-075245\/"},"modified":"2025-05-01T08:43:25","modified_gmt":"2025-05-01T06:43:25","slug":"gys-krypton-231-dc-fv-without-accessories-075245","status":"publish","type":"product","link":"https:\/\/spawlab.pl\/en\/produkt\/gys-krypton-231-dc-fv-without-accessories-075245\/","title":{"rendered":"GYS KRYPTON 231 DC FV &#8211; WITHOUT ACCESSORIES 075245"},"content":{"rendered":"<p>We are the official distributor and authorized service provider of the GYS brand in Poland.<\/p>\n<p>GYS KRYPTON 231 DC FV is a compact and versatile inverter welding machine, single-phase (230V), designed for professional TIG DC (Tungsten Inert Gas) welding with two types of arc ignition: HF (non-contact) and Lift Arc (contact), as well as for MMA (Manual Metal Arc) welding.<\/p>\n<p>Like the PROTIG FV series, the KRYPTON 231 DC FV model is equipped with FV (Flexible Voltage) technology, allowing it to operate over a wide range of supply voltages from 85V to 265V. This makes the welder ideal for use in various locations with unstable power supplies and long extension cords. In addition, it has PFC (Power Factor Correction), which optimizes power consumption and increases resistance to voltage fluctuations.  <\/p>\n<p>The welder offers a maximum welding current of 230 amperes. The \u201cno accessory\u201d version means that only the welder itself is included, without the TIG handle, MMA handle, ground wire and other welding essentials. <\/p>\n<p>Key features of the KRYPTON 231 DC FV welder:<\/p>\n<p>DC TIG welding: High quality welds on carbon steel, stainless steel, copper and its alloys.<br \/>\nTwo types of TIG ignition:<br \/>\nHF (High Frequency): Non-contact arc ignition, ideal for precision work and avoiding contamination.<br \/>\nLift Arc: Occlusion by touching the tungsten electrode to the material to be welded, recommended in environments sensitive to electromagnetic interference.<br \/>\nGas Post Flow Function: Adjustable gas post flow time protects the weld from oxidation and cools the electrode.<br \/>\nMMA welding: Capable of welding with covered electrodes up to 5 mm in diameter (rutile, basic).<br \/>\nMMA support functions:<br \/>\nAdjustable Hot Start: Facilitates arc ignition.<br \/>\nAdjustable Arclace: Stabilizes the arc and prevents electrode sticking.<br \/>\nAnti-Sticking: Prevents the electrode from sticking to the material being welded.<br \/>\nCompact and lightweight design: Makes it easy to transport and work in various locations.<br \/>\nIntuitive control panel: Simple adjustment of welding parameters.<br \/>\n2T\/4T functions: two handle modes for greater welding compdlat.<br \/>\nPULSE TIG function: Allows pulsed TIG welding with frequency control.<br \/>\nFV (Flexible Voltage) Technology: Operating in the range of 85-265V.<br \/>\nPFC (Power Factor Correction): Optimizes power consumption.<br \/>\nOvervoltage protection.<br \/>\nApplication:<\/p>\n<p>The KRYPTON 231 DC FV without accessories is the ideal base for professional welders who need a versatile and reliable DC\/MMA TIG welder with the ability to work with unstable power voltage. The user needs to buy a suitable TIG holder, MMA holder, ground wire and other accessories. The welder will perform well in precision welding work on a variety of materials in workshops, assembly shops and other demanding environments.  <\/p>\n","protected":false},"excerpt":{"rendered":"<p>Compact DC TIG HF\/Lift\/MMA welder (with PULS) GYS KRYPTON 231 DC FV (230A) without accessories, with FV and PFC technology.<\/p>\n","protected":false},"featured_media":30565,"template":"","meta":{"inline_featured_image":false},"product_brand":[999],"product_cat":[505,495,507],"product_tag":[],"class_list":{"0":"post-37496","1":"product","2":"type-product","3":"status-publish","4":"has-post-thumbnail","6":"product_brand-gys","7":"product_cat-dc-en","8":"product_cat-gas-cooled-en-4","9":"product_cat-tig-en-2","11":"first","12":"instock","13":"taxable","14":"shipping-taxable","15":"purchasable","16":"product-type-simple"},"yoast_head":"<!-- This site is optimized with the Yoast SEO Premium plugin v27.5 (Yoast SEO v27.6) - https:\/\/yoast.com\/product\/yoast-seo-premium-wordpress\/ -->\n<title>GYS KRYPTON 231 DC FV - WITHOUT ACCESSORIES 075245<\/title>\n<meta name=\"description\" content=\"The versatile GYS KRYPTON 231 DC FV (075245) DC TIG HF\/Lift\/MMA welder without accessories, with Flexible Voltage and Power Factor Correction technology, ideal for professional applications in various power conditions.\" \/>\n<meta name=\"robots\" content=\"index, follow, max-snippet:-1, max-image-preview:large, max-video-preview:-1\" \/>\n<link rel=\"canonical\" href=\"https:\/\/spawlab.pl\/en\/produkt\/gys-krypton-231-dc-fv-without-accessories-075245\/\" \/>\n<meta property=\"og:locale\" content=\"en_US\" \/>\n<meta property=\"og:type\" content=\"article\" \/>\n<meta property=\"og:title\" content=\"GYS KRYPTON 231 DC FV - WITHOUT ACCESSORIES 075245\" \/>\n<meta property=\"og:description\" content=\"Lider sprzeda\u017cy, Oficjalny Dystrybutor Premium i Serwis na Polsk\u0119 Migatronic, Gys, Voestalpine Bohler Welding. Nowe i u\u017cywane Spawarki, Przecinarki Plazmowe, Kompresory. Mgr in\u017c. Jaros\u0142aw Ko\u0142aski, IWE\" \/>\n<meta property=\"og:url\" content=\"https:\/\/spawlab.pl\/en\/produkt\/gys-krypton-231-dc-fv-without-accessories-075245\/\" \/>\n<meta property=\"og:site_name\" content=\"SpawLab - Welding equipment and plasma cutters - store and service\" \/>\n<meta property=\"article:publisher\" content=\"https:\/\/www.facebook.com\/Spawlab\/\" \/>\n<meta property=\"og:image\" content=\"https:\/\/spawlab.pl\/wp-content\/uploads\/2025\/05\/075245_PRO_QF-1024x968.png\" \/>\n\t<meta property=\"og:image:width\" content=\"1024\" \/>\n\t<meta property=\"og:image:height\" content=\"968\" \/>\n\t<meta property=\"og:image:type\" content=\"image\/png\" \/>\n<meta name=\"twitter:label1\" content=\"Price\" \/>\n\t<meta name=\"twitter:data1\" content=\"9 245,00&nbsp;&#122;&#322; (7 516,26&nbsp;&#122;&#322; netto)\" \/>\n\t<meta name=\"twitter:label2\" content=\"Availability\" \/>\n\t<meta name=\"twitter:data2\" content=\"In stock\" \/>\n<script type=\"application\/ld+json\" class=\"yoast-schema-graph\">{\"@context\":\"https:\\\/\\\/schema.org\",\"@graph\":[{\"@type\":[\"WebPage\",\"ItemPage\"],\"@id\":\"https:\\\/\\\/spawlab.pl\\\/en\\\/produkt\\\/gys-krypton-231-dc-fv-without-accessories-075245\\\/\",\"url\":\"https:\\\/\\\/spawlab.pl\\\/en\\\/produkt\\\/gys-krypton-231-dc-fv-without-accessories-075245\\\/\",\"name\":\"GYS KRYPTON 231 DC FV - WITHOUT ACCESSORIES 075245\",\"isPartOf\":{\"@id\":\"https:\\\/\\\/spawlab.pl\\\/en\\\/#website\"},\"primaryImageOfPage\":{\"@id\":\"https:\\\/\\\/spawlab.pl\\\/en\\\/produkt\\\/gys-krypton-231-dc-fv-without-accessories-075245\\\/#primaryimage\"},\"image\":{\"@id\":\"https:\\\/\\\/spawlab.pl\\\/en\\\/produkt\\\/gys-krypton-231-dc-fv-without-accessories-075245\\\/#primaryimage\"},\"thumbnailUrl\":\"https:\\\/\\\/spawlab.pl\\\/wp-content\\\/uploads\\\/2025\\\/05\\\/075245_PRO_QF.png\",\"datePublished\":\"2025-05-01T06:43:25+00:00\",\"description\":\"The versatile GYS KRYPTON 231 DC FV (075245) DC TIG HF\\\/Lift\\\/MMA welder without accessories, with Flexible Voltage and Power Factor Correction technology, ideal for professional applications in various power conditions.\",\"breadcrumb\":{\"@id\":\"https:\\\/\\\/spawlab.pl\\\/en\\\/produkt\\\/gys-krypton-231-dc-fv-without-accessories-075245\\\/#breadcrumb\"},\"inLanguage\":\"en-US\",\"potentialAction\":[{\"@type\":\"ReadAction\",\"target\":[\"https:\\\/\\\/spawlab.pl\\\/en\\\/produkt\\\/gys-krypton-231-dc-fv-without-accessories-075245\\\/\"]}]},{\"@type\":\"ImageObject\",\"inLanguage\":\"en-US\",\"@id\":\"https:\\\/\\\/spawlab.pl\\\/en\\\/produkt\\\/gys-krypton-231-dc-fv-without-accessories-075245\\\/#primaryimage\",\"url\":\"https:\\\/\\\/spawlab.pl\\\/wp-content\\\/uploads\\\/2025\\\/05\\\/075245_PRO_QF.png\",\"contentUrl\":\"https:\\\/\\\/spawlab.pl\\\/wp-content\\\/uploads\\\/2025\\\/05\\\/075245_PRO_QF.png\",\"width\":2048,\"height\":1936},{\"@type\":\"BreadcrumbList\",\"@id\":\"https:\\\/\\\/spawlab.pl\\\/en\\\/produkt\\\/gys-krypton-231-dc-fv-without-accessories-075245\\\/#breadcrumb\",\"itemListElement\":[{\"@type\":\"ListItem\",\"position\":1,\"name\":\"Strona g\u0142\u00f3wna\",\"item\":\"https:\\\/\\\/spawlab.pl\\\/en\\\/\"},{\"@type\":\"ListItem\",\"position\":2,\"name\":\"Store\",\"item\":\"https:\\\/\\\/spawlab.pl\\\/en\\\/shop\\\/\"},{\"@type\":\"ListItem\",\"position\":3,\"name\":\"GYS KRYPTON 231 DC FV &#8211; WITHOUT ACCESSORIES 075245\"}]},{\"@type\":\"WebSite\",\"@id\":\"https:\\\/\\\/spawlab.pl\\\/en\\\/#website\",\"url\":\"https:\\\/\\\/spawlab.pl\\\/en\\\/\",\"name\":\"Spawlab.pl Lider - Spawarki, Przecinarki Plazmowe, Kompresory\",\"description\":\"Urz\u0105dzenia spawalnicze i Przecinarki plazmowe\\\/ nowe i u\u017cywane \\\/ Profesjonalny serwis\",\"publisher\":{\"@id\":\"https:\\\/\\\/spawlab.pl\\\/en\\\/#organization\"},\"alternateName\":\"Spawlab.pl - Dystrybutor Premium i Serwis na Polske Migatronic, Gys, Voestalpine Bohler Welding\",\"potentialAction\":[{\"@type\":\"SearchAction\",\"target\":{\"@type\":\"EntryPoint\",\"urlTemplate\":\"https:\\\/\\\/spawlab.pl\\\/en\\\/?s={search_term_string}\"},\"query-input\":{\"@type\":\"PropertyValueSpecification\",\"valueRequired\":true,\"valueName\":\"search_term_string\"}}],\"inLanguage\":\"en-US\"},{\"@type\":[\"Organization\",\"Place\"],\"@id\":\"https:\\\/\\\/spawlab.pl\\\/en\\\/#organization\",\"name\":\"Spawlab.pl\",\"url\":\"https:\\\/\\\/spawlab.pl\\\/en\\\/\",\"logo\":{\"@id\":\"https:\\\/\\\/spawlab.pl\\\/en\\\/produkt\\\/gys-krypton-231-dc-fv-without-accessories-075245\\\/#local-main-organization-logo\"},\"image\":{\"@id\":\"https:\\\/\\\/spawlab.pl\\\/en\\\/produkt\\\/gys-krypton-231-dc-fv-without-accessories-075245\\\/#local-main-organization-logo\"},\"sameAs\":[\"https:\\\/\\\/www.facebook.com\\\/Spawlab\\\/\",\"https:\\\/\\\/www.linkedin.com\\\/company\\\/spawlab\",\"https:\\\/\\\/www.instagram.com\\\/spawlab.pl\",\"https:\\\/\\\/www.tiktok.com\\\/@spawlab\"],\"description\":\"Lider sprzeda\u017cy, Oficjalny Dystrybutor Premium i Serwis na Polsk\u0119 Migatronic, Gys, Voestalpine Bohler Welding. Nowe i u\u017cywane Spawarki, Przecinarki Plazmowe, Kompresory. Mgr in\u017c. Jaros\u0142aw Ko\u0142aski, IWE\",\"hasMerchantReturnPolicy\":{\"@type\":\"MerchantReturnPolicy\",\"merchantReturnLink\":\"https:\\\/\\\/spawlab.pl\\\/polityka-prywatnosci-2\\\/\"},\"telephone\":[],\"openingHoursSpecification\":[{\"@type\":\"OpeningHoursSpecification\",\"dayOfWeek\":[\"Monday\",\"Tuesday\",\"Wednesday\",\"Thursday\",\"Friday\",\"Saturday\",\"Sunday\"],\"opens\":\"09:00\",\"closes\":\"17:00\"}]},{\"@type\":\"ImageObject\",\"inLanguage\":\"en-US\",\"@id\":\"https:\\\/\\\/spawlab.pl\\\/en\\\/produkt\\\/gys-krypton-231-dc-fv-without-accessories-075245\\\/#local-main-organization-logo\",\"url\":\"https:\\\/\\\/spawlab.pl\\\/wp-content\\\/uploads\\\/2022\\\/01\\\/olx.jpg\",\"contentUrl\":\"https:\\\/\\\/spawlab.pl\\\/wp-content\\\/uploads\\\/2022\\\/01\\\/olx.jpg\",\"width\":200,\"height\":200,\"caption\":\"Spawlab.pl\"}]}<\/script>\n<meta property=\"product:price:amount\" content=\"9245.00\" \/>\n<meta property=\"product:price:currency\" content=\"PLN\" \/>\n<meta property=\"og:availability\" content=\"instock\" \/>\n<meta property=\"product:availability\" content=\"instock\" \/>\n<meta property=\"product:retailer_item_id\" content=\"75245\" \/>\n<meta property=\"product:condition\" content=\"new\" \/>\n<!-- \/ Yoast SEO Premium plugin. -->","yoast_head_json":{"title":"GYS KRYPTON 231 DC FV - WITHOUT ACCESSORIES 075245","description":"The versatile GYS KRYPTON 231 DC FV (075245) DC TIG HF\/Lift\/MMA welder without accessories, with Flexible Voltage and Power Factor Correction technology, ideal for professional applications in various power conditions.","robots":{"index":"index","follow":"follow","max-snippet":"max-snippet:-1","max-image-preview":"max-image-preview:large","max-video-preview":"max-video-preview:-1"},"canonical":"https:\/\/spawlab.pl\/en\/produkt\/gys-krypton-231-dc-fv-without-accessories-075245\/","og_locale":"en_US","og_type":"article","og_title":"GYS KRYPTON 231 DC FV - WITHOUT ACCESSORIES 075245","og_description":"Lider sprzeda\u017cy, Oficjalny Dystrybutor Premium i Serwis na Polsk\u0119 Migatronic, Gys, Voestalpine Bohler Welding. Nowe i u\u017cywane Spawarki, Przecinarki Plazmowe, Kompresory. Mgr in\u017c. Jaros\u0142aw Ko\u0142aski, IWE","og_url":"https:\/\/spawlab.pl\/en\/produkt\/gys-krypton-231-dc-fv-without-accessories-075245\/","og_site_name":"SpawLab - Welding equipment and plasma cutters - store and service","article_publisher":"https:\/\/www.facebook.com\/Spawlab\/","og_image":[{"width":1024,"height":968,"url":"https:\/\/spawlab.pl\/wp-content\/uploads\/2025\/05\/075245_PRO_QF-1024x968.png","type":"image\/png"}],"twitter_misc":{"Price":"9 245,00&nbsp;&#122;&#322; (7 516,26&nbsp;&#122;&#322; netto)","Availability":"In stock"},"schema":{"@context":"https:\/\/schema.org","@graph":[{"@type":["WebPage","ItemPage"],"@id":"https:\/\/spawlab.pl\/en\/produkt\/gys-krypton-231-dc-fv-without-accessories-075245\/","url":"https:\/\/spawlab.pl\/en\/produkt\/gys-krypton-231-dc-fv-without-accessories-075245\/","name":"GYS KRYPTON 231 DC FV - WITHOUT ACCESSORIES 075245","isPartOf":{"@id":"https:\/\/spawlab.pl\/en\/#website"},"primaryImageOfPage":{"@id":"https:\/\/spawlab.pl\/en\/produkt\/gys-krypton-231-dc-fv-without-accessories-075245\/#primaryimage"},"image":{"@id":"https:\/\/spawlab.pl\/en\/produkt\/gys-krypton-231-dc-fv-without-accessories-075245\/#primaryimage"},"thumbnailUrl":"https:\/\/spawlab.pl\/wp-content\/uploads\/2025\/05\/075245_PRO_QF.png","datePublished":"2025-05-01T06:43:25+00:00","description":"The versatile GYS KRYPTON 231 DC FV (075245) DC TIG HF\/Lift\/MMA welder without accessories, with Flexible Voltage and Power Factor Correction technology, ideal for professional applications in various power conditions.","breadcrumb":{"@id":"https:\/\/spawlab.pl\/en\/produkt\/gys-krypton-231-dc-fv-without-accessories-075245\/#breadcrumb"},"inLanguage":"en-US","potentialAction":[{"@type":"ReadAction","target":["https:\/\/spawlab.pl\/en\/produkt\/gys-krypton-231-dc-fv-without-accessories-075245\/"]}]},{"@type":"ImageObject","inLanguage":"en-US","@id":"https:\/\/spawlab.pl\/en\/produkt\/gys-krypton-231-dc-fv-without-accessories-075245\/#primaryimage","url":"https:\/\/spawlab.pl\/wp-content\/uploads\/2025\/05\/075245_PRO_QF.png","contentUrl":"https:\/\/spawlab.pl\/wp-content\/uploads\/2025\/05\/075245_PRO_QF.png","width":2048,"height":1936},{"@type":"BreadcrumbList","@id":"https:\/\/spawlab.pl\/en\/produkt\/gys-krypton-231-dc-fv-without-accessories-075245\/#breadcrumb","itemListElement":[{"@type":"ListItem","position":1,"name":"Strona g\u0142\u00f3wna","item":"https:\/\/spawlab.pl\/en\/"},{"@type":"ListItem","position":2,"name":"Store","item":"https:\/\/spawlab.pl\/en\/shop\/"},{"@type":"ListItem","position":3,"name":"GYS KRYPTON 231 DC FV &#8211; WITHOUT ACCESSORIES 075245"}]},{"@type":"WebSite","@id":"https:\/\/spawlab.pl\/en\/#website","url":"https:\/\/spawlab.pl\/en\/","name":"Spawlab.pl Lider - Spawarki, Przecinarki Plazmowe, Kompresory","description":"Urz\u0105dzenia spawalnicze i Przecinarki plazmowe\/ nowe i u\u017cywane \/ Profesjonalny serwis","publisher":{"@id":"https:\/\/spawlab.pl\/en\/#organization"},"alternateName":"Spawlab.pl - Dystrybutor Premium i Serwis na Polske Migatronic, Gys, Voestalpine Bohler Welding","potentialAction":[{"@type":"SearchAction","target":{"@type":"EntryPoint","urlTemplate":"https:\/\/spawlab.pl\/en\/?s={search_term_string}"},"query-input":{"@type":"PropertyValueSpecification","valueRequired":true,"valueName":"search_term_string"}}],"inLanguage":"en-US"},{"@type":["Organization","Place"],"@id":"https:\/\/spawlab.pl\/en\/#organization","name":"Spawlab.pl","url":"https:\/\/spawlab.pl\/en\/","logo":{"@id":"https:\/\/spawlab.pl\/en\/produkt\/gys-krypton-231-dc-fv-without-accessories-075245\/#local-main-organization-logo"},"image":{"@id":"https:\/\/spawlab.pl\/en\/produkt\/gys-krypton-231-dc-fv-without-accessories-075245\/#local-main-organization-logo"},"sameAs":["https:\/\/www.facebook.com\/Spawlab\/","https:\/\/www.linkedin.com\/company\/spawlab","https:\/\/www.instagram.com\/spawlab.pl","https:\/\/www.tiktok.com\/@spawlab"],"description":"Lider sprzeda\u017cy, Oficjalny Dystrybutor Premium i Serwis na Polsk\u0119 Migatronic, Gys, Voestalpine Bohler Welding. Nowe i u\u017cywane Spawarki, Przecinarki Plazmowe, Kompresory. Mgr in\u017c. Jaros\u0142aw Ko\u0142aski, IWE","hasMerchantReturnPolicy":{"@type":"MerchantReturnPolicy","merchantReturnLink":"https:\/\/spawlab.pl\/polityka-prywatnosci-2\/"},"telephone":[],"openingHoursSpecification":[{"@type":"OpeningHoursSpecification","dayOfWeek":["Monday","Tuesday","Wednesday","Thursday","Friday","Saturday","Sunday"],"opens":"09:00","closes":"17:00"}]},{"@type":"ImageObject","inLanguage":"en-US","@id":"https:\/\/spawlab.pl\/en\/produkt\/gys-krypton-231-dc-fv-without-accessories-075245\/#local-main-organization-logo","url":"https:\/\/spawlab.pl\/wp-content\/uploads\/2022\/01\/olx.jpg","contentUrl":"https:\/\/spawlab.pl\/wp-content\/uploads\/2022\/01\/olx.jpg","width":200,"height":200,"caption":"Spawlab.pl"}]},"product_price_amount":"9245.00","product_price_currency":"PLN","og_availability":"instock","product_availability":"instock","product_retailer_item_id":"75245","product_condition":"new"},"_links":{"self":[{"href":"https:\/\/spawlab.pl\/en\/wp-json\/wp\/v2\/product\/37496","targetHints":{"allow":["GET"]}}],"collection":[{"href":"https:\/\/spawlab.pl\/en\/wp-json\/wp\/v2\/product"}],"about":[{"href":"https:\/\/spawlab.pl\/en\/wp-json\/wp\/v2\/types\/product"}],"wp:featuredmedia":[{"embeddable":true,"href":"https:\/\/spawlab.pl\/en\/wp-json\/wp\/v2\/media\/30565"}],"wp:attachment":[{"href":"https:\/\/spawlab.pl\/en\/wp-json\/wp\/v2\/media?parent=37496"}],"wp:term":[{"taxonomy":"product_brand","embeddable":true,"href":"https:\/\/spawlab.pl\/en\/wp-json\/wp\/v2\/product_brand?post=37496"},{"taxonomy":"product_cat","embeddable":true,"href":"https:\/\/spawlab.pl\/en\/wp-json\/wp\/v2\/product_cat?post=37496"},{"taxonomy":"product_tag","embeddable":true,"href":"https:\/\/spawlab.pl\/en\/wp-json\/wp\/v2\/product_tag?post=37496"}],"curies":[{"name":"wp","href":"https:\/\/api.w.org\/{rel}","templated":true}]}}