{"id":37521,"date":"2025-05-01T08:32:10","date_gmt":"2025-05-01T06:32:10","guid":{"rendered":"https:\/\/spawlab.pl\/produkt\/gys-exagon-flex-tig-3-076280\/"},"modified":"2025-05-01T08:32:10","modified_gmt":"2025-05-01T06:32:10","slug":"gys-exagon-flex-tig-3-076280","status":"publish","type":"product","link":"https:\/\/spawlab.pl\/en\/produkt\/gys-exagon-flex-tig-3-076280\/","title":{"rendered":"GYS EXAGON FLEX TIG 3 076280"},"content":{"rendered":"<p>We are the official distributor and authorized service provider of the GYS brand in Poland.<\/p>\n<p>The EXAGON FLEX TIG 3 kit is the most extensive and professional TIG DC (Tungsten Inert Gas) with Lift Arc and MMA (Manual Metal Arc) welding kit from GYS, based on the inverter welder in the EXAGON FLEX series. As in previous versions of the \u201cFLEX,\u201d the welder in this kit offers the possibility of future expansion to include MIG\/MAG welding. \u201cKit 3,\u201d however, includes the most complete and high-quality set of accessories, ensuring maximum complt, safety and readiness for the most demanding TIG and MMA welding jobs.  <\/p>\n<p>Key features of the EXAGON FLEX TIG welder (included in the kit):<\/p>\n<p>The EXAGON FLEX TIG welder in this kit features:<\/p>\n<p>Highest precision TIG DC welding.<br \/>\nReliable Lift Arc ignition.<br \/>\nAdvanced Gas Post Flow function with adjustable timing.<br \/>\nExcellent MMA welding properties with adjustable Hot Start and Arclace functions and Anti-Sticking.<br \/>\nHigh productivity and duty cycle.<br \/>\nRobust and durable industrial design.<br \/>\nIntuitive and advanced control panel with program memory capability.<br \/>\nBuilt-in interface for connecting an external wire feeder (allowing future expansion to MIG\/MAG welding).<br \/>\nOptional VRD.<br \/>\nKit contents EXAGON FLEX TIG 3 kit (may vary depending on specific configuration, but typically includes):<\/p>\n<p>In addition to the EXAGON FLEX TIG DC\/MMA welder, the kit typically includes:<\/p>\n<p>Professional TIG chuck with ergonomic handle and adjustment (often with remote control option in the handle) and an extensive set of high-quality consumables (various ceramic and gas nozzles, gas lenses, collets of different diameters, collet connectors, tungsten electrodes of various diameters and types of the highest quality).<br \/>\nProfessional MMA electrode holder with ergonomic handle and long flexible cable.<br \/>\nProfessional ground wire with strong clamp.<br \/>\nHigh quality gas hose with quick disconnects.<br \/>\nProfessional two-meter pressure regulator for argon with rotameter.<br \/>\nTop-of-the-line self-darkening visor with a wide field of view, advanced adjustments (sensitivity, delay, DIN 5-13 darkening level), grinding mode and technology for realistic color reproduction.<br \/>\nHigh-quality, professional welding gloves (often several pairs for different purposes).<br \/>\nProfessional stainless steel wire brush.<br \/>\nSafety glasses for grinding.<br \/>\nWelding apron.<br \/>\nTungsten electrodes of various types and diameters in a dedicated container.<br \/>\nTransport case or sturdy case with compartments for accessories.<br \/>\nAdditional accessories: e.g. magnetic angle bracket, gas flow meter.<br \/>\nApplication:<\/p>\n<p>The EXAGON FLEX TIG 3 kit is an uncompromising solution for professional TIG welders who want the highest quality equipment with the possibility of future expansion to MIG\/MAG, maximum work compdlat and a full range of accessories for the most demanding welding tasks in industrial, aerospace, energy, precision manufacturing and other advanced applications.<\/p>\n","protected":false},"excerpt":{"rendered":"<p>The most advanced professional GYS EXAGON FLEX TIG DC\/MMA TIG 3 TIG welding kit with a powerful inverter welder with MIG\/MAG upgrade and a complete deluxe accessory kit.<\/p>\n","protected":false},"featured_media":30470,"template":"","meta":{"inline_featured_image":false},"product_brand":[999],"product_cat":[499],"product_tag":[],"class_list":{"0":"post-37521","1":"product","2":"type-product","3":"status-publish","4":"has-post-thumbnail","6":"product_brand-gys","7":"product_cat-mma-en-2","9":"first","10":"onbackorder","11":"taxable","12":"shipping-taxable","13":"purchasable","14":"product-type-simple"},"yoast_head":"<!-- This site is optimized with the Yoast SEO Premium plugin v27.0 (Yoast SEO v27.3) - https:\/\/yoast.com\/product\/yoast-seo-premium-wordpress\/ -->\n<title>GYS EXAGON FLEX TIG 3 076280<\/title>\n<meta name=\"description\" content=\"Exclusive GYS EXAGON FLEX TIG DC\/MMA TIG 3 (076280) TIG welding set with a top-of-the-line inverter welder with expandable capabilities, a professional TIG handle, an advanced self-darkening visor, a precision reducer and a complete set of top-quality accessories for the most demanding professionals.\" \/>\n<meta name=\"robots\" content=\"index, follow, max-snippet:-1, max-image-preview:large, max-video-preview:-1\" \/>\n<link rel=\"canonical\" href=\"https:\/\/spawlab.pl\/en\/produkt\/gys-exagon-flex-tig-3-076280\/\" \/>\n<meta property=\"og:locale\" content=\"en_US\" \/>\n<meta property=\"og:type\" content=\"article\" \/>\n<meta property=\"og:title\" content=\"GYS EXAGON FLEX TIG 3 076280\" \/>\n<meta property=\"og:description\" content=\"Lider sprzeda\u017cy, Oficjalny Dystrybutor Premium i Serwis na Polsk\u0119 Migatronic, Gys, Voestalpine Bohler Welding. Nowe i u\u017cywane Spawarki, Przecinarki Plazmowe, Kompresory. Mgr in\u017c. Jaros\u0142aw Ko\u0142aski, IWE\" \/>\n<meta property=\"og:url\" content=\"https:\/\/spawlab.pl\/en\/produkt\/gys-exagon-flex-tig-3-076280\/\" \/>\n<meta property=\"og:site_name\" content=\"SpawLab - Welding equipment and plasma cutters - store and service\" \/>\n<meta property=\"article:publisher\" content=\"https:\/\/www.facebook.com\/Spawlab\/\" \/>\n<meta property=\"og:image\" content=\"https:\/\/spawlab.pl\/wp-content\/uploads\/2025\/05\/069718_KEY_-3.jpg\" \/>\n\t<meta property=\"og:image:width\" content=\"1872\" \/>\n\t<meta property=\"og:image:height\" content=\"2048\" \/>\n\t<meta property=\"og:image:type\" content=\"image\/jpeg\" \/>\n<meta name=\"twitter:label1\" content=\"Price\" \/>\n\t<meta name=\"twitter:data1\" content=\"31 858,70&nbsp;&#122;&#322; (25 901,38&nbsp;&#122;&#322; netto)\" \/>\n\t<meta name=\"twitter:label2\" content=\"Availability\" \/>\n\t<meta name=\"twitter:data2\" content=\"On backorder\" \/>\n<script type=\"application\/ld+json\" class=\"yoast-schema-graph\">{\"@context\":\"https:\\\/\\\/schema.org\",\"@graph\":[{\"@type\":[\"WebPage\",\"ItemPage\"],\"@id\":\"https:\\\/\\\/spawlab.pl\\\/en\\\/produkt\\\/gys-exagon-flex-tig-3-076280\\\/\",\"url\":\"https:\\\/\\\/spawlab.pl\\\/en\\\/produkt\\\/gys-exagon-flex-tig-3-076280\\\/\",\"name\":\"GYS EXAGON FLEX TIG 3 076280\",\"isPartOf\":{\"@id\":\"https:\\\/\\\/spawlab.pl\\\/en\\\/#website\"},\"primaryImageOfPage\":{\"@id\":\"https:\\\/\\\/spawlab.pl\\\/en\\\/produkt\\\/gys-exagon-flex-tig-3-076280\\\/#primaryimage\"},\"image\":{\"@id\":\"https:\\\/\\\/spawlab.pl\\\/en\\\/produkt\\\/gys-exagon-flex-tig-3-076280\\\/#primaryimage\"},\"thumbnailUrl\":\"https:\\\/\\\/spawlab.pl\\\/wp-content\\\/uploads\\\/2025\\\/05\\\/069718_KEY_-3.jpg\",\"datePublished\":\"2025-05-01T06:32:10+00:00\",\"description\":\"Exclusive GYS EXAGON FLEX TIG DC\\\/MMA TIG 3 (076280) TIG welding set with a top-of-the-line inverter welder with expandable capabilities, a professional TIG handle, an advanced self-darkening visor, a precision reducer and a complete set of top-quality accessories for the most demanding professionals.\",\"breadcrumb\":{\"@id\":\"https:\\\/\\\/spawlab.pl\\\/en\\\/produkt\\\/gys-exagon-flex-tig-3-076280\\\/#breadcrumb\"},\"inLanguage\":\"en-US\",\"potentialAction\":[{\"@type\":\"ReadAction\",\"target\":[\"https:\\\/\\\/spawlab.pl\\\/en\\\/produkt\\\/gys-exagon-flex-tig-3-076280\\\/\"]}]},{\"@type\":\"ImageObject\",\"inLanguage\":\"en-US\",\"@id\":\"https:\\\/\\\/spawlab.pl\\\/en\\\/produkt\\\/gys-exagon-flex-tig-3-076280\\\/#primaryimage\",\"url\":\"https:\\\/\\\/spawlab.pl\\\/wp-content\\\/uploads\\\/2025\\\/05\\\/069718_KEY_-3.jpg\",\"contentUrl\":\"https:\\\/\\\/spawlab.pl\\\/wp-content\\\/uploads\\\/2025\\\/05\\\/069718_KEY_-3.jpg\",\"width\":1872,\"height\":2048},{\"@type\":\"BreadcrumbList\",\"@id\":\"https:\\\/\\\/spawlab.pl\\\/en\\\/produkt\\\/gys-exagon-flex-tig-3-076280\\\/#breadcrumb\",\"itemListElement\":[{\"@type\":\"ListItem\",\"position\":1,\"name\":\"Strona g\u0142\u00f3wna\",\"item\":\"https:\\\/\\\/spawlab.pl\\\/en\\\/\"},{\"@type\":\"ListItem\",\"position\":2,\"name\":\"Store\",\"item\":\"https:\\\/\\\/spawlab.pl\\\/en\\\/shop\\\/\"},{\"@type\":\"ListItem\",\"position\":3,\"name\":\"GYS EXAGON FLEX TIG 3 076280\"}]},{\"@type\":\"WebSite\",\"@id\":\"https:\\\/\\\/spawlab.pl\\\/en\\\/#website\",\"url\":\"https:\\\/\\\/spawlab.pl\\\/en\\\/\",\"name\":\"Spawlab.pl Lider - Spawarki, Przecinarki Plazmowe, Kompresory\",\"description\":\"Urz\u0105dzenia spawalnicze i Przecinarki plazmowe\\\/ nowe i u\u017cywane \\\/ Profesjonalny serwis\",\"publisher\":{\"@id\":\"https:\\\/\\\/spawlab.pl\\\/en\\\/#organization\"},\"alternateName\":\"Spawlab.pl - Dystrybutor Premium i Serwis na Polske Migatronic, Gys, Voestalpine Bohler Welding\",\"potentialAction\":[{\"@type\":\"SearchAction\",\"target\":{\"@type\":\"EntryPoint\",\"urlTemplate\":\"https:\\\/\\\/spawlab.pl\\\/en\\\/?s={search_term_string}\"},\"query-input\":{\"@type\":\"PropertyValueSpecification\",\"valueRequired\":true,\"valueName\":\"search_term_string\"}}],\"inLanguage\":\"en-US\"},{\"@type\":[\"Organization\",\"Place\"],\"@id\":\"https:\\\/\\\/spawlab.pl\\\/en\\\/#organization\",\"name\":\"Spawlab.pl\",\"url\":\"https:\\\/\\\/spawlab.pl\\\/en\\\/\",\"logo\":{\"@id\":\"https:\\\/\\\/spawlab.pl\\\/en\\\/produkt\\\/gys-exagon-flex-tig-3-076280\\\/#local-main-organization-logo\"},\"image\":{\"@id\":\"https:\\\/\\\/spawlab.pl\\\/en\\\/produkt\\\/gys-exagon-flex-tig-3-076280\\\/#local-main-organization-logo\"},\"sameAs\":[\"https:\\\/\\\/www.facebook.com\\\/Spawlab\\\/\",\"https:\\\/\\\/www.linkedin.com\\\/company\\\/spawlab\",\"https:\\\/\\\/www.instagram.com\\\/spawlab.pl\",\"https:\\\/\\\/www.tiktok.com\\\/@spawlab\"],\"description\":\"Lider sprzeda\u017cy, Oficjalny Dystrybutor Premium i Serwis na Polsk\u0119 Migatronic, Gys, Voestalpine Bohler Welding. Nowe i u\u017cywane Spawarki, Przecinarki Plazmowe, Kompresory. Mgr in\u017c. Jaros\u0142aw Ko\u0142aski, IWE\",\"hasMerchantReturnPolicy\":{\"@type\":\"MerchantReturnPolicy\",\"merchantReturnLink\":\"https:\\\/\\\/spawlab.pl\\\/polityka-prywatnosci-2\\\/\"},\"telephone\":[],\"openingHoursSpecification\":[{\"@type\":\"OpeningHoursSpecification\",\"dayOfWeek\":[\"Monday\",\"Tuesday\",\"Wednesday\",\"Thursday\",\"Friday\",\"Saturday\",\"Sunday\"],\"opens\":\"09:00\",\"closes\":\"17:00\"}]},{\"@type\":\"ImageObject\",\"inLanguage\":\"en-US\",\"@id\":\"https:\\\/\\\/spawlab.pl\\\/en\\\/produkt\\\/gys-exagon-flex-tig-3-076280\\\/#local-main-organization-logo\",\"url\":\"https:\\\/\\\/spawlab.pl\\\/wp-content\\\/uploads\\\/2022\\\/01\\\/olx.jpg\",\"contentUrl\":\"https:\\\/\\\/spawlab.pl\\\/wp-content\\\/uploads\\\/2022\\\/01\\\/olx.jpg\",\"width\":200,\"height\":200,\"caption\":\"Spawlab.pl\"}]}<\/script>\n<meta property=\"product:brand\" content=\"Gys\" \/>\n<meta property=\"product:price:amount\" content=\"31858.70\" \/>\n<meta property=\"product:price:currency\" content=\"PLN\" \/>\n<meta property=\"og:availability\" content=\"backorder\" \/>\n<meta property=\"product:availability\" content=\"available for order\" \/>\n<meta property=\"product:retailer_item_id\" content=\"76280\" \/>\n<meta property=\"product:condition\" content=\"new\" \/>\n<!-- \/ Yoast SEO Premium plugin. -->","yoast_head_json":{"title":"GYS EXAGON FLEX TIG 3 076280","description":"Exclusive GYS EXAGON FLEX TIG DC\/MMA TIG 3 (076280) TIG welding set with a top-of-the-line inverter welder with expandable capabilities, a professional TIG handle, an advanced self-darkening visor, a precision reducer and a complete set of top-quality accessories for the most demanding professionals.","robots":{"index":"index","follow":"follow","max-snippet":"max-snippet:-1","max-image-preview":"max-image-preview:large","max-video-preview":"max-video-preview:-1"},"canonical":"https:\/\/spawlab.pl\/en\/produkt\/gys-exagon-flex-tig-3-076280\/","og_locale":"en_US","og_type":"article","og_title":"GYS EXAGON FLEX TIG 3 076280","og_description":"Lider sprzeda\u017cy, Oficjalny Dystrybutor Premium i Serwis na Polsk\u0119 Migatronic, Gys, Voestalpine Bohler Welding. Nowe i u\u017cywane Spawarki, Przecinarki Plazmowe, Kompresory. Mgr in\u017c. Jaros\u0142aw Ko\u0142aski, IWE","og_url":"https:\/\/spawlab.pl\/en\/produkt\/gys-exagon-flex-tig-3-076280\/","og_site_name":"SpawLab - Welding equipment and plasma cutters - store and service","article_publisher":"https:\/\/www.facebook.com\/Spawlab\/","og_image":[{"width":1872,"height":2048,"url":"https:\/\/spawlab.pl\/wp-content\/uploads\/2025\/05\/069718_KEY_-3.jpg","type":"image\/jpeg"}],"twitter_misc":{"Price":"31 858,70&nbsp;&#122;&#322; (25 901,38&nbsp;&#122;&#322; netto)","Availability":"On backorder"},"schema":{"@context":"https:\/\/schema.org","@graph":[{"@type":["WebPage","ItemPage"],"@id":"https:\/\/spawlab.pl\/en\/produkt\/gys-exagon-flex-tig-3-076280\/","url":"https:\/\/spawlab.pl\/en\/produkt\/gys-exagon-flex-tig-3-076280\/","name":"GYS EXAGON FLEX TIG 3 076280","isPartOf":{"@id":"https:\/\/spawlab.pl\/en\/#website"},"primaryImageOfPage":{"@id":"https:\/\/spawlab.pl\/en\/produkt\/gys-exagon-flex-tig-3-076280\/#primaryimage"},"image":{"@id":"https:\/\/spawlab.pl\/en\/produkt\/gys-exagon-flex-tig-3-076280\/#primaryimage"},"thumbnailUrl":"https:\/\/spawlab.pl\/wp-content\/uploads\/2025\/05\/069718_KEY_-3.jpg","datePublished":"2025-05-01T06:32:10+00:00","description":"Exclusive GYS EXAGON FLEX TIG DC\/MMA TIG 3 (076280) TIG welding set with a top-of-the-line inverter welder with expandable capabilities, a professional TIG handle, an advanced self-darkening visor, a precision reducer and a complete set of top-quality accessories for the most demanding professionals.","breadcrumb":{"@id":"https:\/\/spawlab.pl\/en\/produkt\/gys-exagon-flex-tig-3-076280\/#breadcrumb"},"inLanguage":"en-US","potentialAction":[{"@type":"ReadAction","target":["https:\/\/spawlab.pl\/en\/produkt\/gys-exagon-flex-tig-3-076280\/"]}]},{"@type":"ImageObject","inLanguage":"en-US","@id":"https:\/\/spawlab.pl\/en\/produkt\/gys-exagon-flex-tig-3-076280\/#primaryimage","url":"https:\/\/spawlab.pl\/wp-content\/uploads\/2025\/05\/069718_KEY_-3.jpg","contentUrl":"https:\/\/spawlab.pl\/wp-content\/uploads\/2025\/05\/069718_KEY_-3.jpg","width":1872,"height":2048},{"@type":"BreadcrumbList","@id":"https:\/\/spawlab.pl\/en\/produkt\/gys-exagon-flex-tig-3-076280\/#breadcrumb","itemListElement":[{"@type":"ListItem","position":1,"name":"Strona g\u0142\u00f3wna","item":"https:\/\/spawlab.pl\/en\/"},{"@type":"ListItem","position":2,"name":"Store","item":"https:\/\/spawlab.pl\/en\/shop\/"},{"@type":"ListItem","position":3,"name":"GYS EXAGON FLEX TIG 3 076280"}]},{"@type":"WebSite","@id":"https:\/\/spawlab.pl\/en\/#website","url":"https:\/\/spawlab.pl\/en\/","name":"Spawlab.pl Lider - Spawarki, Przecinarki Plazmowe, Kompresory","description":"Urz\u0105dzenia spawalnicze i Przecinarki plazmowe\/ nowe i u\u017cywane \/ Profesjonalny serwis","publisher":{"@id":"https:\/\/spawlab.pl\/en\/#organization"},"alternateName":"Spawlab.pl - Dystrybutor Premium i Serwis na Polske Migatronic, Gys, Voestalpine Bohler Welding","potentialAction":[{"@type":"SearchAction","target":{"@type":"EntryPoint","urlTemplate":"https:\/\/spawlab.pl\/en\/?s={search_term_string}"},"query-input":{"@type":"PropertyValueSpecification","valueRequired":true,"valueName":"search_term_string"}}],"inLanguage":"en-US"},{"@type":["Organization","Place"],"@id":"https:\/\/spawlab.pl\/en\/#organization","name":"Spawlab.pl","url":"https:\/\/spawlab.pl\/en\/","logo":{"@id":"https:\/\/spawlab.pl\/en\/produkt\/gys-exagon-flex-tig-3-076280\/#local-main-organization-logo"},"image":{"@id":"https:\/\/spawlab.pl\/en\/produkt\/gys-exagon-flex-tig-3-076280\/#local-main-organization-logo"},"sameAs":["https:\/\/www.facebook.com\/Spawlab\/","https:\/\/www.linkedin.com\/company\/spawlab","https:\/\/www.instagram.com\/spawlab.pl","https:\/\/www.tiktok.com\/@spawlab"],"description":"Lider sprzeda\u017cy, Oficjalny Dystrybutor Premium i Serwis na Polsk\u0119 Migatronic, Gys, Voestalpine Bohler Welding. Nowe i u\u017cywane Spawarki, Przecinarki Plazmowe, Kompresory. Mgr in\u017c. Jaros\u0142aw Ko\u0142aski, IWE","hasMerchantReturnPolicy":{"@type":"MerchantReturnPolicy","merchantReturnLink":"https:\/\/spawlab.pl\/polityka-prywatnosci-2\/"},"telephone":[],"openingHoursSpecification":[{"@type":"OpeningHoursSpecification","dayOfWeek":["Monday","Tuesday","Wednesday","Thursday","Friday","Saturday","Sunday"],"opens":"09:00","closes":"17:00"}]},{"@type":"ImageObject","inLanguage":"en-US","@id":"https:\/\/spawlab.pl\/en\/produkt\/gys-exagon-flex-tig-3-076280\/#local-main-organization-logo","url":"https:\/\/spawlab.pl\/wp-content\/uploads\/2022\/01\/olx.jpg","contentUrl":"https:\/\/spawlab.pl\/wp-content\/uploads\/2022\/01\/olx.jpg","width":200,"height":200,"caption":"Spawlab.pl"}]},"product_brand":"Gys","product_price_amount":"31858.70","product_price_currency":"PLN","og_availability":"backorder","product_availability":"available for order","product_retailer_item_id":"76280","product_condition":"new"},"_links":{"self":[{"href":"https:\/\/spawlab.pl\/en\/wp-json\/wp\/v2\/product\/37521","targetHints":{"allow":["GET"]}}],"collection":[{"href":"https:\/\/spawlab.pl\/en\/wp-json\/wp\/v2\/product"}],"about":[{"href":"https:\/\/spawlab.pl\/en\/wp-json\/wp\/v2\/types\/product"}],"wp:featuredmedia":[{"embeddable":true,"href":"https:\/\/spawlab.pl\/en\/wp-json\/wp\/v2\/media\/30470"}],"wp:attachment":[{"href":"https:\/\/spawlab.pl\/en\/wp-json\/wp\/v2\/media?parent=37521"}],"wp:term":[{"taxonomy":"product_brand","embeddable":true,"href":"https:\/\/spawlab.pl\/en\/wp-json\/wp\/v2\/product_brand?post=37521"},{"taxonomy":"product_cat","embeddable":true,"href":"https:\/\/spawlab.pl\/en\/wp-json\/wp\/v2\/product_cat?post=37521"},{"taxonomy":"product_tag","embeddable":true,"href":"https:\/\/spawlab.pl\/en\/wp-json\/wp\/v2\/product_tag?post=37521"}],"curies":[{"name":"wp","href":"https:\/\/api.w.org\/{rel}","templated":true}]}}