{"id":37524,"date":"2025-05-01T08:44:18","date_gmt":"2025-05-01T06:44:18","guid":{"rendered":"https:\/\/spawlab.pl\/produkt\/gys-krypton-321-dc-tri-without-accessories-068094\/"},"modified":"2025-05-01T08:44:18","modified_gmt":"2025-05-01T06:44:18","slug":"gys-krypton-321-dc-tri-without-accessories-068094","status":"publish","type":"product","link":"https:\/\/spawlab.pl\/en\/produkt\/gys-krypton-321-dc-tri-without-accessories-068094\/","title":{"rendered":"GYS KRYPTON 321 DC TRI &#8211; WITHOUT ACCESSORIES 068094"},"content":{"rendered":"<p>We are the official distributor and authorized service provider of the GYS brand in Poland.<\/p>\n<p>GYS KRYPTON 321 DC TRI is a professional three-phase (400V) inverter welder designed for precision TIG DC (Tungsten Inert Gas) welding with two types of arc ignition: HF (non-contact) and Lift Arc (contact). In addition, it allows MMA (Manual Metal Arc) welding with PULS function. Higher power and three-phase power supply make it ideal for more demanding industrial applications. The \u201cno accessory\u201d version means that only the welder itself is included, without the TIG handle, MMA handle, ground wire and other welding essentials.   <\/p>\n<p>Key features of the KRYPTON 321 DC TRI welder:<\/p>\n<p>DC TIG welding: High quality welds on carbon steel, stainless steel, copper and its alloys.<br \/>\nTwo types of TIG ignition:<br \/>\nHF (High Frequency): Non-contact arc ignition, ideal for precision work and avoiding contamination.<br \/>\nLift Arc: Occlusion by touching the tungsten electrode to the material to be welded, recommended in environments sensitive to electromagnetic interference.<br \/>\nGas Post Flow Function: Adjustable gas post flow time protects the weld from oxidation and cools the electrode.<br \/>\nMMA welding: Capable of welding with covered electrodes up to 5 mm in diameter (rutile, basic).<br \/>\nMMA support functions:<br \/>\nAdjustable Hot Start: Facilitates arc ignition.<br \/>\nAdjustable Arclace: Stabilizes the arc and prevents electrode sticking.<br \/>\nAnti-Sticking: Prevents the electrode from sticking to the material being welded.<br \/>\nMMA pulse (up to 500 Hz): Facilitates welding in vertical positions (pipes, pipelines).<br \/>\nRobust industrial design: Adapted for intensive operation in harsh environments (IP23).<br \/>\nIntuitive control panel: With dual display and knob for quick parameter adjustment.<br \/>\nMemory of 50 programs: Ability to save favorite welding settings for each process.<br \/>\n2T\/4T\/4T LOG functions: different handle modes for greater welding compdlat.<br \/>\nPULSE TIG (up to 2 kHz) and SPOT functions: advanced TIG welding modes with adjustable frequency and scoring time.<br \/>\nSpot modes: Spot and Multi Spot (traditional tacking), Tack and Multi Tack (precision tacking without oxidation).<br \/>\nE-Weld function: Provides consistent welding power regardless of chuck position.<br \/>\nPossibility of connecting a remote control (optional).<br \/>\nCompatible with various TIG chucks: Pushbutton, Double Pushbutton, Potentiometer and Up&amp;Down.<br \/>\nOptional liquid cooler can be connected.<br \/>\nVoltage Reduction Device (VRD) function with activation.<br \/>\nApplication:<\/p>\n<p>The KRYPTON 321 DC TRI without accessories is the ideal base for professional welders and welding companies that need a powerful and versatile three-phase DC\/MMA TIG welder for intensive welding work in industry, workshops and other demanding environments. Users need to buy the appropriate TIG chuck, MMA chuck, ground wire and other accessories. <\/p>\n","protected":false},"excerpt":{"rendered":"<p>Professional three-phase TIG DC HF\/Lift\/MMA welder (with PULS) GYS KRYPTON 321 DC TRI (320A) without accessories, for demanding industrial applications.<\/p>\n","protected":false},"featured_media":30585,"template":"","meta":{"inline_featured_image":false},"product_brand":[999],"product_cat":[505,495,507],"product_tag":[],"class_list":{"0":"post-37524","1":"product","2":"type-product","3":"status-publish","4":"has-post-thumbnail","6":"product_brand-gys","7":"product_cat-dc-en","8":"product_cat-gas-cooled-en-4","9":"product_cat-tig-en-2","11":"first","12":"onbackorder","13":"taxable","14":"shipping-taxable","15":"purchasable","16":"product-type-simple"},"yoast_head":"<!-- This site is optimized with the Yoast SEO Premium plugin v27.0 (Yoast SEO v27.3) - https:\/\/yoast.com\/product\/yoast-seo-premium-wordpress\/ -->\n<title>GYS KRYPTON 321 DC TRI - WITHOUT ACCESSORIES 068094<\/title>\n<meta name=\"description\" content=\"The powerful GYS KRYPTON 321 DC TRI (068094) three-phase DC HF\/Lift\/MMA TIG welder without accessories, with advanced PULS TIG and MMA functions, ideal for heavy industrial and robotics applications.\" \/>\n<meta name=\"robots\" content=\"index, follow, max-snippet:-1, max-image-preview:large, max-video-preview:-1\" \/>\n<link rel=\"canonical\" href=\"https:\/\/spawlab.pl\/en\/produkt\/gys-krypton-321-dc-tri-without-accessories-068094\/\" \/>\n<meta property=\"og:locale\" content=\"en_US\" \/>\n<meta property=\"og:type\" content=\"article\" \/>\n<meta property=\"og:title\" content=\"GYS KRYPTON 321 DC TRI - WITHOUT ACCESSORIES 068094\" \/>\n<meta property=\"og:description\" content=\"Lider sprzeda\u017cy, Oficjalny Dystrybutor Premium i Serwis na Polsk\u0119 Migatronic, Gys, Voestalpine Bohler Welding. Nowe i u\u017cywane Spawarki, Przecinarki Plazmowe, Kompresory. Mgr in\u017c. Jaros\u0142aw Ko\u0142aski, IWE\" \/>\n<meta property=\"og:url\" content=\"https:\/\/spawlab.pl\/en\/produkt\/gys-krypton-321-dc-tri-without-accessories-068094\/\" \/>\n<meta property=\"og:site_name\" content=\"SpawLab - Welding equipment and plasma cutters - store and service\" \/>\n<meta property=\"article:publisher\" content=\"https:\/\/www.facebook.com\/Spawlab\/\" \/>\n<meta property=\"og:image\" content=\"https:\/\/spawlab.pl\/wp-content\/uploads\/2025\/05\/068094_KEY_-1.jpg\" \/>\n\t<meta property=\"og:image:width\" content=\"1988\" \/>\n\t<meta property=\"og:image:height\" content=\"2048\" \/>\n\t<meta property=\"og:image:type\" content=\"image\/jpeg\" \/>\n<meta name=\"twitter:label1\" content=\"Price\" \/>\n\t<meta name=\"twitter:data1\" content=\"12 814,00&nbsp;&#122;&#322; (10 417,89&nbsp;&#122;&#322; netto)\" \/>\n\t<meta name=\"twitter:label2\" content=\"Availability\" \/>\n\t<meta name=\"twitter:data2\" content=\"On backorder\" \/>\n<script type=\"application\/ld+json\" class=\"yoast-schema-graph\">{\"@context\":\"https:\\\/\\\/schema.org\",\"@graph\":[{\"@type\":[\"WebPage\",\"ItemPage\"],\"@id\":\"https:\\\/\\\/spawlab.pl\\\/en\\\/produkt\\\/gys-krypton-321-dc-tri-without-accessories-068094\\\/\",\"url\":\"https:\\\/\\\/spawlab.pl\\\/en\\\/produkt\\\/gys-krypton-321-dc-tri-without-accessories-068094\\\/\",\"name\":\"GYS KRYPTON 321 DC TRI - WITHOUT ACCESSORIES 068094\",\"isPartOf\":{\"@id\":\"https:\\\/\\\/spawlab.pl\\\/en\\\/#website\"},\"primaryImageOfPage\":{\"@id\":\"https:\\\/\\\/spawlab.pl\\\/en\\\/produkt\\\/gys-krypton-321-dc-tri-without-accessories-068094\\\/#primaryimage\"},\"image\":{\"@id\":\"https:\\\/\\\/spawlab.pl\\\/en\\\/produkt\\\/gys-krypton-321-dc-tri-without-accessories-068094\\\/#primaryimage\"},\"thumbnailUrl\":\"https:\\\/\\\/spawlab.pl\\\/wp-content\\\/uploads\\\/2025\\\/05\\\/068094_KEY_-1.jpg\",\"datePublished\":\"2025-05-01T06:44:18+00:00\",\"description\":\"The powerful GYS KRYPTON 321 DC TRI (068094) three-phase DC HF\\\/Lift\\\/MMA TIG welder without accessories, with advanced PULS TIG and MMA functions, ideal for heavy industrial and robotics applications.\",\"breadcrumb\":{\"@id\":\"https:\\\/\\\/spawlab.pl\\\/en\\\/produkt\\\/gys-krypton-321-dc-tri-without-accessories-068094\\\/#breadcrumb\"},\"inLanguage\":\"en-US\",\"potentialAction\":[{\"@type\":\"ReadAction\",\"target\":[\"https:\\\/\\\/spawlab.pl\\\/en\\\/produkt\\\/gys-krypton-321-dc-tri-without-accessories-068094\\\/\"]}]},{\"@type\":\"ImageObject\",\"inLanguage\":\"en-US\",\"@id\":\"https:\\\/\\\/spawlab.pl\\\/en\\\/produkt\\\/gys-krypton-321-dc-tri-without-accessories-068094\\\/#primaryimage\",\"url\":\"https:\\\/\\\/spawlab.pl\\\/wp-content\\\/uploads\\\/2025\\\/05\\\/068094_KEY_-1.jpg\",\"contentUrl\":\"https:\\\/\\\/spawlab.pl\\\/wp-content\\\/uploads\\\/2025\\\/05\\\/068094_KEY_-1.jpg\",\"width\":1988,\"height\":2048},{\"@type\":\"BreadcrumbList\",\"@id\":\"https:\\\/\\\/spawlab.pl\\\/en\\\/produkt\\\/gys-krypton-321-dc-tri-without-accessories-068094\\\/#breadcrumb\",\"itemListElement\":[{\"@type\":\"ListItem\",\"position\":1,\"name\":\"Strona g\u0142\u00f3wna\",\"item\":\"https:\\\/\\\/spawlab.pl\\\/en\\\/\"},{\"@type\":\"ListItem\",\"position\":2,\"name\":\"Store\",\"item\":\"https:\\\/\\\/spawlab.pl\\\/en\\\/shop\\\/\"},{\"@type\":\"ListItem\",\"position\":3,\"name\":\"GYS KRYPTON 321 DC TRI &#8211; WITHOUT ACCESSORIES 068094\"}]},{\"@type\":\"WebSite\",\"@id\":\"https:\\\/\\\/spawlab.pl\\\/en\\\/#website\",\"url\":\"https:\\\/\\\/spawlab.pl\\\/en\\\/\",\"name\":\"Spawlab.pl Lider - Spawarki, Przecinarki Plazmowe, Kompresory\",\"description\":\"Urz\u0105dzenia spawalnicze i Przecinarki plazmowe\\\/ nowe i u\u017cywane \\\/ Profesjonalny serwis\",\"publisher\":{\"@id\":\"https:\\\/\\\/spawlab.pl\\\/en\\\/#organization\"},\"alternateName\":\"Spawlab.pl - Dystrybutor Premium i Serwis na Polske Migatronic, Gys, Voestalpine Bohler Welding\",\"potentialAction\":[{\"@type\":\"SearchAction\",\"target\":{\"@type\":\"EntryPoint\",\"urlTemplate\":\"https:\\\/\\\/spawlab.pl\\\/en\\\/?s={search_term_string}\"},\"query-input\":{\"@type\":\"PropertyValueSpecification\",\"valueRequired\":true,\"valueName\":\"search_term_string\"}}],\"inLanguage\":\"en-US\"},{\"@type\":[\"Organization\",\"Place\"],\"@id\":\"https:\\\/\\\/spawlab.pl\\\/en\\\/#organization\",\"name\":\"Spawlab.pl\",\"url\":\"https:\\\/\\\/spawlab.pl\\\/en\\\/\",\"logo\":{\"@id\":\"https:\\\/\\\/spawlab.pl\\\/en\\\/produkt\\\/gys-krypton-321-dc-tri-without-accessories-068094\\\/#local-main-organization-logo\"},\"image\":{\"@id\":\"https:\\\/\\\/spawlab.pl\\\/en\\\/produkt\\\/gys-krypton-321-dc-tri-without-accessories-068094\\\/#local-main-organization-logo\"},\"sameAs\":[\"https:\\\/\\\/www.facebook.com\\\/Spawlab\\\/\",\"https:\\\/\\\/www.linkedin.com\\\/company\\\/spawlab\",\"https:\\\/\\\/www.instagram.com\\\/spawlab.pl\",\"https:\\\/\\\/www.tiktok.com\\\/@spawlab\"],\"description\":\"Lider sprzeda\u017cy, Oficjalny Dystrybutor Premium i Serwis na Polsk\u0119 Migatronic, Gys, Voestalpine Bohler Welding. Nowe i u\u017cywane Spawarki, Przecinarki Plazmowe, Kompresory. Mgr in\u017c. Jaros\u0142aw Ko\u0142aski, IWE\",\"hasMerchantReturnPolicy\":{\"@type\":\"MerchantReturnPolicy\",\"merchantReturnLink\":\"https:\\\/\\\/spawlab.pl\\\/polityka-prywatnosci-2\\\/\"},\"telephone\":[],\"openingHoursSpecification\":[{\"@type\":\"OpeningHoursSpecification\",\"dayOfWeek\":[\"Monday\",\"Tuesday\",\"Wednesday\",\"Thursday\",\"Friday\",\"Saturday\",\"Sunday\"],\"opens\":\"09:00\",\"closes\":\"17:00\"}]},{\"@type\":\"ImageObject\",\"inLanguage\":\"en-US\",\"@id\":\"https:\\\/\\\/spawlab.pl\\\/en\\\/produkt\\\/gys-krypton-321-dc-tri-without-accessories-068094\\\/#local-main-organization-logo\",\"url\":\"https:\\\/\\\/spawlab.pl\\\/wp-content\\\/uploads\\\/2022\\\/01\\\/olx.jpg\",\"contentUrl\":\"https:\\\/\\\/spawlab.pl\\\/wp-content\\\/uploads\\\/2022\\\/01\\\/olx.jpg\",\"width\":200,\"height\":200,\"caption\":\"Spawlab.pl\"}]}<\/script>\n<meta property=\"product:price:amount\" content=\"12814.00\" \/>\n<meta property=\"product:price:currency\" content=\"PLN\" \/>\n<meta property=\"og:availability\" content=\"backorder\" \/>\n<meta property=\"product:availability\" content=\"available for order\" \/>\n<meta property=\"product:retailer_item_id\" content=\"68094\" \/>\n<meta property=\"product:condition\" content=\"new\" \/>\n<!-- \/ Yoast SEO Premium plugin. -->","yoast_head_json":{"title":"GYS KRYPTON 321 DC TRI - WITHOUT ACCESSORIES 068094","description":"The powerful GYS KRYPTON 321 DC TRI (068094) three-phase DC HF\/Lift\/MMA TIG welder without accessories, with advanced PULS TIG and MMA functions, ideal for heavy industrial and robotics applications.","robots":{"index":"index","follow":"follow","max-snippet":"max-snippet:-1","max-image-preview":"max-image-preview:large","max-video-preview":"max-video-preview:-1"},"canonical":"https:\/\/spawlab.pl\/en\/produkt\/gys-krypton-321-dc-tri-without-accessories-068094\/","og_locale":"en_US","og_type":"article","og_title":"GYS KRYPTON 321 DC TRI - WITHOUT ACCESSORIES 068094","og_description":"Lider sprzeda\u017cy, Oficjalny Dystrybutor Premium i Serwis na Polsk\u0119 Migatronic, Gys, Voestalpine Bohler Welding. Nowe i u\u017cywane Spawarki, Przecinarki Plazmowe, Kompresory. Mgr in\u017c. Jaros\u0142aw Ko\u0142aski, IWE","og_url":"https:\/\/spawlab.pl\/en\/produkt\/gys-krypton-321-dc-tri-without-accessories-068094\/","og_site_name":"SpawLab - Welding equipment and plasma cutters - store and service","article_publisher":"https:\/\/www.facebook.com\/Spawlab\/","og_image":[{"width":1988,"height":2048,"url":"https:\/\/spawlab.pl\/wp-content\/uploads\/2025\/05\/068094_KEY_-1.jpg","type":"image\/jpeg"}],"twitter_misc":{"Price":"12 814,00&nbsp;&#122;&#322; (10 417,89&nbsp;&#122;&#322; netto)","Availability":"On backorder"},"schema":{"@context":"https:\/\/schema.org","@graph":[{"@type":["WebPage","ItemPage"],"@id":"https:\/\/spawlab.pl\/en\/produkt\/gys-krypton-321-dc-tri-without-accessories-068094\/","url":"https:\/\/spawlab.pl\/en\/produkt\/gys-krypton-321-dc-tri-without-accessories-068094\/","name":"GYS KRYPTON 321 DC TRI - WITHOUT ACCESSORIES 068094","isPartOf":{"@id":"https:\/\/spawlab.pl\/en\/#website"},"primaryImageOfPage":{"@id":"https:\/\/spawlab.pl\/en\/produkt\/gys-krypton-321-dc-tri-without-accessories-068094\/#primaryimage"},"image":{"@id":"https:\/\/spawlab.pl\/en\/produkt\/gys-krypton-321-dc-tri-without-accessories-068094\/#primaryimage"},"thumbnailUrl":"https:\/\/spawlab.pl\/wp-content\/uploads\/2025\/05\/068094_KEY_-1.jpg","datePublished":"2025-05-01T06:44:18+00:00","description":"The powerful GYS KRYPTON 321 DC TRI (068094) three-phase DC HF\/Lift\/MMA TIG welder without accessories, with advanced PULS TIG and MMA functions, ideal for heavy industrial and robotics applications.","breadcrumb":{"@id":"https:\/\/spawlab.pl\/en\/produkt\/gys-krypton-321-dc-tri-without-accessories-068094\/#breadcrumb"},"inLanguage":"en-US","potentialAction":[{"@type":"ReadAction","target":["https:\/\/spawlab.pl\/en\/produkt\/gys-krypton-321-dc-tri-without-accessories-068094\/"]}]},{"@type":"ImageObject","inLanguage":"en-US","@id":"https:\/\/spawlab.pl\/en\/produkt\/gys-krypton-321-dc-tri-without-accessories-068094\/#primaryimage","url":"https:\/\/spawlab.pl\/wp-content\/uploads\/2025\/05\/068094_KEY_-1.jpg","contentUrl":"https:\/\/spawlab.pl\/wp-content\/uploads\/2025\/05\/068094_KEY_-1.jpg","width":1988,"height":2048},{"@type":"BreadcrumbList","@id":"https:\/\/spawlab.pl\/en\/produkt\/gys-krypton-321-dc-tri-without-accessories-068094\/#breadcrumb","itemListElement":[{"@type":"ListItem","position":1,"name":"Strona g\u0142\u00f3wna","item":"https:\/\/spawlab.pl\/en\/"},{"@type":"ListItem","position":2,"name":"Store","item":"https:\/\/spawlab.pl\/en\/shop\/"},{"@type":"ListItem","position":3,"name":"GYS KRYPTON 321 DC TRI &#8211; WITHOUT ACCESSORIES 068094"}]},{"@type":"WebSite","@id":"https:\/\/spawlab.pl\/en\/#website","url":"https:\/\/spawlab.pl\/en\/","name":"Spawlab.pl Lider - Spawarki, Przecinarki Plazmowe, Kompresory","description":"Urz\u0105dzenia spawalnicze i Przecinarki plazmowe\/ nowe i u\u017cywane \/ Profesjonalny serwis","publisher":{"@id":"https:\/\/spawlab.pl\/en\/#organization"},"alternateName":"Spawlab.pl - Dystrybutor Premium i Serwis na Polske Migatronic, Gys, Voestalpine Bohler Welding","potentialAction":[{"@type":"SearchAction","target":{"@type":"EntryPoint","urlTemplate":"https:\/\/spawlab.pl\/en\/?s={search_term_string}"},"query-input":{"@type":"PropertyValueSpecification","valueRequired":true,"valueName":"search_term_string"}}],"inLanguage":"en-US"},{"@type":["Organization","Place"],"@id":"https:\/\/spawlab.pl\/en\/#organization","name":"Spawlab.pl","url":"https:\/\/spawlab.pl\/en\/","logo":{"@id":"https:\/\/spawlab.pl\/en\/produkt\/gys-krypton-321-dc-tri-without-accessories-068094\/#local-main-organization-logo"},"image":{"@id":"https:\/\/spawlab.pl\/en\/produkt\/gys-krypton-321-dc-tri-without-accessories-068094\/#local-main-organization-logo"},"sameAs":["https:\/\/www.facebook.com\/Spawlab\/","https:\/\/www.linkedin.com\/company\/spawlab","https:\/\/www.instagram.com\/spawlab.pl","https:\/\/www.tiktok.com\/@spawlab"],"description":"Lider sprzeda\u017cy, Oficjalny Dystrybutor Premium i Serwis na Polsk\u0119 Migatronic, Gys, Voestalpine Bohler Welding. Nowe i u\u017cywane Spawarki, Przecinarki Plazmowe, Kompresory. Mgr in\u017c. Jaros\u0142aw Ko\u0142aski, IWE","hasMerchantReturnPolicy":{"@type":"MerchantReturnPolicy","merchantReturnLink":"https:\/\/spawlab.pl\/polityka-prywatnosci-2\/"},"telephone":[],"openingHoursSpecification":[{"@type":"OpeningHoursSpecification","dayOfWeek":["Monday","Tuesday","Wednesday","Thursday","Friday","Saturday","Sunday"],"opens":"09:00","closes":"17:00"}]},{"@type":"ImageObject","inLanguage":"en-US","@id":"https:\/\/spawlab.pl\/en\/produkt\/gys-krypton-321-dc-tri-without-accessories-068094\/#local-main-organization-logo","url":"https:\/\/spawlab.pl\/wp-content\/uploads\/2022\/01\/olx.jpg","contentUrl":"https:\/\/spawlab.pl\/wp-content\/uploads\/2022\/01\/olx.jpg","width":200,"height":200,"caption":"Spawlab.pl"}]},"product_price_amount":"12814.00","product_price_currency":"PLN","og_availability":"backorder","product_availability":"available for order","product_retailer_item_id":"68094","product_condition":"new"},"_links":{"self":[{"href":"https:\/\/spawlab.pl\/en\/wp-json\/wp\/v2\/product\/37524","targetHints":{"allow":["GET"]}}],"collection":[{"href":"https:\/\/spawlab.pl\/en\/wp-json\/wp\/v2\/product"}],"about":[{"href":"https:\/\/spawlab.pl\/en\/wp-json\/wp\/v2\/types\/product"}],"wp:featuredmedia":[{"embeddable":true,"href":"https:\/\/spawlab.pl\/en\/wp-json\/wp\/v2\/media\/30585"}],"wp:attachment":[{"href":"https:\/\/spawlab.pl\/en\/wp-json\/wp\/v2\/media?parent=37524"}],"wp:term":[{"taxonomy":"product_brand","embeddable":true,"href":"https:\/\/spawlab.pl\/en\/wp-json\/wp\/v2\/product_brand?post=37524"},{"taxonomy":"product_cat","embeddable":true,"href":"https:\/\/spawlab.pl\/en\/wp-json\/wp\/v2\/product_cat?post=37524"},{"taxonomy":"product_tag","embeddable":true,"href":"https:\/\/spawlab.pl\/en\/wp-json\/wp\/v2\/product_tag?post=37524"}],"curies":[{"name":"wp","href":"https:\/\/api.w.org\/{rel}","templated":true}]}}