{"id":37589,"date":"2025-05-01T08:46:39","date_gmt":"2025-05-01T06:46:39","guid":{"rendered":"https:\/\/spawlab.pl\/produkt\/gys-galaxy-400t-w-2-084285\/"},"modified":"2025-05-01T08:46:39","modified_gmt":"2025-05-01T06:46:39","slug":"gys-galaxy-400t-w-2-084285","status":"publish","type":"product","link":"https:\/\/spawlab.pl\/en\/produkt\/gys-galaxy-400t-w-2-084285\/","title":{"rendered":"GYS GALAXY 400T W 2 084285"},"content":{"rendered":"<p>We are the official distributor and authorized service provider of the GYS brand in Poland.<\/p>\n<p>The GYS GALAXY 400T W 2 kit is an advanced professional welding kit based on the GALAXY 400T W three-phase (400V) inverter multiprocess welder with built-in liquid cooling and MIG\/MAG Pulse function. This all-in-one package offers versatile MIG\/MAG (pulse), MMA (shielded electrode) and TIG Lift (pulse) welding capabilities, along with an extensive accessory kit to increase the comdlat and efficiency of heavy-duty use and welding of various materials. The welder features precise control of welding energy, minimizing dedlamation and ensuring high weld quality, especially when welding minium and stainless steel. The built-in liquid cooling system allows for prolonged operation at high currents without overheating the MIG\/MAG handle.   <\/p>\n<p>The GALAXY 400T W offers four MIG\/MAG welding modes: Standard, Pulsation, ModulArc (optimal to minium) and Manual. It features digital arc control with instant ignition and no crater at the end of the weld. The Arc Pulse function increases welding speed up to 30%. It is equipped with a 4-roller motorized wire feeder with a digital encoder for precise wire feeding. The welder features two display modes (simple and expert), an intuitive HMI, more than 35 synergies, memory for 200 welding programs, and the ability to update and transfer settings via USB. It allows weld tracking in accordance with EN 3834.     <\/p>\n<p>The GALAXY 400T W 2 kit is characterized by an expanded set of accessories compared to the basic \u201cwith accessories\u201d version, often including additional components to facilitate welding of various materials (including minium) and increase the comdlat of work with intensive use.<\/p>\n<p>Key features of the set GALAXY 400T W 2:<\/p>\n<p>Advanced multiprocess welding set with liquid cooling and MIG\/MAG Pulse function.<br \/>\nMultiprocess: MIG\/MAG (with pulse), MMA DC\/Pulse, TIG DC Lift\/Pulse.<br \/>\nThree-phase 400V power supply.<br \/>\nMaximum welding current: 400 A.<br \/>\nMIG\/MAG Pulse function.<br \/>\nMore than 35 synergies for different materials.<br \/>\nTwo display modes (simple and expert).<br \/>\nMemory for up to 200 welding programs.<br \/>\n4-roll wire feeder.<br \/>\nBuilt-in liquid cooling system.<br \/>\nUpgradeable and transferable settings via USB.<br \/>\nWeld tracking according to EN 3834.<br \/>\nKit contents GALAXY 400T W 2 (usually includes):<\/p>\n<p>GALAXY 400T W welding machine with built-in liquid cooling system.<br \/>\nProfessional liquid-cooled MIG\/MAG chuck with EURO connection (often with additional options).<br \/>\nProfessional MMA electrode holder.<br \/>\nProfessional ground wire with solid clamp.<br \/>\nExpanded set of wire feed rolls for various materials and diameters (including dedicated for minium).<br \/>\nGas hose with professional quick disconnects.<br \/>\nExtended set of consumable parts for liquid-cooled MIG\/MAG chuck (including minium).<br \/>\nHigh-quality gas pressure regulator with two pressure gauges.<br \/>\nProfessional welding visor with automatic filter.<br \/>\nProfessional welding gloves.<br \/>\nAnti-scratch preparation.<br \/>\nCoolant for the liquid cooling system (usually the first portion).<br \/>\nUser Manual.<br \/>\nNote: For TIG welding, you need to buy a separate TIG holder with a gas valve and an argon cylinder and regulator.<\/p>\n<p>Application:<\/p>\n<p>The GALAXY 400T W 2 kit is ideal for:<\/p>\n<p>Professional sheet metal and locksmith workshops with high requirements, working intensively with a variety of materials.<br \/>\nWelding of thin and thicker materials, especially minium and stainless steel with optimal pulse settings for prolonged work.<br \/>\nWork requiring high weld aesthetics, minimal spatter and work compdlat thanks to liquid cooling.<br \/>\nA variety of welding applications thanks to multiprocessing and an extensive set of accessories.<\/p>\n","protected":false},"excerpt":{"rendered":"<p>Advanced welding kit with 400A GYS GALAXY 400T W three-phase multiprocess welder with liquid cooling, MIG\/MAG Pulse function and extended set of professional accessories.<\/p>\n","protected":false},"featured_media":31901,"template":"","meta":{"inline_featured_image":false},"product_brand":[999],"product_cat":[511,512,474],"product_tag":[],"class_list":{"0":"post-37589","1":"product","2":"type-product","3":"status-publish","4":"has-post-thumbnail","6":"product_brand-gys","7":"product_cat-liquid-cooled-en-7","8":"product_cat-mig-mag-en-2","9":"product_cat-new","11":"first","12":"onbackorder","13":"taxable","14":"shipping-taxable","15":"purchasable","16":"product-type-simple"},"yoast_head":"<!-- This site is optimized with the Yoast SEO Premium plugin v27.5 (Yoast SEO v27.6) - https:\/\/yoast.com\/product\/yoast-seo-premium-wordpress\/ -->\n<title>GYS GALAXY 400T W 2 084285<\/title>\n<meta name=\"description\" content=\"GYS comprehensive welding kit GALAXY 400T W 2 (084285) with three-phase inverter welder (400A) with liquid cooling, MIG\/MAG Pulse function, synergies and extended accessory kit, ideal for intensive and precise welding of minium, stainless steel and other materials by MIG\/MAG, MMA and TIG Lift methods in professional industrial applications.\" \/>\n<meta name=\"robots\" content=\"index, follow, max-snippet:-1, max-image-preview:large, max-video-preview:-1\" \/>\n<link rel=\"canonical\" href=\"https:\/\/spawlab.pl\/en\/produkt\/gys-galaxy-400t-w-2-084285\/\" \/>\n<meta property=\"og:locale\" content=\"en_US\" \/>\n<meta property=\"og:type\" content=\"article\" \/>\n<meta property=\"og:title\" content=\"GYS GALAXY 400T W 2 084285\" \/>\n<meta property=\"og:description\" content=\"Lider sprzeda\u017cy, Oficjalny Dystrybutor Premium i Serwis na Polsk\u0119 Migatronic, Gys, Voestalpine Bohler Welding. Nowe i u\u017cywane Spawarki, Przecinarki Plazmowe, Kompresory. Mgr in\u017c. Jaros\u0142aw Ko\u0142aski, IWE\" \/>\n<meta property=\"og:url\" content=\"https:\/\/spawlab.pl\/en\/produkt\/gys-galaxy-400t-w-2-084285\/\" \/>\n<meta property=\"og:site_name\" content=\"SpawLab - Welding equipment and plasma cutters - store and service\" \/>\n<meta property=\"article:publisher\" content=\"https:\/\/www.facebook.com\/Spawlab\/\" \/>\n<meta property=\"og:image\" content=\"https:\/\/spawlab.pl\/wp-content\/uploads\/2025\/05\/080836_PRO_QF-739x1024.png\" \/>\n\t<meta property=\"og:image:width\" content=\"739\" \/>\n\t<meta property=\"og:image:height\" content=\"1024\" \/>\n\t<meta property=\"og:image:type\" content=\"image\/png\" \/>\n<meta name=\"twitter:label1\" content=\"Price\" \/>\n\t<meta name=\"twitter:data1\" content=\"21 837,55&nbsp;&#122;&#322; (17 754,11&nbsp;&#122;&#322; netto)\" \/>\n\t<meta name=\"twitter:label2\" content=\"Availability\" \/>\n\t<meta name=\"twitter:data2\" content=\"On backorder\" \/>\n<script type=\"application\/ld+json\" class=\"yoast-schema-graph\">{\"@context\":\"https:\\\/\\\/schema.org\",\"@graph\":[{\"@type\":[\"WebPage\",\"ItemPage\"],\"@id\":\"https:\\\/\\\/spawlab.pl\\\/en\\\/produkt\\\/gys-galaxy-400t-w-2-084285\\\/\",\"url\":\"https:\\\/\\\/spawlab.pl\\\/en\\\/produkt\\\/gys-galaxy-400t-w-2-084285\\\/\",\"name\":\"GYS GALAXY 400T W 2 084285\",\"isPartOf\":{\"@id\":\"https:\\\/\\\/spawlab.pl\\\/en\\\/#website\"},\"primaryImageOfPage\":{\"@id\":\"https:\\\/\\\/spawlab.pl\\\/en\\\/produkt\\\/gys-galaxy-400t-w-2-084285\\\/#primaryimage\"},\"image\":{\"@id\":\"https:\\\/\\\/spawlab.pl\\\/en\\\/produkt\\\/gys-galaxy-400t-w-2-084285\\\/#primaryimage\"},\"thumbnailUrl\":\"https:\\\/\\\/spawlab.pl\\\/wp-content\\\/uploads\\\/2025\\\/05\\\/080836_PRO_QF.png\",\"datePublished\":\"2025-05-01T06:46:39+00:00\",\"description\":\"GYS comprehensive welding kit GALAXY 400T W 2 (084285) with three-phase inverter welder (400A) with liquid cooling, MIG\\\/MAG Pulse function, synergies and extended accessory kit, ideal for intensive and precise welding of minium, stainless steel and other materials by MIG\\\/MAG, MMA and TIG Lift methods in professional industrial applications.\",\"breadcrumb\":{\"@id\":\"https:\\\/\\\/spawlab.pl\\\/en\\\/produkt\\\/gys-galaxy-400t-w-2-084285\\\/#breadcrumb\"},\"inLanguage\":\"en-US\",\"potentialAction\":[{\"@type\":\"ReadAction\",\"target\":[\"https:\\\/\\\/spawlab.pl\\\/en\\\/produkt\\\/gys-galaxy-400t-w-2-084285\\\/\"]}]},{\"@type\":\"ImageObject\",\"inLanguage\":\"en-US\",\"@id\":\"https:\\\/\\\/spawlab.pl\\\/en\\\/produkt\\\/gys-galaxy-400t-w-2-084285\\\/#primaryimage\",\"url\":\"https:\\\/\\\/spawlab.pl\\\/wp-content\\\/uploads\\\/2025\\\/05\\\/080836_PRO_QF.png\",\"contentUrl\":\"https:\\\/\\\/spawlab.pl\\\/wp-content\\\/uploads\\\/2025\\\/05\\\/080836_PRO_QF.png\",\"width\":1478,\"height\":2048},{\"@type\":\"BreadcrumbList\",\"@id\":\"https:\\\/\\\/spawlab.pl\\\/en\\\/produkt\\\/gys-galaxy-400t-w-2-084285\\\/#breadcrumb\",\"itemListElement\":[{\"@type\":\"ListItem\",\"position\":1,\"name\":\"Strona g\u0142\u00f3wna\",\"item\":\"https:\\\/\\\/spawlab.pl\\\/en\\\/\"},{\"@type\":\"ListItem\",\"position\":2,\"name\":\"Store\",\"item\":\"https:\\\/\\\/spawlab.pl\\\/en\\\/shop\\\/\"},{\"@type\":\"ListItem\",\"position\":3,\"name\":\"GYS GALAXY 400T W 2 084285\"}]},{\"@type\":\"WebSite\",\"@id\":\"https:\\\/\\\/spawlab.pl\\\/en\\\/#website\",\"url\":\"https:\\\/\\\/spawlab.pl\\\/en\\\/\",\"name\":\"Spawlab.pl Lider - Spawarki, Przecinarki Plazmowe, Kompresory\",\"description\":\"Urz\u0105dzenia spawalnicze i Przecinarki plazmowe\\\/ nowe i u\u017cywane \\\/ Profesjonalny serwis\",\"publisher\":{\"@id\":\"https:\\\/\\\/spawlab.pl\\\/en\\\/#organization\"},\"alternateName\":\"Spawlab.pl - Dystrybutor Premium i Serwis na Polske Migatronic, Gys, Voestalpine Bohler Welding\",\"potentialAction\":[{\"@type\":\"SearchAction\",\"target\":{\"@type\":\"EntryPoint\",\"urlTemplate\":\"https:\\\/\\\/spawlab.pl\\\/en\\\/?s={search_term_string}\"},\"query-input\":{\"@type\":\"PropertyValueSpecification\",\"valueRequired\":true,\"valueName\":\"search_term_string\"}}],\"inLanguage\":\"en-US\"},{\"@type\":[\"Organization\",\"Place\"],\"@id\":\"https:\\\/\\\/spawlab.pl\\\/en\\\/#organization\",\"name\":\"Spawlab.pl\",\"url\":\"https:\\\/\\\/spawlab.pl\\\/en\\\/\",\"logo\":{\"@id\":\"https:\\\/\\\/spawlab.pl\\\/en\\\/produkt\\\/gys-galaxy-400t-w-2-084285\\\/#local-main-organization-logo\"},\"image\":{\"@id\":\"https:\\\/\\\/spawlab.pl\\\/en\\\/produkt\\\/gys-galaxy-400t-w-2-084285\\\/#local-main-organization-logo\"},\"sameAs\":[\"https:\\\/\\\/www.facebook.com\\\/Spawlab\\\/\",\"https:\\\/\\\/www.linkedin.com\\\/company\\\/spawlab\",\"https:\\\/\\\/www.instagram.com\\\/spawlab.pl\",\"https:\\\/\\\/www.tiktok.com\\\/@spawlab\"],\"description\":\"Lider sprzeda\u017cy, Oficjalny Dystrybutor Premium i Serwis na Polsk\u0119 Migatronic, Gys, Voestalpine Bohler Welding. Nowe i u\u017cywane Spawarki, Przecinarki Plazmowe, Kompresory. Mgr in\u017c. Jaros\u0142aw Ko\u0142aski, IWE\",\"hasMerchantReturnPolicy\":{\"@type\":\"MerchantReturnPolicy\",\"merchantReturnLink\":\"https:\\\/\\\/spawlab.pl\\\/polityka-prywatnosci-2\\\/\"},\"telephone\":[],\"openingHoursSpecification\":[{\"@type\":\"OpeningHoursSpecification\",\"dayOfWeek\":[\"Monday\",\"Tuesday\",\"Wednesday\",\"Thursday\",\"Friday\",\"Saturday\",\"Sunday\"],\"opens\":\"09:00\",\"closes\":\"17:00\"}]},{\"@type\":\"ImageObject\",\"inLanguage\":\"en-US\",\"@id\":\"https:\\\/\\\/spawlab.pl\\\/en\\\/produkt\\\/gys-galaxy-400t-w-2-084285\\\/#local-main-organization-logo\",\"url\":\"https:\\\/\\\/spawlab.pl\\\/wp-content\\\/uploads\\\/2022\\\/01\\\/olx.jpg\",\"contentUrl\":\"https:\\\/\\\/spawlab.pl\\\/wp-content\\\/uploads\\\/2022\\\/01\\\/olx.jpg\",\"width\":200,\"height\":200,\"caption\":\"Spawlab.pl\"}]}<\/script>\n<meta property=\"product:price:amount\" content=\"21837.55\" \/>\n<meta property=\"product:price:currency\" content=\"PLN\" \/>\n<meta property=\"og:availability\" content=\"backorder\" \/>\n<meta property=\"product:availability\" content=\"available for order\" \/>\n<meta property=\"product:retailer_item_id\" content=\"84285\" \/>\n<meta property=\"product:condition\" content=\"new\" \/>\n<!-- \/ Yoast SEO Premium plugin. -->","yoast_head_json":{"title":"GYS GALAXY 400T W 2 084285","description":"GYS comprehensive welding kit GALAXY 400T W 2 (084285) with three-phase inverter welder (400A) with liquid cooling, MIG\/MAG Pulse function, synergies and extended accessory kit, ideal for intensive and precise welding of minium, stainless steel and other materials by MIG\/MAG, MMA and TIG Lift methods in professional industrial applications.","robots":{"index":"index","follow":"follow","max-snippet":"max-snippet:-1","max-image-preview":"max-image-preview:large","max-video-preview":"max-video-preview:-1"},"canonical":"https:\/\/spawlab.pl\/en\/produkt\/gys-galaxy-400t-w-2-084285\/","og_locale":"en_US","og_type":"article","og_title":"GYS GALAXY 400T W 2 084285","og_description":"Lider sprzeda\u017cy, Oficjalny Dystrybutor Premium i Serwis na Polsk\u0119 Migatronic, Gys, Voestalpine Bohler Welding. Nowe i u\u017cywane Spawarki, Przecinarki Plazmowe, Kompresory. Mgr in\u017c. Jaros\u0142aw Ko\u0142aski, IWE","og_url":"https:\/\/spawlab.pl\/en\/produkt\/gys-galaxy-400t-w-2-084285\/","og_site_name":"SpawLab - Welding equipment and plasma cutters - store and service","article_publisher":"https:\/\/www.facebook.com\/Spawlab\/","og_image":[{"width":739,"height":1024,"url":"https:\/\/spawlab.pl\/wp-content\/uploads\/2025\/05\/080836_PRO_QF-739x1024.png","type":"image\/png"}],"twitter_misc":{"Price":"21 837,55&nbsp;&#122;&#322; (17 754,11&nbsp;&#122;&#322; netto)","Availability":"On backorder"},"schema":{"@context":"https:\/\/schema.org","@graph":[{"@type":["WebPage","ItemPage"],"@id":"https:\/\/spawlab.pl\/en\/produkt\/gys-galaxy-400t-w-2-084285\/","url":"https:\/\/spawlab.pl\/en\/produkt\/gys-galaxy-400t-w-2-084285\/","name":"GYS GALAXY 400T W 2 084285","isPartOf":{"@id":"https:\/\/spawlab.pl\/en\/#website"},"primaryImageOfPage":{"@id":"https:\/\/spawlab.pl\/en\/produkt\/gys-galaxy-400t-w-2-084285\/#primaryimage"},"image":{"@id":"https:\/\/spawlab.pl\/en\/produkt\/gys-galaxy-400t-w-2-084285\/#primaryimage"},"thumbnailUrl":"https:\/\/spawlab.pl\/wp-content\/uploads\/2025\/05\/080836_PRO_QF.png","datePublished":"2025-05-01T06:46:39+00:00","description":"GYS comprehensive welding kit GALAXY 400T W 2 (084285) with three-phase inverter welder (400A) with liquid cooling, MIG\/MAG Pulse function, synergies and extended accessory kit, ideal for intensive and precise welding of minium, stainless steel and other materials by MIG\/MAG, MMA and TIG Lift methods in professional industrial applications.","breadcrumb":{"@id":"https:\/\/spawlab.pl\/en\/produkt\/gys-galaxy-400t-w-2-084285\/#breadcrumb"},"inLanguage":"en-US","potentialAction":[{"@type":"ReadAction","target":["https:\/\/spawlab.pl\/en\/produkt\/gys-galaxy-400t-w-2-084285\/"]}]},{"@type":"ImageObject","inLanguage":"en-US","@id":"https:\/\/spawlab.pl\/en\/produkt\/gys-galaxy-400t-w-2-084285\/#primaryimage","url":"https:\/\/spawlab.pl\/wp-content\/uploads\/2025\/05\/080836_PRO_QF.png","contentUrl":"https:\/\/spawlab.pl\/wp-content\/uploads\/2025\/05\/080836_PRO_QF.png","width":1478,"height":2048},{"@type":"BreadcrumbList","@id":"https:\/\/spawlab.pl\/en\/produkt\/gys-galaxy-400t-w-2-084285\/#breadcrumb","itemListElement":[{"@type":"ListItem","position":1,"name":"Strona g\u0142\u00f3wna","item":"https:\/\/spawlab.pl\/en\/"},{"@type":"ListItem","position":2,"name":"Store","item":"https:\/\/spawlab.pl\/en\/shop\/"},{"@type":"ListItem","position":3,"name":"GYS GALAXY 400T W 2 084285"}]},{"@type":"WebSite","@id":"https:\/\/spawlab.pl\/en\/#website","url":"https:\/\/spawlab.pl\/en\/","name":"Spawlab.pl Lider - Spawarki, Przecinarki Plazmowe, Kompresory","description":"Urz\u0105dzenia spawalnicze i Przecinarki plazmowe\/ nowe i u\u017cywane \/ Profesjonalny serwis","publisher":{"@id":"https:\/\/spawlab.pl\/en\/#organization"},"alternateName":"Spawlab.pl - Dystrybutor Premium i Serwis na Polske Migatronic, Gys, Voestalpine Bohler Welding","potentialAction":[{"@type":"SearchAction","target":{"@type":"EntryPoint","urlTemplate":"https:\/\/spawlab.pl\/en\/?s={search_term_string}"},"query-input":{"@type":"PropertyValueSpecification","valueRequired":true,"valueName":"search_term_string"}}],"inLanguage":"en-US"},{"@type":["Organization","Place"],"@id":"https:\/\/spawlab.pl\/en\/#organization","name":"Spawlab.pl","url":"https:\/\/spawlab.pl\/en\/","logo":{"@id":"https:\/\/spawlab.pl\/en\/produkt\/gys-galaxy-400t-w-2-084285\/#local-main-organization-logo"},"image":{"@id":"https:\/\/spawlab.pl\/en\/produkt\/gys-galaxy-400t-w-2-084285\/#local-main-organization-logo"},"sameAs":["https:\/\/www.facebook.com\/Spawlab\/","https:\/\/www.linkedin.com\/company\/spawlab","https:\/\/www.instagram.com\/spawlab.pl","https:\/\/www.tiktok.com\/@spawlab"],"description":"Lider sprzeda\u017cy, Oficjalny Dystrybutor Premium i Serwis na Polsk\u0119 Migatronic, Gys, Voestalpine Bohler Welding. Nowe i u\u017cywane Spawarki, Przecinarki Plazmowe, Kompresory. Mgr in\u017c. Jaros\u0142aw Ko\u0142aski, IWE","hasMerchantReturnPolicy":{"@type":"MerchantReturnPolicy","merchantReturnLink":"https:\/\/spawlab.pl\/polityka-prywatnosci-2\/"},"telephone":[],"openingHoursSpecification":[{"@type":"OpeningHoursSpecification","dayOfWeek":["Monday","Tuesday","Wednesday","Thursday","Friday","Saturday","Sunday"],"opens":"09:00","closes":"17:00"}]},{"@type":"ImageObject","inLanguage":"en-US","@id":"https:\/\/spawlab.pl\/en\/produkt\/gys-galaxy-400t-w-2-084285\/#local-main-organization-logo","url":"https:\/\/spawlab.pl\/wp-content\/uploads\/2022\/01\/olx.jpg","contentUrl":"https:\/\/spawlab.pl\/wp-content\/uploads\/2022\/01\/olx.jpg","width":200,"height":200,"caption":"Spawlab.pl"}]},"product_price_amount":"21837.55","product_price_currency":"PLN","og_availability":"backorder","product_availability":"available for order","product_retailer_item_id":"84285","product_condition":"new"},"_links":{"self":[{"href":"https:\/\/spawlab.pl\/en\/wp-json\/wp\/v2\/product\/37589","targetHints":{"allow":["GET"]}}],"collection":[{"href":"https:\/\/spawlab.pl\/en\/wp-json\/wp\/v2\/product"}],"about":[{"href":"https:\/\/spawlab.pl\/en\/wp-json\/wp\/v2\/types\/product"}],"wp:featuredmedia":[{"embeddable":true,"href":"https:\/\/spawlab.pl\/en\/wp-json\/wp\/v2\/media\/31901"}],"wp:attachment":[{"href":"https:\/\/spawlab.pl\/en\/wp-json\/wp\/v2\/media?parent=37589"}],"wp:term":[{"taxonomy":"product_brand","embeddable":true,"href":"https:\/\/spawlab.pl\/en\/wp-json\/wp\/v2\/product_brand?post=37589"},{"taxonomy":"product_cat","embeddable":true,"href":"https:\/\/spawlab.pl\/en\/wp-json\/wp\/v2\/product_cat?post=37589"},{"taxonomy":"product_tag","embeddable":true,"href":"https:\/\/spawlab.pl\/en\/wp-json\/wp\/v2\/product_tag?post=37589"}],"curies":[{"name":"wp","href":"https:\/\/api.w.org\/{rel}","templated":true}]}}