{"id":37643,"date":"2025-05-01T08:41:22","date_gmt":"2025-05-01T06:41:22","guid":{"rendered":"https:\/\/spawlab.pl\/produkt\/gys-easycut-40-029743\/"},"modified":"2025-05-01T08:41:22","modified_gmt":"2025-05-01T06:41:22","slug":"gys-easycut-40-029743","status":"publish","type":"product","link":"https:\/\/spawlab.pl\/en\/produkt\/gys-easycut-40-029743\/","title":{"rendered":"GYS EASYCUT 40 029743"},"content":{"rendered":"<p>We are the official distributor and authorized service provider of the GYS brand in Poland.<\/p>\n<p>The GYS EASYCUT 40 is a single-phase (230 V), compact and lightweight plasma cutter with contactless arc ignition (HF-free), ideal for precision cutting of various types of metals, such as steel (including mild, stainless, hardened, HLE), minium and copper, up to 20 mm (maximum cut) or 15 mm (clean cut). With an output of 40 A, it is ideal for low-intensity cutting. It is easy to operate thanks to an intuitive control panel with automatic torch detection and manual air pressure adjustment (2.5 &#8211; 6.5) with bargraph. It has built-in overvoltage and overload protection and an indication of insufficient air pressure or no burner detection. Supplied with a 4-meter TPT40 torch and a 2-meter ground wire with clamp. Requires connection to an external compressed air source.<br \/>\nKey Features:     <\/p>\n<p>Single-phase 230-volt power supply.<\/p>\n<p>Contactless arc ignition (HF-free).<\/p>\n<p>Compact (8 kg) and portable.<\/p>\n<p>Cutting current: 10 &#8211; 40 A.<\/p>\n<p>Maximum cutting thickness: 20 mm (parting), 15 mm (clean) for steel; 15 mm (parting), 10 mm (clean) for minium\/stainless steel.<\/p>\n<p>Ability to cut various metals.<\/p>\n<p>Easy and intuitive operation.<\/p>\n<p>Automatic burner detection.<\/p>\n<p>Manual air pressure control with bargraph.<\/p>\n<p>Overvoltage and overload protection.<\/p>\n<p>Error signaling.<\/p>\n<p>Ergonomic air-cooled burner (TPT40 4m).<\/p>\n<p>Quickly connect\/disconnect the burner without tools.<br \/>\nTechnical data:<\/p>\n<p>Supply voltage: 230 V (1 phase), 50\/60 Hz<\/p>\n<p>Protection: 16 A or 32 A (depending on the source)<\/p>\n<p>Cutting current: 10 &#8211; 40 A<\/p>\n<p>Maximum thickness of cut (steel &#8211; separating): 20 mm<\/p>\n<p>Maximum thickness of cut (steel &#8211; clean): 15 mm<\/p>\n<p>Maximum thickness of cut ( minium\/rust &#8211; separating): 15 mm<\/p>\n<p>Maximum thickness of cut ( minium\/rust &#8211; clean): 10 mm<\/p>\n<p>Required air pressure: 2.5 &#8211; 6.5 bar<\/p>\n<p>Airflow: (no exact data in the part number)<\/p>\n<p>Duty cycle (at 40\u00b0C): 20% at 40 A, 60% at 10 A<\/p>\n<p>Degree of protection: IP21<\/p>\n<p>Dimensions: 420 x 150 x 300 mm<\/p>\n<p>Weight: 8 kg<\/p>\n<p>Length of power cord: (no data in catalog number)<\/p>\n<p>Handle cable length: 4 m<\/p>\n<p>Ground cable length: 2 m<br \/>\nApplication:<\/p>\n<p>Precision metal cutting in automotive, sheet metal and light industrial workshops.<\/p>\n<p>Maintenance and repair work.<\/p>\n<p>Cutting parts up to 15 mm thick with high edge quality.<\/p>\n","protected":false},"excerpt":{"rendered":"<p>Compact and powerful GYS EASYCUT 40 plasma cutter (230 V, 40 A) with non-contact arc ignition, ideal for precision metal cutting up to 15 mm.<\/p>\n","protected":false},"featured_media":32144,"template":"","meta":{"inline_featured_image":false},"product_brand":[999],"product_cat":[497,478],"product_tag":[],"class_list":{"0":"post-37643","1":"product","2":"type-product","3":"status-publish","4":"has-post-thumbnail","6":"product_brand-gys","7":"product_cat-gas-cooled-en-6","8":"product_cat-plasma-cutters-en","10":"first","11":"onbackorder","12":"taxable","13":"shipping-taxable","14":"purchasable","15":"product-type-simple"},"yoast_head":"<!-- This site is optimized with the Yoast SEO Premium plugin v27.0 (Yoast SEO v27.3) - https:\/\/yoast.com\/product\/yoast-seo-premium-wordpress\/ -->\n<title>GYS EASYCUT 40 029743<\/title>\n<meta name=\"description\" content=\"Lightweight and portable plasma cutter GYS EASYCUT 40 (029743) with single-phase 230 V power supply and cutting current of up to 40 A, enabling precise cutting of steel up to 15 mm and minium and stainless steel up to 10 mm.\" \/>\n<meta name=\"robots\" content=\"index, follow, max-snippet:-1, max-image-preview:large, max-video-preview:-1\" \/>\n<link rel=\"canonical\" href=\"https:\/\/spawlab.pl\/en\/produkt\/gys-easycut-40-029743\/\" \/>\n<meta property=\"og:locale\" content=\"en_US\" \/>\n<meta property=\"og:type\" content=\"article\" \/>\n<meta property=\"og:title\" content=\"GYS EASYCUT 40 029743\" \/>\n<meta property=\"og:description\" content=\"Lider sprzeda\u017cy, Oficjalny Dystrybutor Premium i Serwis na Polsk\u0119 Migatronic, Gys, Voestalpine Bohler Welding. Nowe i u\u017cywane Spawarki, Przecinarki Plazmowe, Kompresory. Mgr in\u017c. Jaros\u0142aw Ko\u0142aski, IWE\" \/>\n<meta property=\"og:url\" content=\"https:\/\/spawlab.pl\/en\/produkt\/gys-easycut-40-029743\/\" \/>\n<meta property=\"og:site_name\" content=\"SpawLab - Welding equipment and plasma cutters - store and service\" \/>\n<meta property=\"article:publisher\" content=\"https:\/\/www.facebook.com\/Spawlab\/\" \/>\n<meta property=\"og:image\" content=\"https:\/\/spawlab.pl\/wp-content\/uploads\/2025\/05\/029743_PRO_QF-1.png\" \/>\n\t<meta property=\"og:image:width\" content=\"2048\" \/>\n\t<meta property=\"og:image:height\" content=\"1534\" \/>\n\t<meta property=\"og:image:type\" content=\"image\/png\" \/>\n<meta name=\"twitter:label1\" content=\"Price\" \/>\n\t<meta name=\"twitter:data1\" content=\"3 736,70&nbsp;&#122;&#322; (3 037,97&nbsp;&#122;&#322; netto)\" \/>\n\t<meta name=\"twitter:label2\" content=\"Availability\" \/>\n\t<meta name=\"twitter:data2\" content=\"On backorder\" \/>\n<script type=\"application\/ld+json\" class=\"yoast-schema-graph\">{\"@context\":\"https:\\\/\\\/schema.org\",\"@graph\":[{\"@type\":[\"WebPage\",\"ItemPage\"],\"@id\":\"https:\\\/\\\/spawlab.pl\\\/en\\\/produkt\\\/gys-easycut-40-029743\\\/\",\"url\":\"https:\\\/\\\/spawlab.pl\\\/en\\\/produkt\\\/gys-easycut-40-029743\\\/\",\"name\":\"GYS EASYCUT 40 029743\",\"isPartOf\":{\"@id\":\"https:\\\/\\\/spawlab.pl\\\/en\\\/#website\"},\"primaryImageOfPage\":{\"@id\":\"https:\\\/\\\/spawlab.pl\\\/en\\\/produkt\\\/gys-easycut-40-029743\\\/#primaryimage\"},\"image\":{\"@id\":\"https:\\\/\\\/spawlab.pl\\\/en\\\/produkt\\\/gys-easycut-40-029743\\\/#primaryimage\"},\"thumbnailUrl\":\"https:\\\/\\\/spawlab.pl\\\/wp-content\\\/uploads\\\/2025\\\/05\\\/029743_PRO_QF-1.png\",\"datePublished\":\"2025-05-01T06:41:22+00:00\",\"description\":\"Lightweight and portable plasma cutter GYS EASYCUT 40 (029743) with single-phase 230 V power supply and cutting current of up to 40 A, enabling precise cutting of steel up to 15 mm and minium and stainless steel up to 10 mm.\",\"breadcrumb\":{\"@id\":\"https:\\\/\\\/spawlab.pl\\\/en\\\/produkt\\\/gys-easycut-40-029743\\\/#breadcrumb\"},\"inLanguage\":\"en-US\",\"potentialAction\":[{\"@type\":\"ReadAction\",\"target\":[\"https:\\\/\\\/spawlab.pl\\\/en\\\/produkt\\\/gys-easycut-40-029743\\\/\"]}]},{\"@type\":\"ImageObject\",\"inLanguage\":\"en-US\",\"@id\":\"https:\\\/\\\/spawlab.pl\\\/en\\\/produkt\\\/gys-easycut-40-029743\\\/#primaryimage\",\"url\":\"https:\\\/\\\/spawlab.pl\\\/wp-content\\\/uploads\\\/2025\\\/05\\\/029743_PRO_QF-1.png\",\"contentUrl\":\"https:\\\/\\\/spawlab.pl\\\/wp-content\\\/uploads\\\/2025\\\/05\\\/029743_PRO_QF-1.png\",\"width\":2048,\"height\":1534},{\"@type\":\"BreadcrumbList\",\"@id\":\"https:\\\/\\\/spawlab.pl\\\/en\\\/produkt\\\/gys-easycut-40-029743\\\/#breadcrumb\",\"itemListElement\":[{\"@type\":\"ListItem\",\"position\":1,\"name\":\"Strona g\u0142\u00f3wna\",\"item\":\"https:\\\/\\\/spawlab.pl\\\/en\\\/\"},{\"@type\":\"ListItem\",\"position\":2,\"name\":\"Store\",\"item\":\"https:\\\/\\\/spawlab.pl\\\/en\\\/shop\\\/\"},{\"@type\":\"ListItem\",\"position\":3,\"name\":\"GYS EASYCUT 40 029743\"}]},{\"@type\":\"WebSite\",\"@id\":\"https:\\\/\\\/spawlab.pl\\\/en\\\/#website\",\"url\":\"https:\\\/\\\/spawlab.pl\\\/en\\\/\",\"name\":\"Spawlab.pl Lider - Spawarki, Przecinarki Plazmowe, Kompresory\",\"description\":\"Urz\u0105dzenia spawalnicze i Przecinarki plazmowe\\\/ nowe i u\u017cywane \\\/ Profesjonalny serwis\",\"publisher\":{\"@id\":\"https:\\\/\\\/spawlab.pl\\\/en\\\/#organization\"},\"alternateName\":\"Spawlab.pl - Dystrybutor Premium i Serwis na Polske Migatronic, Gys, Voestalpine Bohler Welding\",\"potentialAction\":[{\"@type\":\"SearchAction\",\"target\":{\"@type\":\"EntryPoint\",\"urlTemplate\":\"https:\\\/\\\/spawlab.pl\\\/en\\\/?s={search_term_string}\"},\"query-input\":{\"@type\":\"PropertyValueSpecification\",\"valueRequired\":true,\"valueName\":\"search_term_string\"}}],\"inLanguage\":\"en-US\"},{\"@type\":[\"Organization\",\"Place\"],\"@id\":\"https:\\\/\\\/spawlab.pl\\\/en\\\/#organization\",\"name\":\"Spawlab.pl\",\"url\":\"https:\\\/\\\/spawlab.pl\\\/en\\\/\",\"logo\":{\"@id\":\"https:\\\/\\\/spawlab.pl\\\/en\\\/produkt\\\/gys-easycut-40-029743\\\/#local-main-organization-logo\"},\"image\":{\"@id\":\"https:\\\/\\\/spawlab.pl\\\/en\\\/produkt\\\/gys-easycut-40-029743\\\/#local-main-organization-logo\"},\"sameAs\":[\"https:\\\/\\\/www.facebook.com\\\/Spawlab\\\/\",\"https:\\\/\\\/www.linkedin.com\\\/company\\\/spawlab\",\"https:\\\/\\\/www.instagram.com\\\/spawlab.pl\",\"https:\\\/\\\/www.tiktok.com\\\/@spawlab\"],\"description\":\"Lider sprzeda\u017cy, Oficjalny Dystrybutor Premium i Serwis na Polsk\u0119 Migatronic, Gys, Voestalpine Bohler Welding. Nowe i u\u017cywane Spawarki, Przecinarki Plazmowe, Kompresory. Mgr in\u017c. Jaros\u0142aw Ko\u0142aski, IWE\",\"hasMerchantReturnPolicy\":{\"@type\":\"MerchantReturnPolicy\",\"merchantReturnLink\":\"https:\\\/\\\/spawlab.pl\\\/polityka-prywatnosci-2\\\/\"},\"telephone\":[],\"openingHoursSpecification\":[{\"@type\":\"OpeningHoursSpecification\",\"dayOfWeek\":[\"Monday\",\"Tuesday\",\"Wednesday\",\"Thursday\",\"Friday\",\"Saturday\",\"Sunday\"],\"opens\":\"09:00\",\"closes\":\"17:00\"}]},{\"@type\":\"ImageObject\",\"inLanguage\":\"en-US\",\"@id\":\"https:\\\/\\\/spawlab.pl\\\/en\\\/produkt\\\/gys-easycut-40-029743\\\/#local-main-organization-logo\",\"url\":\"https:\\\/\\\/spawlab.pl\\\/wp-content\\\/uploads\\\/2022\\\/01\\\/olx.jpg\",\"contentUrl\":\"https:\\\/\\\/spawlab.pl\\\/wp-content\\\/uploads\\\/2022\\\/01\\\/olx.jpg\",\"width\":200,\"height\":200,\"caption\":\"Spawlab.pl\"}]}<\/script>\n<meta property=\"product:price:amount\" content=\"3736.70\" \/>\n<meta property=\"product:price:currency\" content=\"PLN\" \/>\n<meta property=\"og:availability\" content=\"backorder\" \/>\n<meta property=\"product:availability\" content=\"available for order\" \/>\n<meta property=\"product:retailer_item_id\" content=\"29743\" \/>\n<meta property=\"product:condition\" content=\"new\" \/>\n<!-- \/ Yoast SEO Premium plugin. -->","yoast_head_json":{"title":"GYS EASYCUT 40 029743","description":"Lightweight and portable plasma cutter GYS EASYCUT 40 (029743) with single-phase 230 V power supply and cutting current of up to 40 A, enabling precise cutting of steel up to 15 mm and minium and stainless steel up to 10 mm.","robots":{"index":"index","follow":"follow","max-snippet":"max-snippet:-1","max-image-preview":"max-image-preview:large","max-video-preview":"max-video-preview:-1"},"canonical":"https:\/\/spawlab.pl\/en\/produkt\/gys-easycut-40-029743\/","og_locale":"en_US","og_type":"article","og_title":"GYS EASYCUT 40 029743","og_description":"Lider sprzeda\u017cy, Oficjalny Dystrybutor Premium i Serwis na Polsk\u0119 Migatronic, Gys, Voestalpine Bohler Welding. Nowe i u\u017cywane Spawarki, Przecinarki Plazmowe, Kompresory. Mgr in\u017c. Jaros\u0142aw Ko\u0142aski, IWE","og_url":"https:\/\/spawlab.pl\/en\/produkt\/gys-easycut-40-029743\/","og_site_name":"SpawLab - Welding equipment and plasma cutters - store and service","article_publisher":"https:\/\/www.facebook.com\/Spawlab\/","og_image":[{"width":2048,"height":1534,"url":"https:\/\/spawlab.pl\/wp-content\/uploads\/2025\/05\/029743_PRO_QF-1.png","type":"image\/png"}],"twitter_misc":{"Price":"3 736,70&nbsp;&#122;&#322; (3 037,97&nbsp;&#122;&#322; netto)","Availability":"On backorder"},"schema":{"@context":"https:\/\/schema.org","@graph":[{"@type":["WebPage","ItemPage"],"@id":"https:\/\/spawlab.pl\/en\/produkt\/gys-easycut-40-029743\/","url":"https:\/\/spawlab.pl\/en\/produkt\/gys-easycut-40-029743\/","name":"GYS EASYCUT 40 029743","isPartOf":{"@id":"https:\/\/spawlab.pl\/en\/#website"},"primaryImageOfPage":{"@id":"https:\/\/spawlab.pl\/en\/produkt\/gys-easycut-40-029743\/#primaryimage"},"image":{"@id":"https:\/\/spawlab.pl\/en\/produkt\/gys-easycut-40-029743\/#primaryimage"},"thumbnailUrl":"https:\/\/spawlab.pl\/wp-content\/uploads\/2025\/05\/029743_PRO_QF-1.png","datePublished":"2025-05-01T06:41:22+00:00","description":"Lightweight and portable plasma cutter GYS EASYCUT 40 (029743) with single-phase 230 V power supply and cutting current of up to 40 A, enabling precise cutting of steel up to 15 mm and minium and stainless steel up to 10 mm.","breadcrumb":{"@id":"https:\/\/spawlab.pl\/en\/produkt\/gys-easycut-40-029743\/#breadcrumb"},"inLanguage":"en-US","potentialAction":[{"@type":"ReadAction","target":["https:\/\/spawlab.pl\/en\/produkt\/gys-easycut-40-029743\/"]}]},{"@type":"ImageObject","inLanguage":"en-US","@id":"https:\/\/spawlab.pl\/en\/produkt\/gys-easycut-40-029743\/#primaryimage","url":"https:\/\/spawlab.pl\/wp-content\/uploads\/2025\/05\/029743_PRO_QF-1.png","contentUrl":"https:\/\/spawlab.pl\/wp-content\/uploads\/2025\/05\/029743_PRO_QF-1.png","width":2048,"height":1534},{"@type":"BreadcrumbList","@id":"https:\/\/spawlab.pl\/en\/produkt\/gys-easycut-40-029743\/#breadcrumb","itemListElement":[{"@type":"ListItem","position":1,"name":"Strona g\u0142\u00f3wna","item":"https:\/\/spawlab.pl\/en\/"},{"@type":"ListItem","position":2,"name":"Store","item":"https:\/\/spawlab.pl\/en\/shop\/"},{"@type":"ListItem","position":3,"name":"GYS EASYCUT 40 029743"}]},{"@type":"WebSite","@id":"https:\/\/spawlab.pl\/en\/#website","url":"https:\/\/spawlab.pl\/en\/","name":"Spawlab.pl Lider - Spawarki, Przecinarki Plazmowe, Kompresory","description":"Urz\u0105dzenia spawalnicze i Przecinarki plazmowe\/ nowe i u\u017cywane \/ Profesjonalny serwis","publisher":{"@id":"https:\/\/spawlab.pl\/en\/#organization"},"alternateName":"Spawlab.pl - Dystrybutor Premium i Serwis na Polske Migatronic, Gys, Voestalpine Bohler Welding","potentialAction":[{"@type":"SearchAction","target":{"@type":"EntryPoint","urlTemplate":"https:\/\/spawlab.pl\/en\/?s={search_term_string}"},"query-input":{"@type":"PropertyValueSpecification","valueRequired":true,"valueName":"search_term_string"}}],"inLanguage":"en-US"},{"@type":["Organization","Place"],"@id":"https:\/\/spawlab.pl\/en\/#organization","name":"Spawlab.pl","url":"https:\/\/spawlab.pl\/en\/","logo":{"@id":"https:\/\/spawlab.pl\/en\/produkt\/gys-easycut-40-029743\/#local-main-organization-logo"},"image":{"@id":"https:\/\/spawlab.pl\/en\/produkt\/gys-easycut-40-029743\/#local-main-organization-logo"},"sameAs":["https:\/\/www.facebook.com\/Spawlab\/","https:\/\/www.linkedin.com\/company\/spawlab","https:\/\/www.instagram.com\/spawlab.pl","https:\/\/www.tiktok.com\/@spawlab"],"description":"Lider sprzeda\u017cy, Oficjalny Dystrybutor Premium i Serwis na Polsk\u0119 Migatronic, Gys, Voestalpine Bohler Welding. Nowe i u\u017cywane Spawarki, Przecinarki Plazmowe, Kompresory. Mgr in\u017c. Jaros\u0142aw Ko\u0142aski, IWE","hasMerchantReturnPolicy":{"@type":"MerchantReturnPolicy","merchantReturnLink":"https:\/\/spawlab.pl\/polityka-prywatnosci-2\/"},"telephone":[],"openingHoursSpecification":[{"@type":"OpeningHoursSpecification","dayOfWeek":["Monday","Tuesday","Wednesday","Thursday","Friday","Saturday","Sunday"],"opens":"09:00","closes":"17:00"}]},{"@type":"ImageObject","inLanguage":"en-US","@id":"https:\/\/spawlab.pl\/en\/produkt\/gys-easycut-40-029743\/#local-main-organization-logo","url":"https:\/\/spawlab.pl\/wp-content\/uploads\/2022\/01\/olx.jpg","contentUrl":"https:\/\/spawlab.pl\/wp-content\/uploads\/2022\/01\/olx.jpg","width":200,"height":200,"caption":"Spawlab.pl"}]},"product_price_amount":"3736.70","product_price_currency":"PLN","og_availability":"backorder","product_availability":"available for order","product_retailer_item_id":"29743","product_condition":"new"},"_links":{"self":[{"href":"https:\/\/spawlab.pl\/en\/wp-json\/wp\/v2\/product\/37643","targetHints":{"allow":["GET"]}}],"collection":[{"href":"https:\/\/spawlab.pl\/en\/wp-json\/wp\/v2\/product"}],"about":[{"href":"https:\/\/spawlab.pl\/en\/wp-json\/wp\/v2\/types\/product"}],"wp:featuredmedia":[{"embeddable":true,"href":"https:\/\/spawlab.pl\/en\/wp-json\/wp\/v2\/media\/32144"}],"wp:attachment":[{"href":"https:\/\/spawlab.pl\/en\/wp-json\/wp\/v2\/media?parent=37643"}],"wp:term":[{"taxonomy":"product_brand","embeddable":true,"href":"https:\/\/spawlab.pl\/en\/wp-json\/wp\/v2\/product_brand?post=37643"},{"taxonomy":"product_cat","embeddable":true,"href":"https:\/\/spawlab.pl\/en\/wp-json\/wp\/v2\/product_cat?post=37643"},{"taxonomy":"product_tag","embeddable":true,"href":"https:\/\/spawlab.pl\/en\/wp-json\/wp\/v2\/product_tag?post=37643"}],"curies":[{"name":"wp","href":"https:\/\/api.w.org\/{rel}","templated":true}]}}