{"id":37655,"date":"2025-05-01T08:42:15","date_gmt":"2025-05-01T06:42:15","guid":{"rendered":"https:\/\/spawlab.pl\/produkt\/gys-cooling-unit-wcu1kw-b-tig-300-dc-032217\/"},"modified":"2025-05-01T08:42:15","modified_gmt":"2025-05-01T06:42:15","slug":"gys-cooling-unit-wcu1kw-b-tig-300-dc-032217","status":"publish","type":"product","link":"https:\/\/spawlab.pl\/en\/produkt\/gys-cooling-unit-wcu1kw-b-tig-300-dc-032217\/","title":{"rendered":"GYS COOLING UNIT WCU1KW B-TIG 300 DC 032217"},"content":{"rendered":"<p>We are the official distributor and authorized service provider of the GYS brand in Poland.<\/p>\n<p>GYS COOLING UNIT WCU1KW B is a compact and efficient liquid cooling system designed specifically for use with DC TIG welders such as GYS TIG 300 DC. Its main task is to efficiently cool the welding fixture, allowing you to work at high welding currents for long periods of time without the risk of overheating and damaging the fixture. The cooling unit increases the welder&#8217;s compdlat and significantly extends the operating life of the handle. The WCU1KW B features a robust design, easy operation and high reliability. It has a built-in coolant reservoir and a pump with sufficient capacity to ensure optimal coolant flow. It is powered by single-phase (230 V).<br \/>\nKey features:<\/p>\n<p>Compact and portable cooling unit.<\/p>\n<p>Designed for DC TIG welding machines (compatible with GYS TIG 300 DC).<\/p>\n<p>Effective cooling of the welding fixture.<\/p>\n<p>Allows long-term operation with high currents.<\/p>\n<p>Increases the comdlat of the welder&#8217;s work.<\/p>\n<p>Extends the life of the welding fixture.<\/p>\n<p>Robust design.<\/p>\n<p>Easy to use.<\/p>\n<p>Built-in coolant reservoir.<\/p>\n<p>Efficient pump.<\/p>\n<p>Single-phase power supply 230 V.<br \/>\nTechnical data:<\/p>\n<p>Part number: 032217<\/p>\n<p>Compatibility: DC TIG welders (such as GYS TIG 300 DC).<\/p>\n<p>Power supply: 230 V (1 phase), 50\/60 Hz<\/p>\n<p>Cooling power: 1 kW (indlamation from model name)<\/p>\n<p>Tank capacity: No exact data in the catalog number (usually a few liters)<\/p>\n<p>Coolant flow rate: No exact data in the part number<\/p>\n<p>Coolant pressure: No exact data in the part number<\/p>\n<p>Dimensions: no exact data in the catalog number (compact)<\/p>\n<p>Weight: No exact data in catalog number (portable)<br \/>\nApplication:<\/p>\n<p>Cooling of TIG DC welding fixtures during welding.<\/p>\n<p>Work with high welding currents requiring intensive cooling.<\/p>\n<p>Ensuring continuity of operation and protecting the handle from overheating.<\/p>\n","protected":false},"excerpt":{"rendered":"<p>Compact and powerful cooling unit GYS WCU1KW B (032217) dedicated to DC TIG welders, providing efficient cooling of the welding torch.<\/p>\n","protected":false},"featured_media":32388,"template":"","meta":{"inline_featured_image":false},"product_brand":[999],"product_cat":[475,5686,5687],"product_tag":[],"class_list":{"0":"post-37655","1":"product","2":"type-product","3":"status-publish","4":"has-post-thumbnail","6":"product_brand-gys","7":"product_cat-accessories-parts","8":"product_cat-brand-zone","9":"product_cat-gys","11":"first","12":"onbackorder","13":"taxable","14":"shipping-taxable","15":"purchasable","16":"product-type-simple"},"yoast_head":"<!-- This site is optimized with the Yoast SEO Premium plugin v27.0 (Yoast SEO v27.3) - https:\/\/yoast.com\/product\/yoast-seo-premium-wordpress\/ -->\n<title>GYS COOLING UNIT WCU1KW B-TIG 300 DC 032217<\/title>\n<meta name=\"description\" content=\"GYS COOLING UNIT WCU1KW B liquid cooling unit for TIG 300 DC welding machine, single-phase (230 V), cooling power of 1 kW, increases the performance and life of the welding torch.\" \/>\n<meta name=\"robots\" content=\"index, follow, max-snippet:-1, max-image-preview:large, max-video-preview:-1\" \/>\n<link rel=\"canonical\" href=\"https:\/\/spawlab.pl\/en\/produkt\/gys-cooling-unit-wcu1kw-b-tig-300-dc-032217\/\" \/>\n<meta property=\"og:locale\" content=\"en_US\" \/>\n<meta property=\"og:type\" content=\"article\" \/>\n<meta property=\"og:title\" content=\"GYS COOLING UNIT WCU1KW B-TIG 300 DC 032217\" \/>\n<meta property=\"og:description\" content=\"Lider sprzeda\u017cy, Oficjalny Dystrybutor Premium i Serwis na Polsk\u0119 Migatronic, Gys, Voestalpine Bohler Welding. Nowe i u\u017cywane Spawarki, Przecinarki Plazmowe, Kompresory. Mgr in\u017c. Jaros\u0142aw Ko\u0142aski, IWE\" \/>\n<meta property=\"og:url\" content=\"https:\/\/spawlab.pl\/en\/produkt\/gys-cooling-unit-wcu1kw-b-tig-300-dc-032217\/\" \/>\n<meta property=\"og:site_name\" content=\"SpawLab - Welding equipment and plasma cutters - store and service\" \/>\n<meta property=\"article:publisher\" content=\"https:\/\/www.facebook.com\/Spawlab\/\" \/>\n<meta property=\"og:image\" content=\"https:\/\/spawlab.pl\/wp-content\/uploads\/2025\/05\/032217_KEY_.jpg\" \/>\n\t<meta property=\"og:image:width\" content=\"1986\" \/>\n\t<meta property=\"og:image:height\" content=\"2048\" \/>\n\t<meta property=\"og:image:type\" content=\"image\/jpeg\" \/>\n<meta name=\"twitter:label1\" content=\"Price\" \/>\n\t<meta name=\"twitter:data1\" content=\"6 188,13&nbsp;&#122;&#322; (5 031,00&nbsp;&#122;&#322; netto)\" \/>\n\t<meta name=\"twitter:label2\" content=\"Availability\" \/>\n\t<meta name=\"twitter:data2\" content=\"On backorder\" \/>\n<script type=\"application\/ld+json\" class=\"yoast-schema-graph\">{\"@context\":\"https:\\\/\\\/schema.org\",\"@graph\":[{\"@type\":[\"WebPage\",\"ItemPage\"],\"@id\":\"https:\\\/\\\/spawlab.pl\\\/en\\\/produkt\\\/gys-cooling-unit-wcu1kw-b-tig-300-dc-032217\\\/\",\"url\":\"https:\\\/\\\/spawlab.pl\\\/en\\\/produkt\\\/gys-cooling-unit-wcu1kw-b-tig-300-dc-032217\\\/\",\"name\":\"GYS COOLING UNIT WCU1KW B-TIG 300 DC 032217\",\"isPartOf\":{\"@id\":\"https:\\\/\\\/spawlab.pl\\\/en\\\/#website\"},\"primaryImageOfPage\":{\"@id\":\"https:\\\/\\\/spawlab.pl\\\/en\\\/produkt\\\/gys-cooling-unit-wcu1kw-b-tig-300-dc-032217\\\/#primaryimage\"},\"image\":{\"@id\":\"https:\\\/\\\/spawlab.pl\\\/en\\\/produkt\\\/gys-cooling-unit-wcu1kw-b-tig-300-dc-032217\\\/#primaryimage\"},\"thumbnailUrl\":\"https:\\\/\\\/spawlab.pl\\\/wp-content\\\/uploads\\\/2025\\\/05\\\/032217_KEY_.jpg\",\"datePublished\":\"2025-05-01T06:42:15+00:00\",\"description\":\"GYS COOLING UNIT WCU1KW B liquid cooling unit for TIG 300 DC welding machine, single-phase (230 V), cooling power of 1 kW, increases the performance and life of the welding torch.\",\"breadcrumb\":{\"@id\":\"https:\\\/\\\/spawlab.pl\\\/en\\\/produkt\\\/gys-cooling-unit-wcu1kw-b-tig-300-dc-032217\\\/#breadcrumb\"},\"inLanguage\":\"en-US\",\"potentialAction\":[{\"@type\":\"ReadAction\",\"target\":[\"https:\\\/\\\/spawlab.pl\\\/en\\\/produkt\\\/gys-cooling-unit-wcu1kw-b-tig-300-dc-032217\\\/\"]}]},{\"@type\":\"ImageObject\",\"inLanguage\":\"en-US\",\"@id\":\"https:\\\/\\\/spawlab.pl\\\/en\\\/produkt\\\/gys-cooling-unit-wcu1kw-b-tig-300-dc-032217\\\/#primaryimage\",\"url\":\"https:\\\/\\\/spawlab.pl\\\/wp-content\\\/uploads\\\/2025\\\/05\\\/032217_KEY_.jpg\",\"contentUrl\":\"https:\\\/\\\/spawlab.pl\\\/wp-content\\\/uploads\\\/2025\\\/05\\\/032217_KEY_.jpg\",\"width\":1986,\"height\":2048},{\"@type\":\"BreadcrumbList\",\"@id\":\"https:\\\/\\\/spawlab.pl\\\/en\\\/produkt\\\/gys-cooling-unit-wcu1kw-b-tig-300-dc-032217\\\/#breadcrumb\",\"itemListElement\":[{\"@type\":\"ListItem\",\"position\":1,\"name\":\"Strona g\u0142\u00f3wna\",\"item\":\"https:\\\/\\\/spawlab.pl\\\/en\\\/\"},{\"@type\":\"ListItem\",\"position\":2,\"name\":\"Store\",\"item\":\"https:\\\/\\\/spawlab.pl\\\/en\\\/shop\\\/\"},{\"@type\":\"ListItem\",\"position\":3,\"name\":\"GYS COOLING UNIT WCU1KW B-TIG 300 DC 032217\"}]},{\"@type\":\"WebSite\",\"@id\":\"https:\\\/\\\/spawlab.pl\\\/en\\\/#website\",\"url\":\"https:\\\/\\\/spawlab.pl\\\/en\\\/\",\"name\":\"Spawlab.pl Lider - Spawarki, Przecinarki Plazmowe, Kompresory\",\"description\":\"Urz\u0105dzenia spawalnicze i Przecinarki plazmowe\\\/ nowe i u\u017cywane \\\/ Profesjonalny serwis\",\"publisher\":{\"@id\":\"https:\\\/\\\/spawlab.pl\\\/en\\\/#organization\"},\"alternateName\":\"Spawlab.pl - Dystrybutor Premium i Serwis na Polske Migatronic, Gys, Voestalpine Bohler Welding\",\"potentialAction\":[{\"@type\":\"SearchAction\",\"target\":{\"@type\":\"EntryPoint\",\"urlTemplate\":\"https:\\\/\\\/spawlab.pl\\\/en\\\/?s={search_term_string}\"},\"query-input\":{\"@type\":\"PropertyValueSpecification\",\"valueRequired\":true,\"valueName\":\"search_term_string\"}}],\"inLanguage\":\"en-US\"},{\"@type\":[\"Organization\",\"Place\"],\"@id\":\"https:\\\/\\\/spawlab.pl\\\/en\\\/#organization\",\"name\":\"Spawlab.pl\",\"url\":\"https:\\\/\\\/spawlab.pl\\\/en\\\/\",\"logo\":{\"@id\":\"https:\\\/\\\/spawlab.pl\\\/en\\\/produkt\\\/gys-cooling-unit-wcu1kw-b-tig-300-dc-032217\\\/#local-main-organization-logo\"},\"image\":{\"@id\":\"https:\\\/\\\/spawlab.pl\\\/en\\\/produkt\\\/gys-cooling-unit-wcu1kw-b-tig-300-dc-032217\\\/#local-main-organization-logo\"},\"sameAs\":[\"https:\\\/\\\/www.facebook.com\\\/Spawlab\\\/\",\"https:\\\/\\\/www.linkedin.com\\\/company\\\/spawlab\",\"https:\\\/\\\/www.instagram.com\\\/spawlab.pl\",\"https:\\\/\\\/www.tiktok.com\\\/@spawlab\"],\"description\":\"Lider sprzeda\u017cy, Oficjalny Dystrybutor Premium i Serwis na Polsk\u0119 Migatronic, Gys, Voestalpine Bohler Welding. Nowe i u\u017cywane Spawarki, Przecinarki Plazmowe, Kompresory. Mgr in\u017c. Jaros\u0142aw Ko\u0142aski, IWE\",\"hasMerchantReturnPolicy\":{\"@type\":\"MerchantReturnPolicy\",\"merchantReturnLink\":\"https:\\\/\\\/spawlab.pl\\\/polityka-prywatnosci-2\\\/\"},\"telephone\":[],\"openingHoursSpecification\":[{\"@type\":\"OpeningHoursSpecification\",\"dayOfWeek\":[\"Monday\",\"Tuesday\",\"Wednesday\",\"Thursday\",\"Friday\",\"Saturday\",\"Sunday\"],\"opens\":\"09:00\",\"closes\":\"17:00\"}]},{\"@type\":\"ImageObject\",\"inLanguage\":\"en-US\",\"@id\":\"https:\\\/\\\/spawlab.pl\\\/en\\\/produkt\\\/gys-cooling-unit-wcu1kw-b-tig-300-dc-032217\\\/#local-main-organization-logo\",\"url\":\"https:\\\/\\\/spawlab.pl\\\/wp-content\\\/uploads\\\/2022\\\/01\\\/olx.jpg\",\"contentUrl\":\"https:\\\/\\\/spawlab.pl\\\/wp-content\\\/uploads\\\/2022\\\/01\\\/olx.jpg\",\"width\":200,\"height\":200,\"caption\":\"Spawlab.pl\"}]}<\/script>\n<meta property=\"product:price:amount\" content=\"6188.13\" \/>\n<meta property=\"product:price:currency\" content=\"PLN\" \/>\n<meta property=\"og:availability\" content=\"backorder\" \/>\n<meta property=\"product:availability\" content=\"available for order\" \/>\n<meta property=\"product:retailer_item_id\" content=\"32217\" \/>\n<meta property=\"product:condition\" content=\"new\" \/>\n<!-- \/ Yoast SEO Premium plugin. -->","yoast_head_json":{"title":"GYS COOLING UNIT WCU1KW B-TIG 300 DC 032217","description":"GYS COOLING UNIT WCU1KW B liquid cooling unit for TIG 300 DC welding machine, single-phase (230 V), cooling power of 1 kW, increases the performance and life of the welding torch.","robots":{"index":"index","follow":"follow","max-snippet":"max-snippet:-1","max-image-preview":"max-image-preview:large","max-video-preview":"max-video-preview:-1"},"canonical":"https:\/\/spawlab.pl\/en\/produkt\/gys-cooling-unit-wcu1kw-b-tig-300-dc-032217\/","og_locale":"en_US","og_type":"article","og_title":"GYS COOLING UNIT WCU1KW B-TIG 300 DC 032217","og_description":"Lider sprzeda\u017cy, Oficjalny Dystrybutor Premium i Serwis na Polsk\u0119 Migatronic, Gys, Voestalpine Bohler Welding. Nowe i u\u017cywane Spawarki, Przecinarki Plazmowe, Kompresory. Mgr in\u017c. Jaros\u0142aw Ko\u0142aski, IWE","og_url":"https:\/\/spawlab.pl\/en\/produkt\/gys-cooling-unit-wcu1kw-b-tig-300-dc-032217\/","og_site_name":"SpawLab - Welding equipment and plasma cutters - store and service","article_publisher":"https:\/\/www.facebook.com\/Spawlab\/","og_image":[{"width":1986,"height":2048,"url":"https:\/\/spawlab.pl\/wp-content\/uploads\/2025\/05\/032217_KEY_.jpg","type":"image\/jpeg"}],"twitter_misc":{"Price":"6 188,13&nbsp;&#122;&#322; (5 031,00&nbsp;&#122;&#322; netto)","Availability":"On backorder"},"schema":{"@context":"https:\/\/schema.org","@graph":[{"@type":["WebPage","ItemPage"],"@id":"https:\/\/spawlab.pl\/en\/produkt\/gys-cooling-unit-wcu1kw-b-tig-300-dc-032217\/","url":"https:\/\/spawlab.pl\/en\/produkt\/gys-cooling-unit-wcu1kw-b-tig-300-dc-032217\/","name":"GYS COOLING UNIT WCU1KW B-TIG 300 DC 032217","isPartOf":{"@id":"https:\/\/spawlab.pl\/en\/#website"},"primaryImageOfPage":{"@id":"https:\/\/spawlab.pl\/en\/produkt\/gys-cooling-unit-wcu1kw-b-tig-300-dc-032217\/#primaryimage"},"image":{"@id":"https:\/\/spawlab.pl\/en\/produkt\/gys-cooling-unit-wcu1kw-b-tig-300-dc-032217\/#primaryimage"},"thumbnailUrl":"https:\/\/spawlab.pl\/wp-content\/uploads\/2025\/05\/032217_KEY_.jpg","datePublished":"2025-05-01T06:42:15+00:00","description":"GYS COOLING UNIT WCU1KW B liquid cooling unit for TIG 300 DC welding machine, single-phase (230 V), cooling power of 1 kW, increases the performance and life of the welding torch.","breadcrumb":{"@id":"https:\/\/spawlab.pl\/en\/produkt\/gys-cooling-unit-wcu1kw-b-tig-300-dc-032217\/#breadcrumb"},"inLanguage":"en-US","potentialAction":[{"@type":"ReadAction","target":["https:\/\/spawlab.pl\/en\/produkt\/gys-cooling-unit-wcu1kw-b-tig-300-dc-032217\/"]}]},{"@type":"ImageObject","inLanguage":"en-US","@id":"https:\/\/spawlab.pl\/en\/produkt\/gys-cooling-unit-wcu1kw-b-tig-300-dc-032217\/#primaryimage","url":"https:\/\/spawlab.pl\/wp-content\/uploads\/2025\/05\/032217_KEY_.jpg","contentUrl":"https:\/\/spawlab.pl\/wp-content\/uploads\/2025\/05\/032217_KEY_.jpg","width":1986,"height":2048},{"@type":"BreadcrumbList","@id":"https:\/\/spawlab.pl\/en\/produkt\/gys-cooling-unit-wcu1kw-b-tig-300-dc-032217\/#breadcrumb","itemListElement":[{"@type":"ListItem","position":1,"name":"Strona g\u0142\u00f3wna","item":"https:\/\/spawlab.pl\/en\/"},{"@type":"ListItem","position":2,"name":"Store","item":"https:\/\/spawlab.pl\/en\/shop\/"},{"@type":"ListItem","position":3,"name":"GYS COOLING UNIT WCU1KW B-TIG 300 DC 032217"}]},{"@type":"WebSite","@id":"https:\/\/spawlab.pl\/en\/#website","url":"https:\/\/spawlab.pl\/en\/","name":"Spawlab.pl Lider - Spawarki, Przecinarki Plazmowe, Kompresory","description":"Urz\u0105dzenia spawalnicze i Przecinarki plazmowe\/ nowe i u\u017cywane \/ Profesjonalny serwis","publisher":{"@id":"https:\/\/spawlab.pl\/en\/#organization"},"alternateName":"Spawlab.pl - Dystrybutor Premium i Serwis na Polske Migatronic, Gys, Voestalpine Bohler Welding","potentialAction":[{"@type":"SearchAction","target":{"@type":"EntryPoint","urlTemplate":"https:\/\/spawlab.pl\/en\/?s={search_term_string}"},"query-input":{"@type":"PropertyValueSpecification","valueRequired":true,"valueName":"search_term_string"}}],"inLanguage":"en-US"},{"@type":["Organization","Place"],"@id":"https:\/\/spawlab.pl\/en\/#organization","name":"Spawlab.pl","url":"https:\/\/spawlab.pl\/en\/","logo":{"@id":"https:\/\/spawlab.pl\/en\/produkt\/gys-cooling-unit-wcu1kw-b-tig-300-dc-032217\/#local-main-organization-logo"},"image":{"@id":"https:\/\/spawlab.pl\/en\/produkt\/gys-cooling-unit-wcu1kw-b-tig-300-dc-032217\/#local-main-organization-logo"},"sameAs":["https:\/\/www.facebook.com\/Spawlab\/","https:\/\/www.linkedin.com\/company\/spawlab","https:\/\/www.instagram.com\/spawlab.pl","https:\/\/www.tiktok.com\/@spawlab"],"description":"Lider sprzeda\u017cy, Oficjalny Dystrybutor Premium i Serwis na Polsk\u0119 Migatronic, Gys, Voestalpine Bohler Welding. Nowe i u\u017cywane Spawarki, Przecinarki Plazmowe, Kompresory. Mgr in\u017c. Jaros\u0142aw Ko\u0142aski, IWE","hasMerchantReturnPolicy":{"@type":"MerchantReturnPolicy","merchantReturnLink":"https:\/\/spawlab.pl\/polityka-prywatnosci-2\/"},"telephone":[],"openingHoursSpecification":[{"@type":"OpeningHoursSpecification","dayOfWeek":["Monday","Tuesday","Wednesday","Thursday","Friday","Saturday","Sunday"],"opens":"09:00","closes":"17:00"}]},{"@type":"ImageObject","inLanguage":"en-US","@id":"https:\/\/spawlab.pl\/en\/produkt\/gys-cooling-unit-wcu1kw-b-tig-300-dc-032217\/#local-main-organization-logo","url":"https:\/\/spawlab.pl\/wp-content\/uploads\/2022\/01\/olx.jpg","contentUrl":"https:\/\/spawlab.pl\/wp-content\/uploads\/2022\/01\/olx.jpg","width":200,"height":200,"caption":"Spawlab.pl"}]},"product_price_amount":"6188.13","product_price_currency":"PLN","og_availability":"backorder","product_availability":"available for order","product_retailer_item_id":"32217","product_condition":"new"},"_links":{"self":[{"href":"https:\/\/spawlab.pl\/en\/wp-json\/wp\/v2\/product\/37655","targetHints":{"allow":["GET"]}}],"collection":[{"href":"https:\/\/spawlab.pl\/en\/wp-json\/wp\/v2\/product"}],"about":[{"href":"https:\/\/spawlab.pl\/en\/wp-json\/wp\/v2\/types\/product"}],"wp:featuredmedia":[{"embeddable":true,"href":"https:\/\/spawlab.pl\/en\/wp-json\/wp\/v2\/media\/32388"}],"wp:attachment":[{"href":"https:\/\/spawlab.pl\/en\/wp-json\/wp\/v2\/media?parent=37655"}],"wp:term":[{"taxonomy":"product_brand","embeddable":true,"href":"https:\/\/spawlab.pl\/en\/wp-json\/wp\/v2\/product_brand?post=37655"},{"taxonomy":"product_cat","embeddable":true,"href":"https:\/\/spawlab.pl\/en\/wp-json\/wp\/v2\/product_cat?post=37655"},{"taxonomy":"product_tag","embeddable":true,"href":"https:\/\/spawlab.pl\/en\/wp-json\/wp\/v2\/product_tag?post=37655"}],"curies":[{"name":"wp","href":"https:\/\/api.w.org\/{rel}","templated":true}]}}