{"id":37660,"date":"2025-05-01T08:42:17","date_gmt":"2025-05-01T06:42:17","guid":{"rendered":"https:\/\/spawlab.pl\/produkt\/gys-cooling-unit-wcu1kw-c-tig-400-a-013537\/"},"modified":"2025-05-01T08:42:17","modified_gmt":"2025-05-01T06:42:17","slug":"gys-cooling-unit-wcu1kw-c-tig-400-a-013537","status":"publish","type":"product","link":"https:\/\/spawlab.pl\/en\/produkt\/gys-cooling-unit-wcu1kw-c-tig-400-a-013537\/","title":{"rendered":"GYS COOLING UNIT WCU1KW C-TIG 400 A 013537"},"content":{"rendered":"<p>We are the official distributor and authorized service provider of the GYS brand in Poland.<\/p>\n<p>GYS COOLING UNIT WCU1KW C is a powerful and robust liquid cooling system, specially designed for use with higher performance TIG AC\/DC welders such as GYS TIG 400 A. Its main task is to ensure optimal cooling of the welding torch during prolonged operation with high welding currents. Effective cooling prevents overheating and damage to the fixture, significantly increases the welder&#8217;s compdlat and extends the operating life of the fixture. The WCU1KW C features a robust design, easy operation and high reliability, even in harsh industrial environments. It has a built-in coolant tank with a larger capacity and a powerful pump to guarantee a constant and intensive flow of coolant. It is powered by three-phase (400 V).<br \/>\nKey features:<\/p>\n<p>An efficient and robust cooling unit.<\/p>\n<p>Dedicated to high performance TIG AC\/DC welding machines (compatible with GYS TIG 400 A).<\/p>\n<p>Very effective cooling of the welding fixture at high currents.<\/p>\n<p>Allows continuous operation without the risk of overheating the handle.<\/p>\n<p>Significantly increases the comdlat of the welder.<\/p>\n<p>Maximizes the life of the welding fixture.<\/p>\n<p>Robust design suitable for industrial conditions.<\/p>\n<p>Simple and intuitive operation.<\/p>\n<p>Built-in large capacity coolant tank.<\/p>\n<p>High-performance pump for optimal coolant flow.<\/p>\n<p>Three-phase power supply 400 V.<br \/>\nTechnical data:<\/p>\n<p>Part number: 013537<\/p>\n<p>Compatibility: high performance TIG AC\/DC welders (such as GYS TIG 400 A).<\/p>\n<p>Power supply: 400 V (3 phases), 50\/60 Hz<\/p>\n<p>Cooling power: 1 kW (indlamation from model name)<\/p>\n<p>Tank capacity: No exact data in catalog number (larger capacity)<\/p>\n<p>Coolant flow rate: No exact data in catalog number (high)<\/p>\n<p>Coolant pressure: No exact data in catalog number (optimal)<\/p>\n<p>Dimensions: no exact data in the catalog number (solid)<\/p>\n<p>Weight: No exact data in the catalog number (more weight due to design)<br \/>\nApplication:<\/p>\n<p>Intense cooling of TIG AC\/DC welding fixtures during prolonged high-current welding.<\/p>\n<p>Industrial welding applications requiring continuous operation and maximum cooling.<\/p>\n<p>Protecting the welding fixture from overheating in demanding working conditions.<\/p>\n","protected":false},"excerpt":{"rendered":"<p>Rugged and powerful cooling unit GYS WCU1KW C (013537) dedicated to high-performance TIG AC\/DC welders, providing extremely efficient cooling of the welding torch.<\/p>\n","protected":false},"featured_media":32394,"template":"","meta":{"inline_featured_image":false},"product_brand":[999],"product_cat":[475,5686,5687],"product_tag":[],"class_list":{"0":"post-37660","1":"product","2":"type-product","3":"status-publish","4":"has-post-thumbnail","6":"product_brand-gys","7":"product_cat-accessories-parts","8":"product_cat-brand-zone","9":"product_cat-gys","11":"first","12":"onbackorder","13":"taxable","14":"shipping-taxable","15":"purchasable","16":"product-type-simple"},"yoast_head":"<!-- This site is optimized with the Yoast SEO Premium plugin v27.0 (Yoast SEO v27.3) - https:\/\/yoast.com\/product\/yoast-seo-premium-wordpress\/ -->\n<title>GYS COOLING UNIT WCU1KW C-TIG 400 A 013537<\/title>\n<meta name=\"description\" content=\"GYS COOLING UNIT WCU1KW C liquid cooling unit for 400 A TIG welder, three-phase (400 V), 1 kW cooling power, with high cooling capacity and robust design for industrial applications.\" \/>\n<meta name=\"robots\" content=\"index, follow, max-snippet:-1, max-image-preview:large, max-video-preview:-1\" \/>\n<link rel=\"canonical\" href=\"https:\/\/spawlab.pl\/en\/produkt\/gys-cooling-unit-wcu1kw-c-tig-400-a-013537\/\" \/>\n<meta property=\"og:locale\" content=\"en_US\" \/>\n<meta property=\"og:type\" content=\"article\" \/>\n<meta property=\"og:title\" content=\"GYS COOLING UNIT WCU1KW C-TIG 400 A 013537\" \/>\n<meta property=\"og:description\" content=\"Lider sprzeda\u017cy, Oficjalny Dystrybutor Premium i Serwis na Polsk\u0119 Migatronic, Gys, Voestalpine Bohler Welding. Nowe i u\u017cywane Spawarki, Przecinarki Plazmowe, Kompresory. Mgr in\u017c. Jaros\u0142aw Ko\u0142aski, IWE\" \/>\n<meta property=\"og:url\" content=\"https:\/\/spawlab.pl\/en\/produkt\/gys-cooling-unit-wcu1kw-c-tig-400-a-013537\/\" \/>\n<meta property=\"og:site_name\" content=\"SpawLab - Welding equipment and plasma cutters - store and service\" \/>\n<meta property=\"article:publisher\" content=\"https:\/\/www.facebook.com\/Spawlab\/\" \/>\n<meta property=\"og:image\" content=\"https:\/\/spawlab.pl\/wp-content\/uploads\/2025\/05\/013537_KEY_.jpg\" \/>\n\t<meta property=\"og:image:width\" content=\"2048\" \/>\n\t<meta property=\"og:image:height\" content=\"1641\" \/>\n\t<meta property=\"og:image:type\" content=\"image\/jpeg\" \/>\n<meta name=\"twitter:label1\" content=\"Price\" \/>\n\t<meta name=\"twitter:data1\" content=\"5 095,50&nbsp;&#122;&#322; (4 142,68&nbsp;&#122;&#322; netto)\" \/>\n\t<meta name=\"twitter:label2\" content=\"Availability\" \/>\n\t<meta name=\"twitter:data2\" content=\"On backorder\" \/>\n<script type=\"application\/ld+json\" class=\"yoast-schema-graph\">{\"@context\":\"https:\\\/\\\/schema.org\",\"@graph\":[{\"@type\":[\"WebPage\",\"ItemPage\"],\"@id\":\"https:\\\/\\\/spawlab.pl\\\/en\\\/produkt\\\/gys-cooling-unit-wcu1kw-c-tig-400-a-013537\\\/\",\"url\":\"https:\\\/\\\/spawlab.pl\\\/en\\\/produkt\\\/gys-cooling-unit-wcu1kw-c-tig-400-a-013537\\\/\",\"name\":\"GYS COOLING UNIT WCU1KW C-TIG 400 A 013537\",\"isPartOf\":{\"@id\":\"https:\\\/\\\/spawlab.pl\\\/en\\\/#website\"},\"primaryImageOfPage\":{\"@id\":\"https:\\\/\\\/spawlab.pl\\\/en\\\/produkt\\\/gys-cooling-unit-wcu1kw-c-tig-400-a-013537\\\/#primaryimage\"},\"image\":{\"@id\":\"https:\\\/\\\/spawlab.pl\\\/en\\\/produkt\\\/gys-cooling-unit-wcu1kw-c-tig-400-a-013537\\\/#primaryimage\"},\"thumbnailUrl\":\"https:\\\/\\\/spawlab.pl\\\/wp-content\\\/uploads\\\/2025\\\/05\\\/013537_KEY_.jpg\",\"datePublished\":\"2025-05-01T06:42:17+00:00\",\"description\":\"GYS COOLING UNIT WCU1KW C liquid cooling unit for 400 A TIG welder, three-phase (400 V), 1 kW cooling power, with high cooling capacity and robust design for industrial applications.\",\"breadcrumb\":{\"@id\":\"https:\\\/\\\/spawlab.pl\\\/en\\\/produkt\\\/gys-cooling-unit-wcu1kw-c-tig-400-a-013537\\\/#breadcrumb\"},\"inLanguage\":\"en-US\",\"potentialAction\":[{\"@type\":\"ReadAction\",\"target\":[\"https:\\\/\\\/spawlab.pl\\\/en\\\/produkt\\\/gys-cooling-unit-wcu1kw-c-tig-400-a-013537\\\/\"]}]},{\"@type\":\"ImageObject\",\"inLanguage\":\"en-US\",\"@id\":\"https:\\\/\\\/spawlab.pl\\\/en\\\/produkt\\\/gys-cooling-unit-wcu1kw-c-tig-400-a-013537\\\/#primaryimage\",\"url\":\"https:\\\/\\\/spawlab.pl\\\/wp-content\\\/uploads\\\/2025\\\/05\\\/013537_KEY_.jpg\",\"contentUrl\":\"https:\\\/\\\/spawlab.pl\\\/wp-content\\\/uploads\\\/2025\\\/05\\\/013537_KEY_.jpg\",\"width\":2048,\"height\":1641},{\"@type\":\"BreadcrumbList\",\"@id\":\"https:\\\/\\\/spawlab.pl\\\/en\\\/produkt\\\/gys-cooling-unit-wcu1kw-c-tig-400-a-013537\\\/#breadcrumb\",\"itemListElement\":[{\"@type\":\"ListItem\",\"position\":1,\"name\":\"Strona g\u0142\u00f3wna\",\"item\":\"https:\\\/\\\/spawlab.pl\\\/en\\\/\"},{\"@type\":\"ListItem\",\"position\":2,\"name\":\"Store\",\"item\":\"https:\\\/\\\/spawlab.pl\\\/en\\\/shop\\\/\"},{\"@type\":\"ListItem\",\"position\":3,\"name\":\"GYS COOLING UNIT WCU1KW C-TIG 400 A 013537\"}]},{\"@type\":\"WebSite\",\"@id\":\"https:\\\/\\\/spawlab.pl\\\/en\\\/#website\",\"url\":\"https:\\\/\\\/spawlab.pl\\\/en\\\/\",\"name\":\"Spawlab.pl Lider - Spawarki, Przecinarki Plazmowe, Kompresory\",\"description\":\"Urz\u0105dzenia spawalnicze i Przecinarki plazmowe\\\/ nowe i u\u017cywane \\\/ Profesjonalny serwis\",\"publisher\":{\"@id\":\"https:\\\/\\\/spawlab.pl\\\/en\\\/#organization\"},\"alternateName\":\"Spawlab.pl - Dystrybutor Premium i Serwis na Polske Migatronic, Gys, Voestalpine Bohler Welding\",\"potentialAction\":[{\"@type\":\"SearchAction\",\"target\":{\"@type\":\"EntryPoint\",\"urlTemplate\":\"https:\\\/\\\/spawlab.pl\\\/en\\\/?s={search_term_string}\"},\"query-input\":{\"@type\":\"PropertyValueSpecification\",\"valueRequired\":true,\"valueName\":\"search_term_string\"}}],\"inLanguage\":\"en-US\"},{\"@type\":[\"Organization\",\"Place\"],\"@id\":\"https:\\\/\\\/spawlab.pl\\\/en\\\/#organization\",\"name\":\"Spawlab.pl\",\"url\":\"https:\\\/\\\/spawlab.pl\\\/en\\\/\",\"logo\":{\"@id\":\"https:\\\/\\\/spawlab.pl\\\/en\\\/produkt\\\/gys-cooling-unit-wcu1kw-c-tig-400-a-013537\\\/#local-main-organization-logo\"},\"image\":{\"@id\":\"https:\\\/\\\/spawlab.pl\\\/en\\\/produkt\\\/gys-cooling-unit-wcu1kw-c-tig-400-a-013537\\\/#local-main-organization-logo\"},\"sameAs\":[\"https:\\\/\\\/www.facebook.com\\\/Spawlab\\\/\",\"https:\\\/\\\/www.linkedin.com\\\/company\\\/spawlab\",\"https:\\\/\\\/www.instagram.com\\\/spawlab.pl\",\"https:\\\/\\\/www.tiktok.com\\\/@spawlab\"],\"description\":\"Lider sprzeda\u017cy, Oficjalny Dystrybutor Premium i Serwis na Polsk\u0119 Migatronic, Gys, Voestalpine Bohler Welding. Nowe i u\u017cywane Spawarki, Przecinarki Plazmowe, Kompresory. Mgr in\u017c. Jaros\u0142aw Ko\u0142aski, IWE\",\"hasMerchantReturnPolicy\":{\"@type\":\"MerchantReturnPolicy\",\"merchantReturnLink\":\"https:\\\/\\\/spawlab.pl\\\/polityka-prywatnosci-2\\\/\"},\"telephone\":[],\"openingHoursSpecification\":[{\"@type\":\"OpeningHoursSpecification\",\"dayOfWeek\":[\"Monday\",\"Tuesday\",\"Wednesday\",\"Thursday\",\"Friday\",\"Saturday\",\"Sunday\"],\"opens\":\"09:00\",\"closes\":\"17:00\"}]},{\"@type\":\"ImageObject\",\"inLanguage\":\"en-US\",\"@id\":\"https:\\\/\\\/spawlab.pl\\\/en\\\/produkt\\\/gys-cooling-unit-wcu1kw-c-tig-400-a-013537\\\/#local-main-organization-logo\",\"url\":\"https:\\\/\\\/spawlab.pl\\\/wp-content\\\/uploads\\\/2022\\\/01\\\/olx.jpg\",\"contentUrl\":\"https:\\\/\\\/spawlab.pl\\\/wp-content\\\/uploads\\\/2022\\\/01\\\/olx.jpg\",\"width\":200,\"height\":200,\"caption\":\"Spawlab.pl\"}]}<\/script>\n<meta property=\"product:price:amount\" content=\"5095.50\" \/>\n<meta property=\"product:price:currency\" content=\"PLN\" \/>\n<meta property=\"og:availability\" content=\"backorder\" \/>\n<meta property=\"product:availability\" content=\"available for order\" \/>\n<meta property=\"product:retailer_item_id\" content=\"13537\" \/>\n<meta property=\"product:condition\" content=\"new\" \/>\n<!-- \/ Yoast SEO Premium plugin. -->","yoast_head_json":{"title":"GYS COOLING UNIT WCU1KW C-TIG 400 A 013537","description":"GYS COOLING UNIT WCU1KW C liquid cooling unit for 400 A TIG welder, three-phase (400 V), 1 kW cooling power, with high cooling capacity and robust design for industrial applications.","robots":{"index":"index","follow":"follow","max-snippet":"max-snippet:-1","max-image-preview":"max-image-preview:large","max-video-preview":"max-video-preview:-1"},"canonical":"https:\/\/spawlab.pl\/en\/produkt\/gys-cooling-unit-wcu1kw-c-tig-400-a-013537\/","og_locale":"en_US","og_type":"article","og_title":"GYS COOLING UNIT WCU1KW C-TIG 400 A 013537","og_description":"Lider sprzeda\u017cy, Oficjalny Dystrybutor Premium i Serwis na Polsk\u0119 Migatronic, Gys, Voestalpine Bohler Welding. Nowe i u\u017cywane Spawarki, Przecinarki Plazmowe, Kompresory. Mgr in\u017c. Jaros\u0142aw Ko\u0142aski, IWE","og_url":"https:\/\/spawlab.pl\/en\/produkt\/gys-cooling-unit-wcu1kw-c-tig-400-a-013537\/","og_site_name":"SpawLab - Welding equipment and plasma cutters - store and service","article_publisher":"https:\/\/www.facebook.com\/Spawlab\/","og_image":[{"width":2048,"height":1641,"url":"https:\/\/spawlab.pl\/wp-content\/uploads\/2025\/05\/013537_KEY_.jpg","type":"image\/jpeg"}],"twitter_misc":{"Price":"5 095,50&nbsp;&#122;&#322; (4 142,68&nbsp;&#122;&#322; netto)","Availability":"On backorder"},"schema":{"@context":"https:\/\/schema.org","@graph":[{"@type":["WebPage","ItemPage"],"@id":"https:\/\/spawlab.pl\/en\/produkt\/gys-cooling-unit-wcu1kw-c-tig-400-a-013537\/","url":"https:\/\/spawlab.pl\/en\/produkt\/gys-cooling-unit-wcu1kw-c-tig-400-a-013537\/","name":"GYS COOLING UNIT WCU1KW C-TIG 400 A 013537","isPartOf":{"@id":"https:\/\/spawlab.pl\/en\/#website"},"primaryImageOfPage":{"@id":"https:\/\/spawlab.pl\/en\/produkt\/gys-cooling-unit-wcu1kw-c-tig-400-a-013537\/#primaryimage"},"image":{"@id":"https:\/\/spawlab.pl\/en\/produkt\/gys-cooling-unit-wcu1kw-c-tig-400-a-013537\/#primaryimage"},"thumbnailUrl":"https:\/\/spawlab.pl\/wp-content\/uploads\/2025\/05\/013537_KEY_.jpg","datePublished":"2025-05-01T06:42:17+00:00","description":"GYS COOLING UNIT WCU1KW C liquid cooling unit for 400 A TIG welder, three-phase (400 V), 1 kW cooling power, with high cooling capacity and robust design for industrial applications.","breadcrumb":{"@id":"https:\/\/spawlab.pl\/en\/produkt\/gys-cooling-unit-wcu1kw-c-tig-400-a-013537\/#breadcrumb"},"inLanguage":"en-US","potentialAction":[{"@type":"ReadAction","target":["https:\/\/spawlab.pl\/en\/produkt\/gys-cooling-unit-wcu1kw-c-tig-400-a-013537\/"]}]},{"@type":"ImageObject","inLanguage":"en-US","@id":"https:\/\/spawlab.pl\/en\/produkt\/gys-cooling-unit-wcu1kw-c-tig-400-a-013537\/#primaryimage","url":"https:\/\/spawlab.pl\/wp-content\/uploads\/2025\/05\/013537_KEY_.jpg","contentUrl":"https:\/\/spawlab.pl\/wp-content\/uploads\/2025\/05\/013537_KEY_.jpg","width":2048,"height":1641},{"@type":"BreadcrumbList","@id":"https:\/\/spawlab.pl\/en\/produkt\/gys-cooling-unit-wcu1kw-c-tig-400-a-013537\/#breadcrumb","itemListElement":[{"@type":"ListItem","position":1,"name":"Strona g\u0142\u00f3wna","item":"https:\/\/spawlab.pl\/en\/"},{"@type":"ListItem","position":2,"name":"Store","item":"https:\/\/spawlab.pl\/en\/shop\/"},{"@type":"ListItem","position":3,"name":"GYS COOLING UNIT WCU1KW C-TIG 400 A 013537"}]},{"@type":"WebSite","@id":"https:\/\/spawlab.pl\/en\/#website","url":"https:\/\/spawlab.pl\/en\/","name":"Spawlab.pl Lider - Spawarki, Przecinarki Plazmowe, Kompresory","description":"Urz\u0105dzenia spawalnicze i Przecinarki plazmowe\/ nowe i u\u017cywane \/ Profesjonalny serwis","publisher":{"@id":"https:\/\/spawlab.pl\/en\/#organization"},"alternateName":"Spawlab.pl - Dystrybutor Premium i Serwis na Polske Migatronic, Gys, Voestalpine Bohler Welding","potentialAction":[{"@type":"SearchAction","target":{"@type":"EntryPoint","urlTemplate":"https:\/\/spawlab.pl\/en\/?s={search_term_string}"},"query-input":{"@type":"PropertyValueSpecification","valueRequired":true,"valueName":"search_term_string"}}],"inLanguage":"en-US"},{"@type":["Organization","Place"],"@id":"https:\/\/spawlab.pl\/en\/#organization","name":"Spawlab.pl","url":"https:\/\/spawlab.pl\/en\/","logo":{"@id":"https:\/\/spawlab.pl\/en\/produkt\/gys-cooling-unit-wcu1kw-c-tig-400-a-013537\/#local-main-organization-logo"},"image":{"@id":"https:\/\/spawlab.pl\/en\/produkt\/gys-cooling-unit-wcu1kw-c-tig-400-a-013537\/#local-main-organization-logo"},"sameAs":["https:\/\/www.facebook.com\/Spawlab\/","https:\/\/www.linkedin.com\/company\/spawlab","https:\/\/www.instagram.com\/spawlab.pl","https:\/\/www.tiktok.com\/@spawlab"],"description":"Lider sprzeda\u017cy, Oficjalny Dystrybutor Premium i Serwis na Polsk\u0119 Migatronic, Gys, Voestalpine Bohler Welding. Nowe i u\u017cywane Spawarki, Przecinarki Plazmowe, Kompresory. Mgr in\u017c. Jaros\u0142aw Ko\u0142aski, IWE","hasMerchantReturnPolicy":{"@type":"MerchantReturnPolicy","merchantReturnLink":"https:\/\/spawlab.pl\/polityka-prywatnosci-2\/"},"telephone":[],"openingHoursSpecification":[{"@type":"OpeningHoursSpecification","dayOfWeek":["Monday","Tuesday","Wednesday","Thursday","Friday","Saturday","Sunday"],"opens":"09:00","closes":"17:00"}]},{"@type":"ImageObject","inLanguage":"en-US","@id":"https:\/\/spawlab.pl\/en\/produkt\/gys-cooling-unit-wcu1kw-c-tig-400-a-013537\/#local-main-organization-logo","url":"https:\/\/spawlab.pl\/wp-content\/uploads\/2022\/01\/olx.jpg","contentUrl":"https:\/\/spawlab.pl\/wp-content\/uploads\/2022\/01\/olx.jpg","width":200,"height":200,"caption":"Spawlab.pl"}]},"product_price_amount":"5095.50","product_price_currency":"PLN","og_availability":"backorder","product_availability":"available for order","product_retailer_item_id":"13537","product_condition":"new"},"_links":{"self":[{"href":"https:\/\/spawlab.pl\/en\/wp-json\/wp\/v2\/product\/37660","targetHints":{"allow":["GET"]}}],"collection":[{"href":"https:\/\/spawlab.pl\/en\/wp-json\/wp\/v2\/product"}],"about":[{"href":"https:\/\/spawlab.pl\/en\/wp-json\/wp\/v2\/types\/product"}],"wp:featuredmedia":[{"embeddable":true,"href":"https:\/\/spawlab.pl\/en\/wp-json\/wp\/v2\/media\/32394"}],"wp:attachment":[{"href":"https:\/\/spawlab.pl\/en\/wp-json\/wp\/v2\/media?parent=37660"}],"wp:term":[{"taxonomy":"product_brand","embeddable":true,"href":"https:\/\/spawlab.pl\/en\/wp-json\/wp\/v2\/product_brand?post=37660"},{"taxonomy":"product_cat","embeddable":true,"href":"https:\/\/spawlab.pl\/en\/wp-json\/wp\/v2\/product_cat?post=37660"},{"taxonomy":"product_tag","embeddable":true,"href":"https:\/\/spawlab.pl\/en\/wp-json\/wp\/v2\/product_tag?post=37660"}],"curies":[{"name":"wp","href":"https:\/\/api.w.org\/{rel}","templated":true}]}}