{"id":37715,"date":"2025-05-01T08:46:45","date_gmt":"2025-05-01T06:46:45","guid":{"rendered":"https:\/\/spawlab.pl\/produkt\/gys-kronos-400t-gw-1-077805\/"},"modified":"2025-05-01T08:46:45","modified_gmt":"2025-05-01T06:46:45","slug":"gys-kronos-400t-gw-1-077805","status":"publish","type":"product","link":"https:\/\/spawlab.pl\/en\/produkt\/gys-kronos-400t-gw-1-077805\/","title":{"rendered":"GYS KRONOS 400T GW 1 077805"},"content":{"rendered":"<p>We are the official distributor and authorized service provider of the GYS brand in Poland.<\/p>\n<p>GYS KRONOS 400T GW 1 kit is a professional welding kit based on an extremely powerful KRONOS 400T GW three-phase (400V) multiprocess inverter welder with built-in liquid cooling and designed to work with an external wire feeder. This package includes the basic accessories necessary to start professional MIG\/MAG, MMA (shielded electrode) and TIG Lift welding in industrial applications where intensive welding with high currents is required. <\/p>\n<p>The KRONOS 400T GW welder offers an impressive maximum welding current of 400 amps (for MIG\/MAG) and features an advanced, intuitive control panel with precise adjustment of all parameters. It features extensive voltage and wire feed speed adjustment in MIG\/MAG mode and an advanced synergy function.  In MMA mode, it offers adjustable Hot Start and Arclace, as well as Pulse MMA. TIG Lift mode allows direct current (DC) welding. The welder can weld carbon steel, stainless steel and minium and has an interface for connecting an external wire feeder and an integrated liquid cooling system.  <\/p>\n<p>Key features of the KRONOS 400T GW set 1:<\/p>\n<p>Professional welding set with liquid cooling and designed for external wire feeder.<br \/>\nMultiprocessing: MIG\/MAG (with advanced synergy), MMA (with Puls MMA), TIG Lift (DC).<br \/>\nThree-phase 400V power supply.<br \/>\nMaximum welding current: 400 A (MIG\/MAG), 315 A (MMA), 400 A (TIG).<br \/>\nAdvanced digital control panel.<br \/>\nBuilt-in liquid cooling system (800W).<br \/>\nCan weld carbon steel, stainless steel and minium.<br \/>\nSPOT and DELAY (MIG\/MAG) functions.<br \/>\nAdjustable Hot Start and Arclace (MMA) and Pulsed MMA.<br \/>\nCompatible with external wire feeder (must be purchased).<br \/>\nRugged industrial design.<br \/>\nContents KRONOS 400T GW 1 kit (usually includes):<\/p>\n<p>KRONOS 400T GW welder (power unit).<br \/>\nProfessional MMA electrode holder with extreme load capacity.<br \/>\nProfessional large-diameter ground wire with solid clamp.<br \/>\nGas hose with professional quick couplings (for connecting gas to the welder).<br \/>\nUser manual.<br \/>\nImportant notes for this package:<\/p>\n<p>The kit does NOT include an external wire feeder ( ). It must be purchased separately (e.g. GYS WF 35 &#8211; 075078).<br \/>\nThe kit does NOT include a liquid-cooled MIG\/MAG chuck. It must be purchased separately to take full advantage of the welder&#8217;s cooling capabilities.<br \/>\nFor TIG welding, you must purchase a separate professional TIG handle with gas valve, as well as an argon cylinder and professional regulator.<br \/>\nApplication: <\/p>\n<p>KRONOS 400T GW 1 set is ideal for:<\/p>\n<p>Professional welding and industrial workshops that plan to use an external wire feeder and liquid-cooled chucks for intensive welding work.<br \/>\nUsers who want to complete a professional welding system with the external wire feeder and chucks of their choice.<\/p>\n","protected":false},"excerpt":{"rendered":"<p>Professional welding kit with powerful three-phase multiprocess welder (400A) GYS KRONOS 400T GW with built-in liquid cooling for external wire feeder (not included), along with basic accessories for MMA and TIG.<\/p>\n","protected":false},"featured_media":31788,"template":"","meta":{"inline_featured_image":false},"product_brand":[999],"product_cat":[511,512,474],"product_tag":[],"class_list":{"0":"post-37715","1":"product","2":"type-product","3":"status-publish","4":"has-post-thumbnail","6":"product_brand-gys","7":"product_cat-liquid-cooled-en-7","8":"product_cat-mig-mag-en-2","9":"product_cat-new","11":"first","12":"onbackorder","13":"taxable","14":"shipping-taxable","15":"purchasable","16":"product-type-simple"},"yoast_head":"<!-- This site is optimized with the Yoast SEO Premium plugin v27.0 (Yoast SEO v27.3) - https:\/\/yoast.com\/product\/yoast-seo-premium-wordpress\/ -->\n<title>GYS KRONOS 400T GW 1 077805<\/title>\n<meta name=\"description\" content=\"GYS professional welding set KRONOS 400T GW 1 (077805) with three-phase inverter welder (400A) with liquid cooling for external wire feeder (not included), offering MIG\/MAG, MMA and TIG Lift welding, along with basic accessories.\" \/>\n<meta name=\"robots\" content=\"index, follow, max-snippet:-1, max-image-preview:large, max-video-preview:-1\" \/>\n<link rel=\"canonical\" href=\"https:\/\/spawlab.pl\/en\/produkt\/gys-kronos-400t-gw-1-077805\/\" \/>\n<meta property=\"og:locale\" content=\"en_US\" \/>\n<meta property=\"og:type\" content=\"article\" \/>\n<meta property=\"og:title\" content=\"GYS KRONOS 400T GW 1 077805\" \/>\n<meta property=\"og:description\" content=\"Lider sprzeda\u017cy, Oficjalny Dystrybutor Premium i Serwis na Polsk\u0119 Migatronic, Gys, Voestalpine Bohler Welding. Nowe i u\u017cywane Spawarki, Przecinarki Plazmowe, Kompresory. Mgr in\u017c. Jaros\u0142aw Ko\u0142aski, IWE\" \/>\n<meta property=\"og:url\" content=\"https:\/\/spawlab.pl\/en\/produkt\/gys-kronos-400t-gw-1-077805\/\" \/>\n<meta property=\"og:site_name\" content=\"SpawLab - Welding equipment and plasma cutters - store and service\" \/>\n<meta property=\"article:publisher\" content=\"https:\/\/www.facebook.com\/Spawlab\/\" \/>\n<meta property=\"og:image\" content=\"https:\/\/spawlab.pl\/wp-content\/uploads\/2025\/05\/075061_OTH_.jpg\" \/>\n\t<meta property=\"og:image:width\" content=\"1147\" \/>\n\t<meta property=\"og:image:height\" content=\"2048\" \/>\n\t<meta property=\"og:image:type\" content=\"image\/jpeg\" \/>\n<meta name=\"twitter:label1\" content=\"Price\" \/>\n\t<meta name=\"twitter:data1\" content=\"22 704,00&nbsp;&#122;&#322; (18 458,54&nbsp;&#122;&#322; netto)\" \/>\n\t<meta name=\"twitter:label2\" content=\"Availability\" \/>\n\t<meta name=\"twitter:data2\" content=\"On backorder\" \/>\n<script type=\"application\/ld+json\" class=\"yoast-schema-graph\">{\"@context\":\"https:\\\/\\\/schema.org\",\"@graph\":[{\"@type\":[\"WebPage\",\"ItemPage\"],\"@id\":\"https:\\\/\\\/spawlab.pl\\\/en\\\/produkt\\\/gys-kronos-400t-gw-1-077805\\\/\",\"url\":\"https:\\\/\\\/spawlab.pl\\\/en\\\/produkt\\\/gys-kronos-400t-gw-1-077805\\\/\",\"name\":\"GYS KRONOS 400T GW 1 077805\",\"isPartOf\":{\"@id\":\"https:\\\/\\\/spawlab.pl\\\/en\\\/#website\"},\"primaryImageOfPage\":{\"@id\":\"https:\\\/\\\/spawlab.pl\\\/en\\\/produkt\\\/gys-kronos-400t-gw-1-077805\\\/#primaryimage\"},\"image\":{\"@id\":\"https:\\\/\\\/spawlab.pl\\\/en\\\/produkt\\\/gys-kronos-400t-gw-1-077805\\\/#primaryimage\"},\"thumbnailUrl\":\"https:\\\/\\\/spawlab.pl\\\/wp-content\\\/uploads\\\/2025\\\/05\\\/075061_OTH_.jpg\",\"datePublished\":\"2025-05-01T06:46:45+00:00\",\"description\":\"GYS professional welding set KRONOS 400T GW 1 (077805) with three-phase inverter welder (400A) with liquid cooling for external wire feeder (not included), offering MIG\\\/MAG, MMA and TIG Lift welding, along with basic accessories.\",\"breadcrumb\":{\"@id\":\"https:\\\/\\\/spawlab.pl\\\/en\\\/produkt\\\/gys-kronos-400t-gw-1-077805\\\/#breadcrumb\"},\"inLanguage\":\"en-US\",\"potentialAction\":[{\"@type\":\"ReadAction\",\"target\":[\"https:\\\/\\\/spawlab.pl\\\/en\\\/produkt\\\/gys-kronos-400t-gw-1-077805\\\/\"]}]},{\"@type\":\"ImageObject\",\"inLanguage\":\"en-US\",\"@id\":\"https:\\\/\\\/spawlab.pl\\\/en\\\/produkt\\\/gys-kronos-400t-gw-1-077805\\\/#primaryimage\",\"url\":\"https:\\\/\\\/spawlab.pl\\\/wp-content\\\/uploads\\\/2025\\\/05\\\/075061_OTH_.jpg\",\"contentUrl\":\"https:\\\/\\\/spawlab.pl\\\/wp-content\\\/uploads\\\/2025\\\/05\\\/075061_OTH_.jpg\",\"width\":1147,\"height\":2048},{\"@type\":\"BreadcrumbList\",\"@id\":\"https:\\\/\\\/spawlab.pl\\\/en\\\/produkt\\\/gys-kronos-400t-gw-1-077805\\\/#breadcrumb\",\"itemListElement\":[{\"@type\":\"ListItem\",\"position\":1,\"name\":\"Strona g\u0142\u00f3wna\",\"item\":\"https:\\\/\\\/spawlab.pl\\\/en\\\/\"},{\"@type\":\"ListItem\",\"position\":2,\"name\":\"Store\",\"item\":\"https:\\\/\\\/spawlab.pl\\\/en\\\/shop\\\/\"},{\"@type\":\"ListItem\",\"position\":3,\"name\":\"GYS KRONOS 400T GW 1 077805\"}]},{\"@type\":\"WebSite\",\"@id\":\"https:\\\/\\\/spawlab.pl\\\/en\\\/#website\",\"url\":\"https:\\\/\\\/spawlab.pl\\\/en\\\/\",\"name\":\"Spawlab.pl Lider - Spawarki, Przecinarki Plazmowe, Kompresory\",\"description\":\"Urz\u0105dzenia spawalnicze i Przecinarki plazmowe\\\/ nowe i u\u017cywane \\\/ Profesjonalny serwis\",\"publisher\":{\"@id\":\"https:\\\/\\\/spawlab.pl\\\/en\\\/#organization\"},\"alternateName\":\"Spawlab.pl - Dystrybutor Premium i Serwis na Polske Migatronic, Gys, Voestalpine Bohler Welding\",\"potentialAction\":[{\"@type\":\"SearchAction\",\"target\":{\"@type\":\"EntryPoint\",\"urlTemplate\":\"https:\\\/\\\/spawlab.pl\\\/en\\\/?s={search_term_string}\"},\"query-input\":{\"@type\":\"PropertyValueSpecification\",\"valueRequired\":true,\"valueName\":\"search_term_string\"}}],\"inLanguage\":\"en-US\"},{\"@type\":[\"Organization\",\"Place\"],\"@id\":\"https:\\\/\\\/spawlab.pl\\\/en\\\/#organization\",\"name\":\"Spawlab.pl\",\"url\":\"https:\\\/\\\/spawlab.pl\\\/en\\\/\",\"logo\":{\"@id\":\"https:\\\/\\\/spawlab.pl\\\/en\\\/produkt\\\/gys-kronos-400t-gw-1-077805\\\/#local-main-organization-logo\"},\"image\":{\"@id\":\"https:\\\/\\\/spawlab.pl\\\/en\\\/produkt\\\/gys-kronos-400t-gw-1-077805\\\/#local-main-organization-logo\"},\"sameAs\":[\"https:\\\/\\\/www.facebook.com\\\/Spawlab\\\/\",\"https:\\\/\\\/www.linkedin.com\\\/company\\\/spawlab\",\"https:\\\/\\\/www.instagram.com\\\/spawlab.pl\",\"https:\\\/\\\/www.tiktok.com\\\/@spawlab\"],\"description\":\"Lider sprzeda\u017cy, Oficjalny Dystrybutor Premium i Serwis na Polsk\u0119 Migatronic, Gys, Voestalpine Bohler Welding. Nowe i u\u017cywane Spawarki, Przecinarki Plazmowe, Kompresory. Mgr in\u017c. Jaros\u0142aw Ko\u0142aski, IWE\",\"hasMerchantReturnPolicy\":{\"@type\":\"MerchantReturnPolicy\",\"merchantReturnLink\":\"https:\\\/\\\/spawlab.pl\\\/polityka-prywatnosci-2\\\/\"},\"telephone\":[],\"openingHoursSpecification\":[{\"@type\":\"OpeningHoursSpecification\",\"dayOfWeek\":[\"Monday\",\"Tuesday\",\"Wednesday\",\"Thursday\",\"Friday\",\"Saturday\",\"Sunday\"],\"opens\":\"09:00\",\"closes\":\"17:00\"}]},{\"@type\":\"ImageObject\",\"inLanguage\":\"en-US\",\"@id\":\"https:\\\/\\\/spawlab.pl\\\/en\\\/produkt\\\/gys-kronos-400t-gw-1-077805\\\/#local-main-organization-logo\",\"url\":\"https:\\\/\\\/spawlab.pl\\\/wp-content\\\/uploads\\\/2022\\\/01\\\/olx.jpg\",\"contentUrl\":\"https:\\\/\\\/spawlab.pl\\\/wp-content\\\/uploads\\\/2022\\\/01\\\/olx.jpg\",\"width\":200,\"height\":200,\"caption\":\"Spawlab.pl\"}]}<\/script>\n<meta property=\"product:price:amount\" content=\"22704.00\" \/>\n<meta property=\"product:price:currency\" content=\"PLN\" \/>\n<meta property=\"og:availability\" content=\"backorder\" \/>\n<meta property=\"product:availability\" content=\"available for order\" \/>\n<meta property=\"product:retailer_item_id\" content=\"77805\" \/>\n<meta property=\"product:condition\" content=\"new\" \/>\n<!-- \/ Yoast SEO Premium plugin. -->","yoast_head_json":{"title":"GYS KRONOS 400T GW 1 077805","description":"GYS professional welding set KRONOS 400T GW 1 (077805) with three-phase inverter welder (400A) with liquid cooling for external wire feeder (not included), offering MIG\/MAG, MMA and TIG Lift welding, along with basic accessories.","robots":{"index":"index","follow":"follow","max-snippet":"max-snippet:-1","max-image-preview":"max-image-preview:large","max-video-preview":"max-video-preview:-1"},"canonical":"https:\/\/spawlab.pl\/en\/produkt\/gys-kronos-400t-gw-1-077805\/","og_locale":"en_US","og_type":"article","og_title":"GYS KRONOS 400T GW 1 077805","og_description":"Lider sprzeda\u017cy, Oficjalny Dystrybutor Premium i Serwis na Polsk\u0119 Migatronic, Gys, Voestalpine Bohler Welding. Nowe i u\u017cywane Spawarki, Przecinarki Plazmowe, Kompresory. Mgr in\u017c. Jaros\u0142aw Ko\u0142aski, IWE","og_url":"https:\/\/spawlab.pl\/en\/produkt\/gys-kronos-400t-gw-1-077805\/","og_site_name":"SpawLab - Welding equipment and plasma cutters - store and service","article_publisher":"https:\/\/www.facebook.com\/Spawlab\/","og_image":[{"width":1147,"height":2048,"url":"https:\/\/spawlab.pl\/wp-content\/uploads\/2025\/05\/075061_OTH_.jpg","type":"image\/jpeg"}],"twitter_misc":{"Price":"22 704,00&nbsp;&#122;&#322; (18 458,54&nbsp;&#122;&#322; netto)","Availability":"On backorder"},"schema":{"@context":"https:\/\/schema.org","@graph":[{"@type":["WebPage","ItemPage"],"@id":"https:\/\/spawlab.pl\/en\/produkt\/gys-kronos-400t-gw-1-077805\/","url":"https:\/\/spawlab.pl\/en\/produkt\/gys-kronos-400t-gw-1-077805\/","name":"GYS KRONOS 400T GW 1 077805","isPartOf":{"@id":"https:\/\/spawlab.pl\/en\/#website"},"primaryImageOfPage":{"@id":"https:\/\/spawlab.pl\/en\/produkt\/gys-kronos-400t-gw-1-077805\/#primaryimage"},"image":{"@id":"https:\/\/spawlab.pl\/en\/produkt\/gys-kronos-400t-gw-1-077805\/#primaryimage"},"thumbnailUrl":"https:\/\/spawlab.pl\/wp-content\/uploads\/2025\/05\/075061_OTH_.jpg","datePublished":"2025-05-01T06:46:45+00:00","description":"GYS professional welding set KRONOS 400T GW 1 (077805) with three-phase inverter welder (400A) with liquid cooling for external wire feeder (not included), offering MIG\/MAG, MMA and TIG Lift welding, along with basic accessories.","breadcrumb":{"@id":"https:\/\/spawlab.pl\/en\/produkt\/gys-kronos-400t-gw-1-077805\/#breadcrumb"},"inLanguage":"en-US","potentialAction":[{"@type":"ReadAction","target":["https:\/\/spawlab.pl\/en\/produkt\/gys-kronos-400t-gw-1-077805\/"]}]},{"@type":"ImageObject","inLanguage":"en-US","@id":"https:\/\/spawlab.pl\/en\/produkt\/gys-kronos-400t-gw-1-077805\/#primaryimage","url":"https:\/\/spawlab.pl\/wp-content\/uploads\/2025\/05\/075061_OTH_.jpg","contentUrl":"https:\/\/spawlab.pl\/wp-content\/uploads\/2025\/05\/075061_OTH_.jpg","width":1147,"height":2048},{"@type":"BreadcrumbList","@id":"https:\/\/spawlab.pl\/en\/produkt\/gys-kronos-400t-gw-1-077805\/#breadcrumb","itemListElement":[{"@type":"ListItem","position":1,"name":"Strona g\u0142\u00f3wna","item":"https:\/\/spawlab.pl\/en\/"},{"@type":"ListItem","position":2,"name":"Store","item":"https:\/\/spawlab.pl\/en\/shop\/"},{"@type":"ListItem","position":3,"name":"GYS KRONOS 400T GW 1 077805"}]},{"@type":"WebSite","@id":"https:\/\/spawlab.pl\/en\/#website","url":"https:\/\/spawlab.pl\/en\/","name":"Spawlab.pl Lider - Spawarki, Przecinarki Plazmowe, Kompresory","description":"Urz\u0105dzenia spawalnicze i Przecinarki plazmowe\/ nowe i u\u017cywane \/ Profesjonalny serwis","publisher":{"@id":"https:\/\/spawlab.pl\/en\/#organization"},"alternateName":"Spawlab.pl - Dystrybutor Premium i Serwis na Polske Migatronic, Gys, Voestalpine Bohler Welding","potentialAction":[{"@type":"SearchAction","target":{"@type":"EntryPoint","urlTemplate":"https:\/\/spawlab.pl\/en\/?s={search_term_string}"},"query-input":{"@type":"PropertyValueSpecification","valueRequired":true,"valueName":"search_term_string"}}],"inLanguage":"en-US"},{"@type":["Organization","Place"],"@id":"https:\/\/spawlab.pl\/en\/#organization","name":"Spawlab.pl","url":"https:\/\/spawlab.pl\/en\/","logo":{"@id":"https:\/\/spawlab.pl\/en\/produkt\/gys-kronos-400t-gw-1-077805\/#local-main-organization-logo"},"image":{"@id":"https:\/\/spawlab.pl\/en\/produkt\/gys-kronos-400t-gw-1-077805\/#local-main-organization-logo"},"sameAs":["https:\/\/www.facebook.com\/Spawlab\/","https:\/\/www.linkedin.com\/company\/spawlab","https:\/\/www.instagram.com\/spawlab.pl","https:\/\/www.tiktok.com\/@spawlab"],"description":"Lider sprzeda\u017cy, Oficjalny Dystrybutor Premium i Serwis na Polsk\u0119 Migatronic, Gys, Voestalpine Bohler Welding. Nowe i u\u017cywane Spawarki, Przecinarki Plazmowe, Kompresory. Mgr in\u017c. Jaros\u0142aw Ko\u0142aski, IWE","hasMerchantReturnPolicy":{"@type":"MerchantReturnPolicy","merchantReturnLink":"https:\/\/spawlab.pl\/polityka-prywatnosci-2\/"},"telephone":[],"openingHoursSpecification":[{"@type":"OpeningHoursSpecification","dayOfWeek":["Monday","Tuesday","Wednesday","Thursday","Friday","Saturday","Sunday"],"opens":"09:00","closes":"17:00"}]},{"@type":"ImageObject","inLanguage":"en-US","@id":"https:\/\/spawlab.pl\/en\/produkt\/gys-kronos-400t-gw-1-077805\/#local-main-organization-logo","url":"https:\/\/spawlab.pl\/wp-content\/uploads\/2022\/01\/olx.jpg","contentUrl":"https:\/\/spawlab.pl\/wp-content\/uploads\/2022\/01\/olx.jpg","width":200,"height":200,"caption":"Spawlab.pl"}]},"product_price_amount":"22704.00","product_price_currency":"PLN","og_availability":"backorder","product_availability":"available for order","product_retailer_item_id":"77805","product_condition":"new"},"_links":{"self":[{"href":"https:\/\/spawlab.pl\/en\/wp-json\/wp\/v2\/product\/37715","targetHints":{"allow":["GET"]}}],"collection":[{"href":"https:\/\/spawlab.pl\/en\/wp-json\/wp\/v2\/product"}],"about":[{"href":"https:\/\/spawlab.pl\/en\/wp-json\/wp\/v2\/types\/product"}],"wp:featuredmedia":[{"embeddable":true,"href":"https:\/\/spawlab.pl\/en\/wp-json\/wp\/v2\/media\/31788"}],"wp:attachment":[{"href":"https:\/\/spawlab.pl\/en\/wp-json\/wp\/v2\/media?parent=37715"}],"wp:term":[{"taxonomy":"product_brand","embeddable":true,"href":"https:\/\/spawlab.pl\/en\/wp-json\/wp\/v2\/product_brand?post=37715"},{"taxonomy":"product_cat","embeddable":true,"href":"https:\/\/spawlab.pl\/en\/wp-json\/wp\/v2\/product_cat?post=37715"},{"taxonomy":"product_tag","embeddable":true,"href":"https:\/\/spawlab.pl\/en\/wp-json\/wp\/v2\/product_tag?post=37715"}],"curies":[{"name":"wp","href":"https:\/\/api.w.org\/{rel}","templated":true}]}}