{"id":37717,"date":"2025-05-01T08:46:19","date_gmt":"2025-05-01T06:46:19","guid":{"rendered":"https:\/\/spawlab.pl\/produkt\/gys-kronos-400t-g-4-077799\/"},"modified":"2025-05-01T08:46:19","modified_gmt":"2025-05-01T06:46:19","slug":"gys-kronos-400t-g-4-077799","status":"publish","type":"product","link":"https:\/\/spawlab.pl\/en\/produkt\/gys-kronos-400t-g-4-077799\/","title":{"rendered":"GYS KRONOS 400T G 4 077799"},"content":{"rendered":"<p>We are the official distributor and authorized service provider of the GYS brand in Poland.<\/p>\n<p>GYS KRONOS 400T G 4 kit is the most advanced and comprehensive welding kit in the KRONOS 400T G series, designed for the most demanding professionals and industrial applications. This top-of-the-line package offers the full spectrum of MIG\/MAG, MMA (shielded electrode) and TIG Lift welding capabilities, with an absolute focus on maximum productivity, work ergonomics and application versatility for welding all weldable materials. <\/p>\n<p>Like other KRONOS 400T G packages, the heart of the kit is a powerful three-phase (400V) inverter multiprocess welder with a maximum welding current of 400 amperes (for MIG\/MAG). It features the most advanced, intuitive GYS control panel, offering the widest possibilities for precise adjustment of all welding parameters. In MIG\/MAG mode, it has the most extensive synergy function with the largest library of programs dedicated to all available materials, gases, wires and thicknesses, with the option of full manual adjustment and memorization of settings. In MMA mode, it offers the most advanced MMA Pulse with full waveform control, and TIG Lift mode enables direct current (DC) welding. The welder has a top-notch 4-roll wire feeder and a built-in gas heater socket.    <\/p>\n<p>KRONOS 400T G 4 set is the absolute top set, characterized not only by the richest selection of welding accessories, but also often additional equipment that raises the comdlat and efficiency of work to the highest level.<\/p>\n<p>Key features of the set KRONOS 400T G 4:<\/p>\n<p>GYS&#8217; most advanced and comprehensive professional welding kit.<br \/>\nMultiprocessing: MIG\/MAG (with the most advanced synergy), MMA (with the most advanced Puls MMA), TIG Lift (DC).<br \/>\nThree-phase 400V power supply.<br \/>\nMaximum welding current: 400 A (MIG\/MAG), 315 A (MMA), 400 A (TIG).<br \/>\nGYS&#8217; most advanced digital control panel with the most adjustment and personalization capabilities.<br \/>\nTop-of-the-line 4-roll wire feeder with extreme performance and precision.<br \/>\nAbility to weld all weldable materials with optimal, dedicated synergy settings.<br \/>\nSPOT and DELAY functions with advanced options (MIG\/MAG).<br \/>\nThe most advanced Hot Start, Arc place and Pulse MMA (MMA) adjustment options.<br \/>\nCompatible with all standard wire spools (200 and 300 mm).<br \/>\nRugged industrial design with components for maximum mobility and protection.<br \/>\nThe most advanced thermal, overload and overvoltage protection system.<br \/>\nBuilt-in gas heater outlet.<br \/>\nOften additional features such as memory of welding programs for multiple users.<br \/>\nContents of the KRONOS 400T G 4 kit (usually includes):<\/p>\n<p>KRONOS 400T G welding machine (075054).<br \/>\nTop-of-the-line professional MIG\/MAG chuck with EURO connection with extreme load capacity, increased length and often with interchangeable necks and full control from the chuck.<br \/>\nA set of specialized MIG\/MAG chucks for various applications (e.g., minium, hard-to-reach areas).<br \/>\nTop-of-the-line, professional MMA electrode holder with extreme load capacity with additional features (e.g. current control from the holder).<br \/>\nProfessional ground wire with the largest cross-section with the sturdiest clamp.<br \/>\nThe widest set of wire feed rolls for all available materials and diameters (carbon steel, stainless steel, minium, special wires).<br \/>\nFull set of wire guides for all materials and diameters.<br \/>\nGas hose with professional quality quick-release couplings.<br \/>\nThe richest and most comprehensive set of professional consumable parts for all MIG\/MAG chucks (including dedicated ones for minium and other special materials).<br \/>\nTop-of-the-line gas pressure regulator with two precision pressure gauges and a rotameter, often with an additional flow meter.<br \/>\nThe most advanced professional self-darkening welding visor with the largest field of view, highest optical class, technology and advanced adjustment options and setting memory.<br \/>\nA set of professional welding gloves for various welding methods and positions (e.g. TIG, MIG\/MAG, MMA).<br \/>\nTop-quality anti-scratch preparations (liquid, spray and gel).<br \/>\nProfessional set of welding tools (wire brush with hammer, wire cutters, specialty wrenches).<br \/>\nThe most robust and ergonomic welding cart with dedicated places for gas cylinders, welder and all accessories.<br \/>\nWorkstation lighting (often an LED lamp attached to the cart).<br \/>\nAdditional specialized accessories, depending on the specific configuration of the kit.<br \/>\nMulti-language instruction manual and detailed instructions for all included accessories.<br \/>\nNote: For TIG welding, you will need to purchase a separate, top-of-the-line professional TIG handle with gas valve and potentiometer for remote current control (often available as an option in this package), as well as an argon cylinder and professional regulator with flow meter.<\/p>\n<p>Application:<\/p>\n<p>The KRONOS 400T G 4 set is ideal for:<\/p>\n<p>The most demanding professional welding and industrial workshops with the highest standards of quality and performance.<br \/>\nHeavy welding and construction work on a large scale with absolutely all weldable materials.<br \/>\nLong-lasting, intensive welding processes with the highest currents and the most stringent quality requirements.<br \/>\nUsers looking for the absolute most complete, top-of-the-line and fully equipped welding kit that will provide uncompromising performance, work comdlat and application versatility.<\/p>\n","protected":false},"excerpt":{"rendered":"<p>The absolute most advanced professional welding set with the powerful three-phase MIG\/MAG\/MMA\/TIG Lift (400A) multiprocess welder GYS KRONOS 400T G, offering the widest synergy capabilities, the most advanced Pulse MMA and the richest and most comprehensive set of professional accessories for all welding methods and materials.<\/p>\n","protected":false},"featured_media":32529,"template":"","meta":{"inline_featured_image":false},"product_brand":[999],"product_cat":[498,512,474],"product_tag":[],"class_list":{"0":"post-37717","1":"product","2":"type-product","3":"status-publish","4":"has-post-thumbnail","6":"product_brand-gys","7":"product_cat-gas-cooled-en-7","8":"product_cat-mig-mag-en-2","9":"product_cat-new","11":"first","12":"onbackorder","13":"taxable","14":"shipping-taxable","15":"purchasable","16":"product-type-simple"},"yoast_head":"<!-- This site is optimized with the Yoast SEO Premium plugin v27.0 (Yoast SEO v27.3) - https:\/\/yoast.com\/product\/yoast-seo-premium-wordpress\/ -->\n<title>GYS KRONOS 400T G 4 077799<\/title>\n<meta name=\"description\" content=\"The top-of-the-line, most complete and advanced GYS KRONOS 400T G 4 (077799) three-phase inverter welding set (400A), offering the widest spectrum of MIG\/MAG, MMA and TIG Lift welding capabilities with the absolute most extensive set of professional accessories for all materials and industrial applications.\" \/>\n<meta name=\"robots\" content=\"index, follow, max-snippet:-1, max-image-preview:large, max-video-preview:-1\" \/>\n<link rel=\"canonical\" href=\"https:\/\/spawlab.pl\/en\/produkt\/gys-kronos-400t-g-4-077799\/\" \/>\n<meta property=\"og:locale\" content=\"en_US\" \/>\n<meta property=\"og:type\" content=\"article\" \/>\n<meta property=\"og:title\" content=\"GYS KRONOS 400T G 4 077799\" \/>\n<meta property=\"og:description\" content=\"Lider sprzeda\u017cy, Oficjalny Dystrybutor Premium i Serwis na Polsk\u0119 Migatronic, Gys, Voestalpine Bohler Welding. Nowe i u\u017cywane Spawarki, Przecinarki Plazmowe, Kompresory. Mgr in\u017c. Jaros\u0142aw Ko\u0142aski, IWE\" \/>\n<meta property=\"og:url\" content=\"https:\/\/spawlab.pl\/en\/produkt\/gys-kronos-400t-g-4-077799\/\" \/>\n<meta property=\"og:site_name\" content=\"SpawLab - Welding equipment and plasma cutters - store and service\" \/>\n<meta property=\"article:publisher\" content=\"https:\/\/www.facebook.com\/Spawlab\/\" \/>\n<meta property=\"og:image\" content=\"https:\/\/spawlab.pl\/wp-content\/uploads\/2025\/05\/id0000035284v01-1.jpg\" \/>\n\t<meta property=\"og:image:width\" content=\"1366\" \/>\n\t<meta property=\"og:image:height\" content=\"2048\" \/>\n\t<meta property=\"og:image:type\" content=\"image\/jpeg\" \/>\n<meta name=\"twitter:label1\" content=\"Price\" \/>\n\t<meta name=\"twitter:data1\" content=\"20 139,05&nbsp;&#122;&#322; (16 373,21&nbsp;&#122;&#322; netto)\" \/>\n\t<meta name=\"twitter:label2\" content=\"Availability\" \/>\n\t<meta name=\"twitter:data2\" content=\"On backorder\" \/>\n<script type=\"application\/ld+json\" class=\"yoast-schema-graph\">{\"@context\":\"https:\\\/\\\/schema.org\",\"@graph\":[{\"@type\":[\"WebPage\",\"ItemPage\"],\"@id\":\"https:\\\/\\\/spawlab.pl\\\/en\\\/produkt\\\/gys-kronos-400t-g-4-077799\\\/\",\"url\":\"https:\\\/\\\/spawlab.pl\\\/en\\\/produkt\\\/gys-kronos-400t-g-4-077799\\\/\",\"name\":\"GYS KRONOS 400T G 4 077799\",\"isPartOf\":{\"@id\":\"https:\\\/\\\/spawlab.pl\\\/en\\\/#website\"},\"primaryImageOfPage\":{\"@id\":\"https:\\\/\\\/spawlab.pl\\\/en\\\/produkt\\\/gys-kronos-400t-g-4-077799\\\/#primaryimage\"},\"image\":{\"@id\":\"https:\\\/\\\/spawlab.pl\\\/en\\\/produkt\\\/gys-kronos-400t-g-4-077799\\\/#primaryimage\"},\"thumbnailUrl\":\"https:\\\/\\\/spawlab.pl\\\/wp-content\\\/uploads\\\/2025\\\/05\\\/id0000035284v01-1.jpg\",\"datePublished\":\"2025-05-01T06:46:19+00:00\",\"description\":\"The top-of-the-line, most complete and advanced GYS KRONOS 400T G 4 (077799) three-phase inverter welding set (400A), offering the widest spectrum of MIG\\\/MAG, MMA and TIG Lift welding capabilities with the absolute most extensive set of professional accessories for all materials and industrial applications.\",\"breadcrumb\":{\"@id\":\"https:\\\/\\\/spawlab.pl\\\/en\\\/produkt\\\/gys-kronos-400t-g-4-077799\\\/#breadcrumb\"},\"inLanguage\":\"en-US\",\"potentialAction\":[{\"@type\":\"ReadAction\",\"target\":[\"https:\\\/\\\/spawlab.pl\\\/en\\\/produkt\\\/gys-kronos-400t-g-4-077799\\\/\"]}]},{\"@type\":\"ImageObject\",\"inLanguage\":\"en-US\",\"@id\":\"https:\\\/\\\/spawlab.pl\\\/en\\\/produkt\\\/gys-kronos-400t-g-4-077799\\\/#primaryimage\",\"url\":\"https:\\\/\\\/spawlab.pl\\\/wp-content\\\/uploads\\\/2025\\\/05\\\/id0000035284v01-1.jpg\",\"contentUrl\":\"https:\\\/\\\/spawlab.pl\\\/wp-content\\\/uploads\\\/2025\\\/05\\\/id0000035284v01-1.jpg\",\"width\":1366,\"height\":2048},{\"@type\":\"BreadcrumbList\",\"@id\":\"https:\\\/\\\/spawlab.pl\\\/en\\\/produkt\\\/gys-kronos-400t-g-4-077799\\\/#breadcrumb\",\"itemListElement\":[{\"@type\":\"ListItem\",\"position\":1,\"name\":\"Strona g\u0142\u00f3wna\",\"item\":\"https:\\\/\\\/spawlab.pl\\\/en\\\/\"},{\"@type\":\"ListItem\",\"position\":2,\"name\":\"Store\",\"item\":\"https:\\\/\\\/spawlab.pl\\\/en\\\/shop\\\/\"},{\"@type\":\"ListItem\",\"position\":3,\"name\":\"GYS KRONOS 400T G 4 077799\"}]},{\"@type\":\"WebSite\",\"@id\":\"https:\\\/\\\/spawlab.pl\\\/en\\\/#website\",\"url\":\"https:\\\/\\\/spawlab.pl\\\/en\\\/\",\"name\":\"Spawlab.pl Lider - Spawarki, Przecinarki Plazmowe, Kompresory\",\"description\":\"Urz\u0105dzenia spawalnicze i Przecinarki plazmowe\\\/ nowe i u\u017cywane \\\/ Profesjonalny serwis\",\"publisher\":{\"@id\":\"https:\\\/\\\/spawlab.pl\\\/en\\\/#organization\"},\"alternateName\":\"Spawlab.pl - Dystrybutor Premium i Serwis na Polske Migatronic, Gys, Voestalpine Bohler Welding\",\"potentialAction\":[{\"@type\":\"SearchAction\",\"target\":{\"@type\":\"EntryPoint\",\"urlTemplate\":\"https:\\\/\\\/spawlab.pl\\\/en\\\/?s={search_term_string}\"},\"query-input\":{\"@type\":\"PropertyValueSpecification\",\"valueRequired\":true,\"valueName\":\"search_term_string\"}}],\"inLanguage\":\"en-US\"},{\"@type\":[\"Organization\",\"Place\"],\"@id\":\"https:\\\/\\\/spawlab.pl\\\/en\\\/#organization\",\"name\":\"Spawlab.pl\",\"url\":\"https:\\\/\\\/spawlab.pl\\\/en\\\/\",\"logo\":{\"@id\":\"https:\\\/\\\/spawlab.pl\\\/en\\\/produkt\\\/gys-kronos-400t-g-4-077799\\\/#local-main-organization-logo\"},\"image\":{\"@id\":\"https:\\\/\\\/spawlab.pl\\\/en\\\/produkt\\\/gys-kronos-400t-g-4-077799\\\/#local-main-organization-logo\"},\"sameAs\":[\"https:\\\/\\\/www.facebook.com\\\/Spawlab\\\/\",\"https:\\\/\\\/www.linkedin.com\\\/company\\\/spawlab\",\"https:\\\/\\\/www.instagram.com\\\/spawlab.pl\",\"https:\\\/\\\/www.tiktok.com\\\/@spawlab\"],\"description\":\"Lider sprzeda\u017cy, Oficjalny Dystrybutor Premium i Serwis na Polsk\u0119 Migatronic, Gys, Voestalpine Bohler Welding. Nowe i u\u017cywane Spawarki, Przecinarki Plazmowe, Kompresory. Mgr in\u017c. Jaros\u0142aw Ko\u0142aski, IWE\",\"hasMerchantReturnPolicy\":{\"@type\":\"MerchantReturnPolicy\",\"merchantReturnLink\":\"https:\\\/\\\/spawlab.pl\\\/polityka-prywatnosci-2\\\/\"},\"telephone\":[],\"openingHoursSpecification\":[{\"@type\":\"OpeningHoursSpecification\",\"dayOfWeek\":[\"Monday\",\"Tuesday\",\"Wednesday\",\"Thursday\",\"Friday\",\"Saturday\",\"Sunday\"],\"opens\":\"09:00\",\"closes\":\"17:00\"}]},{\"@type\":\"ImageObject\",\"inLanguage\":\"en-US\",\"@id\":\"https:\\\/\\\/spawlab.pl\\\/en\\\/produkt\\\/gys-kronos-400t-g-4-077799\\\/#local-main-organization-logo\",\"url\":\"https:\\\/\\\/spawlab.pl\\\/wp-content\\\/uploads\\\/2022\\\/01\\\/olx.jpg\",\"contentUrl\":\"https:\\\/\\\/spawlab.pl\\\/wp-content\\\/uploads\\\/2022\\\/01\\\/olx.jpg\",\"width\":200,\"height\":200,\"caption\":\"Spawlab.pl\"}]}<\/script>\n<meta property=\"product:price:amount\" content=\"20139.05\" \/>\n<meta property=\"product:price:currency\" content=\"PLN\" \/>\n<meta property=\"og:availability\" content=\"backorder\" \/>\n<meta property=\"product:availability\" content=\"available for order\" \/>\n<meta property=\"product:retailer_item_id\" content=\"77799\" \/>\n<meta property=\"product:condition\" content=\"new\" \/>\n<!-- \/ Yoast SEO Premium plugin. -->","yoast_head_json":{"title":"GYS KRONOS 400T G 4 077799","description":"The top-of-the-line, most complete and advanced GYS KRONOS 400T G 4 (077799) three-phase inverter welding set (400A), offering the widest spectrum of MIG\/MAG, MMA and TIG Lift welding capabilities with the absolute most extensive set of professional accessories for all materials and industrial applications.","robots":{"index":"index","follow":"follow","max-snippet":"max-snippet:-1","max-image-preview":"max-image-preview:large","max-video-preview":"max-video-preview:-1"},"canonical":"https:\/\/spawlab.pl\/en\/produkt\/gys-kronos-400t-g-4-077799\/","og_locale":"en_US","og_type":"article","og_title":"GYS KRONOS 400T G 4 077799","og_description":"Lider sprzeda\u017cy, Oficjalny Dystrybutor Premium i Serwis na Polsk\u0119 Migatronic, Gys, Voestalpine Bohler Welding. Nowe i u\u017cywane Spawarki, Przecinarki Plazmowe, Kompresory. Mgr in\u017c. Jaros\u0142aw Ko\u0142aski, IWE","og_url":"https:\/\/spawlab.pl\/en\/produkt\/gys-kronos-400t-g-4-077799\/","og_site_name":"SpawLab - Welding equipment and plasma cutters - store and service","article_publisher":"https:\/\/www.facebook.com\/Spawlab\/","og_image":[{"width":1366,"height":2048,"url":"https:\/\/spawlab.pl\/wp-content\/uploads\/2025\/05\/id0000035284v01-1.jpg","type":"image\/jpeg"}],"twitter_misc":{"Price":"20 139,05&nbsp;&#122;&#322; (16 373,21&nbsp;&#122;&#322; netto)","Availability":"On backorder"},"schema":{"@context":"https:\/\/schema.org","@graph":[{"@type":["WebPage","ItemPage"],"@id":"https:\/\/spawlab.pl\/en\/produkt\/gys-kronos-400t-g-4-077799\/","url":"https:\/\/spawlab.pl\/en\/produkt\/gys-kronos-400t-g-4-077799\/","name":"GYS KRONOS 400T G 4 077799","isPartOf":{"@id":"https:\/\/spawlab.pl\/en\/#website"},"primaryImageOfPage":{"@id":"https:\/\/spawlab.pl\/en\/produkt\/gys-kronos-400t-g-4-077799\/#primaryimage"},"image":{"@id":"https:\/\/spawlab.pl\/en\/produkt\/gys-kronos-400t-g-4-077799\/#primaryimage"},"thumbnailUrl":"https:\/\/spawlab.pl\/wp-content\/uploads\/2025\/05\/id0000035284v01-1.jpg","datePublished":"2025-05-01T06:46:19+00:00","description":"The top-of-the-line, most complete and advanced GYS KRONOS 400T G 4 (077799) three-phase inverter welding set (400A), offering the widest spectrum of MIG\/MAG, MMA and TIG Lift welding capabilities with the absolute most extensive set of professional accessories for all materials and industrial applications.","breadcrumb":{"@id":"https:\/\/spawlab.pl\/en\/produkt\/gys-kronos-400t-g-4-077799\/#breadcrumb"},"inLanguage":"en-US","potentialAction":[{"@type":"ReadAction","target":["https:\/\/spawlab.pl\/en\/produkt\/gys-kronos-400t-g-4-077799\/"]}]},{"@type":"ImageObject","inLanguage":"en-US","@id":"https:\/\/spawlab.pl\/en\/produkt\/gys-kronos-400t-g-4-077799\/#primaryimage","url":"https:\/\/spawlab.pl\/wp-content\/uploads\/2025\/05\/id0000035284v01-1.jpg","contentUrl":"https:\/\/spawlab.pl\/wp-content\/uploads\/2025\/05\/id0000035284v01-1.jpg","width":1366,"height":2048},{"@type":"BreadcrumbList","@id":"https:\/\/spawlab.pl\/en\/produkt\/gys-kronos-400t-g-4-077799\/#breadcrumb","itemListElement":[{"@type":"ListItem","position":1,"name":"Strona g\u0142\u00f3wna","item":"https:\/\/spawlab.pl\/en\/"},{"@type":"ListItem","position":2,"name":"Store","item":"https:\/\/spawlab.pl\/en\/shop\/"},{"@type":"ListItem","position":3,"name":"GYS KRONOS 400T G 4 077799"}]},{"@type":"WebSite","@id":"https:\/\/spawlab.pl\/en\/#website","url":"https:\/\/spawlab.pl\/en\/","name":"Spawlab.pl Lider - Spawarki, Przecinarki Plazmowe, Kompresory","description":"Urz\u0105dzenia spawalnicze i Przecinarki plazmowe\/ nowe i u\u017cywane \/ Profesjonalny serwis","publisher":{"@id":"https:\/\/spawlab.pl\/en\/#organization"},"alternateName":"Spawlab.pl - Dystrybutor Premium i Serwis na Polske Migatronic, Gys, Voestalpine Bohler Welding","potentialAction":[{"@type":"SearchAction","target":{"@type":"EntryPoint","urlTemplate":"https:\/\/spawlab.pl\/en\/?s={search_term_string}"},"query-input":{"@type":"PropertyValueSpecification","valueRequired":true,"valueName":"search_term_string"}}],"inLanguage":"en-US"},{"@type":["Organization","Place"],"@id":"https:\/\/spawlab.pl\/en\/#organization","name":"Spawlab.pl","url":"https:\/\/spawlab.pl\/en\/","logo":{"@id":"https:\/\/spawlab.pl\/en\/produkt\/gys-kronos-400t-g-4-077799\/#local-main-organization-logo"},"image":{"@id":"https:\/\/spawlab.pl\/en\/produkt\/gys-kronos-400t-g-4-077799\/#local-main-organization-logo"},"sameAs":["https:\/\/www.facebook.com\/Spawlab\/","https:\/\/www.linkedin.com\/company\/spawlab","https:\/\/www.instagram.com\/spawlab.pl","https:\/\/www.tiktok.com\/@spawlab"],"description":"Lider sprzeda\u017cy, Oficjalny Dystrybutor Premium i Serwis na Polsk\u0119 Migatronic, Gys, Voestalpine Bohler Welding. Nowe i u\u017cywane Spawarki, Przecinarki Plazmowe, Kompresory. Mgr in\u017c. Jaros\u0142aw Ko\u0142aski, IWE","hasMerchantReturnPolicy":{"@type":"MerchantReturnPolicy","merchantReturnLink":"https:\/\/spawlab.pl\/polityka-prywatnosci-2\/"},"telephone":[],"openingHoursSpecification":[{"@type":"OpeningHoursSpecification","dayOfWeek":["Monday","Tuesday","Wednesday","Thursday","Friday","Saturday","Sunday"],"opens":"09:00","closes":"17:00"}]},{"@type":"ImageObject","inLanguage":"en-US","@id":"https:\/\/spawlab.pl\/en\/produkt\/gys-kronos-400t-g-4-077799\/#local-main-organization-logo","url":"https:\/\/spawlab.pl\/wp-content\/uploads\/2022\/01\/olx.jpg","contentUrl":"https:\/\/spawlab.pl\/wp-content\/uploads\/2022\/01\/olx.jpg","width":200,"height":200,"caption":"Spawlab.pl"}]},"product_price_amount":"20139.05","product_price_currency":"PLN","og_availability":"backorder","product_availability":"available for order","product_retailer_item_id":"77799","product_condition":"new"},"_links":{"self":[{"href":"https:\/\/spawlab.pl\/en\/wp-json\/wp\/v2\/product\/37717","targetHints":{"allow":["GET"]}}],"collection":[{"href":"https:\/\/spawlab.pl\/en\/wp-json\/wp\/v2\/product"}],"about":[{"href":"https:\/\/spawlab.pl\/en\/wp-json\/wp\/v2\/types\/product"}],"wp:featuredmedia":[{"embeddable":true,"href":"https:\/\/spawlab.pl\/en\/wp-json\/wp\/v2\/media\/32529"}],"wp:attachment":[{"href":"https:\/\/spawlab.pl\/en\/wp-json\/wp\/v2\/media?parent=37717"}],"wp:term":[{"taxonomy":"product_brand","embeddable":true,"href":"https:\/\/spawlab.pl\/en\/wp-json\/wp\/v2\/product_brand?post=37717"},{"taxonomy":"product_cat","embeddable":true,"href":"https:\/\/spawlab.pl\/en\/wp-json\/wp\/v2\/product_cat?post=37717"},{"taxonomy":"product_tag","embeddable":true,"href":"https:\/\/spawlab.pl\/en\/wp-json\/wp\/v2\/product_tag?post=37717"}],"curies":[{"name":"wp","href":"https:\/\/api.w.org\/{rel}","templated":true}]}}