{"id":37723,"date":"2025-05-01T08:46:17","date_gmt":"2025-05-01T06:46:17","guid":{"rendered":"https:\/\/spawlab.pl\/produkt\/gys-kronos-400t-g-3-077782\/"},"modified":"2025-05-01T08:46:17","modified_gmt":"2025-05-01T06:46:17","slug":"gys-kronos-400t-g-3-077782","status":"publish","type":"product","link":"https:\/\/spawlab.pl\/en\/produkt\/gys-kronos-400t-g-3-077782\/","title":{"rendered":"GYS KRONOS 400T G 3 077782"},"content":{"rendered":"<p>We are the official distributor and authorized service provider of the GYS brand in Poland.<\/p>\n<p>GYS KRONOS 400T G 3 kit is the most advanced and versatile welding kit based on the extremely powerful KRONOS 400T G three-phase (400V) multiprocess inverter welder. This top-of-the-line package is designed for the most demanding professionals and industrial applications, offering a complete solution for MIG\/MAG, MMA (shielded electrode) and TIG Lift welding, with an emphasis on maximum productivity, work compdlat and the ability to weld a wide range of materials.<\/p>\n<p>The KRONOS 400T G welder offers an impressive maximum welding current of 400 amps (for MIG\/MAG) and features an advanced, intuitive control panel with precise adjustment of all parameters. It features extensive voltage and wire feed speed adjustment in MIG\/MAG mode and an advanced synergy function with an extensive program library. In MMA mode, it offers adjustable Hot Start, Arclace and advanced Pulse MMA with full control. TIG Lift mode enables direct current (DC) welding. The welder can weld carbon steel, stainless steel and minium and has a 4-roll wire feeder and built-in gas heater socket.    <\/p>\n<p>The KRONOS 400T G 3 set is distinguished by the richest set of accessories, often including additional welding fixtures, extensive sets of consumable parts and other items that increase productivity and work comdlat.<\/p>\n<p>Key features of the set KRONOS 400T G 3:<\/p>\n<p>The most extensive and professional welding set in the KRONOS 400T G series.<br \/>\nMultiprocessing: MIG\/MAG (with advanced synergy), MMA (with Puls MMA), TIG Lift (DC).<br \/>\nThree-phase 400V power supply.<br \/>\nMaximum welding current: 400 A (MIG\/MAG), 315 A (MMA), 400 A (TIG).<br \/>\nAdvanced digital control panel with expanded adjustment options.<br \/>\nA 4-roll wire feeder with the highest capacity.<br \/>\nCan weld carbon steel, stainless steel and minium with optimal settings.<br \/>\nSPOT and DELAY (MIG\/MAG) functions.<br \/>\nAdjustable Hot Start, Arc place and Pulse MMA (MMA).<br \/>\nCompatible with 200 and 300 mm wire spools (5 and 15 kg).<br \/>\nRugged industrial design with features for easy transport and maneuvering.<br \/>\nAdvanced thermal and overload protection system.<br \/>\nBuilt-in gas heater outlet.<br \/>\nContents of the KRONOS 400T G 3 kit (usually includes):<\/p>\n<p>KRONOS 400T G welding machine (075054).<br \/>\nProfessional MIG\/MAG chuck with EURO connection with high load capacity and increased length (often with interchangeable necks or additional control options).<br \/>\nAdditional specialized MIG\/MAG chuck for minium.<br \/>\nProfessional MMA electrode holder with extreme load capacity.<br \/>\nProfessional large-diameter ground wire with solid clamp.<br \/>\nA set of wire feed rollers for different materials and diameters (steel, stainless, minium).<br \/>\nA set of wire guides for various materials and diameters.<br \/>\nGas hose with professional quick disconnects.<br \/>\nThe richest set of professional MIG\/MAG chuck consumable parts (including dedicated minium).<br \/>\nHigh-quality gas pressure regulator with two pressure gauges and rotameter.<br \/>\nA professional, self-darkening welding visor of the highest class with a wide field of view and advanced technologies (e.g. ).<br \/>\nProfessional leather welding gloves (often two types for different applications).<br \/>\nAnti-scratch preparation (liquid and spray).<br \/>\nWire brush with hammer.<br \/>\nWelding cart of sturdy construction with space for gas cylinder and accessories.<br \/>\nAdditional accessories such as ceramic nozzles for minium, wrenches and tools.<br \/>\nUser Manual.<br \/>\nNote: For TIG welding, you need to buy a separate professional TIG handle with gas valve and an argon cylinder (if not part of the kit).<\/p>\n<p>Application:<\/p>\n<p>The KRONOS 400T G 3 set is ideal for:<\/p>\n<p>The most demanding professional welding and industrial workshops.<br \/>\nHeavy-duty welding and construction work on a large scale with a wide range of materials.<br \/>\nLong-lasting welding processes with high currents, including advanced minium welding.<br \/>\nUsers looking for the most complete, top-of-the-line and fully equipped welding kit for maximum productivity and comdlat.<\/p>\n","protected":false},"excerpt":{"rendered":"<p>The most advanced professional welding set with powerful three-phase MIG\/MAG\/MMA\/TIG Lift (400A) multiprocess welder GYS KRONOS 400T G, advanced synergy, Puls MMA and the richest set of professional accessories, including dedicated minium.<\/p>\n","protected":false},"featured_media":32529,"template":"","meta":{"inline_featured_image":false},"product_brand":[999],"product_cat":[498,512,474],"product_tag":[],"class_list":{"0":"post-37723","1":"product","2":"type-product","3":"status-publish","4":"has-post-thumbnail","6":"product_brand-gys","7":"product_cat-gas-cooled-en-7","8":"product_cat-mig-mag-en-2","9":"product_cat-new","11":"first","12":"onbackorder","13":"taxable","14":"shipping-taxable","15":"purchasable","16":"product-type-simple"},"yoast_head":"<!-- This site is optimized with the Yoast SEO Premium plugin v27.0 (Yoast SEO v27.3) - https:\/\/yoast.com\/product\/yoast-seo-premium-wordpress\/ -->\n<title>GYS KRONOS 400T G 3 077782<\/title>\n<meta name=\"description\" content=\"The top-of-the-line, most complete GYS welding kit KRONOS 400T G 3 (077782) with three-phase inverter welder (400A), offering MIG\/MAG (with extreme advanced synergy), MMA (with advanced Puls MMA) and TIG Lift welding, along with the richest set of professional accessories, including dedicated minium welding, ideal for the most demanding industrial applications.\" \/>\n<meta name=\"robots\" content=\"index, follow, max-snippet:-1, max-image-preview:large, max-video-preview:-1\" \/>\n<link rel=\"canonical\" href=\"https:\/\/spawlab.pl\/en\/produkt\/gys-kronos-400t-g-3-077782\/\" \/>\n<meta property=\"og:locale\" content=\"en_US\" \/>\n<meta property=\"og:type\" content=\"article\" \/>\n<meta property=\"og:title\" content=\"GYS KRONOS 400T G 3 077782\" \/>\n<meta property=\"og:description\" content=\"Lider sprzeda\u017cy, Oficjalny Dystrybutor Premium i Serwis na Polsk\u0119 Migatronic, Gys, Voestalpine Bohler Welding. Nowe i u\u017cywane Spawarki, Przecinarki Plazmowe, Kompresory. Mgr in\u017c. Jaros\u0142aw Ko\u0142aski, IWE\" \/>\n<meta property=\"og:url\" content=\"https:\/\/spawlab.pl\/en\/produkt\/gys-kronos-400t-g-3-077782\/\" \/>\n<meta property=\"og:site_name\" content=\"SpawLab - Welding equipment and plasma cutters - store and service\" \/>\n<meta property=\"article:publisher\" content=\"https:\/\/www.facebook.com\/Spawlab\/\" \/>\n<meta property=\"og:image\" content=\"https:\/\/spawlab.pl\/wp-content\/uploads\/2025\/05\/id0000035284v01-1.jpg\" \/>\n\t<meta property=\"og:image:width\" content=\"1366\" \/>\n\t<meta property=\"og:image:height\" content=\"2048\" \/>\n\t<meta property=\"og:image:type\" content=\"image\/jpeg\" \/>\n<meta name=\"twitter:label1\" content=\"Price\" \/>\n\t<meta name=\"twitter:data1\" content=\"20 050,90&nbsp;&#122;&#322; (16 301,54&nbsp;&#122;&#322; netto)\" \/>\n\t<meta name=\"twitter:label2\" content=\"Availability\" \/>\n\t<meta name=\"twitter:data2\" content=\"On backorder\" \/>\n<script type=\"application\/ld+json\" class=\"yoast-schema-graph\">{\"@context\":\"https:\\\/\\\/schema.org\",\"@graph\":[{\"@type\":[\"WebPage\",\"ItemPage\"],\"@id\":\"https:\\\/\\\/spawlab.pl\\\/en\\\/produkt\\\/gys-kronos-400t-g-3-077782\\\/\",\"url\":\"https:\\\/\\\/spawlab.pl\\\/en\\\/produkt\\\/gys-kronos-400t-g-3-077782\\\/\",\"name\":\"GYS KRONOS 400T G 3 077782\",\"isPartOf\":{\"@id\":\"https:\\\/\\\/spawlab.pl\\\/en\\\/#website\"},\"primaryImageOfPage\":{\"@id\":\"https:\\\/\\\/spawlab.pl\\\/en\\\/produkt\\\/gys-kronos-400t-g-3-077782\\\/#primaryimage\"},\"image\":{\"@id\":\"https:\\\/\\\/spawlab.pl\\\/en\\\/produkt\\\/gys-kronos-400t-g-3-077782\\\/#primaryimage\"},\"thumbnailUrl\":\"https:\\\/\\\/spawlab.pl\\\/wp-content\\\/uploads\\\/2025\\\/05\\\/id0000035284v01-1.jpg\",\"datePublished\":\"2025-05-01T06:46:17+00:00\",\"description\":\"The top-of-the-line, most complete GYS welding kit KRONOS 400T G 3 (077782) with three-phase inverter welder (400A), offering MIG\\\/MAG (with extreme advanced synergy), MMA (with advanced Puls MMA) and TIG Lift welding, along with the richest set of professional accessories, including dedicated minium welding, ideal for the most demanding industrial applications.\",\"breadcrumb\":{\"@id\":\"https:\\\/\\\/spawlab.pl\\\/en\\\/produkt\\\/gys-kronos-400t-g-3-077782\\\/#breadcrumb\"},\"inLanguage\":\"en-US\",\"potentialAction\":[{\"@type\":\"ReadAction\",\"target\":[\"https:\\\/\\\/spawlab.pl\\\/en\\\/produkt\\\/gys-kronos-400t-g-3-077782\\\/\"]}]},{\"@type\":\"ImageObject\",\"inLanguage\":\"en-US\",\"@id\":\"https:\\\/\\\/spawlab.pl\\\/en\\\/produkt\\\/gys-kronos-400t-g-3-077782\\\/#primaryimage\",\"url\":\"https:\\\/\\\/spawlab.pl\\\/wp-content\\\/uploads\\\/2025\\\/05\\\/id0000035284v01-1.jpg\",\"contentUrl\":\"https:\\\/\\\/spawlab.pl\\\/wp-content\\\/uploads\\\/2025\\\/05\\\/id0000035284v01-1.jpg\",\"width\":1366,\"height\":2048},{\"@type\":\"BreadcrumbList\",\"@id\":\"https:\\\/\\\/spawlab.pl\\\/en\\\/produkt\\\/gys-kronos-400t-g-3-077782\\\/#breadcrumb\",\"itemListElement\":[{\"@type\":\"ListItem\",\"position\":1,\"name\":\"Strona g\u0142\u00f3wna\",\"item\":\"https:\\\/\\\/spawlab.pl\\\/en\\\/\"},{\"@type\":\"ListItem\",\"position\":2,\"name\":\"Store\",\"item\":\"https:\\\/\\\/spawlab.pl\\\/en\\\/shop\\\/\"},{\"@type\":\"ListItem\",\"position\":3,\"name\":\"GYS KRONOS 400T G 3 077782\"}]},{\"@type\":\"WebSite\",\"@id\":\"https:\\\/\\\/spawlab.pl\\\/en\\\/#website\",\"url\":\"https:\\\/\\\/spawlab.pl\\\/en\\\/\",\"name\":\"Spawlab.pl Lider - Spawarki, Przecinarki Plazmowe, Kompresory\",\"description\":\"Urz\u0105dzenia spawalnicze i Przecinarki plazmowe\\\/ nowe i u\u017cywane \\\/ Profesjonalny serwis\",\"publisher\":{\"@id\":\"https:\\\/\\\/spawlab.pl\\\/en\\\/#organization\"},\"alternateName\":\"Spawlab.pl - Dystrybutor Premium i Serwis na Polske Migatronic, Gys, Voestalpine Bohler Welding\",\"potentialAction\":[{\"@type\":\"SearchAction\",\"target\":{\"@type\":\"EntryPoint\",\"urlTemplate\":\"https:\\\/\\\/spawlab.pl\\\/en\\\/?s={search_term_string}\"},\"query-input\":{\"@type\":\"PropertyValueSpecification\",\"valueRequired\":true,\"valueName\":\"search_term_string\"}}],\"inLanguage\":\"en-US\"},{\"@type\":[\"Organization\",\"Place\"],\"@id\":\"https:\\\/\\\/spawlab.pl\\\/en\\\/#organization\",\"name\":\"Spawlab.pl\",\"url\":\"https:\\\/\\\/spawlab.pl\\\/en\\\/\",\"logo\":{\"@id\":\"https:\\\/\\\/spawlab.pl\\\/en\\\/produkt\\\/gys-kronos-400t-g-3-077782\\\/#local-main-organization-logo\"},\"image\":{\"@id\":\"https:\\\/\\\/spawlab.pl\\\/en\\\/produkt\\\/gys-kronos-400t-g-3-077782\\\/#local-main-organization-logo\"},\"sameAs\":[\"https:\\\/\\\/www.facebook.com\\\/Spawlab\\\/\",\"https:\\\/\\\/www.linkedin.com\\\/company\\\/spawlab\",\"https:\\\/\\\/www.instagram.com\\\/spawlab.pl\",\"https:\\\/\\\/www.tiktok.com\\\/@spawlab\"],\"description\":\"Lider sprzeda\u017cy, Oficjalny Dystrybutor Premium i Serwis na Polsk\u0119 Migatronic, Gys, Voestalpine Bohler Welding. Nowe i u\u017cywane Spawarki, Przecinarki Plazmowe, Kompresory. Mgr in\u017c. Jaros\u0142aw Ko\u0142aski, IWE\",\"hasMerchantReturnPolicy\":{\"@type\":\"MerchantReturnPolicy\",\"merchantReturnLink\":\"https:\\\/\\\/spawlab.pl\\\/polityka-prywatnosci-2\\\/\"},\"telephone\":[],\"openingHoursSpecification\":[{\"@type\":\"OpeningHoursSpecification\",\"dayOfWeek\":[\"Monday\",\"Tuesday\",\"Wednesday\",\"Thursday\",\"Friday\",\"Saturday\",\"Sunday\"],\"opens\":\"09:00\",\"closes\":\"17:00\"}]},{\"@type\":\"ImageObject\",\"inLanguage\":\"en-US\",\"@id\":\"https:\\\/\\\/spawlab.pl\\\/en\\\/produkt\\\/gys-kronos-400t-g-3-077782\\\/#local-main-organization-logo\",\"url\":\"https:\\\/\\\/spawlab.pl\\\/wp-content\\\/uploads\\\/2022\\\/01\\\/olx.jpg\",\"contentUrl\":\"https:\\\/\\\/spawlab.pl\\\/wp-content\\\/uploads\\\/2022\\\/01\\\/olx.jpg\",\"width\":200,\"height\":200,\"caption\":\"Spawlab.pl\"}]}<\/script>\n<meta property=\"product:price:amount\" content=\"20050.90\" \/>\n<meta property=\"product:price:currency\" content=\"PLN\" \/>\n<meta property=\"og:availability\" content=\"backorder\" \/>\n<meta property=\"product:availability\" content=\"available for order\" \/>\n<meta property=\"product:retailer_item_id\" content=\"77782\" \/>\n<meta property=\"product:condition\" content=\"new\" \/>\n<!-- \/ Yoast SEO Premium plugin. -->","yoast_head_json":{"title":"GYS KRONOS 400T G 3 077782","description":"The top-of-the-line, most complete GYS welding kit KRONOS 400T G 3 (077782) with three-phase inverter welder (400A), offering MIG\/MAG (with extreme advanced synergy), MMA (with advanced Puls MMA) and TIG Lift welding, along with the richest set of professional accessories, including dedicated minium welding, ideal for the most demanding industrial applications.","robots":{"index":"index","follow":"follow","max-snippet":"max-snippet:-1","max-image-preview":"max-image-preview:large","max-video-preview":"max-video-preview:-1"},"canonical":"https:\/\/spawlab.pl\/en\/produkt\/gys-kronos-400t-g-3-077782\/","og_locale":"en_US","og_type":"article","og_title":"GYS KRONOS 400T G 3 077782","og_description":"Lider sprzeda\u017cy, Oficjalny Dystrybutor Premium i Serwis na Polsk\u0119 Migatronic, Gys, Voestalpine Bohler Welding. Nowe i u\u017cywane Spawarki, Przecinarki Plazmowe, Kompresory. Mgr in\u017c. Jaros\u0142aw Ko\u0142aski, IWE","og_url":"https:\/\/spawlab.pl\/en\/produkt\/gys-kronos-400t-g-3-077782\/","og_site_name":"SpawLab - Welding equipment and plasma cutters - store and service","article_publisher":"https:\/\/www.facebook.com\/Spawlab\/","og_image":[{"width":1366,"height":2048,"url":"https:\/\/spawlab.pl\/wp-content\/uploads\/2025\/05\/id0000035284v01-1.jpg","type":"image\/jpeg"}],"twitter_misc":{"Price":"20 050,90&nbsp;&#122;&#322; (16 301,54&nbsp;&#122;&#322; netto)","Availability":"On backorder"},"schema":{"@context":"https:\/\/schema.org","@graph":[{"@type":["WebPage","ItemPage"],"@id":"https:\/\/spawlab.pl\/en\/produkt\/gys-kronos-400t-g-3-077782\/","url":"https:\/\/spawlab.pl\/en\/produkt\/gys-kronos-400t-g-3-077782\/","name":"GYS KRONOS 400T G 3 077782","isPartOf":{"@id":"https:\/\/spawlab.pl\/en\/#website"},"primaryImageOfPage":{"@id":"https:\/\/spawlab.pl\/en\/produkt\/gys-kronos-400t-g-3-077782\/#primaryimage"},"image":{"@id":"https:\/\/spawlab.pl\/en\/produkt\/gys-kronos-400t-g-3-077782\/#primaryimage"},"thumbnailUrl":"https:\/\/spawlab.pl\/wp-content\/uploads\/2025\/05\/id0000035284v01-1.jpg","datePublished":"2025-05-01T06:46:17+00:00","description":"The top-of-the-line, most complete GYS welding kit KRONOS 400T G 3 (077782) with three-phase inverter welder (400A), offering MIG\/MAG (with extreme advanced synergy), MMA (with advanced Puls MMA) and TIG Lift welding, along with the richest set of professional accessories, including dedicated minium welding, ideal for the most demanding industrial applications.","breadcrumb":{"@id":"https:\/\/spawlab.pl\/en\/produkt\/gys-kronos-400t-g-3-077782\/#breadcrumb"},"inLanguage":"en-US","potentialAction":[{"@type":"ReadAction","target":["https:\/\/spawlab.pl\/en\/produkt\/gys-kronos-400t-g-3-077782\/"]}]},{"@type":"ImageObject","inLanguage":"en-US","@id":"https:\/\/spawlab.pl\/en\/produkt\/gys-kronos-400t-g-3-077782\/#primaryimage","url":"https:\/\/spawlab.pl\/wp-content\/uploads\/2025\/05\/id0000035284v01-1.jpg","contentUrl":"https:\/\/spawlab.pl\/wp-content\/uploads\/2025\/05\/id0000035284v01-1.jpg","width":1366,"height":2048},{"@type":"BreadcrumbList","@id":"https:\/\/spawlab.pl\/en\/produkt\/gys-kronos-400t-g-3-077782\/#breadcrumb","itemListElement":[{"@type":"ListItem","position":1,"name":"Strona g\u0142\u00f3wna","item":"https:\/\/spawlab.pl\/en\/"},{"@type":"ListItem","position":2,"name":"Store","item":"https:\/\/spawlab.pl\/en\/shop\/"},{"@type":"ListItem","position":3,"name":"GYS KRONOS 400T G 3 077782"}]},{"@type":"WebSite","@id":"https:\/\/spawlab.pl\/en\/#website","url":"https:\/\/spawlab.pl\/en\/","name":"Spawlab.pl Lider - Spawarki, Przecinarki Plazmowe, Kompresory","description":"Urz\u0105dzenia spawalnicze i Przecinarki plazmowe\/ nowe i u\u017cywane \/ Profesjonalny serwis","publisher":{"@id":"https:\/\/spawlab.pl\/en\/#organization"},"alternateName":"Spawlab.pl - Dystrybutor Premium i Serwis na Polske Migatronic, Gys, Voestalpine Bohler Welding","potentialAction":[{"@type":"SearchAction","target":{"@type":"EntryPoint","urlTemplate":"https:\/\/spawlab.pl\/en\/?s={search_term_string}"},"query-input":{"@type":"PropertyValueSpecification","valueRequired":true,"valueName":"search_term_string"}}],"inLanguage":"en-US"},{"@type":["Organization","Place"],"@id":"https:\/\/spawlab.pl\/en\/#organization","name":"Spawlab.pl","url":"https:\/\/spawlab.pl\/en\/","logo":{"@id":"https:\/\/spawlab.pl\/en\/produkt\/gys-kronos-400t-g-3-077782\/#local-main-organization-logo"},"image":{"@id":"https:\/\/spawlab.pl\/en\/produkt\/gys-kronos-400t-g-3-077782\/#local-main-organization-logo"},"sameAs":["https:\/\/www.facebook.com\/Spawlab\/","https:\/\/www.linkedin.com\/company\/spawlab","https:\/\/www.instagram.com\/spawlab.pl","https:\/\/www.tiktok.com\/@spawlab"],"description":"Lider sprzeda\u017cy, Oficjalny Dystrybutor Premium i Serwis na Polsk\u0119 Migatronic, Gys, Voestalpine Bohler Welding. Nowe i u\u017cywane Spawarki, Przecinarki Plazmowe, Kompresory. Mgr in\u017c. Jaros\u0142aw Ko\u0142aski, IWE","hasMerchantReturnPolicy":{"@type":"MerchantReturnPolicy","merchantReturnLink":"https:\/\/spawlab.pl\/polityka-prywatnosci-2\/"},"telephone":[],"openingHoursSpecification":[{"@type":"OpeningHoursSpecification","dayOfWeek":["Monday","Tuesday","Wednesday","Thursday","Friday","Saturday","Sunday"],"opens":"09:00","closes":"17:00"}]},{"@type":"ImageObject","inLanguage":"en-US","@id":"https:\/\/spawlab.pl\/en\/produkt\/gys-kronos-400t-g-3-077782\/#local-main-organization-logo","url":"https:\/\/spawlab.pl\/wp-content\/uploads\/2022\/01\/olx.jpg","contentUrl":"https:\/\/spawlab.pl\/wp-content\/uploads\/2022\/01\/olx.jpg","width":200,"height":200,"caption":"Spawlab.pl"}]},"product_price_amount":"20050.90","product_price_currency":"PLN","og_availability":"backorder","product_availability":"available for order","product_retailer_item_id":"77782","product_condition":"new"},"_links":{"self":[{"href":"https:\/\/spawlab.pl\/en\/wp-json\/wp\/v2\/product\/37723","targetHints":{"allow":["GET"]}}],"collection":[{"href":"https:\/\/spawlab.pl\/en\/wp-json\/wp\/v2\/product"}],"about":[{"href":"https:\/\/spawlab.pl\/en\/wp-json\/wp\/v2\/types\/product"}],"wp:featuredmedia":[{"embeddable":true,"href":"https:\/\/spawlab.pl\/en\/wp-json\/wp\/v2\/media\/32529"}],"wp:attachment":[{"href":"https:\/\/spawlab.pl\/en\/wp-json\/wp\/v2\/media?parent=37723"}],"wp:term":[{"taxonomy":"product_brand","embeddable":true,"href":"https:\/\/spawlab.pl\/en\/wp-json\/wp\/v2\/product_brand?post=37723"},{"taxonomy":"product_cat","embeddable":true,"href":"https:\/\/spawlab.pl\/en\/wp-json\/wp\/v2\/product_cat?post=37723"},{"taxonomy":"product_tag","embeddable":true,"href":"https:\/\/spawlab.pl\/en\/wp-json\/wp\/v2\/product_tag?post=37723"}],"curies":[{"name":"wp","href":"https:\/\/api.w.org\/{rel}","templated":true}]}}