{"id":37754,"date":"2025-05-01T08:47:39","date_gmt":"2025-05-01T06:47:39","guid":{"rendered":"https:\/\/spawlab.pl\/produkt\/gys-neocut-105-a2-068186\/"},"modified":"2025-05-01T08:47:39","modified_gmt":"2025-05-01T06:47:39","slug":"gys-neocut-105-a2-068186","status":"publish","type":"product","link":"https:\/\/spawlab.pl\/en\/produkt\/gys-neocut-105-a2-068186\/","title":{"rendered":"GYS NEOCUT 105 A2 068186"},"content":{"rendered":"<p>We are the official distributor and authorized service provider of the GYS brand in Poland.<\/p>\n<p>The GYS PLASMA NEOCUT 105 A2 kit is an advanced and professional automated plasma cutting kit based on the powerful NEOCUT 105 three-phase (400 V) plasma cutter. It has a cutting current of up to 105 A and is designed for the most demanding industrial applications and heavy-duty work, with particular emphasis on integration with advanced CNC systems. It features an extremely robust mechanical design and an intuitive color OLED display. It can cut a wide range of metals, including steel (mild, stainless, hardened, HLE), minium, copper and others, with a maximum cut thickness of up to 50 mm (clean cut up to 35 mm for steel, 30 mm for minium\/stainless steel &#8211; data from various sources). The machine offers advanced features, including 6 operating modes (standard cutting, trigger-lock cutting, gouging, trigger-lock gouging, perlaminated sheet cutting, marking) and automatic air pressure management with CNC control. It features contactless arc ignition (HF-free) and a built-in, powerful CNC interface with various control options. It has a built-in consumable counter and an advanced pneumatic diagnostic function. This complete kit includes a professional AUTO TORCH A161 6-meter plasma torch dedicated to advanced cutting systems (CNC) with the ability to control additional torch functions.<br \/>\nKey features of the kit:       <\/p>\n<p>Advanced and professional set for automated plasma cutting (CNC).<\/p>\n<p>NEOCUT 105 plasma cutter.<\/p>\n<p>Three-phase 400-volt power supply.<\/p>\n<p>Cutting current up to 105 A.<\/p>\n<p>Can cut steel up to 50 mm (maximum), recommended up to 35 mm (clean).<\/p>\n<p>Can cut minium up to 30 mm (maximum), recommended up to 30 mm (clean).<\/p>\n<p>Contactless arc ignition (HF-free).<\/p>\n<p>6 modes of operation.<\/p>\n<p>Automatic air pressure management with CNC control.<\/p>\n<p>Advanced CNC interface with various control options.<\/p>\n<p>Intuitive interface with color OLED display.<\/p>\n<p>Built-in consumable counter.<\/p>\n<p>Advanced Pneumatic Diagnostics.<\/p>\n<p>Can be gouged and marked with CNC systems.<\/p>\n<p>Robust design with IP23 protection.<\/p>\n<p>Included advanced AUTO plasma torch A161 (6m) with control of additional functions.<br \/>\nTechnical data (cutters):<\/p>\n<p>Supply voltage: 3 x 400 V, 50\/60 Hz<\/p>\n<p>Recommended protection: 32 A<\/p>\n<p>Cutting current: 20 &#8211; 105 A<\/p>\n<p>Duty cycle (at 40\u00b0C): 105 A at 100% (cutting), 105 A at 60% (gouging), 90 A at 100% (gouging)<\/p>\n<p>Maximum cutting thickness (steel &#8211; separating): up to 50 mm<\/p>\n<p>Maximum thickness of cut (steel &#8211; clean): up to 35 mm<\/p>\n<p>Maximum thickness of cut ( minium &#8211; clean): up to 30 mm<\/p>\n<p>Recommended air pressure: 5 &#8211; 9 bar (various sources state 5-7 bar)<\/p>\n<p>Recommended air flow: 305 l\/min (manual cutting)<\/p>\n<p>Degree of protection: IP23<\/p>\n<p>Weight (kit): Approximately 55 kg (depending on the contents of the kit)<\/p>\n<p>Burner cable length: 6 m (AUTO BURNER A161)<br \/>\nApplication:<\/p>\n<p>Professional metal cutting in advanced automated systems (CNC) with the ability to control additional functions of the torch.<\/p>\n<p>Industrial applications requiring maximum precision, repeatability and control of the cutting process for thick materials.<\/p>\n<p>Advanced gouging and marking functions for CNC systems.<\/p>\n","protected":false},"excerpt":{"rendered":"<p>Advanced and professional GYS automated plasma cutting kit PLASMA NEOCUT 105 A2 with AUTO FUEL A161 torch (6 m) and powerful CNC interface, ideal for the most demanding CNC systems.<\/p>\n","protected":false},"featured_media":32210,"template":"","meta":{"inline_featured_image":false},"product_brand":[999],"product_cat":[497,478],"product_tag":[],"class_list":{"0":"post-37754","1":"product","2":"type-product","3":"status-publish","4":"has-post-thumbnail","6":"product_brand-gys","7":"product_cat-gas-cooled-en-6","8":"product_cat-plasma-cutters-en","10":"first","11":"onbackorder","12":"taxable","13":"shipping-taxable","14":"purchasable","15":"product-type-simple"},"yoast_head":"<!-- This site is optimized with the Yoast SEO Premium plugin v27.5 (Yoast SEO v27.6) - https:\/\/yoast.com\/product\/yoast-seo-premium-wordpress\/ -->\n<title>GYS NEOCUT 105 A2 068186<\/title>\n<meta name=\"description\" content=\"Complete set for advanced automated plasma cutting GYS set PLASMA NEOCUT 105 A2 (068186) with three-phase 400 V power supply, cutting current up to 105 A, automatic air management with CNC control capability, extensive CNC interface and advanced automatic torch AUTO FUEL A161 (6 m) included, dedicated to professional CNC systems.\" \/>\n<meta name=\"robots\" content=\"index, follow, max-snippet:-1, max-image-preview:large, max-video-preview:-1\" \/>\n<link rel=\"canonical\" href=\"https:\/\/spawlab.pl\/en\/produkt\/gys-neocut-105-a2-068186\/\" \/>\n<meta property=\"og:locale\" content=\"en_US\" \/>\n<meta property=\"og:type\" content=\"article\" \/>\n<meta property=\"og:title\" content=\"GYS NEOCUT 105 A2 068186\" \/>\n<meta property=\"og:description\" content=\"Lider sprzeda\u017cy, Oficjalny Dystrybutor Premium i Serwis na Polsk\u0119 Migatronic, Gys, Voestalpine Bohler Welding. Nowe i u\u017cywane Spawarki, Przecinarki Plazmowe, Kompresory. Mgr in\u017c. Jaros\u0142aw Ko\u0142aski, IWE\" \/>\n<meta property=\"og:url\" content=\"https:\/\/spawlab.pl\/en\/produkt\/gys-neocut-105-a2-068186\/\" \/>\n<meta property=\"og:site_name\" content=\"SpawLab - Welding equipment and plasma cutters - store and service\" \/>\n<meta property=\"article:publisher\" content=\"https:\/\/www.facebook.com\/Spawlab\/\" \/>\n<meta property=\"og:image\" content=\"https:\/\/spawlab.pl\/wp-content\/uploads\/2025\/05\/081093_PRO_QF-987x1024.png\" \/>\n\t<meta property=\"og:image:width\" content=\"987\" \/>\n\t<meta property=\"og:image:height\" content=\"1024\" \/>\n\t<meta property=\"og:image:type\" content=\"image\/png\" \/>\n<meta name=\"twitter:label1\" content=\"Price\" \/>\n\t<meta name=\"twitter:data1\" content=\"32 470,76&nbsp;&#122;&#322; (26 398,99&nbsp;&#122;&#322; netto)\" \/>\n\t<meta name=\"twitter:label2\" content=\"Availability\" \/>\n\t<meta name=\"twitter:data2\" content=\"On backorder\" \/>\n<script type=\"application\/ld+json\" class=\"yoast-schema-graph\">{\"@context\":\"https:\\\/\\\/schema.org\",\"@graph\":[{\"@type\":[\"WebPage\",\"ItemPage\"],\"@id\":\"https:\\\/\\\/spawlab.pl\\\/en\\\/produkt\\\/gys-neocut-105-a2-068186\\\/\",\"url\":\"https:\\\/\\\/spawlab.pl\\\/en\\\/produkt\\\/gys-neocut-105-a2-068186\\\/\",\"name\":\"GYS NEOCUT 105 A2 068186\",\"isPartOf\":{\"@id\":\"https:\\\/\\\/spawlab.pl\\\/en\\\/#website\"},\"primaryImageOfPage\":{\"@id\":\"https:\\\/\\\/spawlab.pl\\\/en\\\/produkt\\\/gys-neocut-105-a2-068186\\\/#primaryimage\"},\"image\":{\"@id\":\"https:\\\/\\\/spawlab.pl\\\/en\\\/produkt\\\/gys-neocut-105-a2-068186\\\/#primaryimage\"},\"thumbnailUrl\":\"https:\\\/\\\/spawlab.pl\\\/wp-content\\\/uploads\\\/2025\\\/05\\\/081093_PRO_QF.png\",\"datePublished\":\"2025-05-01T06:47:39+00:00\",\"description\":\"Complete set for advanced automated plasma cutting GYS set PLASMA NEOCUT 105 A2 (068186) with three-phase 400 V power supply, cutting current up to 105 A, automatic air management with CNC control capability, extensive CNC interface and advanced automatic torch AUTO FUEL A161 (6 m) included, dedicated to professional CNC systems.\",\"breadcrumb\":{\"@id\":\"https:\\\/\\\/spawlab.pl\\\/en\\\/produkt\\\/gys-neocut-105-a2-068186\\\/#breadcrumb\"},\"inLanguage\":\"en-US\",\"potentialAction\":[{\"@type\":\"ReadAction\",\"target\":[\"https:\\\/\\\/spawlab.pl\\\/en\\\/produkt\\\/gys-neocut-105-a2-068186\\\/\"]}]},{\"@type\":\"ImageObject\",\"inLanguage\":\"en-US\",\"@id\":\"https:\\\/\\\/spawlab.pl\\\/en\\\/produkt\\\/gys-neocut-105-a2-068186\\\/#primaryimage\",\"url\":\"https:\\\/\\\/spawlab.pl\\\/wp-content\\\/uploads\\\/2025\\\/05\\\/081093_PRO_QF.png\",\"contentUrl\":\"https:\\\/\\\/spawlab.pl\\\/wp-content\\\/uploads\\\/2025\\\/05\\\/081093_PRO_QF.png\",\"width\":1974,\"height\":2048},{\"@type\":\"BreadcrumbList\",\"@id\":\"https:\\\/\\\/spawlab.pl\\\/en\\\/produkt\\\/gys-neocut-105-a2-068186\\\/#breadcrumb\",\"itemListElement\":[{\"@type\":\"ListItem\",\"position\":1,\"name\":\"Strona g\u0142\u00f3wna\",\"item\":\"https:\\\/\\\/spawlab.pl\\\/en\\\/\"},{\"@type\":\"ListItem\",\"position\":2,\"name\":\"Store\",\"item\":\"https:\\\/\\\/spawlab.pl\\\/en\\\/shop\\\/\"},{\"@type\":\"ListItem\",\"position\":3,\"name\":\"GYS NEOCUT 105 A2 068186\"}]},{\"@type\":\"WebSite\",\"@id\":\"https:\\\/\\\/spawlab.pl\\\/en\\\/#website\",\"url\":\"https:\\\/\\\/spawlab.pl\\\/en\\\/\",\"name\":\"Spawlab.pl Lider - Spawarki, Przecinarki Plazmowe, Kompresory\",\"description\":\"Urz\u0105dzenia spawalnicze i Przecinarki plazmowe\\\/ nowe i u\u017cywane \\\/ Profesjonalny serwis\",\"publisher\":{\"@id\":\"https:\\\/\\\/spawlab.pl\\\/en\\\/#organization\"},\"alternateName\":\"Spawlab.pl - Dystrybutor Premium i Serwis na Polske Migatronic, Gys, Voestalpine Bohler Welding\",\"potentialAction\":[{\"@type\":\"SearchAction\",\"target\":{\"@type\":\"EntryPoint\",\"urlTemplate\":\"https:\\\/\\\/spawlab.pl\\\/en\\\/?s={search_term_string}\"},\"query-input\":{\"@type\":\"PropertyValueSpecification\",\"valueRequired\":true,\"valueName\":\"search_term_string\"}}],\"inLanguage\":\"en-US\"},{\"@type\":[\"Organization\",\"Place\"],\"@id\":\"https:\\\/\\\/spawlab.pl\\\/en\\\/#organization\",\"name\":\"Spawlab.pl\",\"url\":\"https:\\\/\\\/spawlab.pl\\\/en\\\/\",\"logo\":{\"@id\":\"https:\\\/\\\/spawlab.pl\\\/en\\\/produkt\\\/gys-neocut-105-a2-068186\\\/#local-main-organization-logo\"},\"image\":{\"@id\":\"https:\\\/\\\/spawlab.pl\\\/en\\\/produkt\\\/gys-neocut-105-a2-068186\\\/#local-main-organization-logo\"},\"sameAs\":[\"https:\\\/\\\/www.facebook.com\\\/Spawlab\\\/\",\"https:\\\/\\\/www.linkedin.com\\\/company\\\/spawlab\",\"https:\\\/\\\/www.instagram.com\\\/spawlab.pl\",\"https:\\\/\\\/www.tiktok.com\\\/@spawlab\"],\"description\":\"Lider sprzeda\u017cy, Oficjalny Dystrybutor Premium i Serwis na Polsk\u0119 Migatronic, Gys, Voestalpine Bohler Welding. Nowe i u\u017cywane Spawarki, Przecinarki Plazmowe, Kompresory. Mgr in\u017c. Jaros\u0142aw Ko\u0142aski, IWE\",\"hasMerchantReturnPolicy\":{\"@type\":\"MerchantReturnPolicy\",\"merchantReturnLink\":\"https:\\\/\\\/spawlab.pl\\\/polityka-prywatnosci-2\\\/\"},\"telephone\":[],\"openingHoursSpecification\":[{\"@type\":\"OpeningHoursSpecification\",\"dayOfWeek\":[\"Monday\",\"Tuesday\",\"Wednesday\",\"Thursday\",\"Friday\",\"Saturday\",\"Sunday\"],\"opens\":\"09:00\",\"closes\":\"17:00\"}]},{\"@type\":\"ImageObject\",\"inLanguage\":\"en-US\",\"@id\":\"https:\\\/\\\/spawlab.pl\\\/en\\\/produkt\\\/gys-neocut-105-a2-068186\\\/#local-main-organization-logo\",\"url\":\"https:\\\/\\\/spawlab.pl\\\/wp-content\\\/uploads\\\/2022\\\/01\\\/olx.jpg\",\"contentUrl\":\"https:\\\/\\\/spawlab.pl\\\/wp-content\\\/uploads\\\/2022\\\/01\\\/olx.jpg\",\"width\":200,\"height\":200,\"caption\":\"Spawlab.pl\"}]}<\/script>\n<meta property=\"product:price:amount\" content=\"32470.76\" \/>\n<meta property=\"product:price:currency\" content=\"PLN\" \/>\n<meta property=\"og:availability\" content=\"backorder\" \/>\n<meta property=\"product:availability\" content=\"available for order\" \/>\n<meta property=\"product:retailer_item_id\" content=\"68186\" \/>\n<meta property=\"product:condition\" content=\"new\" \/>\n<!-- \/ Yoast SEO Premium plugin. -->","yoast_head_json":{"title":"GYS NEOCUT 105 A2 068186","description":"Complete set for advanced automated plasma cutting GYS set PLASMA NEOCUT 105 A2 (068186) with three-phase 400 V power supply, cutting current up to 105 A, automatic air management with CNC control capability, extensive CNC interface and advanced automatic torch AUTO FUEL A161 (6 m) included, dedicated to professional CNC systems.","robots":{"index":"index","follow":"follow","max-snippet":"max-snippet:-1","max-image-preview":"max-image-preview:large","max-video-preview":"max-video-preview:-1"},"canonical":"https:\/\/spawlab.pl\/en\/produkt\/gys-neocut-105-a2-068186\/","og_locale":"en_US","og_type":"article","og_title":"GYS NEOCUT 105 A2 068186","og_description":"Lider sprzeda\u017cy, Oficjalny Dystrybutor Premium i Serwis na Polsk\u0119 Migatronic, Gys, Voestalpine Bohler Welding. Nowe i u\u017cywane Spawarki, Przecinarki Plazmowe, Kompresory. Mgr in\u017c. Jaros\u0142aw Ko\u0142aski, IWE","og_url":"https:\/\/spawlab.pl\/en\/produkt\/gys-neocut-105-a2-068186\/","og_site_name":"SpawLab - Welding equipment and plasma cutters - store and service","article_publisher":"https:\/\/www.facebook.com\/Spawlab\/","og_image":[{"width":987,"height":1024,"url":"https:\/\/spawlab.pl\/wp-content\/uploads\/2025\/05\/081093_PRO_QF-987x1024.png","type":"image\/png"}],"twitter_misc":{"Price":"32 470,76&nbsp;&#122;&#322; (26 398,99&nbsp;&#122;&#322; netto)","Availability":"On backorder"},"schema":{"@context":"https:\/\/schema.org","@graph":[{"@type":["WebPage","ItemPage"],"@id":"https:\/\/spawlab.pl\/en\/produkt\/gys-neocut-105-a2-068186\/","url":"https:\/\/spawlab.pl\/en\/produkt\/gys-neocut-105-a2-068186\/","name":"GYS NEOCUT 105 A2 068186","isPartOf":{"@id":"https:\/\/spawlab.pl\/en\/#website"},"primaryImageOfPage":{"@id":"https:\/\/spawlab.pl\/en\/produkt\/gys-neocut-105-a2-068186\/#primaryimage"},"image":{"@id":"https:\/\/spawlab.pl\/en\/produkt\/gys-neocut-105-a2-068186\/#primaryimage"},"thumbnailUrl":"https:\/\/spawlab.pl\/wp-content\/uploads\/2025\/05\/081093_PRO_QF.png","datePublished":"2025-05-01T06:47:39+00:00","description":"Complete set for advanced automated plasma cutting GYS set PLASMA NEOCUT 105 A2 (068186) with three-phase 400 V power supply, cutting current up to 105 A, automatic air management with CNC control capability, extensive CNC interface and advanced automatic torch AUTO FUEL A161 (6 m) included, dedicated to professional CNC systems.","breadcrumb":{"@id":"https:\/\/spawlab.pl\/en\/produkt\/gys-neocut-105-a2-068186\/#breadcrumb"},"inLanguage":"en-US","potentialAction":[{"@type":"ReadAction","target":["https:\/\/spawlab.pl\/en\/produkt\/gys-neocut-105-a2-068186\/"]}]},{"@type":"ImageObject","inLanguage":"en-US","@id":"https:\/\/spawlab.pl\/en\/produkt\/gys-neocut-105-a2-068186\/#primaryimage","url":"https:\/\/spawlab.pl\/wp-content\/uploads\/2025\/05\/081093_PRO_QF.png","contentUrl":"https:\/\/spawlab.pl\/wp-content\/uploads\/2025\/05\/081093_PRO_QF.png","width":1974,"height":2048},{"@type":"BreadcrumbList","@id":"https:\/\/spawlab.pl\/en\/produkt\/gys-neocut-105-a2-068186\/#breadcrumb","itemListElement":[{"@type":"ListItem","position":1,"name":"Strona g\u0142\u00f3wna","item":"https:\/\/spawlab.pl\/en\/"},{"@type":"ListItem","position":2,"name":"Store","item":"https:\/\/spawlab.pl\/en\/shop\/"},{"@type":"ListItem","position":3,"name":"GYS NEOCUT 105 A2 068186"}]},{"@type":"WebSite","@id":"https:\/\/spawlab.pl\/en\/#website","url":"https:\/\/spawlab.pl\/en\/","name":"Spawlab.pl Lider - Spawarki, Przecinarki Plazmowe, Kompresory","description":"Urz\u0105dzenia spawalnicze i Przecinarki plazmowe\/ nowe i u\u017cywane \/ Profesjonalny serwis","publisher":{"@id":"https:\/\/spawlab.pl\/en\/#organization"},"alternateName":"Spawlab.pl - Dystrybutor Premium i Serwis na Polske Migatronic, Gys, Voestalpine Bohler Welding","potentialAction":[{"@type":"SearchAction","target":{"@type":"EntryPoint","urlTemplate":"https:\/\/spawlab.pl\/en\/?s={search_term_string}"},"query-input":{"@type":"PropertyValueSpecification","valueRequired":true,"valueName":"search_term_string"}}],"inLanguage":"en-US"},{"@type":["Organization","Place"],"@id":"https:\/\/spawlab.pl\/en\/#organization","name":"Spawlab.pl","url":"https:\/\/spawlab.pl\/en\/","logo":{"@id":"https:\/\/spawlab.pl\/en\/produkt\/gys-neocut-105-a2-068186\/#local-main-organization-logo"},"image":{"@id":"https:\/\/spawlab.pl\/en\/produkt\/gys-neocut-105-a2-068186\/#local-main-organization-logo"},"sameAs":["https:\/\/www.facebook.com\/Spawlab\/","https:\/\/www.linkedin.com\/company\/spawlab","https:\/\/www.instagram.com\/spawlab.pl","https:\/\/www.tiktok.com\/@spawlab"],"description":"Lider sprzeda\u017cy, Oficjalny Dystrybutor Premium i Serwis na Polsk\u0119 Migatronic, Gys, Voestalpine Bohler Welding. Nowe i u\u017cywane Spawarki, Przecinarki Plazmowe, Kompresory. Mgr in\u017c. Jaros\u0142aw Ko\u0142aski, IWE","hasMerchantReturnPolicy":{"@type":"MerchantReturnPolicy","merchantReturnLink":"https:\/\/spawlab.pl\/polityka-prywatnosci-2\/"},"telephone":[],"openingHoursSpecification":[{"@type":"OpeningHoursSpecification","dayOfWeek":["Monday","Tuesday","Wednesday","Thursday","Friday","Saturday","Sunday"],"opens":"09:00","closes":"17:00"}]},{"@type":"ImageObject","inLanguage":"en-US","@id":"https:\/\/spawlab.pl\/en\/produkt\/gys-neocut-105-a2-068186\/#local-main-organization-logo","url":"https:\/\/spawlab.pl\/wp-content\/uploads\/2022\/01\/olx.jpg","contentUrl":"https:\/\/spawlab.pl\/wp-content\/uploads\/2022\/01\/olx.jpg","width":200,"height":200,"caption":"Spawlab.pl"}]},"product_price_amount":"32470.76","product_price_currency":"PLN","og_availability":"backorder","product_availability":"available for order","product_retailer_item_id":"68186","product_condition":"new"},"_links":{"self":[{"href":"https:\/\/spawlab.pl\/en\/wp-json\/wp\/v2\/product\/37754","targetHints":{"allow":["GET"]}}],"collection":[{"href":"https:\/\/spawlab.pl\/en\/wp-json\/wp\/v2\/product"}],"about":[{"href":"https:\/\/spawlab.pl\/en\/wp-json\/wp\/v2\/types\/product"}],"wp:featuredmedia":[{"embeddable":true,"href":"https:\/\/spawlab.pl\/en\/wp-json\/wp\/v2\/media\/32210"}],"wp:attachment":[{"href":"https:\/\/spawlab.pl\/en\/wp-json\/wp\/v2\/media?parent=37754"}],"wp:term":[{"taxonomy":"product_brand","embeddable":true,"href":"https:\/\/spawlab.pl\/en\/wp-json\/wp\/v2\/product_brand?post=37754"},{"taxonomy":"product_cat","embeddable":true,"href":"https:\/\/spawlab.pl\/en\/wp-json\/wp\/v2\/product_cat?post=37754"},{"taxonomy":"product_tag","embeddable":true,"href":"https:\/\/spawlab.pl\/en\/wp-json\/wp\/v2\/product_tag?post=37754"}],"curies":[{"name":"wp","href":"https:\/\/api.w.org\/{rel}","templated":true}]}}