{"id":38818,"date":"2025-06-08T10:40:03","date_gmt":"2025-06-08T08:40:03","guid":{"rendered":"https:\/\/spawlab.pl\/produkt\/megmeet-artsen-ii-pm500f-s000000001\/"},"modified":"2025-06-08T10:40:03","modified_gmt":"2025-06-08T08:40:03","slug":"megmeet-artsen-ii-pm500f-s000000001","status":"publish","type":"product","link":"https:\/\/spawlab.pl\/en\/produkt\/megmeet-artsen-ii-pm500f-s000000001\/","title":{"rendered":"MEGMEET Artsen II PM500F S000000001"},"content":{"rendered":"<div class=\"custom-product-section distributor-info\">\n<p>We are <strong>the official distributor of the MEGMET brand<\/strong>. By choosing us, you gain confidence in <strong>the originality of the product<\/strong>, access to <strong>professional advice<\/strong> and comprehensive <strong>service<\/strong> and warranty <strong>support<\/strong>. <\/p>\n<\/div>\n<div class=\"custom-product-section product-intro\">\n<h2 class=\"product-section-title main-product-title\">Megmeet Artsen II PM500 F MIG\/MAG Liquid-Cooled Welding Kit &#8211; Professional Performance for Industry. ??<\/h2>\n<div class=\"description-content product-marketing-description\">\n<p>Megmeet&#8217;s Artsen II PM500 F (Water-cooled Package) professional welding kit is a comprehensive solution for intensive MIG\/MAG welding work, especially when welding carbon steels. At the heart of the kit is the digitally advanced Artsen II PM500 F current source, offering a welding current of 500A in a 60% duty cycle, which, combined with the powerful AnyCool 100 cooler, guarantees stability and continuous operation even in demanding industrial conditions. <\/p>\n<p>Based on the heavy-duty proven Artsen II series from 2014, the PM500 F uses digital inverter technology controlled by a microprocessor, providing precise control of welding parameters. The unit offers synergistic MIG\/MAG\/CO2 process control, as well as pulse and double-pulse MIG\/MAG welding, which is key to achieving high-quality welds with minimal spatter, especially when welding steel. The set is characterized by stable welding even with a slow wire outlet of up to 30 mm and high tolerance to input voltage fluctuations (\u00b125%).  <\/p>\n<p>The complete kit is designed for maximum performance and comfort. It includes the WF 2-50ZT precision wire feeder with Euro-connector, suitable for 1.0\/1.2mm wires, heavy-duty liquid-cooled connection wires with a length of 5m and a cross-section of 70mm\u00b2, a ground cable and a practical cart with space for a gas cylinder. In addition, the kit is equipped with an Up\/Down handle connector, allowing remote adjustment of welding parameters directly from the handle.  <\/p>\n<p>The Artsen II PM series comes standard with a front panel locking function and parameter range, as well as the ability to store up to 50 individual welding programs (JOB). The Megmeet Artsen II PM500 F is a guarantee of reliability, precision and high quality welding, backed by the advanced technologies of the Megmeet brand, known for its innovative power electronics solutions. ??\ufe0f  <\/p>\n<\/div>\n<\/div>\n<h3 class=\"custom-product-heading advanced-features-heading\">Explore the Advanced Capabilities of the Artsen II PM500 F (Water-cooled Package)<\/h3>\n<div class=\"custom-accordion advanced-features-accordion\">\n<details class=\"custom-accordion-item\">\n<summary class=\"custom-subtitle accordion-title\">\u2699\ufe0f Synergic Pulsed MAG Welding of Carbon Steels.<\/summary>\n<div class=\"accordion-content\">\n<p>The Megmeet Artsen II PM500 F offers advanced synergistic control of the MAG pulse welding process, dedicated specifically to carbon steels. After selecting the type and diameter of wire and shielding gas, the machine automatically selects the optimal pulse parameters. This allows the welder to precisely control the amount of heat input, which is crucial when welding thin sheets and materials sensitive to distortion. The result is a smooth weld face, excellent fusion and minimized spatter, reducing the need for post-treatment.   <\/p>\n<\/div>\n<\/details>\n<details class=\"custom-accordion-item\">\n<summary class=\"custom-subtitle accordion-title\">? AnyCool 100 Integrated Liquid Cooling System<\/summary>\n<div class=\"accordion-content\">\n<p>The kit is equipped with a dedicated AnyCool 100 cooling unit and liquid-cooled connection cables (5m, 70mm\u00b2). This system effectively dissipates heat from the welding chuck when working with high currents (up to 500A) and in long duty cycles. This not only ensures the comfort of the welder, but most importantly protects the handle from overheating, significantly extending its service life and ensuring the stability of welding parameters even during the most intensive tasks.  <\/p>\n<\/div>\n<\/details>\n<details class=\"custom-accordion-item\">\n<summary class=\"custom-subtitle accordion-title\">? Advanced Process Control and JOB Memory.<\/summary>\n<div class=\"accordion-content\">\n<p>The digital control panel with microprocessor allows precise adjustment of all key welding parameters. The \u201cConstant Penetration\u201d function automatically adjusts the wire feed speed according to the length of the free outlet, guaranteeing a constant penetration depth. The ability to save up to 50 welding programs (JOB) allows quick switching between optimized settings for different tasks, which is invaluable for batch production and repetitive operations, ensuring consistency and high quality welds.  <\/p>\n<\/div>\n<\/details>\n<details class=\"custom-accordion-item\">\n<summary class=\"custom-subtitle accordion-title\">\u2b06\ufe0f\u2b07\ufe0f Remote Parameter Control from the Handle (Up\/Down Torch)<\/summary>\n<div class=\"accordion-content\">\n<p>The kit includes a connector for an Up\/Down welding chuck. After connecting a suitable handle (available separately), the welder gains the ability to infinitely adjust welding current (wire feed speed) and voltage (arc length adjustment) directly from the handle. This eliminates the need to stop work and go to the current source to change the settings, which significantly increases efficiency, precision and comfort, especially when welding large structures or in hard-to-reach areas.  <\/p>\n<\/div>\n<\/details>\n<\/div>\n<div class=\"custom-product-section product-specs\">\n<h3 class=\"custom-product-heading specs-heading\">Technical Specifications<\/h3>\n<table class=\"specs-table\">\n<thead>\n<tr>\n<th>Parameter<\/th>\n<th>Value<\/th>\n<\/tr>\n<\/thead>\n<tbody>\n<tr>\n<td>Control mode<\/td>\n<td>Fully digital control<\/td>\n<\/tr>\n<tr>\n<td>Rated input voltage<\/td>\n<td>AC 3PH 380V -25% ~ 400V +20% (3PH 285V ~ 3PH 475V)<\/td>\n<\/tr>\n<tr>\n<td>Input frequency<\/td>\n<td>30 ~ 80 Hz<\/td>\n<\/tr>\n<tr>\n<td>Rated input power<\/td>\n<td>24KVA \/ 22.3KW<\/td>\n<\/tr>\n<tr>\n<td>Power factor<\/td>\n<td>0,93<\/td>\n<\/tr>\n<tr>\n<td>Efficiency<\/td>\n<td>87%<\/td>\n<\/tr>\n<tr>\n<td>Rated idle voltage (OCV)<\/td>\n<td>73.3V<\/td>\n<\/tr>\n<tr>\n<td>Maximum output current<\/td>\n<td>500A<\/td>\n<\/tr>\n<tr>\n<td>Rated output voltage (for 500A)<\/td>\n<td>39V<\/td>\n<\/tr>\n<tr>\n<td>Duty cycle (40\u2103 \/ 10 min)<\/td>\n<td>500A \/ 39V @ 60%; 387A \/ 33.5V @ 100%<\/td>\n<\/tr>\n<tr>\n<td>Wire diameter<\/td>\n<td>\u03c6 0.8 \/ 0.9 \/ 1.0 \/ 1.2 \/ 1.6 mm<\/td>\n<\/tr>\n<tr>\n<td>Welding modes<\/td>\n<td>2T \/ 4T \/ Special 4T \/ Spot welding \/ Intermittent welding<\/td>\n<\/tr>\n<tr>\n<td>Electromagnetic compatibility<\/td>\n<td>EN 60974-10: 2014<\/td>\n<\/tr>\n<tr>\n<td>Lightning protection<\/td>\n<td>Class D (6000V\/3000A)<\/td>\n<\/tr>\n<tr>\n<td>Insulation class<\/td>\n<td>H<\/td>\n<\/tr>\n<tr>\n<td>IP degree of protection<\/td>\n<td>IP23 S<\/td>\n<\/tr>\n<tr>\n<td>Operating Temperature \/ Humidity<\/td>\n<td>-39\u2103 ~ +40\u2103<\/td>\n<\/tr>\n<tr>\n<td>Dimensions of the source (L\/W\/H)<\/td>\n<td>620 x 300 x 480 mm<\/td>\n<\/tr>\n<tr>\n<td>Gross weight of the source<\/td>\n<td>52 kg<\/td>\n<\/tr>\n<\/tbody>\n<\/table>\n<\/div>\n<div class=\"custom-product-section product-features\">\n<h3 class=\"custom-product-heading features-heading\">Key Features and Benefits<\/h3>\n<ul class=\"custom-product-list features-list\">\n<li>? **Complete Liquid Cooling System:** The integrated AnyCool 100 cooler and liquid-cooled connection hoses provide optimal working conditions for high-current and long-cycle welding, protecting the fixture and increasing its life.<\/li>\n<li>\u2699\ufe0f ** Synergistic Pulsed MIG\/MAG Control for Steel:** The device offers advanced synergistic programs and pulse and double-pulse welding (for PM models), which simplifies parameter setting and guarantees excellent weld quality, minimal spatter and better weld pool control when welding carbon steels.<\/li>\n<li>? **High Duty Cycle 500A @ 60%:** Provides the ability for continuous, heavy-duty industrial work, ideal for welding thick materials and completing demanding projects.<\/li>\n<li>? **Welding Program Memory (JOB):** The ability to store up to 50 individual welding programs (parameter channels) allows you to quickly recall optimal settings for repetitive tasks, greatly increasing production efficiency and repeatability.<\/li>\n<li>\u2b06\ufe0f\u2b07\ufe0f **Welding Handle with Up\/Down Control:** The included connector allows you to connect a specialized welding handle that allows you to remotely adjust the welding current and voltage without taking your hands off the work, increasing comfort and precision.<\/li>\n<li>\u26a1 ** Constant Penetration Technology:** Ensures stable fusion regardless of changes in the length of the free wire exit, which is key to achieving high-quality and repeatable welds, especially in automated processes.<\/li>\n<li>?\ufe0f **Sturdy and Mobile Design:** A rolling cart makes it easy to transport the kit on the jobsite, and metal wire feeder construction ensures durability. Long connection wires increase working range. <\/li>\n<\/ul>\n<\/div>\n<div class=\"custom-product-section product-application\">\n<h3 class=\"custom-product-heading application-heading\">Product Application<\/h3>\n<ul class=\"custom-product-list application-list\">\n<li>? Manufacturing of heavy steel structures and machinery.<\/li>\n<li>? Shipbuilding, offshore and rolling stock production.<\/li>\n<li>?\ufe0f Manufacturing pressure vessels and pipelines.<\/li>\n<li>? Energy and industrial construction.<\/li>\n<li>? Reconditioning and repair of large size steel components.<\/li>\n<\/ul>\n<\/div>\n<div class=\"custom-product-section product-set-contents\">\n<h3 class=\"custom-product-heading set-contents-heading\">Contents of the Kit<\/h3>\n<ul class=\"custom-product-list set-contents-list\">\n<li>Power Source Artsen II PM500 F (500A\/60% @ 40<br \/>\n\u00b0C) (Cat. No.: R06020232)<\/li>\n<li>Manual Wire-feeder (WF 2-50ZT, Euro connector,V 1.0\/1.2mm) (Cat. No.: R13400891)<\/li>\n<li>Wheels for wire-feeder (4 pcs) (Cat. No.: R29140283)<\/li>\n<li>Up\/Down torch connector (Cat. No.: R30042413)<\/li>\n<li>Water-cooled Inter-connection cable (5m*70mm2<br \/>\nwith rubber sleeve) Manual (Cat. No.: E000000023)<\/li>\n<li>Ground cable with Copper Clamp (5m*70mm2); (Cat. No.: E000000041)<\/li>\n<li>Convenience Trolley (Handle \/ hook for cables \/ space for gas cylinder) (Cat. No.: R13401653)<\/li>\n<li>Cooling Unit: AnyCool 100 series (Cat. No.: R11200288)<\/li>\n<\/ul>\n<\/div>\n<div class=\"custom-product-section product-summary conclusion\">\n<h3 class=\"custom-product-heading summary-heading\">Summary: Artsen II PM500 F (Water-cooled Package) &#8211; Your Investment.<\/h3>\n<div class=\"summary-content\">\n<p>The Megmeet Artsen II PM500 F (Water-cooled Package) is a powerful, reliable and complete solution for professionals who expect the highest quality MIG\/MAG welding of steel, especially in harsh industrial environments. Advanced synergy, pulse and powerful liquid cooling guarantee precision and efficiency. Choose Megmeet for uncompromising performance! ??   <\/p>\n<\/div>\n<\/div>\n<div class=\"custom-product-section product-codes-info\">\n<p><strong>Catalog Number (SKU):<\/strong> S000000001<\/p>\n<\/div>\n","protected":false},"excerpt":{"rendered":"<p>Megmeet Artsen II PM500F MIG\/MAG 500A professional liquid-cooled welding set. Synergy, pulse, JOB memory, ideal for welding steel. ?<\/p>\n","protected":false},"featured_media":36704,"template":"","meta":{"inline_featured_image":false},"product_brand":[5953],"product_cat":[511,8752,512,474],"product_tag":[5453,8818,3663,8766,3522,3509,5912,3600,8712,8813],"class_list":{"0":"post-38818","1":"product","2":"type-product","3":"status-publish","4":"has-post-thumbnail","6":"product_brand-megmeet","7":"product_cat-liquid-cooled-en-7","8":"product_cat-megmeet-en","9":"product_cat-mig-mag-en-2","10":"product_cat-new","11":"product_tag-500a-en","12":"product_tag-artsen-ii-pm500f-en","13":"product_tag-liquid-cooling","14":"product_tag-megmeet-en","15":"product_tag-mig-mag-welder","16":"product_tag-pulse-welding-en","17":"product_tag-welding-kit","18":"product_tag-welding-of-steel","19":"product_tag-welding-synergy","20":"product_tag-wire-feeder-wf-2-50zt","22":"first","23":"onbackorder","24":"taxable","25":"shipping-taxable","26":"purchasable","27":"product-type-simple"},"yoast_head":"<!-- This site is optimized with the Yoast SEO Premium plugin v27.5 (Yoast SEO v27.6) - https:\/\/yoast.com\/product\/yoast-seo-premium-wordpress\/ -->\n<title>Megmeet Artsen II PM500F MIG\/MAG 500A Pulse Refrigerated Kit S000000001MEGMEET Artsen II PM500F S000000001<\/title>\n<meta name=\"description\" content=\"Megmeet Artsen II PM500F 500A MIG\/MAG professional set with pulse and cooling. High performance for welding steel. Check out the offer!\" \/>\n<meta name=\"robots\" content=\"index, follow, max-snippet:-1, max-image-preview:large, max-video-preview:-1\" \/>\n<link rel=\"canonical\" href=\"https:\/\/spawlab.pl\/en\/produkt\/megmeet-artsen-ii-pm500f-s000000001\/\" \/>\n<meta property=\"og:locale\" content=\"en_US\" \/>\n<meta property=\"og:type\" content=\"article\" \/>\n<meta property=\"og:title\" content=\"MEGMEET Artsen II PM500F S000000001\" \/>\n<meta property=\"og:description\" content=\"Lider sprzeda\u017cy, Oficjalny Dystrybutor Premium i Serwis na Polsk\u0119 Migatronic, Gys, Voestalpine Bohler Welding. Nowe i u\u017cywane Spawarki, Przecinarki Plazmowe, Kompresory. Mgr in\u017c. Jaros\u0142aw Ko\u0142aski, IWE\" \/>\n<meta property=\"og:url\" content=\"https:\/\/spawlab.pl\/en\/produkt\/megmeet-artsen-ii-pm500f-s000000001\/\" \/>\n<meta property=\"og:site_name\" content=\"SpawLab - Welding equipment and plasma cutters - store and service\" \/>\n<meta property=\"article:publisher\" content=\"https:\/\/www.facebook.com\/Spawlab\/\" \/>\n<meta property=\"og:image\" content=\"https:\/\/spawlab.pl\/wp-content\/uploads\/2025\/05\/250213911.jpg\" \/>\n\t<meta property=\"og:image:width\" content=\"432\" \/>\n\t<meta property=\"og:image:height\" content=\"768\" \/>\n\t<meta property=\"og:image:type\" content=\"image\/jpeg\" \/>\n<meta name=\"twitter:label1\" content=\"Price\" \/>\n\t<meta name=\"twitter:data1\" content=\"28 475,98&nbsp;&#122;&#322; (23 151,20&nbsp;&#122;&#322; netto)\" \/>\n\t<meta name=\"twitter:label2\" content=\"Availability\" \/>\n\t<meta name=\"twitter:data2\" content=\"On backorder\" \/>\n<script type=\"application\/ld+json\" class=\"yoast-schema-graph\">{\"@context\":\"https:\\\/\\\/schema.org\",\"@graph\":[{\"@type\":[\"WebPage\",\"ItemPage\"],\"@id\":\"https:\\\/\\\/spawlab.pl\\\/en\\\/produkt\\\/megmeet-artsen-ii-pm500f-s000000001\\\/\",\"url\":\"https:\\\/\\\/spawlab.pl\\\/en\\\/produkt\\\/megmeet-artsen-ii-pm500f-s000000001\\\/\",\"name\":\"Megmeet Artsen II PM500F MIG\\\/MAG 500A Pulse Refrigerated Kit S000000001MEGMEET Artsen II PM500F S000000001\",\"isPartOf\":{\"@id\":\"https:\\\/\\\/spawlab.pl\\\/en\\\/#website\"},\"primaryImageOfPage\":{\"@id\":\"https:\\\/\\\/spawlab.pl\\\/en\\\/produkt\\\/megmeet-artsen-ii-pm500f-s000000001\\\/#primaryimage\"},\"image\":{\"@id\":\"https:\\\/\\\/spawlab.pl\\\/en\\\/produkt\\\/megmeet-artsen-ii-pm500f-s000000001\\\/#primaryimage\"},\"thumbnailUrl\":\"https:\\\/\\\/spawlab.pl\\\/wp-content\\\/uploads\\\/2025\\\/05\\\/250213911.jpg\",\"datePublished\":\"2025-06-08T08:40:03+00:00\",\"description\":\"Megmeet Artsen II PM500F 500A MIG\\\/MAG professional set with pulse and cooling. High performance for welding steel. Check out the offer!\",\"breadcrumb\":{\"@id\":\"https:\\\/\\\/spawlab.pl\\\/en\\\/produkt\\\/megmeet-artsen-ii-pm500f-s000000001\\\/#breadcrumb\"},\"inLanguage\":\"en-US\",\"potentialAction\":[{\"@type\":\"ReadAction\",\"target\":[\"https:\\\/\\\/spawlab.pl\\\/en\\\/produkt\\\/megmeet-artsen-ii-pm500f-s000000001\\\/\"]}]},{\"@type\":\"ImageObject\",\"inLanguage\":\"en-US\",\"@id\":\"https:\\\/\\\/spawlab.pl\\\/en\\\/produkt\\\/megmeet-artsen-ii-pm500f-s000000001\\\/#primaryimage\",\"url\":\"https:\\\/\\\/spawlab.pl\\\/wp-content\\\/uploads\\\/2025\\\/05\\\/250213911.jpg\",\"contentUrl\":\"https:\\\/\\\/spawlab.pl\\\/wp-content\\\/uploads\\\/2025\\\/05\\\/250213911.jpg\",\"width\":432,\"height\":768},{\"@type\":\"BreadcrumbList\",\"@id\":\"https:\\\/\\\/spawlab.pl\\\/en\\\/produkt\\\/megmeet-artsen-ii-pm500f-s000000001\\\/#breadcrumb\",\"itemListElement\":[{\"@type\":\"ListItem\",\"position\":1,\"name\":\"Strona g\u0142\u00f3wna\",\"item\":\"https:\\\/\\\/spawlab.pl\\\/en\\\/\"},{\"@type\":\"ListItem\",\"position\":2,\"name\":\"Store\",\"item\":\"https:\\\/\\\/spawlab.pl\\\/en\\\/shop\\\/\"},{\"@type\":\"ListItem\",\"position\":3,\"name\":\"MEGMEET Artsen II PM500F S000000001\"}]},{\"@type\":\"WebSite\",\"@id\":\"https:\\\/\\\/spawlab.pl\\\/en\\\/#website\",\"url\":\"https:\\\/\\\/spawlab.pl\\\/en\\\/\",\"name\":\"Spawlab.pl Lider - Spawarki, Przecinarki Plazmowe, Kompresory\",\"description\":\"Urz\u0105dzenia spawalnicze i Przecinarki plazmowe\\\/ nowe i u\u017cywane \\\/ Profesjonalny serwis\",\"publisher\":{\"@id\":\"https:\\\/\\\/spawlab.pl\\\/en\\\/#organization\"},\"alternateName\":\"Spawlab.pl - Dystrybutor Premium i Serwis na Polske Migatronic, Gys, Voestalpine Bohler Welding\",\"potentialAction\":[{\"@type\":\"SearchAction\",\"target\":{\"@type\":\"EntryPoint\",\"urlTemplate\":\"https:\\\/\\\/spawlab.pl\\\/en\\\/?s={search_term_string}\"},\"query-input\":{\"@type\":\"PropertyValueSpecification\",\"valueRequired\":true,\"valueName\":\"search_term_string\"}}],\"inLanguage\":\"en-US\"},{\"@type\":[\"Organization\",\"Place\"],\"@id\":\"https:\\\/\\\/spawlab.pl\\\/en\\\/#organization\",\"name\":\"Spawlab.pl\",\"url\":\"https:\\\/\\\/spawlab.pl\\\/en\\\/\",\"logo\":{\"@id\":\"https:\\\/\\\/spawlab.pl\\\/en\\\/produkt\\\/megmeet-artsen-ii-pm500f-s000000001\\\/#local-main-organization-logo\"},\"image\":{\"@id\":\"https:\\\/\\\/spawlab.pl\\\/en\\\/produkt\\\/megmeet-artsen-ii-pm500f-s000000001\\\/#local-main-organization-logo\"},\"sameAs\":[\"https:\\\/\\\/www.facebook.com\\\/Spawlab\\\/\",\"https:\\\/\\\/www.linkedin.com\\\/company\\\/spawlab\",\"https:\\\/\\\/www.instagram.com\\\/spawlab.pl\",\"https:\\\/\\\/www.tiktok.com\\\/@spawlab\"],\"description\":\"Lider sprzeda\u017cy, Oficjalny Dystrybutor Premium i Serwis na Polsk\u0119 Migatronic, Gys, Voestalpine Bohler Welding. Nowe i u\u017cywane Spawarki, Przecinarki Plazmowe, Kompresory. Mgr in\u017c. Jaros\u0142aw Ko\u0142aski, IWE\",\"hasMerchantReturnPolicy\":{\"@type\":\"MerchantReturnPolicy\",\"merchantReturnLink\":\"https:\\\/\\\/spawlab.pl\\\/polityka-prywatnosci-2\\\/\"},\"telephone\":[],\"openingHoursSpecification\":[{\"@type\":\"OpeningHoursSpecification\",\"dayOfWeek\":[\"Monday\",\"Tuesday\",\"Wednesday\",\"Thursday\",\"Friday\",\"Saturday\",\"Sunday\"],\"opens\":\"09:00\",\"closes\":\"17:00\"}]},{\"@type\":\"ImageObject\",\"inLanguage\":\"en-US\",\"@id\":\"https:\\\/\\\/spawlab.pl\\\/en\\\/produkt\\\/megmeet-artsen-ii-pm500f-s000000001\\\/#local-main-organization-logo\",\"url\":\"https:\\\/\\\/spawlab.pl\\\/wp-content\\\/uploads\\\/2022\\\/01\\\/olx.jpg\",\"contentUrl\":\"https:\\\/\\\/spawlab.pl\\\/wp-content\\\/uploads\\\/2022\\\/01\\\/olx.jpg\",\"width\":200,\"height\":200,\"caption\":\"Spawlab.pl\"}]}<\/script>\n<meta property=\"product:brand\" content=\"Megmeet Welding\" \/>\n<meta property=\"product:price:amount\" content=\"28475.98\" \/>\n<meta property=\"product:price:currency\" content=\"PLN\" \/>\n<meta property=\"og:availability\" content=\"backorder\" \/>\n<meta property=\"product:availability\" content=\"available for order\" \/>\n<meta property=\"product:retailer_item_id\" content=\"S000000001\" \/>\n<meta property=\"product:condition\" content=\"new\" \/>\n<!-- \/ Yoast SEO Premium plugin. -->","yoast_head_json":{"title":"Megmeet Artsen II PM500F MIG\/MAG 500A Pulse Refrigerated Kit S000000001MEGMEET Artsen II PM500F S000000001","description":"Megmeet Artsen II PM500F 500A MIG\/MAG professional set with pulse and cooling. High performance for welding steel. Check out the offer!","robots":{"index":"index","follow":"follow","max-snippet":"max-snippet:-1","max-image-preview":"max-image-preview:large","max-video-preview":"max-video-preview:-1"},"canonical":"https:\/\/spawlab.pl\/en\/produkt\/megmeet-artsen-ii-pm500f-s000000001\/","og_locale":"en_US","og_type":"article","og_title":"MEGMEET Artsen II PM500F S000000001","og_description":"Lider sprzeda\u017cy, Oficjalny Dystrybutor Premium i Serwis na Polsk\u0119 Migatronic, Gys, Voestalpine Bohler Welding. Nowe i u\u017cywane Spawarki, Przecinarki Plazmowe, Kompresory. Mgr in\u017c. Jaros\u0142aw Ko\u0142aski, IWE","og_url":"https:\/\/spawlab.pl\/en\/produkt\/megmeet-artsen-ii-pm500f-s000000001\/","og_site_name":"SpawLab - Welding equipment and plasma cutters - store and service","article_publisher":"https:\/\/www.facebook.com\/Spawlab\/","og_image":[{"width":432,"height":768,"url":"https:\/\/spawlab.pl\/wp-content\/uploads\/2025\/05\/250213911.jpg","type":"image\/jpeg"}],"twitter_misc":{"Price":"28 475,98&nbsp;&#122;&#322; (23 151,20&nbsp;&#122;&#322; netto)","Availability":"On backorder"},"schema":{"@context":"https:\/\/schema.org","@graph":[{"@type":["WebPage","ItemPage"],"@id":"https:\/\/spawlab.pl\/en\/produkt\/megmeet-artsen-ii-pm500f-s000000001\/","url":"https:\/\/spawlab.pl\/en\/produkt\/megmeet-artsen-ii-pm500f-s000000001\/","name":"Megmeet Artsen II PM500F MIG\/MAG 500A Pulse Refrigerated Kit S000000001MEGMEET Artsen II PM500F S000000001","isPartOf":{"@id":"https:\/\/spawlab.pl\/en\/#website"},"primaryImageOfPage":{"@id":"https:\/\/spawlab.pl\/en\/produkt\/megmeet-artsen-ii-pm500f-s000000001\/#primaryimage"},"image":{"@id":"https:\/\/spawlab.pl\/en\/produkt\/megmeet-artsen-ii-pm500f-s000000001\/#primaryimage"},"thumbnailUrl":"https:\/\/spawlab.pl\/wp-content\/uploads\/2025\/05\/250213911.jpg","datePublished":"2025-06-08T08:40:03+00:00","description":"Megmeet Artsen II PM500F 500A MIG\/MAG professional set with pulse and cooling. High performance for welding steel. Check out the offer!","breadcrumb":{"@id":"https:\/\/spawlab.pl\/en\/produkt\/megmeet-artsen-ii-pm500f-s000000001\/#breadcrumb"},"inLanguage":"en-US","potentialAction":[{"@type":"ReadAction","target":["https:\/\/spawlab.pl\/en\/produkt\/megmeet-artsen-ii-pm500f-s000000001\/"]}]},{"@type":"ImageObject","inLanguage":"en-US","@id":"https:\/\/spawlab.pl\/en\/produkt\/megmeet-artsen-ii-pm500f-s000000001\/#primaryimage","url":"https:\/\/spawlab.pl\/wp-content\/uploads\/2025\/05\/250213911.jpg","contentUrl":"https:\/\/spawlab.pl\/wp-content\/uploads\/2025\/05\/250213911.jpg","width":432,"height":768},{"@type":"BreadcrumbList","@id":"https:\/\/spawlab.pl\/en\/produkt\/megmeet-artsen-ii-pm500f-s000000001\/#breadcrumb","itemListElement":[{"@type":"ListItem","position":1,"name":"Strona g\u0142\u00f3wna","item":"https:\/\/spawlab.pl\/en\/"},{"@type":"ListItem","position":2,"name":"Store","item":"https:\/\/spawlab.pl\/en\/shop\/"},{"@type":"ListItem","position":3,"name":"MEGMEET Artsen II PM500F S000000001"}]},{"@type":"WebSite","@id":"https:\/\/spawlab.pl\/en\/#website","url":"https:\/\/spawlab.pl\/en\/","name":"Spawlab.pl Lider - Spawarki, Przecinarki Plazmowe, Kompresory","description":"Urz\u0105dzenia spawalnicze i Przecinarki plazmowe\/ nowe i u\u017cywane \/ Profesjonalny serwis","publisher":{"@id":"https:\/\/spawlab.pl\/en\/#organization"},"alternateName":"Spawlab.pl - Dystrybutor Premium i Serwis na Polske Migatronic, Gys, Voestalpine Bohler Welding","potentialAction":[{"@type":"SearchAction","target":{"@type":"EntryPoint","urlTemplate":"https:\/\/spawlab.pl\/en\/?s={search_term_string}"},"query-input":{"@type":"PropertyValueSpecification","valueRequired":true,"valueName":"search_term_string"}}],"inLanguage":"en-US"},{"@type":["Organization","Place"],"@id":"https:\/\/spawlab.pl\/en\/#organization","name":"Spawlab.pl","url":"https:\/\/spawlab.pl\/en\/","logo":{"@id":"https:\/\/spawlab.pl\/en\/produkt\/megmeet-artsen-ii-pm500f-s000000001\/#local-main-organization-logo"},"image":{"@id":"https:\/\/spawlab.pl\/en\/produkt\/megmeet-artsen-ii-pm500f-s000000001\/#local-main-organization-logo"},"sameAs":["https:\/\/www.facebook.com\/Spawlab\/","https:\/\/www.linkedin.com\/company\/spawlab","https:\/\/www.instagram.com\/spawlab.pl","https:\/\/www.tiktok.com\/@spawlab"],"description":"Lider sprzeda\u017cy, Oficjalny Dystrybutor Premium i Serwis na Polsk\u0119 Migatronic, Gys, Voestalpine Bohler Welding. Nowe i u\u017cywane Spawarki, Przecinarki Plazmowe, Kompresory. Mgr in\u017c. Jaros\u0142aw Ko\u0142aski, IWE","hasMerchantReturnPolicy":{"@type":"MerchantReturnPolicy","merchantReturnLink":"https:\/\/spawlab.pl\/polityka-prywatnosci-2\/"},"telephone":[],"openingHoursSpecification":[{"@type":"OpeningHoursSpecification","dayOfWeek":["Monday","Tuesday","Wednesday","Thursday","Friday","Saturday","Sunday"],"opens":"09:00","closes":"17:00"}]},{"@type":"ImageObject","inLanguage":"en-US","@id":"https:\/\/spawlab.pl\/en\/produkt\/megmeet-artsen-ii-pm500f-s000000001\/#local-main-organization-logo","url":"https:\/\/spawlab.pl\/wp-content\/uploads\/2022\/01\/olx.jpg","contentUrl":"https:\/\/spawlab.pl\/wp-content\/uploads\/2022\/01\/olx.jpg","width":200,"height":200,"caption":"Spawlab.pl"}]},"product_brand":"Megmeet Welding","product_price_amount":"28475.98","product_price_currency":"PLN","og_availability":"backorder","product_availability":"available for order","product_retailer_item_id":"S000000001","product_condition":"new"},"_links":{"self":[{"href":"https:\/\/spawlab.pl\/en\/wp-json\/wp\/v2\/product\/38818","targetHints":{"allow":["GET"]}}],"collection":[{"href":"https:\/\/spawlab.pl\/en\/wp-json\/wp\/v2\/product"}],"about":[{"href":"https:\/\/spawlab.pl\/en\/wp-json\/wp\/v2\/types\/product"}],"wp:featuredmedia":[{"embeddable":true,"href":"https:\/\/spawlab.pl\/en\/wp-json\/wp\/v2\/media\/36704"}],"wp:attachment":[{"href":"https:\/\/spawlab.pl\/en\/wp-json\/wp\/v2\/media?parent=38818"}],"wp:term":[{"taxonomy":"product_brand","embeddable":true,"href":"https:\/\/spawlab.pl\/en\/wp-json\/wp\/v2\/product_brand?post=38818"},{"taxonomy":"product_cat","embeddable":true,"href":"https:\/\/spawlab.pl\/en\/wp-json\/wp\/v2\/product_cat?post=38818"},{"taxonomy":"product_tag","embeddable":true,"href":"https:\/\/spawlab.pl\/en\/wp-json\/wp\/v2\/product_tag?post=38818"}],"curies":[{"name":"wp","href":"https:\/\/api.w.org\/{rel}","templated":true}]}}